{"id":13850,"date":"2023-09-25T10:42:36","date_gmt":"2023-09-25T10:42:36","guid":{"rendered":"https:\/\/natussensory.com\/sensory\/neoblue-compact\/"},"modified":"2025-10-22T13:55:16","modified_gmt":"2025-10-22T13:55:16","slug":"neoblue-compact","status":"publish","type":"page","link":"https:\/\/natussensory.com\/it\/prodotti\/neoblue-compact\/","title":{"rendered":"neoBLUE\u00ae compact &#8211; Sistema di fototerapia"},"content":{"rendered":"","protected":false},"excerpt":{"rendered":"","protected":false},"author":4,"featured_media":0,"parent":12497,"menu_order":0,"comment_status":"closed","ping_status":"closed","template":"templates\/page-sensory-solutions-product-landing.php","meta":{"_acf_changed":false,"inline_featured_image":false,"footnotes":""},"categories":[334],"tags":[],"class_list":["post-13850","page","type-page","status-publish","hentry","category-fototerapia"],"acf":{"content_blocks":[{"acf_fc_layout":"spacer","_acfe_flexible_toggle":"","spacer":{"module_options":{"":null,"module_id":"n65153ad2c2c5c","module_class":"","module_background_type":"color","module_background_color":"#473089","module_background_image":false,"module_background_video":"","activate_custom_padding":false,"padding_top_desktop":"0","padding_top_tablet":"0","padding_top_mobile":"0","padding_bottom_desktop":"0","padding_bottom_tablet":"0","padding_bottom_mobile":"0","activate_custom_margin":false,"margin_top_desktop":"0","margin_top_tablet":"0","margin_top_mobile":"0","margin_bottom_desktop":"0","margin_bottom_tablet":"0","margin_bottom_mobile":"0","disable_on":[],"content_alignment_desktop":"left","content_alignment_tablet":"left","content_alignment_mobile":"left"},"height":"160"}},{"acf_fc_layout":"intro_with_sticky_image","_acfe_flexible_toggle":"","left_content_right_image_sticky":{"module_options":{"":null,"module_id":"n65153ad2ca988","module_class":"","module_background_type":"color","module_background_color":"","module_background_image":false,"module_background_video":"","activate_custom_padding":false,"padding_top_desktop":"0","padding_top_tablet":"0","padding_top_mobile":"0","padding_bottom_desktop":"0","padding_bottom_tablet":"0","padding_bottom_mobile":"0","activate_custom_margin":false,"margin_top_desktop":"0","margin_top_tablet":"0","margin_top_mobile":"0","margin_bottom_desktop":"0","margin_bottom_tablet":"0","margin_bottom_mobile":"0","disable_on":[],"content_alignment_desktop":"left","content_alignment_tablet":"left","content_alignment_mobile":"left"},"":null,"title":"Sistema compatto per fototerapia a LED neoBLUE<sup>\u00ae<\/sup> per la cura dell'ittero neonatale","subheader":"<p>Il sistema compatto per la fototerapia a LED neoBLUE<sup>\u00ae<\/sup>\u00a0fornisce la corretta illuminazione.\u00a0Il sistema dal design elegante pu\u00f2\u00a0essere utilizzato in modo indipendente\u00a0o collegato direttamente all&#8217;apposito braccio e stativo, le dimensioni di questo sistema forniscono la copertura di superficie necessaria quando si espone la cute di un neonato durante il trattamento a LED.<\/p>\n<p>Selezionate la funzione adeguata al neonato. Il medico pu\u00f2 scegliere tra la luce blu per il trattamento e la luce bianca per l&#8217;esame. Quando necessario, \u00e8 possibile spostare l&#8217;apparecchiatura anche durante il trattamento. Due impostazioni dell&#8217;intensit\u00e0 si adattano alle diverse esigenze di trattamento con la semplice pressione di un pulsante. Monitorate il numero di ore del singolo trattamento tramite il timer incorporato nel dispositivo.<\/p>\n","icons":false,"quick_navigation":[{"quick_link":{"type":"url","value":"#contact","url":"#contact","name":"#contact","title":"richiedi un preventivo","target":""}},{"quick_link":{"type":"url","value":"#info","url":"#info","name":"#info","title":"Saperne di pi\u00f9","target":""}}],"description":"","message_label":" ","message_title":"Cercate un servizio di assistenza o supporto tecnico per i prodotti?","message_link":{"type":"post","value":"883","url":"https:\/\/natussensory.com\/support\/","name":"Service &#038; Support","title":"Servizio e Assistenza ","target":""},"right_sticky_image":{"ID":6907,"id":6907,"title":"neoBLUE-compact_product thumbnail","filename":"neoBLUE-compact_product-thumbnail.png","filesize":110560,"url":"https:\/\/natussensory.com\/wp-content\/uploads\/neoBLUE-compact_product-thumbnail.png","link":"https:\/\/natussensory.com\/it\/prodotti\/neoblue-compact\/neoblue-compact_product-thumbnail-2\/","alt":"neoBLUE System device providing intensive blue LED phototherapy for neonatal jaundice treatment with versatile phototherapy configurations","author":"4","description":"","caption":"","name":"neoblue-compact_product-thumbnail-2","status":"inherit","uploaded_to":13850,"date":"2023-09-25 10:39:03","modified":"2025-05-20 14:39:56","menu_order":0,"mime_type":"image\/png","type":"image","subtype":"png","icon":"https:\/\/natussensory.com\/wp-includes\/images\/media\/default.png","width":500,"height":311,"sizes":{"thumbnail":"https:\/\/natussensory.com\/wp-content\/uploads\/neoBLUE-compact_product-thumbnail.png","thumbnail-width":128,"thumbnail-height":80,"medium":"https:\/\/natussensory.com\/wp-content\/uploads\/neoBLUE-compact_product-thumbnail.png","medium-width":500,"medium-height":311,"medium_large":"https:\/\/natussensory.com\/wp-content\/uploads\/neoBLUE-compact_product-thumbnail.png","medium_large-width":500,"medium_large-height":311,"large":"https:\/\/natussensory.com\/wp-content\/uploads\/neoBLUE-compact_product-thumbnail.png","large-width":500,"large-height":311,"1536x1536":"https:\/\/natussensory.com\/wp-content\/uploads\/neoBLUE-compact_product-thumbnail.png","1536x1536-width":500,"1536x1536-height":311,"2048x2048":"https:\/\/natussensory.com\/wp-content\/uploads\/neoBLUE-compact_product-thumbnail.png","2048x2048-width":500,"2048x2048-height":311}}}},{"acf_fc_layout":"product_details_right_image_and_left_content","_acfe_flexible_toggle":"","right_image_left_content_single_cta_landing":{"module_options":{"":null,"module_id":"n65153ad2d5e6e","module_class":"","module_background_type":"color","module_background_color":"","module_background_image":false,"module_background_video":"","activate_custom_padding":false,"padding_top_desktop":"0","padding_top_tablet":"0","padding_top_mobile":"0","padding_bottom_desktop":"0","padding_bottom_tablet":"0","padding_bottom_mobile":"0","activate_custom_margin":false,"margin_top_desktop":"0","margin_top_tablet":"0","margin_top_mobile":"0","margin_bottom_desktop":"0","margin_bottom_tablet":"0","margin_bottom_mobile":"0","disable_on":[],"content_alignment_desktop":"left","content_alignment_tablet":"left","content_alignment_mobile":"left"},"":null,"label":"","title":"Progettato pensando alla famiglia ","description":"<p><b>Design sicuro<\/b><\/p>\n<p>La sicurezza ha sempre la priorit\u00e0 nella cura dei neonati.\u00a0Il sistema per fototerapia a LED neoBLUE assicura una fototerapia intensiva ma sicura con un rischio ridotto di danni cutanei e disidratazione.<\/p>\n<p>&nbsp;<\/p>\n<p><strong>Design flessibile<\/strong><\/p>\n<p>Diverse configurazioni a seconda del tipo di esame. Questa soluzione compatta \u00e8 efficiente e funzionale.<\/p>\n<p>&nbsp;<\/p>\n<p><b>Design intelligente<\/b><\/p>\n<p>I giunti di rotazione del braccio e lo snodo consentono di regolare l&#8217;altezza e l&#8217;inclinazione della lampada secondo le diverse esigienze. Gli utilizzatori possono collegarlo e rimuoverlo con facilit\u00e0. Utile con neonati in culla, su lettino aperto o tavoli di rianimazione.<\/p>\n","link":null,"image":{"ID":6912,"id":6912,"title":"neoBLUE-compact_product_spot","filename":"neoBLUE-compact_product_spot.jpg","filesize":237285,"url":"https:\/\/natussensory.com\/wp-content\/uploads\/neoBLUE-compact_product_spot.jpg","link":"https:\/\/natussensory.com\/it\/prodotti\/neoblue-compact\/neoblue-compact_product_spot-2\/","alt":"Infant receiving intensive blue LED phototherapy from the neoBLUE System for neonatal jaundice treatment with versatile phototherapy configurations.","author":"4","description":"","caption":"","name":"neoblue-compact_product_spot-2","status":"inherit","uploaded_to":13850,"date":"2023-09-25 10:39:57","modified":"2025-05-20 14:41:17","menu_order":0,"mime_type":"image\/jpeg","type":"image","subtype":"jpeg","icon":"https:\/\/natussensory.com\/wp-includes\/images\/media\/default.png","width":800,"height":450,"sizes":{"thumbnail":"https:\/\/natussensory.com\/wp-content\/uploads\/neoBLUE-compact_product_spot.jpg","thumbnail-width":128,"thumbnail-height":72,"medium":"https:\/\/natussensory.com\/wp-content\/uploads\/neoBLUE-compact_product_spot.jpg","medium-width":800,"medium-height":450,"medium_large":"https:\/\/natussensory.com\/wp-content\/uploads\/neoBLUE-compact_product_spot-768x432.jpg","medium_large-width":768,"medium_large-height":432,"large":"https:\/\/natussensory.com\/wp-content\/uploads\/neoBLUE-compact_product_spot.jpg","large-width":800,"large-height":450,"1536x1536":"https:\/\/natussensory.com\/wp-content\/uploads\/neoBLUE-compact_product_spot.jpg","1536x1536-width":800,"1536x1536-height":450,"2048x2048":"https:\/\/natussensory.com\/wp-content\/uploads\/neoBLUE-compact_product_spot.jpg","2048x2048-width":800,"2048x2048-height":450}}}},{"acf_fc_layout":"simple_content","_acfe_flexible_toggle":"","content_full_width_landing":{"module_options":{"":null,"module_id":"n65153ad2dd4f9","module_class":"","module_background_type":"color","module_background_color":"","module_background_image":false,"module_background_video":"","activate_custom_padding":false,"padding_top_desktop":"0","padding_top_tablet":"0","padding_top_mobile":"0","padding_bottom_desktop":"0","padding_bottom_tablet":"0","padding_bottom_mobile":"0","activate_custom_margin":false,"margin_top_desktop":"0","margin_top_tablet":"0","margin_top_mobile":"0","margin_bottom_desktop":"0","margin_bottom_tablet":"0","margin_bottom_mobile":"0","disable_on":[],"content_alignment_desktop":"left","content_alignment_tablet":"left","content_alignment_mobile":"left"},"activate_custom_container_width":false,"container_width":"","content":"<h4>Soddisfa le linee guida AAP per la fototerapia intensiva<sup>1<\/sup><\/h4>\n<p><strong>Intensit\u00e0:<\/strong>\u00a0Sono disponibili due impostazioni di intensit\u00e0 per la fototerapia standard (15 W\/cm\/nm) e intensiva(35 W\/cm\/nm)<\/p>\n<p><strong>Spettro:<\/strong>\u00a0il LED neoBLUE emette luce blu nello spettro 450-470 nm, che corrisponde alla lunghezza d&#8217;onda del picco di assorbimento (458 nm) a cui viene scomposta la bilirubina<sup>2<\/sup><\/p>\n<p><strong>Copertura area superficiale:\u00a0<\/strong>Espone un&#8217;ampia porzione della pelle del neonato al trattamento<\/p>\n"}},{"acf_fc_layout":"related_products","_acfe_flexible_layout_title":"Resources and Support","_acfe_flexible_toggle":"","tiles_3_columns_landing":{"module_options":{"":null,"module_id":"info","module_class":"","module_background_type":"color","module_background_color":"","module_background_image":false,"module_background_video":"","activate_custom_padding":false,"padding_top_desktop":"0","padding_top_tablet":"0","padding_top_mobile":"0","padding_bottom_desktop":"0","padding_bottom_tablet":"0","padding_bottom_mobile":"0","activate_custom_margin":false,"margin_top_desktop":"0","margin_top_tablet":"0","margin_top_mobile":"0","margin_bottom_desktop":"0","margin_bottom_tablet":"0","margin_bottom_mobile":"0","disable_on":[],"content_alignment_desktop":"left","content_alignment_tablet":"left","content_alignment_mobile":"left"},"intro_text":"Risorse e Supporto","intro_text_color":"","intro_link":null,"tiles":[{"label":"Risorse","label_background_color":"#154284","image":false,"title":"Opuscolo, Volantino, Scheda technica e altro ancora","link":{"type":"url","value":"https:\/\/natus.bynder.com\/web\/42b6b310d4b220bb\/resource-library-neoblue-compact\/","url":"https:\/\/natus.bynder.com\/web\/42b6b310d4b220bb\/resource-library-neoblue-compact\/","name":"https:\/\/natus.bynder.com\/web\/42b6b310d4b220bb\/resource-library-neoblue-compact\/","title":"neoBLUE Compact Risorse","target":"_blank"}},{"label":"Supporto","label_background_color":"#154284","image":false,"title":"Manuali e Guide (eIFUs)","link":{"type":"post","value":"883","url":"https:\/\/natussensory.com\/support\/","name":"Service &#038; Support","title":"Servizio e Assistenza","target":""}}]}},{"acf_fc_layout":"related_products","_acfe_flexible_toggle":"","tiles_3_columns_landing":{"module_options":{"":null,"module_id":"n6514140274759","module_class":"","module_background_type":"color","module_background_color":"","module_background_image":false,"module_background_video":"","activate_custom_padding":false,"padding_top_desktop":"0","padding_top_tablet":"0","padding_top_mobile":"0","padding_bottom_desktop":"0","padding_bottom_tablet":"0","padding_bottom_mobile":"0","activate_custom_margin":false,"margin_top_desktop":"0","margin_top_tablet":"0","margin_top_mobile":"0","margin_bottom_desktop":"0","margin_bottom_tablet":"0","margin_bottom_mobile":"0","disable_on":[],"content_alignment_desktop":"left","content_alignment_tablet":"left","content_alignment_mobile":"left"},"intro_text":"Prodotti Correlati","intro_text_color":"#005e63","intro_link":{"type":"post","value":"1518","url":"https:\/\/natussensory.com\/products\/","name":"Products","title":"Visualizza tutti i prodotti","target":""},"tiles":[{"label":"neoBLUE LED ","label_background_color":"#154284","image":{"ID":6973,"id":6973,"title":"neoBLUE-LED_linkspot","filename":"neoBLUE-LED_linkspot.jpg","filesize":133488,"url":"https:\/\/natussensory.com\/wp-content\/uploads\/neoBLUE-LED_linkspot.jpg","link":"https:\/\/natussensory.com\/it\/prodotti\/neoblue-radiometro\/neoblue-led_linkspot-2\/","alt":"neoBLUE-LED","author":"4","description":"","caption":"","name":"neoblue-led_linkspot-2","status":"inherit","uploaded_to":13877,"date":"2023-09-25 14:50:54","modified":"2025-08-06 14:46:06","menu_order":0,"mime_type":"image\/png","type":"image","subtype":"png","icon":"https:\/\/natussensory.com\/wp-includes\/images\/media\/default.png","width":600,"height":300,"sizes":{"thumbnail":"https:\/\/natussensory.com\/wp-content\/uploads\/neoBLUE-LED_linkspot.jpg","thumbnail-width":128,"thumbnail-height":64,"medium":"https:\/\/natussensory.com\/wp-content\/uploads\/neoBLUE-LED_linkspot.jpg","medium-width":600,"medium-height":300,"medium_large":"https:\/\/natussensory.com\/wp-content\/uploads\/neoBLUE-LED_linkspot.jpg","medium_large-width":600,"medium_large-height":300,"large":"https:\/\/natussensory.com\/wp-content\/uploads\/neoBLUE-LED_linkspot.jpg","large-width":600,"large-height":300,"1536x1536":"https:\/\/natussensory.com\/wp-content\/uploads\/neoBLUE-LED_linkspot.jpg","1536x1536-width":600,"1536x1536-height":300,"2048x2048":"https:\/\/natussensory.com\/wp-content\/uploads\/neoBLUE-LED_linkspot.jpg","2048x2048-width":600,"2048x2048-height":300}},"title":"Sistema per fototerapia a LED","link":{"type":"post","value":"6889","url":"https:\/\/natussensory.com\/products\/neoblue-led-phototherapy-system\/","name":"neoBLUE\u00ae LED Phototherapy System","title":"Scopri di Pi\u00f9","target":""}},{"label":"neoBLUE Blanket","label_background_color":"#154284","image":{"ID":6983,"id":6983,"title":"neoBLUE-blanket_linkspot","filename":"neoblue-blanket_linkspot.jpg","filesize":125125,"url":"https:\/\/natussensory.com\/wp-content\/uploads\/neoblue-blanket_linkspot.jpg","link":"https:\/\/natussensory.com\/it\/prodotti\/neoblue-radiometro\/neoblue-blanket_linkspot-2\/","alt":"neoblue-blanket","author":"4","description":"","caption":"","name":"neoblue-blanket_linkspot-2","status":"inherit","uploaded_to":13877,"date":"2023-09-25 14:50:58","modified":"2025-08-06 14:40:12","menu_order":0,"mime_type":"image\/png","type":"image","subtype":"png","icon":"https:\/\/natussensory.com\/wp-includes\/images\/media\/default.png","width":600,"height":300,"sizes":{"thumbnail":"https:\/\/natussensory.com\/wp-content\/uploads\/neoblue-blanket_linkspot.jpg","thumbnail-width":128,"thumbnail-height":64,"medium":"https:\/\/natussensory.com\/wp-content\/uploads\/neoblue-blanket_linkspot.jpg","medium-width":600,"medium-height":300,"medium_large":"https:\/\/natussensory.com\/wp-content\/uploads\/neoblue-blanket_linkspot.jpg","medium_large-width":600,"medium_large-height":300,"large":"https:\/\/natussensory.com\/wp-content\/uploads\/neoblue-blanket_linkspot.jpg","large-width":600,"large-height":300,"1536x1536":"https:\/\/natussensory.com\/wp-content\/uploads\/neoblue-blanket_linkspot.jpg","1536x1536-width":600,"1536x1536-height":300,"2048x2048":"https:\/\/natussensory.com\/wp-content\/uploads\/neoblue-blanket_linkspot.jpg","2048x2048-width":600,"2048x2048-height":300}},"title":"Offre la miglior assistenza ai neonati affetti da itterio sia in reparto che a casa","link":{"type":"post","value":"6928","url":"https:\/\/natussensory.com\/products\/neoblue-blanket\/","name":"neoBLUE\u00ae blanket &#8211; LED Phototherapy System","title":"Scopri di Pi\u00f9","target":""}},{"label":"neoBLUE Radiometer","label_background_color":"#154284","image":{"ID":9187,"id":9187,"title":"Radiometer_linkspot","filename":"Radiometer_linkspot.jpg","filesize":33230,"url":"https:\/\/natussensory.com\/wp-content\/uploads\/Radiometer_linkspot.jpg","link":"https:\/\/natussensory.com\/it\/prodotti\/sistema-per-fototerapia-a-led-neoblue\/radiometer_linkspot-2\/","alt":"Radiometer","author":"4","description":"","caption":"","name":"radiometer_linkspot-2","status":"inherit","uploaded_to":13846,"date":"2023-10-02 09:37:05","modified":"2025-08-06 14:49:45","menu_order":0,"mime_type":"image\/jpeg","type":"image","subtype":"jpeg","icon":"https:\/\/natussensory.com\/wp-includes\/images\/media\/default.png","width":600,"height":300,"sizes":{"thumbnail":"https:\/\/natussensory.com\/wp-content\/uploads\/Radiometer_linkspot.jpg","thumbnail-width":128,"thumbnail-height":64,"medium":"https:\/\/natussensory.com\/wp-content\/uploads\/Radiometer_linkspot.jpg","medium-width":600,"medium-height":300,"medium_large":"https:\/\/natussensory.com\/wp-content\/uploads\/Radiometer_linkspot.jpg","medium_large-width":600,"medium_large-height":300,"large":"https:\/\/natussensory.com\/wp-content\/uploads\/Radiometer_linkspot.jpg","large-width":600,"large-height":300,"1536x1536":"https:\/\/natussensory.com\/wp-content\/uploads\/Radiometer_linkspot.jpg","1536x1536-width":600,"1536x1536-height":300,"2048x2048":"https:\/\/natussensory.com\/wp-content\/uploads\/Radiometer_linkspot.jpg","2048x2048-width":600,"2048x2048-height":300}},"title":"Radiometer per la cura dell'ittero neonatale","link":{"type":"post","value":"6953","url":"https:\/\/natussensory.com\/products\/neoblue-radiometer-newborn-jaundice-treatment\/","name":"neoBLUE\u00ae &#8211; Radiometer &#8211; Jaundice Treatment","title":"Scopri di Pi\u00f9","target":""}}]}},{"acf_fc_layout":"contact_form","_acfe_flexible_toggle":"","contact_form_landing":{"module_options":{"":null,"module_id":"contact","module_class":"","module_background_type":"color","module_background_color":"","module_background_image":false,"module_background_video":"","activate_custom_padding":false,"padding_top_desktop":0,"padding_top_tablet":"","padding_top_mobile":"","padding_bottom_desktop":"","padding_bottom_tablet":"","padding_bottom_mobile":"","activate_custom_margin":false,"margin_top_desktop":"","margin_top_tablet":"","margin_top_mobile":"","margin_bottom_desktop":"","margin_bottom_tablet":"","margin_bottom_mobile":"","disable_on":[],"content_alignment_desktop":"left","content_alignment_tablet":"left","content_alignment_mobile":"left"},"":null,"activate_intro":false,"intro_text":"","intro_text_color":"","intro_link":null,"activate_description":true,"description_title":"Contattaci","description_copy":"","embed_code":"<script charset=\"utf-8\" type=\"text\/javascript\" src=\"\/\/js.hsforms.net\/forms\/embed\/v2.js\"><\/script>\r\n<script>\r\n  hbspt.forms.create({\r\n    region: \"na1\",\r\n    portalId: \"3002890\",\r\n    formId: \"e27b1d29-b8b8-44f7-adc2-7bd401055001\"\r\n  });\r\n<\/script>"}},{"acf_fc_layout":"simple_content","_acfe_flexible_layout_title":"Part number","_acfe_flexible_toggle":"","content_full_width_landing":{"module_options":{"":null,"module_id":"n65153ad357798","module_class":"","module_background_type":"color","module_background_color":"","module_background_image":false,"module_background_video":"","activate_custom_padding":false,"padding_top_desktop":0,"padding_top_tablet":"","padding_top_mobile":"","padding_bottom_desktop":"","padding_bottom_tablet":"","padding_bottom_mobile":"","activate_custom_margin":false,"margin_top_desktop":"","margin_top_tablet":"","margin_top_mobile":"","margin_bottom_desktop":"","margin_bottom_tablet":"","margin_bottom_mobile":"","disable_on":[],"content_alignment_desktop":"left","content_alignment_tablet":"left","content_alignment_mobile":"left"},"activate_custom_container_width":false,"container_width":"","content":"<p><span style=\"font-size: 11px;\">1: Vreman HJ, et al. Light-emitting diodes: a novel light source for phototherapy. Pediatric Research. 1998; 44(5):804-809<br \/>\n2: Subcommittee on Hyperbilirubinemia. American Academy of Pediatrics clinical practice guideline: Management of hyperbilirubinemia in the newborn infant 35 or more weeks of gestation. Pediatrics. 2004; 114(1):297-316.<\/span><\/p>\n<p>&nbsp;<\/p>\n<p><span style=\"font-size: 11px;\">034000 RevA<\/span><\/p>\n"}}]},"_links":{"self":[{"href":"https:\/\/natussensory.com\/it\/wp-json\/wp\/v2\/pages\/13850","targetHints":{"allow":["GET"]}}],"collection":[{"href":"https:\/\/natussensory.com\/it\/wp-json\/wp\/v2\/pages"}],"about":[{"href":"https:\/\/natussensory.com\/it\/wp-json\/wp\/v2\/types\/page"}],"author":[{"embeddable":true,"href":"https:\/\/natussensory.com\/it\/wp-json\/wp\/v2\/users\/4"}],"replies":[{"embeddable":true,"href":"https:\/\/natussensory.com\/it\/wp-json\/wp\/v2\/comments?post=13850"}],"version-history":[{"count":7,"href":"https:\/\/natussensory.com\/it\/wp-json\/wp\/v2\/pages\/13850\/revisions"}],"predecessor-version":[{"id":27709,"href":"https:\/\/natussensory.com\/it\/wp-json\/wp\/v2\/pages\/13850\/revisions\/27709"}],"up":[{"embeddable":true,"href":"https:\/\/natussensory.com\/it\/wp-json\/wp\/v2\/pages\/12497"}],"wp:attachment":[{"href":"https:\/\/natussensory.com\/it\/wp-json\/wp\/v2\/media?parent=13850"}],"wp:term":[{"taxonomy":"category","embeddable":true,"href":"https:\/\/natussensory.com\/it\/wp-json\/wp\/v2\/categories?post=13850"},{"taxonomy":"post_tag","embeddable":true,"href":"https:\/\/natussensory.com\/it\/wp-json\/wp\/v2\/tags?post=13850"}],"curies":[{"name":"wp","href":"https:\/\/api.w.org\/{rel}","templated":true}]}}