{"id":13836,"date":"2023-09-22T08:58:14","date_gmt":"2023-09-22T08:58:14","guid":{"rendered":"https:\/\/natussensory.com\/sensory\/datalink-for-retcam-envision\/"},"modified":"2025-10-23T09:22:18","modified_gmt":"2025-10-23T09:22:18","slug":"datalink-per-retcam-envision","status":"publish","type":"page","link":"https:\/\/natussensory.com\/it\/prodotti\/datalink-per-retcam-envision\/","title":{"rendered":"DataLink for RetCam\u00ae Envision &#8211; Retinografia Pediatrica Remota"},"content":{"rendered":"","protected":false},"excerpt":{"rendered":"","protected":false},"author":4,"featured_media":0,"parent":12497,"menu_order":0,"comment_status":"closed","ping_status":"closed","template":"templates\/page-sensory-solutions-product-landing.php","meta":{"_acf_changed":false,"inline_featured_image":false,"footnotes":""},"categories":[333],"tags":[],"class_list":["post-13836","page","type-page","status-publish","hentry","category-immagini-dell-occhio"],"acf":{"content_blocks":[{"acf_fc_layout":"spacer","_acfe_flexible_toggle":"","spacer":{"module_options":{"":null,"module_id":"n651532302a501","module_class":"","module_background_type":"color","module_background_color":"#473089","module_background_image":false,"module_background_video":"","activate_custom_padding":false,"padding_top_desktop":"0","padding_top_tablet":"0","padding_top_mobile":"0","padding_bottom_desktop":"0","padding_bottom_tablet":"0","padding_bottom_mobile":"0","activate_custom_margin":false,"margin_top_desktop":"0","margin_top_tablet":"0","margin_top_mobile":"0","margin_bottom_desktop":"0","margin_bottom_tablet":"0","margin_bottom_mobile":"0","disable_on":[],"content_alignment_desktop":"left","content_alignment_tablet":"left","content_alignment_mobile":"left"},"height":"160"}},{"acf_fc_layout":"intro_with_sticky_image","_acfe_flexible_toggle":"","left_content_right_image_sticky":{"module_options":{"":null,"module_id":"n6515323031f76","module_class":"","module_background_type":"color","module_background_color":"","module_background_image":false,"module_background_video":"","activate_custom_padding":false,"padding_top_desktop":"0","padding_top_tablet":"0","padding_top_mobile":"0","padding_bottom_desktop":"0","padding_bottom_tablet":"0","padding_bottom_mobile":"0","activate_custom_margin":false,"margin_top_desktop":"0","margin_top_tablet":"0","margin_top_mobile":"0","margin_bottom_desktop":"0","margin_bottom_tablet":"0","margin_bottom_mobile":"0","disable_on":[],"content_alignment_desktop":"left","content_alignment_tablet":"left","content_alignment_mobile":"left"},"":null,"title":"DataLink per RetCam<sup>\u00ae<\/sup> Envision con capacit\u00e0 di visualizzazione da remoto","subheader":"<h4>Strumento innovativo per integrazione uniforme<\/h4>\n<p>Presentazione di DataLink per RetCam Envision, una piattaforma su cloud che gestisce le immagini e i dati degli esami oculari in et\u00e0 pediatrica. DataLink abbinato a RetCam Envision offre la possibilit\u00e0 di visualizzare, interpretare a un livello avanzato, comunicare e creare dei report. Ottimizza il flusso di lavoro nella\u00a0struttura sanitaria con una soluzione centralizzata comoda e sicura.<\/p>\n<p>&nbsp;<\/p>\n<p><span style=\"font-size: 11px;\">Non disponibile in tutti i Paesi. Contattate il vostro referente Natus di zona per la disponibilit\u00e0.<\/span><\/p>\n","icons":false,"quick_navigation":[{"quick_link":{"type":"url","value":"#contact","url":"#contact","name":"#contact","title":"richiedi un preventivo","target":""}},{"quick_link":{"type":"url","value":"#info","url":"#info","name":"#info","title":"Saperne di pi\u00f9","target":""}}],"description":"","message_label":" ","message_title":"Cercate un servizio di assistenza o supporto tecnico per i prodotti?","message_link":{"type":"post","value":"883","url":"https:\/\/natussensory.com\/support\/","name":"Service &#038; Support","title":"Servizio e Assistenza ","target":""},"right_sticky_image":{"ID":6481,"id":6481,"title":"DataLink_product thumbnail","filename":"DataLink_product-thumbnail-1.png","filesize":138097,"url":"https:\/\/natussensory.com\/wp-content\/uploads\/DataLink_product-thumbnail-1.png","link":"https:\/\/natussensory.com\/it\/prodotti\/datalink-per-retcam-envision\/datalink_product-thumbnail-2\/","alt":"Retinal image and electronic medical record interface using Datalink for RetCam Envision, facilitating integrated eye screening documentation.","author":"4","description":"","caption":"","name":"datalink_product-thumbnail-2","status":"inherit","uploaded_to":13836,"date":"2023-09-22 09:25:06","modified":"2025-05-07 08:08:37","menu_order":0,"mime_type":"image\/png","type":"image","subtype":"png","icon":"https:\/\/natussensory.com\/wp-includes\/images\/media\/default.png","width":500,"height":354,"sizes":{"thumbnail":"https:\/\/natussensory.com\/wp-content\/uploads\/DataLink_product-thumbnail-1.png","thumbnail-width":128,"thumbnail-height":91,"medium":"https:\/\/natussensory.com\/wp-content\/uploads\/DataLink_product-thumbnail-1.png","medium-width":500,"medium-height":354,"medium_large":"https:\/\/natussensory.com\/wp-content\/uploads\/DataLink_product-thumbnail-1.png","medium_large-width":500,"medium_large-height":354,"large":"https:\/\/natussensory.com\/wp-content\/uploads\/DataLink_product-thumbnail-1.png","large-width":500,"large-height":354,"1536x1536":"https:\/\/natussensory.com\/wp-content\/uploads\/DataLink_product-thumbnail-1.png","1536x1536-width":500,"1536x1536-height":354,"2048x2048":"https:\/\/natussensory.com\/wp-content\/uploads\/DataLink_product-thumbnail-1.png","2048x2048-width":500,"2048x2048-height":354}}}},{"acf_fc_layout":"simple_content","_acfe_flexible_toggle":"","content_full_width_landing":{"module_options":{"":null,"module_id":"n651532303d50f","module_class":"","module_background_type":"color","module_background_color":"","module_background_image":false,"module_background_video":"","activate_custom_padding":false,"padding_top_desktop":"0","padding_top_tablet":"0","padding_top_mobile":"0","padding_bottom_desktop":"0","padding_bottom_tablet":"0","padding_bottom_mobile":"0","activate_custom_margin":false,"margin_top_desktop":"0","margin_top_tablet":"0","margin_top_mobile":"0","margin_bottom_desktop":"0","margin_bottom_tablet":"0","margin_bottom_mobile":"0","disable_on":[],"content_alignment_desktop":"left","content_alignment_tablet":"left","content_alignment_mobile":"left"},"activate_custom_container_width":false,"container_width":"","content":"<h2>La nuova generazione dell\u2019imaging oculare pediatrico: in rete!<\/h2>\n<p><img loading=\"lazy\" decoding=\"async\" class=\"aligncenter size-full wp-image-13839\" src=\"https:\/\/natussensory.com\/wp-content\/uploads\/DataLink_IT_banner.png\" alt=\"\" width=\"1300\" height=\"600\" srcset=\"https:\/\/natussensory.com\/wp-content\/uploads\/DataLink_IT_banner.png 1300w, https:\/\/natussensory.com\/wp-content\/uploads\/DataLink_IT_banner-768x354.png 768w\" sizes=\"auto, (max-width: 1300px) 100vw, 1300px\" \/><\/p>\n<p>&nbsp;<\/p>\n"}},{"acf_fc_layout":"product_details_right_image_and_left_content","_acfe_flexible_toggle":"","right_image_left_content_single_cta_landing":{"module_options":{"":null,"module_id":"n65153230444a4","module_class":"","module_background_type":"color","module_background_color":"","module_background_image":false,"module_background_video":"","activate_custom_padding":false,"padding_top_desktop":"0","padding_top_tablet":"0","padding_top_mobile":"0","padding_bottom_desktop":"0","padding_bottom_tablet":"0","padding_bottom_mobile":"0","activate_custom_margin":false,"margin_top_desktop":"0","margin_top_tablet":"0","margin_top_mobile":"0","margin_bottom_desktop":"0","margin_bottom_tablet":"0","margin_bottom_mobile":"0","disable_on":[],"content_alignment_desktop":"left","content_alignment_tablet":"left","content_alignment_mobile":"left"},"":null,"label":"","title":"Controllo avanzato da remoto quando \u00e8 meglio per te e il paziente","description":"<p>Sperimenta una piattaforma centralizzata basata sul web per accedere a dati del paziente per i quali il fattore tempo \u00e8 determinante e per commentare le immagini in tempo utile. Inserisci facilmente i risultati degli esami nell\u2019intuitivo template mentre i dati del report vengono condivisi con il sistema di cartelle cliniche elettroniche (EMR). Amplia il tuo raggio d\u2019azione all\u2019intero processo dell\u2019esame.<\/p>\n","link":null,"image":{"ID":6491,"id":6491,"title":"DataLink_clinicians_spot","filename":"DataLink_clinicians_spot2.jpg","filesize":282980,"url":"https:\/\/natussensory.com\/wp-content\/uploads\/DataLink_clinicians_spot2.jpg","link":"https:\/\/natussensory.com\/it\/prodotti\/datalink-per-retcam-envision\/datalink_clinicians_spot-2\/","alt":"Healthcare professional using DataLink for RetCam Envision on a clinical workstation while a doctor observes, showcasing digital workflow integration for ophthalmic imaging and reporting.","author":"4","description":"","caption":"","name":"datalink_clinicians_spot-2","status":"inherit","uploaded_to":13836,"date":"2023-09-22 09:26:01","modified":"2025-05-07 08:10:43","menu_order":0,"mime_type":"image\/png","type":"image","subtype":"png","icon":"https:\/\/natussensory.com\/wp-includes\/images\/media\/default.png","width":800,"height":450,"sizes":{"thumbnail":"https:\/\/natussensory.com\/wp-content\/uploads\/DataLink_clinicians_spot2.jpg","thumbnail-width":128,"thumbnail-height":72,"medium":"https:\/\/natussensory.com\/wp-content\/uploads\/DataLink_clinicians_spot2.jpg","medium-width":800,"medium-height":450,"medium_large":"https:\/\/natussensory.com\/wp-content\/uploads\/DataLink_clinicians_spot-768x432.png","medium_large-width":768,"medium_large-height":432,"large":"https:\/\/natussensory.com\/wp-content\/uploads\/DataLink_clinicians_spot2.jpg","large-width":800,"large-height":450,"1536x1536":"https:\/\/natussensory.com\/wp-content\/uploads\/DataLink_clinicians_spot2.jpg","1536x1536-width":800,"1536x1536-height":450,"2048x2048":"https:\/\/natussensory.com\/wp-content\/uploads\/DataLink_clinicians_spot2.jpg","2048x2048-width":800,"2048x2048-height":450}}}},{"acf_fc_layout":"product_details_left_image_and_right_content","_acfe_flexible_toggle":"","left_image_right_content_single_cta_landing":{"module_options":{"":null,"module_id":"n651532304d080","module_class":"","module_background_type":"color","module_background_color":"","module_background_image":false,"module_background_video":"","activate_custom_padding":false,"padding_top_desktop":"0","padding_top_tablet":"0","padding_top_mobile":"0","padding_bottom_desktop":"0","padding_bottom_tablet":"0","padding_bottom_mobile":"0","activate_custom_margin":false,"margin_top_desktop":"0","margin_top_tablet":"0","margin_top_mobile":"0","margin_bottom_desktop":"0","margin_bottom_tablet":"0","margin_bottom_mobile":"0","disable_on":[],"content_alignment_desktop":"left","content_alignment_tablet":"left","content_alignment_mobile":"left"},"image":{"ID":6274,"id":6274,"title":"Retcam-Envision_DataLink_spot","filename":"Retcam-Envision_DataLink_spot.jpg","filesize":150028,"url":"https:\/\/natussensory.com\/wp-content\/uploads\/Retcam-Envision_DataLink_spot.jpg","link":"https:\/\/natussensory.com\/it\/prodotti\/retcam-envision\/retcam-envision_datalink_spot-2\/","alt":"Physician using a laptop to review retinal imaging and screening data via DataLink and RetCam Envision, enabling cloud-based remote diagnostics and reporting.","author":"4","description":"","caption":"","name":"retcam-envision_datalink_spot-2","status":"inherit","uploaded_to":13826,"date":"2023-09-21 20:36:35","modified":"2025-05-22 13:23:56","menu_order":0,"mime_type":"image\/jpeg","type":"image","subtype":"jpeg","icon":"https:\/\/natussensory.com\/wp-includes\/images\/media\/default.png","width":800,"height":450,"sizes":{"thumbnail":"https:\/\/natussensory.com\/wp-content\/uploads\/Retcam-Envision_DataLink_spot.jpg","thumbnail-width":128,"thumbnail-height":72,"medium":"https:\/\/natussensory.com\/wp-content\/uploads\/Retcam-Envision_DataLink_spot.jpg","medium-width":800,"medium-height":450,"medium_large":"https:\/\/natussensory.com\/wp-content\/uploads\/Retcam-Envision_DataLink_spot-768x432.jpg","medium_large-width":768,"medium_large-height":432,"large":"https:\/\/natussensory.com\/wp-content\/uploads\/Retcam-Envision_DataLink_spot.jpg","large-width":800,"large-height":450,"1536x1536":"https:\/\/natussensory.com\/wp-content\/uploads\/Retcam-Envision_DataLink_spot.jpg","1536x1536-width":800,"1536x1536-height":450,"2048x2048":"https:\/\/natussensory.com\/wp-content\/uploads\/Retcam-Envision_DataLink_spot.jpg","2048x2048-width":800,"2048x2048-height":450}},"label":"","title":"Gestione integrata dei dati all\u2019interno della piattaforma Google Cloud","description":"<div class=\"field--item\">\n<div class=\"paragraph paragraph--type--grid paragraph--view-mode--default\">\n<div class=\"grid-bg no-bg-color\">\n<div class=\"container\">\n<div class=\"field field--name-field-grid-layout field--type-entity-reference-revisions field--label-hidden field--item\">\n<div class=\"paragraph paragraph--type--grid-two-columns paragraph--view-mode--default two-columns--left-right-equal\">\n<div class=\"paragraph paragraph--type--grid-column paragraph--view-mode--default\">\n<div class=\"column-inner\">\n<div class=\"field field--name-field-components field--type-entity-reference-revisions field--label-hidden field--items\">\n<div class=\"field--item\">\n<div class=\"paragraph paragraph--type--simple-content paragraph--view-mode--default\">\n<div class=\"container\">\n<div class=\"field field--name-field-content field--type-text-long field--label-hidden field--item\">\n<p>DataLink ti consente di monitorare in maniera sicura gli esami di imaging mentre \u00e8 in corso il processo di scansione. Le immagini acquisite sono trasferite, visualizzate e conservate in modo sicuro in un ambiente di lavoro digitale e completamente gestibile. Possibilit\u00e0 di report semplificati, selezione di viste personalizzate e recupero dei dati quando necessario. Sperimenta un\u2019integrazione uniforme e uno scambio di dati standardizzato.<\/p>\n<\/div>\n<\/div>\n<\/div>\n<\/div>\n<\/div>\n<\/div>\n<\/div>\n<\/div>\n<\/div>\n<\/div>\n<\/div>\n<\/div>\n<\/div>\n","link":null}},{"acf_fc_layout":"simple_content","_acfe_flexible_toggle":"","content_full_width_landing":{"module_options":{"":null,"module_id":"n6515323055bfb","module_class":"","module_background_type":"color","module_background_color":"","module_background_image":false,"module_background_video":"","activate_custom_padding":false,"padding_top_desktop":"0","padding_top_tablet":"0","padding_top_mobile":"0","padding_bottom_desktop":"0","padding_bottom_tablet":"0","padding_bottom_mobile":"0","activate_custom_margin":false,"margin_top_desktop":"0","margin_top_tablet":"0","margin_top_mobile":"0","margin_bottom_desktop":"0","margin_bottom_tablet":"0","margin_bottom_mobile":"0","disable_on":[],"content_alignment_desktop":"left","content_alignment_tablet":"left","content_alignment_mobile":"left"},"activate_custom_container_width":false,"container_width":"","content":"<h4>Gestisci i pazienti in tempo utile e in maniera efficace con un flusso di lavoro clinico ottimizzato<\/h4>\n<p>Integra la gestione dei dati e fornisce sofisticate capacit\u00e0 di visualizzazione da remoto in un unico posto senza la necessit\u00e0 di trasferire il paziente. L\u2019oculista ha la possibilit\u00e0 di accedere alle immagini per formulare valutazioni e commenti. Il tuo RetCam Envision ricever\u00e0 automaticamente le informazioni degli esami dalla modalit\u00e0 lista di lavoro creando un flusso di lavoro semplificato. Con DataLink \u00e8 facile trasformare il modo di comunicare durante l\u2019assistenza al paziente.<\/p>\n"}},{"acf_fc_layout":"related_products","_acfe_flexible_layout_title":"Resources and Support","_acfe_flexible_toggle":"","tiles_3_columns_landing":{"module_options":{"":null,"module_id":"info","module_class":"","module_background_type":"color","module_background_color":"","module_background_image":false,"module_background_video":"","activate_custom_padding":false,"padding_top_desktop":"0","padding_top_tablet":"0","padding_top_mobile":"0","padding_bottom_desktop":"0","padding_bottom_tablet":"0","padding_bottom_mobile":"0","activate_custom_margin":false,"margin_top_desktop":"0","margin_top_tablet":"0","margin_top_mobile":"0","margin_bottom_desktop":"0","margin_bottom_tablet":"0","margin_bottom_mobile":"0","disable_on":[],"content_alignment_desktop":"left","content_alignment_tablet":"left","content_alignment_mobile":"left"},"intro_text":"Risorse e Supporto","intro_text_color":"","intro_link":null,"tiles":[{"label":"Risorse","label_background_color":"#154284","image":false,"title":"Opuscolo, Volantino, Scheda technica e altro ancora","link":{"type":"url","value":"https:\/\/natus.bynder.com\/web\/38a8136fcd90493e\/resource-library-retcam-envision\/","url":"https:\/\/natus.bynder.com\/web\/38a8136fcd90493e\/resource-library-retcam-envision\/","name":"https:\/\/natus.bynder.com\/web\/38a8136fcd90493e\/resource-library-retcam-envision\/","title":"Retcam Risorse","target":"_blank"}},{"label":"Supporto","label_background_color":"#154284","image":false,"title":"Manuali e Guide (eIFUs)","link":{"type":"post","value":"883","url":"https:\/\/natussensory.com\/support\/","name":"Service &#038; Support","title":"Servizio e Assistenza","target":""}}]}},{"acf_fc_layout":"related_products","_acfe_flexible_toggle":"","tiles_3_columns_landing":{"module_options":{"":null,"module_id":"n651532306d5d4","module_class":"","module_background_type":"color","module_background_color":"","module_background_image":false,"module_background_video":"","activate_custom_padding":false,"padding_top_desktop":"0","padding_top_tablet":"0","padding_top_mobile":"0","padding_bottom_desktop":"0","padding_bottom_tablet":"0","padding_bottom_mobile":"0","activate_custom_margin":false,"margin_top_desktop":"0","margin_top_tablet":"0","margin_top_mobile":"0","margin_bottom_desktop":"0","margin_bottom_tablet":"0","margin_bottom_mobile":"0","disable_on":[],"content_alignment_desktop":"left","content_alignment_tablet":"left","content_alignment_mobile":"left"},"intro_text":"Prodotti Correlati","intro_text_color":"#005e63","intro_link":{"type":"post","value":"12497","url":"https:\/\/natussensory.com\/it\/prodotti\/","name":"Prodotti","title":"Visualizza tutti i prodotti","target":""},"tiles":[{"label":"","label_background_color":"","image":{"ID":6475,"id":6475,"title":"RetCam Envision_linkspot","filename":"RetCam-Envision_linkspot2.jpg","filesize":113519,"url":"https:\/\/natussensory.com\/wp-content\/uploads\/RetCam-Envision_linkspot2.jpg","link":"https:\/\/natussensory.com\/it\/prodotti\/datalink-per-retcam-envision\/retcam-envision_linkspot-2\/","alt":"","author":"4","description":"","caption":"","name":"retcam-envision_linkspot-2","status":"inherit","uploaded_to":13836,"date":"2023-09-22 08:55:27","modified":"2023-09-22 08:55:27","menu_order":0,"mime_type":"image\/jpeg","type":"image","subtype":"jpeg","icon":"https:\/\/natussensory.com\/wp-includes\/images\/media\/default.png","width":600,"height":300,"sizes":{"thumbnail":"https:\/\/natussensory.com\/wp-content\/uploads\/RetCam-Envision_linkspot2.jpg","thumbnail-width":128,"thumbnail-height":64,"medium":"https:\/\/natussensory.com\/wp-content\/uploads\/RetCam-Envision_linkspot2.jpg","medium-width":600,"medium-height":300,"medium_large":"https:\/\/natussensory.com\/wp-content\/uploads\/RetCam-Envision_linkspot2.jpg","medium_large-width":600,"medium_large-height":300,"large":"https:\/\/natussensory.com\/wp-content\/uploads\/RetCam-Envision_linkspot2.jpg","large-width":600,"large-height":300,"1536x1536":"https:\/\/natussensory.com\/wp-content\/uploads\/RetCam-Envision_linkspot2.jpg","1536x1536-width":600,"1536x1536-height":300,"2048x2048":"https:\/\/natussensory.com\/wp-content\/uploads\/RetCam-Envision_linkspot2.jpg","2048x2048-width":600,"2048x2048-height":300}},"title":"RetCam Envision\u2122 Sistema per imaging oftalmico","link":{"type":"post","value":"6257","url":"https:\/\/natussensory.com\/products\/retcam-envision\/","name":"RetCam\u00ae &#8211; Envision ophthalmic imaging system","title":" Scopri di Pi\u00f9","target":""}},{"label":"","label_background_color":"","image":false,"title":"Sei gi\u00e0 un utente DataLink per RetCam Envision? ","link":{"type":"url","value":"https:\/\/natus.ambrahealth.com\/","url":"https:\/\/natus.ambrahealth.com\/","name":"https:\/\/natus.ambrahealth.com\/","title":"Clicca qui per effettuare il lo\u2026","target":"_blank"}}]}},{"acf_fc_layout":"contact_form","_acfe_flexible_toggle":"","contact_form_landing":{"module_options":{"":null,"module_id":"contact","module_class":"","module_background_type":"color","module_background_color":"","module_background_image":false,"module_background_video":"","activate_custom_padding":false,"padding_top_desktop":"0","padding_top_tablet":"0","padding_top_mobile":"0","padding_bottom_desktop":"0","padding_bottom_tablet":"0","padding_bottom_mobile":"0","activate_custom_margin":false,"margin_top_desktop":"0","margin_top_tablet":"0","margin_top_mobile":"0","margin_bottom_desktop":"0","margin_bottom_tablet":"0","margin_bottom_mobile":"0","disable_on":[],"content_alignment_desktop":"left","content_alignment_tablet":"left","content_alignment_mobile":"left"},"":null,"activate_intro":false,"intro_text":"","intro_text_color":"","intro_link":null,"activate_description":true,"description_title":"Contattaci","description_copy":"","embed_code":"<script charset=\"utf-8\" type=\"text\/javascript\" src=\"\/\/js.hsforms.net\/forms\/embed\/v2.js\"><\/script>\r\n<script>\r\n  hbspt.forms.create({\r\n    region: \"na1\",\r\n    portalId: \"3002890\",\r\n    formId: \"e27b1d29-b8b8-44f7-adc2-7bd401055001\"\r\n  });\r\n<\/script>"}},{"acf_fc_layout":"simple_content","_acfe_flexible_layout_title":"Part Number","_acfe_flexible_toggle":"","content_full_width_landing":{"module_options":{"":null,"module_id":"n6515323081d9b","module_class":"","module_background_type":"color","module_background_color":"","module_background_image":false,"module_background_video":"","activate_custom_padding":false,"padding_top_desktop":"0","padding_top_tablet":"0","padding_top_mobile":"0","padding_bottom_desktop":"0","padding_bottom_tablet":"0","padding_bottom_mobile":"0","activate_custom_margin":false,"margin_top_desktop":"0","margin_top_tablet":"0","margin_top_mobile":"0","margin_bottom_desktop":"0","margin_bottom_tablet":"0","margin_bottom_mobile":"0","disable_on":[],"content_alignment_desktop":"left","content_alignment_tablet":"left","content_alignment_mobile":"left"},"activate_custom_container_width":false,"container_width":"","content":"<p><span style=\"font-size: 11px;\">036871 RevA<\/span><\/p>\n"}}]},"_links":{"self":[{"href":"https:\/\/natussensory.com\/it\/wp-json\/wp\/v2\/pages\/13836","targetHints":{"allow":["GET"]}}],"collection":[{"href":"https:\/\/natussensory.com\/it\/wp-json\/wp\/v2\/pages"}],"about":[{"href":"https:\/\/natussensory.com\/it\/wp-json\/wp\/v2\/types\/page"}],"author":[{"embeddable":true,"href":"https:\/\/natussensory.com\/it\/wp-json\/wp\/v2\/users\/4"}],"replies":[{"embeddable":true,"href":"https:\/\/natussensory.com\/it\/wp-json\/wp\/v2\/comments?post=13836"}],"version-history":[{"count":10,"href":"https:\/\/natussensory.com\/it\/wp-json\/wp\/v2\/pages\/13836\/revisions"}],"predecessor-version":[{"id":27774,"href":"https:\/\/natussensory.com\/it\/wp-json\/wp\/v2\/pages\/13836\/revisions\/27774"}],"up":[{"embeddable":true,"href":"https:\/\/natussensory.com\/it\/wp-json\/wp\/v2\/pages\/12497"}],"wp:attachment":[{"href":"https:\/\/natussensory.com\/it\/wp-json\/wp\/v2\/media?parent=13836"}],"wp:term":[{"taxonomy":"category","embeddable":true,"href":"https:\/\/natussensory.com\/it\/wp-json\/wp\/v2\/categories?post=13836"},{"taxonomy":"post_tag","embeddable":true,"href":"https:\/\/natussensory.com\/it\/wp-json\/wp\/v2\/tags?post=13836"}],"curies":[{"name":"wp","href":"https:\/\/api.w.org\/{rel}","templated":true}]}}