{"id":13822,"date":"2023-09-20T11:07:26","date_gmt":"2023-09-20T11:07:26","guid":{"rendered":"https:\/\/natussensory.com\/sensory\/ics-aircal\/"},"modified":"2025-10-22T12:17:38","modified_gmt":"2025-10-22T12:17:38","slug":"ics-aircal","status":"publish","type":"page","link":"https:\/\/natussensory.com\/it\/prodotti\/ics-aircal\/","title":{"rendered":"ICS\u00ae Aircal &#8211; Irrigatore calorico"},"content":{"rendered":"","protected":false},"excerpt":{"rendered":"","protected":false},"author":4,"featured_media":0,"parent":12497,"menu_order":0,"comment_status":"closed","ping_status":"closed","template":"templates\/page-sensory-solutions-product-landing.php","meta":{"_acf_changed":false,"inline_featured_image":false,"footnotes":""},"categories":[331],"tags":[],"class_list":["post-13822","page","type-page","status-publish","hentry","category-vestibologia"],"acf":{"content_blocks":[{"acf_fc_layout":"spacer","_acfe_flexible_toggle":"","spacer":{"module_options":{"":null,"module_id":"n6515300f377ca","module_class":"","module_background_type":"color","module_background_color":"#473089","module_background_image":false,"module_background_video":"","activate_custom_padding":false,"padding_top_desktop":"0","padding_top_tablet":"0","padding_top_mobile":"0","padding_bottom_desktop":"0","padding_bottom_tablet":"0","padding_bottom_mobile":"0","activate_custom_margin":false,"margin_top_desktop":"0","margin_top_tablet":"0","margin_top_mobile":"0","margin_bottom_desktop":"0","margin_bottom_tablet":"0","margin_bottom_mobile":"0","disable_on":[],"content_alignment_desktop":"left","content_alignment_tablet":"left","content_alignment_mobile":"left"},"height":"160"}},{"acf_fc_layout":"intro_with_sticky_image","_acfe_flexible_toggle":"","left_content_right_image_sticky":{"module_options":{"":null,"module_id":"n6515300f3f908","module_class":"","module_background_type":"color","module_background_color":"","module_background_image":false,"module_background_video":"","activate_custom_padding":false,"padding_top_desktop":"0","padding_top_tablet":"0","padding_top_mobile":"0","padding_bottom_desktop":"0","padding_bottom_tablet":"0","padding_bottom_mobile":"0","activate_custom_margin":false,"margin_top_desktop":"0","margin_top_tablet":"0","margin_top_mobile":"0","margin_bottom_desktop":"0","margin_bottom_tablet":"0","margin_bottom_mobile":"0","disable_on":[],"content_alignment_desktop":"left","content_alignment_tablet":"left","content_alignment_mobile":"left"},"":null,"title":"ICS<sup>\u00ae<\/sup> Aircal - Esami calorici ad aria","subheader":"<p>L&#8217;irrigazione con ICS Aircal \u00e8 la scelta moderna per un&#8217;irrigazione calorica secondo standard d&#8217;eccellenza. Associa la comodit\u00e0 e il comfort per il paziente grazie all&#8217;aria e la precisione dell&#8217;irrigazione ad acqua: i test calorici possono essere eseguiti con la massima tranquillit\u00e0. Senza acqua, l&#8217;intero processo di irrigazione \u00e8 pi\u00f9 facile per il clinico e pi\u00f9 piacevole per il paziente.<\/p>\n<p>&nbsp;<\/p>\n<p>ICS Aircal vi permette di effettuare degli esami calorici ad aria affidabili e sicuri.<\/p>\n","icons":false,"quick_navigation":[{"quick_link":{"type":"url","value":"#contact","url":"#contact","name":"#contact","title":"richiedi un preventivo","target":""}},{"quick_link":{"type":"url","value":"#info","url":"#info","name":"#info","title":"Saperne di pi\u00f9","target":""}}],"description":"","message_label":" ","message_title":"Cercate un servizio di assistenza o supporto tecnico per i prodotti?","message_link":{"type":"post","value":"883","url":"https:\/\/natussensory.com\/support\/","name":"Service &#038; Support","title":"Servizio e Assistenza  ","target":""},"right_sticky_image":{"ID":5663,"id":5663,"title":"Aircal_product thumbnail","filename":"Aircal_product-thumbnail.png","filesize":130518,"url":"https:\/\/natussensory.com\/wp-content\/uploads\/Aircal_product-thumbnail.png","link":"https:\/\/natussensory.com\/it\/prodotti\/ics-aircal\/aircal_product-thumbnail-2\/","alt":"Natus ICS AirCal caloric irrigation device with attached handpiece, used for vestibular testing and balance assessment.","author":"4","description":"Calloric Irrigator","caption":"","name":"aircal_product-thumbnail-2","status":"inherit","uploaded_to":13822,"date":"2023-09-20 11:54:50","modified":"2025-05-27 08:13:34","menu_order":0,"mime_type":"image\/png","type":"image","subtype":"png","icon":"https:\/\/natussensory.com\/wp-includes\/images\/media\/default.png","width":500,"height":338,"sizes":{"thumbnail":"https:\/\/natussensory.com\/wp-content\/uploads\/Aircal_product-thumbnail.png","thumbnail-width":128,"thumbnail-height":87,"medium":"https:\/\/natussensory.com\/wp-content\/uploads\/Aircal_product-thumbnail.png","medium-width":500,"medium-height":338,"medium_large":"https:\/\/natussensory.com\/wp-content\/uploads\/Aircal_product-thumbnail.png","medium_large-width":500,"medium_large-height":338,"large":"https:\/\/natussensory.com\/wp-content\/uploads\/Aircal_product-thumbnail.png","large-width":500,"large-height":338,"1536x1536":"https:\/\/natussensory.com\/wp-content\/uploads\/Aircal_product-thumbnail.png","1536x1536-width":500,"1536x1536-height":338,"2048x2048":"https:\/\/natussensory.com\/wp-content\/uploads\/Aircal_product-thumbnail.png","2048x2048-width":500,"2048x2048-height":338}}}},{"acf_fc_layout":"simple_content","_acfe_flexible_toggle":"","content_full_width_landing":{"module_options":{"":null,"module_id":"n6515300f4bd3e","module_class":"","module_background_type":"color","module_background_color":"","module_background_image":false,"module_background_video":"","activate_custom_padding":false,"padding_top_desktop":"0","padding_top_tablet":"0","padding_top_mobile":"0","padding_bottom_desktop":"0","padding_bottom_tablet":"0","padding_bottom_mobile":"0","activate_custom_margin":false,"margin_top_desktop":"0","margin_top_tablet":"0","margin_top_mobile":"0","margin_bottom_desktop":"0","margin_bottom_tablet":"0","margin_bottom_mobile":"0","disable_on":[],"content_alignment_desktop":"left","content_alignment_tablet":"left","content_alignment_mobile":"left"},"activate_custom_container_width":false,"container_width":"","content":"<h2>Per degli esami calorici ad aria affidabili e sicuri<\/h2>\n<p><img loading=\"lazy\" decoding=\"async\" class=\"aligncenter size-full wp-image-5665\" src=\"https:\/\/natussensory.com\/wp-content\/uploads\/Aircal_banner.jpg\" alt=\"\" width=\"1733\" height=\"800\" srcset=\"https:\/\/natussensory.com\/wp-content\/uploads\/Aircal_banner.jpg 1733w, https:\/\/natussensory.com\/wp-content\/uploads\/Aircal_banner-768x355.jpg 768w, https:\/\/natussensory.com\/wp-content\/uploads\/Aircal_banner-1536x709.jpg 1536w\" sizes=\"auto, (max-width: 1733px) 100vw, 1733px\" \/><\/p>\n"}},{"acf_fc_layout":"product_details_right_image_and_left_content","_acfe_flexible_toggle":"","right_image_left_content_single_cta_landing":{"module_options":{"":null,"module_id":"n6515300f53708","module_class":"","module_background_type":"color","module_background_color":"","module_background_image":false,"module_background_video":"","activate_custom_padding":false,"padding_top_desktop":"0","padding_top_tablet":"0","padding_top_mobile":"0","padding_bottom_desktop":"0","padding_bottom_tablet":"0","padding_bottom_mobile":"0","activate_custom_margin":false,"margin_top_desktop":"0","margin_top_tablet":"0","margin_top_mobile":"0","margin_bottom_desktop":"0","margin_bottom_tablet":"0","margin_bottom_mobile":"0","disable_on":[],"content_alignment_desktop":"left","content_alignment_tablet":"left","content_alignment_mobile":"left"},"":null,"label":"","title":"Esami calorici ad aria con ICS Aircal - stimoli accurati senz'acqua","description":"<p>Il test calorico costituisce l&#8217;elemento chiave nella batteria di test dell&#8217;equilibrio, con il requisito che lo stimolo somministrato a ciascun orecchio sia esattamente lo stesso. Ricerche dimostrano che l&#8217;uso di aria con temperature impostate di 24 \u00b0C e di 50 \u00b0C crea una risposta paragonabile a quella dell&#8217;irrigazione* ad acqua.<\/p>\n<p>ICS Aircal riscalda e raffredda in un intervallo di temperature compreso tra 12 \u00b0C e 50 \u00b0C. Per un&#8217;accuratezza ancora maggiore, la temperatura \u00e8 controllata sulla punta del tubicino di somministrazione, verificando la temperatura dell&#8217;aria trasferita al paziente.<\/p>\n<p>&nbsp;<\/p>\n<p>Grazie all&#8217;eccellente testina di somministrazione, l&#8217;esaminatore pu\u00f2 vedere la membrana timpanica, semplificando la somministrazione accurata dello stimolo. Il suo design unico riduce la curva di apprendimento per i clinici che attualmente impiegano un irrigatore ad acqua.<\/p>\n","link":null,"image":{"ID":5683,"id":5683,"title":"Aircal_probe_spot","filename":"Aircal_probe_spot.png","filesize":146648,"url":"https:\/\/natussensory.com\/wp-content\/uploads\/Aircal_probe_spot.png","link":"https:\/\/natussensory.com\/it\/prodotti\/ics-aircal\/aircal_probe_spot-2\/","alt":"Front, side, and rear views of the Natus ICS Aircal handpiece used for controlled air caloric stimulation in vestibular assessments.","author":"4","description":"","caption":"","name":"aircal_probe_spot-2","status":"inherit","uploaded_to":13822,"date":"2023-09-20 11:56:18","modified":"2025-05-27 08:14:56","menu_order":0,"mime_type":"image\/png","type":"image","subtype":"png","icon":"https:\/\/natussensory.com\/wp-includes\/images\/media\/default.png","width":800,"height":450,"sizes":{"thumbnail":"https:\/\/natussensory.com\/wp-content\/uploads\/Aircal_probe_spot.png","thumbnail-width":128,"thumbnail-height":72,"medium":"https:\/\/natussensory.com\/wp-content\/uploads\/Aircal_probe_spot.png","medium-width":800,"medium-height":450,"medium_large":"https:\/\/natussensory.com\/wp-content\/uploads\/Aircal_probe_spot-768x432.png","medium_large-width":768,"medium_large-height":432,"large":"https:\/\/natussensory.com\/wp-content\/uploads\/Aircal_probe_spot.png","large-width":800,"large-height":450,"1536x1536":"https:\/\/natussensory.com\/wp-content\/uploads\/Aircal_probe_spot.png","1536x1536-width":800,"1536x1536-height":450,"2048x2048":"https:\/\/natussensory.com\/wp-content\/uploads\/Aircal_probe_spot.png","2048x2048-width":800,"2048x2048-height":450}}}},{"acf_fc_layout":"product_details_left_image_and_right_content","_acfe_flexible_toggle":"","left_image_right_content_single_cta_landing":{"module_options":{"":null,"module_id":"n6515300f5cd67","module_class":"","module_background_type":"color","module_background_color":"","module_background_image":false,"module_background_video":"","activate_custom_padding":false,"padding_top_desktop":"0","padding_top_tablet":"0","padding_top_mobile":"0","padding_bottom_desktop":"0","padding_bottom_tablet":"0","padding_bottom_mobile":"0","activate_custom_margin":false,"margin_top_desktop":"0","margin_top_tablet":"0","margin_top_mobile":"0","margin_bottom_desktop":"0","margin_bottom_tablet":"0","margin_bottom_mobile":"0","disable_on":[],"content_alignment_desktop":"left","content_alignment_tablet":"left","content_alignment_mobile":"left"},"image":{"ID":5678,"id":5678,"title":"Aircal_air-caloric-testing_spot","filename":"Aircal_air-caloric-testing_spot.jpg","filesize":136419,"url":"https:\/\/natussensory.com\/wp-content\/uploads\/Aircal_air-caloric-testing_spot.jpg","link":"https:\/\/natussensory.com\/it\/prodotti\/ics-aircal\/aircal_air-caloric-testing_spot-2\/","alt":"Clinician performing caloric irrigation with the Natus ICS Aircal on a reclining male patient wearing VNG goggles, with test results displayed on a connected laptop.","author":"4","description":"","caption":"","name":"aircal_air-caloric-testing_spot-2","status":"inherit","uploaded_to":13822,"date":"2023-09-20 11:56:16","modified":"2025-05-27 08:15:08","menu_order":0,"mime_type":"image\/jpeg","type":"image","subtype":"jpeg","icon":"https:\/\/natussensory.com\/wp-includes\/images\/media\/default.png","width":800,"height":450,"sizes":{"thumbnail":"https:\/\/natussensory.com\/wp-content\/uploads\/Aircal_air-caloric-testing_spot.jpg","thumbnail-width":128,"thumbnail-height":72,"medium":"https:\/\/natussensory.com\/wp-content\/uploads\/Aircal_air-caloric-testing_spot.jpg","medium-width":800,"medium-height":450,"medium_large":"https:\/\/natussensory.com\/wp-content\/uploads\/Aircal_air-caloric-testing_spot-768x432.jpg","medium_large-width":768,"medium_large-height":432,"large":"https:\/\/natussensory.com\/wp-content\/uploads\/Aircal_air-caloric-testing_spot.jpg","large-width":800,"large-height":450,"1536x1536":"https:\/\/natussensory.com\/wp-content\/uploads\/Aircal_air-caloric-testing_spot.jpg","1536x1536-width":800,"1536x1536-height":450,"2048x2048":"https:\/\/natussensory.com\/wp-content\/uploads\/Aircal_air-caloric-testing_spot.jpg","2048x2048-width":800,"2048x2048-height":450}},"label":"","title":" Esami calorici ad aria efficienti e accurati con ICS Aircal","description":"<p>ICS Aircal offre funzionalit\u00e0 esclusive che aiutano a ottimizzare il flusso di lavoro garantendo al tempo stesso dei test accurati. Le funzionalit\u00e0 includono:<\/p>\n<ul>\n<li>L&#8217;intuitivo display digitale, dotato di grandi pulsanti, facilita l&#8217;utilizzo del dispositivo al buio.<\/li>\n<li>Il display a LED \u00e8 angolato e dispone di numeri grandi e luminosi, visibili da diversi punti del locale.<\/li>\n<li>ICS Aircal integra la funzione di irrigazione con i sistemi VNG\/ENG di Natus, permettendo al clinico di restare vicino al paziente mentre completa con precisione la batteria di test calorici.<\/li>\n<\/ul>\n","link":null}},{"acf_fc_layout":"product_details_right_image_and_left_content","_acfe_flexible_toggle":"","right_image_left_content_single_cta_landing":{"module_options":{"":null,"module_id":"n6515300f6a9be","module_class":"","module_background_type":"color","module_background_color":"","module_background_image":false,"module_background_video":"","activate_custom_padding":false,"padding_top_desktop":"0","padding_top_tablet":"0","padding_top_mobile":"0","padding_bottom_desktop":"0","padding_bottom_tablet":"0","padding_bottom_mobile":"0","activate_custom_margin":false,"margin_top_desktop":"0","margin_top_tablet":"0","margin_top_mobile":"0","margin_bottom_desktop":"0","margin_bottom_tablet":"0","margin_bottom_mobile":"0","disable_on":[],"content_alignment_desktop":"left","content_alignment_tablet":"left","content_alignment_mobile":"left"},"":null,"label":"","title":"Scopri una soluzione per il test calorico ad aria che sia flessibile, semplice e che si possa trasportare","description":"<p>ICS Aircal \u00e8 un irrigatore calorico ad aria flessibile, silenzioso e portatile. Temperatura, portata dell&#8217;aria e tempo possono essere impostati a seconda delle diverse necessit\u00e0 della vostra clinica.<\/p>\n<p>&nbsp;<\/p>\n<p>Inoltre, \u00e8 possibile impostare l&#8217;intensit\u00e0 del segnale acustico che indica il raggiungimento del tempo di stimolo. ICS Aircal \u00e8 silenzioso, poco ingombrante e leggero (18 libbre\/8 kg), quindi facile da trasportare.<\/p>\n<p>&nbsp;<\/p>\n<p>ICS Aircal permette di effettuare esami di irrigazione calorica in modo efficiente.<\/p>\n","link":null,"image":{"ID":5673,"id":5673,"title":"Aircal_product_spot","filename":"Aircal_product_spot.png","filesize":327020,"url":"https:\/\/natussensory.com\/wp-content\/uploads\/Aircal_product_spot.png","link":"https:\/\/natussensory.com\/it\/prodotti\/ics-aircal\/aircal_product_spot-2\/","alt":"Natus ICS Aircal caloric irrigation device with attached handpiece and digital touchscreen interface for vestibular testing.","author":"4","description":"","caption":"","name":"aircal_product_spot-2","status":"inherit","uploaded_to":13822,"date":"2023-09-20 11:56:13","modified":"2025-05-27 08:15:21","menu_order":0,"mime_type":"image\/png","type":"image","subtype":"png","icon":"https:\/\/natussensory.com\/wp-includes\/images\/media\/default.png","width":800,"height":450,"sizes":{"thumbnail":"https:\/\/natussensory.com\/wp-content\/uploads\/Aircal_product_spot.png","thumbnail-width":128,"thumbnail-height":72,"medium":"https:\/\/natussensory.com\/wp-content\/uploads\/Aircal_product_spot.png","medium-width":800,"medium-height":450,"medium_large":"https:\/\/natussensory.com\/wp-content\/uploads\/Aircal_product_spot-768x432.png","medium_large-width":768,"medium_large-height":432,"large":"https:\/\/natussensory.com\/wp-content\/uploads\/Aircal_product_spot.png","large-width":800,"large-height":450,"1536x1536":"https:\/\/natussensory.com\/wp-content\/uploads\/Aircal_product_spot.png","1536x1536-width":800,"1536x1536-height":450,"2048x2048":"https:\/\/natussensory.com\/wp-content\/uploads\/Aircal_product_spot.png","2048x2048-width":800,"2048x2048-height":450}}}},{"acf_fc_layout":"related_products","_acfe_flexible_layout_title":"Resources and Support","_acfe_flexible_toggle":"","tiles_3_columns_landing":{"module_options":{"":null,"module_id":"info","module_class":"","module_background_type":"color","module_background_color":"","module_background_image":false,"module_background_video":"","activate_custom_padding":false,"padding_top_desktop":"0","padding_top_tablet":"0","padding_top_mobile":"0","padding_bottom_desktop":"0","padding_bottom_tablet":"0","padding_bottom_mobile":"0","activate_custom_margin":false,"margin_top_desktop":"0","margin_top_tablet":"0","margin_top_mobile":"0","margin_bottom_desktop":"0","margin_bottom_tablet":"0","margin_bottom_mobile":"0","disable_on":[],"content_alignment_desktop":"left","content_alignment_tablet":"left","content_alignment_mobile":"left"},"intro_text":"Risorse e Supporto","intro_text_color":"","intro_link":null,"tiles":[{"label":"Risorse","label_background_color":"#154284","image":false,"title":"Opuscolo, Volantino, Scheda technica e altro ancora","link":{"type":"url","value":"https:\/\/natus.bynder.com\/web\/6ef81347e20ef78a\/resource-library-ics-aircal\/","url":"https:\/\/natus.bynder.com\/web\/6ef81347e20ef78a\/resource-library-ics-aircal\/","name":"https:\/\/natus.bynder.com\/web\/6ef81347e20ef78a\/resource-library-ics-aircal\/","title":"ICS Aircal Risorse","target":"_blank"}},{"label":"Supporto","label_background_color":"#154284","image":false,"title":"Manuali e Guide (eIFUs)","link":{"type":"post","value":"883","url":"https:\/\/natussensory.com\/support\/","name":"Service &#038; Support","title":"Servizio e Assistenza","target":""}}]}},{"acf_fc_layout":"related_products","_acfe_flexible_toggle":"","tiles_3_columns_landing":{"module_options":{"":null,"module_id":"n65152ea331bb9","module_class":"","module_background_type":"color","module_background_color":"","module_background_image":false,"module_background_video":"","activate_custom_padding":false,"padding_top_desktop":"0","padding_top_tablet":"0","padding_top_mobile":"0","padding_bottom_desktop":"0","padding_bottom_tablet":"0","padding_bottom_mobile":"0","activate_custom_margin":false,"margin_top_desktop":"0","margin_top_tablet":"0","margin_top_mobile":"0","margin_bottom_desktop":"0","margin_bottom_tablet":"0","margin_bottom_mobile":"0","disable_on":[],"content_alignment_desktop":"left","content_alignment_tablet":"left","content_alignment_mobile":"left"},"intro_text":"Prodotti Correlati","intro_text_color":"#005e63","intro_link":{"type":"post","value":"1518","url":"https:\/\/natussensory.com\/products\/","name":"Products","title":"Visualizza tutti i prodotti","target":""},"tiles":[{"label":"ICS Impulse","label_background_color":"#154284","image":{"ID":8988,"id":8988,"title":"Impulse_linkspot","filename":"Impulse_linkspot.jpg","filesize":74043,"url":"https:\/\/natussensory.com\/wp-content\/uploads\/Impulse_linkspot.jpg","link":"https:\/\/natussensory.com\/it\/prodotti\/ics-impulse\/impulse_linkspot-2\/","alt":"Natus Sensory ICS Impulse.","author":"4","description":"","caption":"","name":"impulse_linkspot-2","status":"inherit","uploaded_to":13890,"date":"2023-10-01 19:50:03","modified":"2025-05-06 13:12:14","menu_order":0,"mime_type":"image\/jpeg","type":"image","subtype":"jpeg","icon":"https:\/\/natussensory.com\/wp-includes\/images\/media\/default.png","width":600,"height":300,"sizes":{"thumbnail":"https:\/\/natussensory.com\/wp-content\/uploads\/Impulse_linkspot.jpg","thumbnail-width":128,"thumbnail-height":64,"medium":"https:\/\/natussensory.com\/wp-content\/uploads\/Impulse_linkspot.jpg","medium-width":600,"medium-height":300,"medium_large":"https:\/\/natussensory.com\/wp-content\/uploads\/Impulse_linkspot.jpg","medium_large-width":600,"medium_large-height":300,"large":"https:\/\/natussensory.com\/wp-content\/uploads\/Impulse_linkspot.jpg","large-width":600,"large-height":300,"1536x1536":"https:\/\/natussensory.com\/wp-content\/uploads\/Impulse_linkspot.jpg","1536x1536-width":600,"1536x1536-height":300,"2048x2048":"https:\/\/natussensory.com\/wp-content\/uploads\/Impulse_linkspot.jpg","2048x2048-width":600,"2048x2048-height":300}},"title":"Test vestibolare","link":{"type":"post","value":"1918","url":"https:\/\/natussensory.com\/products\/ics-impulse\/","name":"ICS\u00ae Impulse &#8211; Vestibular Testing","title":"Scopri di Pi\u00f9","target":""}}]}},{"acf_fc_layout":"contact_form","_acfe_flexible_toggle":"","contact_form_landing":{"module_options":{"":null,"module_id":"contact","module_class":"","module_background_type":"color","module_background_color":"","module_background_image":false,"module_background_video":"","activate_custom_padding":false,"padding_top_desktop":0,"padding_top_tablet":"","padding_top_mobile":"","padding_bottom_desktop":"","padding_bottom_tablet":"","padding_bottom_mobile":"","activate_custom_margin":false,"margin_top_desktop":"","margin_top_tablet":"","margin_top_mobile":"","margin_bottom_desktop":"","margin_bottom_tablet":"","margin_bottom_mobile":"","disable_on":[],"content_alignment_desktop":"left","content_alignment_tablet":"left","content_alignment_mobile":"left"},"":null,"activate_intro":false,"intro_text":"","intro_text_color":"","intro_link":null,"activate_description":true,"description_title":"Contattaci","description_copy":"","embed_code":"<script charset=\"utf-8\" type=\"text\/javascript\" src=\"\/\/js.hsforms.net\/forms\/embed\/v2.js\"><\/script>\r\n<script>\r\n  hbspt.forms.create({\r\n    region: \"na1\",\r\n    portalId: \"3002890\",\r\n    formId: \"47147347-51e5-4efd-8406-f9d16165aed6\"\r\n  });\r\n<\/script>"}},{"acf_fc_layout":"simple_content","_acfe_flexible_layout_title":"Part number","_acfe_flexible_toggle":"","content_full_width_landing":{"module_options":{"":null,"module_id":"n6515300fdaa3d","module_class":"","module_background_type":"color","module_background_color":"","module_background_image":false,"module_background_video":"","activate_custom_padding":false,"padding_top_desktop":0,"padding_top_tablet":"","padding_top_mobile":"","padding_bottom_desktop":"","padding_bottom_tablet":"","padding_bottom_mobile":"","activate_custom_margin":false,"margin_top_desktop":"","margin_top_tablet":"","margin_top_mobile":"","margin_bottom_desktop":"","margin_bottom_tablet":"","margin_bottom_mobile":"","disable_on":[],"content_alignment_desktop":"left","content_alignment_tablet":"left","content_alignment_mobile":"left"},"activate_custom_container_width":false,"container_width":"","content":"<p><span style=\"font-size: 11px;\">7-36-7290-IT_01<\/span><\/p>\n"}}]},"_links":{"self":[{"href":"https:\/\/natussensory.com\/it\/wp-json\/wp\/v2\/pages\/13822","targetHints":{"allow":["GET"]}}],"collection":[{"href":"https:\/\/natussensory.com\/it\/wp-json\/wp\/v2\/pages"}],"about":[{"href":"https:\/\/natussensory.com\/it\/wp-json\/wp\/v2\/types\/page"}],"author":[{"embeddable":true,"href":"https:\/\/natussensory.com\/it\/wp-json\/wp\/v2\/users\/4"}],"replies":[{"embeddable":true,"href":"https:\/\/natussensory.com\/it\/wp-json\/wp\/v2\/comments?post=13822"}],"version-history":[{"count":9,"href":"https:\/\/natussensory.com\/it\/wp-json\/wp\/v2\/pages\/13822\/revisions"}],"predecessor-version":[{"id":27655,"href":"https:\/\/natussensory.com\/it\/wp-json\/wp\/v2\/pages\/13822\/revisions\/27655"}],"up":[{"embeddable":true,"href":"https:\/\/natussensory.com\/it\/wp-json\/wp\/v2\/pages\/12497"}],"wp:attachment":[{"href":"https:\/\/natussensory.com\/it\/wp-json\/wp\/v2\/media?parent=13822"}],"wp:term":[{"taxonomy":"category","embeddable":true,"href":"https:\/\/natussensory.com\/it\/wp-json\/wp\/v2\/categories?post=13822"},{"taxonomy":"post_tag","embeddable":true,"href":"https:\/\/natussensory.com\/it\/wp-json\/wp\/v2\/tags?post=13822"}],"curies":[{"name":"wp","href":"https:\/\/api.w.org\/{rel}","templated":true}]}}