{"id":13503,"date":"2023-09-14T12:24:21","date_gmt":"2023-09-14T12:24:21","guid":{"rendered":"https:\/\/natussensory.com\/sensory\/otobase\/"},"modified":"2025-10-23T08:14:05","modified_gmt":"2025-10-23T08:14:05","slug":"otobase","status":"publish","type":"page","link":"https:\/\/natussensory.com\/it\/prodotti\/otobase\/","title":{"rendered":"Otobase\u00ae &#8211; Integrazione EMR"},"content":{"rendered":"","protected":false},"excerpt":{"rendered":"","protected":false},"author":4,"featured_media":0,"parent":12497,"menu_order":0,"comment_status":"closed","ping_status":"closed","template":"templates\/page-sensory-solutions-product-landing.php","meta":{"_acf_changed":false,"inline_featured_image":false,"footnotes":""},"categories":[332],"tags":[],"class_list":["post-13503","page","type-page","status-publish","hentry","category-software-it"],"acf":{"content_blocks":[{"acf_fc_layout":"spacer","_acfe_flexible_toggle":"","spacer":{"module_options":{"":null,"module_id":"n6514aa53e5cd8","module_class":"","module_background_type":"color","module_background_color":"#473089","module_background_image":false,"module_background_video":"","activate_custom_padding":false,"padding_top_desktop":"0","padding_top_tablet":"0","padding_top_mobile":"0","padding_bottom_desktop":"0","padding_bottom_tablet":"0","padding_bottom_mobile":"0","activate_custom_margin":false,"margin_top_desktop":"0","margin_top_tablet":"0","margin_top_mobile":"0","margin_bottom_desktop":"0","margin_bottom_tablet":"0","margin_bottom_mobile":"0","disable_on":[],"content_alignment_desktop":"left","content_alignment_tablet":"left","content_alignment_mobile":"left"},"height":"160"}},{"acf_fc_layout":"intro_with_sticky_image","_acfe_flexible_toggle":"","left_content_right_image_sticky":{"module_options":{"":null,"module_id":"n6514aa53ee866","module_class":"","module_background_type":"color","module_background_color":"","module_background_image":false,"module_background_video":"","activate_custom_padding":false,"padding_top_desktop":"0","padding_top_tablet":"0","padding_top_mobile":"0","padding_bottom_desktop":"0","padding_bottom_tablet":"0","padding_bottom_mobile":"0","activate_custom_margin":false,"margin_top_desktop":"0","margin_top_tablet":"0","margin_top_mobile":"0","margin_bottom_desktop":"0","margin_bottom_tablet":"0","margin_bottom_mobile":"0","disable_on":[],"content_alignment_desktop":"left","content_alignment_tablet":"left","content_alignment_mobile":"left"},"":null,"title":"Otobase<sup>\u00ae<\/sup> - Integrazione EMR","subheader":"<h4>Trasformate l&#8217;assistenza ai pazienti<\/h4>\n<p>\u00c8 tutta una questione di integrazione. Otobase \u00e8 una soluzione modulare all-in-one per la gestione dei dati che integra facilmente i dati dei pazienti nelle cartelle cliniche elettroniche (EMR). L&#8217;interfaccia utente intuitiva garantisce un apprendimento veloce, consentendovi di dedicare pi\u00f9 tempo alla cura dei pazienti.<\/p>\n","icons":false,"quick_navigation":[{"quick_link":{"type":"post","value":"883","url":"https:\/\/natussensory.com\/support\/","name":"Service &#038; Support","title":"Download Otobase","target":""}},{"quick_link":{"type":"url","value":"#contact","url":"#contact","name":"#contact","title":"richiedi un preventivo","target":""}},{"quick_link":{"type":"url","value":"#info","url":"#info","name":"#info","title":"Saperne di pi\u00f9","target":""}}],"description":"","message_label":" ","message_title":"Cercate un servizio di assistenza o supporto tecnico per i prodotti?","message_link":{"type":"post","value":"883","url":"https:\/\/natussensory.com\/support\/","name":"Service &#038; Support","title":"Servizio e Assistenza ","target":""},"right_sticky_image":{"ID":4123,"id":4123,"title":"Otobase_product thumbnail","filename":"Otobase_product-thumbnail.png","filesize":175671,"url":"https:\/\/natussensory.com\/wp-content\/uploads\/Otobase_product-thumbnail.png","link":"https:\/\/natussensory.com\/it\/prodotti\/otobase\/otobase_product-thumbnail-2\/","alt":"Otobase logo representing audiology EMR integration software by Natus.","author":"4","description":"","caption":"","name":"otobase_product-thumbnail-2","status":"inherit","uploaded_to":13503,"date":"2023-09-14 12:16:22","modified":"2025-05-21 12:18:58","menu_order":0,"mime_type":"image\/png","type":"image","subtype":"png","icon":"https:\/\/natussensory.com\/wp-includes\/images\/media\/default.png","width":500,"height":528,"sizes":{"thumbnail":"https:\/\/natussensory.com\/wp-content\/uploads\/Otobase_product-thumbnail.png","thumbnail-width":91,"thumbnail-height":96,"medium":"https:\/\/natussensory.com\/wp-content\/uploads\/Otobase_product-thumbnail.png","medium-width":500,"medium-height":528,"medium_large":"https:\/\/natussensory.com\/wp-content\/uploads\/Otobase_product-thumbnail.png","medium_large-width":500,"medium_large-height":528,"large":"https:\/\/natussensory.com\/wp-content\/uploads\/Otobase_product-thumbnail.png","large-width":500,"large-height":528,"1536x1536":"https:\/\/natussensory.com\/wp-content\/uploads\/Otobase_product-thumbnail.png","1536x1536-width":500,"1536x1536-height":528,"2048x2048":"https:\/\/natussensory.com\/wp-content\/uploads\/Otobase_product-thumbnail.png","2048x2048-width":500,"2048x2048-height":528}}}},{"acf_fc_layout":"simple_content","_acfe_flexible_toggle":"","content_full_width_landing":{"module_options":{"":null,"module_id":"n6514aa5406663","module_class":"","module_background_type":"color","module_background_color":"","module_background_image":false,"module_background_video":"","activate_custom_padding":false,"padding_top_desktop":"0","padding_top_tablet":"0","padding_top_mobile":"0","padding_bottom_desktop":"0","padding_bottom_tablet":"0","padding_bottom_mobile":"0","activate_custom_margin":false,"margin_top_desktop":"0","margin_top_tablet":"0","margin_top_mobile":"0","margin_bottom_desktop":"0","margin_bottom_tablet":"0","margin_bottom_mobile":"0","disable_on":[],"content_alignment_desktop":"left","content_alignment_tablet":"left","content_alignment_mobile":"left"},"activate_custom_container_width":false,"container_width":"","content":"<h2>Connettivit\u00e0 EMR? Rendila semplice<\/h2>\n<p><img loading=\"lazy\" decoding=\"async\" class=\"aligncenter size-full wp-image-4125\" src=\"https:\/\/natussensory.com\/wp-content\/uploads\/Otobase_banner.jpg\" alt=\"\" width=\"1300\" height=\"600\" srcset=\"https:\/\/natussensory.com\/wp-content\/uploads\/Otobase_banner.jpg 1300w, https:\/\/natussensory.com\/wp-content\/uploads\/Otobase_banner-768x354.jpg 768w\" sizes=\"auto, (max-width: 1300px) 100vw, 1300px\" \/><\/p>\n"}},{"acf_fc_layout":"product_details_right_image_and_left_content","_acfe_flexible_toggle":"","right_image_left_content_single_cta_landing":{"module_options":{"":null,"module_id":"n6514aa541002c","module_class":"","module_background_type":"color","module_background_color":"","module_background_image":false,"module_background_video":"","activate_custom_padding":false,"padding_top_desktop":"0","padding_top_tablet":"0","padding_top_mobile":"0","padding_bottom_desktop":"0","padding_bottom_tablet":"0","padding_bottom_mobile":"0","activate_custom_margin":false,"margin_top_desktop":"0","margin_top_tablet":"0","margin_top_mobile":"0","margin_bottom_desktop":"0","margin_bottom_tablet":"0","margin_bottom_mobile":"0","disable_on":[],"content_alignment_desktop":"left","content_alignment_tablet":"left","content_alignment_mobile":"left"},"":null,"label":"","title":"Perch\u00e9 l'integrazione con le cartelle cliniche elettroniche \u00e8 importante","description":"<p>L&#8217;integrazione \u00e8 uno dei trend pi\u00f9 oggi diffusi in aiudiologia. C&#8217;\u00e8 una grande attenzione ai costi e all&#8217;efficienza, e in molti ospedali i nuovi requisiti di conformit\u00e0 richiedono di conservare le cartelle cliniche in forma elettronica.<\/p>\n<p>&nbsp;<\/p>\n<p>La conformit\u00e0 alle nuove norme \u00e8 un fattore chiave, ma non \u00e8 il solo: c&#8217;\u00e8 anche il desiderio di aumentare l&#8217;efficienza in tutti i dipartimenti ospedalieri e le clincihe, per avere maggior tempo da dedicare ai pazienti.<\/p>\n<p>&nbsp;<\/p>\n<p>Con Otobase \u00e8 ora pi\u00f9 semplice raggiungere l&#8217;integrazione EMR, ottimizzare il flusso di lavoro, e ottenere risultati significativi nel dipartimento di audiologia.<\/p>\n","link":null,"image":{"ID":4138,"id":4138,"title":"Otobase_EMR_spot","filename":"Otobase_EMR_spot.jpg","filesize":87747,"url":"https:\/\/natussensory.com\/wp-content\/uploads\/Otobase_EMR_spot.jpg","link":"https:\/\/natussensory.com\/it\/prodotti\/otobase\/otobase_emr_spot-2\/","alt":"\"Otobase audiology data types including audiometry, OAE, video otoscopy, and immittance integrated into EMR system.","author":"4","description":"","caption":"","name":"otobase_emr_spot-2","status":"inherit","uploaded_to":13503,"date":"2023-09-14 12:18:40","modified":"2025-05-21 12:21:34","menu_order":0,"mime_type":"image\/jpeg","type":"image","subtype":"jpeg","icon":"https:\/\/natussensory.com\/wp-includes\/images\/media\/default.png","width":800,"height":450,"sizes":{"thumbnail":"https:\/\/natussensory.com\/wp-content\/uploads\/Otobase_EMR_spot.jpg","thumbnail-width":128,"thumbnail-height":72,"medium":"https:\/\/natussensory.com\/wp-content\/uploads\/Otobase_EMR_spot.jpg","medium-width":800,"medium-height":450,"medium_large":"https:\/\/natussensory.com\/wp-content\/uploads\/Otobase_EMR_spot-768x432.jpg","medium_large-width":768,"medium_large-height":432,"large":"https:\/\/natussensory.com\/wp-content\/uploads\/Otobase_EMR_spot.jpg","large-width":800,"large-height":450,"1536x1536":"https:\/\/natussensory.com\/wp-content\/uploads\/Otobase_EMR_spot.jpg","1536x1536-width":800,"1536x1536-height":450,"2048x2048":"https:\/\/natussensory.com\/wp-content\/uploads\/Otobase_EMR_spot.jpg","2048x2048-width":800,"2048x2048-height":450}}}},{"acf_fc_layout":"product_details_left_image_and_right_content","_acfe_flexible_toggle":"","left_image_right_content_single_cta_landing":{"module_options":{"":null,"module_id":"n6514aa541ae8d","module_class":"","module_background_type":"color","module_background_color":"","module_background_image":false,"module_background_video":"","activate_custom_padding":false,"padding_top_desktop":"0","padding_top_tablet":"0","padding_top_mobile":"0","padding_bottom_desktop":"0","padding_bottom_tablet":"0","padding_bottom_mobile":"0","activate_custom_margin":false,"margin_top_desktop":"0","margin_top_tablet":"0","margin_top_mobile":"0","margin_bottom_desktop":"0","margin_bottom_tablet":"0","margin_bottom_mobile":"0","disable_on":[],"content_alignment_desktop":"left","content_alignment_tablet":"left","content_alignment_mobile":"left"},"image":{"ID":4143,"id":4143,"title":"Otobase_PC_spot","filename":"Otobase_PC_spot.png","filesize":172481,"url":"https:\/\/natussensory.com\/wp-content\/uploads\/Otobase_PC_spot.png","link":"https:\/\/natussensory.com\/it\/prodotti\/otobase\/otobase_pc_spot-2\/","alt":"Otobase software displaying patient audiogram and session data for audiology EMR integration.","author":"4","description":"","caption":"","name":"otobase_pc_spot-2","status":"inherit","uploaded_to":13503,"date":"2023-09-14 12:18:42","modified":"2025-05-21 12:22:09","menu_order":0,"mime_type":"image\/png","type":"image","subtype":"png","icon":"https:\/\/natussensory.com\/wp-includes\/images\/media\/default.png","width":800,"height":450,"sizes":{"thumbnail":"https:\/\/natussensory.com\/wp-content\/uploads\/Otobase_PC_spot.png","thumbnail-width":128,"thumbnail-height":72,"medium":"https:\/\/natussensory.com\/wp-content\/uploads\/Otobase_PC_spot.png","medium-width":800,"medium-height":450,"medium_large":"https:\/\/natussensory.com\/wp-content\/uploads\/Otobase_PC_spot-768x432.png","medium_large-width":768,"medium_large-height":432,"large":"https:\/\/natussensory.com\/wp-content\/uploads\/Otobase_PC_spot.png","large-width":800,"large-height":450,"1536x1536":"https:\/\/natussensory.com\/wp-content\/uploads\/Otobase_PC_spot.png","1536x1536-width":800,"1536x1536-height":450,"2048x2048":"https:\/\/natussensory.com\/wp-content\/uploads\/Otobase_PC_spot.png","2048x2048-width":800,"2048x2048-height":450}},"label":"","title":"Facile integrazione con i sistemi EHR e con altre interfacce e attrezzature","description":"<p>Una ragione per la quale Otobase offre all&#8217;audioprotesista un modo pi\u00f9 facile di connettersi alle cartelle cliniche elettroniche \u00e8 la sua compatibilit\u00e0 con tutti i maggiori sistemi e strumentazioni per audiologia e la sua capacit\u00e0 di integrarsi facilmente con gli strumenti e i sistemi esistenti.<\/p>\n<p>&nbsp;<\/p>\n<p>Ci\u00f2 significa che sono sufficienti un database, una connessione e una integrazione \u2013 e diventer\u00e0 subito pi\u00f9 facile connettere tutte le tue strumentazioni e sistemi alle cartelle cliniche elettroniche.<\/p>\n","link":null}},{"acf_fc_layout":"product_details_right_image_and_left_content","_acfe_flexible_toggle":"","right_image_left_content_single_cta_landing":{"module_options":{"":null,"module_id":"n6514aa542e91e","module_class":"","module_background_type":"color","module_background_color":"","module_background_image":false,"module_background_video":"","activate_custom_padding":false,"padding_top_desktop":"0","padding_top_tablet":"0","padding_top_mobile":"0","padding_bottom_desktop":"0","padding_bottom_tablet":"0","padding_bottom_mobile":"0","activate_custom_margin":false,"margin_top_desktop":"0","margin_top_tablet":"0","margin_top_mobile":"0","margin_bottom_desktop":"0","margin_bottom_tablet":"0","margin_bottom_mobile":"0","disable_on":[],"content_alignment_desktop":"left","content_alignment_tablet":"left","content_alignment_mobile":"left"},"":null,"label":"","title":"5 ragioni per scegliere Otobase - una connettivit\u00e0 EMR rapida e facile","description":"<ul>\n<li>Semplice e facile da usare &#8211; \u00e8 simile a Noah e funziona allo stesso modo<\/li>\n<li>Si integra facilmente con tutti i tipi di equipaggiamento per audiologia e con i prodotti di tutti i marchi pi\u00f9 famosi<\/li>\n<li>Compatibile con i maggiori sistemi EMR\/EHR inclusi EPIC, AllScripts e AllMeds<\/li>\n<li>Supporta le interfacce HL7 e Noah 4<\/li>\n<li>Funzioni di sicurezza conformit\u00e0 HIPPA<\/li>\n<\/ul>\n","link":null,"image":{"ID":4133,"id":4133,"title":"Otobase_woman_spot","filename":"Otobase_woman_spot.jpg","filesize":104770,"url":"https:\/\/natussensory.com\/wp-content\/uploads\/Otobase_woman_spot.jpg","link":"https:\/\/natussensory.com\/it\/prodotti\/otobase\/otobase_woman_spot-2\/","alt":"Happy user celebrating successful audiology data integration using Otobase software.","author":"4","description":"","caption":"","name":"otobase_woman_spot-2","status":"inherit","uploaded_to":13503,"date":"2023-09-14 12:18:38","modified":"2025-05-21 12:22:44","menu_order":0,"mime_type":"image\/jpeg","type":"image","subtype":"jpeg","icon":"https:\/\/natussensory.com\/wp-includes\/images\/media\/default.png","width":800,"height":450,"sizes":{"thumbnail":"https:\/\/natussensory.com\/wp-content\/uploads\/Otobase_woman_spot.jpg","thumbnail-width":128,"thumbnail-height":72,"medium":"https:\/\/natussensory.com\/wp-content\/uploads\/Otobase_woman_spot.jpg","medium-width":800,"medium-height":450,"medium_large":"https:\/\/natussensory.com\/wp-content\/uploads\/Otobase_woman_spot-768x432.jpg","medium_large-width":768,"medium_large-height":432,"large":"https:\/\/natussensory.com\/wp-content\/uploads\/Otobase_woman_spot.jpg","large-width":800,"large-height":450,"1536x1536":"https:\/\/natussensory.com\/wp-content\/uploads\/Otobase_woman_spot.jpg","1536x1536-width":800,"1536x1536-height":450,"2048x2048":"https:\/\/natussensory.com\/wp-content\/uploads\/Otobase_woman_spot.jpg","2048x2048-width":800,"2048x2048-height":450}}}},{"acf_fc_layout":"related_products","_acfe_flexible_layout_title":"Resources and Support","_acfe_flexible_toggle":"","tiles_3_columns_landing":{"module_options":{"":null,"module_id":"info","module_class":"","module_background_type":"color","module_background_color":"","module_background_image":false,"module_background_video":"","activate_custom_padding":false,"padding_top_desktop":0,"padding_top_tablet":"","padding_top_mobile":"","padding_bottom_desktop":"","padding_bottom_tablet":"","padding_bottom_mobile":"","activate_custom_margin":false,"margin_top_desktop":"","margin_top_tablet":"","margin_top_mobile":"","margin_bottom_desktop":"","margin_bottom_tablet":"","margin_bottom_mobile":"","disable_on":[],"content_alignment_desktop":"left","content_alignment_tablet":"left","content_alignment_mobile":"left"},"intro_text":"Risorse e Supporto","intro_text_color":"","intro_link":null,"tiles":[{"label":"Risorse","label_background_color":"#154284","image":false,"title":"Opuscolo, Volantino, Scheda technica e altro ancora","link":{"type":"url","value":"https:\/\/natus.bynder.com\/web\/29aeb854ffdf5230\/resource-library-otobase\/","url":"https:\/\/natus.bynder.com\/web\/29aeb854ffdf5230\/resource-library-otobase\/","name":"https:\/\/natus.bynder.com\/web\/29aeb854ffdf5230\/resource-library-otobase\/","title":"Otobase Risorse","target":"_blank"}},{"label":"Supporto","label_background_color":"#154284","image":false,"title":"Manuali e Guide (eIFUs)","link":{"type":"post","value":"883","url":"https:\/\/natussensory.com\/support\/","name":"Service &#038; Support","title":"Servizio e Assistenza","target":""}},{"label":"Otobase","label_background_color":"#154284","image":false,"title":"Download Otobase","link":{"type":"post","value":"883","url":"https:\/\/natussensory.com\/support\/","name":"Service &#038; Support","title":"Download Center","target":""}}]}},{"acf_fc_layout":"related_products","_acfe_flexible_toggle":"","tiles_3_columns_landing":{"module_options":{"":null,"module_id":"n6514140274759","module_class":"","module_background_type":"color","module_background_color":"","module_background_image":false,"module_background_video":"","activate_custom_padding":false,"padding_top_desktop":"0","padding_top_tablet":"0","padding_top_mobile":"0","padding_bottom_desktop":"0","padding_bottom_tablet":"0","padding_bottom_mobile":"0","activate_custom_margin":false,"margin_top_desktop":"0","margin_top_tablet":"0","margin_top_mobile":"0","margin_bottom_desktop":"0","margin_bottom_tablet":"0","margin_bottom_mobile":"0","disable_on":[],"content_alignment_desktop":"left","content_alignment_tablet":"left","content_alignment_mobile":"left"},"intro_text":"Prodotti Correlati","intro_text_color":"#005e63","intro_link":{"type":"post","value":"1518","url":"https:\/\/natussensory.com\/products\/","name":"Products","title":"Visualizza tutti i prodotti","target":""},"tiles":[{"label":"Otosuite","label_background_color":"#154284","image":{"ID":9134,"id":9134,"title":"Otosuite_linkspot","filename":"Otosuite_linkspot.jpg","filesize":95359,"url":"https:\/\/natussensory.com\/wp-content\/uploads\/Otosuite_linkspot.jpg","link":"https:\/\/natussensory.com\/it\/prodotti\/otosuite\/otosuite_linkspot-2-2\/","alt":"Otosuite","author":"4","description":"","caption":"","name":"otosuite_linkspot-2-2","status":"inherit","uploaded_to":13499,"date":"2023-10-02 07:31:32","modified":"2025-08-07 07:52:00","menu_order":0,"mime_type":"image\/jpeg","type":"image","subtype":"jpeg","icon":"https:\/\/natussensory.com\/wp-includes\/images\/media\/default.png","width":600,"height":300,"sizes":{"thumbnail":"https:\/\/natussensory.com\/wp-content\/uploads\/Otosuite_linkspot.jpg","thumbnail-width":128,"thumbnail-height":64,"medium":"https:\/\/natussensory.com\/wp-content\/uploads\/Otosuite_linkspot.jpg","medium-width":600,"medium-height":300,"medium_large":"https:\/\/natussensory.com\/wp-content\/uploads\/Otosuite_linkspot.jpg","medium_large-width":600,"medium_large-height":300,"large":"https:\/\/natussensory.com\/wp-content\/uploads\/Otosuite_linkspot.jpg","large-width":600,"large-height":300,"1536x1536":"https:\/\/natussensory.com\/wp-content\/uploads\/Otosuite_linkspot.jpg","1536x1536-width":600,"1536x1536-height":300,"2048x2048":"https:\/\/natussensory.com\/wp-content\/uploads\/Otosuite_linkspot.jpg","2048x2048-width":600,"2048x2048-height":300}},"title":"Software per audiometria","link":{"type":"post","value":"4085","url":"https:\/\/natussensory.com\/products\/otosuite\/","name":"Otosuite\u00ae &#8211; Audiometry Software","title":"Scopri di Pi\u00f9","target":""}},{"label":"audble","label_background_color":"#154284","image":{"ID":9124,"id":9124,"title":"audble_linkspot","filename":"audble_linkspot-1.jpg","filesize":69678,"url":"https:\/\/natussensory.com\/wp-content\/uploads\/audble_linkspot-1.jpg","link":"https:\/\/natussensory.com\/it\/prodotti\/otosuite\/audble_linkspot-2-2\/","alt":"","author":"4","description":"","caption":"","name":"audble_linkspot-2-2","status":"inherit","uploaded_to":13499,"date":"2023-10-02 07:31:28","modified":"2023-10-02 07:31:28","menu_order":0,"mime_type":"image\/jpeg","type":"image","subtype":"jpeg","icon":"https:\/\/natussensory.com\/wp-includes\/images\/media\/default.png","width":600,"height":300,"sizes":{"thumbnail":"https:\/\/natussensory.com\/wp-content\/uploads\/audble_linkspot-1.jpg","thumbnail-width":128,"thumbnail-height":64,"medium":"https:\/\/natussensory.com\/wp-content\/uploads\/audble_linkspot-1.jpg","medium-width":600,"medium-height":300,"medium_large":"https:\/\/natussensory.com\/wp-content\/uploads\/audble_linkspot-1.jpg","medium_large-width":600,"medium_large-height":300,"large":"https:\/\/natussensory.com\/wp-content\/uploads\/audble_linkspot-1.jpg","large-width":600,"large-height":300,"1536x1536":"https:\/\/natussensory.com\/wp-content\/uploads\/audble_linkspot-1.jpg","1536x1536-width":600,"1536x1536-height":300,"2048x2048":"https:\/\/natussensory.com\/wp-content\/uploads\/audble_linkspot-1.jpg","2048x2048-width":600,"2048x2048-height":300}},"title":"Desktop per la gestione dati","link":{"type":"post","value":"4717","url":"https:\/\/natussensory.com\/products\/audble-litedesktop\/","name":"audble\u00ae Desktop &#8211; Hearing Screening Data Management","title":"Scopri di Pi\u00f9","target":""}}]}},{"acf_fc_layout":"contact_form","_acfe_flexible_toggle":"","contact_form_landing":{"module_options":{"":null,"module_id":"contact","module_class":"","module_background_type":"color","module_background_color":"","module_background_image":false,"module_background_video":"","activate_custom_padding":false,"padding_top_desktop":0,"padding_top_tablet":"","padding_top_mobile":"","padding_bottom_desktop":"","padding_bottom_tablet":"","padding_bottom_mobile":"","activate_custom_margin":false,"margin_top_desktop":"","margin_top_tablet":"","margin_top_mobile":"","margin_bottom_desktop":"","margin_bottom_tablet":"","margin_bottom_mobile":"","disable_on":[],"content_alignment_desktop":"left","content_alignment_tablet":"left","content_alignment_mobile":"left"},"":null,"activate_intro":false,"intro_text":"","intro_text_color":"","intro_link":null,"activate_description":true,"description_title":"Contattaci","description_copy":"","embed_code":"<script charset=\"utf-8\" type=\"text\/javascript\" src=\"\/\/js.hsforms.net\/forms\/embed\/v2.js\"><\/script>\r\n<script>\r\n  hbspt.forms.create({\r\n    region: \"na1\",\r\n    portalId: \"3002890\",\r\n    formId: \"f0de3875-5d5d-4890-8803-93a497ad6d5c\"\r\n  });\r\n<\/script>"}},{"acf_fc_layout":"simple_content","_acfe_flexible_layout_title":"Part number","_acfe_flexible_toggle":"","content_full_width_landing":{"module_options":{"":null,"module_id":"n6514aae337064","module_class":"","module_background_type":"color","module_background_color":"","module_background_image":false,"module_background_video":"","activate_custom_padding":false,"padding_top_desktop":0,"padding_top_tablet":"","padding_top_mobile":"","padding_bottom_desktop":"","padding_bottom_tablet":"","padding_bottom_mobile":"","activate_custom_margin":false,"margin_top_desktop":"","margin_top_tablet":"","margin_top_mobile":"","margin_bottom_desktop":"","margin_bottom_tablet":"","margin_bottom_mobile":"","disable_on":[],"content_alignment_desktop":"left","content_alignment_tablet":"left","content_alignment_mobile":"left"},"activate_custom_container_width":false,"container_width":"","content":"<p><span style=\"font-size: 11px;\">7-36-0400-IT Rev01<\/span><\/p>\n"}}]},"_links":{"self":[{"href":"https:\/\/natussensory.com\/it\/wp-json\/wp\/v2\/pages\/13503","targetHints":{"allow":["GET"]}}],"collection":[{"href":"https:\/\/natussensory.com\/it\/wp-json\/wp\/v2\/pages"}],"about":[{"href":"https:\/\/natussensory.com\/it\/wp-json\/wp\/v2\/types\/page"}],"author":[{"embeddable":true,"href":"https:\/\/natussensory.com\/it\/wp-json\/wp\/v2\/users\/4"}],"replies":[{"embeddable":true,"href":"https:\/\/natussensory.com\/it\/wp-json\/wp\/v2\/comments?post=13503"}],"version-history":[{"count":8,"href":"https:\/\/natussensory.com\/it\/wp-json\/wp\/v2\/pages\/13503\/revisions"}],"predecessor-version":[{"id":27739,"href":"https:\/\/natussensory.com\/it\/wp-json\/wp\/v2\/pages\/13503\/revisions\/27739"}],"up":[{"embeddable":true,"href":"https:\/\/natussensory.com\/it\/wp-json\/wp\/v2\/pages\/12497"}],"wp:attachment":[{"href":"https:\/\/natussensory.com\/it\/wp-json\/wp\/v2\/media?parent=13503"}],"wp:term":[{"taxonomy":"category","embeddable":true,"href":"https:\/\/natussensory.com\/it\/wp-json\/wp\/v2\/categories?post=13503"},{"taxonomy":"post_tag","embeddable":true,"href":"https:\/\/natussensory.com\/it\/wp-json\/wp\/v2\/tags?post=13503"}],"curies":[{"name":"wp","href":"https:\/\/api.w.org\/{rel}","templated":true}]}}