{"id":13173,"date":"2023-09-15T11:49:28","date_gmt":"2023-09-15T11:49:28","guid":{"rendered":"https:\/\/natussensory.com\/sensory\/madsen-alpha\/"},"modified":"2025-09-04T08:11:05","modified_gmt":"2025-09-04T08:11:05","slug":"madsen-alpha","status":"publish","type":"page","link":"https:\/\/natussensory.com\/it\/prodotti\/madsen-alpha\/","title":{"rendered":"Madsen\u00ae Alpha"},"content":{"rendered":"","protected":false},"excerpt":{"rendered":"","protected":false},"author":4,"featured_media":0,"parent":12497,"menu_order":0,"comment_status":"closed","ping_status":"closed","template":"templates\/page-sensory-solutions-product-landing.php","meta":{"_acf_changed":false,"inline_featured_image":false,"footnotes":""},"categories":[330],"tags":[],"class_list":["post-13173","page","type-page","status-publish","hentry","category-screening-dell-udito"],"acf":{"content_blocks":[{"acf_fc_layout":"spacer","_acfe_flexible_toggle":"","spacer":{"module_options":{"":null,"module_id":"n6514b32fd84ee","module_class":"","module_background_type":"color","module_background_color":"#473089","module_background_image":false,"module_background_video":"","activate_custom_padding":false,"padding_top_desktop":"0","padding_top_tablet":"0","padding_top_mobile":"0","padding_bottom_desktop":"0","padding_bottom_tablet":"0","padding_bottom_mobile":"0","activate_custom_margin":false,"margin_top_desktop":"0","margin_top_tablet":"0","margin_top_mobile":"0","margin_bottom_desktop":"0","margin_bottom_tablet":"0","margin_bottom_mobile":"0","disable_on":[],"content_alignment_desktop":"left","content_alignment_tablet":"left","content_alignment_mobile":"left"},"height":"160"}},{"acf_fc_layout":"intro_with_sticky_image","_acfe_flexible_toggle":"","left_content_right_image_sticky":{"module_options":{"":null,"module_id":"n6514b32fe2df8","module_class":"","module_background_type":"color","module_background_color":"","module_background_image":false,"module_background_video":"","activate_custom_padding":false,"padding_top_desktop":"0","padding_top_tablet":"0","padding_top_mobile":"0","padding_bottom_desktop":"0","padding_bottom_tablet":"0","padding_bottom_mobile":"0","activate_custom_margin":false,"margin_top_desktop":"0","margin_top_tablet":"0","margin_top_mobile":"0","margin_bottom_desktop":"0","margin_bottom_tablet":"0","margin_bottom_mobile":"0","disable_on":[],"content_alignment_desktop":"left","content_alignment_tablet":"left","content_alignment_mobile":"left"},"":null,"title":"Madsen<sup>\u00ae<\/sup> Alpha OAE","subheader":"<p>L&#8217;individuazione precoce di un deficit uditivo \u00e8 importante per un sano sviluppo del bambino. Tuttavia, l&#8217;esame dell&#8217;udito pu\u00f2 risultare difficoltoso, non solo per il bambino ma anche per il medico.<\/p>\n<p>Efficienti ed accurati, Madsen Alpha OAE* e Madsen Alpha OAE+* rendono l&#8217;esame dell&#8217;udito pi\u00f9 facile per te e divertente per il bambino.<\/p>\n<p>Madsen Alpha \u00e8 un rilevatore OAE palmare, ideale per lo screening uditivo in et\u00e0 prescolare e per lo screening OAE nei pazienti di ogni et\u00e0. Scopri come \u00e8 facile lo screening OAE grazie a:<\/p>\n<ul>\n<li>Navigazione touchscreen per un utilizzo facilitato<\/li>\n<li>La cavit\u00e0 controllo sonda integrata garantisce dei test accurati<\/li>\n<li>La Modalit\u00e0 Bimbo con video di cartoni animati cattura l&#8217;attenzione dei piccoli pazienti durante il test<\/li>\n<\/ul>\n<p>&nbsp;<\/p>\n<p><span style=\"font-size: 11px;\">Non disponibile in tutti i Paesi. Contattate il vostro referente Natus di zona per la disponibilit\u00e0.<\/span><\/p>\n","icons":false,"quick_navigation":[{"quick_link":{"type":"url","value":"#contact","url":"#contact","name":"#contact","title":"richiedi un preventivo","target":""}},{"quick_link":{"type":"url","value":"#info","url":"#info","name":"#info","title":"Saperne di pi\u00f9","target":""}}],"description":"","message_label":" ","message_title":"Cercate un servizio di assistenza o supporto tecnico per i prodotti?","message_link":{"type":"post","value":"883","url":"https:\/\/natussensory.com\/support\/","name":"Service &#038; Support","title":"Servizio e Assistenza  ","target":""},"right_sticky_image":{"ID":4657,"id":4657,"title":"Madsen-Alpha_product thumbnail","filename":"Madsen-Alpha_product-thumbnail.png","filesize":245603,"url":"https:\/\/natussensory.com\/wp-content\/uploads\/Madsen-Alpha_product-thumbnail.png","link":"https:\/\/natussensory.com\/it\/prodotti\/madsen-alpha\/madsen-alpha_product-thumbnail-2\/","alt":"Madsen Alpha handheld OAE hearing screener with child mode screen, ideal for preschool and pediatric hearing screening.","author":"4","description":"","caption":"","name":"madsen-alpha_product-thumbnail-2","status":"inherit","uploaded_to":13173,"date":"2023-09-15 11:44:44","modified":"2025-05-20 13:37:48","menu_order":0,"mime_type":"image\/png","type":"image","subtype":"png","icon":"https:\/\/natussensory.com\/wp-includes\/images\/media\/default.png","width":500,"height":714,"sizes":{"thumbnail":"https:\/\/natussensory.com\/wp-content\/uploads\/Madsen-Alpha_product-thumbnail.png","thumbnail-width":67,"thumbnail-height":96,"medium":"https:\/\/natussensory.com\/wp-content\/uploads\/Madsen-Alpha_product-thumbnail.png","medium-width":500,"medium-height":714,"medium_large":"https:\/\/natussensory.com\/wp-content\/uploads\/Madsen-Alpha_product-thumbnail.png","medium_large-width":500,"medium_large-height":714,"large":"https:\/\/natussensory.com\/wp-content\/uploads\/Madsen-Alpha_product-thumbnail.png","large-width":500,"large-height":714,"1536x1536":"https:\/\/natussensory.com\/wp-content\/uploads\/Madsen-Alpha_product-thumbnail.png","1536x1536-width":500,"1536x1536-height":714,"2048x2048":"https:\/\/natussensory.com\/wp-content\/uploads\/Madsen-Alpha_product-thumbnail.png","2048x2048-width":500,"2048x2048-height":714}}}},{"acf_fc_layout":"simple_content","_acfe_flexible_toggle":"","content_full_width_landing":{"module_options":{"":null,"module_id":"n6514b32fef0ef","module_class":"","module_background_type":"color","module_background_color":"","module_background_image":false,"module_background_video":"","activate_custom_padding":false,"padding_top_desktop":"0","padding_top_tablet":"0","padding_top_mobile":"0","padding_bottom_desktop":"0","padding_bottom_tablet":"0","padding_bottom_mobile":"0","activate_custom_margin":false,"margin_top_desktop":"0","margin_top_tablet":"0","margin_top_mobile":"0","margin_bottom_desktop":"0","margin_bottom_tablet":"0","margin_bottom_mobile":"0","disable_on":[],"content_alignment_desktop":"left","content_alignment_tablet":"left","content_alignment_mobile":"left"},"activate_custom_container_width":false,"container_width":"","content":"<h2>Lo screening dell&#8217;udito per i bambini in et\u00e0 prescolare pu\u00f2 essere divertente!<\/h2>\n<h2><img loading=\"lazy\" decoding=\"async\" class=\"aligncenter size-full wp-image-4659\" src=\"https:\/\/natussensory.com\/wp-content\/uploads\/Madsen-Alpha_banner.jpg\" alt=\"\" width=\"1300\" height=\"600\" srcset=\"https:\/\/natussensory.com\/wp-content\/uploads\/Madsen-Alpha_banner.jpg 1300w, https:\/\/natussensory.com\/wp-content\/uploads\/Madsen-Alpha_banner-768x354.jpg 768w\" sizes=\"auto, (max-width: 1300px) 100vw, 1300px\" \/><\/h2>\n<p>&nbsp;<\/p>\n"}},{"acf_fc_layout":"product_details_right_image_and_left_content","_acfe_flexible_toggle":"","right_image_left_content_single_cta_landing":{"module_options":{"":null,"module_id":"n6514b33001f7b","module_class":"","module_background_type":"color","module_background_color":"","module_background_image":false,"module_background_video":"","activate_custom_padding":false,"padding_top_desktop":"0","padding_top_tablet":"0","padding_top_mobile":"0","padding_bottom_desktop":"0","padding_bottom_tablet":"0","padding_bottom_mobile":"0","activate_custom_margin":false,"margin_top_desktop":"0","margin_top_tablet":"0","margin_top_mobile":"0","margin_bottom_desktop":"0","margin_bottom_tablet":"0","margin_bottom_mobile":"0","disable_on":[],"content_alignment_desktop":"left","content_alignment_tablet":"left","content_alignment_mobile":"left"},"":null,"label":"","title":"Ora puoi disporre di uno screening OAE accurato ed efficiente","description":"<p>Il rilevatore Madsen Alpha OAE \u00e8 leggero, accurato e facile da usare. Con un solo protocollo e criteri predefiniti pass\/refer<\/p>\n<p>Madsen Alpha OAE+ offre otto protocolli &#8211; incluso un mix di opzioni di arresto automatico e dei test completi della gamma di frequenza. Il dispositivo \u00e8 dotato di docking station per la ricarica, e di una funzionalit\u00e0 Print-to-PDF.<\/p>\n<p>Per entrambi i modelli, \u00e8 disponibile una stampante per etichette opzionale<\/p>\n","link":null,"image":{"ID":4667,"id":4667,"title":"Madsen-alpha_young-patient_spot","filename":"Madsen-alpha_young-patient_spot.jpg","filesize":219947,"url":"https:\/\/natussensory.com\/wp-content\/uploads\/Madsen-alpha_young-patient_spot.jpg","link":"https:\/\/natussensory.com\/it\/prodotti\/madsen-alpha\/madsen-alpha_young-patient_spot-2\/","alt":"Child using Madsen Alpha Handheld OAE Screener during preschool hearing screening.","author":"4","description":"","caption":"","name":"madsen-alpha_young-patient_spot-2","status":"inherit","uploaded_to":13173,"date":"2023-09-15 11:46:50","modified":"2025-05-20 13:40:49","menu_order":0,"mime_type":"image\/jpeg","type":"image","subtype":"jpeg","icon":"https:\/\/natussensory.com\/wp-includes\/images\/media\/default.png","width":800,"height":450,"sizes":{"thumbnail":"https:\/\/natussensory.com\/wp-content\/uploads\/Madsen-alpha_young-patient_spot.jpg","thumbnail-width":128,"thumbnail-height":72,"medium":"https:\/\/natussensory.com\/wp-content\/uploads\/Madsen-alpha_young-patient_spot.jpg","medium-width":800,"medium-height":450,"medium_large":"https:\/\/natussensory.com\/wp-content\/uploads\/Madsen-alpha_young-patient_spot-768x432.jpg","medium_large-width":768,"medium_large-height":432,"large":"https:\/\/natussensory.com\/wp-content\/uploads\/Madsen-alpha_young-patient_spot.jpg","large-width":800,"large-height":450,"1536x1536":"https:\/\/natussensory.com\/wp-content\/uploads\/Madsen-alpha_young-patient_spot.jpg","1536x1536-width":800,"1536x1536-height":450,"2048x2048":"https:\/\/natussensory.com\/wp-content\/uploads\/Madsen-alpha_young-patient_spot.jpg","2048x2048-width":800,"2048x2048-height":450}}}},{"acf_fc_layout":"product_details_left_image_and_right_content","_acfe_flexible_toggle":"","left_image_right_content_single_cta_landing":{"module_options":{"":null,"module_id":"n6514b3300eec4","module_class":"","module_background_type":"color","module_background_color":"","module_background_image":false,"module_background_video":"","activate_custom_padding":false,"padding_top_desktop":"0","padding_top_tablet":"0","padding_top_mobile":"0","padding_bottom_desktop":"0","padding_bottom_tablet":"0","padding_bottom_mobile":"0","activate_custom_margin":false,"margin_top_desktop":"0","margin_top_tablet":"0","margin_top_mobile":"0","margin_bottom_desktop":"0","margin_bottom_tablet":"0","margin_bottom_mobile":"0","disable_on":[],"content_alignment_desktop":"left","content_alignment_tablet":"left","content_alignment_mobile":"left"},"image":{"ID":4672,"id":4672,"title":"Madsen-alpha_kindergarten_spot","filename":"Madsen-alpha_kindergarten_spot.jpg","filesize":158514,"url":"https:\/\/natussensory.com\/wp-content\/uploads\/Madsen-alpha_kindergarten_spot.jpg","link":"https:\/\/natussensory.com\/it\/prodotti\/madsen-alpha\/madsen-alpha_kindergarten_spot-2\/","alt":"Preschool hearing screening using the Madsen Alpha Pediatric Hearing Screener.","author":"4","description":"","caption":"","name":"madsen-alpha_kindergarten_spot-2","status":"inherit","uploaded_to":13173,"date":"2023-09-15 11:46:53","modified":"2025-05-20 13:42:07","menu_order":0,"mime_type":"image\/jpeg","type":"image","subtype":"jpeg","icon":"https:\/\/natussensory.com\/wp-includes\/images\/media\/default.png","width":800,"height":450,"sizes":{"thumbnail":"https:\/\/natussensory.com\/wp-content\/uploads\/Madsen-alpha_kindergarten_spot.jpg","thumbnail-width":128,"thumbnail-height":72,"medium":"https:\/\/natussensory.com\/wp-content\/uploads\/Madsen-alpha_kindergarten_spot.jpg","medium-width":800,"medium-height":450,"medium_large":"https:\/\/natussensory.com\/wp-content\/uploads\/Madsen-alpha_kindergarten_spot-768x432.jpg","medium_large-width":768,"medium_large-height":432,"large":"https:\/\/natussensory.com\/wp-content\/uploads\/Madsen-alpha_kindergarten_spot.jpg","large-width":800,"large-height":450,"1536x1536":"https:\/\/natussensory.com\/wp-content\/uploads\/Madsen-alpha_kindergarten_spot.jpg","1536x1536-width":800,"1536x1536-height":450,"2048x2048":"https:\/\/natussensory.com\/wp-content\/uploads\/Madsen-alpha_kindergarten_spot.jpg","2048x2048-width":800,"2048x2048-height":450}},"label":"","title":"Un rilevatore OAE che \u00e8 divertente per i bambini e veloce per il medico","description":"<p>Con Madsen Alpha, i bambini si sottoporanno al test senza agitarsi. Una volta che la sonda \u00e8 inserita nel condotto uditivo, basta premere un tasto per iniziare il test, mentre un divertente cartone animato intrattiene il bambino, cheresta tranquillo per tutto il tempo dell&#8217;esame.<\/p>\n<p>&nbsp;<\/p>\n<p>Il touch screeen di alta qualit\u00e0 e a colori piace sia all&#8217;esaminatore che al bambino.<\/p>\n<p>&nbsp;<\/p>\n<p>Accurato e preciso, Madsen Alpha ha un ingombro minimo ed \u00e8 facile da trasportare \u2013 pu\u00f2 essere collocato ovunque sia necessario esaminare i pazienti.<\/p>\n","link":null}},{"acf_fc_layout":"related_products","_acfe_flexible_layout_title":"Resources and Support","_acfe_flexible_toggle":"","tiles_3_columns_landing":{"module_options":{"":null,"module_id":"n6514389e9cd0e","module_class":"","module_background_type":"color","module_background_color":"","module_background_image":false,"module_background_video":"","activate_custom_padding":false,"padding_top_desktop":0,"padding_top_tablet":"","padding_top_mobile":"","padding_bottom_desktop":"","padding_bottom_tablet":"","padding_bottom_mobile":"","activate_custom_margin":false,"margin_top_desktop":"","margin_top_tablet":"","margin_top_mobile":"","margin_bottom_desktop":"","margin_bottom_tablet":"","margin_bottom_mobile":"","disable_on":[],"content_alignment_desktop":"left","content_alignment_tablet":"left","content_alignment_mobile":"left"},"intro_text":"Risorse e Supporto","intro_text_color":"","intro_link":null,"tiles":[{"label":"Risorse","label_background_color":"#154284","image":false,"title":"Opuscolo, Volantino, Scheda technica e altro ancora","link":{"type":"url","value":"https:\/\/natus.bynder.com\/web\/cbec3fabded6956\/resource-library-madsen-alpha\/","url":"https:\/\/natus.bynder.com\/web\/cbec3fabded6956\/resource-library-madsen-alpha\/","name":"https:\/\/natus.bynder.com\/web\/cbec3fabded6956\/resource-library-madsen-alpha\/","title":"Madsen Alpha Risorse","target":"_blank"}},{"label":"Supporto","label_background_color":"#154284","image":false,"title":"Manuali e Guide (eIFUs)","link":{"type":"post","value":"883","url":"https:\/\/natussensory.com\/support\/","name":"Service &#038; Support","title":"Servizio e Assistenza","target":""}}]}},{"acf_fc_layout":"related_products","_acfe_flexible_toggle":"","tiles_3_columns_landing":{"module_options":{"":null,"module_id":"n6514af3363d37","module_class":"","module_background_type":"color","module_background_color":"","module_background_image":false,"module_background_video":"","activate_custom_padding":false,"padding_top_desktop":"0","padding_top_tablet":"0","padding_top_mobile":"0","padding_bottom_desktop":"0","padding_bottom_tablet":"0","padding_bottom_mobile":"0","activate_custom_margin":false,"margin_top_desktop":"0","margin_top_tablet":"0","margin_top_mobile":"0","margin_bottom_desktop":"0","margin_bottom_tablet":"0","margin_bottom_mobile":"0","disable_on":[],"content_alignment_desktop":"left","content_alignment_tablet":"left","content_alignment_mobile":"left"},"intro_text":"Prodotti Correlati","intro_text_color":"#005e63","intro_link":{"type":"post","value":"1518","url":"https:\/\/natussensory.com\/products\/","name":"Products","title":"Visualizza tutti i prodotti","target":""},"tiles":[{"label":"ALGO 7i","label_background_color":"#154284","image":{"ID":8899,"id":8899,"title":"ALGO-7i_linkspot","filename":"ALGO-7i_linkspot.jpg","filesize":30220,"url":"https:\/\/natussensory.com\/wp-content\/uploads\/ALGO-7i_linkspot.jpg","link":"https:\/\/natussensory.com\/it\/prodotti\/algo-7i\/algo-7i_linkspot-2\/","alt":"Algo7i","author":"4","description":"","caption":"","name":"algo-7i_linkspot-2","status":"inherit","uploaded_to":13152,"date":"2023-10-01 14:24:18","modified":"2025-08-06 14:10:09","menu_order":0,"mime_type":"image\/jpeg","type":"image","subtype":"jpeg","icon":"https:\/\/natussensory.com\/wp-includes\/images\/media\/default.png","width":600,"height":300,"sizes":{"thumbnail":"https:\/\/natussensory.com\/wp-content\/uploads\/ALGO-7i_linkspot.jpg","thumbnail-width":128,"thumbnail-height":64,"medium":"https:\/\/natussensory.com\/wp-content\/uploads\/ALGO-7i_linkspot.jpg","medium-width":600,"medium-height":300,"medium_large":"https:\/\/natussensory.com\/wp-content\/uploads\/ALGO-7i_linkspot.jpg","medium_large-width":600,"medium_large-height":300,"large":"https:\/\/natussensory.com\/wp-content\/uploads\/ALGO-7i_linkspot.jpg","large-width":600,"large-height":300,"1536x1536":"https:\/\/natussensory.com\/wp-content\/uploads\/ALGO-7i_linkspot.jpg","1536x1536-width":600,"1536x1536-height":300,"2048x2048":"https:\/\/natussensory.com\/wp-content\/uploads\/ALGO-7i_linkspot.jpg","2048x2048-width":600,"2048x2048-height":300}},"title":"Prestazioni di altissimo livello con il perfezionamento dello screening audiologico AABR\u00ae","link":{"type":"post","value":"4205","url":"https:\/\/natussensory.com\/products\/algo-7i\/","name":"ALGO\u00ae 7i Newborn Hearing Screener","title":"Scopri di Pi\u00f9","target":""}},{"label":"Accuscreen","label_background_color":"#154284","image":{"ID":8889,"id":8889,"title":"Accuscreen_linkspot","filename":"Accuscreen_linkspot.jpg","filesize":34234,"url":"https:\/\/natussensory.com\/wp-content\/uploads\/Accuscreen_linkspot.jpg","link":"https:\/\/natussensory.com\/it\/prodotti\/algo-7i\/accuscreen_linkspot-2\/","alt":"Accuscreen","author":"4","description":"","caption":"","name":"accuscreen_linkspot-2","status":"inherit","uploaded_to":13152,"date":"2023-10-01 14:24:14","modified":"2025-08-06 14:23:23","menu_order":0,"mime_type":"image\/jpeg","type":"image","subtype":"jpeg","icon":"https:\/\/natussensory.com\/wp-includes\/images\/media\/default.png","width":600,"height":300,"sizes":{"thumbnail":"https:\/\/natussensory.com\/wp-content\/uploads\/Accuscreen_linkspot.jpg","thumbnail-width":128,"thumbnail-height":64,"medium":"https:\/\/natussensory.com\/wp-content\/uploads\/Accuscreen_linkspot.jpg","medium-width":600,"medium-height":300,"medium_large":"https:\/\/natussensory.com\/wp-content\/uploads\/Accuscreen_linkspot.jpg","medium_large-width":600,"medium_large-height":300,"large":"https:\/\/natussensory.com\/wp-content\/uploads\/Accuscreen_linkspot.jpg","large-width":600,"large-height":300,"1536x1536":"https:\/\/natussensory.com\/wp-content\/uploads\/Accuscreen_linkspot.jpg","1536x1536-width":600,"1536x1536-height":300,"2048x2048":"https:\/\/natussensory.com\/wp-content\/uploads\/Accuscreen_linkspot.jpg","2048x2048-width":600,"2048x2048-height":300}},"title":"Dispositivo palmare leggero e portatile per lo screening OAE ed ABR","link":{"type":"post","value":"4633","url":"https:\/\/natussensory.com\/products\/madsen-accuscreen\/","name":"Madsen\u00ae Accuscreen\u00ae &#8211; Newborn Hearing Screener","title":"Scopri di Pi\u00f9","target":""}},{"label":"Bio-logic AuDX","label_background_color":"#154284","image":{"ID":8909,"id":8909,"title":"AuDX_linkspot","filename":"AuDX_linkspot-1.jpg","filesize":34580,"url":"https:\/\/natussensory.com\/wp-content\/uploads\/AuDX_linkspot-1.jpg","link":"https:\/\/natussensory.com\/it\/prodotti\/algo-7i\/audx_linkspot-2-2\/","alt":"AuDX","author":"4","description":"","caption":"","name":"audx_linkspot-2-2","status":"inherit","uploaded_to":13152,"date":"2023-10-01 14:24:22","modified":"2025-08-06 14:17:59","menu_order":0,"mime_type":"image\/jpeg","type":"image","subtype":"jpeg","icon":"https:\/\/natussensory.com\/wp-includes\/images\/media\/default.png","width":600,"height":300,"sizes":{"thumbnail":"https:\/\/natussensory.com\/wp-content\/uploads\/AuDX_linkspot-1.jpg","thumbnail-width":128,"thumbnail-height":64,"medium":"https:\/\/natussensory.com\/wp-content\/uploads\/AuDX_linkspot-1.jpg","medium-width":600,"medium-height":300,"medium_large":"https:\/\/natussensory.com\/wp-content\/uploads\/AuDX_linkspot-1.jpg","medium_large-width":600,"medium_large-height":300,"large":"https:\/\/natussensory.com\/wp-content\/uploads\/AuDX_linkspot-1.jpg","large-width":600,"large-height":300,"1536x1536":"https:\/\/natussensory.com\/wp-content\/uploads\/AuDX_linkspot-1.jpg","1536x1536-width":600,"1536x1536-height":300,"2048x2048":"https:\/\/natussensory.com\/wp-content\/uploads\/AuDX_linkspot-1.jpg","2048x2048-width":600,"2048x2048-height":300}},"title":"Screening OAE","link":{"type":"post","value":"4616","url":"https:\/\/natussensory.com\/products\/audx\/","name":"Bio-logic AuDX &#8211; OAE Hearing Screener","title":"Scopri di Pi\u00f9","target":""}}]}},{"acf_fc_layout":"contact_form","_acfe_flexible_toggle":"","contact_form_landing":{"module_options":{"":null,"module_id":"contact","module_class":"","module_background_type":"color","module_background_color":"","module_background_image":false,"module_background_video":"","activate_custom_padding":false,"padding_top_desktop":0,"padding_top_tablet":"","padding_top_mobile":"","padding_bottom_desktop":"","padding_bottom_tablet":"","padding_bottom_mobile":"","activate_custom_margin":false,"margin_top_desktop":"","margin_top_tablet":"","margin_top_mobile":"","margin_bottom_desktop":"","margin_bottom_tablet":"","margin_bottom_mobile":"","disable_on":[],"content_alignment_desktop":"left","content_alignment_tablet":"left","content_alignment_mobile":"left"},"":null,"activate_intro":false,"intro_text":"","intro_text_color":"","intro_link":null,"activate_description":true,"description_title":"Contattaci","description_copy":"","embed_code":"<script charset=\"utf-8\" type=\"text\/javascript\" src=\"\/\/js.hsforms.net\/forms\/embed\/v2.js\"><\/script>\r\n<script>\r\n  hbspt.forms.create({\r\n    region: \"na1\",\r\n    portalId: \"3002890\",\r\n    formId: \"6ec474b5-8ac5-464c-a756-79e637e385a8\"\r\n  });\r\n<\/script>"}},{"acf_fc_layout":"simple_content","_acfe_flexible_layout_title":"Part number","_acfe_flexible_toggle":"","content_full_width_landing":{"module_options":{"":null,"module_id":"n6514b3303f2fe","module_class":"","module_background_type":"color","module_background_color":"","module_background_image":false,"module_background_video":"","activate_custom_padding":false,"padding_top_desktop":0,"padding_top_tablet":"","padding_top_mobile":"","padding_bottom_desktop":"","padding_bottom_tablet":"","padding_bottom_mobile":"","activate_custom_margin":false,"margin_top_desktop":"","margin_top_tablet":"","margin_top_mobile":"","margin_bottom_desktop":"","margin_bottom_tablet":"","margin_bottom_mobile":"","disable_on":[],"content_alignment_desktop":"left","content_alignment_tablet":"left","content_alignment_mobile":"left"},"activate_custom_container_width":false,"container_width":"","content":"<p><span style=\"font-size: 11px;\">7-36-3080-IT_00<\/span><\/p>\n"}}]},"_links":{"self":[{"href":"https:\/\/natussensory.com\/it\/wp-json\/wp\/v2\/pages\/13173","targetHints":{"allow":["GET"]}}],"collection":[{"href":"https:\/\/natussensory.com\/it\/wp-json\/wp\/v2\/pages"}],"about":[{"href":"https:\/\/natussensory.com\/it\/wp-json\/wp\/v2\/types\/page"}],"author":[{"embeddable":true,"href":"https:\/\/natussensory.com\/it\/wp-json\/wp\/v2\/users\/4"}],"replies":[{"embeddable":true,"href":"https:\/\/natussensory.com\/it\/wp-json\/wp\/v2\/comments?post=13173"}],"version-history":[{"count":8,"href":"https:\/\/natussensory.com\/it\/wp-json\/wp\/v2\/pages\/13173\/revisions"}],"predecessor-version":[{"id":26832,"href":"https:\/\/natussensory.com\/it\/wp-json\/wp\/v2\/pages\/13173\/revisions\/26832"}],"up":[{"embeddable":true,"href":"https:\/\/natussensory.com\/it\/wp-json\/wp\/v2\/pages\/12497"}],"wp:attachment":[{"href":"https:\/\/natussensory.com\/it\/wp-json\/wp\/v2\/media?parent=13173"}],"wp:term":[{"taxonomy":"category","embeddable":true,"href":"https:\/\/natussensory.com\/it\/wp-json\/wp\/v2\/categories?post=13173"},{"taxonomy":"post_tag","embeddable":true,"href":"https:\/\/natussensory.com\/it\/wp-json\/wp\/v2\/tags?post=13173"}],"curies":[{"name":"wp","href":"https:\/\/api.w.org\/{rel}","templated":true}]}}