{"id":13137,"date":"2023-09-19T13:30:00","date_gmt":"2023-09-19T13:30:00","guid":{"rendered":"https:\/\/natussensory.com\/sensory\/hi-pro-2\/"},"modified":"2025-10-22T12:07:41","modified_gmt":"2025-10-22T12:07:41","slug":"hi-pro-2","status":"publish","type":"page","link":"https:\/\/natussensory.com\/it\/prodotti\/hi-pro-2\/","title":{"rendered":"Hi-Pro\u00ae 2 &#8211; Programmazione degli apparecchi acustici"},"content":{"rendered":"","protected":false},"excerpt":{"rendered":"","protected":false},"author":4,"featured_media":0,"parent":12497,"menu_order":0,"comment_status":"closed","ping_status":"closed","template":"templates\/page-sensory-solutions-product-landing.php","meta":{"_acf_changed":false,"inline_featured_image":false,"footnotes":""},"categories":[329],"tags":[],"class_list":["post-13137","page","type-page","status-publish","hentry","category-sistemi-di-fitting"],"acf":{"content_blocks":[{"acf_fc_layout":"spacer","_acfe_flexible_toggle":"","spacer":{"module_options":{"":null,"module_id":"n6515250fb293e","module_class":"","module_background_type":"color","module_background_color":"#473089","module_background_image":false,"module_background_video":"","activate_custom_padding":false,"padding_top_desktop":"0","padding_top_tablet":"0","padding_top_mobile":"0","padding_bottom_desktop":"0","padding_bottom_tablet":"0","padding_bottom_mobile":"0","activate_custom_margin":false,"margin_top_desktop":"0","margin_top_tablet":"0","margin_top_mobile":"0","margin_bottom_desktop":"0","margin_bottom_tablet":"0","margin_bottom_mobile":"0","disable_on":[],"content_alignment_desktop":"left","content_alignment_tablet":"left","content_alignment_mobile":"left"},"height":"160"}},{"acf_fc_layout":"intro_with_sticky_image","_acfe_flexible_toggle":"","left_content_right_image_sticky":{"module_options":{"":null,"module_id":"n6515250fba48c","module_class":"","module_background_type":"color","module_background_color":"","module_background_image":false,"module_background_video":"","activate_custom_padding":false,"padding_top_desktop":"0","padding_top_tablet":"0","padding_top_mobile":"0","padding_bottom_desktop":"0","padding_bottom_tablet":"0","padding_bottom_mobile":"0","activate_custom_margin":false,"margin_top_desktop":"0","margin_top_tablet":"0","margin_top_mobile":"0","margin_bottom_desktop":"0","margin_bottom_tablet":"0","margin_bottom_mobile":"0","disable_on":[],"content_alignment_desktop":"left","content_alignment_tablet":"left","content_alignment_mobile":"left"},"":null,"title":"Hi-Pro<sup>\u00ae<\/sup> 2","subheader":"<p>Hi-Pro 2 \u00e8 un&#8217;interfaccia hardware universale per la programmazione di ogni tipo di apparecchio acustico.<\/p>\n<p>Permette di risparmiare tempo &#8211; La modalit\u00e0 ad alta velocit\u00e0 permette ai moduli di fitting di comunicare con l&#8217;apparecchio acustico pi\u00f9 rapidamente della versione Hi-Pro\u00a0USB.<\/p>\n<p>Ottimizza il processo di fitting &#8211; Disponibile come dispositivo autonomo che ha un ingombro minimo, o come parte integrale dell&#8217;audimetro Aurical Aud.<\/p>\n<p>Scegli lo standard industriale<\/p>\n<p>Inizia a provare Hi-Pro 2 oggi stesso!<\/p>\n","icons":false,"quick_navigation":[{"quick_link":{"type":"url","value":"#contact","url":"#contact","name":"#contact","title":"richiedi un preventivo","target":""}},{"quick_link":{"type":"url","value":"#info","url":"#info","name":"#info","title":" Saperne di pi\u00f9","target":""}}],"description":"","message_label":" ","message_title":"Cercate un servizio di assistenza o supporto tecnico per i prodotti?","message_link":{"type":"post","value":"883","url":"https:\/\/natussensory.com\/support\/","name":"Service &#038; Support","title":"Servizio e Assistenza  ","target":""},"right_sticky_image":{"ID":5375,"id":5375,"title":"Hi-pro2_product thumbnail","filename":"Hi-pro2_product-thumbnail.png","filesize":135075,"url":"https:\/\/natussensory.com\/wp-content\/uploads\/Hi-pro2_product-thumbnail.png","link":"https:\/\/natussensory.com\/it\/prodotti\/hi-pro-2\/hi-pro2_product-thumbnail-2\/","alt":"Hi-Pro 2 hearing aid programmer front panel with left and right port connections.","author":"4","description":"","caption":"","name":"hi-pro2_product-thumbnail-2","status":"inherit","uploaded_to":13137,"date":"2023-09-19 13:28:31","modified":"2025-05-07 10:52:29","menu_order":0,"mime_type":"image\/png","type":"image","subtype":"png","icon":"https:\/\/natussensory.com\/wp-includes\/images\/media\/default.png","width":500,"height":288,"sizes":{"thumbnail":"https:\/\/natussensory.com\/wp-content\/uploads\/Hi-pro2_product-thumbnail.png","thumbnail-width":128,"thumbnail-height":74,"medium":"https:\/\/natussensory.com\/wp-content\/uploads\/Hi-pro2_product-thumbnail.png","medium-width":500,"medium-height":288,"medium_large":"https:\/\/natussensory.com\/wp-content\/uploads\/Hi-pro2_product-thumbnail.png","medium_large-width":500,"medium_large-height":288,"large":"https:\/\/natussensory.com\/wp-content\/uploads\/Hi-pro2_product-thumbnail.png","large-width":500,"large-height":288,"1536x1536":"https:\/\/natussensory.com\/wp-content\/uploads\/Hi-pro2_product-thumbnail.png","1536x1536-width":500,"1536x1536-height":288,"2048x2048":"https:\/\/natussensory.com\/wp-content\/uploads\/Hi-pro2_product-thumbnail.png","2048x2048-width":500,"2048x2048-height":288}}}},{"acf_fc_layout":"simple_content","_acfe_flexible_toggle":"","content_full_width_landing":{"module_options":{"":null,"module_id":"n6515250fc5a0e","module_class":"","module_background_type":"color","module_background_color":"","module_background_image":false,"module_background_video":"","activate_custom_padding":false,"padding_top_desktop":"0","padding_top_tablet":"0","padding_top_mobile":"0","padding_bottom_desktop":"0","padding_bottom_tablet":"0","padding_bottom_mobile":"0","activate_custom_margin":false,"margin_top_desktop":"0","margin_top_tablet":"0","margin_top_mobile":"0","margin_bottom_desktop":"0","margin_bottom_tablet":"0","margin_bottom_mobile":"0","disable_on":[],"content_alignment_desktop":"left","content_alignment_tablet":"left","content_alignment_mobile":"left"},"activate_custom_container_width":false,"container_width":"","content":"<h2>Stai cercando un sistema efficiente per la programmazione dell&#8217;apparecchio acustico?<\/h2>\n<p><img loading=\"lazy\" decoding=\"async\" class=\"aligncenter size-full wp-image-5362\" src=\"https:\/\/natussensory.com\/wp-content\/uploads\/Hi-pro2_banner.png\" alt=\"\" width=\"1733\" height=\"800\" srcset=\"https:\/\/natussensory.com\/wp-content\/uploads\/Hi-pro2_banner.png 1733w, https:\/\/natussensory.com\/wp-content\/uploads\/Hi-pro2_banner-768x355.png 768w, https:\/\/natussensory.com\/wp-content\/uploads\/Hi-pro2_banner-1536x709.png 1536w\" sizes=\"auto, (max-width: 1733px) 100vw, 1733px\" \/><\/p>\n<p>&nbsp;<\/p>\n"}},{"acf_fc_layout":"product_details_right_image_and_left_content","_acfe_flexible_toggle":"","right_image_left_content_single_cta_landing":{"module_options":{"":null,"module_id":"n6515250fcc825","module_class":"","module_background_type":"color","module_background_color":"","module_background_image":false,"module_background_video":"","activate_custom_padding":false,"padding_top_desktop":"0","padding_top_tablet":"0","padding_top_mobile":"0","padding_bottom_desktop":"0","padding_bottom_tablet":"0","padding_bottom_mobile":"0","activate_custom_margin":false,"margin_top_desktop":"0","margin_top_tablet":"0","margin_top_mobile":"0","margin_bottom_desktop":"0","margin_bottom_tablet":"0","margin_bottom_mobile":"0","disable_on":[],"content_alignment_desktop":"left","content_alignment_tablet":"left","content_alignment_mobile":"left"},"":null,"label":"","title":"Razionalizza il tuo processo di fitting","description":"<p>Hi-Pro 2 offre la via pi\u00f9 semplice per razionalizzare il tuo processo di fitting. Creato in collaborazione con i produttori di apparecchi acustici, Hi-Pro 2 \u00e8 l\u2019utimo della serie Hi-Pro \u2013 da tempo riconosciuto come lo standard tra gli strumenti per la programmazione degli apparecchi acustici. Hi-Pro 2 ha l\u2019hardware con l\u2019interfaccia universale per programmare tutti i marchi di apparecchi acustici &#8211; programmandoli velocemente, facilmente e in modo affidabile<\/p>\n","link":null,"image":{"ID":5370,"id":5370,"title":"Hi-pro2_product_spot","filename":"Hi-pro2_product_spot.png","filesize":276226,"url":"https:\/\/natussensory.com\/wp-content\/uploads\/Hi-pro2_product_spot.png","link":"https:\/\/natussensory.com\/it\/prodotti\/hi-pro-2\/hi-pro2_product_spot-2\/","alt":"Hi-Pro 2 hearing aid programmer with left and right port connection.\n","author":"4","description":"","caption":"","name":"hi-pro2_product_spot-2","status":"inherit","uploaded_to":13137,"date":"2023-09-19 13:27:56","modified":"2025-05-07 10:54:02","menu_order":0,"mime_type":"image\/png","type":"image","subtype":"png","icon":"https:\/\/natussensory.com\/wp-includes\/images\/media\/default.png","width":800,"height":450,"sizes":{"thumbnail":"https:\/\/natussensory.com\/wp-content\/uploads\/Hi-pro2_product_spot.png","thumbnail-width":128,"thumbnail-height":72,"medium":"https:\/\/natussensory.com\/wp-content\/uploads\/Hi-pro2_product_spot.png","medium-width":800,"medium-height":450,"medium_large":"https:\/\/natussensory.com\/wp-content\/uploads\/Hi-pro2_product_spot-768x432.png","medium_large-width":768,"medium_large-height":432,"large":"https:\/\/natussensory.com\/wp-content\/uploads\/Hi-pro2_product_spot.png","large-width":800,"large-height":450,"1536x1536":"https:\/\/natussensory.com\/wp-content\/uploads\/Hi-pro2_product_spot.png","1536x1536-width":800,"1536x1536-height":450,"2048x2048":"https:\/\/natussensory.com\/wp-content\/uploads\/Hi-pro2_product_spot.png","2048x2048-width":800,"2048x2048-height":450}}}},{"acf_fc_layout":"product_information","_acfe_flexible_toggle":"","left_accordion_right_image_landing":{"module_options":{"":null,"module_id":"info","module_class":"","module_background_type":"color","module_background_color":"","module_background_image":false,"module_background_video":"","activate_custom_padding":false,"padding_top_desktop":"0","padding_top_tablet":"0","padding_top_mobile":"0","padding_bottom_desktop":"0","padding_bottom_tablet":"0","padding_bottom_mobile":"0","activate_custom_margin":false,"margin_top_desktop":"0","margin_top_tablet":"0","margin_top_mobile":"0","margin_bottom_desktop":"0","margin_bottom_tablet":"0","margin_bottom_mobile":"0","disable_on":[],"content_alignment_desktop":"left","content_alignment_tablet":"left","content_alignment_mobile":"left"},"intro":"Informazioni sul Prodotto","description":"","accordion":[{"title":"Specifiche","accordion_content":[{"acf_fc_layout":"full_content","accordion_description":"<p><strong>Interfaccia PC<\/strong><\/p>\n<p>Comunicazione: USB 2.0 full speed (compatibile con USB 1.1)<\/p>\n<p>Tipo di connettore USB: Connettore &#8220;Tipo B&#8221; (sull&#8217;unit\u00e0 HI-PRO 2)<\/p>\n<p>&nbsp;<\/p>\n<p><strong>Alimentazione<\/strong><\/p>\n<p>L&#8217;unit\u00e0 HI-PRO 2 \u00e8 alimentata tramite la porta USB del PC.<\/p>\n<p>&nbsp;<\/p>\n<p><strong>Sistemi\u00a0<\/strong><strong>operativi<\/strong><strong>:<\/strong><\/p>\n<p>Windows XP Pro SP3, Windows 7 (32 e 64 bit)<\/p>\n<p>Windows 8 (32 e 64 bit)<\/p>\n<p>Windows 10<\/p>\n"}]}],"image_left":false}},{"acf_fc_layout":"related_products","_acfe_flexible_layout_title":"Resources and Support","_acfe_flexible_toggle":"","tiles_3_columns_landing":{"module_options":{"":null,"module_id":"n6514389e9cd0e","module_class":"","module_background_type":"color","module_background_color":"","module_background_image":false,"module_background_video":"","activate_custom_padding":false,"padding_top_desktop":"0","padding_top_tablet":"0","padding_top_mobile":"0","padding_bottom_desktop":"0","padding_bottom_tablet":"0","padding_bottom_mobile":"0","activate_custom_margin":false,"margin_top_desktop":"0","margin_top_tablet":"0","margin_top_mobile":"0","margin_bottom_desktop":"0","margin_bottom_tablet":"0","margin_bottom_mobile":"0","disable_on":[],"content_alignment_desktop":"left","content_alignment_tablet":"left","content_alignment_mobile":"left"},"intro_text":"Risorse e Supporto","intro_text_color":"","intro_link":null,"tiles":[{"label":"Risorse","label_background_color":"#154284","image":false,"title":"Opuscolo, Volantino, Scheda technica e altro ancora","link":{"type":"url","value":"https:\/\/natus.bynder.com\/web\/2655a32437a2118e\/resource-library-hi-pro-2\/","url":"https:\/\/natus.bynder.com\/web\/2655a32437a2118e\/resource-library-hi-pro-2\/","name":"https:\/\/natus.bynder.com\/web\/2655a32437a2118e\/resource-library-hi-pro-2\/","title":"Hi-Pro 2 Risorse","target":"_blank"}},{"label":"Supporto","label_background_color":"#154284","image":false,"title":"Manuali e Guide (eIFUs)","link":{"type":"post","value":"883","url":"https:\/\/natussensory.com\/support\/","name":"Service &#038; Support","title":"Servizio e Assistenza","target":""}}]}},{"acf_fc_layout":"related_products","_acfe_flexible_toggle":"","tiles_3_columns_landing":{"module_options":{"":null,"module_id":"n65141ea2cc975","module_class":"","module_background_type":"color","module_background_color":"","module_background_image":false,"module_background_video":"","activate_custom_padding":false,"padding_top_desktop":"0","padding_top_tablet":"0","padding_top_mobile":"0","padding_bottom_desktop":"0","padding_bottom_tablet":"0","padding_bottom_mobile":"0","activate_custom_margin":false,"margin_top_desktop":"0","margin_top_tablet":"0","margin_top_mobile":"0","margin_bottom_desktop":"0","margin_bottom_tablet":"0","margin_bottom_mobile":"0","disable_on":[],"content_alignment_desktop":"left","content_alignment_tablet":"left","content_alignment_mobile":"left"},"intro_text":"Prodotti Correlati","intro_text_color":"#005e63","intro_link":{"type":"post","value":"1518","url":"https:\/\/natussensory.com\/products\/","name":"Products","title":"Visualizza tutti i prodotti","target":""},"tiles":[{"label":"Aurical Freefit","label_background_color":"#154284","image":{"ID":7713,"id":7713,"title":"Freefit_linkspot","filename":"Freefit_linkspot.jpg","filesize":97869,"url":"https:\/\/natussensory.com\/wp-content\/uploads\/Freefit_linkspot.jpg","link":"https:\/\/natussensory.com\/it\/prodotti\/aurical\/freefit_linkspot-2\/","alt":"Aurical Freefit","author":"4","description":"","caption":"","name":"freefit_linkspot-2","status":"inherit","uploaded_to":12965,"date":"2023-09-27 12:41:41","modified":"2025-10-20 09:21:38","menu_order":0,"mime_type":"image\/jpeg","type":"image","subtype":"jpeg","icon":"https:\/\/natussensory.com\/wp-includes\/images\/media\/default.png","width":600,"height":300,"sizes":{"thumbnail":"https:\/\/natussensory.com\/wp-content\/uploads\/Freefit_linkspot.jpg","thumbnail-width":128,"thumbnail-height":64,"medium":"https:\/\/natussensory.com\/wp-content\/uploads\/Freefit_linkspot.jpg","medium-width":600,"medium-height":300,"medium_large":"https:\/\/natussensory.com\/wp-content\/uploads\/Freefit_linkspot.jpg","medium_large-width":600,"medium_large-height":300,"large":"https:\/\/natussensory.com\/wp-content\/uploads\/Freefit_linkspot.jpg","large-width":600,"large-height":300,"1536x1536":"https:\/\/natussensory.com\/wp-content\/uploads\/Freefit_linkspot.jpg","1536x1536-width":600,"1536x1536-height":300,"2048x2048":"https:\/\/natussensory.com\/wp-content\/uploads\/Freefit_linkspot.jpg","2048x2048-width":600,"2048x2048-height":300}},"title":"Misurazioni in vivo (REM)","link":{"type":"post","value":"4904","url":"https:\/\/natussensory.com\/products\/aurical-freefit\/","name":"Aurical\u00ae Freefit &#8211; Real ear measurement","title":"Scopri di Pi\u00f9","target":""}},{"label":"Aurical HIT","label_background_color":"#154284","image":{"ID":7708,"id":7708,"title":"Aurical-HIT_linkspot","filename":"Aurical-HIT_linkspot.jpg","filesize":44971,"url":"https:\/\/natussensory.com\/wp-content\/uploads\/Aurical-HIT_linkspot.jpg","link":"https:\/\/natussensory.com\/it\/prodotti\/aurical\/aurical-hit_linkspot-2\/","alt":"Aurical HIT","author":"4","description":"","caption":"","name":"aurical-hit_linkspot-2","status":"inherit","uploaded_to":12965,"date":"2023-09-27 12:41:39","modified":"2025-08-06 13:06:15","menu_order":0,"mime_type":"image\/jpeg","type":"image","subtype":"jpeg","icon":"https:\/\/natussensory.com\/wp-includes\/images\/media\/default.png","width":600,"height":300,"sizes":{"thumbnail":"https:\/\/natussensory.com\/wp-content\/uploads\/Aurical-HIT_linkspot.jpg","thumbnail-width":128,"thumbnail-height":64,"medium":"https:\/\/natussensory.com\/wp-content\/uploads\/Aurical-HIT_linkspot.jpg","medium-width":600,"medium-height":300,"medium_large":"https:\/\/natussensory.com\/wp-content\/uploads\/Aurical-HIT_linkspot.jpg","medium_large-width":600,"medium_large-height":300,"large":"https:\/\/natussensory.com\/wp-content\/uploads\/Aurical-HIT_linkspot.jpg","large-width":600,"large-height":300,"1536x1536":"https:\/\/natussensory.com\/wp-content\/uploads\/Aurical-HIT_linkspot.jpg","1536x1536-width":600,"1536x1536-height":300,"2048x2048":"https:\/\/natussensory.com\/wp-content\/uploads\/Aurical-HIT_linkspot.jpg","2048x2048-width":600,"2048x2048-height":300}},"title":"Il fitting con accoppiatore (CBF)","link":{"type":"post","value":"5285","url":"https:\/\/natussensory.com\/products\/aurical-hit\/","name":"Aurical\u00ae HIT \u2013 Coupler Based Fitting","title":"Scopri di Pi\u00f9","target":""}},{"label":"Otoscan","label_background_color":"#154284","image":{"ID":8880,"id":8880,"title":"Otoscan_linkspot","filename":"Otoscan_linkspot.jpg","filesize":69925,"url":"https:\/\/natussensory.com\/wp-content\/uploads\/Otoscan_linkspot.jpg","link":"https:\/\/natussensory.com\/it\/prodotti\/aurical-otocam-300\/otoscan_linkspot-2\/","alt":"Otoscan","author":"4","description":"","caption":"","name":"otoscan_linkspot-2","status":"inherit","uploaded_to":13133,"date":"2023-09-30 20:35:50","modified":"2025-08-06 13:17:26","menu_order":0,"mime_type":"image\/jpeg","type":"image","subtype":"jpeg","icon":"https:\/\/natussensory.com\/wp-includes\/images\/media\/default.png","width":600,"height":300,"sizes":{"thumbnail":"https:\/\/natussensory.com\/wp-content\/uploads\/Otoscan_linkspot.jpg","thumbnail-width":128,"thumbnail-height":64,"medium":"https:\/\/natussensory.com\/wp-content\/uploads\/Otoscan_linkspot.jpg","medium-width":600,"medium-height":300,"medium_large":"https:\/\/natussensory.com\/wp-content\/uploads\/Otoscan_linkspot.jpg","medium_large-width":600,"medium_large-height":300,"large":"https:\/\/natussensory.com\/wp-content\/uploads\/Otoscan_linkspot.jpg","large-width":600,"large-height":300,"1536x1536":"https:\/\/natussensory.com\/wp-content\/uploads\/Otoscan_linkspot.jpg","1536x1536-width":600,"1536x1536-height":300,"2048x2048":"https:\/\/natussensory.com\/wp-content\/uploads\/Otoscan_linkspot.jpg","2048x2048-width":600,"2048x2048-height":300}},"title":"Scansione digitale 3D del condotto uditivo","link":{"type":"post","value":"4942","url":"https:\/\/natussensory.com\/products\/otoscan\/","name":"Otoscan\u00ae \u2013 3D Ear Scanning Solution","title":"Scopri di Pi\u00f9","target":""}}]}},{"acf_fc_layout":"contact_form","_acfe_flexible_toggle":"","contact_form_landing":{"module_options":{"":null,"module_id":"contact","module_class":"","module_background_type":"color","module_background_color":"","module_background_image":false,"module_background_video":"","activate_custom_padding":false,"padding_top_desktop":"0","padding_top_tablet":"0","padding_top_mobile":"0","padding_bottom_desktop":"0","padding_bottom_tablet":"0","padding_bottom_mobile":"0","activate_custom_margin":false,"margin_top_desktop":"0","margin_top_tablet":"0","margin_top_mobile":"0","margin_bottom_desktop":"0","margin_bottom_tablet":"0","margin_bottom_mobile":"0","disable_on":[],"content_alignment_desktop":"left","content_alignment_tablet":"left","content_alignment_mobile":"left"},"":null,"activate_intro":false,"intro_text":"","intro_text_color":"","intro_link":null,"activate_description":true,"description_title":"Contattaci","description_copy":"","embed_code":"<script charset=\"utf-8\" type=\"text\/javascript\" src=\"\/\/js.hsforms.net\/forms\/embed\/v2.js\"><\/script>\r\n<script>\r\n  hbspt.forms.create({\r\n    region: \"na1\",\r\n    portalId: \"3002890\",\r\n    formId: \"81df4c7c-c976-47a8-92f0-732cdfe7cd31\"\r\n  });\r\n<\/script>"}},{"acf_fc_layout":"simple_content","_acfe_flexible_layout_title":"Part number","_acfe_flexible_toggle":"","content_full_width_landing":{"module_options":{"":null,"module_id":"n651525104ca79","module_class":"","module_background_type":"color","module_background_color":"","module_background_image":false,"module_background_video":"","activate_custom_padding":false,"padding_top_desktop":"0","padding_top_tablet":"0","padding_top_mobile":"0","padding_bottom_desktop":"0","padding_bottom_tablet":"0","padding_bottom_mobile":"0","activate_custom_margin":false,"margin_top_desktop":"0","margin_top_tablet":"0","margin_top_mobile":"0","margin_bottom_desktop":"0","margin_bottom_tablet":"0","margin_bottom_mobile":"0","disable_on":[],"content_alignment_desktop":"left","content_alignment_tablet":"left","content_alignment_mobile":"left"},"activate_custom_container_width":false,"container_width":"","content":"<p><span style=\"font-size: 11px;\">7-36-9900-IT_01<\/span><\/p>\n"}}]},"_links":{"self":[{"href":"https:\/\/natussensory.com\/it\/wp-json\/wp\/v2\/pages\/13137","targetHints":{"allow":["GET"]}}],"collection":[{"href":"https:\/\/natussensory.com\/it\/wp-json\/wp\/v2\/pages"}],"about":[{"href":"https:\/\/natussensory.com\/it\/wp-json\/wp\/v2\/types\/page"}],"author":[{"embeddable":true,"href":"https:\/\/natussensory.com\/it\/wp-json\/wp\/v2\/users\/4"}],"replies":[{"embeddable":true,"href":"https:\/\/natussensory.com\/it\/wp-json\/wp\/v2\/comments?post=13137"}],"version-history":[{"count":8,"href":"https:\/\/natussensory.com\/it\/wp-json\/wp\/v2\/pages\/13137\/revisions"}],"predecessor-version":[{"id":27648,"href":"https:\/\/natussensory.com\/it\/wp-json\/wp\/v2\/pages\/13137\/revisions\/27648"}],"up":[{"embeddable":true,"href":"https:\/\/natussensory.com\/it\/wp-json\/wp\/v2\/pages\/12497"}],"wp:attachment":[{"href":"https:\/\/natussensory.com\/it\/wp-json\/wp\/v2\/media?parent=13137"}],"wp:term":[{"taxonomy":"category","embeddable":true,"href":"https:\/\/natussensory.com\/it\/wp-json\/wp\/v2\/categories?post=13137"},{"taxonomy":"post_tag","embeddable":true,"href":"https:\/\/natussensory.com\/it\/wp-json\/wp\/v2\/tags?post=13137"}],"curies":[{"name":"wp","href":"https:\/\/api.w.org\/{rel}","templated":true}]}}