{"id":12904,"date":"2023-09-11T10:22:28","date_gmt":"2023-09-11T10:22:28","guid":{"rendered":"https:\/\/natussensory.com\/sensory\/aurical-aud\/"},"modified":"2025-10-22T11:13:56","modified_gmt":"2025-10-22T11:13:56","slug":"aurical-aud","status":"publish","type":"page","link":"https:\/\/natussensory.com\/it\/prodotti\/aurical-aud\/","title":{"rendered":"Aurical\u00ae Aud &#8211; Audiometro"},"content":{"rendered":"","protected":false},"excerpt":{"rendered":"","protected":false},"author":4,"featured_media":0,"parent":12497,"menu_order":0,"comment_status":"closed","ping_status":"closed","template":"templates\/page-sensory-solutions-product-landing.php","meta":{"_acf_changed":false,"inline_featured_image":false,"footnotes":""},"categories":[328],"tags":[],"class_list":["post-12904","page","type-page","status-publish","hentry","category-audiologia"],"acf":{"content_blocks":[{"acf_fc_layout":"spacer","_acfe_flexible_toggle":"","spacer":{"module_options":{"":null,"module_id":"n64babb6de86c1","module_class":"","module_background_type":"color","module_background_color":"#473089","module_background_image":false,"module_background_video":"","activate_custom_padding":false,"padding_top_desktop":"0","padding_top_tablet":"0","padding_top_mobile":"0","padding_bottom_desktop":"0","padding_bottom_tablet":"0","padding_bottom_mobile":"0","activate_custom_margin":false,"margin_top_desktop":"0","margin_top_tablet":"0","margin_top_mobile":"0","margin_bottom_desktop":"0","margin_bottom_tablet":"0","margin_bottom_mobile":"0","disable_on":[],"content_alignment_desktop":"left","content_alignment_tablet":"left","content_alignment_mobile":"left"},"height":"160"}},{"acf_fc_layout":"intro_with_sticky_image","_acfe_flexible_toggle":"","left_content_right_image_sticky":{"module_options":{"":null,"module_id":"n65142e9c3a22f","module_class":"","module_background_type":"color","module_background_color":"","module_background_image":false,"module_background_video":"","activate_custom_padding":false,"padding_top_desktop":"0","padding_top_tablet":"0","padding_top_mobile":"0","padding_bottom_desktop":"0","padding_bottom_tablet":"0","padding_bottom_mobile":"0","activate_custom_margin":false,"margin_top_desktop":"0","margin_top_tablet":"0","margin_top_mobile":"0","margin_bottom_desktop":"0","margin_bottom_tablet":"0","margin_bottom_mobile":"0","disable_on":[],"content_alignment_desktop":"left","content_alignment_tablet":"left","content_alignment_mobile":"left"},"":null,"title":"Aurical<sup>\u00ae<\/sup> Aud","subheader":"<h4>Scegli un audiometro portatile dotato di eccezionale flessibilit\u00e0<\/h4>\n<p>Aurical Aud \u00e8 un audiometro dedicato e sviluppato appositamente per il fitting degli apparecchi acustici. Pesa solo 655 grammi (23 once) \u2013 ma \u00e8 straordinario nonostante le sue dimensioni ridotte!<\/p>\n<p>Aurical Aud ha tutte le funzionalit\u00e0 che ti occorrono per un fitting efficiente e preciso. Molto pi\u00f9 di un semplice audiometro, Aurical Aud integra strumenti di consulenza, un amplificatore di potenza, hub USB e HI-PRO 2 opzionale conmodalit\u00e0 alta velocit\u00e0, il tutto con un design moderno e compatto.<\/p>\n","icons":false,"quick_navigation":[{"quick_link":{"type":"url","value":"#contact","url":"#contact","name":"#contact","title":"richiedi un preventivo","target":""}},{"quick_link":{"type":"url","value":"#info","url":"#info","name":"#info","title":"Saperne di pi\u00f9","target":""}}],"description":"","message_label":" ","message_title":"Cercate un servizio di assistenza o supporto tecnico per i prodotti?","message_link":{"type":"post","value":"883","url":"https:\/\/natussensory.com\/support\/","name":"Service &#038; Support","title":"Servizio e Assistenza  ","target":""},"right_sticky_image":{"ID":2877,"id":2877,"title":"Aurical Aud_product thumbnail","filename":"Aurical-Aud_product-thumbnail.png","filesize":110754,"url":"https:\/\/natussensory.com\/wp-content\/uploads\/Aurical-Aud_product-thumbnail.png","link":"https:\/\/natussensory.com\/it\/prodotti\/aurical-aud\/aurical-aud_product-thumbnail-2\/","alt":"View of the Aurical Aud fitting audiometer showing multiple connectivity ports for hearing aid fitting and audiometric testing.","author":"4","description":"","caption":"","name":"aurical-aud_product-thumbnail-2","status":"inherit","uploaded_to":12904,"date":"2023-09-11 10:23:52","modified":"2025-05-07 11:41:19","menu_order":0,"mime_type":"image\/png","type":"image","subtype":"png","icon":"https:\/\/natussensory.com\/wp-includes\/images\/media\/default.png","width":500,"height":304,"sizes":{"thumbnail":"https:\/\/natussensory.com\/wp-content\/uploads\/Aurical-Aud_product-thumbnail.png","thumbnail-width":128,"thumbnail-height":78,"medium":"https:\/\/natussensory.com\/wp-content\/uploads\/Aurical-Aud_product-thumbnail.png","medium-width":500,"medium-height":304,"medium_large":"https:\/\/natussensory.com\/wp-content\/uploads\/Aurical-Aud_product-thumbnail.png","medium_large-width":500,"medium_large-height":304,"large":"https:\/\/natussensory.com\/wp-content\/uploads\/Aurical-Aud_product-thumbnail.png","large-width":500,"large-height":304,"1536x1536":"https:\/\/natussensory.com\/wp-content\/uploads\/Aurical-Aud_product-thumbnail.png","1536x1536-width":500,"1536x1536-height":304,"2048x2048":"https:\/\/natussensory.com\/wp-content\/uploads\/Aurical-Aud_product-thumbnail.png","2048x2048-width":500,"2048x2048-height":304}}}},{"acf_fc_layout":"simple_content","_acfe_flexible_toggle":"","content_full_width_landing":{"module_options":{"":null,"module_id":"n65142e9c4303b","module_class":"","module_background_type":"color","module_background_color":"","module_background_image":false,"module_background_video":"","activate_custom_padding":false,"padding_top_desktop":"0","padding_top_tablet":"0","padding_top_mobile":"0","padding_bottom_desktop":"0","padding_bottom_tablet":"0","padding_bottom_mobile":"0","activate_custom_margin":false,"margin_top_desktop":"0","margin_top_tablet":"0","margin_top_mobile":"0","margin_bottom_desktop":"0","margin_bottom_tablet":"0","margin_bottom_mobile":"0","disable_on":[],"content_alignment_desktop":"left","content_alignment_tablet":"left","content_alignment_mobile":"left"},"activate_custom_container_width":false,"container_width":"","content":"<h2>L&#8217;audiometro per il fitting che permette di soddisfare un maggior numero di pazienti<\/h2>\n"}},{"acf_fc_layout":"product_details_right_image_and_left_content","_acfe_flexible_toggle":"","right_image_left_content_single_cta_landing":{"module_options":{"":null,"module_id":"n65142e9c4982c","module_class":"","module_background_type":"color","module_background_color":"","module_background_image":false,"module_background_video":"","activate_custom_padding":false,"padding_top_desktop":"0","padding_top_tablet":"0","padding_top_mobile":"0","padding_bottom_desktop":"0","padding_bottom_tablet":"0","padding_bottom_mobile":"0","activate_custom_margin":false,"margin_top_desktop":"0","margin_top_tablet":"0","margin_top_mobile":"0","margin_bottom_desktop":"0","margin_bottom_tablet":"0","margin_bottom_mobile":"0","disable_on":[],"content_alignment_desktop":"left","content_alignment_tablet":"left","content_alignment_mobile":"left"},"":null,"label":"","title":"L'audiometro per fitting sempre a portata di mano","description":"<p>Installato sotto la scrivania, a parete o appoggiato su un tavolo: l&#8217;audiometro per fitting Aurical\u00a0Aud sar\u00e0 sempre perfetto. Discreto e intelligente, Aurical Aud \u00e8 un audiometro portatile che d\u00e0 al tuo centro un look da \u00a0professionisti.<\/p>\n<p>&nbsp;<\/p>\n<p>Montato sotto il tavolo o sulla scrivania, Aurical Aud non ha bisogno di cavi, e offre un facile accesso a tutte le connessioni, incluse le prese HI-PRO. Moderno, compatto e leggero, \u00e8 il miglior audiometro portatile oggi disponibile. Puoi portarlo con te, e utilizzarlo sia in clinica che fuori.<\/p>\n","link":null,"image":{"ID":2882,"id":2882,"title":"Aurical Aud_product_spot","filename":"Aurical-Aud_product_spot.jpg","filesize":58520,"url":"https:\/\/natussensory.com\/wp-content\/uploads\/Aurical-Aud_product_spot.jpg","link":"https:\/\/natussensory.com\/it\/prodotti\/aurical-aud\/aurical-aud_product_spot-2\/","alt":"Aurical Aud hearing aid fitting audiometer with cables connected.","author":"4","description":"","caption":"","name":"aurical-aud_product_spot-2","status":"inherit","uploaded_to":12904,"date":"2023-09-11 10:25:09","modified":"2025-05-07 11:42:54","menu_order":0,"mime_type":"image\/jpeg","type":"image","subtype":"jpeg","icon":"https:\/\/natussensory.com\/wp-includes\/images\/media\/default.png","width":800,"height":450,"sizes":{"thumbnail":"https:\/\/natussensory.com\/wp-content\/uploads\/Aurical-Aud_product_spot.jpg","thumbnail-width":128,"thumbnail-height":72,"medium":"https:\/\/natussensory.com\/wp-content\/uploads\/Aurical-Aud_product_spot.jpg","medium-width":800,"medium-height":450,"medium_large":"https:\/\/natussensory.com\/wp-content\/uploads\/Aurical-Aud_product_spot-768x432.jpg","medium_large-width":768,"medium_large-height":432,"large":"https:\/\/natussensory.com\/wp-content\/uploads\/Aurical-Aud_product_spot.jpg","large-width":800,"large-height":450,"1536x1536":"https:\/\/natussensory.com\/wp-content\/uploads\/Aurical-Aud_product_spot.jpg","1536x1536-width":800,"1536x1536-height":450,"2048x2048":"https:\/\/natussensory.com\/wp-content\/uploads\/Aurical-Aud_product_spot.jpg","2048x2048-width":800,"2048x2048-height":450}}}},{"acf_fc_layout":"product_details_left_image_and_right_content","_acfe_flexible_toggle":"","left_image_right_content_single_cta_landing":{"module_options":{"":null,"module_id":"n65142e9c53879","module_class":"","module_background_type":"color","module_background_color":"","module_background_image":false,"module_background_video":"","activate_custom_padding":false,"padding_top_desktop":"0","padding_top_tablet":"0","padding_top_mobile":"0","padding_bottom_desktop":"0","padding_bottom_tablet":"0","padding_bottom_mobile":"0","activate_custom_margin":false,"margin_top_desktop":"0","margin_top_tablet":"0","margin_top_mobile":"0","margin_bottom_desktop":"0","margin_bottom_tablet":"0","margin_bottom_mobile":"0","disable_on":[],"content_alignment_desktop":"left","content_alignment_tablet":"left","content_alignment_mobile":"left"},"image":{"ID":2887,"id":2887,"title":"Aurical Aud_software_spot","filename":"Aurical-Aud_software_spot.jpg","filesize":198902,"url":"https:\/\/natussensory.com\/wp-content\/uploads\/Aurical-Aud_software_spot.jpg","link":"https:\/\/natussensory.com\/it\/prodotti\/aurical-aud\/aurical-aud_software_spot-2\/","alt":"Audiologist using fitting audiometer software on a laptop to analyze hearing aid fitting data.","author":"4","description":"","caption":"","name":"aurical-aud_software_spot-2","status":"inherit","uploaded_to":12904,"date":"2023-09-11 10:25:11","modified":"2025-05-07 11:43:43","menu_order":0,"mime_type":"image\/jpeg","type":"image","subtype":"jpeg","icon":"https:\/\/natussensory.com\/wp-includes\/images\/media\/default.png","width":800,"height":450,"sizes":{"thumbnail":"https:\/\/natussensory.com\/wp-content\/uploads\/Aurical-Aud_software_spot.jpg","thumbnail-width":128,"thumbnail-height":72,"medium":"https:\/\/natussensory.com\/wp-content\/uploads\/Aurical-Aud_software_spot.jpg","medium-width":800,"medium-height":450,"medium_large":"https:\/\/natussensory.com\/wp-content\/uploads\/Aurical-Aud_software_spot-768x432.jpg","medium_large-width":768,"medium_large-height":432,"large":"https:\/\/natussensory.com\/wp-content\/uploads\/Aurical-Aud_software_spot.jpg","large-width":800,"large-height":450,"1536x1536":"https:\/\/natussensory.com\/wp-content\/uploads\/Aurical-Aud_software_spot.jpg","1536x1536-width":800,"1536x1536-height":450,"2048x2048":"https:\/\/natussensory.com\/wp-content\/uploads\/Aurical-Aud_software_spot.jpg","2048x2048-width":800,"2048x2048-height":450}},"label":"","title":"Un audiometro per fitting facile da usare che funziona bene con Noah ed EMR","description":"<p>Aurical Aud \u00e8 facile da utilizzare grazie a Otosuite, il sistema software integrato di Natus.<\/p>\n<p>&nbsp;<\/p>\n<p>Con un pannello di controllo su schermo e funzionalit\u00e0 Test Utente di facile accesso, puoi personalizzare il tuo flusso di lavoro in base alle necessit\u00e0 del tuo centro. E, grazie all&#8217;esclusiva funzionalit\u00e0 RoomTune, puoi trasformare AuricalL Aud in un sistema audio che ti \u00a0permette di \u00a0ottenere un suono pi\u00f9 accurato e affidabile dai moduli di fitting.<\/p>\n<p>&nbsp;<\/p>\n<p>Otosuite offre inoltre una gestione dei dati semplificata, una scelta di modelli di report, e integrazione con Noah e con le cartelle cliniche elettroniche.<\/p>\n","link":null}},{"acf_fc_layout":"product_information","_acfe_flexible_toggle":"","left_accordion_right_image_landing":{"module_options":{"":null,"module_id":"info","module_class":"","module_background_type":"color","module_background_color":"","module_background_image":false,"module_background_video":"","activate_custom_padding":false,"padding_top_desktop":"0","padding_top_tablet":"0","padding_top_mobile":"0","padding_bottom_desktop":"0","padding_bottom_tablet":"0","padding_bottom_mobile":"0","activate_custom_margin":false,"margin_top_desktop":"0","margin_top_tablet":"0","margin_top_mobile":"0","margin_bottom_desktop":"0","margin_bottom_tablet":"0","margin_bottom_mobile":"0","disable_on":[],"content_alignment_desktop":"left","content_alignment_tablet":"left","content_alignment_mobile":"left"},"intro":"Informazioni sul Prodotto","description":"","accordion":[{"title":"Specifiche","accordion_content":[{"acf_fc_layout":"full_content","accordion_description":"<ul>\n<li>Interfaccia utente intuitiva<\/li>\n<li>Audiometria tonale testata fino a 12,5 kHz<\/li>\n<li>Elenchi di parole integrati con assegnazione di punteggio assistita<\/li>\n<li>Amplificatore integrato per campo libero<\/li>\n<li>Prese separate per inserti e cuffie<\/li>\n<li>Scheda audio integrata per Consulenza e Simulazione<\/li>\n<li>RoomTune per funzionalit\u00e0 scheda audio compensata<\/li>\n<li>Varie opzioni di montaggio<\/li>\n<li>Hi-PRO opzionale integrato<\/li>\n<\/ul>\n"}]},{"title":"Tests","accordion_content":[{"acf_fc_layout":"full_content","accordion_description":"<ul>\n<li>Conduzione aerea, conduzione ossea e campo audio<\/li>\n<li>Rumore FRESH<\/li>\n<li>Test SAL, TEN, QuickSIN<\/li>\n<li>Assistente mascheramento<\/li>\n<li>Opzione scala Loudness<\/li>\n<\/ul>\n"}]}],"image_left":false}},{"acf_fc_layout":"related_products","_acfe_flexible_layout_title":"Resources and Support","_acfe_flexible_toggle":"","tiles_3_columns_landing":{"module_options":{"":null,"module_id":"n6514389e9cd0e","module_class":"","module_background_type":"color","module_background_color":"","module_background_image":false,"module_background_video":"","activate_custom_padding":false,"padding_top_desktop":"0","padding_top_tablet":"0","padding_top_mobile":"0","padding_bottom_desktop":"0","padding_bottom_tablet":"0","padding_bottom_mobile":"0","activate_custom_margin":false,"margin_top_desktop":"0","margin_top_tablet":"0","margin_top_mobile":"0","margin_bottom_desktop":"0","margin_bottom_tablet":"0","margin_bottom_mobile":"0","disable_on":[],"content_alignment_desktop":"left","content_alignment_tablet":"left","content_alignment_mobile":"left"},"intro_text":"Risorse e Supporto","intro_text_color":"","intro_link":null,"tiles":[{"label":"Risorse","label_background_color":"#154284","image":false,"title":"Opuscolo, Volantino, Scheda technica e altro ancora","link":{"type":"url","value":"https:\/\/natus.bynder.com\/web\/7aaf126f4761070f\/resource-library-aurical-aud\/","url":"https:\/\/natus.bynder.com\/web\/7aaf126f4761070f\/resource-library-aurical-aud\/","name":"https:\/\/natus.bynder.com\/web\/7aaf126f4761070f\/resource-library-aurical-aud\/","title":"Aurical Aud Risorse","target":"_blank"}},{"label":"Supporto","label_background_color":"#154284","image":false,"title":"Manuali e Guide (eIFUs)","link":{"type":"post","value":"883","url":"https:\/\/natussensory.com\/support\/","name":"Service &#038; Support","title":"Servizio e Assistenza","target":""}}]}},{"acf_fc_layout":"related_products","_acfe_flexible_toggle":"","tiles_3_columns_landing":{"module_options":{"":null,"module_id":"n65142e9e186ad","module_class":"","module_background_type":"color","module_background_color":"","module_background_image":false,"module_background_video":"","activate_custom_padding":false,"padding_top_desktop":"0","padding_top_tablet":"0","padding_top_mobile":"0","padding_bottom_desktop":"0","padding_bottom_tablet":"0","padding_bottom_mobile":"0","activate_custom_margin":false,"margin_top_desktop":"0","margin_top_tablet":"0","margin_top_mobile":"0","margin_bottom_desktop":"0","margin_bottom_tablet":"0","margin_bottom_mobile":"0","disable_on":[],"content_alignment_desktop":"left","content_alignment_tablet":"left","content_alignment_mobile":"left"},"intro_text":"Prodotti Correlati","intro_text_color":"#005e63","intro_link":{"type":"post","value":"1518","url":"https:\/\/natussensory.com\/products\/","name":"Products","title":"Visualizza tutti i prodotti","target":""},"tiles":[{"label":"Madsen Astera2","label_background_color":"#154284","image":{"ID":7759,"id":7759,"title":"Astera2_linkspot","filename":"Astera2_linkspot.jpg","filesize":101402,"url":"https:\/\/natussensory.com\/wp-content\/uploads\/Astera2_linkspot.jpg","link":"https:\/\/natussensory.com\/it\/prodotti\/aurical-aud\/astera2_linkspot-2\/","alt":"Astera2","author":"4","description":"","caption":"","name":"astera2_linkspot-2","status":"inherit","uploaded_to":12904,"date":"2023-09-27 13:42:29","modified":"2025-08-06 13:49:40","menu_order":0,"mime_type":"image\/jpeg","type":"image","subtype":"jpeg","icon":"https:\/\/natussensory.com\/wp-includes\/images\/media\/default.png","width":600,"height":300,"sizes":{"thumbnail":"https:\/\/natussensory.com\/wp-content\/uploads\/Astera2_linkspot.jpg","thumbnail-width":128,"thumbnail-height":64,"medium":"https:\/\/natussensory.com\/wp-content\/uploads\/Astera2_linkspot.jpg","medium-width":600,"medium-height":300,"medium_large":"https:\/\/natussensory.com\/wp-content\/uploads\/Astera2_linkspot.jpg","medium_large-width":600,"medium_large-height":300,"large":"https:\/\/natussensory.com\/wp-content\/uploads\/Astera2_linkspot.jpg","large-width":600,"large-height":300,"1536x1536":"https:\/\/natussensory.com\/wp-content\/uploads\/Astera2_linkspot.jpg","1536x1536-width":600,"1536x1536-height":300,"2048x2048":"https:\/\/natussensory.com\/wp-content\/uploads\/Astera2_linkspot.jpg","2048x2048-width":600,"2048x2048-height":300}},"title":"Audiometro clinico all\u2019avanguardia","link":{"type":"post","value":"2258","url":"https:\/\/natussensory.com\/products\/madsen-astera2\/","name":"Madsen\u00aeAstera<sup>2<\/sup> &#8211; Clinical Audiometer","title":"Scopri di Pi\u00f9","target":""}},{"label":"Madsen Zodiac","label_background_color":"#154284","image":{"ID":7665,"id":7665,"title":"Zodiac_linkspot","filename":"Zodiac_linkspot.jpg","filesize":58846,"url":"https:\/\/natussensory.com\/wp-content\/uploads\/Zodiac_linkspot.jpg","link":"https:\/\/natussensory.com\/it\/prodotti\/madsen-astera2\/zodiac_linkspot-2\/","alt":"Zodiac","author":"4","description":"","caption":"","name":"zodiac_linkspot-2","status":"inherit","uploaded_to":12880,"date":"2023-09-27 12:14:04","modified":"2025-08-06 13:56:54","menu_order":0,"mime_type":"image\/jpeg","type":"image","subtype":"jpeg","icon":"https:\/\/natussensory.com\/wp-includes\/images\/media\/default.png","width":600,"height":300,"sizes":{"thumbnail":"https:\/\/natussensory.com\/wp-content\/uploads\/Zodiac_linkspot.jpg","thumbnail-width":128,"thumbnail-height":64,"medium":"https:\/\/natussensory.com\/wp-content\/uploads\/Zodiac_linkspot.jpg","medium-width":600,"medium-height":300,"medium_large":"https:\/\/natussensory.com\/wp-content\/uploads\/Zodiac_linkspot.jpg","medium_large-width":600,"medium_large-height":300,"large":"https:\/\/natussensory.com\/wp-content\/uploads\/Zodiac_linkspot.jpg","large-width":600,"large-height":300,"1536x1536":"https:\/\/natussensory.com\/wp-content\/uploads\/Zodiac_linkspot.jpg","1536x1536-width":600,"1536x1536-height":300,"2048x2048":"https:\/\/natussensory.com\/wp-content\/uploads\/Zodiac_linkspot.jpg","2048x2048-width":600,"2048x2048-height":300}},"title":"Con sonde Gen 2 Diagnostic e Quick Check","link":{"type":"post","value":"1992","url":"https:\/\/natussensory.com\/products\/madsen-zodiac\/","name":"Madsen\u00ae Zodiac &#8211; Tympanometer","title":"Scopri di Pi\u00f9","target":""}},{"label":"Madsen A450","label_background_color":"#154284","image":{"ID":7764,"id":7764,"title":"Madsen-A450_linkspot","filename":"Madsen-A450_linkspot.jpg","filesize":25381,"url":"https:\/\/natussensory.com\/wp-content\/uploads\/Madsen-A450_linkspot.jpg","link":"https:\/\/natussensory.com\/it\/prodotti\/aurical-aud\/madsen-a450_linkspot-2\/","alt":"Madsen-A450","author":"4","description":"","caption":"","name":"madsen-a450_linkspot-2","status":"inherit","uploaded_to":12904,"date":"2023-09-27 13:43:28","modified":"2025-08-06 13:47:30","menu_order":0,"mime_type":"image\/jpeg","type":"image","subtype":"jpeg","icon":"https:\/\/natussensory.com\/wp-includes\/images\/media\/default.png","width":600,"height":300,"sizes":{"thumbnail":"https:\/\/natussensory.com\/wp-content\/uploads\/Madsen-A450_linkspot.jpg","thumbnail-width":128,"thumbnail-height":64,"medium":"https:\/\/natussensory.com\/wp-content\/uploads\/Madsen-A450_linkspot.jpg","medium-width":600,"medium-height":300,"medium_large":"https:\/\/natussensory.com\/wp-content\/uploads\/Madsen-A450_linkspot.jpg","medium_large-width":600,"medium_large-height":300,"large":"https:\/\/natussensory.com\/wp-content\/uploads\/Madsen-A450_linkspot.jpg","large-width":600,"large-height":300,"1536x1536":"https:\/\/natussensory.com\/wp-content\/uploads\/Madsen-A450_linkspot.jpg","1536x1536-width":600,"1536x1536-height":300,"2048x2048":"https:\/\/natussensory.com\/wp-content\/uploads\/Madsen-A450_linkspot.jpg","2048x2048-width":600,"2048x2048-height":300}},"title":"L\u2019audiometro PC-based","link":{"type":"post","value":"2290","url":"https:\/\/natussensory.com\/products\/madsen-a450\/","name":"Madsen\u00ae A450 PC-based Audiometer","title":"Scopri di Pi\u00f9","target":""}}]}},{"acf_fc_layout":"contact_form","_acfe_flexible_toggle":"","contact_form_landing":{"module_options":{"":null,"module_id":"contact","module_class":"","module_background_type":"color","module_background_color":"","module_background_image":false,"module_background_video":"","activate_custom_padding":false,"padding_top_desktop":"0","padding_top_tablet":"0","padding_top_mobile":"0","padding_bottom_desktop":"0","padding_bottom_tablet":"0","padding_bottom_mobile":"0","activate_custom_margin":false,"margin_top_desktop":"0","margin_top_tablet":"0","margin_top_mobile":"0","margin_bottom_desktop":"0","margin_bottom_tablet":"0","margin_bottom_mobile":"0","disable_on":[],"content_alignment_desktop":"left","content_alignment_tablet":"left","content_alignment_mobile":"left"},"":null,"activate_intro":false,"intro_text":"","intro_text_color":"","intro_link":null,"activate_description":true,"description_title":"Contattaci","description_copy":"","embed_code":"<script charset=\"utf-8\" type=\"text\/javascript\" src=\"\/\/js.hsforms.net\/forms\/embed\/v2.js\"><\/script>\r\n<script>\r\n  hbspt.forms.create({\r\n    region: \"na1\",\r\n    portalId: \"3002890\",\r\n    formId: \"8a742c1d-006a-42b9-9972-d3aa7fc369cd\"\r\n  });\r\n<\/script>"}},{"acf_fc_layout":"simple_content","_acfe_flexible_toggle":"","content_full_width_landing":{"module_options":{"":null,"module_id":"n65142ece4c499","module_class":"","module_background_type":"color","module_background_color":"","module_background_image":false,"module_background_video":"","activate_custom_padding":false,"padding_top_desktop":"0","padding_top_tablet":"0","padding_top_mobile":"0","padding_bottom_desktop":"0","padding_bottom_tablet":"0","padding_bottom_mobile":"0","activate_custom_margin":false,"margin_top_desktop":"0","margin_top_tablet":"0","margin_top_mobile":"0","margin_bottom_desktop":"0","margin_bottom_tablet":"0","margin_bottom_mobile":"0","disable_on":[],"content_alignment_desktop":"left","content_alignment_tablet":"left","content_alignment_mobile":"left"},"activate_custom_container_width":false,"container_width":"","content":"<p><span style=\"font-size: 11px;\">7-36-8401-IT_01<\/span><\/p>\n"}}]},"_links":{"self":[{"href":"https:\/\/natussensory.com\/it\/wp-json\/wp\/v2\/pages\/12904","targetHints":{"allow":["GET"]}}],"collection":[{"href":"https:\/\/natussensory.com\/it\/wp-json\/wp\/v2\/pages"}],"about":[{"href":"https:\/\/natussensory.com\/it\/wp-json\/wp\/v2\/types\/page"}],"author":[{"embeddable":true,"href":"https:\/\/natussensory.com\/it\/wp-json\/wp\/v2\/users\/4"}],"replies":[{"embeddable":true,"href":"https:\/\/natussensory.com\/it\/wp-json\/wp\/v2\/comments?post=12904"}],"version-history":[{"count":9,"href":"https:\/\/natussensory.com\/it\/wp-json\/wp\/v2\/pages\/12904\/revisions"}],"predecessor-version":[{"id":27583,"href":"https:\/\/natussensory.com\/it\/wp-json\/wp\/v2\/pages\/12904\/revisions\/27583"}],"up":[{"embeddable":true,"href":"https:\/\/natussensory.com\/it\/wp-json\/wp\/v2\/pages\/12497"}],"wp:attachment":[{"href":"https:\/\/natussensory.com\/it\/wp-json\/wp\/v2\/media?parent=12904"}],"wp:term":[{"taxonomy":"category","embeddable":true,"href":"https:\/\/natussensory.com\/it\/wp-json\/wp\/v2\/categories?post=12904"},{"taxonomy":"post_tag","embeddable":true,"href":"https:\/\/natussensory.com\/it\/wp-json\/wp\/v2\/tags?post=12904"}],"curies":[{"name":"wp","href":"https:\/\/api.w.org\/{rel}","templated":true}]}}