{"id":12770,"date":"2023-09-22T20:22:36","date_gmt":"2023-09-22T20:22:36","guid":{"rendered":"https:\/\/natussensory.com\/weee-statement\/"},"modified":"2025-09-18T13:13:01","modified_gmt":"2025-09-18T13:13:01","slug":"direttiva-raee","status":"publish","type":"page","link":"https:\/\/natussensory.com\/it\/direttiva-raee\/","title":{"rendered":"Direttiva RAEE"},"content":{"rendered":"","protected":false},"excerpt":{"rendered":"","protected":false},"author":4,"featured_media":0,"parent":0,"menu_order":0,"comment_status":"closed","ping_status":"closed","template":"","meta":{"_acf_changed":false,"inline_featured_image":false,"footnotes":""},"categories":[],"tags":[],"class_list":["post-12770","page","type-page","status-publish","hentry"],"acf":{"content_blocks":[{"acf_fc_layout":"spacer","_acfe_flexible_toggle":"","spacer":{"module_options":{"":null,"module_id":"n6514a4f9b141d","module_class":"","module_background_type":"color","module_background_color":"#473089","module_background_image":false,"module_background_video":"","activate_custom_padding":false,"padding_top_desktop":"0","padding_top_tablet":"0","padding_top_mobile":"0","padding_bottom_desktop":"0","padding_bottom_tablet":"0","padding_bottom_mobile":"0","activate_custom_margin":false,"margin_top_desktop":"0","margin_top_tablet":"0","margin_top_mobile":"0","margin_bottom_desktop":"0","margin_bottom_tablet":"0","margin_bottom_mobile":"0","disable_on":[],"content_alignment_desktop":"left","content_alignment_tablet":"left","content_alignment_mobile":"left"},"height":"160"}},{"acf_fc_layout":"simple_content","_acfe_flexible_toggle":"","content_full_width_landing":{"module_options":{"":null,"module_id":"n68481ff96f7b3","module_class":"","module_background_type":"color","module_background_color":"#d4e9f9","module_background_image":false,"module_background_video":"","activate_custom_padding":false,"padding_top_desktop":"0","padding_top_tablet":"0","padding_top_mobile":"0","padding_bottom_desktop":"0","padding_bottom_tablet":"0","padding_bottom_mobile":"0","activate_custom_margin":false,"margin_top_desktop":"0","margin_top_tablet":"0","margin_top_mobile":"0","margin_bottom_desktop":"0","margin_bottom_tablet":"0","margin_bottom_mobile":"0","disable_on":[],"content_alignment_desktop":"left","content_alignment_tablet":"left","content_alignment_mobile":"left"},"activate_custom_container_width":false,"container_width":"","content":"<h1><\/h1>\n<h1 style=\"text-align: center;\">Direttiva RAEE<\/h1>\n<p>&nbsp;<\/p>\n"}},{"acf_fc_layout":"simple_content","_acfe_flexible_toggle":"","content_full_width_landing":{"module_options":{"":null,"module_id":"n6514a45e97e73","module_class":"","module_background_type":"color","module_background_color":"","module_background_image":false,"module_background_video":"","activate_custom_padding":false,"padding_top_desktop":0,"padding_top_tablet":"","padding_top_mobile":"","padding_bottom_desktop":"","padding_bottom_tablet":"","padding_bottom_mobile":"","activate_custom_margin":false,"margin_top_desktop":"","margin_top_tablet":"","margin_top_mobile":"","margin_bottom_desktop":"","margin_bottom_tablet":"","margin_bottom_mobile":"","disable_on":[],"content_alignment_desktop":"left","content_alignment_tablet":"left","content_alignment_mobile":"left"},"activate_custom_container_width":false,"container_width":"","content":"<h4>Impegno Ambientale<\/h4>\n<p>&nbsp;<br \/>\n<strong>Rifiuti<\/strong><br \/>\nNatus si impegna a sviluppare o partecipare a iniziative per ridurre i rifiuti.<\/p>\n<p>&nbsp;<\/p>\n<p>&nbsp;<br \/>\n<strong>Direttiva RAEE dell\u2019Unione Europea<\/strong><br \/>\nL\u2019Unione Europea (UE) ha sviluppato la direttiva RAEE (Rifiuti di apparecchiature elettriche ed elettroniche) per garantire l\u2019implementazione di sistemi per la raccolta, il trattamento e il riciclaggio di rifiuti elettronici in tutta l\u2019Unione Europea. Sebbene la direttiva RAEE si applichi alla maggior parte dei prodotti Natus, sono esclusi i dispositivi medici che si prevede risultino infetti prima della fine del ciclo di vita e i dispositivi medici impiantabili attivi. L\u2019esclusione RAEE si applica solo ad apparecchiature mediche e accessori monouso (aghi, cateteri, elettrodi adesivi, cinture monouso per studi del sonno) che si prevede risultino infetti prima della fine del ciclo di vita e generalmente vengono raccolti e trattati mediante un programma per rifiuti sanitari pericolosi a rischio infettivo (rifiuti clinici).<\/p>\n<p>Per informazioni sulla direttiva RAEE dell\u2019Unione Europea, fare clic\u00a0<a href=\"https:\/\/environment.ec.europa.eu\/topics\/waste-and-recycling\/waste-electrical-and-electronic-equipment-weee_en\" target=\"_blank\" rel=\"noopener nofollow\">qui.<\/a><\/p>\n<p>&nbsp;<\/p>\n<p>&nbsp;<br \/>\n<strong>Posizione di Natus rispetto alla direttiva RAEE<\/strong><br \/>\nNatus si impegna a soddisfare i requisiti della direttiva RAEE. Questa direttiva richiede ai produttori di apparecchiature elettriche ed elettroniche che vendono nei paesi UE di etichettare le apparecchiature per un corretto smaltimento e di incoraggiare i consumatori di tali apparecchiature a riciclare in modo appropriato le apparecchiature alla fine del loro ciclo di vita.<\/p>\n<p>Natus sta implementando un processo in ogni stato membro in cui \u00e8 presente e aderir\u00e0 a un sistema di conformit\u00e0 nazionale o altro sistema di conformit\u00e0 autorizzato per tale paese.<\/p>\n<p>Gli aggiornamenti verranno pubblicati in questa pagina web quando saranno disponibili. Nel frattempo, restiamo a disposizione per eventuali domande o informazioni.<\/p>\n<p>&nbsp;<\/p>\n<p>&nbsp;<br \/>\n<strong>Istruzioni per lo smaltimento di rifiuti di apparecchiature<\/strong><br \/>\nLa normativa RAEE (Rifiuti di apparecchiature elettriche ed elettroniche) dell\u2019Unione Europea del 2014 stabilisce che lo smaltimento delle apparecchiature elettriche ed elettroniche venga effettuato separatamente al fine di permetterne un trattamento specifico e il recupero al fine di assicurarsi che le apparecchiature elettriche ed elettroniche (RAEE) siano recuperate o riciclate in sicurezza. In linea con questo impegno, Natus pu\u00f2 trasferire l\u2019obbligo di recupero e riciclaggio all\u2019utente finale, salvo non siano stati presi altri accordi. Per dettagli circa il sistema di raccolta e recupero disponibile nella propria regione, contattare Natus.<\/p>\n<p>&nbsp;<\/p>\n<p>&nbsp;<\/p>\n<p>Le apparecchiature elettriche ed elettroniche (AEE) contengono materiali, componenti e sostanze che possono essere pericolose e presentare un rischio per la salute umana e per l\u2019ambiente quando i RAEE non sono gestiti correttamente. Pertanto, anche gli utenti finali hanno un ruolo da svolgere per garantire che i RAEE vengano riutilizzati e riciclati in modo sicuro. Gli utenti di apparecchiature elettriche ed elettroniche non devono smaltire i RAEE insieme ad altri rifiuti. Gli utenti devono utilizzare i programmi comunali di raccolta o l\u2019obbligo di ritiro da parte del produttore\/importatore o del trasportatore autorizzato per ridurre gli impatti ambientali negativi in relazione allo smaltimento dei rifiuti di apparecchiature elettriche ed elettroniche e per aumentare le opportunit\u00e0 di riutilizzo, riciclaggio e recupero dei rifiuti di apparecchiature elettriche ed elettroniche.<\/p>\n<p>Le apparecchiature contrassegnate con il bidone della spazzatura su ruote barrato sono apparecchiature elettriche ed elettroniche. Il simbolo del bidone barrato indica che i rifiuti di apparecchiature elettriche ed elettroniche non devono essere smaltiti insieme ai rifiuti non differenziati, ma devono essere raccolti separatamente.<\/p>\n<p>Per eventuali domande o informazioni, scrivere all\u2019indirizzo\u00a0<a class=\"mailto\" href=\"mailto:Blanca.Maldonado@natus.com\" data-extlink=\"\">Blanca.Maldonado@natus.com<\/a>.<\/p>\n"}}]},"_links":{"self":[{"href":"https:\/\/natussensory.com\/it\/wp-json\/wp\/v2\/pages\/12770","targetHints":{"allow":["GET"]}}],"collection":[{"href":"https:\/\/natussensory.com\/it\/wp-json\/wp\/v2\/pages"}],"about":[{"href":"https:\/\/natussensory.com\/it\/wp-json\/wp\/v2\/types\/page"}],"author":[{"embeddable":true,"href":"https:\/\/natussensory.com\/it\/wp-json\/wp\/v2\/users\/4"}],"replies":[{"embeddable":true,"href":"https:\/\/natussensory.com\/it\/wp-json\/wp\/v2\/comments?post=12770"}],"version-history":[{"count":6,"href":"https:\/\/natussensory.com\/it\/wp-json\/wp\/v2\/pages\/12770\/revisions"}],"predecessor-version":[{"id":27037,"href":"https:\/\/natussensory.com\/it\/wp-json\/wp\/v2\/pages\/12770\/revisions\/27037"}],"wp:attachment":[{"href":"https:\/\/natussensory.com\/it\/wp-json\/wp\/v2\/media?parent=12770"}],"wp:term":[{"taxonomy":"category","embeddable":true,"href":"https:\/\/natussensory.com\/it\/wp-json\/wp\/v2\/categories?post=12770"},{"taxonomy":"post_tag","embeddable":true,"href":"https:\/\/natussensory.com\/it\/wp-json\/wp\/v2\/tags?post=12770"}],"curies":[{"name":"wp","href":"https:\/\/api.w.org\/{rel}","templated":true}]}}