{"id":11979,"date":"2023-09-22T19:55:32","date_gmt":"2023-09-22T19:55:32","guid":{"rendered":"https:\/\/natussensory.com\/job-applicant-privacy-notice\/"},"modified":"2025-09-24T13:09:30","modified_gmt":"2025-09-24T13:09:30","slug":"informativa-sulla-privacy-per-candidati","status":"publish","type":"page","link":"https:\/\/natussensory.com\/it\/informativa-sulla-privacy-per-candidati\/","title":{"rendered":"Informativa Sulla Privacy per i Candidati"},"content":{"rendered":"","protected":false},"excerpt":{"rendered":"","protected":false},"author":4,"featured_media":0,"parent":0,"menu_order":0,"comment_status":"closed","ping_status":"closed","template":"","meta":{"_acf_changed":false,"inline_featured_image":false,"footnotes":""},"categories":[],"tags":[],"class_list":["post-11979","page","type-page","status-publish","hentry"],"acf":{"content_blocks":[{"acf_fc_layout":"spacer","_acfe_flexible_toggle":"","spacer":{"module_options":{"":null,"module_id":"n6514cae310313","module_class":"","module_background_type":"color","module_background_color":"#473089","module_background_image":false,"module_background_video":"","activate_custom_padding":false,"padding_top_desktop":"0","padding_top_tablet":"0","padding_top_mobile":"0","padding_bottom_desktop":"0","padding_bottom_tablet":"0","padding_bottom_mobile":"0","activate_custom_margin":false,"margin_top_desktop":"0","margin_top_tablet":"0","margin_top_mobile":"0","margin_bottom_desktop":"0","margin_bottom_tablet":"0","margin_bottom_mobile":"0","disable_on":[],"content_alignment_desktop":"left","content_alignment_tablet":"left","content_alignment_mobile":"left"},"height":"160"}},{"acf_fc_layout":"simple_content","_acfe_flexible_toggle":"","content_full_width_landing":{"module_options":{"":null,"module_id":"n68481ff96f7b3","module_class":"","module_background_type":"color","module_background_color":"#d4e9f9","module_background_image":false,"module_background_video":"","activate_custom_padding":false,"padding_top_desktop":"0","padding_top_tablet":"0","padding_top_mobile":"0","padding_bottom_desktop":"0","padding_bottom_tablet":"0","padding_bottom_mobile":"0","activate_custom_margin":false,"margin_top_desktop":"0","margin_top_tablet":"0","margin_top_mobile":"0","margin_bottom_desktop":"0","margin_bottom_tablet":"0","margin_bottom_mobile":"0","disable_on":[],"content_alignment_desktop":"left","content_alignment_tablet":"left","content_alignment_mobile":"left"},"activate_custom_container_width":false,"container_width":"","content":"<h1 style=\"text-align: center;\">Informativa Sulla Privacy per i Candidati a una Posizione di Lavoro<\/h1>\n"}},{"acf_fc_layout":"simple_content","_acfe_flexible_toggle":"","content_full_width_landing":{"module_options":{"":null,"module_id":"n6514ca1706eac","module_class":"","module_background_type":"color","module_background_color":"","module_background_image":false,"module_background_video":"","activate_custom_padding":false,"padding_top_desktop":0,"padding_top_tablet":"","padding_top_mobile":"","padding_bottom_desktop":"","padding_bottom_tablet":"","padding_bottom_mobile":"","activate_custom_margin":false,"margin_top_desktop":"","margin_top_tablet":"","margin_top_mobile":"","margin_bottom_desktop":"","margin_bottom_tablet":"","margin_bottom_mobile":"","disable_on":[],"content_alignment_desktop":"left","content_alignment_tablet":"left","content_alignment_mobile":"left"},"activate_custom_container_width":false,"container_width":"","content":"<p>Natus Sensory Inc. (\u201cNatus Sensory\u201d) rispetta la privacy del candidato e si impegna a proteggere i suoi dati personali. Natus Sensory \u00e8 titolare del trattamento dei dati personali. Ci\u00f2 significa che \u00e8 responsabile di decidere come conservare e utilizzare i dati personali del candidato. La presente informativa ha lo scopo di informare il candidato sulle modalit\u00e0 e finalit\u00e0 del trattamento dei suoi dati e per quanto tempo vengono conservati, e conferma in particolare che i suoi dati sono ottenuti e conservati in relazione al processo di candidatura e di assunzione. Fornisce inoltre alcune informazioni che devono essere fornite ai sensi delle leggi e dei regolamenti applicabili in materia di protezione dei dati, tra cui, ad esempio, il Regolamento generale sulla protezione dei dati (GDPR) in vigore dal 25 maggio 2018 e il Data Protection Act 2018 del Regno Unito.<\/p>\n<p>&nbsp;<\/p>\n<p><strong>PRINCIPI DI PROTEZIONE DEI DATI <\/strong><\/p>\n<p>Natus Sensory\u00a0si impegna a rispettare le leggi e i principi sulla protezione dei dati, vale a dire che i dati dell\u2019utente sono:<\/p>\n<ul>\n<li>Utilizzati in modo lecito, equo e trasparente.<\/li>\n<li>Raccolti solo per finalit\u00e0 lecite che abbiamo chiaramente spiegato e non sono utilizzati in alcun modo incompatibile con tali finalit\u00e0.<\/li>\n<li>Pertinenti alle finalit\u00e0 descritte e limitati solo a tali finalit\u00e0.<\/li>\n<li>Accurati e aggiornati.<\/li>\n<li>Conservati solo per il tempo necessario al perseguimento delle finalit\u00e0 descritte, ovvero in relazione al processo di assunzione.<\/li>\n<li>Conservati in modo sicuro e protetti da trattamenti non autorizzati o illeciti e dalla perdita o distruzione mediante misure tecniche e organizzative adeguate.<\/li>\n<\/ul>\n<p>&nbsp;<\/p>\n<p><strong>TIPO DI DATI IN NOSTRO POSSESSO<\/strong><\/p>\n<p>In relazione alla domanda di assunzione presso Natus Sensory\u00a0, raccogliamo, utilizziamo e conserviamo le seguenti categorie di dati personali sui candidati:<\/p>\n<ul>\n<li>I dati forniti nel curriculum vitae (CV) e i dati personali contenuti nella lettera di presentazione.<\/li>\n<li>I dati forniti nel modulo di candidatura, tra cui nome, titolo, indirizzo di residenza\/temporaneo, numero di telefono, indirizzo e-mail personale, data di nascita, genere, percorso professionale, qualifiche, nazionalit\u00e0, account sui social media, professione, associazioni professionali, risultati scolastici, diplomi, trascrizioni, lingue, competenze informatiche, completamento del servizio nazionale (se applicabile), numero di identificazione e qualsiasi altro dato fornito durante i colloqui.<\/li>\n<li>Tutti i dati personali fornitici sul candidato dai suoi referenti (se applicabile).<\/li>\n<\/ul>\n<p>&nbsp;<\/p>\n<p><strong>COME RACCOGLIAMO I DATI PERSONALI?<\/strong><\/p>\n<p>Raccogliamo dati personali sui candidati dalle seguenti fonti:<\/p>\n<ul>\n<li>Dal candidato stesso.<\/li>\n<li>Dalle referenze fornite, da cui raccogliamo le seguenti categorie di dati: nome e cognome, competenze, posizioni ricoperte, periodi di lavoro precedenti, verifica delle qualifiche e prestazioni durante il precedente impiego.<\/li>\n<li>Da fonti accessibili al pubblico, come LinkedIn, ecc., dove raccogliamo il nome completo, l\u2019e-mail, il percorso professionale e altri dati inseriti nel profilo del candidato o da altri nei loro commenti.<\/li>\n<\/ul>\n<p>&nbsp;<\/p>\n<p><strong>IN CHE MODO UTILIZZIAMO I DATI<\/strong><\/p>\n<p>Utilizziamo i dati personali raccolti per:<\/p>\n<ul>\n<li>Valutare le capacit\u00e0, le qualifiche e l\u2019idoneit\u00e0 per il ruolo che il candidato desidera ricoprire e per qualsiasi altro ruolo aperto.<\/li>\n<li>Effettuare controlli dei precedenti personali e sulle referenze, se e dove possibile.<\/li>\n<li>Comunicare con il candidato in merito al processo di assunzione.<\/li>\n<li>Sviluppare e conservare i documenti relativi ai processi di assunzione.<\/li>\n<li>Adempiere ai requisiti legali o normativi.<\/li>\n<\/ul>\n<p>Inoltre, dobbiamo trattare i dati del candidato per decidere se stipulare o meno un contratto di lavoro.<\/p>\n<p>Dopo aver ricevuto il CV e la lettera di presentazione nonch\u00e9 i risultati di eventuali verifiche preliminari o test sostenuti, tratteremo tali dati per decidere se il candidato soddisfa i requisiti di base per essere selezionato per il ruolo. In tal caso, decideremo se la sua candidatura, le sue competenze e la sua esperienza giustificano l\u2019invito a sostenere un colloquio. Se decidiamo di convocare il candidato per un colloquio, utilizzeremo i dati forniti durante il colloquio come elemento per decidere se offrire o meno il ruolo. Se decidiamo di offrirgli il ruolo, potremo quindi effettuare un controllo delle referenze, dei precedenti personali, un test antidroga o qualsiasi altro tipo di controllo delle qualifiche prima di confermare la sua nomina.<\/p>\n<p>&nbsp;<\/p>\n<p><strong>MANCATA COMUNICAZIONE DEI DATI PERSONALI<\/strong><\/p>\n<p>Se il candidato non fornisce, quando richiesto, i dati personali necessari per prendere in considerazione la sua candidatura (ad esempio titoli di studio o percorso professionale), potremmo non essere in grado di elaborare ulteriormente la sua candidatura. Ad esempio, se richiediamo referenze per questo ruolo e non ci vengono forniti i relativi dettagli, non saremo in grado di portare avanti la sua candidatura.<\/p>\n<p>&nbsp;<\/p>\n<p><strong>COME UTILIZZIAMO I DATI PERSONALI PARTICOLARMENTE SENSIBILI <\/strong><\/p>\n<p>Utilizziamo i dati personali sensibili solo nella misura consentita dalle leggi e dai regolamenti applicabili:<\/p>\n<ul>\n<li>Utilizziamo i dati relativi allo stato di disabilit\u00e0 del candidato per valutare se sia necessario fornire sistemazioni ragionevoli durante il processo di assunzione, ad esempio se \u00e8 necessario trovare alloggi durante un test o un colloquio.<\/li>\n<li>Utilizziamo i dati relativi alla sua nazionalit\u00e0 o etnia per valutare se per il ruolo sono necessari un permesso di lavoro, un visto o altra certificazione o autorizzazione di immigrazione.<\/li>\n<\/ul>\n<p>&nbsp;<\/p>\n<p><strong>PROCESSO DECISIONALE AUTOMATIZZATO<\/strong><\/p>\n<p>Il candidato non \u00e8 soggetto a decisioni che avranno un impatto significativo su di esso basate esclusivamente su un processo decisionale automatizzato.<\/p>\n<p>&nbsp;<\/p>\n<p><strong>CONDIVISIONE DEI DATI<\/strong><\/p>\n<p>Condividiamo i dati personali del candidato con i fornitori terzi di servizi di Natus Sensory\u00a0solo ai fini dell\u2019elaborazione della sua candidatura. Tutti i nostri fornitori terzi di servizi e altre entit\u00e0 a cui potrebbero essere forniti i dati personali del candidato sono tenuti ad adottare misure di sicurezza adeguate per proteggere i dati in linea con le nostre politiche. Non consentiamo ai nostri fornitori terzi di servizi di utilizzare i dati personali per proprie finalit\u00e0, ma consentiamo loro di trattarli solo per finalit\u00e0 specifiche e in conformit\u00e0 alle nostre istruzioni.<\/p>\n<p>&nbsp;<\/p>\n<p><strong>SICUREZZA DEI DATI<\/strong><\/p>\n<p>Adottiamo misure di sicurezza adeguate per evitare che i dati personali vengano accidentalmente persi, utilizzati o consultati in modo non autorizzato, alterati o divulgati. Inoltre, limitiamo l\u2019accesso ai dati personali ai dipendenti, agenti, appaltatori e ad altre terze parti che hanno la necessit\u00e0 di conoscerli per fini lavorativi. Essi tratteranno i dati personali del candidato solo in base alle nostre istruzioni specifiche e sono soggetti a un obbligo di riservatezza. Informazioni dettagliate su queste misure possono essere ricavate dall\u2019informativa sulla privacy sul nostro <a href=\"https:\/\/natussensory.com\/it\/dichiarazione-sulla-privacy\/\">sito web.<\/a><\/p>\n<p>Mettiamo in atto procedure per far fronte a qualsiasi sospetta violazione della sicurezza dei dati e comunicheremo al candidato e a qualsiasi autorit\u00e0 di regolamentazione applicabile una sospetta violazione, laddove siamo legalmente tenuti a farlo.<\/p>\n<p>&nbsp;<\/p>\n<p><strong>CONSERVAZIONE DEI DATI <\/strong><\/p>\n<p>I dati personali vengono conservati per tutto il tempo necessario al processo di candidatura o come richiesto dalla legge, o per il periodo necessario in relazione a un rapporto di lavoro o contrattuale in corso. Se il candidato non viene selezionato, i suoi dati personali saranno conservati per 6 mesi o per un periodo di 3 anni, previo suo esplicito consenso, a meno che la legge locale non richieda un periodo di conservazione pi\u00f9 lungo. Conserviamo i dati personali per poter dimostrare, in caso di azione legale, di non aver discriminato i candidati per motivi vietati e di aver condotto il processo di assunzione in modo equo e trasparente. Inoltre, conserviamo i dati personali nel caso in cui si renda vacante un ruolo simile per il quale il candidato potrebbe essere qualificato. \u00c8 necessario assicurarsi che i propri dati siano sempre aggiornati accedendo al nostro sistema di tracciamento dei candidati online (Applicant Tracking System). Al termine del periodo applicabile, distruggeremo in modo sicuro i dati personali in conformit\u00e0 alla nostra politica di conservazione dei dati.<\/p>\n<p>&nbsp;<\/p>\n<p><strong>DIRITTI DI ACCESSO, RETTIFICA, CANCELLAZIONE E RESTRIZIONE<\/strong><\/p>\n<p><strong>Diritti dei candidati in relazione ai dati personali<\/strong><\/p>\n<p>In determinate circostanze, la legge consente di:<\/p>\n<ul>\n<li><strong>Richiedere l\u2019accesso ai<\/strong> dati personali (comunemente noto come \u201crichiesta di accesso ai dati\u201d). Ci\u00f2 consente al candidato di ricevere una copia dei dati personali in nostro possesso e di verificare che li stiamo conservando e trattando in modo lecito.<\/li>\n<li><strong>Richiedere la rettifica<\/strong> dei dati personali in nostro possesso. Ci\u00f2 consente di correggere eventuali dati incompleti o inesatti.<\/li>\n<li><strong>Richiedere la cancellazione<\/strong> dei dati personali. Ci\u00f2 consente al candidato di chiederci di cancellare o rimuovere i dati personali qualora non vi sia una buona ragione per continuare a trattarli. Il candidato ha altres\u00ec il diritto di chiederci di cancellare o rimuovere i suoi dati personali laddove abbia esercitato il suo diritto di opporsi al trattamento (vedi sotto).<\/li>\n<li><strong>Opporsi al trattamento <\/strong>dei dati personali se ci basiamo su un interesse legittimo (o su quello di una terza parte) e se una situazione particolare del candidato lo spinga a opporsi al trattamento su tale base. Il candidato ha altres\u00ec il diritto di opporsi se stiamo trattando i suoi dati personali per scopi di marketing diretto.<\/li>\n<li><strong>Richiedere la limitazione del trattamento<\/strong> dei dati personali. Ci\u00f2 consente al candidato di chiederci la sospensione del trattamento dei dati personali che lo riguardano, ad esempio se desidera che ne venga accertata l\u2019esattezza o il motivo del trattamento.<\/li>\n<li><strong>Richiedere il trasferimento <\/strong>dei suoi dati personali a un\u2019altra parte.<\/li>\n<\/ul>\n<p>Se il candidato desidera rivedere, verificare o rettificare i suoi dati personali, pu\u00f2 farlo accedendo al sistema online. Se desidera richiedere la cancellazione o opporsi al trattamento dei dati personali, pu\u00f2 inviare un\u2019e-mail a <a href=\"mailto:recruiting@natus.com\">recruiting@natus.com.<\/a><\/p>\n<p>&nbsp;<\/p>\n<p><strong>DOMANDE SULLA PROTEZIONE DEI DATI <\/strong><\/p>\n<p>Abbiamo nominato un responsabile della protezione dei dati (\u201cDPO\u201d) per controllare l\u2019osservanza della presente informativa sulla privacy. Per qualsiasi domanda sulla presente informativa sulla privacy o sul modo in cui trattiamo i dati personali, contattare il DPO all\u2019indirizzo <a href=\"mailto:global.privacy@natus.com\">global.privacy@natus.com<\/a>. Puoi presentare un reclamo in qualsiasi momento all&#8217;ufficio governativo locale del garante della protezione dei dati.<\/p>\n"}}]},"_links":{"self":[{"href":"https:\/\/natussensory.com\/it\/wp-json\/wp\/v2\/pages\/11979","targetHints":{"allow":["GET"]}}],"collection":[{"href":"https:\/\/natussensory.com\/it\/wp-json\/wp\/v2\/pages"}],"about":[{"href":"https:\/\/natussensory.com\/it\/wp-json\/wp\/v2\/types\/page"}],"author":[{"embeddable":true,"href":"https:\/\/natussensory.com\/it\/wp-json\/wp\/v2\/users\/4"}],"replies":[{"embeddable":true,"href":"https:\/\/natussensory.com\/it\/wp-json\/wp\/v2\/comments?post=11979"}],"version-history":[{"count":11,"href":"https:\/\/natussensory.com\/it\/wp-json\/wp\/v2\/pages\/11979\/revisions"}],"predecessor-version":[{"id":27229,"href":"https:\/\/natussensory.com\/it\/wp-json\/wp\/v2\/pages\/11979\/revisions\/27229"}],"wp:attachment":[{"href":"https:\/\/natussensory.com\/it\/wp-json\/wp\/v2\/media?parent=11979"}],"wp:term":[{"taxonomy":"category","embeddable":true,"href":"https:\/\/natussensory.com\/it\/wp-json\/wp\/v2\/categories?post=11979"},{"taxonomy":"post_tag","embeddable":true,"href":"https:\/\/natussensory.com\/it\/wp-json\/wp\/v2\/tags?post=11979"}],"curies":[{"name":"wp","href":"https:\/\/api.w.org\/{rel}","templated":true}]}}