{"id":11269,"date":"2023-05-22T10:39:02","date_gmt":"2023-05-22T10:39:02","guid":{"rendered":"https:\/\/natussensory.com\/careers\/"},"modified":"2025-09-18T12:49:58","modified_gmt":"2025-09-18T12:49:58","slug":"carriera","status":"publish","type":"page","link":"https:\/\/natussensory.com\/it\/carriera\/","title":{"rendered":"Carriera"},"content":{"rendered":"","protected":false},"excerpt":{"rendered":"","protected":false},"author":1,"featured_media":0,"parent":0,"menu_order":0,"comment_status":"closed","ping_status":"closed","template":"","meta":{"_acf_changed":false,"inline_featured_image":false,"footnotes":""},"categories":[],"tags":[],"class_list":["post-11269","page","type-page","status-publish","hentry"],"acf":{"content_blocks":[{"acf_fc_layout":"spacer","_acfe_flexible_toggle":"","spacer":{"module_options":{"":null,"module_id":"n6514d1d199838","module_class":"","module_background_type":"color","module_background_color":"#473089","module_background_image":false,"module_background_video":"","activate_custom_padding":false,"padding_top_desktop":0,"padding_top_tablet":"","padding_top_mobile":"","padding_bottom_desktop":"","padding_bottom_tablet":"","padding_bottom_mobile":"","activate_custom_margin":false,"margin_top_desktop":"","margin_top_tablet":"","margin_top_mobile":"","margin_bottom_desktop":"","margin_bottom_tablet":"","margin_bottom_mobile":"","disable_on":[],"content_alignment_desktop":"left","content_alignment_tablet":"left","content_alignment_mobile":"left"},"height":"160"}},{"acf_fc_layout":"simple_content","_acfe_flexible_toggle":"","content_full_width_landing":{"module_options":{"":null,"module_id":"n6514d1d1bceb1","module_class":"","module_background_type":"image","module_background_color":"","module_background_image":"https:\/\/natussensory.com\/wp-content\/uploads\/Homepage-banner.jpg","module_background_video":"","activate_custom_padding":true,"padding_top_desktop":"40","padding_top_tablet":"0","padding_top_mobile":"0","padding_bottom_desktop":"0","padding_bottom_tablet":"0","padding_bottom_mobile":"10","activate_custom_margin":false,"margin_top_desktop":"","margin_top_tablet":"","margin_top_mobile":"","margin_bottom_desktop":"","margin_bottom_tablet":"","margin_bottom_mobile":"","disable_on":[],"content_alignment_desktop":"left","content_alignment_tablet":"left","content_alignment_mobile":"left"},"activate_custom_container_width":false,"container_width":"","content":"<p>&nbsp;<\/p>\n<p>&nbsp;<\/p>\n<h1 style=\"text-align: center;\">Carriera<\/h1>\n<p>&nbsp;<\/p>\n<p>&nbsp;<\/p>\n"}},{"acf_fc_layout":"simple_content","_acfe_flexible_toggle":"","content_full_width_landing":{"module_options":{"":null,"module_id":"n651464117b026","module_class":"","module_background_type":"color","module_background_color":"","module_background_image":false,"module_background_video":"","activate_custom_padding":true,"padding_top_desktop":"5","padding_top_tablet":"5","padding_top_mobile":"5","padding_bottom_desktop":"0","padding_bottom_tablet":"0","padding_bottom_mobile":"0","activate_custom_margin":false,"margin_top_desktop":"","margin_top_tablet":"","margin_top_mobile":"","margin_bottom_desktop":"","margin_bottom_tablet":"","margin_bottom_mobile":"","disable_on":[],"content_alignment_desktop":"left","content_alignment_tablet":"left","content_alignment_mobile":"left"},"activate_custom_container_width":false,"container_width":"","content":"<p>&nbsp;<\/p>\n<p class=\"text-align-center\" style=\"text-align: center;\"><span style=\"font-size: 36px;\">Vuoi lavorare con noi?<\/span><\/p>\n<h5><\/h5>\n<h5 style=\"text-align: center;\">Offriamo buoni salari, un ottimo gruppo di lavoro e l\u2019opportunit\u00e0 di una crescita professionale<\/h5>\n<h2><\/h2>\n<p>&nbsp;<\/p>\n"}},{"acf_fc_layout":"left_image_right_content_single_cta","_acfe_flexible_toggle":"","left_image_right_content_single_cta_landing":{"module_options":{"":null,"module_id":"n68a465ada02ba","module_class":"","module_background_type":"color","module_background_color":"","module_background_image":false,"module_background_video":"","activate_custom_padding":false,"padding_top_desktop":0,"padding_top_tablet":"","padding_top_mobile":"","padding_bottom_desktop":"","padding_bottom_tablet":"","padding_bottom_mobile":"","activate_custom_margin":false,"margin_top_desktop":"","margin_top_tablet":"","margin_top_mobile":"","margin_bottom_desktop":"","margin_bottom_tablet":"","margin_bottom_mobile":"","disable_on":[],"content_alignment_desktop":"left","content_alignment_tablet":"left","content_alignment_mobile":"left"},"image":{"ID":24955,"id":24955,"title":"About-us_spot","filename":"About-us_spot.jpg","filesize":194870,"url":"https:\/\/natussensory.com\/wp-content\/uploads\/About-us_spot.jpg","link":"https:\/\/natussensory.com\/it\/chi-siamo\/about-us_spot-2\/","alt":"","author":"4","description":"","caption":"","name":"about-us_spot-2","status":"inherit","uploaded_to":11290,"date":"2025-06-27 14:16:12","modified":"2025-06-27 14:16:12","menu_order":0,"mime_type":"image\/jpeg","type":"image","subtype":"jpeg","icon":"https:\/\/natussensory.com\/wp-includes\/images\/media\/default.png","width":800,"height":450,"sizes":{"thumbnail":"https:\/\/natussensory.com\/wp-content\/uploads\/About-us_spot.jpg","thumbnail-width":128,"thumbnail-height":72,"medium":"https:\/\/natussensory.com\/wp-content\/uploads\/About-us_spot.jpg","medium-width":800,"medium-height":450,"medium_large":"https:\/\/natussensory.com\/wp-content\/uploads\/About-us_spot-768x432.jpg","medium_large-width":768,"medium_large-height":432,"large":"https:\/\/natussensory.com\/wp-content\/uploads\/About-us_spot.jpg","large-width":800,"large-height":450,"1536x1536":"https:\/\/natussensory.com\/wp-content\/uploads\/About-us_spot.jpg","1536x1536-width":800,"1536x1536-height":450,"2048x2048":"https:\/\/natussensory.com\/wp-content\/uploads\/About-us_spot.jpg","2048x2048-width":800,"2048x2048-height":450}},"label":"","title":"Vita lavorativa che cambia sulla base della passione e dell\u2019innovazione","description":"<p>In Natus Sensory si condivide una missione: migliorare la cura del paziente. Natus Sensory \u00e8 un luogo in cui ogni tipo di persona pu\u00f2 condividere le proprie competenze per aiutare a migliorare la qualit\u00e0 della vita dei pazienti di tutto il mondo. Siamo un&#8217;organizzazione a livello globale: apparecchiature, assistenza tecnica e formazione. Ci impegniamo per la qualit\u00e0, sia dei nostri prodotti che delle persone che collaborano con noi. Ecco perch\u00e9 siamo sempre alla ricerca di nuovi talenti da inserire nel nostro team. Se sei appassionato, potresti essere il nostro nuovo compagno di squadra!<\/p>\n","link":{"type":"url","value":"https:\/\/jobs.dayforcehcm.com\/it-IT\/natus\/CANDIDATEPORTALSENSORY","url":"https:\/\/jobs.dayforcehcm.com\/it-IT\/natus\/CANDIDATEPORTALSENSORY","name":"https:\/\/jobs.dayforcehcm.com\/it-IT\/natus\/CANDIDATEPORTALSENSORY","title":"SONO INTERESSATO","target":"_blank"}}},{"acf_fc_layout":"content_multiple_columns","_acfe_flexible_toggle":"","content_multiple_columns":{"module_options":{"":null,"module_id":"n6511b6c112eda","module_class":"","module_background_type":"color","module_background_color":"","module_background_image":false,"module_background_video":"","activate_custom_padding":true,"padding_top_desktop":"0","padding_top_tablet":"0","padding_top_mobile":"0","padding_bottom_desktop":"0","padding_bottom_tablet":"0","padding_bottom_mobile":"0","activate_custom_margin":false,"margin_top_desktop":"","margin_top_tablet":"","margin_top_mobile":"","margin_bottom_desktop":"","margin_bottom_tablet":"","margin_bottom_mobile":"","disable_on":[],"content_alignment_desktop":"left","content_alignment_tablet":"left","content_alignment_mobile":"left"},"columns_per_rows_desktop":"3","columns_per_rows_tablet":"1","columns_per_rows_mobile":"1","columns":[{"column_background":"#f1f1f1","column_size":"one-third","column_alignment":"align-left","activate_top_right_border_radius":false,"content_type":[{"acf_fc_layout":"simple_content","content":"<p><img loading=\"lazy\" decoding=\"async\" class=\"size-full wp-image-6599 alignleft\" src=\"\/wp-content\/uploads\/Global.png\" alt=\"\" width=\"150\" height=\"150\" \/><\/p>\n<p class=\"text-align-center\" style=\"text-align: left;\"><span style=\"font-size: 24px;\">Pensa globale\u00a0<\/span><\/p>\n<p class=\"text-align-center\" style=\"text-align: left;\">Serviamo pazienti in tutto il mondo con team presenti in tutti i continenti tranne l&#8217;Antartide<\/p>\n"}]},{"column_background":"#f1f1f1","column_size":"one-third","column_alignment":"align-left","activate_top_right_border_radius":false,"content_type":[{"acf_fc_layout":"simple_content","content":"<p>&nbsp;<\/p>\n<p><img loading=\"lazy\" decoding=\"async\" class=\"size-full wp-image-6594 alignleft\" src=\"\/wp-content\/uploads\/Competitive.png\" alt=\"\" width=\"150\" height=\"150\" \/><\/p>\n<p class=\"text-align-center\" style=\"text-align: left;\"><span style=\"font-size: 24px;\"> Siamo competitivi<\/span><\/p>\n<p class=\"text-align-center\" style=\"text-align: left;\">Paghiamo standard di settore uguali o superiori<\/p>\n"}]},{"column_background":"#f1f1f1","column_size":"one-third","column_alignment":"align-left","activate_top_right_border_radius":false,"content_type":[{"acf_fc_layout":"simple_content","content":"<p>&nbsp;<\/p>\n<p><img loading=\"lazy\" decoding=\"async\" class=\"size-full wp-image-6589 alignleft\" src=\"\/wp-content\/uploads\/Supporting-hands.png\" alt=\"\" width=\"150\" height=\"150\" \/><\/p>\n<p class=\"text-align-center\" style=\"text-align: left;\"><span style=\"font-size: 24px;\"> Facciamo la differenza<\/span><\/p>\n<p class=\"text-align-center\" style=\"text-align: left;\">Nella vita dei nostri pazienti ogni giorno<\/p>\n"}]},{"column_background":"#f1f1f1","column_size":"one-third","column_alignment":"align-left","activate_top_right_border_radius":false,"content_type":[{"acf_fc_layout":"simple_content","content":"<p style=\"text-align: left;\"><img loading=\"lazy\" decoding=\"async\" class=\"size-full wp-image-6619 alignleft\" src=\"\/wp-content\/uploads\/Flexible-work-environment.png\" alt=\"\" width=\"150\" height=\"150\" \/><\/p>\n<p class=\"text-align-center\" style=\"text-align: left;\"><span style=\"font-size: 24px;\">Ambiente lavoro flessibile<\/span><\/p>\n<p class=\"text-align-center\" style=\"text-align: left;\">Possibilit\u00e0 di lavorare da remoto, ibrido o in sede<\/p>\n"}]},{"column_background":"#f1f1f1","column_size":"one-third","column_alignment":"align-left","activate_top_right_border_radius":false,"content_type":[{"acf_fc_layout":"simple_content","content":"<p style=\"text-align: left;\"><img loading=\"lazy\" decoding=\"async\" class=\"size-full wp-image-6614 alignleft\" src=\"\/wp-content\/uploads\/Merit.png\" alt=\"\" width=\"150\" height=\"150\" \/><\/p>\n<p class=\"text-align-center\" style=\"text-align: left;\"><span style=\"font-size: 24px;\">Bonus e meriti<\/span><\/p>\n<p class=\"text-align-center\" style=\"text-align: left;\">\u00c8 una vittoria per tutti noi, basata su obiettivi e prestazioni<\/p>\n"}]},{"column_background":"#f1f1f1","column_size":"one-third","column_alignment":"align-left","activate_top_right_border_radius":false,"content_type":[{"acf_fc_layout":"simple_content","content":"<p style=\"text-align: left;\"><img loading=\"lazy\" decoding=\"async\" class=\"size-full wp-image-6609 alignleft\" src=\"\/wp-content\/uploads\/Chance-to-grow.png\" alt=\"\" width=\"150\" height=\"150\" \/><\/p>\n<p class=\"text-align-center\" style=\"text-align: left;\"><span style=\"font-size: 24px;\">Possibilit\u00e0 di crescita<\/span><\/p>\n<p style=\"text-align: left;\">Opportunit\u00e0 di avanzamento di carriera<\/p>\n"}]}]}},{"acf_fc_layout":"left_image_right_content_single_cta","_acfe_flexible_toggle":"","left_image_right_content_single_cta_landing":{"module_options":{"":null,"module_id":"n651464161fb49","module_class":"","module_background_type":"color","module_background_color":"","module_background_image":false,"module_background_video":"","activate_custom_padding":false,"padding_top_desktop":0,"padding_top_tablet":"","padding_top_mobile":"","padding_bottom_desktop":"","padding_bottom_tablet":"","padding_bottom_mobile":"","activate_custom_margin":false,"margin_top_desktop":"","margin_top_tablet":"","margin_top_mobile":"","margin_bottom_desktop":"","margin_bottom_tablet":"","margin_bottom_mobile":"","disable_on":[],"content_alignment_desktop":"left","content_alignment_tablet":"left","content_alignment_mobile":"left"},"image":{"ID":6633,"id":6633,"title":"We are Innovators","filename":"We-are-Innovators.png","filesize":598273,"url":"https:\/\/natussensory.com\/wp-content\/uploads\/We-are-Innovators.png","link":"https:\/\/natussensory.com\/it\/carriera\/we-are-innovators-2\/","alt":"Natus R&D team member hard at work","author":"4","description":"","caption":"","name":"we-are-innovators-2","status":"inherit","uploaded_to":11269,"date":"2023-09-22 19:15:43","modified":"2024-07-26 15:46:51","menu_order":0,"mime_type":"image\/png","type":"image","subtype":"png","icon":"https:\/\/natussensory.com\/wp-includes\/images\/media\/default.png","width":800,"height":450,"sizes":{"thumbnail":"https:\/\/natussensory.com\/wp-content\/uploads\/We-are-Innovators.png","thumbnail-width":128,"thumbnail-height":72,"medium":"https:\/\/natussensory.com\/wp-content\/uploads\/We-are-Innovators.png","medium-width":800,"medium-height":450,"medium_large":"https:\/\/natussensory.com\/wp-content\/uploads\/We-are-Innovators-768x432.png","medium_large-width":768,"medium_large-height":432,"large":"https:\/\/natussensory.com\/wp-content\/uploads\/We-are-Innovators.png","large-width":800,"large-height":450,"1536x1536":"https:\/\/natussensory.com\/wp-content\/uploads\/We-are-Innovators.png","1536x1536-width":800,"1536x1536-height":450,"2048x2048":"https:\/\/natussensory.com\/wp-content\/uploads\/We-are-Innovators.png","2048x2048-width":800,"2048x2048-height":450}},"label":"","title":"Siamo innovatori","description":"<p>In qualit\u00e0 di specialisti nel nostro settore, cerchiamo persone altamente qualificate che amino le sfide (abbiamo oltre 150 brevetti in tutto il mondo!). Attraverso il nostro programma di riconoscimento del lavoro con obiettivi e iniziative annuali, incoraggiamo il nostro team a spingere i confini della tecnologia e continuare a fornire soluzioni innovative ai nostri clienti, dall&#8217;ideazione alla produzione.<\/p>\n","link":null}},{"acf_fc_layout":"right_image_left_content_single_cta","_acfe_flexible_toggle":"","right_image_left_content_single_cta_landing":{"module_options":{"":null,"module_id":"n651464167fdd6","module_class":"","module_background_type":"color","module_background_color":"","module_background_image":false,"module_background_video":"","activate_custom_padding":false,"padding_top_desktop":0,"padding_top_tablet":"","padding_top_mobile":"","padding_bottom_desktop":"","padding_bottom_tablet":"","padding_bottom_mobile":"","activate_custom_margin":false,"margin_top_desktop":"","margin_top_tablet":"","margin_top_mobile":"","margin_bottom_desktop":"","margin_bottom_tablet":"","margin_bottom_mobile":"","disable_on":[],"content_alignment_desktop":"left","content_alignment_tablet":"left","content_alignment_mobile":"left"},"":null,"label":"","title":"Siamo flessibili","description":"<p>Lavoriamo in modo pi\u00f9 intelligente. Fornendo le giuste condizioni di lavoro, i nostri dipendenti possono crescere. C\u2019\u00e8 la possibilit\u00e0 di lavorare da remoto o in forma ibrida, offrendoti la libert\u00e0 di cui hai bisogno pur rimanendo in contatto con i tuoi colleghi in tutto il mondo.<\/p>\n","link":null,"image":{"ID":6638,"id":6638,"title":"We are Flexible","filename":"We-are-Flexible.png","filesize":502632,"url":"https:\/\/natussensory.com\/wp-content\/uploads\/We-are-Flexible.png","link":"https:\/\/natussensory.com\/it\/carriera\/we-are-flexible-2\/","alt":"Working from home is a benefit with many Natus careers","author":"4","description":"","caption":"","name":"we-are-flexible-2","status":"inherit","uploaded_to":11269,"date":"2023-09-22 19:19:15","modified":"2024-07-26 15:46:30","menu_order":0,"mime_type":"image\/png","type":"image","subtype":"png","icon":"https:\/\/natussensory.com\/wp-includes\/images\/media\/default.png","width":800,"height":450,"sizes":{"thumbnail":"https:\/\/natussensory.com\/wp-content\/uploads\/We-are-Flexible.png","thumbnail-width":128,"thumbnail-height":72,"medium":"https:\/\/natussensory.com\/wp-content\/uploads\/We-are-Flexible.png","medium-width":800,"medium-height":450,"medium_large":"https:\/\/natussensory.com\/wp-content\/uploads\/We-are-Flexible-768x432.png","medium_large-width":768,"medium_large-height":432,"large":"https:\/\/natussensory.com\/wp-content\/uploads\/We-are-Flexible.png","large-width":800,"large-height":450,"1536x1536":"https:\/\/natussensory.com\/wp-content\/uploads\/We-are-Flexible.png","1536x1536-width":800,"1536x1536-height":450,"2048x2048":"https:\/\/natussensory.com\/wp-content\/uploads\/We-are-Flexible.png","2048x2048-width":800,"2048x2048-height":450}}}},{"acf_fc_layout":"left_image_right_content_single_cta","_acfe_flexible_toggle":"","left_image_right_content_single_cta_landing":{"module_options":{"":null,"module_id":"n65146416de270","module_class":"","module_background_type":"color","module_background_color":"","module_background_image":false,"module_background_video":"","activate_custom_padding":true,"padding_top_desktop":"50","padding_top_tablet":"0","padding_top_mobile":"0","padding_bottom_desktop":"50","padding_bottom_tablet":"0","padding_bottom_mobile":"0","activate_custom_margin":false,"margin_top_desktop":"","margin_top_tablet":"","margin_top_mobile":"","margin_bottom_desktop":"","margin_bottom_tablet":"","margin_bottom_mobile":"","disable_on":[],"content_alignment_desktop":"left","content_alignment_tablet":"left","content_alignment_mobile":"left"},"image":{"ID":6643,"id":6643,"title":"We are Supportive","filename":"We-are-Supportive.png","filesize":638968,"url":"https:\/\/natussensory.com\/wp-content\/uploads\/We-are-Supportive.png","link":"https:\/\/natussensory.com\/it\/carriera\/we-are-supportive-2\/","alt":"Natus employees running in a race","author":"4","description":"","caption":"","name":"we-are-supportive-2","status":"inherit","uploaded_to":11269,"date":"2023-09-22 19:20:49","modified":"2024-07-26 15:46:12","menu_order":0,"mime_type":"image\/png","type":"image","subtype":"png","icon":"https:\/\/natussensory.com\/wp-includes\/images\/media\/default.png","width":800,"height":450,"sizes":{"thumbnail":"https:\/\/natussensory.com\/wp-content\/uploads\/We-are-Supportive.png","thumbnail-width":128,"thumbnail-height":72,"medium":"https:\/\/natussensory.com\/wp-content\/uploads\/We-are-Supportive.png","medium-width":800,"medium-height":450,"medium_large":"https:\/\/natussensory.com\/wp-content\/uploads\/We-are-Supportive-768x432.png","medium_large-width":768,"medium_large-height":432,"large":"https:\/\/natussensory.com\/wp-content\/uploads\/We-are-Supportive.png","large-width":800,"large-height":450,"1536x1536":"https:\/\/natussensory.com\/wp-content\/uploads\/We-are-Supportive.png","1536x1536-width":800,"1536x1536-height":450,"2048x2048":"https:\/\/natussensory.com\/wp-content\/uploads\/We-are-Supportive.png","2048x2048-width":800,"2048x2048-height":450}},"label":"","title":"Siamo di supporto","description":"<p>Il senso di comunit\u00e0 \u00e8 importante per noi, sia che ci si trovi in ufficio che da remoto. I nostri team si divertono a partecipare ad attivit\u00e0 ludiche. Questi includono di tutto, dalle passeggiate, alle corse o agli eventi di beneficenza.<\/p>\n","link":null}},{"acf_fc_layout":"right_image_left_content_single_cta","_acfe_flexible_toggle":"","right_image_left_content_single_cta_landing":{"module_options":{"":null,"module_id":"n6514641737d8a","module_class":"","module_background_type":"color","module_background_color":"","module_background_image":false,"module_background_video":"","activate_custom_padding":false,"padding_top_desktop":0,"padding_top_tablet":"","padding_top_mobile":"","padding_bottom_desktop":"","padding_bottom_tablet":"","padding_bottom_mobile":"","activate_custom_margin":false,"margin_top_desktop":"","margin_top_tablet":"","margin_top_mobile":"","margin_bottom_desktop":"","margin_bottom_tablet":"","margin_bottom_mobile":"","disable_on":[],"content_alignment_desktop":"left","content_alignment_tablet":"left","content_alignment_mobile":"left"},"":null,"label":"","title":"Siamo attenti all\u2019ambiente","description":"<p>&nbsp;<\/p>\n<p>Abbiamo grandi progetti per il nostro futuro come azienda e la sostenibilit\u00e0 ne \u00e8 una parte importante. Il modo in cui conduciamo la nostra attivit\u00e0 \u00e8 modellato dal nostro impegno a mantenere elevati standard operativi, incluso il nostro impatto sulla nostra comunit\u00e0 e sull&#8217;ambiente.<\/p>\n","link":null,"image":{"ID":6679,"id":6679,"title":"ESG Graphic new","filename":"ESG-Graphic-new-scaled.png","filesize":49406,"url":"https:\/\/natussensory.com\/wp-content\/uploads\/ESG-Graphic-new-scaled.png","link":"https:\/\/natussensory.com\/it\/carriera\/esg-graphic-new-2\/","alt":"ESG - Environmental Social Governance Icon","author":"4","description":"","caption":"","name":"esg-graphic-new-2","status":"inherit","uploaded_to":11269,"date":"2023-09-22 19:53:02","modified":"2024-07-26 15:44:32","menu_order":0,"mime_type":"image\/png","type":"image","subtype":"png","icon":"https:\/\/natussensory.com\/wp-includes\/images\/media\/default.png","width":800,"height":450,"sizes":{"thumbnail":"https:\/\/natussensory.com\/wp-content\/uploads\/ESG-Graphic-new-scaled.png","thumbnail-width":128,"thumbnail-height":72,"medium":"https:\/\/natussensory.com\/wp-content\/uploads\/ESG-Graphic-new-scaled.png","medium-width":800,"medium-height":450,"medium_large":"https:\/\/natussensory.com\/wp-content\/uploads\/ESG-Graphic-new-768x432.png","medium_large-width":768,"medium_large-height":432,"large":"https:\/\/natussensory.com\/wp-content\/uploads\/ESG-Graphic-new-scaled.png","large-width":800,"large-height":450,"1536x1536":"https:\/\/natussensory.com\/wp-content\/uploads\/ESG-Graphic-new-scaled.png","1536x1536-width":800,"1536x1536-height":450,"2048x2048":"https:\/\/natussensory.com\/wp-content\/uploads\/ESG-Graphic-new-scaled.png","2048x2048-width":800,"2048x2048-height":450}}}},{"acf_fc_layout":"simple_content","_acfe_flexible_toggle":"","content_full_width_landing":{"module_options":{"":null,"module_id":"n6514641ba1d9a","module_class":"","module_background_type":"color","module_background_color":"","module_background_image":false,"module_background_video":"","activate_custom_padding":false,"padding_top_desktop":0,"padding_top_tablet":"","padding_top_mobile":"","padding_bottom_desktop":"","padding_bottom_tablet":"","padding_bottom_mobile":"","activate_custom_margin":false,"margin_top_desktop":"","margin_top_tablet":"","margin_top_mobile":"","margin_bottom_desktop":"","margin_bottom_tablet":"","margin_bottom_mobile":"","disable_on":[],"content_alignment_desktop":"left","content_alignment_tablet":"left","content_alignment_mobile":"left"},"activate_custom_container_width":false,"container_width":"","content":"<p style=\"text-align: center;\"><span style=\"font-size: 36px;\">Pronto a far parte del nostro team? <\/span><\/p>\n<p>&nbsp;<\/p>\n<p style=\"text-align: center;\"><span style=\"font-size: 24px;\">Trova il ruolo che fa per te. <\/span><\/p>\n<p style=\"text-align: center;\"><a class=\"btn-v1\" href=\"https:\/\/jobs.dayforcehcm.com\/it-IT\/natus\/CANDIDATEPORTALSENSORY\" target=\"_blank\" rel=\"noopener\">VEDI LE POSIZIONI APERTE<\/a><\/p>\n<p>&nbsp;<\/p>\n<p>&nbsp;<\/p>\n<p><a title=\"Informativa sulla Privacy per il Candidato \" href=\"https:\/\/natussensory.com\/it\/informativa-sulla-privacy-per-candidati\/\" target=\"_blank\" rel=\"noopener\" data-entity-substitution=\"canonical\" data-entity-type=\"node\" data-entity-uuid=\"ceff93f1-3e2a-4d5f-8715-e6e4d62d8fe9\">Informativa sulla Privacy per il Candidato <\/a><\/p>\n<p><strong>Natus Medical \u00e8 a favore delle pari opportunit\u00e0.\u00a0<\/strong>Tutti i candidati qualificati riceveranno un corrispettivo per l&#8217;occupazione indipendentemente da razza, colore, religione, sesso, origine, \u00a0disabilit\u00e0, orientamento sessuale, identit\u00e0 di genere o qualsiasi altro stato.<\/p>\n<p><strong>Agenzie di selezione del personale: <\/strong>Natus non accetta curriculum o candidature non richieste da agenzie di selezione del personale o di selezione del personale diverse. Natus non \u00e8 responsabile e non pagher\u00e0 alcuna commissione relativa a curriculum o candidature non richieste, indipendentemente dal fatto che Natus persegua tali candidati non richiesti. Se non hai un contratto firmato con il nostro dipartimento delle risorse umane, non sarai pagato.<\/p>\n<p><strong>Avviso sull&#8217;immigrazione:\u00a0<\/strong>per le domande sulle condizioni di lavoro\u00a0<a href=\"https:\/\/www.laborless.io\/public\/petitioner\/EWy2Qvg8\/\" target=\"_blank\" rel=\"noopener nofollow\">Labor Condition Applications (LCAs)<\/a>\u00a0di Natus Medical Incorporated.<\/p>\n"}}]},"_links":{"self":[{"href":"https:\/\/natussensory.com\/it\/wp-json\/wp\/v2\/pages\/11269","targetHints":{"allow":["GET"]}}],"collection":[{"href":"https:\/\/natussensory.com\/it\/wp-json\/wp\/v2\/pages"}],"about":[{"href":"https:\/\/natussensory.com\/it\/wp-json\/wp\/v2\/types\/page"}],"author":[{"embeddable":true,"href":"https:\/\/natussensory.com\/it\/wp-json\/wp\/v2\/users\/1"}],"replies":[{"embeddable":true,"href":"https:\/\/natussensory.com\/it\/wp-json\/wp\/v2\/comments?post=11269"}],"version-history":[{"count":10,"href":"https:\/\/natussensory.com\/it\/wp-json\/wp\/v2\/pages\/11269\/revisions"}],"predecessor-version":[{"id":27026,"href":"https:\/\/natussensory.com\/it\/wp-json\/wp\/v2\/pages\/11269\/revisions\/27026"}],"wp:attachment":[{"href":"https:\/\/natussensory.com\/it\/wp-json\/wp\/v2\/media?parent=11269"}],"wp:term":[{"taxonomy":"category","embeddable":true,"href":"https:\/\/natussensory.com\/it\/wp-json\/wp\/v2\/categories?post=11269"},{"taxonomy":"post_tag","embeddable":true,"href":"https:\/\/natussensory.com\/it\/wp-json\/wp\/v2\/tags?post=11269"}],"curies":[{"name":"wp","href":"https:\/\/api.w.org\/{rel}","templated":true}]}}