{"id":9921,"date":"2023-09-14T12:24:21","date_gmt":"2023-09-14T12:24:21","guid":{"rendered":"https:\/\/natussensory.com\/sensory\/otobase\/"},"modified":"2025-09-03T13:44:54","modified_gmt":"2025-09-03T13:44:54","slug":"otobase","status":"publish","type":"page","link":"https:\/\/natussensory.com\/fr\/produits\/otobase\/","title":{"rendered":"Otobase\u00ae &#8211; Int\u00e9gration DME"},"content":{"rendered":"","protected":false},"excerpt":{"rendered":"","protected":false},"author":4,"featured_media":0,"parent":10961,"menu_order":0,"comment_status":"closed","ping_status":"closed","template":"templates\/page-sensory-solutions-product-landing.php","meta":{"_acf_changed":false,"inline_featured_image":false,"footnotes":""},"categories":[286,296],"tags":[],"class_list":["post-9921","page","type-page","status-publish","hentry","category-logiciel","category-software-fr"],"acf":{"content_blocks":[{"acf_fc_layout":"spacer","_acfe_flexible_toggle":"","spacer":{"module_options":{"":null,"module_id":"n6514aa53e5cd8","module_class":"","module_background_type":"color","module_background_color":"#473089","module_background_image":false,"module_background_video":"","activate_custom_padding":false,"padding_top_desktop":"0","padding_top_tablet":"0","padding_top_mobile":"0","padding_bottom_desktop":"0","padding_bottom_tablet":"0","padding_bottom_mobile":"0","activate_custom_margin":false,"margin_top_desktop":"0","margin_top_tablet":"0","margin_top_mobile":"0","margin_bottom_desktop":"0","margin_bottom_tablet":"0","margin_bottom_mobile":"0","disable_on":[],"content_alignment_desktop":"left","content_alignment_tablet":"left","content_alignment_mobile":"left"},"height":"160"}},{"acf_fc_layout":"intro_with_sticky_image","_acfe_flexible_toggle":"","left_content_right_image_sticky":{"module_options":{"":null,"module_id":"n6514aa53ee866","module_class":"","module_background_type":"color","module_background_color":"","module_background_image":false,"module_background_video":"","activate_custom_padding":false,"padding_top_desktop":"0","padding_top_tablet":"0","padding_top_mobile":"0","padding_bottom_desktop":"0","padding_bottom_tablet":"0","padding_bottom_mobile":"0","activate_custom_margin":false,"margin_top_desktop":"0","margin_top_tablet":"0","margin_top_mobile":"0","margin_bottom_desktop":"0","margin_bottom_tablet":"0","margin_bottom_mobile":"0","disable_on":[],"content_alignment_desktop":"left","content_alignment_tablet":"left","content_alignment_mobile":"left"},"":null,"title":"Otobase<sup>\u00ae<\/sup> - Int\u00e9gration DME","subheader":"<p><strong>Transformez vos routines de soins\u00a0<\/strong><\/p>\n<p>Tout est dans l\u2019int\u00e9gration. Otobase est un module de gestion des donn\u00e9es tout-en-un qui permet d\u2019int\u00e9grer tr\u00e8s facilement les donn\u00e9es d\u2019audiologie des patients dans les syst\u00e8mes de dossiers m\u00e9dicaux \u00e9lectroniques (DME). L\u2019interface utilisateur qui vous sera tr\u00e8s famili\u00e8re est facile \u00e0 utiliser, pour que vous puissiez consacrer davantage de temps aux soins de vos patients.<\/p>\n","icons":false,"quick_navigation":[{"quick_link":{"type":"post","value":"883","url":"https:\/\/natussensory.com\/support\/","name":"Service &#038; Support","title":"T\u00e9l\u00e9charger Otobase","target":""}},{"quick_link":{"type":"url","value":"#contact","url":"#contact","name":"#contact","title":"Demander un devis","target":""}},{"quick_link":{"type":"url","value":"#info","url":"#info","name":"#info","title":"Explorer plus de d\u00e9tails","target":""}}],"description":"","message_label":" ","message_title":"Vous recherchez un service de produit ou une assistance technique ?","message_link":{"type":"post","value":"883","url":"https:\/\/natussensory.com\/support\/","name":"Service &#038; Support","title":"  Service et Assistance","target":""},"right_sticky_image":{"ID":4121,"id":4121,"title":"Otobase_product thumbnail","filename":"Otobase_product-thumbnail.png","filesize":175671,"url":"https:\/\/natussensory.com\/wp-content\/uploads\/Otobase_product-thumbnail.png","link":"https:\/\/natussensory.com\/fr\/produits\/otobase\/otobase_product-thumbnail-2\/","alt":"Otobase logo representing audiology EMR integration software by Natus.","author":"4","description":"","caption":"","name":"otobase_product-thumbnail-2","status":"inherit","uploaded_to":9921,"date":"2023-09-14 12:16:22","modified":"2025-05-21 12:18:58","menu_order":0,"mime_type":"image\/png","type":"image","subtype":"png","icon":"https:\/\/natussensory.com\/wp-includes\/images\/media\/default.png","width":500,"height":528,"sizes":{"thumbnail":"https:\/\/natussensory.com\/wp-content\/uploads\/Otobase_product-thumbnail.png","thumbnail-width":91,"thumbnail-height":96,"medium":"https:\/\/natussensory.com\/wp-content\/uploads\/Otobase_product-thumbnail.png","medium-width":500,"medium-height":528,"medium_large":"https:\/\/natussensory.com\/wp-content\/uploads\/Otobase_product-thumbnail.png","medium_large-width":500,"medium_large-height":528,"large":"https:\/\/natussensory.com\/wp-content\/uploads\/Otobase_product-thumbnail.png","large-width":500,"large-height":528,"1536x1536":"https:\/\/natussensory.com\/wp-content\/uploads\/Otobase_product-thumbnail.png","1536x1536-width":500,"1536x1536-height":528,"2048x2048":"https:\/\/natussensory.com\/wp-content\/uploads\/Otobase_product-thumbnail.png","2048x2048-width":500,"2048x2048-height":528}}}},{"acf_fc_layout":"simple_content","_acfe_flexible_toggle":"","content_full_width_landing":{"module_options":{"":null,"module_id":"n6514aa5406663","module_class":"","module_background_type":"color","module_background_color":"","module_background_image":false,"module_background_video":"","activate_custom_padding":false,"padding_top_desktop":"0","padding_top_tablet":"0","padding_top_mobile":"0","padding_bottom_desktop":"0","padding_bottom_tablet":"0","padding_bottom_mobile":"0","activate_custom_margin":false,"margin_top_desktop":"0","margin_top_tablet":"0","margin_top_mobile":"0","margin_bottom_desktop":"0","margin_bottom_tablet":"0","margin_bottom_mobile":"0","disable_on":[],"content_alignment_desktop":"left","content_alignment_tablet":"left","content_alignment_mobile":"left"},"activate_custom_container_width":false,"container_width":"","content":"<h2>Connectivit\u00e9 EMR? Restez simple<\/h2>\n<p><img loading=\"lazy\" decoding=\"async\" class=\"aligncenter size-full wp-image-4125\" src=\"https:\/\/natussensory.com\/wp-content\/uploads\/Otobase_banner.jpg\" alt=\"\" width=\"1300\" height=\"600\" srcset=\"https:\/\/natussensory.com\/wp-content\/uploads\/Otobase_banner.jpg 1300w, https:\/\/natussensory.com\/wp-content\/uploads\/Otobase_banner-768x354.jpg 768w\" sizes=\"auto, (max-width: 1300px) 100vw, 1300px\" \/><\/p>\n"}},{"acf_fc_layout":"product_details_right_image_and_left_content","_acfe_flexible_toggle":"","right_image_left_content_single_cta_landing":{"module_options":{"":null,"module_id":"n6514aa541002c","module_class":"","module_background_type":"color","module_background_color":"","module_background_image":false,"module_background_video":"","activate_custom_padding":false,"padding_top_desktop":"0","padding_top_tablet":"0","padding_top_mobile":"0","padding_bottom_desktop":"0","padding_bottom_tablet":"0","padding_bottom_mobile":"0","activate_custom_margin":false,"margin_top_desktop":"0","margin_top_tablet":"0","margin_top_mobile":"0","margin_bottom_desktop":"0","margin_bottom_tablet":"0","margin_bottom_mobile":"0","disable_on":[],"content_alignment_desktop":"left","content_alignment_tablet":"left","content_alignment_mobile":"left"},"":null,"label":"","title":"Pourquoi l'int\u00e9gration dans les dossiers m\u00e9dicaux \u00e9lectroniques est importante","description":"<p>L&rsquo;int\u00e9gration est l&rsquo;une des tendances les plus constantes que nous voyons aujourd&rsquo;hui dans l&rsquo;audiologie. Une attention extr\u00eame est port\u00e9e au co\u00fbt et \u00e0 l&rsquo;efficacit\u00e9, et de nouvelles exigences de conformit\u00e9 existent dans de nombreux h\u00f4pitaux pour enregistrer les dossiers m\u00e9dicaux de fa\u00e7on informatis\u00e9e.<\/p>\n<p>&nbsp;<\/p>\n<p>Si la conformit\u00e9 avec de nouvelles r\u00e9glementations est un facteur cl\u00e9, il y a aussi le d\u00e9sir d&rsquo;augmenter l&rsquo;efficacit\u00e9 dans tous les services de l&rsquo;h\u00f4pital et cliniques et de consacrer plus de temps \u00e0 un meilleur soin des patients.<\/p>\n<p>&nbsp;<\/p>\n<p>Otobase fournit une m\u00e9thode plus facile pour r\u00e9ussir l&rsquo;int\u00e9gration dans les dossiers m\u00e9dicaux \u00e9lectroniques et donc contribuer \u00e0 simplifier le processus de travail et \u00e0 am\u00e9liorer l&rsquo;efficacit\u00e9 de fa\u00e7on significative dans le d\u00e9partement d&rsquo;audiologie.<\/p>\n","link":null,"image":{"ID":4136,"id":4136,"title":"Otobase_EMR_spot","filename":"Otobase_EMR_spot.jpg","filesize":87747,"url":"https:\/\/natussensory.com\/wp-content\/uploads\/Otobase_EMR_spot.jpg","link":"https:\/\/natussensory.com\/fr\/produits\/otobase\/otobase_emr_spot-2\/","alt":"\"Otobase audiology data types including audiometry, OAE, video otoscopy, and immittance integrated into EMR system.","author":"4","description":"","caption":"","name":"otobase_emr_spot-2","status":"inherit","uploaded_to":9921,"date":"2023-09-14 12:18:40","modified":"2025-05-21 12:21:34","menu_order":0,"mime_type":"image\/jpeg","type":"image","subtype":"jpeg","icon":"https:\/\/natussensory.com\/wp-includes\/images\/media\/default.png","width":800,"height":450,"sizes":{"thumbnail":"https:\/\/natussensory.com\/wp-content\/uploads\/Otobase_EMR_spot.jpg","thumbnail-width":128,"thumbnail-height":72,"medium":"https:\/\/natussensory.com\/wp-content\/uploads\/Otobase_EMR_spot.jpg","medium-width":800,"medium-height":450,"medium_large":"https:\/\/natussensory.com\/wp-content\/uploads\/Otobase_EMR_spot-768x432.jpg","medium_large-width":768,"medium_large-height":432,"large":"https:\/\/natussensory.com\/wp-content\/uploads\/Otobase_EMR_spot.jpg","large-width":800,"large-height":450,"1536x1536":"https:\/\/natussensory.com\/wp-content\/uploads\/Otobase_EMR_spot.jpg","1536x1536-width":800,"1536x1536-height":450,"2048x2048":"https:\/\/natussensory.com\/wp-content\/uploads\/Otobase_EMR_spot.jpg","2048x2048-width":800,"2048x2048-height":450}}}},{"acf_fc_layout":"product_details_left_image_and_right_content","_acfe_flexible_toggle":"","left_image_right_content_single_cta_landing":{"module_options":{"":null,"module_id":"n6514aa541ae8d","module_class":"","module_background_type":"color","module_background_color":"","module_background_image":false,"module_background_video":"","activate_custom_padding":false,"padding_top_desktop":"0","padding_top_tablet":"0","padding_top_mobile":"0","padding_bottom_desktop":"0","padding_bottom_tablet":"0","padding_bottom_mobile":"0","activate_custom_margin":false,"margin_top_desktop":"0","margin_top_tablet":"0","margin_top_mobile":"0","margin_bottom_desktop":"0","margin_bottom_tablet":"0","margin_bottom_mobile":"0","disable_on":[],"content_alignment_desktop":"left","content_alignment_tablet":"left","content_alignment_mobile":"left"},"image":{"ID":4141,"id":4141,"title":"Otobase_PC_spot","filename":"Otobase_PC_spot.png","filesize":172481,"url":"https:\/\/natussensory.com\/wp-content\/uploads\/Otobase_PC_spot.png","link":"https:\/\/natussensory.com\/fr\/produits\/otobase\/otobase_pc_spot-2\/","alt":"Otobase software displaying patient audiogram and session data for audiology EMR integration.","author":"4","description":"","caption":"","name":"otobase_pc_spot-2","status":"inherit","uploaded_to":9921,"date":"2023-09-14 12:18:42","modified":"2025-05-21 12:22:09","menu_order":0,"mime_type":"image\/png","type":"image","subtype":"png","icon":"https:\/\/natussensory.com\/wp-includes\/images\/media\/default.png","width":800,"height":450,"sizes":{"thumbnail":"https:\/\/natussensory.com\/wp-content\/uploads\/Otobase_PC_spot.png","thumbnail-width":128,"thumbnail-height":72,"medium":"https:\/\/natussensory.com\/wp-content\/uploads\/Otobase_PC_spot.png","medium-width":800,"medium-height":450,"medium_large":"https:\/\/natussensory.com\/wp-content\/uploads\/Otobase_PC_spot-768x432.png","medium_large-width":768,"medium_large-height":432,"large":"https:\/\/natussensory.com\/wp-content\/uploads\/Otobase_PC_spot.png","large-width":800,"large-height":450,"1536x1536":"https:\/\/natussensory.com\/wp-content\/uploads\/Otobase_PC_spot.png","1536x1536-width":800,"1536x1536-height":450,"2048x2048":"https:\/\/natussensory.com\/wp-content\/uploads\/Otobase_PC_spot.png","2048x2048-width":800,"2048x2048-height":450}},"label":"","title":"Une int\u00e9gration facile dans les syst\u00e8mes de dossiers m\u00e9dicaux \u00e9lectroniques et autres interfaces et \u00e9quipement","description":"<p>L&rsquo;une des raisons pour lesquelles Otobase est plus facile \u00e0 connecter aux dossiers m\u00e9dicaux informatis\u00e9s est qu&rsquo;Otobase est compatible avec tous les principaux \u00e9quipements et syst\u00e8mes d&rsquo;audiologie et s&rsquo;int\u00e8gre facilement dans vos appareils et syst\u00e8mes existants.<\/p>\n<p>&nbsp;<\/p>\n<p>Autrement dit, vous avez besoin uniquement d&rsquo;une base de donn\u00e9es, d&rsquo;une connexion et d&rsquo;une int\u00e9gration, pour connecter facilement tous vos \u00e9quipements et syst\u00e8mes aux dossiers m\u00e9dicaux \u00e9lectroniques.<\/p>\n","link":null}},{"acf_fc_layout":"product_details_right_image_and_left_content","_acfe_flexible_toggle":"","right_image_left_content_single_cta_landing":{"module_options":{"":null,"module_id":"n6514aa542e91e","module_class":"","module_background_type":"color","module_background_color":"","module_background_image":false,"module_background_video":"","activate_custom_padding":false,"padding_top_desktop":"0","padding_top_tablet":"0","padding_top_mobile":"0","padding_bottom_desktop":"0","padding_bottom_tablet":"0","padding_bottom_mobile":"0","activate_custom_margin":false,"margin_top_desktop":"0","margin_top_tablet":"0","margin_top_mobile":"0","margin_bottom_desktop":"0","margin_bottom_tablet":"0","margin_bottom_mobile":"0","disable_on":[],"content_alignment_desktop":"left","content_alignment_tablet":"left","content_alignment_mobile":"left"},"":null,"label":"","title":"5 raisons de choisir Otobase: une connectivit\u00e9 EMR rapide et facile","description":"<ul>\n<li>Simple et facile \u00e0 utiliser : aspect et fonctionnement semblables \u00e0 Noah<\/li>\n<li>Une int\u00e9gration facile dans tous les types d&rsquo;\u00e9quipement d&rsquo;audiologie et toutes les plus grandes marques.<\/li>\n<li>Compatible avec les principaux syst\u00e8mes EMR\/EHR y compris EPIC, AllScripts et AllMeds<\/li>\n<li>Prend en charge les interfaces HL7 et Noah 4<\/li>\n<li>Fonctions de s\u00e9curit\u00e9 de la conformit\u00e9 HIPAA<\/li>\n<\/ul>\n","link":null,"image":{"ID":4131,"id":4131,"title":"Otobase_woman_spot","filename":"Otobase_woman_spot.jpg","filesize":104770,"url":"https:\/\/natussensory.com\/wp-content\/uploads\/Otobase_woman_spot.jpg","link":"https:\/\/natussensory.com\/fr\/produits\/otobase\/otobase_woman_spot-2\/","alt":"Happy user celebrating successful audiology data integration using Otobase software.","author":"4","description":"","caption":"","name":"otobase_woman_spot-2","status":"inherit","uploaded_to":9921,"date":"2023-09-14 12:18:38","modified":"2025-05-21 12:22:44","menu_order":0,"mime_type":"image\/jpeg","type":"image","subtype":"jpeg","icon":"https:\/\/natussensory.com\/wp-includes\/images\/media\/default.png","width":800,"height":450,"sizes":{"thumbnail":"https:\/\/natussensory.com\/wp-content\/uploads\/Otobase_woman_spot.jpg","thumbnail-width":128,"thumbnail-height":72,"medium":"https:\/\/natussensory.com\/wp-content\/uploads\/Otobase_woman_spot.jpg","medium-width":800,"medium-height":450,"medium_large":"https:\/\/natussensory.com\/wp-content\/uploads\/Otobase_woman_spot-768x432.jpg","medium_large-width":768,"medium_large-height":432,"large":"https:\/\/natussensory.com\/wp-content\/uploads\/Otobase_woman_spot.jpg","large-width":800,"large-height":450,"1536x1536":"https:\/\/natussensory.com\/wp-content\/uploads\/Otobase_woman_spot.jpg","1536x1536-width":800,"1536x1536-height":450,"2048x2048":"https:\/\/natussensory.com\/wp-content\/uploads\/Otobase_woman_spot.jpg","2048x2048-width":800,"2048x2048-height":450}}}},{"acf_fc_layout":"related_products","_acfe_flexible_layout_title":"Resources and Support","_acfe_flexible_toggle":"","tiles_3_columns_landing":{"module_options":{"":null,"module_id":"info","module_class":"","module_background_type":"color","module_background_color":"","module_background_image":false,"module_background_video":"","activate_custom_padding":false,"padding_top_desktop":0,"padding_top_tablet":"","padding_top_mobile":"","padding_bottom_desktop":"","padding_bottom_tablet":"","padding_bottom_mobile":"","activate_custom_margin":false,"margin_top_desktop":"","margin_top_tablet":"","margin_top_mobile":"","margin_bottom_desktop":"","margin_bottom_tablet":"","margin_bottom_mobile":"","disable_on":[],"content_alignment_desktop":"left","content_alignment_tablet":"left","content_alignment_mobile":"left"},"intro_text":"Ressources et Assistance","intro_text_color":"","intro_link":null,"tiles":[{"label":"Ressources","label_background_color":"#154284","image":false,"title":"Brochure, fiche technique et plus","link":{"type":"url","value":"https:\/\/natus.bynder.com\/web\/29aeb854ffdf5230\/resource-library-otobase\/","url":"https:\/\/natus.bynder.com\/web\/29aeb854ffdf5230\/resource-library-otobase\/","name":"https:\/\/natus.bynder.com\/web\/29aeb854ffdf5230\/resource-library-otobase\/","title":"Otobase Ressources","target":"_blank"}},{"label":"Assistance","label_background_color":"#154284","image":false,"title":"Guide d'utilisation (eIFUs)","link":{"type":"post","value":"883","url":"https:\/\/natussensory.com\/support\/","name":"Service &#038; Support","title":"Service et Assistance","target":""}},{"label":"Otobase","label_background_color":"#154284","image":false,"title":"T\u00e9l\u00e9charger Otobase","link":{"type":"post","value":"8358","url":"https:\/\/natussensory.com\/fr\/assistance\/","name":"Service et Assistance","title":"T\u00e9l\u00e9charger Center","target":""}}]}},{"acf_fc_layout":"related_products","_acfe_flexible_toggle":"","tiles_3_columns_landing":{"module_options":{"":null,"module_id":"n6514140274759","module_class":"","module_background_type":"color","module_background_color":"","module_background_image":false,"module_background_video":"","activate_custom_padding":false,"padding_top_desktop":"0","padding_top_tablet":"0","padding_top_mobile":"0","padding_bottom_desktop":"0","padding_bottom_tablet":"0","padding_bottom_mobile":"0","activate_custom_margin":false,"margin_top_desktop":"0","margin_top_tablet":"0","margin_top_mobile":"0","margin_bottom_desktop":"0","margin_bottom_tablet":"0","margin_bottom_mobile":"0","disable_on":[],"content_alignment_desktop":"left","content_alignment_tablet":"left","content_alignment_mobile":"left"},"intro_text":"Produits Connexes","intro_text_color":"#005e63","intro_link":{"type":"post","value":"1518","url":"https:\/\/natussensory.com\/products\/","name":"Products","title":"Voir tous les produits","target":""},"tiles":[{"label":"Otosuite","label_background_color":"#154284","image":{"ID":9132,"id":9132,"title":"Otosuite_linkspot","filename":"Otosuite_linkspot.jpg","filesize":95359,"url":"https:\/\/natussensory.com\/wp-content\/uploads\/Otosuite_linkspot.jpg","link":"https:\/\/natussensory.com\/fr\/produits\/otosuite\/otosuite_linkspot-2-2\/","alt":"Otosuite","author":"4","description":"","caption":"","name":"otosuite_linkspot-2-2","status":"inherit","uploaded_to":9912,"date":"2023-10-02 07:31:32","modified":"2025-08-07 07:52:00","menu_order":0,"mime_type":"image\/jpeg","type":"image","subtype":"jpeg","icon":"https:\/\/natussensory.com\/wp-includes\/images\/media\/default.png","width":600,"height":300,"sizes":{"thumbnail":"https:\/\/natussensory.com\/wp-content\/uploads\/Otosuite_linkspot.jpg","thumbnail-width":128,"thumbnail-height":64,"medium":"https:\/\/natussensory.com\/wp-content\/uploads\/Otosuite_linkspot.jpg","medium-width":600,"medium-height":300,"medium_large":"https:\/\/natussensory.com\/wp-content\/uploads\/Otosuite_linkspot.jpg","medium_large-width":600,"medium_large-height":300,"large":"https:\/\/natussensory.com\/wp-content\/uploads\/Otosuite_linkspot.jpg","large-width":600,"large-height":300,"1536x1536":"https:\/\/natussensory.com\/wp-content\/uploads\/Otosuite_linkspot.jpg","1536x1536-width":600,"1536x1536-height":300,"2048x2048":"https:\/\/natussensory.com\/wp-content\/uploads\/Otosuite_linkspot.jpg","2048x2048-width":600,"2048x2048-height":300}},"title":"Logiciel d'audiom\u00e9trie","link":{"type":"post","value":"4085","url":"https:\/\/natussensory.com\/products\/otosuite\/","name":"Otosuite\u00ae &#8211; Audiometry Software","title":"En Savoir Plus","target":""}},{"label":"audble","label_background_color":"#154284","image":{"ID":9122,"id":9122,"title":"audble_linkspot","filename":"audble_linkspot-1.jpg","filesize":69678,"url":"https:\/\/natussensory.com\/wp-content\/uploads\/audble_linkspot-1.jpg","link":"https:\/\/natussensory.com\/fr\/produits\/otosuite\/audble_linkspot-2-2\/","alt":"","author":"4","description":"","caption":"","name":"audble_linkspot-2-2","status":"inherit","uploaded_to":9912,"date":"2023-10-02 07:31:28","modified":"2023-10-02 07:31:28","menu_order":0,"mime_type":"image\/jpeg","type":"image","subtype":"jpeg","icon":"https:\/\/natussensory.com\/wp-includes\/images\/media\/default.png","width":600,"height":300,"sizes":{"thumbnail":"https:\/\/natussensory.com\/wp-content\/uploads\/audble_linkspot-1.jpg","thumbnail-width":128,"thumbnail-height":64,"medium":"https:\/\/natussensory.com\/wp-content\/uploads\/audble_linkspot-1.jpg","medium-width":600,"medium-height":300,"medium_large":"https:\/\/natussensory.com\/wp-content\/uploads\/audble_linkspot-1.jpg","medium_large-width":600,"medium_large-height":300,"large":"https:\/\/natussensory.com\/wp-content\/uploads\/audble_linkspot-1.jpg","large-width":600,"large-height":300,"1536x1536":"https:\/\/natussensory.com\/wp-content\/uploads\/audble_linkspot-1.jpg","1536x1536-width":600,"1536x1536-height":300,"2048x2048":"https:\/\/natussensory.com\/wp-content\/uploads\/audble_linkspot-1.jpg","2048x2048-width":600,"2048x2048-height":300}},"title":"Logiciel de gestion des donn\u00e9es ","link":{"type":"post","value":"4717","url":"https:\/\/natussensory.com\/products\/audble-litedesktop\/","name":"audble\u00ae Desktop &#8211; Hearing Screening Data Management","title":"En Savoir Plus","target":""}},{"label":"NEOMETRICS","label_background_color":"#154284","image":{"ID":9127,"id":9127,"title":"Neometrics_linkspot","filename":"Neometrics_linkspot.jpg","filesize":116668,"url":"https:\/\/natussensory.com\/wp-content\/uploads\/Neometrics_linkspot.jpg","link":"https:\/\/natussensory.com\/fr\/produits\/otosuite\/neometrics_linkspot-2\/","alt":"Neometrics","author":"4","description":"","caption":"","name":"neometrics_linkspot-2","status":"inherit","uploaded_to":9912,"date":"2023-10-02 07:31:30","modified":"2025-08-07 07:48:26","menu_order":0,"mime_type":"image\/jpeg","type":"image","subtype":"jpeg","icon":"https:\/\/natussensory.com\/wp-includes\/images\/media\/default.png","width":600,"height":300,"sizes":{"thumbnail":"https:\/\/natussensory.com\/wp-content\/uploads\/Neometrics_linkspot.jpg","thumbnail-width":128,"thumbnail-height":64,"medium":"https:\/\/natussensory.com\/wp-content\/uploads\/Neometrics_linkspot.jpg","medium-width":600,"medium-height":300,"medium_large":"https:\/\/natussensory.com\/wp-content\/uploads\/Neometrics_linkspot.jpg","medium_large-width":600,"medium_large-height":300,"large":"https:\/\/natussensory.com\/wp-content\/uploads\/Neometrics_linkspot.jpg","large-width":600,"large-height":300,"1536x1536":"https:\/\/natussensory.com\/wp-content\/uploads\/Neometrics_linkspot.jpg","1536x1536-width":600,"1536x1536-height":300,"2048x2048":"https:\/\/natussensory.com\/wp-content\/uploads\/Neometrics_linkspot.jpg","2048x2048-width":600,"2048x2048-height":300}},"title":"Suivi","link":{"type":"post","value":"4147","url":"https:\/\/natussensory.com\/products\/neometrics-data-management\/","name":"NEOMETRICS\u00ae &#8211; Data Management for Newborn Care","title":"En Savoir Plus","target":""}}]}},{"acf_fc_layout":"contact_form","_acfe_flexible_toggle":"","contact_form_landing":{"module_options":{"":null,"module_id":"contact","module_class":"","module_background_type":"color","module_background_color":"","module_background_image":false,"module_background_video":"","activate_custom_padding":false,"padding_top_desktop":0,"padding_top_tablet":"","padding_top_mobile":"","padding_bottom_desktop":"","padding_bottom_tablet":"","padding_bottom_mobile":"","activate_custom_margin":false,"margin_top_desktop":"","margin_top_tablet":"","margin_top_mobile":"","margin_bottom_desktop":"","margin_bottom_tablet":"","margin_bottom_mobile":"","disable_on":[],"content_alignment_desktop":"left","content_alignment_tablet":"left","content_alignment_mobile":"left"},"":null,"activate_intro":false,"intro_text":"","intro_text_color":"","intro_link":null,"activate_description":true,"description_title":"Contactez-nous","description_copy":"","embed_code":"<script charset=\"utf-8\" type=\"text\/javascript\" src=\"\/\/js.hsforms.net\/forms\/embed\/v2.js\"><\/script>\r\n<script>\r\n  hbspt.forms.create({\r\n    region: \"na1\",\r\n    portalId: \"3002890\",\r\n    formId: \"0f26be01-20d9-4c54-947a-1d5ab9be77bc\"\r\n  });\r\n<\/script>"}},{"acf_fc_layout":"simple_content","_acfe_flexible_layout_title":"Part number","_acfe_flexible_toggle":"","content_full_width_landing":{"module_options":{"":null,"module_id":"n6514aae337064","module_class":"","module_background_type":"color","module_background_color":"","module_background_image":false,"module_background_video":"","activate_custom_padding":false,"padding_top_desktop":0,"padding_top_tablet":"","padding_top_mobile":"","padding_bottom_desktop":"","padding_bottom_tablet":"","padding_bottom_mobile":"","activate_custom_margin":false,"margin_top_desktop":"","margin_top_tablet":"","margin_top_mobile":"","margin_bottom_desktop":"","margin_bottom_tablet":"","margin_bottom_mobile":"","disable_on":[],"content_alignment_desktop":"left","content_alignment_tablet":"left","content_alignment_mobile":"left"},"activate_custom_container_width":false,"container_width":"","content":"<p><span style=\"font-size: 11px;\">7-36-0400-FR Rev 01<\/span><\/p>\n"}}]},"_links":{"self":[{"href":"https:\/\/natussensory.com\/fr\/wp-json\/wp\/v2\/pages\/9921","targetHints":{"allow":["GET"]}}],"collection":[{"href":"https:\/\/natussensory.com\/fr\/wp-json\/wp\/v2\/pages"}],"about":[{"href":"https:\/\/natussensory.com\/fr\/wp-json\/wp\/v2\/types\/page"}],"author":[{"embeddable":true,"href":"https:\/\/natussensory.com\/fr\/wp-json\/wp\/v2\/users\/4"}],"replies":[{"embeddable":true,"href":"https:\/\/natussensory.com\/fr\/wp-json\/wp\/v2\/comments?post=9921"}],"version-history":[{"count":8,"href":"https:\/\/natussensory.com\/fr\/wp-json\/wp\/v2\/pages\/9921\/revisions"}],"predecessor-version":[{"id":26798,"href":"https:\/\/natussensory.com\/fr\/wp-json\/wp\/v2\/pages\/9921\/revisions\/26798"}],"up":[{"embeddable":true,"href":"https:\/\/natussensory.com\/fr\/wp-json\/wp\/v2\/pages\/10961"}],"wp:attachment":[{"href":"https:\/\/natussensory.com\/fr\/wp-json\/wp\/v2\/media?parent=9921"}],"wp:term":[{"taxonomy":"category","embeddable":true,"href":"https:\/\/natussensory.com\/fr\/wp-json\/wp\/v2\/categories?post=9921"},{"taxonomy":"post_tag","embeddable":true,"href":"https:\/\/natussensory.com\/fr\/wp-json\/wp\/v2\/tags?post=9921"}],"curies":[{"name":"wp","href":"https:\/\/api.w.org\/{rel}","templated":true}]}}