{"id":9907,"date":"2023-09-20T11:07:26","date_gmt":"2023-09-20T11:07:26","guid":{"rendered":"https:\/\/natussensory.com\/sensory\/ics-aircal\/"},"modified":"2025-09-03T13:39:52","modified_gmt":"2025-09-03T13:39:52","slug":"ics-aircal","status":"publish","type":"page","link":"https:\/\/natussensory.com\/fr\/produits\/ics-aircal\/","title":{"rendered":"ICS\u00ae Aircal &#8211; Test calorique \u00e0 l&rsquo;air"},"content":{"rendered":"","protected":false},"excerpt":{"rendered":"","protected":false},"author":4,"featured_media":0,"parent":10961,"menu_order":0,"comment_status":"closed","ping_status":"closed","template":"templates\/page-sensory-solutions-product-landing.php","meta":{"_acf_changed":false,"inline_featured_image":false,"footnotes":""},"categories":[295,285],"tags":[],"class_list":["post-9907","page","type-page","status-publish","hentry","category-balance-assessment-fr","category-explorations-fonctionnelles"],"acf":{"content_blocks":[{"acf_fc_layout":"spacer","_acfe_flexible_toggle":"","spacer":{"module_options":{"":null,"module_id":"n6515300f377ca","module_class":"","module_background_type":"color","module_background_color":"#473089","module_background_image":false,"module_background_video":"","activate_custom_padding":false,"padding_top_desktop":"0","padding_top_tablet":"0","padding_top_mobile":"0","padding_bottom_desktop":"0","padding_bottom_tablet":"0","padding_bottom_mobile":"0","activate_custom_margin":false,"margin_top_desktop":"0","margin_top_tablet":"0","margin_top_mobile":"0","margin_bottom_desktop":"0","margin_bottom_tablet":"0","margin_bottom_mobile":"0","disable_on":[],"content_alignment_desktop":"left","content_alignment_tablet":"left","content_alignment_mobile":"left"},"height":"160"}},{"acf_fc_layout":"intro_with_sticky_image","_acfe_flexible_toggle":"","left_content_right_image_sticky":{"module_options":{"":null,"module_id":"n6515300f3f908","module_class":"","module_background_type":"color","module_background_color":"","module_background_image":false,"module_background_video":"","activate_custom_padding":false,"padding_top_desktop":"0","padding_top_tablet":"0","padding_top_mobile":"0","padding_bottom_desktop":"0","padding_bottom_tablet":"0","padding_bottom_mobile":"0","activate_custom_margin":false,"margin_top_desktop":"0","margin_top_tablet":"0","margin_top_mobile":"0","margin_bottom_desktop":"0","margin_bottom_tablet":"0","margin_bottom_mobile":"0","disable_on":[],"content_alignment_desktop":"left","content_alignment_tablet":"left","content_alignment_mobile":"left"},"":null,"title":"ICS<sup>\u00ae<\/sup> Aircal - Test calorique \u00e0 l'air","subheader":"<p>L&rsquo;ICS Aircal constitue un choix moderne en mati\u00e8re d&rsquo;irrigation calorique. Il associe la commodit\u00e9 et le confort du patient apport\u00e9s par l&rsquo;air \u00e0 la pr\u00e9cision de l&rsquo;irrigation \u00e0 l&rsquo;eau, ce qui vous permet de pratiquer vos tests caloriques en toute confiance. Sans eau, le processus complet d&rsquo;irrigation est plus simple pour vous et plus confortable pour le patient.<\/p>\n<p>Effectuez un test calorique \u00e0 l&rsquo;air avec assurance en utilisant ICS Aircal.<\/p>\n","icons":false,"quick_navigation":[{"quick_link":{"type":"url","value":"#contact","url":"#contact","name":"#contact","title":"Demander un devis","target":""}},{"quick_link":{"type":"url","value":"#info","url":"#info","name":"#info","title":"Explorer plus de d\u00e9tails","target":""}}],"description":"","message_label":" ","message_title":"Vous recherchez un service de produit ou une assistance technique ?","message_link":{"type":"post","value":"883","url":"https:\/\/natussensory.com\/support\/","name":"Service &#038; Support","title":" Service et Assistance","target":""},"right_sticky_image":{"ID":5661,"id":5661,"title":"Aircal_product thumbnail","filename":"Aircal_product-thumbnail.png","filesize":130518,"url":"https:\/\/natussensory.com\/wp-content\/uploads\/Aircal_product-thumbnail.png","link":"https:\/\/natussensory.com\/fr\/produits\/ics-aircal\/aircal_product-thumbnail-2\/","alt":"Natus Sensory ICS Aircal air caloric irrigation device with attached handpiece, used for vestibular testing and balance assessment.","author":"4","description":"Calloric Irrigator","caption":"","name":"aircal_product-thumbnail-2","status":"inherit","uploaded_to":9907,"date":"2023-09-20 11:54:50","modified":"2025-05-27 08:13:34","menu_order":0,"mime_type":"image\/png","type":"image","subtype":"png","icon":"https:\/\/natussensory.com\/wp-includes\/images\/media\/default.png","width":500,"height":338,"sizes":{"thumbnail":"https:\/\/natussensory.com\/wp-content\/uploads\/Aircal_product-thumbnail.png","thumbnail-width":128,"thumbnail-height":87,"medium":"https:\/\/natussensory.com\/wp-content\/uploads\/Aircal_product-thumbnail.png","medium-width":500,"medium-height":338,"medium_large":"https:\/\/natussensory.com\/wp-content\/uploads\/Aircal_product-thumbnail.png","medium_large-width":500,"medium_large-height":338,"large":"https:\/\/natussensory.com\/wp-content\/uploads\/Aircal_product-thumbnail.png","large-width":500,"large-height":338,"1536x1536":"https:\/\/natussensory.com\/wp-content\/uploads\/Aircal_product-thumbnail.png","1536x1536-width":500,"1536x1536-height":338,"2048x2048":"https:\/\/natussensory.com\/wp-content\/uploads\/Aircal_product-thumbnail.png","2048x2048-width":500,"2048x2048-height":338}}}},{"acf_fc_layout":"simple_content","_acfe_flexible_toggle":"","content_full_width_landing":{"module_options":{"":null,"module_id":"n6515300f4bd3e","module_class":"","module_background_type":"color","module_background_color":"","module_background_image":false,"module_background_video":"","activate_custom_padding":false,"padding_top_desktop":"0","padding_top_tablet":"0","padding_top_mobile":"0","padding_bottom_desktop":"0","padding_bottom_tablet":"0","padding_bottom_mobile":"0","activate_custom_margin":false,"margin_top_desktop":"0","margin_top_tablet":"0","margin_top_mobile":"0","margin_bottom_desktop":"0","margin_bottom_tablet":"0","margin_bottom_mobile":"0","disable_on":[],"content_alignment_desktop":"left","content_alignment_tablet":"left","content_alignment_mobile":"left"},"activate_custom_container_width":false,"container_width":"","content":"<h2>Effectuez un test calorique \u00e0 l&rsquo;air avec otoscopie int\u00e9gr\u00e9e<\/h2>\n<p><img loading=\"lazy\" decoding=\"async\" class=\"aligncenter wp-image-5665 size-full\" src=\"https:\/\/natussensory.com\/wp-content\/uploads\/Aircal_banner.jpg\" alt=\"Clinician performing vestibular testing using Natus Sensory ICS Aircal on a patient wearing VNG goggles, with eye tracking displayed on a monitor.\" width=\"1733\" height=\"800\" srcset=\"https:\/\/natussensory.com\/wp-content\/uploads\/Aircal_banner.jpg 1733w, https:\/\/natussensory.com\/wp-content\/uploads\/Aircal_banner-768x355.jpg 768w, https:\/\/natussensory.com\/wp-content\/uploads\/Aircal_banner-1536x709.jpg 1536w\" sizes=\"auto, (max-width: 1733px) 100vw, 1733px\" \/><\/p>\n"}},{"acf_fc_layout":"product_details_right_image_and_left_content","_acfe_flexible_toggle":"","right_image_left_content_single_cta_landing":{"module_options":{"":null,"module_id":"n6515300f53708","module_class":"","module_background_type":"color","module_background_color":"","module_background_image":false,"module_background_video":"","activate_custom_padding":false,"padding_top_desktop":"0","padding_top_tablet":"0","padding_top_mobile":"0","padding_bottom_desktop":"0","padding_bottom_tablet":"0","padding_bottom_mobile":"0","activate_custom_margin":false,"margin_top_desktop":"0","margin_top_tablet":"0","margin_top_mobile":"0","margin_bottom_desktop":"0","margin_bottom_tablet":"0","margin_bottom_mobile":"0","disable_on":[],"content_alignment_desktop":"left","content_alignment_tablet":"left","content_alignment_mobile":"left"},"":null,"label":"","title":"Calorique \u00e0 l'air avec ICS Aircal : des stimuli pr\u00e9cis sans eau","description":"<p>Le test calorique constitue la pierre angulaire de la batterie de tests d&rsquo;\u00e9quilibre et repose sur la n\u00e9cessit\u00e9 de d\u00e9livrer un stimulus exactement identique dans les deux oreilles. Les \u00e9tudes ont prouv\u00e9 que l&rsquo;utilisation de l&rsquo;air \u00e0 des temp\u00e9ratures de 24 \u00b0C et 50 \u00b0C cr\u00e9ait une r\u00e9ponse comparable \u00e0 l&rsquo;irrigation \u00e0 l&rsquo;eau.<\/p>\n<p>&nbsp;<\/p>\n<p>ICS Aircal chauffe et refroidit \u00e0 des temp\u00e9ratures comprises entre 12 \u00b0C et 50 \u00b0C. Pour davantage de pr\u00e9cision, la temp\u00e9rature est contr\u00f4l\u00e9e \u00e0 l&rsquo;extr\u00e9mit\u00e9 du tube d&rsquo;injection, garantissant la temp\u00e9rature de l&rsquo;air transf\u00e9r\u00e9 au patient.<\/p>\n<p>&nbsp;<\/p>\n<p>Gr\u00e2ce \u00e0 l\u2019otoscope int\u00e9gr\u00e9 au pistolet d&rsquo;injection permettant de voir la membrane tympanique, l\u2019op\u00e9rateur peut facilement d\u00e9livrer un stimulus pr\u00e9cis. Ce concept unique r\u00e9duit la dur\u00e9e d&rsquo;apprentissage et permet aux cliniciens une transition facile pour ceux qui utilisent actuellement un irrigateur \u00e0 eau.<\/p>\n","link":null,"image":{"ID":5681,"id":5681,"title":"Aircal_probe_spot","filename":"Aircal_probe_spot.png","filesize":146648,"url":"https:\/\/natussensory.com\/wp-content\/uploads\/Aircal_probe_spot.png","link":"https:\/\/natussensory.com\/fr\/produits\/ics-aircal\/aircal_probe_spot-2\/","alt":"Front, side, and rear views of the Natus Sensory ICS Aircal handpiece used for controlled air caloric stimulation in vestibular assessments.","author":"4","description":"","caption":"","name":"aircal_probe_spot-2","status":"inherit","uploaded_to":9907,"date":"2023-09-20 11:56:18","modified":"2025-05-27 08:14:56","menu_order":0,"mime_type":"image\/png","type":"image","subtype":"png","icon":"https:\/\/natussensory.com\/wp-includes\/images\/media\/default.png","width":800,"height":450,"sizes":{"thumbnail":"https:\/\/natussensory.com\/wp-content\/uploads\/Aircal_probe_spot.png","thumbnail-width":128,"thumbnail-height":72,"medium":"https:\/\/natussensory.com\/wp-content\/uploads\/Aircal_probe_spot.png","medium-width":800,"medium-height":450,"medium_large":"https:\/\/natussensory.com\/wp-content\/uploads\/Aircal_probe_spot-768x432.png","medium_large-width":768,"medium_large-height":432,"large":"https:\/\/natussensory.com\/wp-content\/uploads\/Aircal_probe_spot.png","large-width":800,"large-height":450,"1536x1536":"https:\/\/natussensory.com\/wp-content\/uploads\/Aircal_probe_spot.png","1536x1536-width":800,"1536x1536-height":450,"2048x2048":"https:\/\/natussensory.com\/wp-content\/uploads\/Aircal_probe_spot.png","2048x2048-width":800,"2048x2048-height":450}}}},{"acf_fc_layout":"product_details_left_image_and_right_content","_acfe_flexible_toggle":"","left_image_right_content_single_cta_landing":{"module_options":{"":null,"module_id":"n6515300f5cd67","module_class":"","module_background_type":"color","module_background_color":"","module_background_image":false,"module_background_video":"","activate_custom_padding":false,"padding_top_desktop":"0","padding_top_tablet":"0","padding_top_mobile":"0","padding_bottom_desktop":"0","padding_bottom_tablet":"0","padding_bottom_mobile":"0","activate_custom_margin":false,"margin_top_desktop":"0","margin_top_tablet":"0","margin_top_mobile":"0","margin_bottom_desktop":"0","margin_bottom_tablet":"0","margin_bottom_mobile":"0","disable_on":[],"content_alignment_desktop":"left","content_alignment_tablet":"left","content_alignment_mobile":"left"},"image":{"ID":5676,"id":5676,"title":"Aircal_air-caloric-testing_spot","filename":"Aircal_air-caloric-testing_spot.jpg","filesize":136419,"url":"https:\/\/natussensory.com\/wp-content\/uploads\/Aircal_air-caloric-testing_spot.jpg","link":"https:\/\/natussensory.com\/fr\/produits\/ics-aircal\/aircal_air-caloric-testing_spot-2\/","alt":"Clinician performing caloric irrigation with the Natus Sensory ICS Aircal on a patient wearing VNG goggles, with test results of diagnosis of balance disorders displayed on a connected laptop.","author":"4","description":"","caption":"","name":"aircal_air-caloric-testing_spot-2","status":"inherit","uploaded_to":9907,"date":"2023-09-20 11:56:16","modified":"2025-05-27 08:15:08","menu_order":0,"mime_type":"image\/jpeg","type":"image","subtype":"jpeg","icon":"https:\/\/natussensory.com\/wp-includes\/images\/media\/default.png","width":800,"height":450,"sizes":{"thumbnail":"https:\/\/natussensory.com\/wp-content\/uploads\/Aircal_air-caloric-testing_spot.jpg","thumbnail-width":128,"thumbnail-height":72,"medium":"https:\/\/natussensory.com\/wp-content\/uploads\/Aircal_air-caloric-testing_spot.jpg","medium-width":800,"medium-height":450,"medium_large":"https:\/\/natussensory.com\/wp-content\/uploads\/Aircal_air-caloric-testing_spot-768x432.jpg","medium_large-width":768,"medium_large-height":432,"large":"https:\/\/natussensory.com\/wp-content\/uploads\/Aircal_air-caloric-testing_spot.jpg","large-width":800,"large-height":450,"1536x1536":"https:\/\/natussensory.com\/wp-content\/uploads\/Aircal_air-caloric-testing_spot.jpg","1536x1536-width":800,"1536x1536-height":450,"2048x2048":"https:\/\/natussensory.com\/wp-content\/uploads\/Aircal_air-caloric-testing_spot.jpg","2048x2048-width":800,"2048x2048-height":450}},"label":"","title":"Efficacit\u00e9 et pr\u00e9cision du test en utilisant le calorique \u00e0 l'air avec ICS Aircal","description":"<p>ICS Aircal propose des fonctions uniques qui contribuent \u00e0 augmenter l&rsquo;efficacit\u00e9 du flux de travail tout en assurant un test pr\u00e9cis, y compris:<\/p>\n<p>Un afficheur num\u00e9rique intuitif avec des larges boutons, l&rsquo;appareil fonctionne facilement dans l&rsquo;obscurit\u00e9.<\/p>\n<p>L&rsquo;afficheur \u00e0 LED, inclinable, comporte de grands chiffres brillants visibles de divers endroits de la pi\u00e8ce.<\/p>\n<p>La fonction d&rsquo;irrigation s&rsquo;int\u00e8gre aux syst\u00e8mes VNG\/ENG d&rsquo;Natus, ce qui vous permet de rester pr\u00e8s du patient tout en proc\u00e9dant avec pr\u00e9cision \u00e0 la batterie de tests caloriques.<\/p>\n","link":null}},{"acf_fc_layout":"product_details_right_image_and_left_content","_acfe_flexible_toggle":"","right_image_left_content_single_cta_landing":{"module_options":{"":null,"module_id":"n6515300f6a9be","module_class":"","module_background_type":"color","module_background_color":"","module_background_image":false,"module_background_video":"","activate_custom_padding":false,"padding_top_desktop":"0","padding_top_tablet":"0","padding_top_mobile":"0","padding_bottom_desktop":"0","padding_bottom_tablet":"0","padding_bottom_mobile":"0","activate_custom_margin":false,"margin_top_desktop":"0","margin_top_tablet":"0","margin_top_mobile":"0","margin_bottom_desktop":"0","margin_bottom_tablet":"0","margin_bottom_mobile":"0","disable_on":[],"content_alignment_desktop":"left","content_alignment_tablet":"left","content_alignment_mobile":"left"},"":null,"label":"","title":"D\u00e9couvrez une solution de test calorique \u00e0 l'air qui est flexible, silencieuse et portable","description":"<p>L&rsquo;ICS Aircal est un irrigateur calorique \u00e0 l&rsquo;air qui est flexible, silencieux et portable. Vous pouvez r\u00e9gler la temp\u00e9rature, le d\u00e9bit d&rsquo;air et la dur\u00e9e du test pour qu&rsquo;ils correspondent aux besoins de votre cabinet.<\/p>\n<p>&nbsp;<\/p>\n<p>Vous pouvez \u00e9galement r\u00e9gler l&rsquo;intensit\u00e9 du bip sonore qui vous signale la fin de la dur\u00e9e du stimulus. L&rsquo;ICS Aircal est discret, peu encombrant et l\u00e9ger (18 lbs\/8 kg), donc facilement transportable. Effectuez des tests d&rsquo;irrigation calorique efficaces aujourd&rsquo;hui avec l&rsquo;ICS Aircal. Remplissez le formulaire ci-dessous pour en savoir plus.<\/p>\n","link":null,"image":{"ID":5671,"id":5671,"title":"Aircal_product_spot","filename":"Aircal_product_spot.png","filesize":327020,"url":"https:\/\/natussensory.com\/wp-content\/uploads\/Aircal_product_spot.png","link":"https:\/\/natussensory.com\/fr\/produits\/ics-aircal\/aircal_product_spot-2\/","alt":"Natus Sensory ICS Aircal caloric irrigation device with attached handpiece and control panel with buttons for vestibular testing.","author":"4","description":"","caption":"","name":"aircal_product_spot-2","status":"inherit","uploaded_to":9907,"date":"2023-09-20 11:56:13","modified":"2025-05-27 08:15:21","menu_order":0,"mime_type":"image\/png","type":"image","subtype":"png","icon":"https:\/\/natussensory.com\/wp-includes\/images\/media\/default.png","width":800,"height":450,"sizes":{"thumbnail":"https:\/\/natussensory.com\/wp-content\/uploads\/Aircal_product_spot.png","thumbnail-width":128,"thumbnail-height":72,"medium":"https:\/\/natussensory.com\/wp-content\/uploads\/Aircal_product_spot.png","medium-width":800,"medium-height":450,"medium_large":"https:\/\/natussensory.com\/wp-content\/uploads\/Aircal_product_spot-768x432.png","medium_large-width":768,"medium_large-height":432,"large":"https:\/\/natussensory.com\/wp-content\/uploads\/Aircal_product_spot.png","large-width":800,"large-height":450,"1536x1536":"https:\/\/natussensory.com\/wp-content\/uploads\/Aircal_product_spot.png","1536x1536-width":800,"1536x1536-height":450,"2048x2048":"https:\/\/natussensory.com\/wp-content\/uploads\/Aircal_product_spot.png","2048x2048-width":800,"2048x2048-height":450}}}},{"acf_fc_layout":"related_products","_acfe_flexible_layout_title":"Resources and Support","_acfe_flexible_toggle":"","tiles_3_columns_landing":{"module_options":{"":null,"module_id":"info","module_class":"","module_background_type":"color","module_background_color":"","module_background_image":false,"module_background_video":"","activate_custom_padding":false,"padding_top_desktop":"0","padding_top_tablet":"0","padding_top_mobile":"0","padding_bottom_desktop":"0","padding_bottom_tablet":"0","padding_bottom_mobile":"0","activate_custom_margin":false,"margin_top_desktop":"0","margin_top_tablet":"0","margin_top_mobile":"0","margin_bottom_desktop":"0","margin_bottom_tablet":"0","margin_bottom_mobile":"0","disable_on":[],"content_alignment_desktop":"left","content_alignment_tablet":"left","content_alignment_mobile":"left"},"intro_text":"Ressources et Assistance","intro_text_color":"","intro_link":null,"tiles":[{"label":"Ressources","label_background_color":"#154284","image":false,"title":"Brochure, fiche technique et plus","link":{"type":"url","value":"https:\/\/natus.bynder.com\/web\/6ef81347e20ef78a\/resource-library-ics-aircal\/","url":"https:\/\/natus.bynder.com\/web\/6ef81347e20ef78a\/resource-library-ics-aircal\/","name":"https:\/\/natus.bynder.com\/web\/6ef81347e20ef78a\/resource-library-ics-aircal\/","title":"ICS Aircal Ressources","target":"_blank"}},{"label":"Assistance","label_background_color":"#154284","image":false,"title":"Guide d'utilisation (eIFUs)","link":{"type":"post","value":"883","url":"https:\/\/natussensory.com\/support\/","name":"Service &#038; Support","title":"Service et Assistance","target":""}}]}},{"acf_fc_layout":"related_products","_acfe_flexible_toggle":"","tiles_3_columns_landing":{"module_options":{"":null,"module_id":"n65152ea331bb9","module_class":"","module_background_type":"color","module_background_color":"","module_background_image":false,"module_background_video":"","activate_custom_padding":false,"padding_top_desktop":"0","padding_top_tablet":"0","padding_top_mobile":"0","padding_bottom_desktop":"0","padding_bottom_tablet":"0","padding_bottom_mobile":"0","activate_custom_margin":false,"margin_top_desktop":"0","margin_top_tablet":"0","margin_top_mobile":"0","margin_bottom_desktop":"0","margin_bottom_tablet":"0","margin_bottom_mobile":"0","disable_on":[],"content_alignment_desktop":"left","content_alignment_tablet":"left","content_alignment_mobile":"left"},"intro_text":"Produits Connexes","intro_text_color":"#005e63","intro_link":{"type":"post","value":"1518","url":"https:\/\/natussensory.com\/products\/","name":"Products","title":"Voir tous les produits","target":""},"tiles":[{"label":"ICS Impulse","label_background_color":"#154284","image":{"ID":8986,"id":8986,"title":"Impulse_linkspot","filename":"Impulse_linkspot.jpg","filesize":74043,"url":"https:\/\/natussensory.com\/wp-content\/uploads\/Impulse_linkspot.jpg","link":"https:\/\/natussensory.com\/fr\/produits\/ics-impulse\/impulse_linkspot-2\/","alt":"Natus Sensory ICS Impulse.","author":"4","description":"","caption":"","name":"impulse_linkspot-2","status":"inherit","uploaded_to":9852,"date":"2023-10-01 19:50:03","modified":"2025-05-06 13:12:14","menu_order":0,"mime_type":"image\/jpeg","type":"image","subtype":"jpeg","icon":"https:\/\/natussensory.com\/wp-includes\/images\/media\/default.png","width":600,"height":300,"sizes":{"thumbnail":"https:\/\/natussensory.com\/wp-content\/uploads\/Impulse_linkspot.jpg","thumbnail-width":128,"thumbnail-height":64,"medium":"https:\/\/natussensory.com\/wp-content\/uploads\/Impulse_linkspot.jpg","medium-width":600,"medium-height":300,"medium_large":"https:\/\/natussensory.com\/wp-content\/uploads\/Impulse_linkspot.jpg","medium_large-width":600,"medium_large-height":300,"large":"https:\/\/natussensory.com\/wp-content\/uploads\/Impulse_linkspot.jpg","large-width":600,"large-height":300,"1536x1536":"https:\/\/natussensory.com\/wp-content\/uploads\/Impulse_linkspot.jpg","1536x1536-width":600,"1536x1536-height":300,"2048x2048":"https:\/\/natussensory.com\/wp-content\/uploads\/Impulse_linkspot.jpg","2048x2048-width":600,"2048x2048-height":300}},"title":"Test de la fonction vestibulaire","link":{"type":"post","value":"1918","url":"https:\/\/natussensory.com\/products\/ics-impulse\/","name":"ICS\u00ae Impulse &#8211; Vestibular Testing","title":"En Savoir Plus","target":""}}]}},{"acf_fc_layout":"contact_form","_acfe_flexible_toggle":"","contact_form_landing":{"module_options":{"":null,"module_id":"contact","module_class":"","module_background_type":"color","module_background_color":"","module_background_image":false,"module_background_video":"","activate_custom_padding":false,"padding_top_desktop":0,"padding_top_tablet":"","padding_top_mobile":"","padding_bottom_desktop":"","padding_bottom_tablet":"","padding_bottom_mobile":"","activate_custom_margin":false,"margin_top_desktop":"","margin_top_tablet":"","margin_top_mobile":"","margin_bottom_desktop":"","margin_bottom_tablet":"","margin_bottom_mobile":"","disable_on":[],"content_alignment_desktop":"left","content_alignment_tablet":"left","content_alignment_mobile":"left"},"":null,"activate_intro":false,"intro_text":"","intro_text_color":"","intro_link":null,"activate_description":true,"description_title":"Contactez-nous","description_copy":"","embed_code":"<script charset=\"utf-8\" type=\"text\/javascript\" src=\"\/\/js.hsforms.net\/forms\/embed\/v2.js\"><\/script>\r\n<script>\r\n  hbspt.forms.create({\r\n    region: \"na1\",\r\n    portalId: \"3002890\",\r\n    formId: \"aa1e38a6-c8ed-44f0-966f-f2ae02697709\"\r\n  });\r\n<\/script>"}},{"acf_fc_layout":"simple_content","_acfe_flexible_layout_title":"Part number","_acfe_flexible_toggle":"","content_full_width_landing":{"module_options":{"":null,"module_id":"n6515300fdaa3d","module_class":"","module_background_type":"color","module_background_color":"","module_background_image":false,"module_background_video":"","activate_custom_padding":false,"padding_top_desktop":0,"padding_top_tablet":"","padding_top_mobile":"","padding_bottom_desktop":"","padding_bottom_tablet":"","padding_bottom_mobile":"","activate_custom_margin":false,"margin_top_desktop":"","margin_top_tablet":"","margin_top_mobile":"","margin_bottom_desktop":"","margin_bottom_tablet":"","margin_bottom_mobile":"","disable_on":[],"content_alignment_desktop":"left","content_alignment_tablet":"left","content_alignment_mobile":"left"},"activate_custom_container_width":false,"container_width":"","content":"<p><span style=\"font-size: 11px;\">7-36-7290-FR_01<\/span><\/p>\n"}}]},"_links":{"self":[{"href":"https:\/\/natussensory.com\/fr\/wp-json\/wp\/v2\/pages\/9907","targetHints":{"allow":["GET"]}}],"collection":[{"href":"https:\/\/natussensory.com\/fr\/wp-json\/wp\/v2\/pages"}],"about":[{"href":"https:\/\/natussensory.com\/fr\/wp-json\/wp\/v2\/types\/page"}],"author":[{"embeddable":true,"href":"https:\/\/natussensory.com\/fr\/wp-json\/wp\/v2\/users\/4"}],"replies":[{"embeddable":true,"href":"https:\/\/natussensory.com\/fr\/wp-json\/wp\/v2\/comments?post=9907"}],"version-history":[{"count":10,"href":"https:\/\/natussensory.com\/fr\/wp-json\/wp\/v2\/pages\/9907\/revisions"}],"predecessor-version":[{"id":26787,"href":"https:\/\/natussensory.com\/fr\/wp-json\/wp\/v2\/pages\/9907\/revisions\/26787"}],"up":[{"embeddable":true,"href":"https:\/\/natussensory.com\/fr\/wp-json\/wp\/v2\/pages\/10961"}],"wp:attachment":[{"href":"https:\/\/natussensory.com\/fr\/wp-json\/wp\/v2\/media?parent=9907"}],"wp:term":[{"taxonomy":"category","embeddable":true,"href":"https:\/\/natussensory.com\/fr\/wp-json\/wp\/v2\/categories?post=9907"},{"taxonomy":"post_tag","embeddable":true,"href":"https:\/\/natussensory.com\/fr\/wp-json\/wp\/v2\/tags?post=9907"}],"curies":[{"name":"wp","href":"https:\/\/api.w.org\/{rel}","templated":true}]}}