{"id":9841,"date":"2023-09-15T09:27:55","date_gmt":"2023-09-15T09:27:55","guid":{"rendered":"https:\/\/natussensory.com\/sensory\/audx\/"},"modified":"2025-09-04T08:12:35","modified_gmt":"2025-09-04T08:12:35","slug":"audx","status":"publish","type":"page","link":"https:\/\/natussensory.com\/fr\/produits\/audx\/","title":{"rendered":"Bio-logic\u00ae AuDX\u00ae &#8211; D\u00e9pisteur auditif OEA"},"content":{"rendered":"","protected":false},"excerpt":{"rendered":"","protected":false},"author":4,"featured_media":0,"parent":10961,"menu_order":0,"comment_status":"closed","ping_status":"closed","template":"templates\/page-sensory-solutions-product-landing.php","meta":{"_acf_changed":false,"inline_featured_image":false,"footnotes":""},"categories":[284,294],"tags":[],"class_list":["post-9841","page","type-page","status-publish","hentry","category-depistage-auditif","category-hearing-screening-fr"],"acf":{"content_blocks":[{"acf_fc_layout":"spacer","_acfe_flexible_toggle":"","spacer":{"module_options":{"":null,"module_id":"n6514b12e0d8d8","module_class":"","module_background_type":"color","module_background_color":"#473089","module_background_image":false,"module_background_video":"","activate_custom_padding":false,"padding_top_desktop":"0","padding_top_tablet":"0","padding_top_mobile":"0","padding_bottom_desktop":"0","padding_bottom_tablet":"0","padding_bottom_mobile":"0","activate_custom_margin":false,"margin_top_desktop":"0","margin_top_tablet":"0","margin_top_mobile":"0","margin_bottom_desktop":"0","margin_bottom_tablet":"0","margin_bottom_mobile":"0","disable_on":[],"content_alignment_desktop":"left","content_alignment_tablet":"left","content_alignment_mobile":"left"},"height":"160"}},{"acf_fc_layout":"intro_with_sticky_image","_acfe_flexible_toggle":"","left_content_right_image_sticky":{"module_options":{"":null,"module_id":"n6514b12e1518b","module_class":"","module_background_type":"color","module_background_color":"","module_background_image":false,"module_background_video":"","activate_custom_padding":false,"padding_top_desktop":"0","padding_top_tablet":"0","padding_top_mobile":"0","padding_bottom_desktop":"0","padding_bottom_tablet":"0","padding_bottom_mobile":"0","activate_custom_margin":false,"margin_top_desktop":"0","margin_top_tablet":"0","margin_top_mobile":"0","margin_bottom_desktop":"0","margin_bottom_tablet":"0","margin_bottom_mobile":"0","disable_on":[],"content_alignment_desktop":"left","content_alignment_tablet":"left","content_alignment_mobile":"left"},"":null,"title":"Bio-logic<sup>\u00ae<\/sup> AuDX<sup>\u00ae<\/sup> - D\u00e9pisteur auditif OEA","subheader":"<p>Bio-logic AuDX est un testeur d&rsquo;OEA rapide, facile \u00e0 utiliser et efficace de Natus. Il offre un test OEA \u00e0 double fr\u00e9quence avec la possibilit\u00e9 de tester les deux oreilles en m\u00eame temps.<\/p>\n","icons":false,"quick_navigation":[{"quick_link":{"type":"url","value":"#contact","url":"#contact","name":"#contact","title":"Demander un devis","target":""}},{"quick_link":{"type":"url","value":"#info","url":"#info","name":"#info","title":"Explorer plus de d\u00e9tails","target":""}}],"description":"","message_label":" ","message_title":"Vous recherchez un service de produit ou une assistance technique ?","message_link":{"type":"post","value":"883","url":"https:\/\/natussensory.com\/support\/","name":"Service &#038; Support","title":"  Service et Assistance","target":""},"right_sticky_image":{"ID":4618,"id":4618,"title":"AuDX_product thumbnail","filename":"AuDX_product-thumbnail.png","filesize":239448,"url":"https:\/\/natussensory.com\/wp-content\/uploads\/AuDX_product-thumbnail.png","link":"https:\/\/natussensory.com\/fr\/produits\/audx\/audx_product-thumbnail-2\/","alt":"Bio-logic AuDX Portable OAE Screening Device with animated display screen, ideal for pediatric hearing screening.","author":"4","description":"","caption":"","name":"audx_product-thumbnail-2","status":"inherit","uploaded_to":9841,"date":"2023-09-15 09:14:58","modified":"2025-05-20 13:16:27","menu_order":0,"mime_type":"image\/png","type":"image","subtype":"png","icon":"https:\/\/natussensory.com\/wp-includes\/images\/media\/default.png","width":500,"height":676,"sizes":{"thumbnail":"https:\/\/natussensory.com\/wp-content\/uploads\/AuDX_product-thumbnail.png","thumbnail-width":71,"thumbnail-height":96,"medium":"https:\/\/natussensory.com\/wp-content\/uploads\/AuDX_product-thumbnail.png","medium-width":500,"medium-height":676,"medium_large":"https:\/\/natussensory.com\/wp-content\/uploads\/AuDX_product-thumbnail.png","medium_large-width":500,"medium_large-height":676,"large":"https:\/\/natussensory.com\/wp-content\/uploads\/AuDX_product-thumbnail.png","large-width":500,"large-height":676,"1536x1536":"https:\/\/natussensory.com\/wp-content\/uploads\/AuDX_product-thumbnail.png","1536x1536-width":500,"1536x1536-height":676,"2048x2048":"https:\/\/natussensory.com\/wp-content\/uploads\/AuDX_product-thumbnail.png","2048x2048-width":500,"2048x2048-height":676}}}},{"acf_fc_layout":"simple_content","_acfe_flexible_toggle":"","content_full_width_landing":{"module_options":{"":null,"module_id":"n6514b12e20912","module_class":"","module_background_type":"color","module_background_color":"","module_background_image":false,"module_background_video":"","activate_custom_padding":false,"padding_top_desktop":"0","padding_top_tablet":"0","padding_top_mobile":"0","padding_bottom_desktop":"0","padding_bottom_tablet":"0","padding_bottom_mobile":"0","activate_custom_margin":false,"margin_top_desktop":"0","margin_top_tablet":"0","margin_top_mobile":"0","margin_bottom_desktop":"0","margin_bottom_tablet":"0","margin_bottom_mobile":"0","disable_on":[],"content_alignment_desktop":"left","content_alignment_tablet":"left","content_alignment_mobile":"left"},"activate_custom_container_width":false,"container_width":"","content":"<p><img loading=\"lazy\" decoding=\"async\" class=\"aligncenter size-full wp-image-4622\" src=\"https:\/\/natussensory.com\/wp-content\/uploads\/AuDX_banner.jpg\" alt=\"\" width=\"1300\" height=\"600\" srcset=\"https:\/\/natussensory.com\/wp-content\/uploads\/AuDX_banner.jpg 1300w, https:\/\/natussensory.com\/wp-content\/uploads\/AuDX_banner-768x354.jpg 768w\" sizes=\"auto, (max-width: 1300px) 100vw, 1300px\" \/><\/p>\n"}},{"acf_fc_layout":"product_details_right_image_and_left_content","_acfe_flexible_toggle":"","right_image_left_content_single_cta_landing":{"module_options":{"":null,"module_id":"n6514b12e272f6","module_class":"","module_background_type":"color","module_background_color":"","module_background_image":false,"module_background_video":"","activate_custom_padding":false,"padding_top_desktop":"0","padding_top_tablet":"0","padding_top_mobile":"0","padding_bottom_desktop":"0","padding_bottom_tablet":"0","padding_bottom_mobile":"0","activate_custom_margin":false,"margin_top_desktop":"0","margin_top_tablet":"0","margin_top_mobile":"0","margin_bottom_desktop":"0","margin_bottom_tablet":"0","margin_bottom_mobile":"0","disable_on":[],"content_alignment_desktop":"left","content_alignment_tablet":"left","content_alignment_mobile":"left"},"":null,"label":"","title":"","description":"<p>Une simple pression sur la touche \u00ab\u00a0mode enfant\u00a0\u00bb d\u00e9clenche une animation divertissante pour que l&rsquo;enfant reste attentif et silencieux pendant le test. L&rsquo;appareil peut \u00eatre configur\u00e9 pour le d\u00e9pistage OEA et l&rsquo;audiom\u00e9trie tonale pure, ce qui convient au d\u00e9pistage des patients de tous \u00e2ges.<\/p>\n<p>&nbsp;<\/p>\n<p>Personnalisez les tests pour r\u00e9pondre \u00e0 vos besoins gr\u00e2ce \u00e0 ces combinaisons modulaires :<\/p>\n<ul>\n<li>D\u00e9pistage OEA<\/li>\n<li>Audiom\u00e9trie de d\u00e9pistage<\/li>\n<\/ul>\n","link":null,"image":{"ID":4628,"id":4628,"title":"AuDX_spot_young-patient","filename":"AuDX_spot_young-patient.jpg","filesize":233246,"url":"https:\/\/natussensory.com\/wp-content\/uploads\/AuDX_spot_young-patient.jpg","link":"https:\/\/natussensory.com\/fr\/produits\/audx\/audx_spot_young-patient-2\/","alt":"Child interacting with the Bio-logic AuDX Portable OAE Screening Device during a Pure Tone Audiometry Screening session.","author":"4","description":"","caption":"","name":"audx_spot_young-patient-2","status":"inherit","uploaded_to":9841,"date":"2023-09-15 09:26:53","modified":"2025-05-20 13:18:56","menu_order":0,"mime_type":"image\/jpeg","type":"image","subtype":"jpeg","icon":"https:\/\/natussensory.com\/wp-includes\/images\/media\/default.png","width":800,"height":450,"sizes":{"thumbnail":"https:\/\/natussensory.com\/wp-content\/uploads\/AuDX_spot_young-patient.jpg","thumbnail-width":128,"thumbnail-height":72,"medium":"https:\/\/natussensory.com\/wp-content\/uploads\/AuDX_spot_young-patient.jpg","medium-width":800,"medium-height":450,"medium_large":"https:\/\/natussensory.com\/wp-content\/uploads\/AuDX_spot_young-patient-768x432.jpg","medium_large-width":768,"medium_large-height":432,"large":"https:\/\/natussensory.com\/wp-content\/uploads\/AuDX_spot_young-patient.jpg","large-width":800,"large-height":450,"1536x1536":"https:\/\/natussensory.com\/wp-content\/uploads\/AuDX_spot_young-patient.jpg","1536x1536-width":800,"1536x1536-height":450,"2048x2048":"https:\/\/natussensory.com\/wp-content\/uploads\/AuDX_spot_young-patient.jpg","2048x2048-width":800,"2048x2048-height":450}}}},{"acf_fc_layout":"related_products","_acfe_flexible_layout_title":"Resources and Support","_acfe_flexible_toggle":"","tiles_3_columns_landing":{"module_options":{"":null,"module_id":"info","module_class":"","module_background_type":"color","module_background_color":"","module_background_image":false,"module_background_video":"","activate_custom_padding":false,"padding_top_desktop":0,"padding_top_tablet":"","padding_top_mobile":"","padding_bottom_desktop":"","padding_bottom_tablet":"","padding_bottom_mobile":"","activate_custom_margin":false,"margin_top_desktop":"","margin_top_tablet":"","margin_top_mobile":"","margin_bottom_desktop":"","margin_bottom_tablet":"","margin_bottom_mobile":"","disable_on":[],"content_alignment_desktop":"left","content_alignment_tablet":"left","content_alignment_mobile":"left"},"intro_text":"Ressources et Assistance","intro_text_color":"","intro_link":null,"tiles":[{"label":"Ressources","label_background_color":"#154284","image":false,"title":"Brochure, fiche technique et plus","link":{"type":"url","value":"https:\/\/natus.bynder.com\/web\/5420bedd09ecba36\/resource-library-bio-logic-audx\/","url":"https:\/\/natus.bynder.com\/web\/5420bedd09ecba36\/resource-library-bio-logic-audx\/","name":"https:\/\/natus.bynder.com\/web\/5420bedd09ecba36\/resource-library-bio-logic-audx\/","title":"Bio-logic AuDX Ressources","target":"_blank"}},{"label":"Assistance","label_background_color":"#154284","image":false,"title":"Guide d'utilisation (eIFUs)","link":{"type":"post","value":"883","url":"https:\/\/natussensory.com\/support\/","name":"Service &#038; Support","title":"Service et Assistance","target":""}}]}},{"acf_fc_layout":"related_products","_acfe_flexible_toggle":"","tiles_3_columns_landing":{"module_options":{"":null,"module_id":"n6514a01e126d0","module_class":"","module_background_type":"color","module_background_color":"","module_background_image":false,"module_background_video":"","activate_custom_padding":false,"padding_top_desktop":"0","padding_top_tablet":"0","padding_top_mobile":"0","padding_bottom_desktop":"0","padding_bottom_tablet":"0","padding_bottom_mobile":"0","activate_custom_margin":false,"margin_top_desktop":"0","margin_top_tablet":"0","margin_top_mobile":"0","margin_bottom_desktop":"0","margin_bottom_tablet":"0","margin_bottom_mobile":"0","disable_on":[],"content_alignment_desktop":"left","content_alignment_tablet":"left","content_alignment_mobile":"left"},"intro_text":"Produits Connexes","intro_text_color":"#005e63","intro_link":{"type":"post","value":"1518","url":"https:\/\/natussensory.com\/products\/","name":"Products","title":"Voir tous les produits","target":""},"tiles":[{"label":"BioLink software","label_background_color":"#154284","image":false,"title":"Download","link":{"type":"post","value":"883","url":"https:\/\/natussensory.com\/support\/","name":"Service &#038; Support","title":"Download Center","target":""}},{"label":"ALGO 7i","label_background_color":"#154284","image":{"ID":8897,"id":8897,"title":"ALGO-7i_linkspot","filename":"ALGO-7i_linkspot.jpg","filesize":30220,"url":"https:\/\/natussensory.com\/wp-content\/uploads\/ALGO-7i_linkspot.jpg","link":"https:\/\/natussensory.com\/fr\/produits\/algo-7i\/algo-7i_linkspot-2\/","alt":"Algo7i","author":"4","description":"","caption":"","name":"algo-7i_linkspot-2","status":"inherit","uploaded_to":9815,"date":"2023-10-01 14:24:18","modified":"2025-08-06 14:10:09","menu_order":0,"mime_type":"image\/jpeg","type":"image","subtype":"jpeg","icon":"https:\/\/natussensory.com\/wp-includes\/images\/media\/default.png","width":600,"height":300,"sizes":{"thumbnail":"https:\/\/natussensory.com\/wp-content\/uploads\/ALGO-7i_linkspot.jpg","thumbnail-width":128,"thumbnail-height":64,"medium":"https:\/\/natussensory.com\/wp-content\/uploads\/ALGO-7i_linkspot.jpg","medium-width":600,"medium-height":300,"medium_large":"https:\/\/natussensory.com\/wp-content\/uploads\/ALGO-7i_linkspot.jpg","medium_large-width":600,"medium_large-height":300,"large":"https:\/\/natussensory.com\/wp-content\/uploads\/ALGO-7i_linkspot.jpg","large-width":600,"large-height":300,"1536x1536":"https:\/\/natussensory.com\/wp-content\/uploads\/ALGO-7i_linkspot.jpg","1536x1536-width":600,"1536x1536-height":300,"2048x2048":"https:\/\/natussensory.com\/wp-content\/uploads\/ALGO-7i_linkspot.jpg","2048x2048-width":600,"2048x2048-height":300}},"title":"Syst\u00e8me de d\u00e9pistage des troubles auditifs du nouveau-n\u00e9","link":{"type":"post","value":"4205","url":"https:\/\/natussensory.com\/products\/algo-7i\/","name":"ALGO\u00ae 7i Newborn Hearing Screener","title":"En Savoir Plus","target":""}},{"label":"Accuscreen","label_background_color":"#154284","image":{"ID":8887,"id":8887,"title":"Accuscreen_linkspot","filename":"Accuscreen_linkspot.jpg","filesize":34234,"url":"https:\/\/natussensory.com\/wp-content\/uploads\/Accuscreen_linkspot.jpg","link":"https:\/\/natussensory.com\/fr\/produits\/algo-7i\/accuscreen_linkspot-2\/","alt":"Accuscreen","author":"4","description":"","caption":"","name":"accuscreen_linkspot-2","status":"inherit","uploaded_to":9815,"date":"2023-10-01 14:24:14","modified":"2025-08-06 14:23:23","menu_order":0,"mime_type":"image\/jpeg","type":"image","subtype":"jpeg","icon":"https:\/\/natussensory.com\/wp-includes\/images\/media\/default.png","width":600,"height":300,"sizes":{"thumbnail":"https:\/\/natussensory.com\/wp-content\/uploads\/Accuscreen_linkspot.jpg","thumbnail-width":128,"thumbnail-height":64,"medium":"https:\/\/natussensory.com\/wp-content\/uploads\/Accuscreen_linkspot.jpg","medium-width":600,"medium-height":300,"medium_large":"https:\/\/natussensory.com\/wp-content\/uploads\/Accuscreen_linkspot.jpg","medium_large-width":600,"medium_large-height":300,"large":"https:\/\/natussensory.com\/wp-content\/uploads\/Accuscreen_linkspot.jpg","large-width":600,"large-height":300,"1536x1536":"https:\/\/natussensory.com\/wp-content\/uploads\/Accuscreen_linkspot.jpg","1536x1536-width":600,"1536x1536-height":300,"2048x2048":"https:\/\/natussensory.com\/wp-content\/uploads\/Accuscreen_linkspot.jpg","2048x2048-width":600,"2048x2048-height":300}},"title":"D\u00e9pistage OEA et PEAA combin\u00e9, l\u00e9ger et portable","link":{"type":"post","value":"4633","url":"https:\/\/natussensory.com\/products\/madsen-accuscreen\/","name":"Madsen\u00ae Accuscreen\u00ae &#8211; Newborn Hearing Screener","title":"En Savoir Plus","target":""}}]}},{"acf_fc_layout":"contact_form","_acfe_flexible_toggle":"","contact_form_landing":{"module_options":{"":null,"module_id":"contact","module_class":"","module_background_type":"color","module_background_color":"","module_background_image":false,"module_background_video":"","activate_custom_padding":false,"padding_top_desktop":"0","padding_top_tablet":"0","padding_top_mobile":"0","padding_bottom_desktop":"0","padding_bottom_tablet":"0","padding_bottom_mobile":"0","activate_custom_margin":false,"margin_top_desktop":"0","margin_top_tablet":"0","margin_top_mobile":"0","margin_bottom_desktop":"0","margin_bottom_tablet":"0","margin_bottom_mobile":"0","disable_on":[],"content_alignment_desktop":"left","content_alignment_tablet":"left","content_alignment_mobile":"left"},"":null,"activate_intro":false,"intro_text":"","intro_text_color":"","intro_link":null,"activate_description":true,"description_title":"Contactez-nous","description_copy":"","embed_code":"<script charset=\"utf-8\" type=\"text\/javascript\" src=\"\/\/js.hsforms.net\/forms\/embed\/v2.js\"><\/script>\r\n<script>\r\n  hbspt.forms.create({\r\n    region: \"na1\",\r\n    portalId: \"3002890\",\r\n    formId: \"4c6b2014-b13d-41cb-8898-fd5fceb32032\"\r\n  });\r\n<\/script>"}},{"acf_fc_layout":"simple_content","_acfe_flexible_layout_title":"Part number","_acfe_flexible_toggle":"","content_full_width_landing":{"module_options":{"":null,"module_id":"n6514b186c75ae","module_class":"","module_background_type":"color","module_background_color":"","module_background_image":false,"module_background_video":"","activate_custom_padding":false,"padding_top_desktop":"0","padding_top_tablet":"0","padding_top_mobile":"0","padding_bottom_desktop":"0","padding_bottom_tablet":"0","padding_bottom_mobile":"0","activate_custom_margin":false,"margin_top_desktop":"0","margin_top_tablet":"0","margin_top_mobile":"0","margin_bottom_desktop":"0","margin_bottom_tablet":"0","margin_bottom_mobile":"0","disable_on":[],"content_alignment_desktop":"left","content_alignment_tablet":"left","content_alignment_mobile":"left"},"activate_custom_container_width":false,"container_width":"","content":"<p><span style=\"font-size: 11px;\">7-36-1310-FR<\/span><\/p>\n"}}]},"_links":{"self":[{"href":"https:\/\/natussensory.com\/fr\/wp-json\/wp\/v2\/pages\/9841","targetHints":{"allow":["GET"]}}],"collection":[{"href":"https:\/\/natussensory.com\/fr\/wp-json\/wp\/v2\/pages"}],"about":[{"href":"https:\/\/natussensory.com\/fr\/wp-json\/wp\/v2\/types\/page"}],"author":[{"embeddable":true,"href":"https:\/\/natussensory.com\/fr\/wp-json\/wp\/v2\/users\/4"}],"replies":[{"embeddable":true,"href":"https:\/\/natussensory.com\/fr\/wp-json\/wp\/v2\/comments?post=9841"}],"version-history":[{"count":7,"href":"https:\/\/natussensory.com\/fr\/wp-json\/wp\/v2\/pages\/9841\/revisions"}],"predecessor-version":[{"id":26834,"href":"https:\/\/natussensory.com\/fr\/wp-json\/wp\/v2\/pages\/9841\/revisions\/26834"}],"up":[{"embeddable":true,"href":"https:\/\/natussensory.com\/fr\/wp-json\/wp\/v2\/pages\/10961"}],"wp:attachment":[{"href":"https:\/\/natussensory.com\/fr\/wp-json\/wp\/v2\/media?parent=9841"}],"wp:term":[{"taxonomy":"category","embeddable":true,"href":"https:\/\/natussensory.com\/fr\/wp-json\/wp\/v2\/categories?post=9841"},{"taxonomy":"post_tag","embeddable":true,"href":"https:\/\/natussensory.com\/fr\/wp-json\/wp\/v2\/tags?post=9841"}],"curies":[{"name":"wp","href":"https:\/\/api.w.org\/{rel}","templated":true}]}}