{"id":9834,"date":"2023-09-15T11:49:28","date_gmt":"2023-09-15T11:49:28","guid":{"rendered":"https:\/\/natussensory.com\/sensory\/madsen-alpha\/"},"modified":"2025-09-04T08:10:46","modified_gmt":"2025-09-04T08:10:46","slug":"madsen-alpha","status":"publish","type":"page","link":"https:\/\/natussensory.com\/fr\/produits\/madsen-alpha\/","title":{"rendered":"Madsen\u00ae Alpha OEA"},"content":{"rendered":"","protected":false},"excerpt":{"rendered":"","protected":false},"author":4,"featured_media":0,"parent":10961,"menu_order":0,"comment_status":"closed","ping_status":"closed","template":"templates\/page-sensory-solutions-product-landing.php","meta":{"_acf_changed":false,"inline_featured_image":false,"footnotes":""},"categories":[284,294],"tags":[],"class_list":["post-9834","page","type-page","status-publish","hentry","category-depistage-auditif","category-hearing-screening-fr"],"acf":{"content_blocks":[{"acf_fc_layout":"spacer","_acfe_flexible_toggle":"","spacer":{"module_options":{"":null,"module_id":"n6514b32fd84ee","module_class":"","module_background_type":"color","module_background_color":"#473089","module_background_image":false,"module_background_video":"","activate_custom_padding":false,"padding_top_desktop":"0","padding_top_tablet":"0","padding_top_mobile":"0","padding_bottom_desktop":"0","padding_bottom_tablet":"0","padding_bottom_mobile":"0","activate_custom_margin":false,"margin_top_desktop":"0","margin_top_tablet":"0","margin_top_mobile":"0","margin_bottom_desktop":"0","margin_bottom_tablet":"0","margin_bottom_mobile":"0","disable_on":[],"content_alignment_desktop":"left","content_alignment_tablet":"left","content_alignment_mobile":"left"},"height":"160"}},{"acf_fc_layout":"intro_with_sticky_image","_acfe_flexible_toggle":"","left_content_right_image_sticky":{"module_options":{"":null,"module_id":"n6514b32fe2df8","module_class":"","module_background_type":"color","module_background_color":"","module_background_image":false,"module_background_video":"","activate_custom_padding":false,"padding_top_desktop":"0","padding_top_tablet":"0","padding_top_mobile":"0","padding_bottom_desktop":"0","padding_bottom_tablet":"0","padding_bottom_mobile":"0","activate_custom_margin":false,"margin_top_desktop":"0","margin_top_tablet":"0","margin_top_mobile":"0","margin_bottom_desktop":"0","margin_bottom_tablet":"0","margin_bottom_mobile":"0","disable_on":[],"content_alignment_desktop":"left","content_alignment_tablet":"left","content_alignment_mobile":"left"},"":null,"title":"Madsen<sup>\u00ae<\/sup> Alpha OEA","subheader":"<p>Une d\u00e9tection pr\u00e9coce de la perte auditive est importante pour assurer un d\u00e9veloppement sain pendant l&rsquo;enfance. Cependant, le d\u00e9pistage auditif peut \u00eatre un d\u00e9fi, non seulement pour l&rsquo;enfant mais aussi pour le testeur.<\/p>\n<p>Efficaces et pr\u00e9cis, Madsen Alpha OEA* et Madsen Alpha OEA+* contribuent \u00e0 rendre le d\u00e9pistage auditif plus facile pour vous et plus amusant pour l&rsquo;enfant.<\/p>\n<p>Madsen Alpha est un appareil de mesure des OEAs portable id\u00e9al pour le d\u00e9pistage auditif pr\u00e9scolaire et le d\u00e9pistage OEA des patients de tous les \u00e2ges. D\u00e9couvrez \u00e0 quel point le d\u00e9pistage OEA est facile gr\u00e2ce aux options suivantes:<\/p>\n<ul>\n<li>Navigation par \u00e9cran tactile pour une plus grande facilit\u00e9 d&rsquo;utilisation<\/li>\n<li>Cavit\u00e9 int\u00e9gr\u00e9e pour sonde de test pour garantir la pr\u00e9cision du test<\/li>\n<li>Mode enfant avec dessin anim\u00e9 con\u00e7u pour capter l&rsquo;attention de l&rsquo;enfant pendant le test<\/li>\n<\/ul>\n","icons":false,"quick_navigation":[{"quick_link":{"type":"url","value":"#contact","url":"#contact","name":"#contact","title":"Demander un devis","target":""}},{"quick_link":{"type":"url","value":"#info","url":"#info","name":"#info","title":"Explorer plus de d\u00e9tails","target":""}}],"description":"","message_label":" ","message_title":"Vous recherchez un service de produit ou une assistance technique ?","message_link":{"type":"post","value":"883","url":"https:\/\/natussensory.com\/support\/","name":"Service &#038; Support","title":"  Service et Assistance","target":""},"right_sticky_image":{"ID":4655,"id":4655,"title":"Madsen-Alpha_product thumbnail","filename":"Madsen-Alpha_product-thumbnail.png","filesize":245603,"url":"https:\/\/natussensory.com\/wp-content\/uploads\/Madsen-Alpha_product-thumbnail.png","link":"https:\/\/natussensory.com\/fr\/produits\/madsen-alpha\/madsen-alpha_product-thumbnail-2\/","alt":"Madsen Alpha handheld OAE hearing screener with child mode screen, ideal for preschool and pediatric hearing screening.","author":"4","description":"","caption":"","name":"madsen-alpha_product-thumbnail-2","status":"inherit","uploaded_to":9834,"date":"2023-09-15 11:44:44","modified":"2025-05-20 13:37:48","menu_order":0,"mime_type":"image\/png","type":"image","subtype":"png","icon":"https:\/\/natussensory.com\/wp-includes\/images\/media\/default.png","width":500,"height":714,"sizes":{"thumbnail":"https:\/\/natussensory.com\/wp-content\/uploads\/Madsen-Alpha_product-thumbnail.png","thumbnail-width":67,"thumbnail-height":96,"medium":"https:\/\/natussensory.com\/wp-content\/uploads\/Madsen-Alpha_product-thumbnail.png","medium-width":500,"medium-height":714,"medium_large":"https:\/\/natussensory.com\/wp-content\/uploads\/Madsen-Alpha_product-thumbnail.png","medium_large-width":500,"medium_large-height":714,"large":"https:\/\/natussensory.com\/wp-content\/uploads\/Madsen-Alpha_product-thumbnail.png","large-width":500,"large-height":714,"1536x1536":"https:\/\/natussensory.com\/wp-content\/uploads\/Madsen-Alpha_product-thumbnail.png","1536x1536-width":500,"1536x1536-height":714,"2048x2048":"https:\/\/natussensory.com\/wp-content\/uploads\/Madsen-Alpha_product-thumbnail.png","2048x2048-width":500,"2048x2048-height":714}}}},{"acf_fc_layout":"simple_content","_acfe_flexible_toggle":"","content_full_width_landing":{"module_options":{"":null,"module_id":"n6514b32fef0ef","module_class":"","module_background_type":"color","module_background_color":"","module_background_image":false,"module_background_video":"","activate_custom_padding":false,"padding_top_desktop":"0","padding_top_tablet":"0","padding_top_mobile":"0","padding_bottom_desktop":"0","padding_bottom_tablet":"0","padding_bottom_mobile":"0","activate_custom_margin":false,"margin_top_desktop":"0","margin_top_tablet":"0","margin_top_mobile":"0","margin_bottom_desktop":"0","margin_bottom_tablet":"0","margin_bottom_mobile":"0","disable_on":[],"content_alignment_desktop":"left","content_alignment_tablet":"left","content_alignment_mobile":"left"},"activate_custom_container_width":false,"container_width":"","content":"<h2>Le d\u00e9pistage auditif pr\u00e9scolaire peut \u00eatre amusant !<\/h2>\n<h2><img loading=\"lazy\" decoding=\"async\" class=\"aligncenter size-full wp-image-4659\" src=\"https:\/\/natussensory.com\/wp-content\/uploads\/Madsen-Alpha_banner.jpg\" alt=\"\" width=\"1300\" height=\"600\" srcset=\"https:\/\/natussensory.com\/wp-content\/uploads\/Madsen-Alpha_banner.jpg 1300w, https:\/\/natussensory.com\/wp-content\/uploads\/Madsen-Alpha_banner-768x354.jpg 768w\" sizes=\"auto, (max-width: 1300px) 100vw, 1300px\" \/><\/h2>\n<p>&nbsp;<\/p>\n"}},{"acf_fc_layout":"product_details_right_image_and_left_content","_acfe_flexible_toggle":"","right_image_left_content_single_cta_landing":{"module_options":{"":null,"module_id":"n6514b33001f7b","module_class":"","module_background_type":"color","module_background_color":"","module_background_image":false,"module_background_video":"","activate_custom_padding":false,"padding_top_desktop":"0","padding_top_tablet":"0","padding_top_mobile":"0","padding_bottom_desktop":"0","padding_bottom_tablet":"0","padding_bottom_mobile":"0","activate_custom_margin":false,"margin_top_desktop":"0","margin_top_tablet":"0","margin_top_mobile":"0","margin_bottom_desktop":"0","margin_bottom_tablet":"0","margin_bottom_mobile":"0","disable_on":[],"content_alignment_desktop":"left","content_alignment_tablet":"left","content_alignment_mobile":"left"},"":null,"label":"","title":"Un d\u00e9pistage des OEAs pr\u00e9cis et efficace au bout des doigts","description":"<p>Le syst\u00e8me Madsen Alpha OEA est l\u00e9ger, pr\u00e9cis et facile \u00e0 utiliser. Avec un protocole unique et des crit\u00e8res de r\u00e9ussite\/\u00e9chec pr\u00e9d\u00e9finis, vous obtenez des r\u00e9sultats en quelques secondes.<\/p>\n<p>&nbsp;<\/p>\n<p>Le Madsen Alpha OEA+ propose huit protocoles, y compris un m\u00e9lange de crit\u00e8res d&rsquo;arr\u00eat automatique et des tests de la gamme de fr\u00e9quences compl\u00e8te. L&rsquo;appareil de d\u00e9pistage des OEA\u00a0est dot\u00e9 d&rsquo;une station d&rsquo;accueil pour le recharger et<br \/>\nnclut une fonction d&rsquo;impression vers PDF.<\/p>\n<p>&nbsp;<\/p>\n<p>Une imprimante d&rsquo;\u00e9tiquettes en option est disponible pour les deux mod\u00e8les.<\/p>\n","link":null,"image":{"ID":4665,"id":4665,"title":"Madsen-alpha_young-patient_spot","filename":"Madsen-alpha_young-patient_spot.jpg","filesize":219947,"url":"https:\/\/natussensory.com\/wp-content\/uploads\/Madsen-alpha_young-patient_spot.jpg","link":"https:\/\/natussensory.com\/fr\/produits\/madsen-alpha\/madsen-alpha_young-patient_spot-2\/","alt":"Child using Madsen Alpha Handheld OAE Screener during preschool hearing screening.","author":"4","description":"","caption":"","name":"madsen-alpha_young-patient_spot-2","status":"inherit","uploaded_to":9834,"date":"2023-09-15 11:46:50","modified":"2025-05-20 13:40:49","menu_order":0,"mime_type":"image\/jpeg","type":"image","subtype":"jpeg","icon":"https:\/\/natussensory.com\/wp-includes\/images\/media\/default.png","width":800,"height":450,"sizes":{"thumbnail":"https:\/\/natussensory.com\/wp-content\/uploads\/Madsen-alpha_young-patient_spot.jpg","thumbnail-width":128,"thumbnail-height":72,"medium":"https:\/\/natussensory.com\/wp-content\/uploads\/Madsen-alpha_young-patient_spot.jpg","medium-width":800,"medium-height":450,"medium_large":"https:\/\/natussensory.com\/wp-content\/uploads\/Madsen-alpha_young-patient_spot-768x432.jpg","medium_large-width":768,"medium_large-height":432,"large":"https:\/\/natussensory.com\/wp-content\/uploads\/Madsen-alpha_young-patient_spot.jpg","large-width":800,"large-height":450,"1536x1536":"https:\/\/natussensory.com\/wp-content\/uploads\/Madsen-alpha_young-patient_spot.jpg","1536x1536-width":800,"1536x1536-height":450,"2048x2048":"https:\/\/natussensory.com\/wp-content\/uploads\/Madsen-alpha_young-patient_spot.jpg","2048x2048-width":800,"2048x2048-height":450}}}},{"acf_fc_layout":"product_details_left_image_and_right_content","_acfe_flexible_toggle":"","left_image_right_content_single_cta_landing":{"module_options":{"":null,"module_id":"n6514b3300eec4","module_class":"","module_background_type":"color","module_background_color":"","module_background_image":false,"module_background_video":"","activate_custom_padding":false,"padding_top_desktop":"0","padding_top_tablet":"0","padding_top_mobile":"0","padding_bottom_desktop":"0","padding_bottom_tablet":"0","padding_bottom_mobile":"0","activate_custom_margin":false,"margin_top_desktop":"0","margin_top_tablet":"0","margin_top_mobile":"0","margin_bottom_desktop":"0","margin_bottom_tablet":"0","margin_bottom_mobile":"0","disable_on":[],"content_alignment_desktop":"left","content_alignment_tablet":"left","content_alignment_mobile":"left"},"image":{"ID":4670,"id":4670,"title":"Madsen-alpha_kindergarten_spot","filename":"Madsen-alpha_kindergarten_spot.jpg","filesize":158514,"url":"https:\/\/natussensory.com\/wp-content\/uploads\/Madsen-alpha_kindergarten_spot.jpg","link":"https:\/\/natussensory.com\/fr\/produits\/madsen-alpha\/madsen-alpha_kindergarten_spot-2\/","alt":"Preschool hearing screening using the Madsen Alpha Pediatric Hearing Screener.","author":"4","description":"","caption":"","name":"madsen-alpha_kindergarten_spot-2","status":"inherit","uploaded_to":9834,"date":"2023-09-15 11:46:53","modified":"2025-05-20 13:42:07","menu_order":0,"mime_type":"image\/jpeg","type":"image","subtype":"jpeg","icon":"https:\/\/natussensory.com\/wp-includes\/images\/media\/default.png","width":800,"height":450,"sizes":{"thumbnail":"https:\/\/natussensory.com\/wp-content\/uploads\/Madsen-alpha_kindergarten_spot.jpg","thumbnail-width":128,"thumbnail-height":72,"medium":"https:\/\/natussensory.com\/wp-content\/uploads\/Madsen-alpha_kindergarten_spot.jpg","medium-width":800,"medium-height":450,"medium_large":"https:\/\/natussensory.com\/wp-content\/uploads\/Madsen-alpha_kindergarten_spot-768x432.jpg","medium_large-width":768,"medium_large-height":432,"large":"https:\/\/natussensory.com\/wp-content\/uploads\/Madsen-alpha_kindergarten_spot.jpg","large-width":800,"large-height":450,"1536x1536":"https:\/\/natussensory.com\/wp-content\/uploads\/Madsen-alpha_kindergarten_spot.jpg","1536x1536-width":800,"1536x1536-height":450,"2048x2048":"https:\/\/natussensory.com\/wp-content\/uploads\/Madsen-alpha_kindergarten_spot.jpg","2048x2048-width":800,"2048x2048-height":450}},"label":"","title":"Un appareil de d\u00e9pistage des OEAs qui est amusant pour l'enfant et rapide pour le testeur.","description":"<p>Madsen\u00a0Alpha aide \u00e0 r\u00e9duire les mouvements et l&rsquo;agitation. Une fois que la sonde est plac\u00e9e dans l&rsquo;oreille, une simple pression lance le test ainsi que la diffusion d&rsquo;un dessin anim\u00e9 amusant qui capte l&rsquo;attention de l&rsquo;enfant afin de le rassurer pendant le test.<\/p>\n<p>&nbsp;<\/p>\n<p>L&rsquo;\u00e9cran tactile en couleurs et de qualit\u00e9 sup\u00e9rieure pla\u00eet au testeur et \u00e0 l&rsquo;enfant.<\/p>\n<p>&nbsp;<\/p>\n<p>Exact et pr\u00e9cis, le Madsen\u00a0Alpha est compact et facile \u00e0 transporter d&rsquo;une pi\u00e8ce \u00e0 l&rsquo;autre, partout o\u00f9 vous avez besoin de tester les patients.<\/p>\n","link":null}},{"acf_fc_layout":"related_products","_acfe_flexible_layout_title":"Resources and Support","_acfe_flexible_toggle":"","tiles_3_columns_landing":{"module_options":{"":null,"module_id":"n6514389e9cd0e","module_class":"","module_background_type":"color","module_background_color":"","module_background_image":false,"module_background_video":"","activate_custom_padding":false,"padding_top_desktop":0,"padding_top_tablet":"","padding_top_mobile":"","padding_bottom_desktop":"","padding_bottom_tablet":"","padding_bottom_mobile":"","activate_custom_margin":false,"margin_top_desktop":"","margin_top_tablet":"","margin_top_mobile":"","margin_bottom_desktop":"","margin_bottom_tablet":"","margin_bottom_mobile":"","disable_on":[],"content_alignment_desktop":"left","content_alignment_tablet":"left","content_alignment_mobile":"left"},"intro_text":"Ressources et Assistance","intro_text_color":"","intro_link":null,"tiles":[{"label":"Ressources","label_background_color":"#154284","image":false,"title":"Brochure, fiche technique et plus","link":{"type":"url","value":"https:\/\/natus.bynder.com\/web\/cbec3fabded6956\/resource-library-madsen-alpha\/","url":"https:\/\/natus.bynder.com\/web\/cbec3fabded6956\/resource-library-madsen-alpha\/","name":"https:\/\/natus.bynder.com\/web\/cbec3fabded6956\/resource-library-madsen-alpha\/","title":"Madsen Alpha Ressources","target":"_blank"}},{"label":"Assistance","label_background_color":"#154284","image":false,"title":"Guide d'utilisation (eIFUs)","link":{"type":"post","value":"883","url":"https:\/\/natussensory.com\/support\/","name":"Service &#038; Support","title":"Service et Assistance","target":""}}]}},{"acf_fc_layout":"related_products","_acfe_flexible_toggle":"","tiles_3_columns_landing":{"module_options":{"":null,"module_id":"n6514af3363d37","module_class":"","module_background_type":"color","module_background_color":"","module_background_image":false,"module_background_video":"","activate_custom_padding":false,"padding_top_desktop":"0","padding_top_tablet":"0","padding_top_mobile":"0","padding_bottom_desktop":"0","padding_bottom_tablet":"0","padding_bottom_mobile":"0","activate_custom_margin":false,"margin_top_desktop":"0","margin_top_tablet":"0","margin_top_mobile":"0","margin_bottom_desktop":"0","margin_bottom_tablet":"0","margin_bottom_mobile":"0","disable_on":[],"content_alignment_desktop":"left","content_alignment_tablet":"left","content_alignment_mobile":"left"},"intro_text":"Produits Connexes","intro_text_color":"#005e63","intro_link":{"type":"post","value":"1518","url":"https:\/\/natussensory.com\/products\/","name":"Products","title":"Voir tous les produits","target":""},"tiles":[{"label":"ALGO 7i","label_background_color":"#154284","image":{"ID":8897,"id":8897,"title":"ALGO-7i_linkspot","filename":"ALGO-7i_linkspot.jpg","filesize":30220,"url":"https:\/\/natussensory.com\/wp-content\/uploads\/ALGO-7i_linkspot.jpg","link":"https:\/\/natussensory.com\/fr\/produits\/algo-7i\/algo-7i_linkspot-2\/","alt":"Algo7i","author":"4","description":"","caption":"","name":"algo-7i_linkspot-2","status":"inherit","uploaded_to":9815,"date":"2023-10-01 14:24:18","modified":"2025-08-06 14:10:09","menu_order":0,"mime_type":"image\/jpeg","type":"image","subtype":"jpeg","icon":"https:\/\/natussensory.com\/wp-includes\/images\/media\/default.png","width":600,"height":300,"sizes":{"thumbnail":"https:\/\/natussensory.com\/wp-content\/uploads\/ALGO-7i_linkspot.jpg","thumbnail-width":128,"thumbnail-height":64,"medium":"https:\/\/natussensory.com\/wp-content\/uploads\/ALGO-7i_linkspot.jpg","medium-width":600,"medium-height":300,"medium_large":"https:\/\/natussensory.com\/wp-content\/uploads\/ALGO-7i_linkspot.jpg","medium_large-width":600,"medium_large-height":300,"large":"https:\/\/natussensory.com\/wp-content\/uploads\/ALGO-7i_linkspot.jpg","large-width":600,"large-height":300,"1536x1536":"https:\/\/natussensory.com\/wp-content\/uploads\/ALGO-7i_linkspot.jpg","1536x1536-width":600,"1536x1536-height":300,"2048x2048":"https:\/\/natussensory.com\/wp-content\/uploads\/ALGO-7i_linkspot.jpg","2048x2048-width":600,"2048x2048-height":300}},"title":"Syst\u00e8me de d\u00e9pistage des troubles auditifs du nouveau-n\u00e9","link":{"type":"post","value":"4205","url":"https:\/\/natussensory.com\/products\/algo-7i\/","name":"ALGO\u00ae 7i Newborn Hearing Screener","title":"En Savoir Plus","target":""}},{"label":"Accuscreen","label_background_color":"#154284","image":{"ID":8887,"id":8887,"title":"Accuscreen_linkspot","filename":"Accuscreen_linkspot.jpg","filesize":34234,"url":"https:\/\/natussensory.com\/wp-content\/uploads\/Accuscreen_linkspot.jpg","link":"https:\/\/natussensory.com\/fr\/produits\/algo-7i\/accuscreen_linkspot-2\/","alt":"Accuscreen","author":"4","description":"","caption":"","name":"accuscreen_linkspot-2","status":"inherit","uploaded_to":9815,"date":"2023-10-01 14:24:14","modified":"2025-08-06 14:23:23","menu_order":0,"mime_type":"image\/jpeg","type":"image","subtype":"jpeg","icon":"https:\/\/natussensory.com\/wp-includes\/images\/media\/default.png","width":600,"height":300,"sizes":{"thumbnail":"https:\/\/natussensory.com\/wp-content\/uploads\/Accuscreen_linkspot.jpg","thumbnail-width":128,"thumbnail-height":64,"medium":"https:\/\/natussensory.com\/wp-content\/uploads\/Accuscreen_linkspot.jpg","medium-width":600,"medium-height":300,"medium_large":"https:\/\/natussensory.com\/wp-content\/uploads\/Accuscreen_linkspot.jpg","medium_large-width":600,"medium_large-height":300,"large":"https:\/\/natussensory.com\/wp-content\/uploads\/Accuscreen_linkspot.jpg","large-width":600,"large-height":300,"1536x1536":"https:\/\/natussensory.com\/wp-content\/uploads\/Accuscreen_linkspot.jpg","1536x1536-width":600,"1536x1536-height":300,"2048x2048":"https:\/\/natussensory.com\/wp-content\/uploads\/Accuscreen_linkspot.jpg","2048x2048-width":600,"2048x2048-height":300}},"title":"D\u00e9pistage OEA et PEAA combin\u00e9, l\u00e9ger et portable","link":{"type":"post","value":"4633","url":"https:\/\/natussensory.com\/products\/madsen-accuscreen\/","name":"Madsen\u00ae Accuscreen\u00ae &#8211; Newborn Hearing Screener","title":"En Savoir Plus","target":""}},{"label":"Bio-logic AuDX","label_background_color":"#154284","image":{"ID":8907,"id":8907,"title":"AuDX_linkspot","filename":"AuDX_linkspot-1.jpg","filesize":34580,"url":"https:\/\/natussensory.com\/wp-content\/uploads\/AuDX_linkspot-1.jpg","link":"https:\/\/natussensory.com\/fr\/produits\/algo-7i\/audx_linkspot-2-2\/","alt":"AuDX","author":"4","description":"","caption":"","name":"audx_linkspot-2-2","status":"inherit","uploaded_to":9815,"date":"2023-10-01 14:24:22","modified":"2025-08-06 14:17:59","menu_order":0,"mime_type":"image\/jpeg","type":"image","subtype":"jpeg","icon":"https:\/\/natussensory.com\/wp-includes\/images\/media\/default.png","width":600,"height":300,"sizes":{"thumbnail":"https:\/\/natussensory.com\/wp-content\/uploads\/AuDX_linkspot-1.jpg","thumbnail-width":128,"thumbnail-height":64,"medium":"https:\/\/natussensory.com\/wp-content\/uploads\/AuDX_linkspot-1.jpg","medium-width":600,"medium-height":300,"medium_large":"https:\/\/natussensory.com\/wp-content\/uploads\/AuDX_linkspot-1.jpg","medium_large-width":600,"medium_large-height":300,"large":"https:\/\/natussensory.com\/wp-content\/uploads\/AuDX_linkspot-1.jpg","large-width":600,"large-height":300,"1536x1536":"https:\/\/natussensory.com\/wp-content\/uploads\/AuDX_linkspot-1.jpg","1536x1536-width":600,"1536x1536-height":300,"2048x2048":"https:\/\/natussensory.com\/wp-content\/uploads\/AuDX_linkspot-1.jpg","2048x2048-width":600,"2048x2048-height":300}},"title":"D\u00e9pisteur auditif OEA","link":{"type":"post","value":"4616","url":"https:\/\/natussensory.com\/products\/audx\/","name":"Bio-logic AuDX &#8211; OAE Hearing Screener","title":"En Savoir Plus","target":""}}]}},{"acf_fc_layout":"contact_form","_acfe_flexible_toggle":"","contact_form_landing":{"module_options":{"":null,"module_id":"contact","module_class":"","module_background_type":"color","module_background_color":"","module_background_image":false,"module_background_video":"","activate_custom_padding":false,"padding_top_desktop":0,"padding_top_tablet":"","padding_top_mobile":"","padding_bottom_desktop":"","padding_bottom_tablet":"","padding_bottom_mobile":"","activate_custom_margin":false,"margin_top_desktop":"","margin_top_tablet":"","margin_top_mobile":"","margin_bottom_desktop":"","margin_bottom_tablet":"","margin_bottom_mobile":"","disable_on":[],"content_alignment_desktop":"left","content_alignment_tablet":"left","content_alignment_mobile":"left"},"":null,"activate_intro":false,"intro_text":"","intro_text_color":"","intro_link":null,"activate_description":true,"description_title":"Contactez-nous","description_copy":"","embed_code":"<script charset=\"utf-8\" type=\"text\/javascript\" src=\"\/\/js.hsforms.net\/forms\/embed\/v2.js\"><\/script>\r\n<script>\r\n  hbspt.forms.create({\r\n    region: \"na1\",\r\n    portalId: \"3002890\",\r\n    formId: \"4c6b2014-b13d-41cb-8898-fd5fceb32032\"\r\n  });\r\n<\/script>"}},{"acf_fc_layout":"simple_content","_acfe_flexible_layout_title":"Part number","_acfe_flexible_toggle":"","content_full_width_landing":{"module_options":{"":null,"module_id":"n6514b3303f2fe","module_class":"","module_background_type":"color","module_background_color":"","module_background_image":false,"module_background_video":"","activate_custom_padding":false,"padding_top_desktop":0,"padding_top_tablet":"","padding_top_mobile":"","padding_bottom_desktop":"","padding_bottom_tablet":"","padding_bottom_mobile":"","activate_custom_margin":false,"margin_top_desktop":"","margin_top_tablet":"","margin_top_mobile":"","margin_bottom_desktop":"","margin_bottom_tablet":"","margin_bottom_mobile":"","disable_on":[],"content_alignment_desktop":"left","content_alignment_tablet":"left","content_alignment_mobile":"left"},"activate_custom_container_width":false,"container_width":"","content":"<p><span style=\"font-size: 11px;\">7-36-3080-FR_00<\/span><\/p>\n"}}]},"_links":{"self":[{"href":"https:\/\/natussensory.com\/fr\/wp-json\/wp\/v2\/pages\/9834","targetHints":{"allow":["GET"]}}],"collection":[{"href":"https:\/\/natussensory.com\/fr\/wp-json\/wp\/v2\/pages"}],"about":[{"href":"https:\/\/natussensory.com\/fr\/wp-json\/wp\/v2\/types\/page"}],"author":[{"embeddable":true,"href":"https:\/\/natussensory.com\/fr\/wp-json\/wp\/v2\/users\/4"}],"replies":[{"embeddable":true,"href":"https:\/\/natussensory.com\/fr\/wp-json\/wp\/v2\/comments?post=9834"}],"version-history":[{"count":8,"href":"https:\/\/natussensory.com\/fr\/wp-json\/wp\/v2\/pages\/9834\/revisions"}],"predecessor-version":[{"id":26831,"href":"https:\/\/natussensory.com\/fr\/wp-json\/wp\/v2\/pages\/9834\/revisions\/26831"}],"up":[{"embeddable":true,"href":"https:\/\/natussensory.com\/fr\/wp-json\/wp\/v2\/pages\/10961"}],"wp:attachment":[{"href":"https:\/\/natussensory.com\/fr\/wp-json\/wp\/v2\/media?parent=9834"}],"wp:term":[{"taxonomy":"category","embeddable":true,"href":"https:\/\/natussensory.com\/fr\/wp-json\/wp\/v2\/categories?post=9834"},{"taxonomy":"post_tag","embeddable":true,"href":"https:\/\/natussensory.com\/fr\/wp-json\/wp\/v2\/tags?post=9834"}],"curies":[{"name":"wp","href":"https:\/\/api.w.org\/{rel}","templated":true}]}}