{"id":9822,"date":"2023-09-15T06:58:05","date_gmt":"2023-09-15T06:58:05","guid":{"rendered":"https:\/\/natussensory.com\/sensory\/algo-5\/"},"modified":"2025-09-04T08:07:04","modified_gmt":"2025-09-04T08:07:04","slug":"algo-5","status":"publish","type":"page","link":"https:\/\/natussensory.com\/fr\/produits\/algo-5\/","title":{"rendered":"ALGO\u00ae 5"},"content":{"rendered":"","protected":false},"excerpt":{"rendered":"","protected":false},"author":4,"featured_media":0,"parent":10961,"menu_order":0,"comment_status":"closed","ping_status":"closed","template":"templates\/page-sensory-solutions-product-landing.php","meta":{"_acf_changed":false,"inline_featured_image":false,"footnotes":""},"categories":[284,294],"tags":[],"class_list":["post-9822","page","type-page","status-publish","hentry","category-depistage-auditif","category-hearing-screening-fr"],"acf":{"content_blocks":[{"acf_fc_layout":"spacer","_acfe_flexible_toggle":"","spacer":{"module_options":{"":null,"module_id":"n6514b035963b6","module_class":"","module_background_type":"color","module_background_color":"#473089","module_background_image":false,"module_background_video":"","activate_custom_padding":false,"padding_top_desktop":"0","padding_top_tablet":"0","padding_top_mobile":"0","padding_bottom_desktop":"0","padding_bottom_tablet":"0","padding_bottom_mobile":"0","activate_custom_margin":false,"margin_top_desktop":"0","margin_top_tablet":"0","margin_top_mobile":"0","margin_bottom_desktop":"0","margin_bottom_tablet":"0","margin_bottom_mobile":"0","disable_on":[],"content_alignment_desktop":"left","content_alignment_tablet":"left","content_alignment_mobile":"left"},"height":"160"}},{"acf_fc_layout":"intro_with_sticky_image","_acfe_flexible_toggle":"","left_content_right_image_sticky":{"module_options":{"":null,"module_id":"n6514b0359d17e","module_class":"","module_background_type":"color","module_background_color":"","module_background_image":false,"module_background_video":"","activate_custom_padding":false,"padding_top_desktop":"0","padding_top_tablet":"0","padding_top_mobile":"0","padding_bottom_desktop":"0","padding_bottom_tablet":"0","padding_bottom_mobile":"0","activate_custom_margin":false,"margin_top_desktop":"0","margin_top_tablet":"0","margin_top_mobile":"0","margin_bottom_desktop":"0","margin_bottom_tablet":"0","margin_bottom_mobile":"0","disable_on":[],"content_alignment_desktop":"left","content_alignment_tablet":"left","content_alignment_mobile":"left"},"":null,"title":"ALGO<sup>\u00ae<\/sup> 5 - Appareil de d\u00e9pistage des troubles auditifs du nouveau-n\u00e9","subheader":"<p>La technologie PEAA<sup>\u00ae<\/sup>\u00a0\u00e0 laquelle vous pouvez faire confiance les yeux ferm\u00e9s<\/p>\n<p>L\u2019appareil de d\u00e9pistage des troubles auditifs du nouveau-n\u00e9 ALGO\u00a05 est muni de la technologie PEAA exclusive de Natus pour permettre un d\u00e9pistage physiologique complet du circuit auditif de l\u2019oreille au tronc c\u00e9r\u00e9bral.<\/p>\n<p>ALGO est synonyme de qualit\u00e9 et de pr\u00e9cision. Il est l\u2019instrument de choix depuis plus de 35 ans et a d\u00e9j\u00e0 servi \u00e0 tester plus de 40 millions de b\u00e9b\u00e9s dans le monde entier.<\/p>\n<p>&nbsp;<\/p>\n<p><span style=\"font-size: 11px;\">Les produits peuvent ne pas \u00eatre disponibles dans tous les pays. Contactez Natus pour obtenir des informations sp\u00e9cifiques \u00e0 votre pays.<\/span><\/p>\n","icons":false,"quick_navigation":[{"quick_link":{"type":"url","value":"#contact","url":"#contact","name":"#contact","title":"Demander un devis","target":""}},{"quick_link":{"type":"url","value":"#info","url":"#info","name":"#info","title":"Explorer plus de d\u00e9tails","target":""}}],"description":"","message_label":" ","message_title":"Vous recherchez un service de produit ou une assistance technique ?","message_link":{"type":"post","value":"883","url":"https:\/\/natussensory.com\/support\/","name":"Service &#038; Support","title":" Service et Assistance","target":""},"right_sticky_image":{"ID":4608,"id":4608,"title":"Algo5_product_thumbnail","filename":"Algo5_product_thumbnail.jpg","filesize":115049,"url":"https:\/\/natussensory.com\/wp-content\/uploads\/Algo5_product_thumbnail.jpg","link":"https:\/\/natussensory.com\/fr\/produits\/algo-5\/algo5_product_thumbnail-2\/","alt":"ALGO 5 Newborn Hearing Screener with integrated touchscreen for automated auditory brainstem response testing.","author":"4","description":"","caption":"","name":"algo5_product_thumbnail-2","status":"inherit","uploaded_to":9822,"date":"2023-09-15 07:30:53","modified":"2025-05-20 11:52:08","menu_order":0,"mime_type":"image\/jpeg","type":"image","subtype":"jpeg","icon":"https:\/\/natussensory.com\/wp-includes\/images\/media\/default.png","width":500,"height":850,"sizes":{"thumbnail":"https:\/\/natussensory.com\/wp-content\/uploads\/Algo5_product_thumbnail.jpg","thumbnail-width":56,"thumbnail-height":96,"medium":"https:\/\/natussensory.com\/wp-content\/uploads\/Algo5_product_thumbnail.jpg","medium-width":500,"medium-height":850,"medium_large":"https:\/\/natussensory.com\/wp-content\/uploads\/Algo5_product_thumbnail.jpg","medium_large-width":500,"medium_large-height":850,"large":"https:\/\/natussensory.com\/wp-content\/uploads\/Algo5_product_thumbnail.jpg","large-width":500,"large-height":850,"1536x1536":"https:\/\/natussensory.com\/wp-content\/uploads\/Algo5_product_thumbnail.jpg","1536x1536-width":500,"1536x1536-height":850,"2048x2048":"https:\/\/natussensory.com\/wp-content\/uploads\/Algo5_product_thumbnail.jpg","2048x2048-width":500,"2048x2048-height":850}}}},{"acf_fc_layout":"simple_content","_acfe_flexible_toggle":"","content_full_width_landing":{"module_options":{"":null,"module_id":"n6514b035a80f6","module_class":"","module_background_type":"color","module_background_color":"","module_background_image":false,"module_background_video":"","activate_custom_padding":false,"padding_top_desktop":"0","padding_top_tablet":"0","padding_top_mobile":"0","padding_bottom_desktop":"0","padding_bottom_tablet":"0","padding_bottom_mobile":"0","activate_custom_margin":false,"margin_top_desktop":"0","margin_top_tablet":"0","margin_top_mobile":"0","margin_bottom_desktop":"0","margin_bottom_tablet":"0","margin_bottom_mobile":"0","disable_on":[],"content_alignment_desktop":"left","content_alignment_tablet":"left","content_alignment_mobile":"left"},"activate_custom_container_width":false,"container_width":"","content":"<h2>Un nouveau standard industriel est n\u00e9<\/h2>\n<h4>La r\u00e9f\u00e9rence absolue en mati\u00e8re de tests auditifs<\/h4>\n<p>Des param\u00e8tre de test pr\u00e9-r\u00e9gl\u00e9s permettent d\u2019assurer l\u2019homog\u00e9n\u00e9it\u00e9 et l&rsquo;exactitude de tous les tests.\u00a0La technologie ALGO PEAA exclusive de Natus a prouv\u00e9 cliniquement avoir une sensibilit\u00e9 et une sp\u00e9cificit\u00e9 sup\u00e9rieures dans les tests auditifs du nouveau-n\u00e9.<\/p>\n<p>&nbsp;<\/p>\n<h4>Tests auditifs enti\u00e8rement automatis\u00e9s<\/h4>\n<p>Tous les r\u00e9sultats se basent sur les m\u00eames crit\u00e8res, ce qui \u00e9limine tout besoin d\u2019interpr\u00e9tation. Le score R\u00e9ussi\/\u00c0 re-tester se g\u00e9n\u00e8re automatiquement.<\/p>\n<p>&nbsp;<\/p>\n<h4>Une technologie intelligente de d\u00e9pistage des troubles auditifs<\/h4>\n<p>Avec le syst\u00e8me ALGO, vous avez entre les mains la meilleure technologie en mati\u00e8re de d\u00e9pistage des troubles auditifs du nouveau-n\u00e9, assortie d\u2019un support technique de\u00a0premier rang. La d\u00e9tection statistique binomiale exclusive utilise un algorithme de comparaison \u00e0 un mod\u00e8le bas\u00e9 sur les r\u00e9ponses PEA d\u2019un nourrisson normal.<\/p>\n<p>&nbsp;<\/p>\n<p>&nbsp;<\/p>\n<h4>Avantages des fonctionnalit\u00e9s ALGO 5\u00a0:<\/h4>\n<ul>\n<li>La gestion des donn\u00e9es sur l\u2019appareil lui-m\u00eame comprend des rapports statistiques, des mod\u00e8les de lettres pr\u00e9-format\u00e9es, des rapports multi-patients et la possibilit\u00e9 d\u2019exporter les donn\u00e9es sous des formats de fichiers\u00a0multiples<\/li>\n<li>Interface graphique conviviale avec \u00e9cran tactile int\u00e9gr\u00e9<\/li>\n<li>Tutoriel vid\u00e9o sur l\u2019\u00e9cran avec conseils utiles pour r\u00e9ussir votre test de d\u00e9pistage<\/li>\n<li>Compatibilit\u00e9 avec les r\u00e9seaux<\/li>\n<li>Options d\u2019imprimante et d\u2019imprimante d\u2019\u00e9tiquettes<\/li>\n<li>Le logiciel de gestion des donn\u00e9es audble<sup>\u00ae<\/sup>\u00a0g\u00e9n\u00e8re des rapports patients et des statistiques de votre programme de d\u00e9pistage des troubles auditifs \u00e0 l\u2019\u00e9chelle du centre de soins<\/li>\n<\/ul>\n"}},{"acf_fc_layout":"related_products","_acfe_flexible_layout_title":"Resources and Support","_acfe_flexible_toggle":"","tiles_3_columns_landing":{"module_options":{"":null,"module_id":"info","module_class":"","module_background_type":"color","module_background_color":"","module_background_image":false,"module_background_video":"","activate_custom_padding":false,"padding_top_desktop":0,"padding_top_tablet":"","padding_top_mobile":"","padding_bottom_desktop":"","padding_bottom_tablet":"","padding_bottom_mobile":"","activate_custom_margin":false,"margin_top_desktop":"","margin_top_tablet":"","margin_top_mobile":"","margin_bottom_desktop":"","margin_bottom_tablet":"","margin_bottom_mobile":"","disable_on":[],"content_alignment_desktop":"left","content_alignment_tablet":"left","content_alignment_mobile":"left"},"intro_text":"Ressources et Assistance","intro_text_color":"","intro_link":null,"tiles":[{"label":"Ressources","label_background_color":"#154284","image":false,"title":"Brochure, fiche technique et plus","link":{"type":"url","value":"https:\/\/natus.bynder.com\/web\/39f72690d986acf\/resource-library-algo-5\/","url":"https:\/\/natus.bynder.com\/web\/39f72690d986acf\/resource-library-algo-5\/","name":"https:\/\/natus.bynder.com\/web\/39f72690d986acf\/resource-library-algo-5\/","title":"ALGO 5 Ressources","target":"_blank"}},{"label":"Assistance","label_background_color":"#154284","image":false,"title":"Guide d'utilisation (eIFUs)","link":{"type":"post","value":"883","url":"https:\/\/natussensory.com\/support\/","name":"Service &#038; Support","title":"Service et Assistance","target":""}}]}},{"acf_fc_layout":"related_products","_acfe_flexible_toggle":"","tiles_3_columns_landing":{"module_options":{"":null,"module_id":"n6514af3363d37","module_class":"","module_background_type":"color","module_background_color":"","module_background_image":false,"module_background_video":"","activate_custom_padding":false,"padding_top_desktop":0,"padding_top_tablet":"","padding_top_mobile":"","padding_bottom_desktop":"","padding_bottom_tablet":"","padding_bottom_mobile":"","activate_custom_margin":false,"margin_top_desktop":"","margin_top_tablet":"","margin_top_mobile":"","margin_bottom_desktop":"","margin_bottom_tablet":"","margin_bottom_mobile":"","disable_on":[],"content_alignment_desktop":"left","content_alignment_tablet":"left","content_alignment_mobile":"left"},"intro_text":"Produits Connexes","intro_text_color":"#005e63","intro_link":{"type":"post","value":"1518","url":"https:\/\/natussensory.com\/products\/","name":"Products","title":"Voir tous les produits","target":""},"tiles":[{"label":"ALGO 7i","label_background_color":"#154284","image":{"ID":8897,"id":8897,"title":"ALGO-7i_linkspot","filename":"ALGO-7i_linkspot.jpg","filesize":30220,"url":"https:\/\/natussensory.com\/wp-content\/uploads\/ALGO-7i_linkspot.jpg","link":"https:\/\/natussensory.com\/fr\/produits\/algo-7i\/algo-7i_linkspot-2\/","alt":"Algo7i","author":"4","description":"","caption":"","name":"algo-7i_linkspot-2","status":"inherit","uploaded_to":9815,"date":"2023-10-01 14:24:18","modified":"2025-08-06 14:10:09","menu_order":0,"mime_type":"image\/jpeg","type":"image","subtype":"jpeg","icon":"https:\/\/natussensory.com\/wp-includes\/images\/media\/default.png","width":600,"height":300,"sizes":{"thumbnail":"https:\/\/natussensory.com\/wp-content\/uploads\/ALGO-7i_linkspot.jpg","thumbnail-width":128,"thumbnail-height":64,"medium":"https:\/\/natussensory.com\/wp-content\/uploads\/ALGO-7i_linkspot.jpg","medium-width":600,"medium-height":300,"medium_large":"https:\/\/natussensory.com\/wp-content\/uploads\/ALGO-7i_linkspot.jpg","medium_large-width":600,"medium_large-height":300,"large":"https:\/\/natussensory.com\/wp-content\/uploads\/ALGO-7i_linkspot.jpg","large-width":600,"large-height":300,"1536x1536":"https:\/\/natussensory.com\/wp-content\/uploads\/ALGO-7i_linkspot.jpg","1536x1536-width":600,"1536x1536-height":300,"2048x2048":"https:\/\/natussensory.com\/wp-content\/uploads\/ALGO-7i_linkspot.jpg","2048x2048-width":600,"2048x2048-height":300}},"title":"Syst\u00e8me de d\u00e9pistage des troubles auditifs du nouveau-n\u00e9","link":{"type":"post","value":"4205","url":"https:\/\/natussensory.com\/products\/algo-7i\/","name":"ALGO\u00ae 7i Newborn Hearing Screener","title":"En Savoir Plus","target":""}},{"label":"ALGO Supplies","label_background_color":"#154284","image":{"ID":11504,"id":11504,"title":"Algo-Supplies_linkspot","filename":"Algo-Supplies_linkspot.jpg","filesize":55147,"url":"https:\/\/natussensory.com\/wp-content\/uploads\/Algo-Supplies_linkspot.jpg","link":"https:\/\/natussensory.com\/fr\/produits\/algo-5\/algo-supplies_linkspot-2\/","alt":"Algo-Supplies","author":"4","description":"","caption":"","name":"algo-supplies_linkspot-2","status":"inherit","uploaded_to":9822,"date":"2023-10-05 08:54:51","modified":"2025-08-06 14:13:33","menu_order":0,"mime_type":"image\/jpeg","type":"image","subtype":"jpeg","icon":"https:\/\/natussensory.com\/wp-includes\/images\/media\/default.png","width":600,"height":300,"sizes":{"thumbnail":"https:\/\/natussensory.com\/wp-content\/uploads\/Algo-Supplies_linkspot.jpg","thumbnail-width":128,"thumbnail-height":64,"medium":"https:\/\/natussensory.com\/wp-content\/uploads\/Algo-Supplies_linkspot.jpg","medium-width":600,"medium-height":300,"medium_large":"https:\/\/natussensory.com\/wp-content\/uploads\/Algo-Supplies_linkspot.jpg","medium_large-width":600,"medium_large-height":300,"large":"https:\/\/natussensory.com\/wp-content\/uploads\/Algo-Supplies_linkspot.jpg","large-width":600,"large-height":300,"1536x1536":"https:\/\/natussensory.com\/wp-content\/uploads\/Algo-Supplies_linkspot.jpg","1536x1536-width":600,"1536x1536-height":300,"2048x2048":"https:\/\/natussensory.com\/wp-content\/uploads\/Algo-Supplies_linkspot.jpg","2048x2048-width":600,"2048x2048-height":300}},"title":"Les oreillettes Flexicoupler\u00ae et les capteurs Jelly Tab\u00ae ","link":{"type":"post","value":"11516","url":"https:\/\/natussensory.com\/fr\/produits\/algo-supplies\/","name":"Consommables ALGO\u00ae d\u00e9pistage auditif","title":"En Savoir Plus","target":""}},{"label":"Accuscreen","label_background_color":"#154284","image":{"ID":8887,"id":8887,"title":"Accuscreen_linkspot","filename":"Accuscreen_linkspot.jpg","filesize":34234,"url":"https:\/\/natussensory.com\/wp-content\/uploads\/Accuscreen_linkspot.jpg","link":"https:\/\/natussensory.com\/fr\/produits\/algo-7i\/accuscreen_linkspot-2\/","alt":"Accuscreen","author":"4","description":"","caption":"","name":"accuscreen_linkspot-2","status":"inherit","uploaded_to":9815,"date":"2023-10-01 14:24:14","modified":"2025-08-06 14:23:23","menu_order":0,"mime_type":"image\/jpeg","type":"image","subtype":"jpeg","icon":"https:\/\/natussensory.com\/wp-includes\/images\/media\/default.png","width":600,"height":300,"sizes":{"thumbnail":"https:\/\/natussensory.com\/wp-content\/uploads\/Accuscreen_linkspot.jpg","thumbnail-width":128,"thumbnail-height":64,"medium":"https:\/\/natussensory.com\/wp-content\/uploads\/Accuscreen_linkspot.jpg","medium-width":600,"medium-height":300,"medium_large":"https:\/\/natussensory.com\/wp-content\/uploads\/Accuscreen_linkspot.jpg","medium_large-width":600,"medium_large-height":300,"large":"https:\/\/natussensory.com\/wp-content\/uploads\/Accuscreen_linkspot.jpg","large-width":600,"large-height":300,"1536x1536":"https:\/\/natussensory.com\/wp-content\/uploads\/Accuscreen_linkspot.jpg","1536x1536-width":600,"1536x1536-height":300,"2048x2048":"https:\/\/natussensory.com\/wp-content\/uploads\/Accuscreen_linkspot.jpg","2048x2048-width":600,"2048x2048-height":300}},"title":"D\u00e9pistage OEA et PEAA combin\u00e9, l\u00e9ger et portable","link":{"type":"post","value":"4633","url":"https:\/\/natussensory.com\/products\/madsen-accuscreen\/","name":"Madsen\u00ae Accuscreen\u00ae &#8211; Newborn Hearing Screener","title":"En Savoir Plus","target":""}}]}},{"acf_fc_layout":"contact_form","_acfe_flexible_toggle":"","contact_form_landing":{"module_options":{"":null,"module_id":"contact","module_class":"","module_background_type":"color","module_background_color":"","module_background_image":false,"module_background_video":"","activate_custom_padding":false,"padding_top_desktop":0,"padding_top_tablet":"","padding_top_mobile":"","padding_bottom_desktop":"","padding_bottom_tablet":"","padding_bottom_mobile":"","activate_custom_margin":false,"margin_top_desktop":"","margin_top_tablet":"","margin_top_mobile":"","margin_bottom_desktop":"","margin_bottom_tablet":"","margin_bottom_mobile":"","disable_on":[],"content_alignment_desktop":"left","content_alignment_tablet":"left","content_alignment_mobile":"left"},"":null,"activate_intro":false,"intro_text":"","intro_text_color":"","intro_link":null,"activate_description":true,"description_title":"Contactez-nous","description_copy":"","embed_code":"<script charset=\"utf-8\" type=\"text\/javascript\" src=\"\/\/js.hsforms.net\/forms\/embed\/v2.js\"><\/script>\r\n<script>\r\n  hbspt.forms.create({\r\n    region: \"na1\",\r\n    portalId: \"3002890\",\r\n    formId: \"4c6b2014-b13d-41cb-8898-fd5fceb32032\"\r\n  });\r\n<\/script>"}},{"acf_fc_layout":"simple_content","_acfe_flexible_layout_title":"Part number","_acfe_flexible_toggle":"","content_full_width_landing":{"module_options":{"":null,"module_id":"n6514b035d2ce9","module_class":"","module_background_type":"color","module_background_color":"","module_background_image":false,"module_background_video":"","activate_custom_padding":false,"padding_top_desktop":0,"padding_top_tablet":"","padding_top_mobile":"","padding_bottom_desktop":"","padding_bottom_tablet":"","padding_bottom_mobile":"","activate_custom_margin":false,"margin_top_desktop":"","margin_top_tablet":"","margin_top_mobile":"","margin_bottom_desktop":"","margin_bottom_tablet":"","margin_bottom_mobile":"","disable_on":[],"content_alignment_desktop":"left","content_alignment_tablet":"left","content_alignment_mobile":"left"},"activate_custom_container_width":false,"container_width":"","content":"<p><span style=\"font-size: 11px;\">003939 RevF<\/span><\/p>\n"}}]},"_links":{"self":[{"href":"https:\/\/natussensory.com\/fr\/wp-json\/wp\/v2\/pages\/9822","targetHints":{"allow":["GET"]}}],"collection":[{"href":"https:\/\/natussensory.com\/fr\/wp-json\/wp\/v2\/pages"}],"about":[{"href":"https:\/\/natussensory.com\/fr\/wp-json\/wp\/v2\/types\/page"}],"author":[{"embeddable":true,"href":"https:\/\/natussensory.com\/fr\/wp-json\/wp\/v2\/users\/4"}],"replies":[{"embeddable":true,"href":"https:\/\/natussensory.com\/fr\/wp-json\/wp\/v2\/comments?post=9822"}],"version-history":[{"count":8,"href":"https:\/\/natussensory.com\/fr\/wp-json\/wp\/v2\/pages\/9822\/revisions"}],"predecessor-version":[{"id":26823,"href":"https:\/\/natussensory.com\/fr\/wp-json\/wp\/v2\/pages\/9822\/revisions\/26823"}],"up":[{"embeddable":true,"href":"https:\/\/natussensory.com\/fr\/wp-json\/wp\/v2\/pages\/10961"}],"wp:attachment":[{"href":"https:\/\/natussensory.com\/fr\/wp-json\/wp\/v2\/media?parent=9822"}],"wp:term":[{"taxonomy":"category","embeddable":true,"href":"https:\/\/natussensory.com\/fr\/wp-json\/wp\/v2\/categories?post=9822"},{"taxonomy":"post_tag","embeddable":true,"href":"https:\/\/natussensory.com\/fr\/wp-json\/wp\/v2\/tags?post=9822"}],"curies":[{"name":"wp","href":"https:\/\/api.w.org\/{rel}","templated":true}]}}