{"id":9815,"date":"2023-09-15T06:26:44","date_gmt":"2023-09-15T06:26:44","guid":{"rendered":"https:\/\/natussensory.com\/sensory\/algo-7i\/"},"modified":"2025-10-22T10:56:48","modified_gmt":"2025-10-22T10:56:48","slug":"algo-7i","status":"publish","type":"page","link":"https:\/\/natussensory.com\/fr\/produits\/algo-7i\/","title":{"rendered":"ALGO\u00ae 7i D\u00e9pistage Auditif N\u00e9onatal"},"content":{"rendered":"","protected":false},"excerpt":{"rendered":"","protected":false},"author":4,"featured_media":0,"parent":10961,"menu_order":0,"comment_status":"closed","ping_status":"closed","template":"templates\/page-sensory-solutions-product-landing.php","meta":{"_acf_changed":false,"inline_featured_image":false,"footnotes":""},"categories":[284,294],"tags":[],"class_list":["post-9815","page","type-page","status-publish","hentry","category-depistage-auditif","category-hearing-screening-fr"],"acf":{"content_blocks":[{"acf_fc_layout":"spacer","_acfe_flexible_toggle":"","spacer":{"module_options":{"":null,"module_id":"n6514af331e957","module_class":"","module_background_type":"color","module_background_color":"#473089","module_background_image":false,"module_background_video":"","activate_custom_padding":false,"padding_top_desktop":"0","padding_top_tablet":"0","padding_top_mobile":"0","padding_bottom_desktop":"0","padding_bottom_tablet":"0","padding_bottom_mobile":"0","activate_custom_margin":false,"margin_top_desktop":"0","margin_top_tablet":"0","margin_top_mobile":"0","margin_bottom_desktop":"0","margin_bottom_tablet":"0","margin_bottom_mobile":"0","disable_on":[],"content_alignment_desktop":"left","content_alignment_tablet":"left","content_alignment_mobile":"left"},"height":"160"}},{"acf_fc_layout":"intro_with_sticky_image","_acfe_flexible_toggle":"","left_content_right_image_sticky":{"module_options":{"":null,"module_id":"n6514af3325a7a","module_class":"","module_background_type":"color","module_background_color":"","module_background_image":false,"module_background_video":"","activate_custom_padding":false,"padding_top_desktop":"0","padding_top_tablet":"0","padding_top_mobile":"0","padding_bottom_desktop":"0","padding_bottom_tablet":"0","padding_bottom_mobile":"0","activate_custom_margin":false,"margin_top_desktop":"0","margin_top_tablet":"0","margin_top_mobile":"0","margin_bottom_desktop":"0","margin_bottom_tablet":"0","margin_bottom_mobile":"0","disable_on":[],"content_alignment_desktop":"left","content_alignment_tablet":"left","content_alignment_mobile":"left"},"":null,"title":"Syst\u00e8me de d\u00e9pistage des troubles auditifs du nouveau-n\u00e9 ALGO<sup>\u00ae<\/sup> 7i","subheader":"<p>ALGO 7i s\u2019inscrit dans la longue tradition de Natus consistant \u00e0 faire progresser la qualit\u00e9 des soins. En combinant une performance de pointe \u00e0 une convivialit\u00e9 am\u00e9lior\u00e9e, Natus fait passer les tests de potentiels \u00e9voqu\u00e9s auditifs PEAA (Potentiels Evoqu\u00e9s Auditifs Automatiques)au niveau sup\u00e9rieur. Fiable cliniquement, son lecteur est facile \u00e0 utiliser et met entre vos mains un workflow intelligent.<\/p>\n<p>&nbsp;<\/p>\n<p>Le d\u00e9pistage des troubles auditifs du nouveau-n\u00e9 est un examen de routine partout dans le monde. Les troubles auditifs cong\u00e9nitaux \u00e9tant invisibles, le d\u00e9pistage des troubles chez le nouveau-n\u00e9 combin\u00e9 \u00e0 la mesure des PEAA sont essentiels pour d\u00e9pister au plus t\u00f4t les troubles et pour pr\u00e9venir les pertes auditives.<\/p>\n","icons":false,"quick_navigation":[{"quick_link":{"type":"url","value":"#contact","url":"#contact","name":"#contact","title":"Demander un devis","target":""}},{"quick_link":{"type":"url","value":"#info","url":"#info","name":"#info","title":"Explorer plus de d\u00e9tails","target":""}}],"description":"","message_label":" ","message_title":"Vous recherchez un service de produit ou une assistance technique ?","message_link":{"type":"post","value":"883","url":"https:\/\/natussensory.com\/support\/","name":"Service &#038; Support","title":" Service et Assistance","target":""},"right_sticky_image":{"ID":4575,"id":4575,"title":"Algo7i_product_thumbnail","filename":"Algo7i_product-thumbnail.png","filesize":93225,"url":"https:\/\/natussensory.com\/wp-content\/uploads\/Algo7i_product-thumbnail.png","link":"https:\/\/natussensory.com\/fr\/produits\/algo-7i\/algo7i_product_thumbnail-2\/","alt":"ALGO 7i Infant Hearing Screening Device featuring Automated Auditory Brainstem Response (AABR) technology for newborn hearing assessments.","author":"4","description":"","caption":"","name":"algo7i_product_thumbnail-2","status":"inherit","uploaded_to":9815,"date":"2023-09-15 06:28:03","modified":"2025-05-20 12:07:24","menu_order":0,"mime_type":"image\/jpeg","type":"image","subtype":"jpeg","icon":"https:\/\/natussensory.com\/wp-includes\/images\/media\/default.png","width":500,"height":602,"sizes":{"thumbnail":"https:\/\/natussensory.com\/wp-content\/uploads\/Algo7i_product-thumbnail.png","thumbnail-width":80,"thumbnail-height":96,"medium":"https:\/\/natussensory.com\/wp-content\/uploads\/Algo7i_product-thumbnail.png","medium-width":500,"medium-height":602,"medium_large":"https:\/\/natussensory.com\/wp-content\/uploads\/Algo7i_product-thumbnail.png","medium_large-width":500,"medium_large-height":602,"large":"https:\/\/natussensory.com\/wp-content\/uploads\/Algo7i_product-thumbnail.png","large-width":500,"large-height":602,"1536x1536":"https:\/\/natussensory.com\/wp-content\/uploads\/Algo7i_product-thumbnail.png","1536x1536-width":500,"1536x1536-height":602,"2048x2048":"https:\/\/natussensory.com\/wp-content\/uploads\/Algo7i_product-thumbnail.png","2048x2048-width":500,"2048x2048-height":602}}}},{"acf_fc_layout":"simple_content","_acfe_flexible_toggle":"","content_full_width_landing":{"module_options":{"":null,"module_id":"n64bd7717af7ca","module_class":"","module_background_type":"color","module_background_color":"#f1f1f1","module_background_image":false,"module_background_video":"","activate_custom_padding":false,"padding_top_desktop":"0","padding_top_tablet":"0","padding_top_mobile":"0","padding_bottom_desktop":"0","padding_bottom_tablet":"0","padding_bottom_mobile":"0","activate_custom_margin":false,"margin_top_desktop":"0","margin_top_tablet":"0","margin_top_mobile":"0","margin_bottom_desktop":"0","margin_bottom_tablet":"0","margin_bottom_mobile":"0","disable_on":[],"content_alignment_desktop":"left","content_alignment_tablet":"left","content_alignment_mobile":"left"},"activate_custom_container_width":false,"container_width":"","content":"<h2>Ce qu&rsquo;il y a de mieux s\u2019est encore am\u00e9lior\u00e9<\/h2>\n<p><img loading=\"lazy\" decoding=\"async\" class=\"aligncenter size-full wp-image-4579\" src=\"https:\/\/natussensory.com\/wp-content\/uploads\/Algo7i_banner.jpg\" alt=\"\" width=\"1300\" height=\"600\" srcset=\"https:\/\/natussensory.com\/wp-content\/uploads\/Algo7i_banner.jpg 1300w, https:\/\/natussensory.com\/wp-content\/uploads\/Algo7i_banner-768x354.jpg 768w\" sizes=\"auto, (max-width: 1300px) 100vw, 1300px\" \/><\/p>\n<p>&nbsp;<\/p>\n"}},{"acf_fc_layout":"product_details_right_image_and_left_content","_acfe_flexible_toggle":"","right_image_left_content_single_cta_landing":{"module_options":{"":null,"module_id":"n6514af333bdfe","module_class":"","module_background_type":"color","module_background_color":"","module_background_image":false,"module_background_video":"","activate_custom_padding":false,"padding_top_desktop":0,"padding_top_tablet":"","padding_top_mobile":"","padding_bottom_desktop":"","padding_bottom_tablet":"","padding_bottom_mobile":"","activate_custom_margin":false,"margin_top_desktop":"","margin_top_tablet":"","margin_top_mobile":"","margin_bottom_desktop":"","margin_bottom_tablet":"","margin_bottom_mobile":"","disable_on":[],"content_alignment_desktop":"left","content_alignment_tablet":"left","content_alignment_mobile":"left"},"":null,"label":"","title":"Des preuves cliniques \u00e9tablies - La r\u00e9f\u00e9rence technologique absolue ALGO PEAA \u00e0 laquelle vous faites confiance","description":"<p>ALGO 7i repose sur ALGO PEAA, la technologie \u00e9prouv\u00e9e en mati\u00e8re de d\u00e9pistage des troubles auditifs du nouveau-n\u00e9 reconnue pour sa pr\u00e9cision et sa sp\u00e9cificit\u00e9. Reconnue depuis plus de 30 ans, avec le soutien inconditionnel de nombreuses publications revues par des pairs pr\u00e9sentant les donn\u00e9es cliniques, ALGO PEAA a d\u00e9j\u00e0 servi \u00e0 \u00e9valuer plus de 40 millions de nouveau-n\u00e9s dans le monde entier.<\/p>\n","link":null,"image":{"ID":4601,"id":4601,"title":"Algo7i_product-screen_spot","filename":"Algo7i_product-screen_spot.jpg","filesize":289617,"url":"https:\/\/natussensory.com\/wp-content\/uploads\/Algo7i_product-screen_spot.jpg","link":"https:\/\/natussensory.com\/fr\/produits\/algo-7i\/algo7i_product-screen_spot-2\/","alt":"Close-up of ALGO 7i screen showing AABR results during infant hearing screening.","author":"4","description":"","caption":"","name":"algo7i_product-screen_spot-2","status":"inherit","uploaded_to":9815,"date":"2023-09-15 06:49:38","modified":"2025-05-22 08:10:15","menu_order":0,"mime_type":"image\/jpeg","type":"image","subtype":"jpeg","icon":"https:\/\/natussensory.com\/wp-includes\/images\/media\/default.png","width":800,"height":450,"sizes":{"thumbnail":"https:\/\/natussensory.com\/wp-content\/uploads\/Algo7i_product-screen_spot.jpg","thumbnail-width":128,"thumbnail-height":72,"medium":"https:\/\/natussensory.com\/wp-content\/uploads\/Algo7i_product-screen_spot.jpg","medium-width":800,"medium-height":450,"medium_large":"https:\/\/natussensory.com\/wp-content\/uploads\/Algo7i_product-screen_spot-768x432.jpg","medium_large-width":768,"medium_large-height":432,"large":"https:\/\/natussensory.com\/wp-content\/uploads\/Algo7i_product-screen_spot.jpg","large-width":800,"large-height":450,"1536x1536":"https:\/\/natussensory.com\/wp-content\/uploads\/Algo7i_product-screen_spot.jpg","1536x1536-width":800,"1536x1536-height":450,"2048x2048":"https:\/\/natussensory.com\/wp-content\/uploads\/Algo7i_product-screen_spot.jpg","2048x2048-width":800,"2048x2048-height":450}}}},{"acf_fc_layout":"product_details_left_image_and_right_content","_acfe_flexible_toggle":"","left_image_right_content_single_cta_landing":{"module_options":{"":null,"module_id":"n6514af334433d","module_class":"","module_background_type":"color","module_background_color":"","module_background_image":false,"module_background_video":"","activate_custom_padding":false,"padding_top_desktop":0,"padding_top_tablet":"","padding_top_mobile":"","padding_bottom_desktop":"","padding_bottom_tablet":"","padding_bottom_mobile":"","activate_custom_margin":false,"margin_top_desktop":"","margin_top_tablet":"","margin_top_mobile":"","margin_bottom_desktop":"","margin_bottom_tablet":"","margin_bottom_mobile":"","disable_on":[],"content_alignment_desktop":"left","content_alignment_tablet":"left","content_alignment_mobile":"left"},"image":{"ID":4596,"id":4596,"title":"Algo7i_product_spot","filename":"Algo7i_product_spot.jpg","filesize":274902,"url":"https:\/\/natussensory.com\/wp-content\/uploads\/Algo7i_product_spot.jpg","link":"https:\/\/natussensory.com\/fr\/produits\/algo-7i\/algo7i_product_spot-2\/","alt":"Clinician performing AABR test on a newborn using the ALGO 7i Newborn Hearing Screener.","author":"4","description":"","caption":"","name":"algo7i_product_spot-2","status":"inherit","uploaded_to":9815,"date":"2023-09-15 06:49:35","modified":"2025-05-20 12:11:15","menu_order":0,"mime_type":"image\/jpeg","type":"image","subtype":"jpeg","icon":"https:\/\/natussensory.com\/wp-includes\/images\/media\/default.png","width":800,"height":450,"sizes":{"thumbnail":"https:\/\/natussensory.com\/wp-content\/uploads\/Algo7i_product_spot.jpg","thumbnail-width":128,"thumbnail-height":72,"medium":"https:\/\/natussensory.com\/wp-content\/uploads\/Algo7i_product_spot.jpg","medium-width":800,"medium-height":450,"medium_large":"https:\/\/natussensory.com\/wp-content\/uploads\/Algo7i_product_spot-768x432.jpg","medium_large-width":768,"medium_large-height":432,"large":"https:\/\/natussensory.com\/wp-content\/uploads\/Algo7i_product_spot.jpg","large-width":800,"large-height":450,"1536x1536":"https:\/\/natussensory.com\/wp-content\/uploads\/Algo7i_product_spot.jpg","1536x1536-width":800,"1536x1536-height":450,"2048x2048":"https:\/\/natussensory.com\/wp-content\/uploads\/Algo7i_product_spot.jpg","2048x2048-width":800,"2048x2048-height":450}},"label":"","title":"Simple \u00e0 utiliser - C\u2019est vous qui contr\u00f4lez le d\u00e9pistage","description":"<p>Con\u00e7u pour tenir dans la main du clinicien avec des adaptateurs optionnels pour pouvoir se fixer sur un berceau ou un chariot, le lecteur ALGO 7i s\u2019adapte \u00e0 tous les environnements d\u2019examen. Les param\u00e8tres de test pr\u00e9-configur\u00e9s et les \u00e9tapes d&rsquo;examen ultra-simples permettent d\u2019obtenir des r\u00e9sultats stables et objectifs qui ne n\u00e9cessitent aucune interpr\u00e9tation.<\/p>\n","link":null}},{"acf_fc_layout":"product_details_right_image_and_left_content","_acfe_flexible_toggle":"","right_image_left_content_single_cta_landing":{"module_options":{"":null,"module_id":"n6514af334e86f","module_class":"","module_background_type":"color","module_background_color":"","module_background_image":false,"module_background_video":"","activate_custom_padding":false,"padding_top_desktop":0,"padding_top_tablet":"","padding_top_mobile":"","padding_bottom_desktop":"","padding_bottom_tablet":"","padding_bottom_mobile":"","activate_custom_margin":false,"margin_top_desktop":"","margin_top_tablet":"","margin_top_mobile":"","margin_bottom_desktop":"","margin_bottom_tablet":"","margin_bottom_mobile":"","disable_on":[],"content_alignment_desktop":"left","content_alignment_tablet":"left","content_alignment_mobile":"left"},"":null,"label":"","title":"Un workflow intelligent - Des directives claires et une gestion intelligente du programme","description":"<p>L\u2019interface \u00e0 ic\u00f4nes guide les utilisateurs intuitivement d\u2019une \u00e9tape \u00e0 une autre de l\u2019examen. Gr\u00e2ce au transfert des donn\u00e9es bidirectionnel entre le patient, l\u2019utilisateur et le lecteur, vous avez \u00e0 port\u00e9e de main toutes les donn\u00e9es dont vous avez besoin. Avec sa technologie de pointe, le logiciel permet une int\u00e9gration facile au workflow des examens de d\u00e9pistage des troubles auditifs existants.<\/p>\n","link":null,"image":{"ID":4591,"id":4591,"title":"Algo7i_software_spot","filename":"Algo7i_software_spot.jpg","filesize":290633,"url":"https:\/\/natussensory.com\/wp-content\/uploads\/Algo7i_software_spot.jpg","link":"https:\/\/natussensory.com\/fr\/produits\/algo-7i\/algo7i_software_spot-2\/","alt":"Clinician reviewing newborn hearing screening results from the Infant Hearing Screening Device ALGO 7i using desktop software.","author":"4","description":"","caption":"","name":"algo7i_software_spot-2","status":"inherit","uploaded_to":9815,"date":"2023-09-15 06:49:33","modified":"2025-05-20 12:12:56","menu_order":0,"mime_type":"image\/jpeg","type":"image","subtype":"jpeg","icon":"https:\/\/natussensory.com\/wp-includes\/images\/media\/default.png","width":800,"height":450,"sizes":{"thumbnail":"https:\/\/natussensory.com\/wp-content\/uploads\/Algo7i_software_spot.jpg","thumbnail-width":128,"thumbnail-height":72,"medium":"https:\/\/natussensory.com\/wp-content\/uploads\/Algo7i_software_spot.jpg","medium-width":800,"medium-height":450,"medium_large":"https:\/\/natussensory.com\/wp-content\/uploads\/Algo7i_software_spot-768x432.jpg","medium_large-width":768,"medium_large-height":432,"large":"https:\/\/natussensory.com\/wp-content\/uploads\/Algo7i_software_spot.jpg","large-width":800,"large-height":450,"1536x1536":"https:\/\/natussensory.com\/wp-content\/uploads\/Algo7i_software_spot.jpg","1536x1536-width":800,"1536x1536-height":450,"2048x2048":"https:\/\/natussensory.com\/wp-content\/uploads\/Algo7i_software_spot.jpg","2048x2048-width":800,"2048x2048-height":450}}}},{"acf_fc_layout":"related_products","_acfe_flexible_layout_title":"Resources and Support","_acfe_flexible_toggle":"","tiles_3_columns_landing":{"module_options":{"":null,"module_id":"info","module_class":"","module_background_type":"color","module_background_color":"","module_background_image":false,"module_background_video":"","activate_custom_padding":false,"padding_top_desktop":0,"padding_top_tablet":"","padding_top_mobile":"","padding_bottom_desktop":"","padding_bottom_tablet":"","padding_bottom_mobile":"","activate_custom_margin":false,"margin_top_desktop":"","margin_top_tablet":"","margin_top_mobile":"","margin_bottom_desktop":"","margin_bottom_tablet":"","margin_bottom_mobile":"","disable_on":[],"content_alignment_desktop":"left","content_alignment_tablet":"left","content_alignment_mobile":"left"},"intro_text":"Ressources et Assistance","intro_text_color":"","intro_link":null,"tiles":[{"label":"Ressources","label_background_color":"#154284","image":false,"title":"Brochure, fiche technique et plus","link":{"type":"url","value":"https:\/\/natus.bynder.com\/web\/16cd99a187b74cdd\/resource-library-algo-7i\/","url":"https:\/\/natus.bynder.com\/web\/16cd99a187b74cdd\/resource-library-algo-7i\/","name":"https:\/\/natus.bynder.com\/web\/16cd99a187b74cdd\/resource-library-algo-7i\/","title":"ALGO 7i Ressources","target":"_blank"}},{"label":"Assistance","label_background_color":"#154284","image":false,"title":"Guide d'utilisation (eIFUs)","link":{"type":"post","value":"883","url":"https:\/\/natussensory.com\/support\/","name":"Service &#038; Support","title":"Service et Assistance","target":""}}]}},{"acf_fc_layout":"related_products","_acfe_flexible_toggle":"","tiles_3_columns_landing":{"module_options":{"":null,"module_id":"n6514af3363d37","module_class":"","module_background_type":"color","module_background_color":"","module_background_image":false,"module_background_video":"","activate_custom_padding":false,"padding_top_desktop":"0","padding_top_tablet":"0","padding_top_mobile":"0","padding_bottom_desktop":"0","padding_bottom_tablet":"0","padding_bottom_mobile":"0","activate_custom_margin":false,"margin_top_desktop":"0","margin_top_tablet":"0","margin_top_mobile":"0","margin_bottom_desktop":"0","margin_bottom_tablet":"0","margin_bottom_mobile":"0","disable_on":[],"content_alignment_desktop":"left","content_alignment_tablet":"left","content_alignment_mobile":"left"},"intro_text":"Produits Connexes","intro_text_color":"#005e63","intro_link":{"type":"post","value":"1518","url":"https:\/\/natussensory.com\/products\/","name":"Products","title":"Voir tous les produits","target":""},"tiles":[{"label":"ALGO 5","label_background_color":"#154284","image":{"ID":8892,"id":8892,"title":"ALGO-5_linkspot","filename":"ALGO-5_linkspot.jpg","filesize":28050,"url":"https:\/\/natussensory.com\/wp-content\/uploads\/ALGO-5_linkspot.jpg","link":"https:\/\/natussensory.com\/fr\/produits\/algo-7i\/algo-5_linkspot-2\/","alt":"ALGO-5","author":"4","description":"","caption":"","name":"algo-5_linkspot-2","status":"inherit","uploaded_to":9815,"date":"2023-10-01 14:24:16","modified":"2025-08-06 14:08:11","menu_order":0,"mime_type":"image\/jpeg","type":"image","subtype":"jpeg","icon":"https:\/\/natussensory.com\/wp-includes\/images\/media\/default.png","width":600,"height":300,"sizes":{"thumbnail":"https:\/\/natussensory.com\/wp-content\/uploads\/ALGO-5_linkspot.jpg","thumbnail-width":128,"thumbnail-height":64,"medium":"https:\/\/natussensory.com\/wp-content\/uploads\/ALGO-5_linkspot.jpg","medium-width":600,"medium-height":300,"medium_large":"https:\/\/natussensory.com\/wp-content\/uploads\/ALGO-5_linkspot.jpg","medium_large-width":600,"medium_large-height":300,"large":"https:\/\/natussensory.com\/wp-content\/uploads\/ALGO-5_linkspot.jpg","large-width":600,"large-height":300,"1536x1536":"https:\/\/natussensory.com\/wp-content\/uploads\/ALGO-5_linkspot.jpg","1536x1536-width":600,"1536x1536-height":300,"2048x2048":"https:\/\/natussensory.com\/wp-content\/uploads\/ALGO-5_linkspot.jpg","2048x2048-width":600,"2048x2048-height":300}},"title":"D\u00e9pistage des auditifs du nouveau-n\u00e9","link":{"type":"post","value":"4204","url":"https:\/\/natussensory.com\/products\/algo-5\/","name":"ALGO\u00ae 5 &#8211; Newborn Hearing Screening Equipment","title":"En Savoir Plus","target":""}},{"label":"ALGO Supplies","label_background_color":"#154284","image":{"ID":11504,"id":11504,"title":"Algo-Supplies_linkspot","filename":"Algo-Supplies_linkspot.jpg","filesize":55147,"url":"https:\/\/natussensory.com\/wp-content\/uploads\/Algo-Supplies_linkspot.jpg","link":"https:\/\/natussensory.com\/fr\/produits\/algo-5\/algo-supplies_linkspot-2\/","alt":"Algo-Supplies","author":"4","description":"","caption":"","name":"algo-supplies_linkspot-2","status":"inherit","uploaded_to":9822,"date":"2023-10-05 08:54:51","modified":"2025-08-06 14:13:33","menu_order":0,"mime_type":"image\/jpeg","type":"image","subtype":"jpeg","icon":"https:\/\/natussensory.com\/wp-includes\/images\/media\/default.png","width":600,"height":300,"sizes":{"thumbnail":"https:\/\/natussensory.com\/wp-content\/uploads\/Algo-Supplies_linkspot.jpg","thumbnail-width":128,"thumbnail-height":64,"medium":"https:\/\/natussensory.com\/wp-content\/uploads\/Algo-Supplies_linkspot.jpg","medium-width":600,"medium-height":300,"medium_large":"https:\/\/natussensory.com\/wp-content\/uploads\/Algo-Supplies_linkspot.jpg","medium_large-width":600,"medium_large-height":300,"large":"https:\/\/natussensory.com\/wp-content\/uploads\/Algo-Supplies_linkspot.jpg","large-width":600,"large-height":300,"1536x1536":"https:\/\/natussensory.com\/wp-content\/uploads\/Algo-Supplies_linkspot.jpg","1536x1536-width":600,"1536x1536-height":300,"2048x2048":"https:\/\/natussensory.com\/wp-content\/uploads\/Algo-Supplies_linkspot.jpg","2048x2048-width":600,"2048x2048-height":300}},"title":"Les oreillettes Flexicoupler\u00ae et les capteurs Jelly Tab\u00ae ","link":{"type":"post","value":"11516","url":"https:\/\/natussensory.com\/fr\/produits\/algo-supplies\/","name":"Consommables ALGO\u00ae d\u00e9pistage auditif","title":"En Savoir Plus","target":""}},{"label":"Accuscreen","label_background_color":"#154284","image":{"ID":8887,"id":8887,"title":"Accuscreen_linkspot","filename":"Accuscreen_linkspot.jpg","filesize":34234,"url":"https:\/\/natussensory.com\/wp-content\/uploads\/Accuscreen_linkspot.jpg","link":"https:\/\/natussensory.com\/fr\/produits\/algo-7i\/accuscreen_linkspot-2\/","alt":"Accuscreen","author":"4","description":"","caption":"","name":"accuscreen_linkspot-2","status":"inherit","uploaded_to":9815,"date":"2023-10-01 14:24:14","modified":"2025-08-06 14:23:23","menu_order":0,"mime_type":"image\/jpeg","type":"image","subtype":"jpeg","icon":"https:\/\/natussensory.com\/wp-includes\/images\/media\/default.png","width":600,"height":300,"sizes":{"thumbnail":"https:\/\/natussensory.com\/wp-content\/uploads\/Accuscreen_linkspot.jpg","thumbnail-width":128,"thumbnail-height":64,"medium":"https:\/\/natussensory.com\/wp-content\/uploads\/Accuscreen_linkspot.jpg","medium-width":600,"medium-height":300,"medium_large":"https:\/\/natussensory.com\/wp-content\/uploads\/Accuscreen_linkspot.jpg","medium_large-width":600,"medium_large-height":300,"large":"https:\/\/natussensory.com\/wp-content\/uploads\/Accuscreen_linkspot.jpg","large-width":600,"large-height":300,"1536x1536":"https:\/\/natussensory.com\/wp-content\/uploads\/Accuscreen_linkspot.jpg","1536x1536-width":600,"1536x1536-height":300,"2048x2048":"https:\/\/natussensory.com\/wp-content\/uploads\/Accuscreen_linkspot.jpg","2048x2048-width":600,"2048x2048-height":300}},"title":"D\u00e9pistage OEA et PEAA combin\u00e9, l\u00e9ger et portable","link":{"type":"post","value":"4633","url":"https:\/\/natussensory.com\/products\/madsen-accuscreen\/","name":"Madsen\u00ae Accuscreen\u00ae &#8211; Newborn Hearing Screener","title":"En Savoir Plus","target":""}}]}},{"acf_fc_layout":"contact_form","_acfe_flexible_toggle":"","contact_form_landing":{"module_options":{"":null,"module_id":"contact","module_class":"","module_background_type":"color","module_background_color":"","module_background_image":false,"module_background_video":"","activate_custom_padding":false,"padding_top_desktop":0,"padding_top_tablet":"","padding_top_mobile":"","padding_bottom_desktop":"","padding_bottom_tablet":"","padding_bottom_mobile":"","activate_custom_margin":false,"margin_top_desktop":"","margin_top_tablet":"","margin_top_mobile":"","margin_bottom_desktop":"","margin_bottom_tablet":"","margin_bottom_mobile":"","disable_on":[],"content_alignment_desktop":"left","content_alignment_tablet":"left","content_alignment_mobile":"left"},"":null,"activate_intro":false,"intro_text":"","intro_text_color":"","intro_link":null,"activate_description":true,"description_title":"Contactez-nous","description_copy":"","embed_code":"<script charset=\"utf-8\" type=\"text\/javascript\" src=\"\/\/js.hsforms.net\/forms\/embed\/v2.js\"><\/script>\r\n<script>\r\n  hbspt.forms.create({\r\n    region: \"na1\",\r\n    portalId: \"3002890\",\r\n    formId: \"4c6b2014-b13d-41cb-8898-fd5fceb32032\"\r\n  });\r\n<\/script>"}},{"acf_fc_layout":"simple_content","_acfe_flexible_layout_title":"Part number","_acfe_flexible_toggle":"","content_full_width_landing":{"module_options":{"":null,"module_id":"n6514af337a3e9","module_class":"","module_background_type":"color","module_background_color":"","module_background_image":false,"module_background_video":"","activate_custom_padding":false,"padding_top_desktop":0,"padding_top_tablet":"","padding_top_mobile":"","padding_bottom_desktop":"","padding_bottom_tablet":"","padding_bottom_mobile":"","activate_custom_margin":false,"margin_top_desktop":"","margin_top_tablet":"","margin_top_mobile":"","margin_bottom_desktop":"","margin_bottom_tablet":"","margin_bottom_mobile":"","disable_on":[],"content_alignment_desktop":"left","content_alignment_tablet":"left","content_alignment_mobile":"left"},"activate_custom_container_width":false,"container_width":"","content":"<p><span style=\"font-size: 11px;\">035291 RevA<\/span><\/p>\n"}}]},"_links":{"self":[{"href":"https:\/\/natussensory.com\/fr\/wp-json\/wp\/v2\/pages\/9815","targetHints":{"allow":["GET"]}}],"collection":[{"href":"https:\/\/natussensory.com\/fr\/wp-json\/wp\/v2\/pages"}],"about":[{"href":"https:\/\/natussensory.com\/fr\/wp-json\/wp\/v2\/types\/page"}],"author":[{"embeddable":true,"href":"https:\/\/natussensory.com\/fr\/wp-json\/wp\/v2\/users\/4"}],"replies":[{"embeddable":true,"href":"https:\/\/natussensory.com\/fr\/wp-json\/wp\/v2\/comments?post=9815"}],"version-history":[{"count":11,"href":"https:\/\/natussensory.com\/fr\/wp-json\/wp\/v2\/pages\/9815\/revisions"}],"predecessor-version":[{"id":27567,"href":"https:\/\/natussensory.com\/fr\/wp-json\/wp\/v2\/pages\/9815\/revisions\/27567"}],"up":[{"embeddable":true,"href":"https:\/\/natussensory.com\/fr\/wp-json\/wp\/v2\/pages\/10961"}],"wp:attachment":[{"href":"https:\/\/natussensory.com\/fr\/wp-json\/wp\/v2\/media?parent=9815"}],"wp:term":[{"taxonomy":"category","embeddable":true,"href":"https:\/\/natussensory.com\/fr\/wp-json\/wp\/v2\/categories?post=9815"},{"taxonomy":"post_tag","embeddable":true,"href":"https:\/\/natussensory.com\/fr\/wp-json\/wp\/v2\/tags?post=9815"}],"curies":[{"name":"wp","href":"https:\/\/api.w.org\/{rel}","templated":true}]}}