{"id":9425,"date":"2023-09-14T09:21:52","date_gmt":"2023-09-14T09:21:52","guid":{"rendered":"https:\/\/natussensory.com\/sensory\/audx-pro-flex\/"},"modified":"2025-10-22T11:57:31","modified_gmt":"2025-10-22T11:57:31","slug":"audx-pro-flex","status":"publish","type":"page","link":"https:\/\/natussensory.com\/fr\/produits\/audx-pro-flex\/","title":{"rendered":"Bio-logic AuDX PRO FLEX &#8211; \u00c9missions Otoacoustiques de Diagnostic"},"content":{"rendered":"","protected":false},"excerpt":{"rendered":"","protected":false},"author":4,"featured_media":0,"parent":10961,"menu_order":0,"comment_status":"closed","ping_status":"closed","template":"templates\/page-sensory-solutions-product-landing.php","meta":{"_acf_changed":false,"inline_featured_image":false,"footnotes":""},"categories":[282,291],"tags":[],"class_list":["post-9425","page","type-page","status-publish","hentry","category-evaluation-auditive","category-hearing-assessment-fr"],"acf":{"content_blocks":[{"acf_fc_layout":"spacer","_acfe_flexible_toggle":"","spacer":{"module_options":{"":null,"module_id":"n64babb6de86c1","module_class":"","module_background_type":"color","module_background_color":"#473089","module_background_image":false,"module_background_video":"","activate_custom_padding":false,"padding_top_desktop":"0","padding_top_tablet":"0","padding_top_mobile":"0","padding_bottom_desktop":"0","padding_bottom_tablet":"0","padding_bottom_mobile":"0","activate_custom_margin":false,"margin_top_desktop":"0","margin_top_tablet":"0","margin_top_mobile":"0","margin_bottom_desktop":"0","margin_bottom_tablet":"0","margin_bottom_mobile":"0","disable_on":[],"content_alignment_desktop":"left","content_alignment_tablet":"left","content_alignment_mobile":"left"},"height":"160"}},{"acf_fc_layout":"intro_with_sticky_image","_acfe_flexible_toggle":"","left_content_right_image_sticky":{"module_options":{"":null,"module_id":"n6514a45d854f8","module_class":"","module_background_type":"color","module_background_color":"","module_background_image":false,"module_background_video":"","activate_custom_padding":false,"padding_top_desktop":"0","padding_top_tablet":"0","padding_top_mobile":"0","padding_bottom_desktop":"0","padding_bottom_tablet":"0","padding_bottom_mobile":"0","activate_custom_margin":false,"margin_top_desktop":"0","margin_top_tablet":"0","margin_top_mobile":"0","margin_bottom_desktop":"0","margin_bottom_tablet":"0","margin_bottom_mobile":"0","disable_on":[],"content_alignment_desktop":"left","content_alignment_tablet":"left","content_alignment_mobile":"left"},"":null,"title":"Bio-logic<sup>\u00ae<\/sup> AuDX PRO FLEX<sup>\u00ae<\/sup>","subheader":"<p>Bio-logic<sup>\u00ae<\/sup>\u00a0AuDX PRO FLEX<sup>\u00ae<\/sup>\u00a0d\u2019Natus est un appareil de table flexible permettant de r\u00e9aliser l\u2019imp\u00e9dancem\u00e8trie en mode d\u00e9pistage ou en mode diagnostic. Plusieurs options modulables vous permettent d&rsquo;ajouter des tests OEA et\/ou audiom\u00e9triques en un seul appareil.<\/p>\n","icons":false,"quick_navigation":[{"quick_link":{"type":"url","value":"#contact","url":"#contact","name":"#contact","title":" Demander un devis","target":""}},{"quick_link":{"type":"url","value":"#info","url":"#info","name":"#info","title":"Explorer plus de d\u00e9tails","target":""}}],"description":"","message_label":" ","message_title":"Vous recherchez un service de produit ou une assistance technique ?","message_link":{"type":"post","value":"883","url":"https:\/\/natussensory.com\/support\/","name":"Service &#038; Support","title":" Service et Assistance","target":""},"right_sticky_image":{"ID":4057,"id":4057,"title":"AuDX PRO FLEX_product thumbnail","filename":"AuDX-PRO-FLEX_product-thumbnail.png","filesize":187318,"url":"https:\/\/natussensory.com\/wp-content\/uploads\/AuDX-PRO-FLEX_product-thumbnail.png","link":"https:\/\/natussensory.com\/fr\/produits\/audx-pro-flex\/audx-pro-flex_product-thumbnail-2\/","alt":"Touchscreen interface of the Bio-logic AuDX PRO FLEX portable audiometry device showing test modes for hearing evaluation.","author":"4","description":"","caption":"","name":"audx-pro-flex_product-thumbnail-2","status":"inherit","uploaded_to":9425,"date":"2023-09-14 09:21:40","modified":"2025-05-07 11:52:07","menu_order":0,"mime_type":"image\/png","type":"image","subtype":"png","icon":"https:\/\/natussensory.com\/wp-includes\/images\/media\/default.png","width":500,"height":436,"sizes":{"thumbnail":"https:\/\/natussensory.com\/wp-content\/uploads\/AuDX-PRO-FLEX_product-thumbnail.png","thumbnail-width":110,"thumbnail-height":96,"medium":"https:\/\/natussensory.com\/wp-content\/uploads\/AuDX-PRO-FLEX_product-thumbnail.png","medium-width":500,"medium-height":436,"medium_large":"https:\/\/natussensory.com\/wp-content\/uploads\/AuDX-PRO-FLEX_product-thumbnail.png","medium_large-width":500,"medium_large-height":436,"large":"https:\/\/natussensory.com\/wp-content\/uploads\/AuDX-PRO-FLEX_product-thumbnail.png","large-width":500,"large-height":436,"1536x1536":"https:\/\/natussensory.com\/wp-content\/uploads\/AuDX-PRO-FLEX_product-thumbnail.png","1536x1536-width":500,"1536x1536-height":436,"2048x2048":"https:\/\/natussensory.com\/wp-content\/uploads\/AuDX-PRO-FLEX_product-thumbnail.png","2048x2048-width":500,"2048x2048-height":436}}}},{"acf_fc_layout":"simple_content","_acfe_flexible_toggle":"","content_full_width_landing":{"module_options":{"":null,"module_id":"n6514a45d8ebf4","module_class":"","module_background_type":"color","module_background_color":"","module_background_image":false,"module_background_video":"","activate_custom_padding":false,"padding_top_desktop":"0","padding_top_tablet":"0","padding_top_mobile":"0","padding_bottom_desktop":"0","padding_bottom_tablet":"0","padding_bottom_mobile":"0","activate_custom_margin":false,"margin_top_desktop":"0","margin_top_tablet":"0","margin_top_mobile":"0","margin_bottom_desktop":"0","margin_bottom_tablet":"0","margin_bottom_mobile":"0","disable_on":[],"content_alignment_desktop":"left","content_alignment_tablet":"left","content_alignment_mobile":"left"},"activate_custom_container_width":false,"container_width":"","content":"<p><img loading=\"lazy\" decoding=\"async\" class=\"aligncenter size-full wp-image-4051\" src=\"https:\/\/natussensory.com\/wp-content\/uploads\/AuDX-pro-flex_banner.jpg\" alt=\"\" width=\"1300\" height=\"600\" srcset=\"https:\/\/natussensory.com\/wp-content\/uploads\/AuDX-pro-flex_banner.jpg 1300w, https:\/\/natussensory.com\/wp-content\/uploads\/AuDX-pro-flex_banner-768x354.jpg 768w\" sizes=\"auto, (max-width: 1300px) 100vw, 1300px\" \/><\/p>\n"}},{"acf_fc_layout":"product_details_left_image_and_right_content","_acfe_flexible_toggle":"","left_image_right_content_single_cta_landing":{"module_options":{"":null,"module_id":"n6514a45d9589a","module_class":"","module_background_type":"color","module_background_color":"","module_background_image":false,"module_background_video":"","activate_custom_padding":false,"padding_top_desktop":"0","padding_top_tablet":"0","padding_top_mobile":"0","padding_bottom_desktop":"0","padding_bottom_tablet":"0","padding_bottom_mobile":"0","activate_custom_margin":false,"margin_top_desktop":"0","margin_top_tablet":"0","margin_top_mobile":"0","margin_bottom_desktop":"0","margin_bottom_tablet":"0","margin_bottom_mobile":"0","disable_on":[],"content_alignment_desktop":"left","content_alignment_tablet":"left","content_alignment_mobile":"left"},"image":{"ID":4063,"id":4063,"title":"AuDX-PRO-FLEX_spot_young-patient","filename":"AuDX-PRO-FLEX_spot_young-patient.jpg","filesize":160784,"url":"https:\/\/natussensory.com\/wp-content\/uploads\/AuDX-PRO-FLEX_spot_young-patient.jpg","link":"https:\/\/natussensory.com\/fr\/produits\/audx-pro-flex\/audx-pro-flex_spot_young-patient-2\/","alt":"Clinician using a portable audiometry device to perform a hearing test on a young girl.","author":"4","description":"","caption":"","name":"audx-pro-flex_spot_young-patient-2","status":"inherit","uploaded_to":9425,"date":"2023-09-14 09:26:43","modified":"2025-05-07 11:54:02","menu_order":0,"mime_type":"image\/jpeg","type":"image","subtype":"jpeg","icon":"https:\/\/natussensory.com\/wp-includes\/images\/media\/default.png","width":800,"height":450,"sizes":{"thumbnail":"https:\/\/natussensory.com\/wp-content\/uploads\/AuDX-PRO-FLEX_spot_young-patient.jpg","thumbnail-width":128,"thumbnail-height":72,"medium":"https:\/\/natussensory.com\/wp-content\/uploads\/AuDX-PRO-FLEX_spot_young-patient.jpg","medium-width":800,"medium-height":450,"medium_large":"https:\/\/natussensory.com\/wp-content\/uploads\/AuDX-PRO-FLEX_spot_young-patient-768x432.jpg","medium_large-width":768,"medium_large-height":432,"large":"https:\/\/natussensory.com\/wp-content\/uploads\/AuDX-PRO-FLEX_spot_young-patient.jpg","large-width":800,"large-height":450,"1536x1536":"https:\/\/natussensory.com\/wp-content\/uploads\/AuDX-PRO-FLEX_spot_young-patient.jpg","1536x1536-width":800,"1536x1536-height":450,"2048x2048":"https:\/\/natussensory.com\/wp-content\/uploads\/AuDX-PRO-FLEX_spot_young-patient.jpg","2048x2048-width":800,"2048x2048-height":450}},"label":"","title":"","description":"<p>Cet appareil portable devient l\u2019un des appareils les plus complets du march\u00e9. Il est l\u00e9ger et portatif, aliment\u00e9 par batterie, facilitant son transport partout o\u00f9 vous en avez besoin.<\/p>\n<p>&nbsp;<\/p>\n<p>Personnalisez les tests pour r\u00e9pondre \u00e0 vos besoins avec tous les modules disponibles:<\/p>\n<ul>\n<li>Imp\u00e9dancem\u00e9trie de d\u00e9pistage<\/li>\n<li>Imp\u00e9dancem\u00e9trie de diagnostic<\/li>\n<li>Audiom\u00e9trie de d\u00e9pistage<\/li>\n<li>Audiom\u00e9trie de diagnostic<\/li>\n<li>OEA de d\u00e9pistage<\/li>\n<li>OEA de diagnostic<\/li>\n<li>OEA d&rsquo;entr\u00e9e-sortie (input-output)<\/li>\n<li>Estimation du seuil OEA<\/li>\n<\/ul>\n","link":null}},{"acf_fc_layout":"related_products","_acfe_flexible_layout_title":"Resources and Support","_acfe_flexible_toggle":"","tiles_3_columns_landing":{"module_options":{"":null,"module_id":"info","module_class":"","module_background_type":"color","module_background_color":"","module_background_image":false,"module_background_video":"","activate_custom_padding":false,"padding_top_desktop":"0","padding_top_tablet":"0","padding_top_mobile":"0","padding_bottom_desktop":"0","padding_bottom_tablet":"0","padding_bottom_mobile":"0","activate_custom_margin":false,"margin_top_desktop":"0","margin_top_tablet":"0","margin_top_mobile":"0","margin_bottom_desktop":"0","margin_bottom_tablet":"0","margin_bottom_mobile":"0","disable_on":[],"content_alignment_desktop":"left","content_alignment_tablet":"left","content_alignment_mobile":"left"},"intro_text":"Ressources et Assistance","intro_text_color":"","intro_link":null,"tiles":[{"label":"Ressources","label_background_color":"#154284","image":false,"title":"Brochure, fiche technique et plus","link":{"type":"url","value":"https:\/\/natus.bynder.com\/web\/64f8a02a8df0462e\/resource-library-bio-logic-audx-pro-flex\/","url":"https:\/\/natus.bynder.com\/web\/64f8a02a8df0462e\/resource-library-bio-logic-audx-pro-flex\/","name":"https:\/\/natus.bynder.com\/web\/64f8a02a8df0462e\/resource-library-bio-logic-audx-pro-flex\/","title":"AuDX PRO FLEX Ressources","target":"_blank"}},{"label":"Assistance","label_background_color":"#154284","image":false,"title":"Manuals and guides (eIFUs)","link":{"type":"post","value":"883","url":"https:\/\/natussensory.com\/support\/","name":"Service &#038; Support","title":"Service et Assistance","target":""}}]}},{"acf_fc_layout":"related_products","_acfe_flexible_toggle":"","tiles_3_columns_landing":{"module_options":{"":null,"module_id":"n6514a01e126d0","module_class":"","module_background_type":"color","module_background_color":"","module_background_image":false,"module_background_video":"","activate_custom_padding":false,"padding_top_desktop":"0","padding_top_tablet":"0","padding_top_mobile":"0","padding_bottom_desktop":"0","padding_bottom_tablet":"0","padding_bottom_mobile":"0","activate_custom_margin":false,"margin_top_desktop":"0","margin_top_tablet":"0","margin_top_mobile":"0","margin_bottom_desktop":"0","margin_bottom_tablet":"0","margin_bottom_mobile":"0","disable_on":[],"content_alignment_desktop":"left","content_alignment_tablet":"left","content_alignment_mobile":"left"},"intro_text":"Produits Connexes","intro_text_color":"#005e63","intro_link":{"type":"post","value":"1518","url":"https:\/\/natussensory.com\/products\/","name":"Products","title":"Voir tous les produits","target":""},"tiles":[{"label":"BioLink software","label_background_color":"#154284","image":false,"title":"Download","link":{"type":"post","value":"883","url":"https:\/\/natussensory.com\/support\/","name":"Service &#038; Support","title":"Download Center","target":""}},{"label":"Bio-logic NavPRO ONE","label_background_color":"#154284","image":{"ID":7991,"id":7991,"title":"NavPro-One_linkspot","filename":"NavPro-One_linkspot.jpg","filesize":35805,"url":"https:\/\/natussensory.com\/wp-content\/uploads\/NavPro-One_linkspot.jpg","link":"https:\/\/natussensory.com\/fr\/produits\/navpro-one\/navpro-one_linkspot-2\/","alt":"NavPro-One","author":"4","description":"","caption":"","name":"navpro-one_linkspot-2","status":"inherit","uploaded_to":9401,"date":"2023-09-27 21:33:57","modified":"2025-08-06 13:43:31","menu_order":0,"mime_type":"image\/jpeg","type":"image","subtype":"jpeg","icon":"https:\/\/natussensory.com\/wp-includes\/images\/media\/default.png","width":600,"height":300,"sizes":{"thumbnail":"https:\/\/natussensory.com\/wp-content\/uploads\/NavPro-One_linkspot.jpg","thumbnail-width":128,"thumbnail-height":64,"medium":"https:\/\/natussensory.com\/wp-content\/uploads\/NavPro-One_linkspot.jpg","medium-width":600,"medium-height":300,"medium_large":"https:\/\/natussensory.com\/wp-content\/uploads\/NavPro-One_linkspot.jpg","medium_large-width":600,"medium_large-height":300,"large":"https:\/\/natussensory.com\/wp-content\/uploads\/NavPro-One_linkspot.jpg","large-width":600,"large-height":300,"1536x1536":"https:\/\/natussensory.com\/wp-content\/uploads\/NavPro-One_linkspot.jpg","1536x1536-width":600,"1536x1536-height":300,"2048x2048":"https:\/\/natussensory.com\/wp-content\/uploads\/NavPro-One_linkspot.jpg","2048x2048-width":600,"2048x2048-height":300}},"title":"Syst\u00e8me de Potentiel Evoqu\u00e9 Auditif (PEA)","link":{"type":"post","value":"2949","url":"https:\/\/natussensory.com\/products\/navpro-one\/","name":"Bio-logic\u00ae NavPRO ONE\u00ae &#8211; Auditory Potential Device","title":"En Savoir Plus","target":""}},{"label":"Bio-logic AuDX PRO","label_background_color":"#154284","image":{"ID":7996,"id":7996,"title":"AuDX-Pro_linkspot","filename":"AuDX-Pro_linkspot.jpg","filesize":38101,"url":"https:\/\/natussensory.com\/wp-content\/uploads\/AuDX-Pro_linkspot.jpg","link":"https:\/\/natussensory.com\/fr\/produits\/navpro-one\/audx-pro_linkspot-2\/","alt":"AuDX-Pro","author":"4","description":"","caption":"","name":"audx-pro_linkspot-2","status":"inherit","uploaded_to":9401,"date":"2023-09-27 21:33:59","modified":"2025-08-06 13:41:24","menu_order":0,"mime_type":"image\/jpeg","type":"image","subtype":"jpeg","icon":"https:\/\/natussensory.com\/wp-includes\/images\/media\/default.png","width":600,"height":300,"sizes":{"thumbnail":"https:\/\/natussensory.com\/wp-content\/uploads\/AuDX-Pro_linkspot.jpg","thumbnail-width":128,"thumbnail-height":64,"medium":"https:\/\/natussensory.com\/wp-content\/uploads\/AuDX-Pro_linkspot.jpg","medium-width":600,"medium-height":300,"medium_large":"https:\/\/natussensory.com\/wp-content\/uploads\/AuDX-Pro_linkspot.jpg","medium_large-width":600,"medium_large-height":300,"large":"https:\/\/natussensory.com\/wp-content\/uploads\/AuDX-Pro_linkspot.jpg","large-width":600,"large-height":300,"1536x1536":"https:\/\/natussensory.com\/wp-content\/uploads\/AuDX-Pro_linkspot.jpg","1536x1536-width":600,"1536x1536-height":300,"2048x2048":"https:\/\/natussensory.com\/wp-content\/uploads\/AuDX-Pro_linkspot.jpg","2048x2048-width":600,"2048x2048-height":300}},"title":"D\u2019oto-\u00e9missions acoustiques (OAE)","link":{"type":"post","value":"4068","url":"https:\/\/natussensory.com\/products\/audx-pro\/","name":"Bio-logic\u00ae AuDX\u00ae PRO &#8211; Diagnostic OAE","title":"En Savoir Plus","target":""}}]}},{"acf_fc_layout":"contact_form","_acfe_flexible_toggle":"","contact_form_landing":{"module_options":{"":null,"module_id":"contact","module_class":"","module_background_type":"color","module_background_color":"","module_background_image":false,"module_background_video":"","activate_custom_padding":false,"padding_top_desktop":"0","padding_top_tablet":"0","padding_top_mobile":"0","padding_bottom_desktop":"0","padding_bottom_tablet":"0","padding_bottom_mobile":"0","activate_custom_margin":false,"margin_top_desktop":"0","margin_top_tablet":"0","margin_top_mobile":"0","margin_bottom_desktop":"0","margin_bottom_tablet":"0","margin_bottom_mobile":"0","disable_on":[],"content_alignment_desktop":"left","content_alignment_tablet":"left","content_alignment_mobile":"left"},"":null,"activate_intro":false,"intro_text":"","intro_text_color":"","intro_link":null,"activate_description":true,"description_title":"Contactez-nous","description_copy":"","embed_code":"<script charset=\"utf-8\" type=\"text\/javascript\" src=\"\/\/js.hsforms.net\/forms\/embed\/v2.js\"><\/script>\r\n<script>\r\n  hbspt.forms.create({\r\n    region: \"na1\",\r\n    portalId: \"3002890\",\r\n    formId: \"81d98284-6b1e-4ab0-8961-7322364afeed\"\r\n  });\r\n<\/script>"}},{"acf_fc_layout":"simple_content","_acfe_flexible_layout_title":"Part number","_acfe_flexible_toggle":"","content_full_width_landing":{"module_options":{"":null,"module_id":"n6514a62fe8b88","module_class":"","module_background_type":"color","module_background_color":"","module_background_image":false,"module_background_video":"","activate_custom_padding":false,"padding_top_desktop":"0","padding_top_tablet":"0","padding_top_mobile":"0","padding_bottom_desktop":"0","padding_bottom_tablet":"0","padding_bottom_mobile":"0","activate_custom_margin":false,"margin_top_desktop":"0","margin_top_tablet":"0","margin_top_mobile":"0","margin_bottom_desktop":"0","margin_bottom_tablet":"0","margin_bottom_mobile":"0","disable_on":[],"content_alignment_desktop":"left","content_alignment_tablet":"left","content_alignment_mobile":"left"},"activate_custom_container_width":false,"container_width":"","content":"<p><span style=\"font-size: 11px;\">7-36-1330-FR_01<\/span><\/p>\n"}}]},"_links":{"self":[{"href":"https:\/\/natussensory.com\/fr\/wp-json\/wp\/v2\/pages\/9425","targetHints":{"allow":["GET"]}}],"collection":[{"href":"https:\/\/natussensory.com\/fr\/wp-json\/wp\/v2\/pages"}],"about":[{"href":"https:\/\/natussensory.com\/fr\/wp-json\/wp\/v2\/types\/page"}],"author":[{"embeddable":true,"href":"https:\/\/natussensory.com\/fr\/wp-json\/wp\/v2\/users\/4"}],"replies":[{"embeddable":true,"href":"https:\/\/natussensory.com\/fr\/wp-json\/wp\/v2\/comments?post=9425"}],"version-history":[{"count":8,"href":"https:\/\/natussensory.com\/fr\/wp-json\/wp\/v2\/pages\/9425\/revisions"}],"predecessor-version":[{"id":27629,"href":"https:\/\/natussensory.com\/fr\/wp-json\/wp\/v2\/pages\/9425\/revisions\/27629"}],"up":[{"embeddable":true,"href":"https:\/\/natussensory.com\/fr\/wp-json\/wp\/v2\/pages\/10961"}],"wp:attachment":[{"href":"https:\/\/natussensory.com\/fr\/wp-json\/wp\/v2\/media?parent=9425"}],"wp:term":[{"taxonomy":"category","embeddable":true,"href":"https:\/\/natussensory.com\/fr\/wp-json\/wp\/v2\/categories?post=9425"},{"taxonomy":"post_tag","embeddable":true,"href":"https:\/\/natussensory.com\/fr\/wp-json\/wp\/v2\/tags?post=9425"}],"curies":[{"name":"wp","href":"https:\/\/api.w.org\/{rel}","templated":true}]}}