{"id":9401,"date":"2023-09-11T14:11:54","date_gmt":"2023-09-11T14:11:54","guid":{"rendered":"https:\/\/natussensory.com\/sensory\/navpro-one\/"},"modified":"2025-10-22T12:02:12","modified_gmt":"2025-10-22T12:02:12","slug":"navpro-one","status":"publish","type":"page","link":"https:\/\/natussensory.com\/fr\/produits\/navpro-one\/","title":{"rendered":"Bio-logic NavPRO ONE &#8211; Potentiels \u00c9voqu\u00e9s Auditifs"},"content":{"rendered":"","protected":false},"excerpt":{"rendered":"","protected":false},"author":4,"featured_media":0,"parent":10961,"menu_order":0,"comment_status":"closed","ping_status":"closed","template":"templates\/page-sensory-solutions-product-landing.php","meta":{"_acf_changed":false,"inline_featured_image":false,"footnotes":""},"categories":[282,291],"tags":[],"class_list":["post-9401","page","type-page","status-publish","hentry","category-evaluation-auditive","category-hearing-assessment-fr"],"acf":{"content_blocks":[{"acf_fc_layout":"spacer","_acfe_flexible_toggle":"","spacer":{"module_options":{"":null,"module_id":"n6514a01dd991d","module_class":"","module_background_type":"color","module_background_color":"#473089","module_background_image":false,"module_background_video":"","activate_custom_padding":false,"padding_top_desktop":"0","padding_top_tablet":"0","padding_top_mobile":"0","padding_bottom_desktop":"0","padding_bottom_tablet":"0","padding_bottom_mobile":"0","activate_custom_margin":false,"margin_top_desktop":"0","margin_top_tablet":"0","margin_top_mobile":"0","margin_bottom_desktop":"0","margin_bottom_tablet":"0","margin_bottom_mobile":"0","disable_on":[],"content_alignment_desktop":"left","content_alignment_tablet":"left","content_alignment_mobile":"left"},"height":"160"}},{"acf_fc_layout":"intro_with_sticky_image","_acfe_flexible_toggle":"","left_content_right_image_sticky":{"module_options":{"":null,"module_id":"n6514a01de0ee5","module_class":"","module_background_type":"color","module_background_color":"","module_background_image":false,"module_background_video":"","activate_custom_padding":false,"padding_top_desktop":"0","padding_top_tablet":"0","padding_top_mobile":"0","padding_bottom_desktop":"0","padding_bottom_tablet":"0","padding_bottom_mobile":"0","activate_custom_margin":false,"margin_top_desktop":"0","margin_top_tablet":"0","margin_top_mobile":"0","margin_bottom_desktop":"0","margin_bottom_tablet":"0","margin_bottom_mobile":"0","disable_on":[],"content_alignment_desktop":"left","content_alignment_tablet":"left","content_alignment_mobile":"left"},"":null,"title":"Bio-logic<sup>\u00ae<\/sup> NavPRO ONE<sup>\u00ae<\/sup>","subheader":"<h4>Une fiabilit\u00e9 l\u00e9gendaire dans un appareil portable<\/h4>\n<p>Bio-logic<sup>\u00ae<\/sup>\u00a0NavPRO ONE<sup>\u00ae<\/sup>\u00a0est un syst\u00e8me de Potentiel Evoqu\u00e9 Auditif (PEA) flexible et compact offrant des r\u00e9sultats fiables. Cet appareil de PEA une voie a les m\u00eames capacit\u00e9s que les syst\u00e8mes informatis\u00e9s. Fonctionnant sans informatique, l\u00e9ger et portable, il vous permet de transporter facilement votre \u00e9quipement partout o\u00f9 vous en avez besoin. Il est id\u00e9al pour le PEA de d\u00e9pistage, l&rsquo;estimation de seuil avec une stimulation Logon ou Nav-chirps, l\u2019ASSR, l&rsquo;\u00e9lectrocochl\u00e9graphie (EcochG) et la PEA avec Implant Cochl\u00e9aire.<\/p>\n","icons":false,"quick_navigation":[{"quick_link":{"type":"url","value":"#contact","url":"#contact","name":"#contact","title":" Demander un devis","target":""}},{"quick_link":{"type":"url","value":"#info","url":"#info","name":"#info","title":"Explorer plus de d\u00e9tails","target":""}}],"description":"","message_label":" ","message_title":"Vous recherchez un service de produit ou une assistance technique ?","message_link":{"type":"post","value":"883","url":"https:\/\/natussensory.com\/support\/","name":"Service &#038; Support","title":" Service et Assistance","target":""},"right_sticky_image":{"ID":4033,"id":4033,"title":"NavPro One_product thumbnail","filename":"NavPro-One_product-thumbnail.png","filesize":261887,"url":"https:\/\/natussensory.com\/wp-content\/uploads\/NavPro-One_product-thumbnail.png","link":"https:\/\/natussensory.com\/fr\/produits\/navpro-one\/navpro-one_product-thumbnail-2\/","alt":"Bio-logic NavPRO ONE handheld auditory evoked potential system with touchscreen interface.","author":"4","description":"","caption":"","name":"navpro-one_product-thumbnail-2","status":"inherit","uploaded_to":9401,"date":"2023-09-14 08:16:33","modified":"2025-05-14 12:12:48","menu_order":0,"mime_type":"image\/png","type":"image","subtype":"png","icon":"https:\/\/natussensory.com\/wp-includes\/images\/media\/default.png","width":500,"height":664,"sizes":{"thumbnail":"https:\/\/natussensory.com\/wp-content\/uploads\/NavPro-One_product-thumbnail.png","thumbnail-width":72,"thumbnail-height":96,"medium":"https:\/\/natussensory.com\/wp-content\/uploads\/NavPro-One_product-thumbnail.png","medium-width":500,"medium-height":664,"medium_large":"https:\/\/natussensory.com\/wp-content\/uploads\/NavPro-One_product-thumbnail.png","medium_large-width":500,"medium_large-height":664,"large":"https:\/\/natussensory.com\/wp-content\/uploads\/NavPro-One_product-thumbnail.png","large-width":500,"large-height":664,"1536x1536":"https:\/\/natussensory.com\/wp-content\/uploads\/NavPro-One_product-thumbnail.png","1536x1536-width":500,"1536x1536-height":664,"2048x2048":"https:\/\/natussensory.com\/wp-content\/uploads\/NavPro-One_product-thumbnail.png","2048x2048-width":500,"2048x2048-height":664}}}},{"acf_fc_layout":"simple_content","_acfe_flexible_toggle":"","content_full_width_landing":{"module_options":{"":null,"module_id":"n6514a01deb2bf","module_class":"","module_background_type":"color","module_background_color":"","module_background_image":false,"module_background_video":"","activate_custom_padding":false,"padding_top_desktop":"0","padding_top_tablet":"0","padding_top_mobile":"0","padding_bottom_desktop":"0","padding_bottom_tablet":"0","padding_bottom_mobile":"0","activate_custom_margin":false,"margin_top_desktop":"0","margin_top_tablet":"0","margin_top_mobile":"0","margin_bottom_desktop":"0","margin_bottom_tablet":"0","margin_bottom_mobile":"0","disable_on":[],"content_alignment_desktop":"left","content_alignment_tablet":"left","content_alignment_mobile":"left"},"activate_custom_container_width":false,"container_width":"","content":"<h2>Une nouvelle solution de PEA tout-en-un d\u2019une marque de confiance<\/h2>\n<p><img loading=\"lazy\" decoding=\"async\" class=\"aligncenter size-full wp-image-4037\" src=\"https:\/\/natussensory.com\/wp-content\/uploads\/NavPro-One_banner.jpg\" alt=\"\" width=\"1733\" height=\"800\" srcset=\"https:\/\/natussensory.com\/wp-content\/uploads\/NavPro-One_banner.jpg 1733w, https:\/\/natussensory.com\/wp-content\/uploads\/NavPro-One_banner-768x355.jpg 768w, https:\/\/natussensory.com\/wp-content\/uploads\/NavPro-One_banner-1536x709.jpg 1536w\" sizes=\"auto, (max-width: 1733px) 100vw, 1733px\" \/><\/p>\n"}},{"acf_fc_layout":"product_details_left_image_and_right_content","_acfe_flexible_toggle":"","left_image_right_content_single_cta_landing":{"module_options":{"":null,"module_id":"n6514a01df1feb","module_class":"","module_background_type":"color","module_background_color":"","module_background_image":false,"module_background_video":"","activate_custom_padding":false,"padding_top_desktop":"0","padding_top_tablet":"0","padding_top_mobile":"0","padding_bottom_desktop":"0","padding_bottom_tablet":"0","padding_bottom_mobile":"0","activate_custom_margin":false,"margin_top_desktop":"0","margin_top_tablet":"0","margin_top_mobile":"0","margin_bottom_desktop":"0","margin_bottom_tablet":"0","margin_bottom_mobile":"0","disable_on":[],"content_alignment_desktop":"left","content_alignment_tablet":"left","content_alignment_mobile":"left"},"image":{"ID":4043,"id":4043,"title":"NavPro-One-spot-clinician","filename":"NavPro-One-spot-clinician.jpg","filesize":137483,"url":"https:\/\/natussensory.com\/wp-content\/uploads\/NavPro-One-spot-clinician.jpg","link":"https:\/\/natussensory.com\/fr\/produits\/navpro-one\/navpro-one-spot-clinician-2\/","alt":"Clinician performing ABR test using Bio-logic NavPRO ONE portable AEP device.","author":"4","description":"","caption":"","name":"navpro-one-spot-clinician-2","status":"inherit","uploaded_to":9401,"date":"2023-09-14 08:39:51","modified":"2025-05-22 08:22:27","menu_order":0,"mime_type":"image\/jpeg","type":"image","subtype":"jpeg","icon":"https:\/\/natussensory.com\/wp-includes\/images\/media\/default.png","width":800,"height":450,"sizes":{"thumbnail":"https:\/\/natussensory.com\/wp-content\/uploads\/NavPro-One-spot-clinician.jpg","thumbnail-width":128,"thumbnail-height":72,"medium":"https:\/\/natussensory.com\/wp-content\/uploads\/NavPro-One-spot-clinician.jpg","medium-width":800,"medium-height":450,"medium_large":"https:\/\/natussensory.com\/wp-content\/uploads\/NavPro-One-spot-clinician-768x432.jpg","medium_large-width":768,"medium_large-height":432,"large":"https:\/\/natussensory.com\/wp-content\/uploads\/NavPro-One-spot-clinician.jpg","large-width":800,"large-height":450,"1536x1536":"https:\/\/natussensory.com\/wp-content\/uploads\/NavPro-One-spot-clinician.jpg","1536x1536-width":800,"1536x1536-height":450,"2048x2048":"https:\/\/natussensory.com\/wp-content\/uploads\/NavPro-One-spot-clinician.jpg","2048x2048-width":800,"2048x2048-height":450}},"label":"","title":"L'h\u00e9ritage de Bio-Logic continue","description":"<p>Le nouveau Bio-logic NavPRO ONE est la derni\u00e8re g\u00e9n\u00e9ration de PEA d&rsquo;Natus. C&rsquo;est une plate-forme de diagnostic fiable et pr\u00e9cise, dot\u00e9e d&rsquo;une conception portable et adaptable pour r\u00e9pondre \u00e0 vos besoins actuels et futurs. Bio-Logic NavPRO ONE d&rsquo;Otometrics est un appareil de Potentiel Evoqu\u00e9 compact et puissant (une voie). La capacit\u00e9 de combiner plusieurs tests sur un seul appareil rationalise la collecte de donn\u00e9es et simplifie le flux de travail du clinicien.<\/p>\n<p>&nbsp;<\/p>\n<p>Personnalisez vos tests pour r\u00e9pondre \u00e0 vos besoins gr\u00e2ce aux diff\u00e9rents modules :<\/p>\n<ul>\n<li>PEA de d\u00e9pistage<\/li>\n<li>PEA de diagnostic<\/li>\n<li>PEA avec Implant Cochl\u00e9aire<\/li>\n<li>ASSR<\/li>\n<li>Audiom\u00e9trie de d\u00e9pistage<\/li>\n<li>Audiom\u00e9trie de diagnostic<\/li>\n<li>OEA de d\u00e9pistage<\/li>\n<li>OEA de diagnostic<\/li>\n<li>OEA d&rsquo;entr\u00e9e-sortie (input-output)<\/li>\n<li>Estimation du seuil OEA<\/li>\n<\/ul>\n","link":null}},{"acf_fc_layout":"related_products","_acfe_flexible_layout_title":"Resources and Support","_acfe_flexible_toggle":"","tiles_3_columns_landing":{"module_options":{"":null,"module_id":"info","module_class":"","module_background_type":"color","module_background_color":"","module_background_image":false,"module_background_video":"","activate_custom_padding":false,"padding_top_desktop":"0","padding_top_tablet":"0","padding_top_mobile":"0","padding_bottom_desktop":"0","padding_bottom_tablet":"0","padding_bottom_mobile":"0","activate_custom_margin":false,"margin_top_desktop":"0","margin_top_tablet":"0","margin_top_mobile":"0","margin_bottom_desktop":"0","margin_bottom_tablet":"0","margin_bottom_mobile":"0","disable_on":[],"content_alignment_desktop":"left","content_alignment_tablet":"left","content_alignment_mobile":"left"},"intro_text":"Ressources et Assistance","intro_text_color":"","intro_link":null,"tiles":[{"label":"Ressources","label_background_color":"#154284","image":false,"title":"Brochure, fiche technique et plus","link":{"type":"url","value":"https:\/\/natus.bynder.com\/web\/4fdcfce4cb235bd5\/resource-library-bio-logic-navpro-one\/","url":"https:\/\/natus.bynder.com\/web\/4fdcfce4cb235bd5\/resource-library-bio-logic-navpro-one\/","name":"https:\/\/natus.bynder.com\/web\/4fdcfce4cb235bd5\/resource-library-bio-logic-navpro-one\/","title":"NavPRO ONE Ressources","target":"_blank"}},{"label":"Assistance","label_background_color":"#154284","image":false,"title":"Guide d'utilisation (eIFUs)","link":{"type":"post","value":"883","url":"https:\/\/natussensory.com\/support\/","name":"Service &#038; Support","title":"Service et Assistance","target":""}}]}},{"acf_fc_layout":"related_products","_acfe_flexible_toggle":"","tiles_3_columns_landing":{"module_options":{"":null,"module_id":"n6514a01e126d0","module_class":"","module_background_type":"color","module_background_color":"","module_background_image":false,"module_background_video":"","activate_custom_padding":false,"padding_top_desktop":"0","padding_top_tablet":"0","padding_top_mobile":"0","padding_bottom_desktop":"0","padding_bottom_tablet":"0","padding_bottom_mobile":"0","activate_custom_margin":false,"margin_top_desktop":"0","margin_top_tablet":"0","margin_top_mobile":"0","margin_bottom_desktop":"0","margin_bottom_tablet":"0","margin_bottom_mobile":"0","disable_on":[],"content_alignment_desktop":"left","content_alignment_tablet":"left","content_alignment_mobile":"left"},"intro_text":"Produits Connexes","intro_text_color":"#005e63","intro_link":{"type":"post","value":"1518","url":"https:\/\/natussensory.com\/products\/","name":"Products","title":"Voir tous les produits","target":""},"tiles":[{"label":"BioLink software","label_background_color":"#154284","image":false,"title":"Download","link":{"type":"post","value":"883","url":"https:\/\/natussensory.com\/support\/","name":"Service &#038; Support","title":"Download Center","target":""}},{"label":"Bio-logic AuDX PRO FLEX","label_background_color":"#154284","image":{"ID":7986,"id":7986,"title":"AuDX-Pro-Flex_linkspot","filename":"AuDX-Pro-Flex_linkspot.jpg","filesize":61403,"url":"https:\/\/natussensory.com\/wp-content\/uploads\/AuDX-Pro-Flex_linkspot.jpg","link":"https:\/\/natussensory.com\/fr\/produits\/navpro-one\/audx-pro-flex_linkspot-2\/","alt":"AuDX-Pro-Flex","author":"4","description":"","caption":"","name":"audx-pro-flex_linkspot-2","status":"inherit","uploaded_to":9401,"date":"2023-09-27 21:33:55","modified":"2025-08-06 13:38:04","menu_order":0,"mime_type":"image\/jpeg","type":"image","subtype":"jpeg","icon":"https:\/\/natussensory.com\/wp-includes\/images\/media\/default.png","width":600,"height":300,"sizes":{"thumbnail":"https:\/\/natussensory.com\/wp-content\/uploads\/AuDX-Pro-Flex_linkspot.jpg","thumbnail-width":128,"thumbnail-height":64,"medium":"https:\/\/natussensory.com\/wp-content\/uploads\/AuDX-Pro-Flex_linkspot.jpg","medium-width":600,"medium-height":300,"medium_large":"https:\/\/natussensory.com\/wp-content\/uploads\/AuDX-Pro-Flex_linkspot.jpg","medium_large-width":600,"medium_large-height":300,"large":"https:\/\/natussensory.com\/wp-content\/uploads\/AuDX-Pro-Flex_linkspot.jpg","large-width":600,"large-height":300,"1536x1536":"https:\/\/natussensory.com\/wp-content\/uploads\/AuDX-Pro-Flex_linkspot.jpg","1536x1536-width":600,"1536x1536-height":300,"2048x2048":"https:\/\/natussensory.com\/wp-content\/uploads\/AuDX-Pro-Flex_linkspot.jpg","2048x2048-width":600,"2048x2048-height":300}},"title":"Appareil de table flexible permettant de r\u00e9aliser l\u2019imp\u00e9dancem\u00e8trie en mode d\u00e9pistage ou en mode diagnostic.","link":{"type":"post","value":"4049","url":"https:\/\/natussensory.com\/products\/audx-pro-flex\/","name":"Bio-logic\u00ae AuDX PRO FLEX\u00ae &#8211; Diagnostic OAE","title":"En Savoir Plus","target":""}},{"label":"Bio-logic AuDX PRO","label_background_color":"#154284","image":{"ID":7996,"id":7996,"title":"AuDX-Pro_linkspot","filename":"AuDX-Pro_linkspot.jpg","filesize":38101,"url":"https:\/\/natussensory.com\/wp-content\/uploads\/AuDX-Pro_linkspot.jpg","link":"https:\/\/natussensory.com\/fr\/produits\/navpro-one\/audx-pro_linkspot-2\/","alt":"AuDX-Pro","author":"4","description":"","caption":"","name":"audx-pro_linkspot-2","status":"inherit","uploaded_to":9401,"date":"2023-09-27 21:33:59","modified":"2025-08-06 13:41:24","menu_order":0,"mime_type":"image\/jpeg","type":"image","subtype":"jpeg","icon":"https:\/\/natussensory.com\/wp-includes\/images\/media\/default.png","width":600,"height":300,"sizes":{"thumbnail":"https:\/\/natussensory.com\/wp-content\/uploads\/AuDX-Pro_linkspot.jpg","thumbnail-width":128,"thumbnail-height":64,"medium":"https:\/\/natussensory.com\/wp-content\/uploads\/AuDX-Pro_linkspot.jpg","medium-width":600,"medium-height":300,"medium_large":"https:\/\/natussensory.com\/wp-content\/uploads\/AuDX-Pro_linkspot.jpg","medium_large-width":600,"medium_large-height":300,"large":"https:\/\/natussensory.com\/wp-content\/uploads\/AuDX-Pro_linkspot.jpg","large-width":600,"large-height":300,"1536x1536":"https:\/\/natussensory.com\/wp-content\/uploads\/AuDX-Pro_linkspot.jpg","1536x1536-width":600,"1536x1536-height":300,"2048x2048":"https:\/\/natussensory.com\/wp-content\/uploads\/AuDX-Pro_linkspot.jpg","2048x2048-width":600,"2048x2048-height":300}},"title":"D\u2019oto-\u00e9missions acoustiques (OAE) diagnostic portable","link":{"type":"post","value":"4068","url":"https:\/\/natussensory.com\/products\/audx-pro\/","name":"Bio-logic\u00ae AuDX\u00ae PRO &#8211; Diagnostic OAE","title":"En Savoir Plus","target":""}}]}},{"acf_fc_layout":"contact_form","_acfe_flexible_toggle":"","contact_form_landing":{"module_options":{"":null,"module_id":"contact","module_class":"","module_background_type":"color","module_background_color":"","module_background_image":false,"module_background_video":"","activate_custom_padding":false,"padding_top_desktop":"0","padding_top_tablet":"0","padding_top_mobile":"0","padding_bottom_desktop":"0","padding_bottom_tablet":"0","padding_bottom_mobile":"0","activate_custom_margin":false,"margin_top_desktop":"0","margin_top_tablet":"0","margin_top_mobile":"0","margin_bottom_desktop":"0","margin_bottom_tablet":"0","margin_bottom_mobile":"0","disable_on":[],"content_alignment_desktop":"left","content_alignment_tablet":"left","content_alignment_mobile":"left"},"":null,"activate_intro":false,"intro_text":"","intro_text_color":"","intro_link":null,"activate_description":true,"description_title":"Contactez-nous","description_copy":"","embed_code":"<script charset=\"utf-8\" type=\"text\/javascript\" src=\"\/\/js.hsforms.net\/forms\/embed\/v2.js\"><\/script>\r\n<script>\r\n  hbspt.forms.create({\r\n    region: \"na1\",\r\n    portalId: \"3002890\",\r\n    formId: \"81d98284-6b1e-4ab0-8961-7322364afeed\"\r\n  });\r\n<\/script>"}},{"acf_fc_layout":"simple_content","_acfe_flexible_layout_title":"Part number","_acfe_flexible_toggle":"","content_full_width_landing":{"module_options":{"":null,"module_id":"n6514a01e327a5","module_class":"","module_background_type":"color","module_background_color":"","module_background_image":false,"module_background_video":"","activate_custom_padding":false,"padding_top_desktop":"0","padding_top_tablet":"0","padding_top_mobile":"0","padding_bottom_desktop":"0","padding_bottom_tablet":"0","padding_bottom_mobile":"0","activate_custom_margin":false,"margin_top_desktop":"0","margin_top_tablet":"0","margin_top_mobile":"0","margin_bottom_desktop":"0","margin_bottom_tablet":"0","margin_bottom_mobile":"0","disable_on":[],"content_alignment_desktop":"left","content_alignment_tablet":"left","content_alignment_mobile":"left"},"activate_custom_container_width":false,"container_width":"","content":"<p><span style=\"font-size: 11px;\">7-36-1330-FR_01<\/span><\/p>\n"}}]},"_links":{"self":[{"href":"https:\/\/natussensory.com\/fr\/wp-json\/wp\/v2\/pages\/9401","targetHints":{"allow":["GET"]}}],"collection":[{"href":"https:\/\/natussensory.com\/fr\/wp-json\/wp\/v2\/pages"}],"about":[{"href":"https:\/\/natussensory.com\/fr\/wp-json\/wp\/v2\/types\/page"}],"author":[{"embeddable":true,"href":"https:\/\/natussensory.com\/fr\/wp-json\/wp\/v2\/users\/4"}],"replies":[{"embeddable":true,"href":"https:\/\/natussensory.com\/fr\/wp-json\/wp\/v2\/comments?post=9401"}],"version-history":[{"count":9,"href":"https:\/\/natussensory.com\/fr\/wp-json\/wp\/v2\/pages\/9401\/revisions"}],"predecessor-version":[{"id":27638,"href":"https:\/\/natussensory.com\/fr\/wp-json\/wp\/v2\/pages\/9401\/revisions\/27638"}],"up":[{"embeddable":true,"href":"https:\/\/natussensory.com\/fr\/wp-json\/wp\/v2\/pages\/10961"}],"wp:attachment":[{"href":"https:\/\/natussensory.com\/fr\/wp-json\/wp\/v2\/media?parent=9401"}],"wp:term":[{"taxonomy":"category","embeddable":true,"href":"https:\/\/natussensory.com\/fr\/wp-json\/wp\/v2\/categories?post=9401"},{"taxonomy":"post_tag","embeddable":true,"href":"https:\/\/natussensory.com\/fr\/wp-json\/wp\/v2\/tags?post=9401"}],"curies":[{"name":"wp","href":"https:\/\/api.w.org\/{rel}","templated":true}]}}