{"id":9219,"date":"2023-09-11T10:22:28","date_gmt":"2023-09-11T10:22:28","guid":{"rendered":"https:\/\/natussensory.com\/sensory\/aurical-aud\/"},"modified":"2025-10-22T11:11:40","modified_gmt":"2025-10-22T11:11:40","slug":"aurical-aud","status":"publish","type":"page","link":"https:\/\/natussensory.com\/fr\/produits\/aurical-aud\/","title":{"rendered":"Aurical Aud Audiom\u00e9tre"},"content":{"rendered":"","protected":false},"excerpt":{"rendered":"","protected":false},"author":4,"featured_media":0,"parent":10961,"menu_order":0,"comment_status":"closed","ping_status":"closed","template":"templates\/page-sensory-solutions-product-landing.php","meta":{"_acf_changed":false,"inline_featured_image":false,"footnotes":""},"categories":[282,291],"tags":[],"class_list":["post-9219","page","type-page","status-publish","hentry","category-evaluation-auditive","category-hearing-assessment-fr"],"acf":{"content_blocks":[{"acf_fc_layout":"spacer","_acfe_flexible_toggle":"","spacer":{"module_options":{"":null,"module_id":"n64babb6de86c1","module_class":"","module_background_type":"color","module_background_color":"#473089","module_background_image":false,"module_background_video":"","activate_custom_padding":false,"padding_top_desktop":"0","padding_top_tablet":"0","padding_top_mobile":"0","padding_bottom_desktop":"0","padding_bottom_tablet":"0","padding_bottom_mobile":"0","activate_custom_margin":false,"margin_top_desktop":"0","margin_top_tablet":"0","margin_top_mobile":"0","margin_bottom_desktop":"0","margin_bottom_tablet":"0","margin_bottom_mobile":"0","disable_on":[],"content_alignment_desktop":"left","content_alignment_tablet":"left","content_alignment_mobile":"left"},"height":"160"}},{"acf_fc_layout":"intro_with_sticky_image","_acfe_flexible_toggle":"","left_content_right_image_sticky":{"module_options":{"":null,"module_id":"n65142e9c3a22f","module_class":"","module_background_type":"color","module_background_color":"","module_background_image":false,"module_background_video":"","activate_custom_padding":false,"padding_top_desktop":"0","padding_top_tablet":"0","padding_top_mobile":"0","padding_bottom_desktop":"0","padding_bottom_tablet":"0","padding_bottom_mobile":"0","activate_custom_margin":false,"margin_top_desktop":"0","margin_top_tablet":"0","margin_top_mobile":"0","margin_bottom_desktop":"0","margin_bottom_tablet":"0","margin_bottom_mobile":"0","disable_on":[],"content_alignment_desktop":"left","content_alignment_tablet":"left","content_alignment_mobile":"left"},"":null,"title":"Aurical<sup>\u00ae<\/sup> Aud","subheader":"<p><strong>Choisissez un audiom\u00e8tre portable avec une flexibilit\u00e9 exceptionnelle<\/strong><\/p>\n<p>Aurical Aud est un audiom\u00e8tre d\u00e9di\u00e9 aux r\u00e9glages, d\u00e9velopp\u00e9 sp\u00e9cialement pour le r\u00e9glage des aides auditives. Il p\u00e8se seulement 655 grammes, mais ne vous fiez pas \u00e0 sa petite taille !<\/p>\n<p>&nbsp;<\/p>\n<p>Aurical Aud a toutes les fonctions dont vous avez besoin pour fournir un r\u00e9glage efficace et pr\u00e9cis de l&rsquo;aide auditive. Plus qu&rsquo;un audiom\u00e8tre, Aurical Aud int\u00e8gre des outils de conseil, un amplificateur de puissance, un hub USB et un Hi-Pro 2 en option avec un mode \u00e0 haute vitesse dans un design moderne et compact.<\/p>\n","icons":false,"quick_navigation":[{"quick_link":{"type":"url","value":"#contact","url":"#contact","name":"#contact","title":"Demander un devis","target":""}},{"quick_link":{"type":"url","value":"#info","url":"#info","name":"#info","title":"Explorer plus de d\u00e9tails","target":""}}],"description":"","message_label":" ","message_title":"Vous recherchez un service de produit ou une assistance technique ?","message_link":{"type":"post","value":"883","url":"https:\/\/natussensory.com\/support\/","name":"Service &#038; Support","title":" Service et Assistance","target":""},"right_sticky_image":{"ID":2875,"id":2875,"title":"Aurical Aud_product thumbnail","filename":"Aurical-Aud_product-thumbnail.png","filesize":110754,"url":"https:\/\/natussensory.com\/wp-content\/uploads\/Aurical-Aud_product-thumbnail.png","link":"https:\/\/natussensory.com\/fr\/produits\/aurical-aud\/aurical-aud_product-thumbnail-2\/","alt":"View of the Aurical Aud fitting audiometer showing multiple connectivity ports for hearing aid fitting and audiometric testing.","author":"4","description":"","caption":"","name":"aurical-aud_product-thumbnail-2","status":"inherit","uploaded_to":9219,"date":"2023-09-11 10:23:52","modified":"2025-05-07 11:41:19","menu_order":0,"mime_type":"image\/png","type":"image","subtype":"png","icon":"https:\/\/natussensory.com\/wp-includes\/images\/media\/default.png","width":500,"height":304,"sizes":{"thumbnail":"https:\/\/natussensory.com\/wp-content\/uploads\/Aurical-Aud_product-thumbnail.png","thumbnail-width":128,"thumbnail-height":78,"medium":"https:\/\/natussensory.com\/wp-content\/uploads\/Aurical-Aud_product-thumbnail.png","medium-width":500,"medium-height":304,"medium_large":"https:\/\/natussensory.com\/wp-content\/uploads\/Aurical-Aud_product-thumbnail.png","medium_large-width":500,"medium_large-height":304,"large":"https:\/\/natussensory.com\/wp-content\/uploads\/Aurical-Aud_product-thumbnail.png","large-width":500,"large-height":304,"1536x1536":"https:\/\/natussensory.com\/wp-content\/uploads\/Aurical-Aud_product-thumbnail.png","1536x1536-width":500,"1536x1536-height":304,"2048x2048":"https:\/\/natussensory.com\/wp-content\/uploads\/Aurical-Aud_product-thumbnail.png","2048x2048-width":500,"2048x2048-height":304}}}},{"acf_fc_layout":"simple_content","_acfe_flexible_toggle":"","content_full_width_landing":{"module_options":{"":null,"module_id":"n65142e9c4303b","module_class":"","module_background_type":"color","module_background_color":"","module_background_image":false,"module_background_video":"","activate_custom_padding":false,"padding_top_desktop":"0","padding_top_tablet":"0","padding_top_mobile":"0","padding_bottom_desktop":"0","padding_bottom_tablet":"0","padding_bottom_mobile":"0","activate_custom_margin":false,"margin_top_desktop":"0","margin_top_tablet":"0","margin_top_mobile":"0","margin_bottom_desktop":"0","margin_bottom_tablet":"0","margin_bottom_mobile":"0","disable_on":[],"content_alignment_desktop":"left","content_alignment_tablet":"left","content_alignment_mobile":"left"},"activate_custom_container_width":false,"container_width":"","content":"<h2>Un audiom\u00e8tre d\u00e9di\u00e9 aux r\u00e9glages pour satisfaire davantage de patients<\/h2>\n<p>&nbsp;<\/p>\n"}},{"acf_fc_layout":"product_details_right_image_and_left_content","_acfe_flexible_toggle":"","right_image_left_content_single_cta_landing":{"module_options":{"":null,"module_id":"n65142e9c4982c","module_class":"","module_background_type":"color","module_background_color":"","module_background_image":false,"module_background_video":"","activate_custom_padding":false,"padding_top_desktop":"0","padding_top_tablet":"0","padding_top_mobile":"0","padding_bottom_desktop":"0","padding_bottom_tablet":"0","padding_bottom_mobile":"0","activate_custom_margin":false,"margin_top_desktop":"0","margin_top_tablet":"0","margin_top_mobile":"0","margin_bottom_desktop":"0","margin_bottom_tablet":"0","margin_bottom_mobile":"0","disable_on":[],"content_alignment_desktop":"left","content_alignment_tablet":"left","content_alignment_mobile":"left"},"":null,"label":"","title":"L'audiom\u00e8tre de r\u00e9glage utilisable partout o\u00f9 vous en avez besoin","description":"<p>Que vous le placiez sous votre bureau, sur le mur ou sur une table, l&rsquo;audiom\u00e8tre de r\u00e9glage Aurical Aud est esth\u00e9tique. Discret et \u00e9l\u00e9gant, l&rsquo;Aurical Aud est un audiom\u00e8tre portable qui donne une image professionnelle \u00e0 votre service<br \/>\nclinique ou \u00e0 votre centre auditif.<\/p>\n<p>&nbsp;<\/p>\n<p>Mont\u00e9 sous votre bureau ou votre table, l&rsquo;Aurical\u00a0Aud dissimule les c\u00e2bles tout en fournissant un acc\u00e8s facile \u00e0 toutes vos connexions, y compris les prises Hi-Pro. Moderne, compact et l\u00e9ger, c&rsquo;est l&rsquo;audiom\u00e8tre le plus portable disponible. Vous pouvez l&#8217;emporter partout avec vous, que vos patients se trouvent dans votre centre, votre service ou \u00e0 l&rsquo;ext\u00e9rieur.<\/p>\n","link":null,"image":{"ID":2880,"id":2880,"title":"Aurical Aud_product_spot","filename":"Aurical-Aud_product_spot.jpg","filesize":58520,"url":"https:\/\/natussensory.com\/wp-content\/uploads\/Aurical-Aud_product_spot.jpg","link":"https:\/\/natussensory.com\/fr\/produits\/aurical-aud\/aurical-aud_product_spot-2\/","alt":"Aurical Aud hearing aid fitting audiometer with cables connected.","author":"4","description":"","caption":"","name":"aurical-aud_product_spot-2","status":"inherit","uploaded_to":9219,"date":"2023-09-11 10:25:09","modified":"2025-05-07 11:42:54","menu_order":0,"mime_type":"image\/jpeg","type":"image","subtype":"jpeg","icon":"https:\/\/natussensory.com\/wp-includes\/images\/media\/default.png","width":800,"height":450,"sizes":{"thumbnail":"https:\/\/natussensory.com\/wp-content\/uploads\/Aurical-Aud_product_spot.jpg","thumbnail-width":128,"thumbnail-height":72,"medium":"https:\/\/natussensory.com\/wp-content\/uploads\/Aurical-Aud_product_spot.jpg","medium-width":800,"medium-height":450,"medium_large":"https:\/\/natussensory.com\/wp-content\/uploads\/Aurical-Aud_product_spot-768x432.jpg","medium_large-width":768,"medium_large-height":432,"large":"https:\/\/natussensory.com\/wp-content\/uploads\/Aurical-Aud_product_spot.jpg","large-width":800,"large-height":450,"1536x1536":"https:\/\/natussensory.com\/wp-content\/uploads\/Aurical-Aud_product_spot.jpg","1536x1536-width":800,"1536x1536-height":450,"2048x2048":"https:\/\/natussensory.com\/wp-content\/uploads\/Aurical-Aud_product_spot.jpg","2048x2048-width":800,"2048x2048-height":450}}}},{"acf_fc_layout":"product_details_left_image_and_right_content","_acfe_flexible_toggle":"","left_image_right_content_single_cta_landing":{"module_options":{"":null,"module_id":"n65142e9c53879","module_class":"","module_background_type":"color","module_background_color":"","module_background_image":false,"module_background_video":"","activate_custom_padding":false,"padding_top_desktop":"0","padding_top_tablet":"0","padding_top_mobile":"0","padding_bottom_desktop":"0","padding_bottom_tablet":"0","padding_bottom_mobile":"0","activate_custom_margin":false,"margin_top_desktop":"0","margin_top_tablet":"0","margin_top_mobile":"0","margin_bottom_desktop":"0","margin_bottom_tablet":"0","margin_bottom_mobile":"0","disable_on":[],"content_alignment_desktop":"left","content_alignment_tablet":"left","content_alignment_mobile":"left"},"image":{"ID":2885,"id":2885,"title":"Aurical Aud_software_spot","filename":"Aurical-Aud_software_spot.jpg","filesize":198902,"url":"https:\/\/natussensory.com\/wp-content\/uploads\/Aurical-Aud_software_spot.jpg","link":"https:\/\/natussensory.com\/fr\/produits\/aurical-aud\/aurical-aud_software_spot-2\/","alt":"Audiologist using fitting audiometer software on a laptop to analyze hearing aid fitting data.","author":"4","description":"","caption":"","name":"aurical-aud_software_spot-2","status":"inherit","uploaded_to":9219,"date":"2023-09-11 10:25:11","modified":"2025-05-07 11:43:43","menu_order":0,"mime_type":"image\/jpeg","type":"image","subtype":"jpeg","icon":"https:\/\/natussensory.com\/wp-includes\/images\/media\/default.png","width":800,"height":450,"sizes":{"thumbnail":"https:\/\/natussensory.com\/wp-content\/uploads\/Aurical-Aud_software_spot.jpg","thumbnail-width":128,"thumbnail-height":72,"medium":"https:\/\/natussensory.com\/wp-content\/uploads\/Aurical-Aud_software_spot.jpg","medium-width":800,"medium-height":450,"medium_large":"https:\/\/natussensory.com\/wp-content\/uploads\/Aurical-Aud_software_spot-768x432.jpg","medium_large-width":768,"medium_large-height":432,"large":"https:\/\/natussensory.com\/wp-content\/uploads\/Aurical-Aud_software_spot.jpg","large-width":800,"large-height":450,"1536x1536":"https:\/\/natussensory.com\/wp-content\/uploads\/Aurical-Aud_software_spot.jpg","1536x1536-width":800,"1536x1536-height":450,"2048x2048":"https:\/\/natussensory.com\/wp-content\/uploads\/Aurical-Aud_software_spot.jpg","2048x2048-width":800,"2048x2048-height":450}},"label":"","title":"Un audiom\u00e8tre de r\u00e9glage facile \u00e0 utiliser et compatible avec Noah et DMP \u00e9lectronique","description":"<p>Aurical Aud est facile \u00e0 utiliser, car il s&rsquo;appuie sur le logiciel Otosuite \u2013 le syst\u00e8me de logiciel int\u00e9gr\u00e9 d&rsquo;Natus.<\/p>\n<p>&nbsp;<\/p>\n<p>Avec un panneau de commande \u00e0 l&rsquo;\u00e9cran et des fonctions de test utilisateur faciles d&rsquo;acc\u00e8s, vous pouvez personnaliser votre processus pour r\u00e9pondre aux besoins uniques de votre centre auditif. Et avec une fonctionnalit\u00e9 RoomTune exclusive, vous pouvez transformer Aurical Aud en syst\u00e8me sonore compens\u00e9 pour diffuser un son plus pr\u00e9cis et plus fiable depuis vos modules de r\u00e9glage fabricants.<\/p>\n<p>&nbsp;<\/p>\n<p>Otosuite permet \u00e9galement une gestion des donn\u00e9es facile, une s\u00e9lection des mod\u00e8les de rapports et s&rsquo;int\u00e8gre dans Noah et les dossiers m\u00e9dicaux \u00e9lectroniques.<\/p>\n","link":null}},{"acf_fc_layout":"product_information","_acfe_flexible_toggle":"","left_accordion_right_image_landing":{"module_options":{"":null,"module_id":"info","module_class":"","module_background_type":"color","module_background_color":"","module_background_image":false,"module_background_video":"","activate_custom_padding":false,"padding_top_desktop":"0","padding_top_tablet":"0","padding_top_mobile":"0","padding_bottom_desktop":"0","padding_bottom_tablet":"0","padding_bottom_mobile":"0","activate_custom_margin":false,"margin_top_desktop":"0","margin_top_tablet":"0","margin_top_mobile":"0","margin_bottom_desktop":"0","margin_bottom_tablet":"0","margin_bottom_mobile":"0","disable_on":[],"content_alignment_desktop":"left","content_alignment_tablet":"left","content_alignment_mobile":"left"},"intro":"Information Produit","description":"","accordion":[{"title":"Caract\u00e9ristiques","accordion_content":[{"acf_fc_layout":"full_content","accordion_description":"<ul>\n<li>Interface utilisateur intuitive<\/li>\n<li>Tests d&rsquo;audiom\u00e9trie tonale jusqu&rsquo;\u00e0 12,5 kHz<\/li>\n<li>Listes de mots int\u00e9gr\u00e9es avec scores assist\u00e9s<\/li>\n<li>Amplificateur int\u00e9gr\u00e9 pour champ libre<\/li>\n<li>Connexions s\u00e9par\u00e9es pour les inserts et les casques<\/li>\n<li>Carte son int\u00e9gr\u00e9e pour le conseil et les simulations<\/li>\n<li>RoomTune pour la fonctionnalit\u00e9 de carte son compens\u00e9e<\/li>\n<li>Diverses options de montage<\/li>\n<li>HI-PRO 2 int\u00e9gr\u00e9 en option<\/li>\n<\/ul>\n"}]},{"title":"Tests","accordion_content":[{"acf_fc_layout":"full_content","accordion_description":"<ul>\n<li>Conduction a\u00e9rienne, conduction osseuse et champ libre<\/li>\n<li>Bruit FRESH<\/li>\n<li>Tests SAL, TEN, QuickSIN<\/li>\n<li>Assistant de masquage<\/li>\n<li>Option d&rsquo;\u00e9chelle d&rsquo;intensit\u00e9<\/li>\n<\/ul>\n"}]}],"image_left":false}},{"acf_fc_layout":"related_products","_acfe_flexible_layout_title":"Resources and Support","_acfe_flexible_toggle":"","tiles_3_columns_landing":{"module_options":{"":null,"module_id":"n6514389e9cd0e","module_class":"","module_background_type":"color","module_background_color":"","module_background_image":false,"module_background_video":"","activate_custom_padding":false,"padding_top_desktop":"0","padding_top_tablet":"0","padding_top_mobile":"0","padding_bottom_desktop":"0","padding_bottom_tablet":"0","padding_bottom_mobile":"0","activate_custom_margin":false,"margin_top_desktop":"0","margin_top_tablet":"0","margin_top_mobile":"0","margin_bottom_desktop":"0","margin_bottom_tablet":"0","margin_bottom_mobile":"0","disable_on":[],"content_alignment_desktop":"left","content_alignment_tablet":"left","content_alignment_mobile":"left"},"intro_text":"Ressources et Assistance","intro_text_color":"","intro_link":null,"tiles":[{"label":"Ressources","label_background_color":"#154284","image":false,"title":"Brochure, fiche technique et plus","link":{"type":"url","value":"https:\/\/natus.bynder.com\/web\/7aaf126f4761070f\/resource-library-aurical-aud\/","url":"https:\/\/natus.bynder.com\/web\/7aaf126f4761070f\/resource-library-aurical-aud\/","name":"https:\/\/natus.bynder.com\/web\/7aaf126f4761070f\/resource-library-aurical-aud\/","title":"Aurical Aud Ressources","target":"_blank"}},{"label":"Assistance","label_background_color":"#154284","image":false,"title":"Guide d'utilisation (eIFUs)","link":{"type":"post","value":"883","url":"https:\/\/natussensory.com\/support\/","name":"Service &#038; Support","title":"Service et Assistance","target":""}}]}},{"acf_fc_layout":"related_products","_acfe_flexible_toggle":"","tiles_3_columns_landing":{"module_options":{"":null,"module_id":"n65142e9e186ad","module_class":"","module_background_type":"color","module_background_color":"","module_background_image":false,"module_background_video":"","activate_custom_padding":false,"padding_top_desktop":"0","padding_top_tablet":"0","padding_top_mobile":"0","padding_bottom_desktop":"0","padding_bottom_tablet":"0","padding_bottom_mobile":"0","activate_custom_margin":false,"margin_top_desktop":"0","margin_top_tablet":"0","margin_top_mobile":"0","margin_bottom_desktop":"0","margin_bottom_tablet":"0","margin_bottom_mobile":"0","disable_on":[],"content_alignment_desktop":"left","content_alignment_tablet":"left","content_alignment_mobile":"left"},"intro_text":"Produits Connexes","intro_text_color":"#005e63","intro_link":{"type":"post","value":"1518","url":"https:\/\/natussensory.com\/products\/","name":"Products","title":"Voir tous les produits","target":""},"tiles":[{"label":"Madsen Astera2","label_background_color":"#154284","image":{"ID":7757,"id":7757,"title":"Astera2_linkspot","filename":"Astera2_linkspot.jpg","filesize":101402,"url":"https:\/\/natussensory.com\/wp-content\/uploads\/Astera2_linkspot.jpg","link":"https:\/\/natussensory.com\/fr\/produits\/aurical-aud\/astera2_linkspot-2\/","alt":"Astera2","author":"4","description":"","caption":"","name":"astera2_linkspot-2","status":"inherit","uploaded_to":9219,"date":"2023-09-27 13:42:29","modified":"2025-08-06 13:49:40","menu_order":0,"mime_type":"image\/jpeg","type":"image","subtype":"jpeg","icon":"https:\/\/natussensory.com\/wp-includes\/images\/media\/default.png","width":600,"height":300,"sizes":{"thumbnail":"https:\/\/natussensory.com\/wp-content\/uploads\/Astera2_linkspot.jpg","thumbnail-width":128,"thumbnail-height":64,"medium":"https:\/\/natussensory.com\/wp-content\/uploads\/Astera2_linkspot.jpg","medium-width":600,"medium-height":300,"medium_large":"https:\/\/natussensory.com\/wp-content\/uploads\/Astera2_linkspot.jpg","medium_large-width":600,"medium_large-height":300,"large":"https:\/\/natussensory.com\/wp-content\/uploads\/Astera2_linkspot.jpg","large-width":600,"large-height":300,"1536x1536":"https:\/\/natussensory.com\/wp-content\/uploads\/Astera2_linkspot.jpg","1536x1536-width":600,"1536x1536-height":300,"2048x2048":"https:\/\/natussensory.com\/wp-content\/uploads\/Astera2_linkspot.jpg","2048x2048-width":600,"2048x2048-height":300}},"title":"Audiom\u00e8tre clinique","link":{"type":"post","value":"2258","url":"https:\/\/natussensory.com\/products\/madsen-astera2\/","name":"Madsen\u00aeAstera<sup>2<\/sup> &#8211; Clinical Audiometer","title":"En Savoir Plus","target":""}},{"label":"Madsen Zodiac","label_background_color":"#154284","image":{"ID":7663,"id":7663,"title":"Zodiac_linkspot","filename":"Zodiac_linkspot.jpg","filesize":58846,"url":"https:\/\/natussensory.com\/wp-content\/uploads\/Zodiac_linkspot.jpg","link":"https:\/\/natussensory.com\/fr\/produits\/madsen-astera2\/zodiac_linkspot-2\/","alt":"Zodiac","author":"4","description":"","caption":"","name":"zodiac_linkspot-2","status":"inherit","uploaded_to":9206,"date":"2023-09-27 12:14:04","modified":"2025-08-06 13:56:54","menu_order":0,"mime_type":"image\/jpeg","type":"image","subtype":"jpeg","icon":"https:\/\/natussensory.com\/wp-includes\/images\/media\/default.png","width":600,"height":300,"sizes":{"thumbnail":"https:\/\/natussensory.com\/wp-content\/uploads\/Zodiac_linkspot.jpg","thumbnail-width":128,"thumbnail-height":64,"medium":"https:\/\/natussensory.com\/wp-content\/uploads\/Zodiac_linkspot.jpg","medium-width":600,"medium-height":300,"medium_large":"https:\/\/natussensory.com\/wp-content\/uploads\/Zodiac_linkspot.jpg","medium_large-width":600,"medium_large-height":300,"large":"https:\/\/natussensory.com\/wp-content\/uploads\/Zodiac_linkspot.jpg","large-width":600,"large-height":300,"1536x1536":"https:\/\/natussensory.com\/wp-content\/uploads\/Zodiac_linkspot.jpg","1536x1536-width":600,"1536x1536-height":300,"2048x2048":"https:\/\/natussensory.com\/wp-content\/uploads\/Zodiac_linkspot.jpg","2048x2048-width":600,"2048x2048-height":300}},"title":"Avec les sondes Diagnostic et Quick Check Gen 2","link":{"type":"post","value":"1992","url":"https:\/\/natussensory.com\/products\/madsen-zodiac\/","name":"Madsen\u00ae Zodiac &#8211; Tympanometer","title":"En Savoir Plus","target":""}},{"label":"Madsen A450","label_background_color":"#154284","image":{"ID":7762,"id":7762,"title":"Madsen-A450_linkspot","filename":"Madsen-A450_linkspot.jpg","filesize":25381,"url":"https:\/\/natussensory.com\/wp-content\/uploads\/Madsen-A450_linkspot.jpg","link":"https:\/\/natussensory.com\/fr\/produits\/aurical-aud\/madsen-a450_linkspot-2\/","alt":"Madsen-A450","author":"4","description":"","caption":"","name":"madsen-a450_linkspot-2","status":"inherit","uploaded_to":9219,"date":"2023-09-27 13:43:28","modified":"2025-08-06 13:47:30","menu_order":0,"mime_type":"image\/jpeg","type":"image","subtype":"jpeg","icon":"https:\/\/natussensory.com\/wp-includes\/images\/media\/default.png","width":600,"height":300,"sizes":{"thumbnail":"https:\/\/natussensory.com\/wp-content\/uploads\/Madsen-A450_linkspot.jpg","thumbnail-width":128,"thumbnail-height":64,"medium":"https:\/\/natussensory.com\/wp-content\/uploads\/Madsen-A450_linkspot.jpg","medium-width":600,"medium-height":300,"medium_large":"https:\/\/natussensory.com\/wp-content\/uploads\/Madsen-A450_linkspot.jpg","medium_large-width":600,"medium_large-height":300,"large":"https:\/\/natussensory.com\/wp-content\/uploads\/Madsen-A450_linkspot.jpg","large-width":600,"large-height":300,"1536x1536":"https:\/\/natussensory.com\/wp-content\/uploads\/Madsen-A450_linkspot.jpg","1536x1536-width":600,"1536x1536-height":300,"2048x2048":"https:\/\/natussensory.com\/wp-content\/uploads\/Madsen-A450_linkspot.jpg","2048x2048-width":600,"2048x2048-height":300}},"title":"L'audiom\u00e8tre informatis\u00e9","link":{"type":"post","value":"2290","url":"https:\/\/natussensory.com\/products\/madsen-a450\/","name":"Madsen\u00ae A450 PC-based Audiometer","title":"En Savoir Plus","target":""}}]}},{"acf_fc_layout":"contact_form","_acfe_flexible_toggle":"","contact_form_landing":{"module_options":{"":null,"module_id":"contact","module_class":"","module_background_type":"color","module_background_color":"","module_background_image":false,"module_background_video":"","activate_custom_padding":false,"padding_top_desktop":"0","padding_top_tablet":"0","padding_top_mobile":"0","padding_bottom_desktop":"0","padding_bottom_tablet":"0","padding_bottom_mobile":"0","activate_custom_margin":false,"margin_top_desktop":"0","margin_top_tablet":"0","margin_top_mobile":"0","margin_bottom_desktop":"0","margin_bottom_tablet":"0","margin_bottom_mobile":"0","disable_on":[],"content_alignment_desktop":"left","content_alignment_tablet":"left","content_alignment_mobile":"left"},"":null,"activate_intro":false,"intro_text":"","intro_text_color":"","intro_link":null,"activate_description":true,"description_title":"Contactez-nous","description_copy":"","embed_code":"<script charset=\"utf-8\" type=\"text\/javascript\" src=\"\/\/js.hsforms.net\/forms\/embed\/v2.js\"><\/script>\r\n<script>\r\n  hbspt.forms.create({\r\n    region: \"na1\",\r\n    portalId: \"3002890\",\r\n    formId: \"81d98284-6b1e-4ab0-8961-7322364afeed\"\r\n  });\r\n<\/script>"}},{"acf_fc_layout":"simple_content","_acfe_flexible_layout_title":"Part number","_acfe_flexible_toggle":"","content_full_width_landing":{"module_options":{"":null,"module_id":"n65142ece4c499","module_class":"","module_background_type":"color","module_background_color":"","module_background_image":false,"module_background_video":"","activate_custom_padding":false,"padding_top_desktop":"0","padding_top_tablet":"0","padding_top_mobile":"0","padding_bottom_desktop":"0","padding_bottom_tablet":"0","padding_bottom_mobile":"0","activate_custom_margin":false,"margin_top_desktop":"0","margin_top_tablet":"0","margin_top_mobile":"0","margin_bottom_desktop":"0","margin_bottom_tablet":"0","margin_bottom_mobile":"0","disable_on":[],"content_alignment_desktop":"left","content_alignment_tablet":"left","content_alignment_mobile":"left"},"activate_custom_container_width":false,"container_width":"","content":"<p><span style=\"font-size: 11px;\">7-36-8401-FR_01<\/span><\/p>\n"}}]},"_links":{"self":[{"href":"https:\/\/natussensory.com\/fr\/wp-json\/wp\/v2\/pages\/9219","targetHints":{"allow":["GET"]}}],"collection":[{"href":"https:\/\/natussensory.com\/fr\/wp-json\/wp\/v2\/pages"}],"about":[{"href":"https:\/\/natussensory.com\/fr\/wp-json\/wp\/v2\/types\/page"}],"author":[{"embeddable":true,"href":"https:\/\/natussensory.com\/fr\/wp-json\/wp\/v2\/users\/4"}],"replies":[{"embeddable":true,"href":"https:\/\/natussensory.com\/fr\/wp-json\/wp\/v2\/comments?post=9219"}],"version-history":[{"count":11,"href":"https:\/\/natussensory.com\/fr\/wp-json\/wp\/v2\/pages\/9219\/revisions"}],"predecessor-version":[{"id":27579,"href":"https:\/\/natussensory.com\/fr\/wp-json\/wp\/v2\/pages\/9219\/revisions\/27579"}],"up":[{"embeddable":true,"href":"https:\/\/natussensory.com\/fr\/wp-json\/wp\/v2\/pages\/10961"}],"wp:attachment":[{"href":"https:\/\/natussensory.com\/fr\/wp-json\/wp\/v2\/media?parent=9219"}],"wp:term":[{"taxonomy":"category","embeddable":true,"href":"https:\/\/natussensory.com\/fr\/wp-json\/wp\/v2\/categories?post=9219"},{"taxonomy":"post_tag","embeddable":true,"href":"https:\/\/natussensory.com\/fr\/wp-json\/wp\/v2\/tags?post=9219"}],"curies":[{"name":"wp","href":"https:\/\/api.w.org\/{rel}","templated":true}]}}