{"id":29309,"date":"2026-04-22T12:53:13","date_gmt":"2026-04-22T12:53:13","guid":{"rendered":"https:\/\/natussensory.com\/otometrics\/"},"modified":"2026-05-04T09:03:26","modified_gmt":"2026-05-04T09:03:26","slug":"otometrics","status":"publish","type":"page","link":"https:\/\/natussensory.com\/fr\/otometrics\/","title":{"rendered":"Otometrics"},"content":{"rendered":"","protected":false},"excerpt":{"rendered":"","protected":false},"author":4,"featured_media":0,"parent":0,"menu_order":0,"comment_status":"closed","ping_status":"closed","template":"","meta":{"_acf_changed":false,"inline_featured_image":false,"footnotes":""},"categories":[],"tags":[],"class_list":["post-29309","page","type-page","status-publish","hentry"],"acf":{"content_blocks":[{"acf_fc_layout":"spacer","_acfe_flexible_layout_title":null,"_acfe_flexible_toggle":null,"spacer":{"module_options":{"":null,"module_id":"n69e2050082cd8","module_class":"","module_background_type":"color","module_background_color":"#473089","module_background_image":false,"module_background_video":"","activate_custom_padding":false,"padding_top_desktop":0,"padding_top_tablet":"","padding_top_mobile":"","padding_bottom_desktop":"","padding_bottom_tablet":"","padding_bottom_mobile":"","activate_custom_margin":false,"margin_top_desktop":"","margin_top_tablet":"","margin_top_mobile":"","margin_bottom_desktop":"","margin_bottom_tablet":"","margin_bottom_mobile":"","disable_on":[],"content_alignment_desktop":"left","content_alignment_tablet":"left","content_alignment_mobile":"left"},"height":"160"}},{"acf_fc_layout":"simple_content","_acfe_flexible_layout_title":null,"_acfe_flexible_toggle":null,"content_full_width_landing":{"module_options":{"":null,"module_id":"n68d3de8aacb47","module_class":"","module_background_type":"image","module_background_color":"","module_background_image":"https:\/\/natussensory.com\/wp-content\/uploads\/Homepage-banner.jpg","module_background_video":"","activate_custom_padding":true,"padding_top_desktop":"40","padding_top_tablet":"0","padding_top_mobile":"0","padding_bottom_desktop":"20","padding_bottom_tablet":"0","padding_bottom_mobile":"0","activate_custom_margin":false,"margin_top_desktop":"","margin_top_tablet":"","margin_top_mobile":"","margin_bottom_desktop":"","margin_bottom_tablet":"","margin_bottom_mobile":"","disable_on":[],"content_alignment_desktop":"left","content_alignment_tablet":"left","content_alignment_mobile":"left"},"activate_custom_container_width":false,"container_width":"","content":"<p>&nbsp;<\/p>\n<p><img loading=\"lazy\" decoding=\"async\" class=\"aligncenter wp-image-29023\" src=\"https:\/\/natussensory.com\/wp-content\/uploads\/Otometrics_logo.png\" alt=\"Otometrics\" width=\"350\" height=\"187\" srcset=\"https:\/\/natussensory.com\/wp-content\/uploads\/Otometrics_logo.png 1393w, https:\/\/natussensory.com\/wp-content\/uploads\/Otometrics_logo-768x410.png 768w\" sizes=\"auto, (max-width: 350px) 100vw, 350px\" \/><\/p>\n<p>&nbsp;<\/p>\n"}},{"acf_fc_layout":"simple_content","_acfe_flexible_layout_title":null,"_acfe_flexible_toggle":null,"content_full_width_landing":{"module_options":{"":null,"module_id":"n69e2266a10304","module_class":"","module_background_type":"color","module_background_color":"","module_background_image":false,"module_background_video":"","activate_custom_padding":true,"padding_top_desktop":"20","padding_top_tablet":"20","padding_top_mobile":"20","padding_bottom_desktop":"0","padding_bottom_tablet":"0","padding_bottom_mobile":"0","activate_custom_margin":false,"margin_top_desktop":"","margin_top_tablet":"","margin_top_mobile":"","margin_bottom_desktop":"","margin_bottom_tablet":"","margin_bottom_mobile":"","disable_on":[],"content_alignment_desktop":"left","content_alignment_tablet":"left","content_alignment_mobile":"left"},"activate_custom_container_width":false,"container_width":"1920","content":"<p>&nbsp;<\/p>\n<p><span style=\"font-size: 18px;\"><strong>Un nom reconnu de longue date dans le diagnostic de l\u2019audition et de l\u2019\u00e9quilibre revient<\/strong>, <\/span><span style=\"font-size: 18px;\">alliant des performances cliniques \u00e9prouv\u00e9es \u00e0 un nouvel \u00e9lan d\u2019innovation.<\/span><\/p>\n<p><span style=\"font-size: 18px;\">Chez Natus Sensory, nous r\u00e9introduisons Otometrics comme la marque d\u00e9di\u00e9e \u00e0 nos solutions de diagnostic en audiologie et vestibulaire. Fort de plusieurs d\u00e9cennies d\u2019expertise, Otometrics continue d\u2019accompagner les professionnels de sant\u00e9 avec des outils fiables et de haute qualit\u00e9 pour l\u2019\u00e9valuation auditive, les tests de l\u2019\u00e9quilibre et l\u2019adaptation des aides auditives.<\/span><\/p>\n<p>&nbsp;<\/p>\n<p>&nbsp;<\/p>\n"}},{"acf_fc_layout":"intro_2_columns","_acfe_flexible_layout_title":null,"_acfe_flexible_toggle":null,"intro_2_columns_locations":{"module_options":{"":null,"module_id":"n69e612e4ebeb4","module_class":"","module_background_type":"color","module_background_color":"","module_background_image":false,"module_background_video":"","activate_custom_padding":true,"padding_top_desktop":"30","padding_top_tablet":"30","padding_top_mobile":"30","padding_bottom_desktop":"0","padding_bottom_tablet":"0","padding_bottom_mobile":"0","activate_custom_margin":false,"margin_top_desktop":"","margin_top_tablet":"","margin_top_mobile":"","margin_bottom_desktop":"","margin_bottom_tablet":"","margin_bottom_mobile":"","disable_on":[],"content_alignment_desktop":"left","content_alignment_tablet":"left","content_alignment_mobile":"left"},"top_divider_colour":"#473089","title":"Un h\u00e9ritage dans le diagnostic de l\u2019audition et de l\u2019\u00e9quilibre","description":"Otometrics est depuis longtemps un partenaire de confiance pour les audioproth\u00e9sistes, et les sp\u00e9cialistes ORL dans le monde entier.<br \/>\r\n<br \/>\r\nDes audiom\u00e8tres diagnostiques et syst\u00e8mes de tympanom\u00e9trie aux solutions de mesure in situ (REM) et de tests vestibulaires, Otometrics a contribu\u00e9 \u00e0 d\u00e9finir les standards de pr\u00e9cision clinique et de fiabilit\u00e9.<br \/>\r\nCet h\u00e9ritage reste inchang\u00e9.<br \/>\r\n"}},{"acf_fc_layout":"right_image_left_content_single_cta","_acfe_flexible_layout_title":null,"_acfe_flexible_toggle":null,"right_image_left_content_single_cta_landing":{"module_options":{"":null,"module_id":"n69e2266a2de97","module_class":"","module_background_type":"color","module_background_color":"","module_background_image":false,"module_background_video":"","activate_custom_padding":false,"padding_top_desktop":0,"padding_top_tablet":"","padding_top_mobile":"","padding_bottom_desktop":"","padding_bottom_tablet":"","padding_bottom_mobile":"","activate_custom_margin":false,"margin_top_desktop":"","margin_top_tablet":"","margin_top_mobile":"","margin_bottom_desktop":"","margin_bottom_tablet":"","margin_bottom_mobile":"","disable_on":[],"content_alignment_desktop":"left","content_alignment_tablet":"left","content_alignment_mobile":"left"},"":null,"label":"","title":"R\u00e9invent\u00e9 pour l\u2019avenir","description":"<p>Nous investissons dans l\u2019avenir des \u00e9quipements d\u2019audiologie et du diagnostic de l\u2019\u00e9quilibre, avec un pipeline croissant d\u2019innovations con\u00e7ues pour :<\/p>\n<ul>\n<li>Soutenir l\u2019\u00e9volution des flux de travail cliniques<\/li>\n<li>Am\u00e9liorer l\u2019efficacit\u00e9 des cabinets d\u2019audiologie<\/li>\n<li>Renforcer la confiance diagnostique<\/li>\n<li>Offrir de meilleurs r\u00e9sultats pour les patients<\/li>\n<\/ul>\n<p>Ce n\u2019est que le d\u00e9but du prochain chapitre d\u2019Otometrics.<\/p>\n","link":{"type":"url","value":"#stay-informed","url":"#stay-informed","name":"#stay-informed","title":"Soyez les premiers inform\u00e9s des nouveaut\u00e9s","target":""},"image":{"ID":28787,"id":28787,"title":"Otometrics-innovations_spot","filename":"Otometrics-innovations_spot.jpg","filesize":178022,"url":"https:\/\/natussensory.com\/wp-content\/uploads\/Otometrics-innovations_spot.jpg","link":"https:\/\/natussensory.com\/fr\/otometrics-innovations\/otometrics-innovations_spot\/","alt":"Otometrics innovations","author":"4","description":"","caption":"","name":"otometrics-innovations_spot","status":"inherit","uploaded_to":28785,"date":"2026-03-10 09:32:00","modified":"2026-03-10 09:32:16","menu_order":0,"mime_type":"image\/jpeg","type":"image","subtype":"jpeg","icon":"https:\/\/natussensory.com\/wp-includes\/images\/media\/default.png","width":800,"height":450,"sizes":{"thumbnail":"https:\/\/natussensory.com\/wp-content\/uploads\/Otometrics-innovations_spot.jpg","thumbnail-width":128,"thumbnail-height":72,"medium":"https:\/\/natussensory.com\/wp-content\/uploads\/Otometrics-innovations_spot.jpg","medium-width":800,"medium-height":450,"medium_large":"https:\/\/natussensory.com\/wp-content\/uploads\/Otometrics-innovations_spot-768x432.jpg","medium_large-width":768,"medium_large-height":432,"large":"https:\/\/natussensory.com\/wp-content\/uploads\/Otometrics-innovations_spot.jpg","large-width":800,"large-height":450,"1536x1536":"https:\/\/natussensory.com\/wp-content\/uploads\/Otometrics-innovations_spot.jpg","1536x1536-width":800,"1536x1536-height":450,"2048x2048":"https:\/\/natussensory.com\/wp-content\/uploads\/Otometrics-innovations_spot.jpg","2048x2048-width":800,"2048x2048-height":450}}}},{"acf_fc_layout":"simple_content","_acfe_flexible_layout_title":null,"_acfe_flexible_toggle":null,"content_full_width_landing":{"module_options":{"":null,"module_id":"n69e228f956027","module_class":"","module_background_type":"color","module_background_color":"","module_background_image":false,"module_background_video":"","activate_custom_padding":true,"padding_top_desktop":"0","padding_top_tablet":"0","padding_top_mobile":"0","padding_bottom_desktop":"0","padding_bottom_tablet":"0","padding_bottom_mobile":"0","activate_custom_margin":false,"margin_top_desktop":"","margin_top_tablet":"","margin_top_mobile":"","margin_bottom_desktop":"","margin_bottom_tablet":"","margin_bottom_mobile":"","disable_on":[],"content_alignment_desktop":"left","content_alignment_tablet":"left","content_alignment_mobile":"left"},"activate_custom_container_width":false,"container_width":"","content":"<h4>D\u00e9couvrez les solutions auditives et d\u2019\u00e9quilibre Otometrics<\/h4>\n<p>Notre portefeuille couvre l\u2019ensemble du parcours de soins en mati\u00e8re de diagnostic de l\u2019audition et de l\u2019\u00e9quilibre :<\/p>\n"}},{"acf_fc_layout":"tiles","_acfe_flexible_layout_title":null,"_acfe_flexible_toggle":null,"tiles_2_columns_landing":{"module_options":{"":null,"module_id":"n69e2123f9a579","module_class":"","module_background_type":"color","module_background_color":"","module_background_image":false,"module_background_video":"","activate_custom_padding":false,"padding_top_desktop":0,"padding_top_tablet":"","padding_top_mobile":"","padding_bottom_desktop":"","padding_bottom_tablet":"","padding_bottom_mobile":"","activate_custom_margin":false,"margin_top_desktop":"","margin_top_tablet":"","margin_top_mobile":"","margin_bottom_desktop":"","margin_bottom_tablet":"","margin_bottom_mobile":"","disable_on":[],"content_alignment_desktop":"left","content_alignment_tablet":"left","content_alignment_mobile":"left"},"tiles_colour":"#7288c4","tiles":[{"acf_fc_layout":"tile","image":{"ID":423,"id":423,"title":"sensory-solutions-audiology","filename":"sensory-solutions-audiology.jpg","filesize":128827,"url":"https:\/\/natussensory.com\/wp-content\/uploads\/sensory-solutions-audiology.jpg","link":"https:\/\/natussensory.com\/fr\/otometrics\/sensory-solutions-audiology-2\/","alt":"Hearing assessment solutions","author":"1","description":"","caption":"","name":"sensory-solutions-audiology-2","status":"inherit","uploaded_to":29309,"date":"2023-07-10 16:59:44","modified":"2026-04-17 10:56:40","menu_order":0,"mime_type":"image\/jpeg","type":"image","subtype":"jpeg","icon":"https:\/\/natussensory.com\/wp-includes\/images\/media\/default.png","width":800,"height":250,"sizes":{"thumbnail":"https:\/\/natussensory.com\/wp-content\/uploads\/sensory-solutions-audiology.jpg","thumbnail-width":128,"thumbnail-height":40,"medium":"https:\/\/natussensory.com\/wp-content\/uploads\/sensory-solutions-audiology.jpg","medium-width":800,"medium-height":250,"medium_large":"https:\/\/natussensory.com\/wp-content\/uploads\/sensory-solutions-audiology-768x240.jpg","medium_large-width":768,"medium_large-height":240,"large":"https:\/\/natussensory.com\/wp-content\/uploads\/sensory-solutions-audiology.jpg","large-width":800,"large-height":250,"1536x1536":"https:\/\/natussensory.com\/wp-content\/uploads\/sensory-solutions-audiology.jpg","1536x1536-width":800,"1536x1536-height":250,"2048x2048":"https:\/\/natussensory.com\/wp-content\/uploads\/sensory-solutions-audiology.jpg","2048x2048-width":800,"2048x2048-height":250}},"link":{"type":"post","value":"1699","url":"https:\/\/natussensory.com\/products\/hearing-assessment\/","name":"Hearing Assessment","title":"\u00c9valuation auditive","target":""}},{"acf_fc_layout":"tile","image":{"ID":405,"id":405,"title":"sensory-solutions-hearing-aid-dispenser","filename":"sensory-solutions-hearing-aid-dispenser.jpg","filesize":145211,"url":"https:\/\/natussensory.com\/wp-content\/uploads\/sensory-solutions-hearing-aid-dispenser.jpg","link":"https:\/\/natussensory.com\/fr\/otometrics\/sensory-solutions-hearing-aid-dispenser-2\/","alt":"","author":"1","description":"","caption":"","name":"sensory-solutions-hearing-aid-dispenser-2","status":"inherit","uploaded_to":29309,"date":"2023-07-10 11:20:59","modified":"2023-07-10 11:20:59","menu_order":0,"mime_type":"image\/jpeg","type":"image","subtype":"jpeg","icon":"https:\/\/natussensory.com\/wp-includes\/images\/media\/default.png","width":800,"height":250,"sizes":{"thumbnail":"https:\/\/natussensory.com\/wp-content\/uploads\/sensory-solutions-hearing-aid-dispenser.jpg","thumbnail-width":128,"thumbnail-height":40,"medium":"https:\/\/natussensory.com\/wp-content\/uploads\/sensory-solutions-hearing-aid-dispenser.jpg","medium-width":800,"medium-height":250,"medium_large":"https:\/\/natussensory.com\/wp-content\/uploads\/sensory-solutions-hearing-aid-dispenser-768x240.jpg","medium_large-width":768,"medium_large-height":240,"large":"https:\/\/natussensory.com\/wp-content\/uploads\/sensory-solutions-hearing-aid-dispenser.jpg","large-width":800,"large-height":250,"1536x1536":"https:\/\/natussensory.com\/wp-content\/uploads\/sensory-solutions-hearing-aid-dispenser.jpg","1536x1536-width":800,"1536x1536-height":250,"2048x2048":"https:\/\/natussensory.com\/wp-content\/uploads\/sensory-solutions-hearing-aid-dispenser.jpg","2048x2048-width":800,"2048x2048-height":250}},"link":{"type":"post","value":"1701","url":"https:\/\/natussensory.com\/products\/hearing-aid-fitting\/","name":"Hearing Aid Fitting","title":"Adaptation et v\u00e9rification des aides auditives","target":""}},{"acf_fc_layout":"tile","image":{"ID":8482,"id":8482,"title":"Balance-solutions","filename":"Balance-solutions2.jpg","filesize":133251,"url":"https:\/\/natussensory.com\/wp-content\/uploads\/Balance-solutions2.jpg","link":"https:\/\/natussensory.com\/fr\/otometrics\/balance-solutions-2\/","alt":"Balance Assessment solutions","author":"4","description":"","caption":"","name":"balance-solutions-2","status":"inherit","uploaded_to":29309,"date":"2023-09-29 11:56:08","modified":"2026-04-17 11:00:07","menu_order":0,"mime_type":"image\/jpeg","type":"image","subtype":"jpeg","icon":"https:\/\/natussensory.com\/wp-includes\/images\/media\/default.png","width":800,"height":250,"sizes":{"thumbnail":"https:\/\/natussensory.com\/wp-content\/uploads\/Balance-solutions2.jpg","thumbnail-width":128,"thumbnail-height":40,"medium":"https:\/\/natussensory.com\/wp-content\/uploads\/Balance-solutions2.jpg","medium-width":800,"medium-height":250,"medium_large":"https:\/\/natussensory.com\/wp-content\/uploads\/Balance-solutions-768x240.jpg","medium_large-width":768,"medium_large-height":240,"large":"https:\/\/natussensory.com\/wp-content\/uploads\/Balance-solutions2.jpg","large-width":800,"large-height":250,"1536x1536":"https:\/\/natussensory.com\/wp-content\/uploads\/Balance-solutions2.jpg","1536x1536-width":800,"1536x1536-height":250,"2048x2048":"https:\/\/natussensory.com\/wp-content\/uploads\/Balance-solutions2.jpg","2048x2048-width":800,"2048x2048-height":250}},"link":{"type":"post","value":"1705","url":"https:\/\/natussensory.com\/products\/balance-assessment\/","name":"Balance Assessment","title":"\u00c9valuation de l\u2019\u00e9quilibre","target":""}},{"acf_fc_layout":"tile","image":{"ID":29312,"id":29312,"title":"Digital_ear_scanning_Category_banner","filename":"Digital_ear_scanning_Category_banner.jpg","filesize":151756,"url":"https:\/\/natussensory.com\/wp-content\/uploads\/Digital_ear_scanning_Category_banner.jpg","link":"https:\/\/natussensory.com\/fr\/otometrics\/digital_ear_scanning_category_banner\/","alt":"Digital Ear Scanning","author":"4","description":"","caption":"","name":"digital_ear_scanning_category_banner","status":"inherit","uploaded_to":29309,"date":"2026-04-17 12:17:17","modified":"2026-04-17 12:17:17","menu_order":0,"mime_type":"image\/jpeg","type":"image","subtype":"jpeg","icon":"https:\/\/natussensory.com\/wp-includes\/images\/media\/default.png","width":800,"height":250,"sizes":{"thumbnail":"https:\/\/natussensory.com\/wp-content\/uploads\/Digital_ear_scanning_Category_banner.jpg","thumbnail-width":128,"thumbnail-height":40,"medium":"https:\/\/natussensory.com\/wp-content\/uploads\/Digital_ear_scanning_Category_banner.jpg","medium-width":800,"medium-height":250,"medium_large":"https:\/\/natussensory.com\/wp-content\/uploads\/Digital_ear_scanning_Category_banner-768x240.jpg","medium_large-width":768,"medium_large-height":240,"large":"https:\/\/natussensory.com\/wp-content\/uploads\/Digital_ear_scanning_Category_banner.jpg","large-width":800,"large-height":250,"1536x1536":"https:\/\/natussensory.com\/wp-content\/uploads\/Digital_ear_scanning_Category_banner.jpg","1536x1536-width":800,"1536x1536-height":250,"2048x2048":"https:\/\/natussensory.com\/wp-content\/uploads\/Digital_ear_scanning_Category_banner.jpg","2048x2048-width":800,"2048x2048-height":250}},"link":{"type":"post","value":"24345","url":"https:\/\/natussensory.com\/products\/digital-ear-scanning\/","name":"Digital Ear Scanning","title":"Num\u00e9risation digitale de l\u2019oreille","target":""}}]}},{"acf_fc_layout":"simple_content","_acfe_flexible_layout_title":null,"_acfe_flexible_toggle":null,"content_full_width_landing":{"module_options":{"":null,"module_id":"stay-informed","module_class":"","module_background_type":"color","module_background_color":"","module_background_image":false,"module_background_video":"","activate_custom_padding":true,"padding_top_desktop":"30","padding_top_tablet":"30","padding_top_mobile":"30","padding_bottom_desktop":"0","padding_bottom_tablet":"0","padding_bottom_mobile":"0","activate_custom_margin":false,"margin_top_desktop":"","margin_top_tablet":"","margin_top_mobile":"","margin_bottom_desktop":"","margin_bottom_tablet":"","margin_bottom_mobile":"","disable_on":[],"content_alignment_desktop":"left","content_alignment_tablet":"left","content_alignment_mobile":"left"},"activate_custom_container_width":false,"container_width":"","content":"<h4>Soyez les premiers inform\u00e9s des nouveaut\u00e9s<\/h4>\n<p>Remplissez le formulaire pour rester inform\u00e9 des nouvelles innovations Otometrics, des mises \u00e0 jour produits et des d\u00e9veloppements \u00e0 venir.<\/p>\n<p><script src=\"https:\/\/js.hsforms.net\/forms\/embed\/3002890.js\" defer><\/script><\/p>\n<div class=\"hs-form-frame\" data-region=\"na1\" data-form-id=\"19867a96-8757-4200-8a1f-f9c1d9c1c950\" data-portal-id=\"3002890\"><\/div>\n<p>&nbsp;<\/p>\n"}}],"schema_markup":[{"acf_fc_layout":"schema_markup_product","_acfe_flexible_layout_title":null,"_acfe_flexible_toggle":null,"schema_markup_product":{"enable_schema":false,"":null,"device_name":"","device_image":false,"device_desc":"","manufacturer_name":"Natus Medical Incorporated","manufacturer_url":"https:\/\/natus.com","brand_name":"Natus","page_url":"","category":"","keywords":""}}]},"_links":{"self":[{"href":"https:\/\/natussensory.com\/fr\/wp-json\/wp\/v2\/pages\/29309","targetHints":{"allow":["GET"]}}],"collection":[{"href":"https:\/\/natussensory.com\/fr\/wp-json\/wp\/v2\/pages"}],"about":[{"href":"https:\/\/natussensory.com\/fr\/wp-json\/wp\/v2\/types\/page"}],"author":[{"embeddable":true,"href":"https:\/\/natussensory.com\/fr\/wp-json\/wp\/v2\/users\/4"}],"replies":[{"embeddable":true,"href":"https:\/\/natussensory.com\/fr\/wp-json\/wp\/v2\/comments?post=29309"}],"version-history":[{"count":2,"href":"https:\/\/natussensory.com\/fr\/wp-json\/wp\/v2\/pages\/29309\/revisions"}],"predecessor-version":[{"id":29318,"href":"https:\/\/natussensory.com\/fr\/wp-json\/wp\/v2\/pages\/29309\/revisions\/29318"}],"wp:attachment":[{"href":"https:\/\/natussensory.com\/fr\/wp-json\/wp\/v2\/media?parent=29309"}],"wp:term":[{"taxonomy":"category","embeddable":true,"href":"https:\/\/natussensory.com\/fr\/wp-json\/wp\/v2\/categories?post=29309"},{"taxonomy":"post_tag","embeddable":true,"href":"https:\/\/natussensory.com\/fr\/wp-json\/wp\/v2\/tags?post=29309"}],"curies":[{"name":"wp","href":"https:\/\/api.w.org\/{rel}","templated":true}]}}