{"id":28522,"date":"2025-09-26T12:04:35","date_gmt":"2025-09-26T12:04:35","guid":{"rendered":"https:\/\/natussensory.com\/produits\/otoscan\/demo\/"},"modified":"2026-01-20T10:28:15","modified_gmt":"2026-01-20T10:28:15","slug":"demo","status":"publish","type":"page","link":"https:\/\/natussensory.com\/fr\/produits\/otoscan\/demo\/","title":{"rendered":"Otoscan demo"},"content":{"rendered":"","protected":false},"excerpt":{"rendered":"","protected":false},"author":4,"featured_media":0,"parent":9461,"menu_order":0,"comment_status":"closed","ping_status":"closed","template":"","meta":{"_acf_changed":false,"inline_featured_image":false,"footnotes":""},"categories":[],"tags":[],"class_list":["post-28522","page","type-page","status-publish","hentry"],"acf":{"content_blocks":[{"acf_fc_layout":"simple_content","_acfe_flexible_layout_title":null,"_acfe_flexible_toggle":null,"content_full_width_landing":{"module_options":{"":null,"module_id":"n68d66e6c8f513","module_class":"","module_background_type":"image","module_background_color":"","module_background_image":"https:\/\/natussensory.com\/wp-content\/uploads\/CopyOtoscan_campaign_header_resized_1900x500.jpg","module_background_video":"","activate_custom_padding":false,"padding_top_desktop":0,"padding_top_tablet":"","padding_top_mobile":"","padding_bottom_desktop":"","padding_bottom_tablet":"","padding_bottom_mobile":"","activate_custom_margin":false,"margin_top_desktop":"","margin_top_tablet":"","margin_top_mobile":"","margin_bottom_desktop":"","margin_bottom_tablet":"","margin_bottom_mobile":"","disable_on":[],"content_alignment_desktop":"left","content_alignment_tablet":"left","content_alignment_mobile":"left"},"activate_custom_container_width":false,"container_width":"","content":"<p>&nbsp;<\/p>\n<p>&nbsp;<\/p>\n<p>&nbsp;<\/p>\n<p>&nbsp;<\/p>\n<h1><span style=\"color: #ffffff;\">Make an impact.<\/span><br \/>\n<span style=\"color: #ffffff;\">Not an impression.<\/span><\/h1>\n<p>&nbsp;<\/p>\n<p>&nbsp;<\/p>\n"}},{"acf_fc_layout":"contact_form","_acfe_flexible_layout_title":null,"_acfe_flexible_toggle":null,"contact_form_landing":{"module_options":{"":null,"module_id":"contact","module_class":"","module_background_type":"color","module_background_color":"","module_background_image":"https:\/\/natussensory.com\/wp-content\/uploads\/CopyOtoscan_campaign_header_resized_1900x500.jpg","module_background_video":"","activate_custom_padding":false,"padding_top_desktop":0,"padding_top_tablet":"","padding_top_mobile":"","padding_bottom_desktop":"","padding_bottom_tablet":"","padding_bottom_mobile":"","activate_custom_margin":false,"margin_top_desktop":"","margin_top_tablet":"","margin_top_mobile":"","margin_bottom_desktop":"","margin_bottom_tablet":"","margin_bottom_mobile":"","disable_on":[],"content_alignment_desktop":"left","content_alignment_tablet":"left","content_alignment_mobile":"left"},"":null,"activate_intro":true,"intro_text":"R\u00e9servez une d\u00e9monstration","intro_text_color":"","intro_link":null,"activate_description":false,"description_title":"","description_copy":"","embed_code":"<script charset=\"utf-8\" type=\"text\/javascript\" src=\"\/\/js.hsforms.net\/forms\/embed\/v2.js\"><\/script>\r\n<script>\r\n  hbspt.forms.create({\r\n    portalId: \"3002890\",\r\n    formId: \"cadbfdcd-1412-4280-bbfe-641b832fe4be\",\r\n    region: \"na1\"\r\n  });\r\n<\/script>"}},{"acf_fc_layout":"left_image_right_content_single_cta","_acfe_flexible_layout_title":null,"_acfe_flexible_toggle":null,"left_image_right_content_single_cta_landing":{"module_options":{"":null,"module_id":"n68b591830797f","module_class":"","module_background_type":"color","module_background_color":"","module_background_image":false,"module_background_video":"","activate_custom_padding":false,"padding_top_desktop":0,"padding_top_tablet":"","padding_top_mobile":"","padding_bottom_desktop":"","padding_bottom_tablet":"","padding_bottom_mobile":"","activate_custom_margin":false,"margin_top_desktop":"","margin_top_tablet":"","margin_top_mobile":"","margin_bottom_desktop":"","margin_bottom_tablet":"","margin_bottom_mobile":"","disable_on":[],"content_alignment_desktop":"left","content_alignment_tablet":"left","content_alignment_mobile":"left"},"image":{"ID":26580,"id":26580,"title":"Otoscan-cradle-headset_spot","filename":"Otoscan-cradle-headset_spot.png","filesize":383157,"url":"https:\/\/natussensory.com\/wp-content\/uploads\/Otoscan-cradle-headset_spot.png","link":"https:\/\/natussensory.com\/fr\/produits\/otoscan\/demo\/otoscan-cradle-headset_spot-2\/","alt":"Otoscan cradle with headset","author":"4","description":"","caption":"","name":"otoscan-cradle-headset_spot-2","status":"inherit","uploaded_to":28522,"date":"2025-09-01 12:27:47","modified":"2025-09-01 12:28:06","menu_order":0,"mime_type":"image\/png","type":"image","subtype":"png","icon":"https:\/\/natussensory.com\/wp-includes\/images\/media\/default.png","width":800,"height":450,"sizes":{"thumbnail":"https:\/\/natussensory.com\/wp-content\/uploads\/Otoscan-cradle-headset_spot.png","thumbnail-width":128,"thumbnail-height":72,"medium":"https:\/\/natussensory.com\/wp-content\/uploads\/Otoscan-cradle-headset_spot.png","medium-width":800,"medium-height":450,"medium_large":"https:\/\/natussensory.com\/wp-content\/uploads\/Otoscan-cradle-headset_spot-768x432.png","medium_large-width":768,"medium_large-height":432,"large":"https:\/\/natussensory.com\/wp-content\/uploads\/Otoscan-cradle-headset_spot.png","large-width":800,"large-height":450,"1536x1536":"https:\/\/natussensory.com\/wp-content\/uploads\/Otoscan-cradle-headset_spot.png","1536x1536-width":800,"1536x1536-height":450,"2048x2048":"https:\/\/natussensory.com\/wp-content\/uploads\/Otoscan-cradle-headset_spot.png","2048x2048-width":800,"2048x2048-height":450}},"label":"","title":" Faites scanner vos oreilles et constatez par vous-m\u00eame l'impact !","description":"<h5 style=\"font-weight: normal;\"><strong>Pourquoi choisir Otoscan ?<\/strong><\/h5>\n<ul>\n<li class=\"x_MsoNormal\"><span data-olk-copy-source=\"MessageBody\"><strong>Jusqu&rsquo;\u00e0 50 % de retouches en moins<\/strong> : plus de pr\u00e9cision, moins de travail suppl\u00e9mentaire<\/span><\/li>\n<li class=\"x_MsoNormal\"><strong>D\u00e9lais d&rsquo;ex\u00e9cution 40 % plus courts<\/strong> : de 14 jours \u00e0 seulement 5-7 jours<\/li>\n<li class=\"x_MsoNormal\"><strong>Scans plus profonds et plus d\u00e9taill\u00e9s<\/strong> \u2013 3 \u00e0 6 mm plus profonds que le silicone<\/li>\n<li class=\"x_MsoNormal\"><strong>Meilleur ajustement, meilleur confort<\/strong> \u2013 moins d&rsquo;ajustements n\u00e9cessaires<\/li>\n<li class=\"x_MsoNormal\"><strong>Sans danger pour les oreilles ayant subi une intervention chirurgicale et les perforations<\/strong><\/li>\n<li class=\"x_MsoNormal\"><strong>Pas de d\u00e9sordre, pas d&rsquo;inconfort<\/strong> \u2013 enti\u00e8rement num\u00e9rique et convivial pour le patient<\/li>\n<\/ul>\n","link":null}},{"acf_fc_layout":"testimonial","_acfe_flexible_layout_title":null,"_acfe_flexible_toggle":null,"testimonial_full_width_landing":{"module_options":{"":null,"module_id":"n68d676cdafb9c","module_class":"","module_background_type":"color","module_background_color":"","module_background_image":false,"module_background_video":"","activate_custom_padding":false,"padding_top_desktop":0,"padding_top_tablet":"","padding_top_mobile":"","padding_bottom_desktop":"","padding_bottom_tablet":"","padding_bottom_mobile":"","activate_custom_margin":false,"margin_top_desktop":"","margin_top_tablet":"","margin_top_mobile":"","margin_bottom_desktop":"","margin_bottom_tablet":"","margin_bottom_mobile":"","disable_on":[],"content_alignment_desktop":"left","content_alignment_tablet":"left","content_alignment_mobile":"left"},"inner_background":"#7288c4","icon_color":"","testimonial":"Nos audioproth\u00e9sistes ont renforc\u00e9 leur confiance dans l'ajustement des appareils sur mesure gr\u00e2ce au succ\u00e8s de notre pr\u00e9cision d'ajustement.","name":"Julie","title":"Professional Hearing Services, Michigan"}}]},"_links":{"self":[{"href":"https:\/\/natussensory.com\/fr\/wp-json\/wp\/v2\/pages\/28522","targetHints":{"allow":["GET"]}}],"collection":[{"href":"https:\/\/natussensory.com\/fr\/wp-json\/wp\/v2\/pages"}],"about":[{"href":"https:\/\/natussensory.com\/fr\/wp-json\/wp\/v2\/types\/page"}],"author":[{"embeddable":true,"href":"https:\/\/natussensory.com\/fr\/wp-json\/wp\/v2\/users\/4"}],"replies":[{"embeddable":true,"href":"https:\/\/natussensory.com\/fr\/wp-json\/wp\/v2\/comments?post=28522"}],"version-history":[{"count":3,"href":"https:\/\/natussensory.com\/fr\/wp-json\/wp\/v2\/pages\/28522\/revisions"}],"predecessor-version":[{"id":28553,"href":"https:\/\/natussensory.com\/fr\/wp-json\/wp\/v2\/pages\/28522\/revisions\/28553"}],"up":[{"embeddable":true,"href":"https:\/\/natussensory.com\/fr\/wp-json\/wp\/v2\/pages\/9461"}],"wp:attachment":[{"href":"https:\/\/natussensory.com\/fr\/wp-json\/wp\/v2\/media?parent=28522"}],"wp:term":[{"taxonomy":"category","embeddable":true,"href":"https:\/\/natussensory.com\/fr\/wp-json\/wp\/v2\/categories?post=28522"},{"taxonomy":"post_tag","embeddable":true,"href":"https:\/\/natussensory.com\/fr\/wp-json\/wp\/v2\/tags?post=28522"}],"curies":[{"name":"wp","href":"https:\/\/api.w.org\/{rel}","templated":true}]}}