{"id":25015,"date":"2024-11-07T12:00:54","date_gmt":"2024-11-07T12:00:54","guid":{"rendered":"https:\/\/natussensory.com\/produits\/newborn-care\/"},"modified":"2026-04-13T12:42:29","modified_gmt":"2026-04-13T12:42:29","slug":"newborn-care","status":"publish","type":"page","link":"https:\/\/natussensory.com\/fr\/produits\/newborn-care\/","title":{"rendered":"Newborn Care"},"content":{"rendered":"","protected":false},"excerpt":{"rendered":"","protected":false},"author":4,"featured_media":0,"parent":10961,"menu_order":0,"comment_status":"closed","ping_status":"closed","template":"templates\/page-sensory-solutions-category-landing.php","meta":{"_acf_changed":false,"inline_featured_image":false,"footnotes":""},"categories":[287],"tags":[],"class_list":["post-25015","page","type-page","status-publish","hentry","category-newborn-care"],"acf":{"content_blocks":[{"acf_fc_layout":"spacer","_acfe_flexible_layout_title":null,"_acfe_flexible_toggle":null,"spacer":{"module_options":{"":null,"module_id":"n68592ab6c65d3","module_class":"","module_background_type":"color","module_background_color":"#473089","module_background_image":false,"module_background_video":"","activate_custom_padding":false,"padding_top_desktop":0,"padding_top_tablet":"","padding_top_mobile":"","padding_bottom_desktop":"","padding_bottom_tablet":"","padding_bottom_mobile":"","activate_custom_margin":false,"margin_top_desktop":"","margin_top_tablet":"","margin_top_mobile":"","margin_bottom_desktop":"","margin_bottom_tablet":"","margin_bottom_mobile":"","disable_on":[],"content_alignment_desktop":"left","content_alignment_tablet":"left","content_alignment_mobile":"left"},"height":"160"}},{"acf_fc_layout":"full_width_content","_acfe_flexible_layout_title":null,"_acfe_flexible_toggle":null,"content_full_width_landing":{"module_options":{"":null,"module_id":"n68a820c66a724","module_class":"","module_background_type":"image","module_background_color":"","module_background_image":"https:\/\/natussensory.com\/wp-content\/uploads\/Newborn_Care_Category_banner.jpg","module_background_video":"","activate_custom_padding":false,"padding_top_desktop":0,"padding_top_tablet":"","padding_top_mobile":"","padding_bottom_desktop":"","padding_bottom_tablet":"","padding_bottom_mobile":"","activate_custom_margin":false,"margin_top_desktop":"","margin_top_tablet":"","margin_top_mobile":"","margin_bottom_desktop":"","margin_bottom_tablet":"","margin_bottom_mobile":"","disable_on":[],"content_alignment_desktop":"left","content_alignment_tablet":"left","content_alignment_mobile":"left"},"activate_custom_container_width":true,"container_width":"1920","content":"<p>&nbsp;<\/p>\n<h1 style=\"padding-left: 80px;\"><span style=\"color: #ffffff;\">Newborn Care<\/span><\/h1>\n<p style=\"padding-left: 80px;\">\n"}},{"acf_fc_layout":"products_filter","_acfe_flexible_layout_title":null,"_acfe_flexible_toggle":null,"neuro_products_filter":{"module_options":{"":null,"module_id":"n672c9acbb2876","module_class":"","module_background_type":"color","module_background_color":"","module_background_image":false,"module_background_video":"","activate_custom_padding":false,"padding_top_desktop":0,"padding_top_tablet":"","padding_top_mobile":"","padding_bottom_desktop":"","padding_bottom_tablet":"","padding_bottom_mobile":"","activate_custom_margin":false,"margin_top_desktop":"","margin_top_tablet":"","margin_top_mobile":"","margin_bottom_desktop":"","margin_bottom_tablet":"","margin_bottom_mobile":"","disable_on":[],"content_alignment_desktop":"left","content_alignment_tablet":"left","content_alignment_mobile":"left"},"products":[{"category_title":"Newborn Care","subcategories":[{"subcategory_title":"Gestion de l\u2019ict\u00e8re","subcategory_products":[{"label":"Gestion de l\u2019ict\u00e8re","image":{"ID":25240,"id":25240,"title":"neoBLUE-nova_all-products-link","filename":"neoBLUE-nova_all-products-link.jpg","filesize":55625,"url":"https:\/\/natussensory.com\/wp-content\/uploads\/neoBLUE-nova_all-products-link.jpg","link":"https:\/\/natussensory.com\/fr\/produits\/neoblue-nova_all-products-link-2\/","alt":"neoBLUE nova ","author":"4","description":"","caption":"","name":"neoblue-nova_all-products-link-2","status":"inherit","uploaded_to":10961,"date":"2025-08-04 10:26:05","modified":"2025-08-04 10:26:36","menu_order":0,"mime_type":"image\/jpeg","type":"image","subtype":"jpeg","icon":"https:\/\/natussensory.com\/wp-includes\/images\/media\/default.png","width":500,"height":400,"sizes":{"thumbnail":"https:\/\/natussensory.com\/wp-content\/uploads\/neoBLUE-nova_all-products-link.jpg","thumbnail-width":120,"thumbnail-height":96,"medium":"https:\/\/natussensory.com\/wp-content\/uploads\/neoBLUE-nova_all-products-link.jpg","medium-width":500,"medium-height":400,"medium_large":"https:\/\/natussensory.com\/wp-content\/uploads\/neoBLUE-nova_all-products-link.jpg","medium_large-width":500,"medium_large-height":400,"large":"https:\/\/natussensory.com\/wp-content\/uploads\/neoBLUE-nova_all-products-link.jpg","large-width":500,"large-height":400,"1536x1536":"https:\/\/natussensory.com\/wp-content\/uploads\/neoBLUE-nova_all-products-link.jpg","1536x1536-width":500,"1536x1536-height":400,"2048x2048":"https:\/\/natussensory.com\/wp-content\/uploads\/neoBLUE-nova_all-products-link.jpg","2048x2048-width":500,"2048x2048-height":400}},"title":"Un syst\u00e8me polyvalent 3-en-1. Notre dernier \u2013 et meilleur \u00e0 ce jour \u2013 syst\u00e8me de phototh\u00e9rapie \u00e0 LED.","link":{"type":"post","value":"26944","url":"https:\/\/natussensory.com\/fr\/produits\/neoblue-nova\/","name":"neoBLUE\u00ae nova &#8211; Syst\u00e8me de phototh\u00e9rapie par LED","title":"neoBLUE<sup>\u00ae<\/sup>  nova","target":""}},{"label":"Gestion de l\u2019ict\u00e8re","image":{"ID":7316,"id":7316,"title":"neoBLUE-LED_all-products-link","filename":"neoBLUE-LED_all-products-link.jpg","filesize":21345,"url":"https:\/\/natussensory.com\/wp-content\/uploads\/neoBLUE-LED_all-products-link.jpg","link":"https:\/\/natussensory.com\/fr\/produits\/neoblue-led_all-products-link-2\/","alt":"LED Phototherapy System","author":"4","description":"","caption":"","name":"neoblue-led_all-products-link-2","status":"inherit","uploaded_to":10961,"date":"2023-09-26 09:09:58","modified":"2024-11-07 10:45:37","menu_order":0,"mime_type":"image\/jpeg","type":"image","subtype":"jpeg","icon":"https:\/\/natussensory.com\/wp-includes\/images\/media\/default.png","width":500,"height":400,"sizes":{"thumbnail":"https:\/\/natussensory.com\/wp-content\/uploads\/neoBLUE-LED_all-products-link.jpg","thumbnail-width":120,"thumbnail-height":96,"medium":"https:\/\/natussensory.com\/wp-content\/uploads\/neoBLUE-LED_all-products-link.jpg","medium-width":500,"medium-height":400,"medium_large":"https:\/\/natussensory.com\/wp-content\/uploads\/neoBLUE-LED_all-products-link.jpg","medium_large-width":500,"medium_large-height":400,"large":"https:\/\/natussensory.com\/wp-content\/uploads\/neoBLUE-LED_all-products-link.jpg","large-width":500,"large-height":400,"1536x1536":"https:\/\/natussensory.com\/wp-content\/uploads\/neoBLUE-LED_all-products-link.jpg","1536x1536-width":500,"1536x1536-height":400,"2048x2048":"https:\/\/natussensory.com\/wp-content\/uploads\/neoBLUE-LED_all-products-link.jpg","2048x2048-width":500,"2048x2048-height":400}},"title":"Syst\u00e8me de phototh\u00e9rapie LED avec intensit\u00e9 lumineuse r\u00e9glable, couverture corporelle compl\u00e8te et longueur d\u2019onde optimis\u00e9e pour un traitement efficace de la jaunisse n\u00e9onatale.","link":{"type":"post","value":"6889","url":"https:\/\/natussensory.com\/products\/neoblue-led-phototherapy-system\/","name":"neoBLUE\u00ae LED Phototherapy System","title":"neoBLUE<sup>\u00ae<\/sup> LED","target":""}},{"label":"Gestion de l\u2019ict\u00e8re","image":{"ID":7311,"id":7311,"title":"neoBLUE-compact_all-products-link","filename":"neoBLUE-compact_all-products-link.jpg","filesize":47528,"url":"https:\/\/natussensory.com\/wp-content\/uploads\/neoBLUE-compact_all-products-link.jpg","link":"https:\/\/natussensory.com\/fr\/produits\/neoblue-compact_all-products-link-2\/","alt":"Compact LED Phototherapy System for Newborn Jaundice","author":"4","description":"","caption":"","name":"neoblue-compact_all-products-link-2","status":"inherit","uploaded_to":10961,"date":"2023-09-26 09:09:57","modified":"2024-11-07 10:47:32","menu_order":0,"mime_type":"image\/jpeg","type":"image","subtype":"jpeg","icon":"https:\/\/natussensory.com\/wp-includes\/images\/media\/default.png","width":500,"height":400,"sizes":{"thumbnail":"https:\/\/natussensory.com\/wp-content\/uploads\/neoBLUE-compact_all-products-link.jpg","thumbnail-width":120,"thumbnail-height":96,"medium":"https:\/\/natussensory.com\/wp-content\/uploads\/neoBLUE-compact_all-products-link.jpg","medium-width":500,"medium-height":400,"medium_large":"https:\/\/natussensory.com\/wp-content\/uploads\/neoBLUE-compact_all-products-link.jpg","medium_large-width":500,"medium_large-height":400,"large":"https:\/\/natussensory.com\/wp-content\/uploads\/neoBLUE-compact_all-products-link.jpg","large-width":500,"large-height":400,"1536x1536":"https:\/\/natussensory.com\/wp-content\/uploads\/neoBLUE-compact_all-products-link.jpg","1536x1536-width":500,"1536x1536-height":400,"2048x2048":"https:\/\/natussensory.com\/wp-content\/uploads\/neoBLUE-compact_all-products-link.jpg","2048x2048-width":500,"2048x2048-height":400}},"title":"Syst\u00e8me de phototh\u00e9rapie LED compact avec double intensit\u00e9, lumi\u00e8re d\u2019examen et bras ajustable pour un traitement cibl\u00e9 de la jaunisse n\u00e9onatale.","link":{"type":"post","value":"6903","url":"https:\/\/natussensory.com\/products\/neoblue-compact\/","name":"neoBLUE\u00ae Compact LED Phototherapy for Jaundice","title":"neoBLUE<sup>\u00ae<\/sup> compact ","target":""}},{"label":"Gestion de l\u2019ict\u00e8re","image":{"ID":7306,"id":7306,"title":"neoBLUE-blanket_all-products-link","filename":"neoBLUE-blanket_all-products-link.jpg","filesize":64196,"url":"https:\/\/natussensory.com\/wp-content\/uploads\/neoBLUE-blanket_all-products-link.jpg","link":"https:\/\/natussensory.com\/fr\/produits\/neoblue-blanket_all-products-link-2\/","alt":"Intensive phototherapy that supports family-centered care & newborn development.","author":"4","description":"","caption":"","name":"neoblue-blanket_all-products-link-2","status":"inherit","uploaded_to":10961,"date":"2023-09-26 09:09:55","modified":"2024-11-07 10:54:53","menu_order":0,"mime_type":"image\/jpeg","type":"image","subtype":"jpeg","icon":"https:\/\/natussensory.com\/wp-includes\/images\/media\/default.png","width":500,"height":400,"sizes":{"thumbnail":"https:\/\/natussensory.com\/wp-content\/uploads\/neoBLUE-blanket_all-products-link.jpg","thumbnail-width":120,"thumbnail-height":96,"medium":"https:\/\/natussensory.com\/wp-content\/uploads\/neoBLUE-blanket_all-products-link.jpg","medium-width":500,"medium-height":400,"medium_large":"https:\/\/natussensory.com\/wp-content\/uploads\/neoBLUE-blanket_all-products-link.jpg","medium_large-width":500,"medium_large-height":400,"large":"https:\/\/natussensory.com\/wp-content\/uploads\/neoBLUE-blanket_all-products-link.jpg","large-width":500,"large-height":400,"1536x1536":"https:\/\/natussensory.com\/wp-content\/uploads\/neoBLUE-blanket_all-products-link.jpg","1536x1536-width":500,"1536x1536-height":400,"2048x2048":"https:\/\/natussensory.com\/wp-content\/uploads\/neoBLUE-blanket_all-products-link.jpg","2048x2048-width":500,"2048x2048-height":400}},"title":"Couverture de phototh\u00e9rapie LED portable offrant un traitement continu et efficace de la jaunisse pendant le portage, l\u2019allaitement ou les soins \u00e0 domicile.","link":{"type":"post","value":"6928","url":"https:\/\/natussensory.com\/products\/neoblue-blanket\/","name":"neoBLUE\u00ae blanket &#8211; LED Phototherapy System","title":"neoBLUE<sup>\u00ae<\/sup> blanket ","target":""}}]},{"subcategory_title":"Radiom\u00e8tre","subcategory_products":[{"label":"Radiom\u00e8tre","image":{"ID":7321,"id":7321,"title":"neoBLUE-Radiometer_all-products-link","filename":"neoBLUE-Radiometer_all-products-link.jpg","filesize":44524,"url":"https:\/\/natussensory.com\/wp-content\/uploads\/neoBLUE-Radiometer_all-products-link.jpg","link":"https:\/\/natussensory.com\/fr\/produits\/neoblue-radiometer_all-products-link-2\/","alt":"Radiometer for Newborn Jaundice Treatment","author":"4","description":"","caption":"","name":"neoblue-radiometer_all-products-link-2","status":"inherit","uploaded_to":10961,"date":"2023-09-26 09:10:00","modified":"2024-11-07 10:58:02","menu_order":0,"mime_type":"image\/jpeg","type":"image","subtype":"jpeg","icon":"https:\/\/natussensory.com\/wp-includes\/images\/media\/default.png","width":500,"height":400,"sizes":{"thumbnail":"https:\/\/natussensory.com\/wp-content\/uploads\/neoBLUE-Radiometer_all-products-link.jpg","thumbnail-width":120,"thumbnail-height":96,"medium":"https:\/\/natussensory.com\/wp-content\/uploads\/neoBLUE-Radiometer_all-products-link.jpg","medium-width":500,"medium-height":400,"medium_large":"https:\/\/natussensory.com\/wp-content\/uploads\/neoBLUE-Radiometer_all-products-link.jpg","medium_large-width":500,"medium_large-height":400,"large":"https:\/\/natussensory.com\/wp-content\/uploads\/neoBLUE-Radiometer_all-products-link.jpg","large-width":500,"large-height":400,"1536x1536":"https:\/\/natussensory.com\/wp-content\/uploads\/neoBLUE-Radiometer_all-products-link.jpg","1536x1536-width":500,"1536x1536-height":400,"2048x2048":"https:\/\/natussensory.com\/wp-content\/uploads\/neoBLUE-Radiometer_all-products-link.jpg","2048x2048-width":500,"2048x2048-height":400}},"title":"Le radiom\u00e8tre neoBLUE\u00ae fournit des mesures d\u2019irradiance calibr\u00e9es et sans c\u00e2ble sur le spectre d\u2019absorption de la bilirubine, optimisant ainsi la phototh\u00e9rapie n\u00e9onatale.","link":{"type":"post","value":"6953","url":"https:\/\/natussensory.com\/products\/neoblue-radiometer-newborn-jaundice-treatment\/","name":"neoBLUE\u00ae &#8211; Radiometer &#8211; Jaundice Treatment","title":"neoBLUE<sup>\u00ae<\/sup> Radiometer","target":""}}]},{"subcategory_title":"Protecteurs Oculaires","subcategory_products":[{"label":"Protecteurs Oculaires","image":{"ID":7301,"id":7301,"title":"Biliband_all-products-link","filename":"Biliband_all-products-link.jpg","filesize":119135,"url":"https:\/\/natussensory.com\/wp-content\/uploads\/Biliband_all-products-link.jpg","link":"https:\/\/natussensory.com\/fr\/produits\/biliband_all-products-link-2\/","alt":"Eye Protector for Newborn Phototherapy","author":"4","description":"","caption":"","name":"biliband_all-products-link-2","status":"inherit","uploaded_to":10961,"date":"2023-09-26 09:09:53","modified":"2024-11-07 10:58:53","menu_order":0,"mime_type":"image\/jpeg","type":"image","subtype":"jpeg","icon":"https:\/\/natussensory.com\/wp-includes\/images\/media\/default.png","width":500,"height":400,"sizes":{"thumbnail":"https:\/\/natussensory.com\/wp-content\/uploads\/Biliband_all-products-link.jpg","thumbnail-width":120,"thumbnail-height":96,"medium":"https:\/\/natussensory.com\/wp-content\/uploads\/Biliband_all-products-link.jpg","medium-width":500,"medium-height":400,"medium_large":"https:\/\/natussensory.com\/wp-content\/uploads\/Biliband_all-products-link.jpg","medium_large-width":500,"medium_large-height":400,"large":"https:\/\/natussensory.com\/wp-content\/uploads\/Biliband_all-products-link.jpg","large-width":500,"large-height":400,"1536x1536":"https:\/\/natussensory.com\/wp-content\/uploads\/Biliband_all-products-link.jpg","1536x1536-width":500,"1536x1536-height":400,"2048x2048":"https:\/\/natussensory.com\/wp-content\/uploads\/Biliband_all-products-link.jpg","2048x2048-width":500,"2048x2048-height":400}},"title":"Protection oculaire flexible qui bloque en toute s\u00e9curit\u00e9 la lumi\u00e8re de phototh\u00e9rapie tout en assurant une exposition compl\u00e8te de la t\u00eate du nouveau-n\u00e9 pendant le traitement.","link":{"type":"post","value":"6915","url":"https:\/\/natussensory.com\/products\/biliband-eye-protector\/","name":"Biliband\u00ae Eye Protector for Newborn Phototherapy","title":"Biliband<sup>\u00ae<\/sup>","target":""}}]}]}]}},{"acf_fc_layout":"education","_acfe_flexible_layout_title":null,"_acfe_flexible_toggle":null,"left_image_right_content_multi_ctas_landing":{"module_options":{"":null,"module_id":"n651562ca6099b","module_class":"","module_background_type":"color","module_background_color":"","module_background_image":false,"module_background_video":"","activate_custom_padding":false,"padding_top_desktop":0,"padding_top_tablet":"","padding_top_mobile":"","padding_bottom_desktop":"","padding_bottom_tablet":"","padding_bottom_mobile":"","activate_custom_margin":false,"margin_top_desktop":"","margin_top_tablet":"","margin_top_mobile":"","margin_bottom_desktop":"","margin_bottom_tablet":"","margin_bottom_mobile":"","disable_on":[],"content_alignment_desktop":"left","content_alignment_tablet":"left","content_alignment_mobile":"left"},"image":{"ID":7333,"id":7333,"title":"Education_spot","filename":"Education_spot.jpg","filesize":250797,"url":"https:\/\/natussensory.com\/wp-content\/uploads\/Education_spot.jpg","link":"https:\/\/natussensory.com\/fr\/produits\/education_spot-2\/","alt":"","author":"4","description":"","caption":"","name":"education_spot-2","status":"inherit","uploaded_to":10961,"date":"2023-09-26 10:17:46","modified":"2023-09-26 10:17:46","menu_order":0,"mime_type":"image\/jpeg","type":"image","subtype":"jpeg","icon":"https:\/\/natussensory.com\/wp-includes\/images\/media\/default.png","width":800,"height":450,"sizes":{"thumbnail":"https:\/\/natussensory.com\/wp-content\/uploads\/Education_spot.jpg","thumbnail-width":128,"thumbnail-height":72,"medium":"https:\/\/natussensory.com\/wp-content\/uploads\/Education_spot.jpg","medium-width":800,"medium-height":450,"medium_large":"https:\/\/natussensory.com\/wp-content\/uploads\/Education_spot-768x432.jpg","medium_large-width":768,"medium_large-height":432,"large":"https:\/\/natussensory.com\/wp-content\/uploads\/Education_spot.jpg","large-width":800,"large-height":450,"1536x1536":"https:\/\/natussensory.com\/wp-content\/uploads\/Education_spot.jpg","1536x1536-width":800,"1536x1536-height":450,"2048x2048":"https:\/\/natussensory.com\/wp-content\/uploads\/Education_spot.jpg","2048x2048-width":800,"2048x2048-height":450}},"label":"Connaissances","title":"Natus Sensory Acad\u00e9mies","description":"Fournir des connaissances sp\u00e9cialis\u00e9es, une expertise clinique et une formation avanc\u00e9e \u2013 quel que soit votre r\u00f4le, o\u00f9 que vous travailliez.","links":[{"link":{"type":"url","value":"https:\/\/hearing-balance.academy\/","url":"https:\/\/hearing-balance.academy\/","name":"https:\/\/hearing-balance.academy\/","title":"Hearing & Balance Academy","target":"_blank"}},{"link":{"type":"url","value":"https:\/\/neonatalcareacademy.com\/","url":"https:\/\/neonatalcareacademy.com\/","name":"https:\/\/neonatalcareacademy.com\/","title":"Neonatal Care Academy","target":"_blank"}},{"link":{"type":"url","value":"https:\/\/vision-care.academy\/","url":"https:\/\/vision-care.academy\/","name":"https:\/\/vision-care.academy\/","title":"Vision Care Academy","target":"_blank"}}]}}]},"_links":{"self":[{"href":"https:\/\/natussensory.com\/fr\/wp-json\/wp\/v2\/pages\/25015","targetHints":{"allow":["GET"]}}],"collection":[{"href":"https:\/\/natussensory.com\/fr\/wp-json\/wp\/v2\/pages"}],"about":[{"href":"https:\/\/natussensory.com\/fr\/wp-json\/wp\/v2\/types\/page"}],"author":[{"embeddable":true,"href":"https:\/\/natussensory.com\/fr\/wp-json\/wp\/v2\/users\/4"}],"replies":[{"embeddable":true,"href":"https:\/\/natussensory.com\/fr\/wp-json\/wp\/v2\/comments?post=25015"}],"version-history":[{"count":10,"href":"https:\/\/natussensory.com\/fr\/wp-json\/wp\/v2\/pages\/25015\/revisions"}],"predecessor-version":[{"id":28888,"href":"https:\/\/natussensory.com\/fr\/wp-json\/wp\/v2\/pages\/25015\/revisions\/28888"}],"up":[{"embeddable":true,"href":"https:\/\/natussensory.com\/fr\/wp-json\/wp\/v2\/pages\/10961"}],"wp:attachment":[{"href":"https:\/\/natussensory.com\/fr\/wp-json\/wp\/v2\/media?parent=25015"}],"wp:term":[{"taxonomy":"category","embeddable":true,"href":"https:\/\/natussensory.com\/fr\/wp-json\/wp\/v2\/categories?post=25015"},{"taxonomy":"post_tag","embeddable":true,"href":"https:\/\/natussensory.com\/fr\/wp-json\/wp\/v2\/tags?post=25015"}],"curies":[{"name":"wp","href":"https:\/\/api.w.org\/{rel}","templated":true}]}}