{"id":24886,"date":"2025-06-25T14:10:45","date_gmt":"2025-06-25T14:10:45","guid":{"rendered":"https:\/\/natussensory.com\/produits\/oae-abr-screeners\/"},"modified":"2025-10-23T12:03:48","modified_gmt":"2025-10-23T12:03:48","slug":"appareils-de-depistage-oea-peaa-oae-abr","status":"publish","type":"page","link":"https:\/\/natussensory.com\/fr\/produits\/appareils-de-depistage-oea-peaa-oae-abr\/","title":{"rendered":"Appareils de D\u00e9pistage OEA\/ PEAA (OAE\/ABR)"},"content":{"rendered":"","protected":false},"excerpt":{"rendered":"","protected":false},"author":4,"featured_media":0,"parent":10961,"menu_order":0,"comment_status":"closed","ping_status":"closed","template":"","meta":{"_acf_changed":false,"inline_featured_image":false,"footnotes":""},"categories":[284,294],"tags":[],"class_list":["post-24886","page","type-page","status-publish","hentry","category-depistage-auditif","category-hearing-screening-fr"],"acf":{"content_blocks":[{"acf_fc_layout":"spacer","_acfe_flexible_toggle":"","spacer":{"module_options":{"":null,"module_id":"n682c85f324428","module_class":"","module_background_type":"color","module_background_color":"#473089","module_background_image":false,"module_background_video":"","activate_custom_padding":false,"padding_top_desktop":0,"padding_top_tablet":"","padding_top_mobile":"","padding_bottom_desktop":"","padding_bottom_tablet":"","padding_bottom_mobile":"","activate_custom_margin":false,"margin_top_desktop":"","margin_top_tablet":"","margin_top_mobile":"","margin_bottom_desktop":"","margin_bottom_tablet":"","margin_bottom_mobile":"","disable_on":[],"content_alignment_desktop":"left","content_alignment_tablet":"left","content_alignment_mobile":"left"},"height":"160"}},{"acf_fc_layout":"simple_content","_acfe_flexible_toggle":"","content_full_width_landing":{"module_options":{"":null,"module_id":"n68481ff96f7b3","module_class":"","module_background_type":"color","module_background_color":"#d4e9f9","module_background_image":false,"module_background_video":"","activate_custom_padding":false,"padding_top_desktop":0,"padding_top_tablet":"","padding_top_mobile":"","padding_bottom_desktop":"","padding_bottom_tablet":"","padding_bottom_mobile":"","activate_custom_margin":false,"margin_top_desktop":"","margin_top_tablet":"","margin_top_mobile":"","margin_bottom_desktop":"","margin_bottom_tablet":"","margin_bottom_mobile":"","disable_on":[],"content_alignment_desktop":"left","content_alignment_tablet":"left","content_alignment_mobile":"left"},"activate_custom_container_width":false,"container_width":"","content":"<h1 style=\"text-align: center;\">Appareils de D\u00e9pistage OEA\/ PEAA (OAE\/ABR)<\/h1>\n<p style=\"text-align: center;\"><span style=\"font-size: 18px;\"><span class=\"TextRun SCXW42143677 BCX0\" lang=\"EN-US\" xml:lang=\"EN-US\" data-contrast=\"auto\"><span class=\"NormalTextRun SCXW42143677 BCX0\">Nos <\/span><span class=\"NormalTextRun SpellingErrorV2Themed SCXW42143677 BCX0\">appareils<\/span><span class=\"NormalTextRun SCXW42143677 BCX0\"> de <\/span><span class=\"NormalTextRun SpellingErrorV2Themed SCXW42143677 BCX0\">d\u00e9pistage<\/span><span class=\"NormalTextRun SCXW42143677 BCX0\"> OEA et PEAA <\/span><span class=\"NormalTextRun SpellingErrorV2Themed SCXW42143677 BCX0\">allient<\/span> <span class=\"NormalTextRun SpellingErrorV2Themed SCXW42143677 BCX0\">portabilit\u00e9<\/span><span class=\"NormalTextRun SCXW42143677 BCX0\"> et technologies de pointe <\/span><span class=\"NormalTextRun ContextualSpellingAndGrammarErrorV2Themed SCXW42143677 BCX0\">pour<\/span> <span class=\"NormalTextRun SpellingErrorV2Themed SCXW42143677 BCX0\">une<\/span> <span class=\"NormalTextRun SpellingErrorV2Themed SCXW42143677 BCX0\">\u00e9valuation<\/span><span class=\"NormalTextRun SCXW42143677 BCX0\"> auditive <\/span><span class=\"NormalTextRun SpellingErrorV2Themed SCXW42143677 BCX0\">efficace<\/span><span class=\"NormalTextRun SCXW42143677 BCX0\"> \u00e0 tout <\/span><span class=\"NormalTextRun SpellingErrorV2Themed SCXW42143677 BCX0\">\u00e2ge<\/span><span class=\"NormalTextRun SCXW42143677 BCX0\">. <\/span><span class=\"NormalTextRun SpellingErrorV2Themed SCXW42143677 BCX0\">Dot\u00e9s<\/span><span class=\"NormalTextRun SCXW42143677 BCX0\"> d\u2019un format portatif avec <\/span><span class=\"NormalTextRun SpellingErrorV2Themed SCXW42143677 BCX0\">\u00e9cran<\/span><span class=\"NormalTextRun SCXW42143677 BCX0\"> tactile, <\/span><span class=\"NormalTextRun SpellingErrorV2Themed SCXW42143677 BCX0\">d\u2019une<\/span> <span class=\"NormalTextRun SpellingErrorV2Themed SCXW42143677 BCX0\">v\u00e9rification<\/span> <span class=\"NormalTextRun SpellingErrorV2Themed SCXW42143677 BCX0\">int\u00e9gr\u00e9e<\/span><span class=\"NormalTextRun SCXW42143677 BCX0\"> de la sonde et de modes <\/span><span class=\"NormalTextRun SpellingErrorV2Themed SCXW42143677 BCX0\">ludiques<\/span> <span class=\"NormalTextRun SpellingErrorV2Themed SCXW42143677 BCX0\">adapt\u00e9s<\/span><span class=\"NormalTextRun SCXW42143677 BCX0\"> aux enfants, <\/span><span class=\"NormalTextRun SpellingErrorV2Themed SCXW42143677 BCX0\">ces<\/span> <span class=\"NormalTextRun SpellingErrorV2Themed SCXW42143677 BCX0\">dispositifs<\/span> <span class=\"NormalTextRun SpellingErrorV2Themed SCXW42143677 BCX0\">permettent<\/span><span class=\"NormalTextRun SCXW42143677 BCX0\"> un test binaural <\/span><span class=\"NormalTextRun SpellingErrorV2Themed SCXW42143677 BCX0\">rapide<\/span><span class=\"NormalTextRun SCXW42143677 BCX0\"> et <\/span><span class=\"NormalTextRun SpellingErrorV2Themed SCXW42143677 BCX0\">simultan\u00e9<\/span><span class=\"NormalTextRun SCXW42143677 BCX0\"> avec des <\/span><span class=\"NormalTextRun SpellingErrorV2Themed SCXW42143677 BCX0\">protocoles<\/span> <span class=\"NormalTextRun SpellingErrorV2Themed SCXW42143677 BCX0\">personnalisables<\/span><span class=\"NormalTextRun SCXW42143677 BCX0\">. La gestion <\/span><span class=\"NormalTextRun SpellingErrorV2Themed SCXW42143677 BCX0\">int\u00e9gr\u00e9e<\/span><span class=\"NormalTextRun SCXW42143677 BCX0\"> des donn\u00e9es et les configurations flexibles <\/span><span class=\"NormalTextRun SpellingErrorV2Themed SCXW42143677 BCX0\">facilitent<\/span><span class=\"NormalTextRun SCXW42143677 BCX0\"> les flux de travail et <\/span><span class=\"NormalTextRun SpellingErrorV2Themed SCXW42143677 BCX0\">assurent<\/span><span class=\"NormalTextRun SCXW42143677 BCX0\"> un <\/span><span class=\"NormalTextRun SpellingErrorV2Themed SCXW42143677 BCX0\">d\u00e9pistage<\/span> <span class=\"NormalTextRun SpellingErrorV2Themed SCXW42143677 BCX0\">auditif<\/span> <span class=\"NormalTextRun SpellingErrorV2Themed SCXW42143677 BCX0\">complet<\/span> <span class=\"NormalTextRun SpellingErrorV2Themed SCXW42143677 BCX0\">en<\/span><span class=\"NormalTextRun SCXW42143677 BCX0\"> milieu <\/span><span class=\"NormalTextRun SpellingErrorV2Themed SCXW42143677 BCX0\">clinique<\/span> <span class=\"NormalTextRun SpellingErrorV2Themed SCXW42143677 BCX0\">comme<\/span> <span class=\"NormalTextRun SpellingErrorV2Themed SCXW42143677 BCX0\">en<\/span> <span class=\"NormalTextRun SpellingErrorV2Themed SCXW42143677 BCX0\">communaut\u00e9<\/span><span class=\"NormalTextRun SCXW42143677 BCX0\">.<\/span><\/span><span class=\"EOP SCXW42143677 BCX0\" data-ccp-props=\"{&quot;134233117&quot;:false,&quot;134233118&quot;:false,&quot;335551550&quot;:2,&quot;335551620&quot;:2,&quot;335559738&quot;:240,&quot;335559739&quot;:240}\">\u00a0<\/span><\/span><\/p>\n"}},{"acf_fc_layout":"related_products","_acfe_flexible_toggle":"","tiles_3_columns_landing":{"module_options":{"":null,"module_id":"n682c87cfb8053","module_class":"","module_background_type":"color","module_background_color":"","module_background_image":false,"module_background_video":"","activate_custom_padding":false,"padding_top_desktop":0,"padding_top_tablet":"","padding_top_mobile":"","padding_bottom_desktop":"","padding_bottom_tablet":"","padding_bottom_mobile":"","activate_custom_margin":false,"margin_top_desktop":"","margin_top_tablet":"","margin_top_mobile":"","margin_bottom_desktop":"","margin_bottom_tablet":"","margin_bottom_mobile":"","disable_on":[],"content_alignment_desktop":"left","content_alignment_tablet":"left","content_alignment_mobile":"left"},"intro_text":"Produits ","intro_text_color":"","intro_link":{"type":"post","value":"1518","url":"https:\/\/natussensory.com\/products\/","name":"Products","title":" Voir tous les produits ","target":""},"tiles":[{"label":"","label_background_color":"#d4e9f9","image":{"ID":8887,"id":8887,"title":"Accuscreen_linkspot","filename":"Accuscreen_linkspot.jpg","filesize":34234,"url":"https:\/\/natussensory.com\/wp-content\/uploads\/Accuscreen_linkspot.jpg","link":"https:\/\/natussensory.com\/fr\/produits\/algo-7i\/accuscreen_linkspot-2\/","alt":"Accuscreen","author":"4","description":"","caption":"","name":"accuscreen_linkspot-2","status":"inherit","uploaded_to":9815,"date":"2023-10-01 14:24:14","modified":"2025-08-06 14:23:23","menu_order":0,"mime_type":"image\/jpeg","type":"image","subtype":"jpeg","icon":"https:\/\/natussensory.com\/wp-includes\/images\/media\/default.png","width":600,"height":300,"sizes":{"thumbnail":"https:\/\/natussensory.com\/wp-content\/uploads\/Accuscreen_linkspot.jpg","thumbnail-width":128,"thumbnail-height":64,"medium":"https:\/\/natussensory.com\/wp-content\/uploads\/Accuscreen_linkspot.jpg","medium-width":600,"medium-height":300,"medium_large":"https:\/\/natussensory.com\/wp-content\/uploads\/Accuscreen_linkspot.jpg","medium_large-width":600,"medium_large-height":300,"large":"https:\/\/natussensory.com\/wp-content\/uploads\/Accuscreen_linkspot.jpg","large-width":600,"large-height":300,"1536x1536":"https:\/\/natussensory.com\/wp-content\/uploads\/Accuscreen_linkspot.jpg","1536x1536-width":600,"1536x1536-height":300,"2048x2048":"https:\/\/natussensory.com\/wp-content\/uploads\/Accuscreen_linkspot.jpg","2048x2048-width":600,"2048x2048-height":300}},"title":"Appareil portatif de d\u00e9pistage OEA\/PEAA avec test binaural simultan\u00e9 rapide, param\u00e8tres personnalisables et gestion int\u00e9gr\u00e9e des donn\u00e9es. ","link":{"type":"post","value":"4633","url":"https:\/\/natussensory.com\/products\/madsen-accuscreen\/","name":"Madsen\u00ae Accuscreen\u00ae &#8211; Newborn Hearing Screener","title":"Madsen<sup>\u00ae<\/sup> Accuscreen<sup>\u00ae<\/sup>","target":""}},{"label":"","label_background_color":"#d4e9f9","image":{"ID":8912,"id":8912,"title":"Madsen-Alpha_linkspot","filename":"Madsen-Alpha_linkspot.jpg","filesize":39153,"url":"https:\/\/natussensory.com\/wp-content\/uploads\/Madsen-Alpha_linkspot.jpg","link":"https:\/\/natussensory.com\/fr\/produits\/algo-7i\/madsen-alpha_linkspot-2\/","alt":"Madsen-Alpha","author":"4","description":"","caption":"","name":"madsen-alpha_linkspot-2","status":"inherit","uploaded_to":9815,"date":"2023-10-01 14:24:24","modified":"2025-08-06 14:21:20","menu_order":0,"mime_type":"image\/jpeg","type":"image","subtype":"jpeg","icon":"https:\/\/natussensory.com\/wp-includes\/images\/media\/default.png","width":600,"height":300,"sizes":{"thumbnail":"https:\/\/natussensory.com\/wp-content\/uploads\/Madsen-Alpha_linkspot.jpg","thumbnail-width":128,"thumbnail-height":64,"medium":"https:\/\/natussensory.com\/wp-content\/uploads\/Madsen-Alpha_linkspot.jpg","medium-width":600,"medium-height":300,"medium_large":"https:\/\/natussensory.com\/wp-content\/uploads\/Madsen-Alpha_linkspot.jpg","medium_large-width":600,"medium_large-height":300,"large":"https:\/\/natussensory.com\/wp-content\/uploads\/Madsen-Alpha_linkspot.jpg","large-width":600,"large-height":300,"1536x1536":"https:\/\/natussensory.com\/wp-content\/uploads\/Madsen-Alpha_linkspot.jpg","1536x1536-width":600,"1536x1536-height":300,"2048x2048":"https:\/\/natussensory.com\/wp-content\/uploads\/Madsen-Alpha_linkspot.jpg","2048x2048-width":600,"2048x2048-height":300}},"title":"Appareil portatif de d\u00e9pistage OEA avec \u00e9cran tactile, v\u00e9rification de sonde, mode enfant et protocoles polyvalents. ","link":{"type":"post","value":"4653","url":"https:\/\/natussensory.com\/products\/madsen-alpha\/","name":"Madsen Alpha &#8211; OAE Hearing Screener","title":"Madsen<sup>\u00ae<\/sup> Alpha","target":""}},{"label":"","label_background_color":"#d4e9f9","image":{"ID":8907,"id":8907,"title":"AuDX_linkspot","filename":"AuDX_linkspot-1.jpg","filesize":34580,"url":"https:\/\/natussensory.com\/wp-content\/uploads\/AuDX_linkspot-1.jpg","link":"https:\/\/natussensory.com\/fr\/produits\/algo-7i\/audx_linkspot-2-2\/","alt":"AuDX","author":"4","description":"","caption":"","name":"audx_linkspot-2-2","status":"inherit","uploaded_to":9815,"date":"2023-10-01 14:24:22","modified":"2025-08-06 14:17:59","menu_order":0,"mime_type":"image\/jpeg","type":"image","subtype":"jpeg","icon":"https:\/\/natussensory.com\/wp-includes\/images\/media\/default.png","width":600,"height":300,"sizes":{"thumbnail":"https:\/\/natussensory.com\/wp-content\/uploads\/AuDX_linkspot-1.jpg","thumbnail-width":128,"thumbnail-height":64,"medium":"https:\/\/natussensory.com\/wp-content\/uploads\/AuDX_linkspot-1.jpg","medium-width":600,"medium-height":300,"medium_large":"https:\/\/natussensory.com\/wp-content\/uploads\/AuDX_linkspot-1.jpg","medium_large-width":600,"medium_large-height":300,"large":"https:\/\/natussensory.com\/wp-content\/uploads\/AuDX_linkspot-1.jpg","large-width":600,"large-height":300,"1536x1536":"https:\/\/natussensory.com\/wp-content\/uploads\/AuDX_linkspot-1.jpg","1536x1536-width":600,"1536x1536-height":300,"2048x2048":"https:\/\/natussensory.com\/wp-content\/uploads\/AuDX_linkspot-1.jpg","2048x2048-width":600,"2048x2048-height":300}},"title":"Appareil de d\u00e9pistage OEA \u00e0 double fr\u00e9quence avec test binaural simultan\u00e9, mode enfant et configurable pour le d\u00e9pistage OEA et l\u2019audiom\u00e9trie tonale. ","link":{"type":"post","value":"4616","url":"https:\/\/natussensory.com\/products\/audx\/","name":"Bio-logic AuDX &#8211; OAE Hearing Screener","title":"Bio-logic<sup>\u00ae<\/sup> AuDX<sup>\u00ae<\/sup>","target":""}}]}},{"acf_fc_layout":"left_image_right_content_single_cta","_acfe_flexible_layout_title":"Contacts us","_acfe_flexible_toggle":"","left_image_right_content_single_cta_landing":{"module_options":{"":null,"module_id":"n685a5d301dba3","module_class":"","module_background_type":"color","module_background_color":"","module_background_image":false,"module_background_video":"","activate_custom_padding":false,"padding_top_desktop":0,"padding_top_tablet":"","padding_top_mobile":"","padding_bottom_desktop":"","padding_bottom_tablet":"","padding_bottom_mobile":"","activate_custom_margin":false,"margin_top_desktop":"","margin_top_tablet":"","margin_top_mobile":"","margin_bottom_desktop":"","margin_bottom_tablet":"","margin_bottom_mobile":"","disable_on":[],"content_alignment_desktop":"left","content_alignment_tablet":"left","content_alignment_mobile":"left"},"image":{"ID":4238,"id":4238,"title":"Contact Us 800x450","filename":"Contact-Us-800x450-1.png","filesize":437541,"url":"https:\/\/natussensory.com\/wp-content\/uploads\/Contact-Us-800x450-1.png","link":"https:\/\/natussensory.com\/fr\/produits\/contact-us-800x450-2\/","alt":"Shaking Hands - Contact Us","author":"4","description":"","caption":"","name":"contact-us-800x450-2","status":"inherit","uploaded_to":10961,"date":"2023-09-14 17:35:31","modified":"2025-06-12 09:10:08","menu_order":0,"mime_type":"image\/png","type":"image","subtype":"png","icon":"https:\/\/natussensory.com\/wp-includes\/images\/media\/default.png","width":800,"height":450,"sizes":{"thumbnail":"https:\/\/natussensory.com\/wp-content\/uploads\/Contact-Us-800x450-1.png","thumbnail-width":128,"thumbnail-height":72,"medium":"https:\/\/natussensory.com\/wp-content\/uploads\/Contact-Us-800x450-1.png","medium-width":800,"medium-height":450,"medium_large":"https:\/\/natussensory.com\/wp-content\/uploads\/Contact-Us-800x450-1-768x432.png","medium_large-width":768,"medium_large-height":432,"large":"https:\/\/natussensory.com\/wp-content\/uploads\/Contact-Us-800x450-1.png","large-width":800,"large-height":450,"1536x1536":"https:\/\/natussensory.com\/wp-content\/uploads\/Contact-Us-800x450-1.png","1536x1536-width":800,"1536x1536-height":450,"2048x2048":"https:\/\/natussensory.com\/wp-content\/uploads\/Contact-Us-800x450-1.png","2048x2048-width":800,"2048x2048-height":450}},"label":"Demander un devis ","title":"Pr\u00eat \u00e0 faire la diff\u00e9rence dans les soins aux patients ? ","description":"<p><span class=\"TextRun SCXW146089354 BCX8\" data-contrast=\"auto\"><span class=\"NormalTextRun SCXW146089354 BCX8\">D\u00e9couvrez nos solutions leaders sur le march\u00e9 et comment nous pouvons vous aider \u00e0 renforcer vos capacit\u00e9s de soins.<\/span><\/span><span class=\"EOP SCXW146089354 BCX8\" data-ccp-props=\"{}\">\u00a0<\/span><\/p>\n","link":{"type":"post","value":"892","url":"https:\/\/natussensory.com\/contact-us\/","name":"Contact us","title":"Contactez-nous ","target":""}}}]},"_links":{"self":[{"href":"https:\/\/natussensory.com\/fr\/wp-json\/wp\/v2\/pages\/24886","targetHints":{"allow":["GET"]}}],"collection":[{"href":"https:\/\/natussensory.com\/fr\/wp-json\/wp\/v2\/pages"}],"about":[{"href":"https:\/\/natussensory.com\/fr\/wp-json\/wp\/v2\/types\/page"}],"author":[{"embeddable":true,"href":"https:\/\/natussensory.com\/fr\/wp-json\/wp\/v2\/users\/4"}],"replies":[{"embeddable":true,"href":"https:\/\/natussensory.com\/fr\/wp-json\/wp\/v2\/comments?post=24886"}],"version-history":[{"count":5,"href":"https:\/\/natussensory.com\/fr\/wp-json\/wp\/v2\/pages\/24886\/revisions"}],"predecessor-version":[{"id":25883,"href":"https:\/\/natussensory.com\/fr\/wp-json\/wp\/v2\/pages\/24886\/revisions\/25883"}],"up":[{"embeddable":true,"href":"https:\/\/natussensory.com\/fr\/wp-json\/wp\/v2\/pages\/10961"}],"wp:attachment":[{"href":"https:\/\/natussensory.com\/fr\/wp-json\/wp\/v2\/media?parent=24886"}],"wp:term":[{"taxonomy":"category","embeddable":true,"href":"https:\/\/natussensory.com\/fr\/wp-json\/wp\/v2\/categories?post=24886"},{"taxonomy":"post_tag","embeddable":true,"href":"https:\/\/natussensory.com\/fr\/wp-json\/wp\/v2\/tags?post=24886"}],"curies":[{"name":"wp","href":"https:\/\/api.w.org\/{rel}","templated":true}]}}