{"id":24862,"date":"2025-06-25T08:19:19","date_gmt":"2025-06-25T08:19:19","guid":{"rendered":"https:\/\/natussensory.com\/produits\/aabr-newborn-hearing-screeners\/"},"modified":"2025-10-31T13:52:24","modified_gmt":"2025-10-31T13:52:24","slug":"appareil-de-depistage-auditif-neonatal-aabr","status":"publish","type":"page","link":"https:\/\/natussensory.com\/fr\/produits\/appareil-de-depistage-auditif-neonatal-aabr\/","title":{"rendered":"Appareil de D\u00e9pistage Auditif N\u00e9onatal AABR"},"content":{"rendered":"","protected":false},"excerpt":{"rendered":"","protected":false},"author":4,"featured_media":0,"parent":10961,"menu_order":0,"comment_status":"closed","ping_status":"closed","template":"","meta":{"_acf_changed":false,"inline_featured_image":false,"footnotes":""},"categories":[284,294],"tags":[],"class_list":["post-24862","page","type-page","status-publish","hentry","category-depistage-auditif","category-hearing-screening-fr"],"acf":{"content_blocks":[{"acf_fc_layout":"spacer","_acfe_flexible_toggle":"","spacer":{"module_options":{"":null,"module_id":"n682c85f324428","module_class":"","module_background_type":"color","module_background_color":"#473089","module_background_image":false,"module_background_video":"","activate_custom_padding":false,"padding_top_desktop":0,"padding_top_tablet":"","padding_top_mobile":"","padding_bottom_desktop":"","padding_bottom_tablet":"","padding_bottom_mobile":"","activate_custom_margin":false,"margin_top_desktop":"","margin_top_tablet":"","margin_top_mobile":"","margin_bottom_desktop":"","margin_bottom_tablet":"","margin_bottom_mobile":"","disable_on":[],"content_alignment_desktop":"left","content_alignment_tablet":"left","content_alignment_mobile":"left"},"height":"160"}},{"acf_fc_layout":"simple_content","_acfe_flexible_toggle":"","content_full_width_landing":{"module_options":{"":null,"module_id":"n68481ff96f7b3","module_class":"","module_background_type":"color","module_background_color":"#d4e9f9","module_background_image":false,"module_background_video":"","activate_custom_padding":false,"padding_top_desktop":0,"padding_top_tablet":"","padding_top_mobile":"","padding_bottom_desktop":"","padding_bottom_tablet":"","padding_bottom_mobile":"","activate_custom_margin":false,"margin_top_desktop":"","margin_top_tablet":"","margin_top_mobile":"","margin_bottom_desktop":"","margin_bottom_tablet":"","margin_bottom_mobile":"","disable_on":[],"content_alignment_desktop":"left","content_alignment_tablet":"left","content_alignment_mobile":"left"},"activate_custom_container_width":false,"container_width":"","content":"<h1 style=\"text-align: center;\">Appareil de D\u00e9pistage Auditif N\u00e9onatal AABR<\/h1>\n<p style=\"text-align: center;\"><span style=\"font-size: 18px;\"><span class=\"TextRun SCXW131832848 BCX0\" lang=\"EN-US\" xml:lang=\"EN-US\" data-contrast=\"auto\"><span class=\"NormalTextRun SpellingErrorV2Themed SCXW131832848 BCX0\">Con\u00e7us<\/span><span class=\"NormalTextRun SCXW131832848 BCX0\"> pour les <\/span><span class=\"NormalTextRun SpellingErrorV2Themed SCXW131832848 BCX0\">cliniciens<\/span><span class=\"NormalTextRun SCXW131832848 BCX0\">, <\/span><span class=\"NormalTextRun SpellingErrorV2Themed SCXW131832848 BCX0\">nos<\/span> <span class=\"NormalTextRun SpellingErrorV2Themed SCXW131832848 BCX0\">appareils<\/span><span class=\"NormalTextRun SCXW131832848 BCX0\"> de <\/span><span class=\"NormalTextRun SpellingErrorV2Themed SCXW131832848 BCX0\">d\u00e9pistage<\/span> <span class=\"NormalTextRun SpellingErrorV2Themed SCXW131832848 BCX0\">auditif<\/span> <span class=\"NormalTextRun SpellingErrorV2Themed SCXW131832848 BCX0\">n\u00e9onatal<\/span><span class=\"NormalTextRun SCXW131832848 BCX0\"> PEAA <\/span><span class=\"NormalTextRun SpellingErrorV2Themed SCXW131832848 BCX0\">associent<\/span> <span class=\"NormalTextRun SpellingErrorV2Themed SCXW131832848 BCX0\">une<\/span> <span class=\"NormalTextRun SpellingErrorV2Themed SCXW131832848 BCX0\">d\u00e9tection<\/span> <span class=\"NormalTextRun SpellingErrorV2Themed SCXW131832848 BCX0\">binomiale<\/span> <span class=\"NormalTextRun SpellingErrorV2Themed SCXW131832848 BCX0\">avanc\u00e9e<\/span><span class=\"NormalTextRun SCXW131832848 BCX0\"> \u00e0 <\/span><span class=\"NormalTextRun SpellingErrorV2Themed SCXW131832848 BCX0\">une<\/span> <span class=\"NormalTextRun SpellingErrorV2Themed SCXW131832848 BCX0\">grande<\/span> <span class=\"NormalTextRun SpellingErrorV2Themed SCXW131832848 BCX0\">pr\u00e9cision<\/span><span class=\"NormalTextRun SCXW131832848 BCX0\"> et un <\/span><span class=\"NormalTextRun SpellingErrorV2Themed SCXW131832848 BCX0\">taux<\/span><span class=\"NormalTextRun SCXW131832848 BCX0\"> minimal de faux <\/span><span class=\"NormalTextRun SpellingErrorV2Themed SCXW131832848 BCX0\">positifs<\/span><span class=\"NormalTextRun SCXW131832848 BCX0\">. <\/span><span class=\"NormalTextRun SpellingErrorV2Themed SCXW131832848 BCX0\">Disponibles<\/span> <span class=\"NormalTextRun SpellingErrorV2Themed SCXW131832848 BCX0\">en<\/span><span class=\"NormalTextRun SCXW131832848 BCX0\"> version portative <\/span><span class=\"NormalTextRun SpellingErrorV2Themed SCXW131832848 BCX0\">ou<\/span><span class=\"NormalTextRun SCXW131832848 BCX0\"> sur chariot avec <\/span><span class=\"NormalTextRun SpellingErrorV2Themed SCXW131832848 BCX0\">outils<\/span><span class=\"NormalTextRun SCXW131832848 BCX0\"> de gestion <\/span><span class=\"NormalTextRun SpellingErrorV2Themed SCXW131832848 BCX0\">int\u00e9gr\u00e9s<\/span><span class=\"NormalTextRun SCXW131832848 BCX0\">, <\/span><span class=\"NormalTextRun SpellingErrorV2Themed SCXW131832848 BCX0\">ils<\/span> <span class=\"NormalTextRun SpellingErrorV2Themed SCXW131832848 BCX0\">offrent<\/span><span class=\"NormalTextRun SCXW131832848 BCX0\"> des modes de <\/span><span class=\"NormalTextRun SpellingErrorV2Themed SCXW131832848 BCX0\">d\u00e9pistage<\/span><span class=\"NormalTextRun SCXW131832848 BCX0\"> flexibles, un <\/span><span class=\"NormalTextRun SpellingErrorV2Themed SCXW131832848 BCX0\">\u00e9cran<\/span><span class=\"NormalTextRun SCXW131832848 BCX0\"> tactile <\/span><span class=\"NormalTextRun SpellingErrorV2Themed SCXW131832848 BCX0\">intuitif<\/span><span class=\"NormalTextRun SCXW131832848 BCX0\">, <\/span><span class=\"NormalTextRun SpellingErrorV2Themed SCXW131832848 BCX0\">une<\/span> <span class=\"NormalTextRun SpellingErrorV2Themed SCXW131832848 BCX0\">utilisation<\/span><span class=\"NormalTextRun SCXW131832848 BCX0\"> sans fil et <\/span><span class=\"NormalTextRun SpellingErrorV2Themed SCXW131832848 BCX0\">une<\/span><span class=\"NormalTextRun SCXW131832848 BCX0\"> gestion <\/span><span class=\"NormalTextRun SpellingErrorV2Themed SCXW131832848 BCX0\">s\u00e9curis\u00e9e<\/span><span class=\"NormalTextRun SCXW131832848 BCX0\"> des donn\u00e9es\u2014pour un <\/span><span class=\"NormalTextRun SpellingErrorV2Themed SCXW131832848 BCX0\">d\u00e9pistage<\/span> <span class=\"NormalTextRun SpellingErrorV2Themed SCXW131832848 BCX0\">efficace<\/span><span class=\"NormalTextRun SCXW131832848 BCX0\"> et <\/span><span class=\"NormalTextRun SpellingErrorV2Themed SCXW131832848 BCX0\">une<\/span> <span class=\"NormalTextRun SpellingErrorV2Themed SCXW131832848 BCX0\">d\u00e9tection<\/span> <span class=\"NormalTextRun SpellingErrorV2Themed SCXW131832848 BCX0\">pr\u00e9coce<\/span><span class=\"NormalTextRun SCXW131832848 BCX0\"> dans divers <\/span><span class=\"NormalTextRun SpellingErrorV2Themed SCXW131832848 BCX0\">environnements<\/span> <span class=\"NormalTextRun SpellingErrorV2Themed SCXW131832848 BCX0\">cliniques<\/span><span class=\"NormalTextRun SCXW131832848 BCX0\">.<\/span><\/span><span class=\"EOP SCXW131832848 BCX0\" data-ccp-props=\"{&quot;335551550&quot;:2,&quot;335551620&quot;:2}\">\u00a0<\/span><\/span><\/p>\n"}},{"acf_fc_layout":"related_products","_acfe_flexible_toggle":"","tiles_3_columns_landing":{"module_options":{"":null,"module_id":"n682c87cfb8053","module_class":"","module_background_type":"color","module_background_color":"","module_background_image":false,"module_background_video":"","activate_custom_padding":false,"padding_top_desktop":0,"padding_top_tablet":"","padding_top_mobile":"","padding_bottom_desktop":"","padding_bottom_tablet":"","padding_bottom_mobile":"","activate_custom_margin":false,"margin_top_desktop":"","margin_top_tablet":"","margin_top_mobile":"","margin_bottom_desktop":"","margin_bottom_tablet":"","margin_bottom_mobile":"","disable_on":[],"content_alignment_desktop":"left","content_alignment_tablet":"left","content_alignment_mobile":"left"},"intro_text":"Produits ","intro_text_color":"","intro_link":{"type":"post","value":"1518","url":"https:\/\/natussensory.com\/products\/","name":"Products","title":"Voir tous les produits ","target":""},"tiles":[{"label":"","label_background_color":"#d4e9f9","image":{"ID":8897,"id":8897,"title":"ALGO-7i_linkspot","filename":"ALGO-7i_linkspot.jpg","filesize":30220,"url":"https:\/\/natussensory.com\/wp-content\/uploads\/ALGO-7i_linkspot.jpg","link":"https:\/\/natussensory.com\/fr\/produits\/algo-7i\/algo-7i_linkspot-2\/","alt":"Algo7i","author":"4","description":"","caption":"","name":"algo-7i_linkspot-2","status":"inherit","uploaded_to":9815,"date":"2023-10-01 14:24:18","modified":"2025-08-06 14:10:09","menu_order":0,"mime_type":"image\/jpeg","type":"image","subtype":"jpeg","icon":"https:\/\/natussensory.com\/wp-includes\/images\/media\/default.png","width":600,"height":300,"sizes":{"thumbnail":"https:\/\/natussensory.com\/wp-content\/uploads\/ALGO-7i_linkspot.jpg","thumbnail-width":128,"thumbnail-height":64,"medium":"https:\/\/natussensory.com\/wp-content\/uploads\/ALGO-7i_linkspot.jpg","medium-width":600,"medium-height":300,"medium_large":"https:\/\/natussensory.com\/wp-content\/uploads\/ALGO-7i_linkspot.jpg","medium_large-width":600,"medium_large-height":300,"large":"https:\/\/natussensory.com\/wp-content\/uploads\/ALGO-7i_linkspot.jpg","large-width":600,"large-height":300,"1536x1536":"https:\/\/natussensory.com\/wp-content\/uploads\/ALGO-7i_linkspot.jpg","1536x1536-width":600,"1536x1536-height":300,"2048x2048":"https:\/\/natussensory.com\/wp-content\/uploads\/ALGO-7i_linkspot.jpg","2048x2048-width":600,"2048x2048-height":300}},"title":"Syst\u00e8me AABR compact et automatis\u00e9 avec d\u00e9tection binomiale, utilisation sans fil, \u00e9cran tactile et modes de d\u00e9pistage flexibles. ","link":{"type":"post","value":"4205","url":"https:\/\/natussensory.com\/products\/algo-7i\/","name":"ALGO\u00ae 7i Newborn Hearing Screener","title":"ALGO<sup>\u00ae<\/sup> 7i","target":""}},{"label":"","label_background_color":"#d4e9f9","image":{"ID":8892,"id":8892,"title":"ALGO-5_linkspot","filename":"ALGO-5_linkspot.jpg","filesize":28050,"url":"https:\/\/natussensory.com\/wp-content\/uploads\/ALGO-5_linkspot.jpg","link":"https:\/\/natussensory.com\/fr\/produits\/algo-7i\/algo-5_linkspot-2\/","alt":"ALGO-5","author":"4","description":"","caption":"","name":"algo-5_linkspot-2","status":"inherit","uploaded_to":9815,"date":"2023-10-01 14:24:16","modified":"2025-08-06 14:08:11","menu_order":0,"mime_type":"image\/jpeg","type":"image","subtype":"jpeg","icon":"https:\/\/natussensory.com\/wp-includes\/images\/media\/default.png","width":600,"height":300,"sizes":{"thumbnail":"https:\/\/natussensory.com\/wp-content\/uploads\/ALGO-5_linkspot.jpg","thumbnail-width":128,"thumbnail-height":64,"medium":"https:\/\/natussensory.com\/wp-content\/uploads\/ALGO-5_linkspot.jpg","medium-width":600,"medium-height":300,"medium_large":"https:\/\/natussensory.com\/wp-content\/uploads\/ALGO-5_linkspot.jpg","medium_large-width":600,"medium_large-height":300,"large":"https:\/\/natussensory.com\/wp-content\/uploads\/ALGO-5_linkspot.jpg","large-width":600,"large-height":300,"1536x1536":"https:\/\/natussensory.com\/wp-content\/uploads\/ALGO-5_linkspot.jpg","1536x1536-width":600,"1536x1536-height":300,"2048x2048":"https:\/\/natussensory.com\/wp-content\/uploads\/ALGO-5_linkspot.jpg","2048x2048-width":600,"2048x2048-height":300}},"title":"Appareil PEAA automatis\u00e9 avec \u00e9cran tactile et gestion de donn\u00e9es, id\u00e9al pour le d\u00e9pistage n\u00e9onatal en \u00e9tablissement \u00e0 haut volume. ","link":{"type":"post","value":"4204","url":"https:\/\/natussensory.com\/products\/algo-5\/","name":"ALGO\u00ae 5 &#8211; Newborn Hearing Screening Equipment","title":"ALGO<sup>\u00ae<\/sup> 5","target":""}}]}},{"acf_fc_layout":"left_image_right_content_single_cta","_acfe_flexible_layout_title":"Contacts us","_acfe_flexible_toggle":"","left_image_right_content_single_cta_landing":{"module_options":{"":null,"module_id":"n685a5d301dba3","module_class":"","module_background_type":"color","module_background_color":"","module_background_image":false,"module_background_video":"","activate_custom_padding":false,"padding_top_desktop":0,"padding_top_tablet":"","padding_top_mobile":"","padding_bottom_desktop":"","padding_bottom_tablet":"","padding_bottom_mobile":"","activate_custom_margin":false,"margin_top_desktop":"","margin_top_tablet":"","margin_top_mobile":"","margin_bottom_desktop":"","margin_bottom_tablet":"","margin_bottom_mobile":"","disable_on":[],"content_alignment_desktop":"left","content_alignment_tablet":"left","content_alignment_mobile":"left"},"image":{"ID":4238,"id":4238,"title":"Contact Us 800x450","filename":"Contact-Us-800x450-1.png","filesize":437541,"url":"https:\/\/natussensory.com\/wp-content\/uploads\/Contact-Us-800x450-1.png","link":"https:\/\/natussensory.com\/fr\/produits\/contact-us-800x450-2\/","alt":"Shaking Hands - Contact Us","author":"4","description":"","caption":"","name":"contact-us-800x450-2","status":"inherit","uploaded_to":10961,"date":"2023-09-14 17:35:31","modified":"2025-06-12 09:10:08","menu_order":0,"mime_type":"image\/png","type":"image","subtype":"png","icon":"https:\/\/natussensory.com\/wp-includes\/images\/media\/default.png","width":800,"height":450,"sizes":{"thumbnail":"https:\/\/natussensory.com\/wp-content\/uploads\/Contact-Us-800x450-1.png","thumbnail-width":128,"thumbnail-height":72,"medium":"https:\/\/natussensory.com\/wp-content\/uploads\/Contact-Us-800x450-1.png","medium-width":800,"medium-height":450,"medium_large":"https:\/\/natussensory.com\/wp-content\/uploads\/Contact-Us-800x450-1-768x432.png","medium_large-width":768,"medium_large-height":432,"large":"https:\/\/natussensory.com\/wp-content\/uploads\/Contact-Us-800x450-1.png","large-width":800,"large-height":450,"1536x1536":"https:\/\/natussensory.com\/wp-content\/uploads\/Contact-Us-800x450-1.png","1536x1536-width":800,"1536x1536-height":450,"2048x2048":"https:\/\/natussensory.com\/wp-content\/uploads\/Contact-Us-800x450-1.png","2048x2048-width":800,"2048x2048-height":450}},"label":" Demander un devis ","title":"Pr\u00eat \u00e0 faire la diff\u00e9rence dans les soins aux patients ? ","description":"<p><span class=\"TextRun SCXW167505323 BCX8\" data-contrast=\"auto\"><span class=\"NormalTextRun SCXW167505323 BCX8\">D\u00e9couvrez nos solutions leaders sur le march\u00e9 et comment nous pouvons vous aider \u00e0 renforcer vos capacit\u00e9s de soins.<\/span><\/span><span class=\"EOP SCXW167505323 BCX8\" data-ccp-props=\"{}\">\u00a0<\/span><\/p>\n","link":{"type":"post","value":"892","url":"https:\/\/natussensory.com\/contact-us\/","name":"Contact us","title":" Contactez-nous ","target":""}}}]},"_links":{"self":[{"href":"https:\/\/natussensory.com\/fr\/wp-json\/wp\/v2\/pages\/24862","targetHints":{"allow":["GET"]}}],"collection":[{"href":"https:\/\/natussensory.com\/fr\/wp-json\/wp\/v2\/pages"}],"about":[{"href":"https:\/\/natussensory.com\/fr\/wp-json\/wp\/v2\/types\/page"}],"author":[{"embeddable":true,"href":"https:\/\/natussensory.com\/fr\/wp-json\/wp\/v2\/users\/4"}],"replies":[{"embeddable":true,"href":"https:\/\/natussensory.com\/fr\/wp-json\/wp\/v2\/comments?post=24862"}],"version-history":[{"count":6,"href":"https:\/\/natussensory.com\/fr\/wp-json\/wp\/v2\/pages\/24862\/revisions"}],"predecessor-version":[{"id":25871,"href":"https:\/\/natussensory.com\/fr\/wp-json\/wp\/v2\/pages\/24862\/revisions\/25871"}],"up":[{"embeddable":true,"href":"https:\/\/natussensory.com\/fr\/wp-json\/wp\/v2\/pages\/10961"}],"wp:attachment":[{"href":"https:\/\/natussensory.com\/fr\/wp-json\/wp\/v2\/media?parent=24862"}],"wp:term":[{"taxonomy":"category","embeddable":true,"href":"https:\/\/natussensory.com\/fr\/wp-json\/wp\/v2\/categories?post=24862"},{"taxonomy":"post_tag","embeddable":true,"href":"https:\/\/natussensory.com\/fr\/wp-json\/wp\/v2\/tags?post=24862"}],"curies":[{"name":"wp","href":"https:\/\/api.w.org\/{rel}","templated":true}]}}