{"id":24840,"date":"2025-06-24T20:13:21","date_gmt":"2025-06-24T20:13:21","guid":{"rendered":"https:\/\/natussensory.com\/produits\/caloric-irrigator\/"},"modified":"2025-10-23T11:40:23","modified_gmt":"2025-10-23T11:40:23","slug":"irrigateurs-caloriques","status":"publish","type":"page","link":"https:\/\/natussensory.com\/fr\/produits\/irrigateurs-caloriques\/","title":{"rendered":"Irrigateurs Caloriques"},"content":{"rendered":"","protected":false},"excerpt":{"rendered":"","protected":false},"author":4,"featured_media":0,"parent":10961,"menu_order":0,"comment_status":"closed","ping_status":"closed","template":"","meta":{"_acf_changed":false,"inline_featured_image":false,"footnotes":""},"categories":[295,285],"tags":[],"class_list":["post-24840","page","type-page","status-publish","hentry","category-balance-assessment-fr","category-explorations-fonctionnelles"],"acf":{"content_blocks":[{"acf_fc_layout":"spacer","_acfe_flexible_toggle":"","spacer":{"module_options":{"":null,"module_id":"n682c85f324428","module_class":"","module_background_type":"color","module_background_color":"#473089","module_background_image":false,"module_background_video":"","activate_custom_padding":false,"padding_top_desktop":0,"padding_top_tablet":"","padding_top_mobile":"","padding_bottom_desktop":"","padding_bottom_tablet":"","padding_bottom_mobile":"","activate_custom_margin":false,"margin_top_desktop":"","margin_top_tablet":"","margin_top_mobile":"","margin_bottom_desktop":"","margin_bottom_tablet":"","margin_bottom_mobile":"","disable_on":[],"content_alignment_desktop":"left","content_alignment_tablet":"left","content_alignment_mobile":"left"},"height":"160"}},{"acf_fc_layout":"simple_content","_acfe_flexible_toggle":"","content_full_width_landing":{"module_options":{"":null,"module_id":"n68481ff96f7b3","module_class":"","module_background_type":"color","module_background_color":"#d4e9f9","module_background_image":false,"module_background_video":"","activate_custom_padding":false,"padding_top_desktop":0,"padding_top_tablet":"","padding_top_mobile":"","padding_bottom_desktop":"","padding_bottom_tablet":"","padding_bottom_mobile":"","activate_custom_margin":false,"margin_top_desktop":"","margin_top_tablet":"","margin_top_mobile":"","margin_bottom_desktop":"","margin_bottom_tablet":"","margin_bottom_mobile":"","disable_on":[],"content_alignment_desktop":"left","content_alignment_tablet":"left","content_alignment_mobile":"left"},"activate_custom_container_width":false,"container_width":"","content":"<h1 style=\"text-align: center;\"><span class=\"TextRun SCXW82541438 BCX0\" lang=\"EN-US\" xml:lang=\"EN-US\" data-contrast=\"auto\"><span class=\"NormalTextRun SpellingErrorV2Themed SCXW82541438 BCX0\">Irrigateurs<\/span> C<span class=\"NormalTextRun SpellingErrorV2Themed SCXW82541438 BCX0\">aloriques<\/span><\/span><span class=\"EOP SCXW82541438 BCX0\" data-ccp-props=\"{&quot;134233117&quot;:false,&quot;134233118&quot;:false,&quot;201341983&quot;:0,&quot;335551550&quot;:2,&quot;335551620&quot;:2,&quot;335559738&quot;:0,&quot;335559739&quot;:160,&quot;335559740&quot;:279}\">\u00a0<\/span><\/h1>\n<p style=\"text-align: center;\"><span style=\"font-size: 18px;\"><span class=\"TextRun SCXW64912389 BCX0\" lang=\"EN-US\" xml:lang=\"EN-US\" data-contrast=\"auto\"><span class=\"NormalTextRun SCXW64912389 BCX0\">Nos <\/span><span class=\"NormalTextRun SpellingErrorV2Themed SCXW64912389 BCX0\">irrigateurs<\/span> <span class=\"NormalTextRun SpellingErrorV2Themed SCXW64912389 BCX0\">caloriques<\/span> <span class=\"NormalTextRun SpellingErrorV2Themed SCXW64912389 BCX0\">d\u00e9livrent<\/span><span class=\"NormalTextRun SCXW64912389 BCX0\"> des stimuli <\/span><span class=\"NormalTextRun SpellingErrorV2Themed SCXW64912389 BCX0\">thermiques<\/span><span class=\"NormalTextRun SCXW64912389 BCX0\"> pr\u00e9cis et <\/span><span class=\"NormalTextRun SpellingErrorV2Themed SCXW64912389 BCX0\">contr\u00f4lables<\/span><span class=\"NormalTextRun SCXW64912389 BCX0\"> gr\u00e2ce \u00e0 des <\/span><span class=\"NormalTextRun SpellingErrorV2Themed SCXW64912389 BCX0\">r\u00e9glages<\/span> <span class=\"NormalTextRun SpellingErrorV2Themed SCXW64912389 BCX0\">ajustables<\/span><span class=\"NormalTextRun SCXW64912389 BCX0\"> du <\/span><span class=\"NormalTextRun SpellingErrorV2Themed SCXW64912389 BCX0\">d\u00e9bit<\/span> <span class=\"NormalTextRun SpellingErrorV2Themed SCXW64912389 BCX0\">d&rsquo;air<\/span><span class=\"NormalTextRun SCXW64912389 BCX0\"> et de la <\/span><span class=\"NormalTextRun SpellingErrorV2Themed SCXW64912389 BCX0\">temp\u00e9rature<\/span><span class=\"NormalTextRun SCXW64912389 BCX0\">, <\/span><span class=\"NormalTextRun SpellingErrorV2Themed SCXW64912389 BCX0\">garantissant<\/span> <span class=\"NormalTextRun SpellingErrorV2Themed SCXW64912389 BCX0\">une<\/span><span class=\"NormalTextRun SCXW64912389 BCX0\"> activation <\/span><span class=\"NormalTextRun SpellingErrorV2Themed SCXW64912389 BCX0\">vestibulaire<\/span> <span class=\"NormalTextRun SpellingErrorV2Themed SCXW64912389 BCX0\">coh\u00e9rente<\/span><span class=\"NormalTextRun SCXW64912389 BCX0\"> et reproductible. <\/span><span class=\"NormalTextRun SpellingErrorV2Themed SCXW64912389 BCX0\">Con\u00e7us<\/span><span class=\"NormalTextRun SCXW64912389 BCX0\"> pour <\/span><span class=\"NormalTextRun SpellingErrorV2Themed SCXW64912389 BCX0\">une<\/span> <span class=\"NormalTextRun SpellingErrorV2Themed SCXW64912389 BCX0\">int\u00e9gration<\/span> <span class=\"NormalTextRun SpellingErrorV2Themed SCXW64912389 BCX0\">fluide<\/span><span class=\"NormalTextRun SCXW64912389 BCX0\"> avec des <\/span><span class=\"NormalTextRun SpellingErrorV2Themed SCXW64912389 BCX0\">syst\u00e8mes<\/span><span class=\"NormalTextRun SCXW64912389 BCX0\"> de diagnostic <\/span><span class=\"NormalTextRun SpellingErrorV2Themed SCXW64912389 BCX0\">avanc\u00e9s<\/span><span class=\"NormalTextRun SCXW64912389 BCX0\">, <\/span><span class=\"NormalTextRun SpellingErrorV2Themed SCXW64912389 BCX0\">ils<\/span> <span class=\"NormalTextRun SpellingErrorV2Themed SCXW64912389 BCX0\">am\u00e9liorent<\/span><span class=\"NormalTextRun SCXW64912389 BCX0\"> la <\/span><span class=\"NormalTextRun SpellingErrorV2Themed SCXW64912389 BCX0\">pr\u00e9cision<\/span><span class=\"NormalTextRun SCXW64912389 BCX0\"> et <\/span><span class=\"NormalTextRun SpellingErrorV2Themed SCXW64912389 BCX0\">l\u2019efficacit\u00e9<\/span><span class=\"NormalTextRun SCXW64912389 BCX0\"> des <\/span><span class=\"NormalTextRun SpellingErrorV2Themed SCXW64912389 BCX0\">\u00e9valuations<\/span><span class=\"NormalTextRun SCXW64912389 BCX0\"> de <\/span><span class=\"NormalTextRun SpellingErrorV2Themed SCXW64912389 BCX0\">l\u2019\u00e9quilibre<\/span><span class=\"NormalTextRun SCXW64912389 BCX0\">.<\/span><\/span><span class=\"EOP SCXW64912389 BCX0\" data-ccp-props=\"{&quot;134233117&quot;:false,&quot;134233118&quot;:false,&quot;201341983&quot;:0,&quot;335551550&quot;:2,&quot;335551620&quot;:2,&quot;335559738&quot;:0,&quot;335559739&quot;:160,&quot;335559740&quot;:279}\">\u00a0<\/span><\/span><\/p>\n"}},{"acf_fc_layout":"related_products","_acfe_flexible_toggle":"","tiles_3_columns_landing":{"module_options":{"":null,"module_id":"n682c87cfb8053","module_class":"","module_background_type":"color","module_background_color":"","module_background_image":false,"module_background_video":"","activate_custom_padding":false,"padding_top_desktop":0,"padding_top_tablet":"","padding_top_mobile":"","padding_bottom_desktop":"","padding_bottom_tablet":"","padding_bottom_mobile":"","activate_custom_margin":false,"margin_top_desktop":"","margin_top_tablet":"","margin_top_mobile":"","margin_bottom_desktop":"","margin_bottom_tablet":"","margin_bottom_mobile":"","disable_on":[],"content_alignment_desktop":"left","content_alignment_tablet":"left","content_alignment_mobile":"left"},"intro_text":"Produits ","intro_text_color":"","intro_link":{"type":"post","value":"1518","url":"https:\/\/natussensory.com\/products\/","name":"Products","title":"Voir tous les produits ","target":""},"tiles":[{"label":"","label_background_color":"#d4e9f9","image":{"ID":8981,"id":8981,"title":"Aircal_linkspot","filename":"Aircal_linkspot.jpg","filesize":65100,"url":"https:\/\/natussensory.com\/wp-content\/uploads\/Aircal_linkspot.jpg","link":"https:\/\/natussensory.com\/fr\/produits\/ics-impulse\/aircal_linkspot-2\/","alt":"ICS Aircal caloric irrigation device with control panel and attached handpiece for vestibular testing.","author":"4","description":"","caption":"","name":"aircal_linkspot-2","status":"inherit","uploaded_to":9852,"date":"2023-10-01 19:50:01","modified":"2025-05-06 13:48:00","menu_order":0,"mime_type":"image\/jpeg","type":"image","subtype":"jpeg","icon":"https:\/\/natussensory.com\/wp-includes\/images\/media\/default.png","width":600,"height":300,"sizes":{"thumbnail":"https:\/\/natussensory.com\/wp-content\/uploads\/Aircal_linkspot.jpg","thumbnail-width":128,"thumbnail-height":64,"medium":"https:\/\/natussensory.com\/wp-content\/uploads\/Aircal_linkspot.jpg","medium-width":600,"medium-height":300,"medium_large":"https:\/\/natussensory.com\/wp-content\/uploads\/Aircal_linkspot.jpg","medium_large-width":600,"medium_large-height":300,"large":"https:\/\/natussensory.com\/wp-content\/uploads\/Aircal_linkspot.jpg","large-width":600,"large-height":300,"1536x1536":"https:\/\/natussensory.com\/wp-content\/uploads\/Aircal_linkspot.jpg","1536x1536-width":600,"1536x1536-height":300,"2048x2048":"https:\/\/natussensory.com\/wp-content\/uploads\/Aircal_linkspot.jpg","2048x2048-width":600,"2048x2048-height":300}},"title":"Irrigateur calorique \u00e0 air portable avec stimuli thermiques contr\u00f4l\u00e9s et temp\u00e9rature pr\u00e9cise pour tester la fonction vestibulaire. ","link":{"type":"post","value":"5658","url":"https:\/\/natussensory.com\/products\/ics-aircal\/","name":"ICS\u00ae Aircal &#8211; Caloric Irrigator","title":"ICS<sup>\u00ae<\/sup> Aircal","target":""}}]}},{"acf_fc_layout":"left_image_right_content_single_cta","_acfe_flexible_layout_title":"Contacts us","_acfe_flexible_toggle":"","left_image_right_content_single_cta_landing":{"module_options":{"":null,"module_id":"n685a5d301dba3","module_class":"","module_background_type":"color","module_background_color":"","module_background_image":false,"module_background_video":"","activate_custom_padding":false,"padding_top_desktop":0,"padding_top_tablet":"","padding_top_mobile":"","padding_bottom_desktop":"","padding_bottom_tablet":"","padding_bottom_mobile":"","activate_custom_margin":false,"margin_top_desktop":"","margin_top_tablet":"","margin_top_mobile":"","margin_bottom_desktop":"","margin_bottom_tablet":"","margin_bottom_mobile":"","disable_on":[],"content_alignment_desktop":"left","content_alignment_tablet":"left","content_alignment_mobile":"left"},"image":{"ID":4238,"id":4238,"title":"Contact Us 800x450","filename":"Contact-Us-800x450-1.png","filesize":437541,"url":"https:\/\/natussensory.com\/wp-content\/uploads\/Contact-Us-800x450-1.png","link":"https:\/\/natussensory.com\/fr\/produits\/contact-us-800x450-2\/","alt":"Shaking Hands - Contact Us","author":"4","description":"","caption":"","name":"contact-us-800x450-2","status":"inherit","uploaded_to":10961,"date":"2023-09-14 17:35:31","modified":"2025-06-12 09:10:08","menu_order":0,"mime_type":"image\/png","type":"image","subtype":"png","icon":"https:\/\/natussensory.com\/wp-includes\/images\/media\/default.png","width":800,"height":450,"sizes":{"thumbnail":"https:\/\/natussensory.com\/wp-content\/uploads\/Contact-Us-800x450-1.png","thumbnail-width":128,"thumbnail-height":72,"medium":"https:\/\/natussensory.com\/wp-content\/uploads\/Contact-Us-800x450-1.png","medium-width":800,"medium-height":450,"medium_large":"https:\/\/natussensory.com\/wp-content\/uploads\/Contact-Us-800x450-1-768x432.png","medium_large-width":768,"medium_large-height":432,"large":"https:\/\/natussensory.com\/wp-content\/uploads\/Contact-Us-800x450-1.png","large-width":800,"large-height":450,"1536x1536":"https:\/\/natussensory.com\/wp-content\/uploads\/Contact-Us-800x450-1.png","1536x1536-width":800,"1536x1536-height":450,"2048x2048":"https:\/\/natussensory.com\/wp-content\/uploads\/Contact-Us-800x450-1.png","2048x2048-width":800,"2048x2048-height":450}},"label":"Demander un devis ","title":"Pr\u00eat \u00e0 faire la diff\u00e9rence dans les soins aux patients ? ","description":"<p><span class=\"TextRun SCXW29659523 BCX8\" data-contrast=\"auto\"><span class=\"NormalTextRun SCXW29659523 BCX8\">D\u00e9couvrez nos solutions leaders sur le march\u00e9 et comment nous pouvons vous aider \u00e0 renforcer vos capacit\u00e9s de soins.<\/span><\/span><\/p>\n","link":{"type":"post","value":"892","url":"https:\/\/natussensory.com\/contact-us\/","name":"Contact us","title":"Contactez-nous ","target":""}}}]},"_links":{"self":[{"href":"https:\/\/natussensory.com\/fr\/wp-json\/wp\/v2\/pages\/24840","targetHints":{"allow":["GET"]}}],"collection":[{"href":"https:\/\/natussensory.com\/fr\/wp-json\/wp\/v2\/pages"}],"about":[{"href":"https:\/\/natussensory.com\/fr\/wp-json\/wp\/v2\/types\/page"}],"author":[{"embeddable":true,"href":"https:\/\/natussensory.com\/fr\/wp-json\/wp\/v2\/users\/4"}],"replies":[{"embeddable":true,"href":"https:\/\/natussensory.com\/fr\/wp-json\/wp\/v2\/comments?post=24840"}],"version-history":[{"count":5,"href":"https:\/\/natussensory.com\/fr\/wp-json\/wp\/v2\/pages\/24840\/revisions"}],"predecessor-version":[{"id":25841,"href":"https:\/\/natussensory.com\/fr\/wp-json\/wp\/v2\/pages\/24840\/revisions\/25841"}],"up":[{"embeddable":true,"href":"https:\/\/natussensory.com\/fr\/wp-json\/wp\/v2\/pages\/10961"}],"wp:attachment":[{"href":"https:\/\/natussensory.com\/fr\/wp-json\/wp\/v2\/media?parent=24840"}],"wp:term":[{"taxonomy":"category","embeddable":true,"href":"https:\/\/natussensory.com\/fr\/wp-json\/wp\/v2\/categories?post=24840"},{"taxonomy":"post_tag","embeddable":true,"href":"https:\/\/natussensory.com\/fr\/wp-json\/wp\/v2\/tags?post=24840"}],"curies":[{"name":"wp","href":"https:\/\/api.w.org\/{rel}","templated":true}]}}