{"id":24781,"date":"2025-06-24T18:05:48","date_gmt":"2025-06-24T18:05:48","guid":{"rendered":"https:\/\/natussensory.com\/produits\/videonystagmography\/"},"modified":"2025-10-31T13:21:27","modified_gmt":"2025-10-31T13:21:27","slug":"videonystagmographie","status":"publish","type":"page","link":"https:\/\/natussensory.com\/fr\/produits\/videonystagmographie\/","title":{"rendered":"Videonystagmographie (VNG)"},"content":{"rendered":"","protected":false},"excerpt":{"rendered":"","protected":false},"author":4,"featured_media":0,"parent":10961,"menu_order":0,"comment_status":"closed","ping_status":"closed","template":"","meta":{"_acf_changed":false,"inline_featured_image":false,"footnotes":""},"categories":[295,285],"tags":[],"class_list":["post-24781","page","type-page","status-publish","hentry","category-balance-assessment-fr","category-explorations-fonctionnelles"],"acf":{"content_blocks":[{"acf_fc_layout":"spacer","_acfe_flexible_toggle":"","spacer":{"module_options":{"":null,"module_id":"n682c85f324428","module_class":"","module_background_type":"color","module_background_color":"#473089","module_background_image":false,"module_background_video":"","activate_custom_padding":false,"padding_top_desktop":0,"padding_top_tablet":"","padding_top_mobile":"","padding_bottom_desktop":"","padding_bottom_tablet":"","padding_bottom_mobile":"","activate_custom_margin":false,"margin_top_desktop":"","margin_top_tablet":"","margin_top_mobile":"","margin_bottom_desktop":"","margin_bottom_tablet":"","margin_bottom_mobile":"","disable_on":[],"content_alignment_desktop":"left","content_alignment_tablet":"left","content_alignment_mobile":"left"},"height":"160"}},{"acf_fc_layout":"simple_content","_acfe_flexible_toggle":"","content_full_width_landing":{"module_options":{"":null,"module_id":"n68481ff96f7b3","module_class":"","module_background_type":"color","module_background_color":"#d4e9f9","module_background_image":false,"module_background_video":"","activate_custom_padding":false,"padding_top_desktop":0,"padding_top_tablet":"","padding_top_mobile":"","padding_bottom_desktop":"","padding_bottom_tablet":"","padding_bottom_mobile":"","activate_custom_margin":false,"margin_top_desktop":"","margin_top_tablet":"","margin_top_mobile":"","margin_bottom_desktop":"","margin_bottom_tablet":"","margin_bottom_mobile":"","disable_on":[],"content_alignment_desktop":"left","content_alignment_tablet":"left","content_alignment_mobile":"left"},"activate_custom_container_width":false,"container_width":"","content":"<h1 style=\"text-align: center;\"><span class=\"TextRun SCXW115892042 BCX0\" lang=\"EN-US\" xml:lang=\"EN-US\" data-contrast=\"auto\"><span class=\"NormalTextRun SpellingErrorV2Themed SCXW115892042 BCX0\">Videonystagmographie<\/span> <span class=\"NormalTextRun SCXW115892042 BCX0\">(VNG)\u00a0<\/span><\/span><span class=\"EOP SCXW115892042 BCX0\" data-ccp-props=\"{&quot;335551550&quot;:2,&quot;335551620&quot;:2}\">\u00a0<\/span><\/h1>\n<p style=\"text-align: center;\"><span style=\"font-size: 18px;\"><span class=\"TextRun SCXW258758302 BCX0\" lang=\"FR-FR\" xml:lang=\"FR-FR\" data-contrast=\"auto\"><span class=\"NormalTextRun SCXW258758302 BCX0\">Solution VNG avanc\u00e9e offrant une \u00e9valuation vestibulaire compl\u00e8te, int\u00e9grant les tests d\u2019impulsion c\u00e9phalique vid\u00e9o (<\/span><span class=\"NormalTextRun SpellingErrorV2Themed SCXW258758302 BCX0\">vHIT<\/span><span class=\"NormalTextRun SCXW258758302 BCX0\">) et calorique. Elle comprend des lunettes int\u00e9gr\u00e9es connect\u00e9es par USB, dot\u00e9es d\u2019un ciblage laser <\/span><span class=\"NormalTextRun ContextualSpellingAndGrammarErrorV2Themed SCXW258758302 BCX0\">brevet\u00e9<\/span><span class=\"NormalTextRun SCXW258758302 BCX0\"> et d\u2019un suivi oculaire binoculaire \u00e0 haute fr\u00e9quence d\u2019images. Con\u00e7ue pour une pr\u00e9cision clinique optimale et un flux de travail efficace, elle s\u2019appuie sur des plateformes logicielles modulaires pour un diagnostic fluide, une int\u00e9gration des donn\u00e9es et des capacit\u00e9s de rapport am\u00e9lior\u00e9es.<\/span><\/span><span class=\"EOP SCXW258758302 BCX0\" data-ccp-props=\"{&quot;134233117&quot;:false,&quot;134233118&quot;:false,&quot;335551550&quot;:2,&quot;335551620&quot;:2,&quot;335559738&quot;:240,&quot;335559739&quot;:240}\">\u00a0<\/span><\/span><\/p>\n"}},{"acf_fc_layout":"related_products","_acfe_flexible_toggle":"","tiles_3_columns_landing":{"module_options":{"":null,"module_id":"n682c87cfb8053","module_class":"","module_background_type":"color","module_background_color":"","module_background_image":false,"module_background_video":"","activate_custom_padding":false,"padding_top_desktop":0,"padding_top_tablet":"","padding_top_mobile":"","padding_bottom_desktop":"","padding_bottom_tablet":"","padding_bottom_mobile":"","activate_custom_margin":false,"margin_top_desktop":"","margin_top_tablet":"","margin_top_mobile":"","margin_bottom_desktop":"","margin_bottom_tablet":"","margin_bottom_mobile":"","disable_on":[],"content_alignment_desktop":"left","content_alignment_tablet":"left","content_alignment_mobile":"left"},"intro_text":" Produits","intro_text_color":"","intro_link":{"type":"post","value":"1518","url":"https:\/\/natussensory.com\/products\/","name":"Products","title":"Voir tous les produits","target":""},"tiles":[{"label":"","label_background_color":"#d4e9f9","image":{"ID":21299,"id":21299,"title":"ICS-Dizcovery_all-products-link","filename":"ICS-Dizcovery_all-products-link.jpg","filesize":99108,"url":"https:\/\/natussensory.com\/wp-content\/uploads\/ICS-Dizcovery_all-products-link.jpg","link":"https:\/\/natussensory.com\/fr\/produits\/explorations-fonctionnelles\/ics-dizcovery_all-products-link-2\/","alt":"ICS\u00ae Dizcovery: VNG solution with plug & play goggles and unified diagnostic software for VNG, vHIT, & caloric testing.","author":"4","description":"","caption":"","name":"ics-dizcovery_all-products-link-2","status":"inherit","uploaded_to":10985,"date":"2024-08-26 11:15:10","modified":"2025-08-06 13:23:07","menu_order":0,"mime_type":"image\/jpeg","type":"image","subtype":"jpeg","icon":"https:\/\/natussensory.com\/wp-includes\/images\/media\/default.png","width":500,"height":400,"sizes":{"thumbnail":"https:\/\/natussensory.com\/wp-content\/uploads\/ICS-Dizcovery_all-products-link.jpg","thumbnail-width":120,"thumbnail-height":96,"medium":"https:\/\/natussensory.com\/wp-content\/uploads\/ICS-Dizcovery_all-products-link.jpg","medium-width":500,"medium-height":400,"medium_large":"https:\/\/natussensory.com\/wp-content\/uploads\/ICS-Dizcovery_all-products-link.jpg","medium_large-width":500,"medium_large-height":400,"large":"https:\/\/natussensory.com\/wp-content\/uploads\/ICS-Dizcovery_all-products-link.jpg","large-width":500,"large-height":400,"1536x1536":"https:\/\/natussensory.com\/wp-content\/uploads\/ICS-Dizcovery_all-products-link.jpg","1536x1536-width":500,"1536x1536-height":400,"2048x2048":"https:\/\/natussensory.com\/wp-content\/uploads\/ICS-Dizcovery_all-products-link.jpg","2048x2048-width":500,"2048x2048-height":400}},"title":"Syst\u00e8me VNG avec lunettes tout-en-un, pr\u00eates \u00e0 l\u2019emploi, ciblage laser, suivi oculaire \u00e0 haute fr\u00e9quence et logiciel modulaire pour une \u00e9valuation vestibulaire compl\u00e8te. ","link":{"type":"post","value":"21071","url":"https:\/\/natussensory.com\/products\/dizcovery\/","name":"ICS\u00ae Dizcovery &#8211; Videonystagmography","title":"ICS<sup>\u00ae<\/sup> Dizcovery","target":""}}]}},{"acf_fc_layout":"left_image_right_content_single_cta","_acfe_flexible_layout_title":"Contacts us","_acfe_flexible_toggle":"","left_image_right_content_single_cta_landing":{"module_options":{"":null,"module_id":"n685a5d301dba3","module_class":"","module_background_type":"color","module_background_color":"","module_background_image":false,"module_background_video":"","activate_custom_padding":false,"padding_top_desktop":0,"padding_top_tablet":"","padding_top_mobile":"","padding_bottom_desktop":"","padding_bottom_tablet":"","padding_bottom_mobile":"","activate_custom_margin":false,"margin_top_desktop":"","margin_top_tablet":"","margin_top_mobile":"","margin_bottom_desktop":"","margin_bottom_tablet":"","margin_bottom_mobile":"","disable_on":[],"content_alignment_desktop":"left","content_alignment_tablet":"left","content_alignment_mobile":"left"},"image":{"ID":4238,"id":4238,"title":"Contact Us 800x450","filename":"Contact-Us-800x450-1.png","filesize":437541,"url":"https:\/\/natussensory.com\/wp-content\/uploads\/Contact-Us-800x450-1.png","link":"https:\/\/natussensory.com\/fr\/produits\/contact-us-800x450-2\/","alt":"Shaking Hands - Contact Us","author":"4","description":"","caption":"","name":"contact-us-800x450-2","status":"inherit","uploaded_to":10961,"date":"2023-09-14 17:35:31","modified":"2025-06-12 09:10:08","menu_order":0,"mime_type":"image\/png","type":"image","subtype":"png","icon":"https:\/\/natussensory.com\/wp-includes\/images\/media\/default.png","width":800,"height":450,"sizes":{"thumbnail":"https:\/\/natussensory.com\/wp-content\/uploads\/Contact-Us-800x450-1.png","thumbnail-width":128,"thumbnail-height":72,"medium":"https:\/\/natussensory.com\/wp-content\/uploads\/Contact-Us-800x450-1.png","medium-width":800,"medium-height":450,"medium_large":"https:\/\/natussensory.com\/wp-content\/uploads\/Contact-Us-800x450-1-768x432.png","medium_large-width":768,"medium_large-height":432,"large":"https:\/\/natussensory.com\/wp-content\/uploads\/Contact-Us-800x450-1.png","large-width":800,"large-height":450,"1536x1536":"https:\/\/natussensory.com\/wp-content\/uploads\/Contact-Us-800x450-1.png","1536x1536-width":800,"1536x1536-height":450,"2048x2048":"https:\/\/natussensory.com\/wp-content\/uploads\/Contact-Us-800x450-1.png","2048x2048-width":800,"2048x2048-height":450}},"label":"Demander un devis ","title":" Pr\u00eat \u00e0 faire la diff\u00e9rence dans les soins aux patients ? ","description":"<p><span class=\"TextRun SCXW126443132 BCX8\" data-contrast=\"auto\"><span class=\"NormalTextRun SCXW126443132 BCX8\">D\u00e9couvrez nos solutions leaders sur le march\u00e9 et comment nous pouvons vous aider \u00e0 renforcer vos capacit\u00e9s de soins.<\/span><\/span><span class=\"EOP SCXW126443132 BCX8\" data-ccp-props=\"{}\">\u00a0<\/span><\/p>\n","link":{"type":"post","value":"892","url":"https:\/\/natussensory.com\/contact-us\/","name":"Contact us","title":"Contactez-nous ","target":""}}}]},"_links":{"self":[{"href":"https:\/\/natussensory.com\/fr\/wp-json\/wp\/v2\/pages\/24781","targetHints":{"allow":["GET"]}}],"collection":[{"href":"https:\/\/natussensory.com\/fr\/wp-json\/wp\/v2\/pages"}],"about":[{"href":"https:\/\/natussensory.com\/fr\/wp-json\/wp\/v2\/types\/page"}],"author":[{"embeddable":true,"href":"https:\/\/natussensory.com\/fr\/wp-json\/wp\/v2\/users\/4"}],"replies":[{"embeddable":true,"href":"https:\/\/natussensory.com\/fr\/wp-json\/wp\/v2\/comments?post=24781"}],"version-history":[{"count":5,"href":"https:\/\/natussensory.com\/fr\/wp-json\/wp\/v2\/pages\/24781\/revisions"}],"predecessor-version":[{"id":25821,"href":"https:\/\/natussensory.com\/fr\/wp-json\/wp\/v2\/pages\/24781\/revisions\/25821"}],"up":[{"embeddable":true,"href":"https:\/\/natussensory.com\/fr\/wp-json\/wp\/v2\/pages\/10961"}],"wp:attachment":[{"href":"https:\/\/natussensory.com\/fr\/wp-json\/wp\/v2\/media?parent=24781"}],"wp:term":[{"taxonomy":"category","embeddable":true,"href":"https:\/\/natussensory.com\/fr\/wp-json\/wp\/v2\/categories?post=24781"},{"taxonomy":"post_tag","embeddable":true,"href":"https:\/\/natussensory.com\/fr\/wp-json\/wp\/v2\/tags?post=24781"}],"curies":[{"name":"wp","href":"https:\/\/api.w.org\/{rel}","templated":true}]}}