{"id":24745,"date":"2025-06-25T19:14:24","date_gmt":"2025-06-25T19:14:24","guid":{"rendered":"https:\/\/natussensory.com\/produits\/eye-protectors\/"},"modified":"2025-10-31T13:26:48","modified_gmt":"2025-10-31T13:26:48","slug":"protecteurs-oculaires","status":"publish","type":"page","link":"https:\/\/natussensory.com\/fr\/produits\/protecteurs-oculaires\/","title":{"rendered":"Protecteurs Oculaires"},"content":{"rendered":"","protected":false},"excerpt":{"rendered":"","protected":false},"author":4,"featured_media":0,"parent":10961,"menu_order":0,"comment_status":"closed","ping_status":"closed","template":"","meta":{"_acf_changed":false,"inline_featured_image":false,"footnotes":""},"categories":[290,299],"tags":[],"class_list":["post-24745","page","type-page","status-publish","hentry","category-gestion-de-lictere","category-jaundice-management-fr"],"acf":{"content_blocks":[{"acf_fc_layout":"spacer","_acfe_flexible_toggle":"","spacer":{"module_options":{"":null,"module_id":"n682c85f324428","module_class":"","module_background_type":"color","module_background_color":"#473089","module_background_image":false,"module_background_video":"","activate_custom_padding":false,"padding_top_desktop":0,"padding_top_tablet":"","padding_top_mobile":"","padding_bottom_desktop":"","padding_bottom_tablet":"","padding_bottom_mobile":"","activate_custom_margin":false,"margin_top_desktop":"","margin_top_tablet":"","margin_top_mobile":"","margin_bottom_desktop":"","margin_bottom_tablet":"","margin_bottom_mobile":"","disable_on":[],"content_alignment_desktop":"left","content_alignment_tablet":"left","content_alignment_mobile":"left"},"height":"160"}},{"acf_fc_layout":"simple_content","_acfe_flexible_toggle":"","content_full_width_landing":{"module_options":{"":null,"module_id":"n68481ff96f7b3","module_class":"","module_background_type":"color","module_background_color":"#d4e9f9","module_background_image":false,"module_background_video":"","activate_custom_padding":false,"padding_top_desktop":0,"padding_top_tablet":"","padding_top_mobile":"","padding_bottom_desktop":"","padding_bottom_tablet":"","padding_bottom_mobile":"","activate_custom_margin":false,"margin_top_desktop":"","margin_top_tablet":"","margin_top_mobile":"","margin_bottom_desktop":"","margin_bottom_tablet":"","margin_bottom_mobile":"","disable_on":[],"content_alignment_desktop":"left","content_alignment_tablet":"left","content_alignment_mobile":"left"},"activate_custom_container_width":false,"container_width":"","content":"<h1 style=\"text-align: center;\"><span class=\"TextRun SCXW194307219 BCX0\" lang=\"EN-US\" xml:lang=\"EN-US\" data-contrast=\"auto\"><span class=\"NormalTextRun SpellingErrorV2Themed SpellingErrorHighlight SCXW194307219 BCX0\">Protecteurs<\/span> O<span class=\"NormalTextRun SpellingErrorV2Themed SCXW194307219 BCX0\">culaires<\/span><\/span><span class=\"EOP SCXW194307219 BCX0\" data-ccp-props=\"{&quot;335551550&quot;:2,&quot;335551620&quot;:2}\">\u00a0<\/span><\/h1>\n<p style=\"text-align: center;\"><span style=\"font-size: 18px;\"><span class=\"TextRun SCXW36028293 BCX0\" lang=\"EN-US\" xml:lang=\"EN-US\" data-contrast=\"auto\"><span class=\"NormalTextRun SpellingErrorV2Themed SCXW36028293 BCX0\">Prot\u00e9gez<\/span><span class=\"NormalTextRun SCXW36028293 BCX0\"> les <\/span><span class=\"NormalTextRun SpellingErrorV2Themed SCXW36028293 BCX0\">yeux<\/span><span class=\"NormalTextRun SCXW36028293 BCX0\"> des nouveau-<\/span><span class=\"NormalTextRun SpellingErrorV2Themed SCXW36028293 BCX0\">n\u00e9s<\/span><span class=\"NormalTextRun SCXW36028293 BCX0\"> pendant la <\/span><span class=\"NormalTextRun SpellingErrorV2Themed SCXW36028293 BCX0\">phototh\u00e9rapie<\/span><span class=\"NormalTextRun SCXW36028293 BCX0\"> gr\u00e2ce \u00e0 des protections <\/span><span class=\"NormalTextRun SpellingErrorV2Themed SCXW36028293 BCX0\">oculaires<\/span> <span class=\"NormalTextRun SpellingErrorV2Themed SCXW36028293 BCX0\">sp\u00e9cialement<\/span> <span class=\"NormalTextRun SpellingErrorV2Themed SCXW36028293 BCX0\">con\u00e7ues<\/span><span class=\"NormalTextRun SCXW36028293 BCX0\"> pour <\/span><span class=\"NormalTextRun SpellingErrorV2Themed SCXW36028293 BCX0\">bloquer<\/span><span class=\"NormalTextRun SCXW36028293 BCX0\"> la lumi\u00e8re <\/span><span class=\"NormalTextRun SpellingErrorV2Themed SCXW36028293 BCX0\">nocive<\/span><span class=\"NormalTextRun SCXW36028293 BCX0\"> tout <\/span><span class=\"NormalTextRun SpellingErrorV2Themed SCXW36028293 BCX0\">en<\/span> <span class=\"NormalTextRun SpellingErrorV2Themed SCXW36028293 BCX0\">permettant<\/span> <span class=\"NormalTextRun SpellingErrorV2Themed SCXW36028293 BCX0\">une<\/span><span class=\"NormalTextRun SCXW36028293 BCX0\"> exposition <\/span><span class=\"NormalTextRun SpellingErrorV2Themed SCXW36028293 BCX0\">compl\u00e8te<\/span><span class=\"NormalTextRun SCXW36028293 BCX0\"> au <\/span><span class=\"NormalTextRun SpellingErrorV2Themed SCXW36028293 BCX0\">traitement<\/span><span class=\"NormalTextRun SCXW36028293 BCX0\">. <\/span><span class=\"NormalTextRun SpellingErrorV2Themed SCXW36028293 BCX0\">Dot\u00e9es<\/span><span class=\"NormalTextRun SCXW36028293 BCX0\"> d\u2019un <\/span><span class=\"NormalTextRun SpellingErrorV2Themed SCXW36028293 BCX0\">ajustement<\/span> <span class=\"NormalTextRun SpellingErrorV2Themed SCXW36028293 BCX0\">ergonomique<\/span><span class=\"NormalTextRun SCXW36028293 BCX0\"> et <\/span><span class=\"NormalTextRun SpellingErrorV2Themed SCXW36028293 BCX0\">s\u00e9curis\u00e9<\/span><span class=\"NormalTextRun SCXW36028293 BCX0\"> qui <\/span><span class=\"NormalTextRun SpellingErrorV2Themed SCXW36028293 BCX0\">s\u2019adapte<\/span><span class=\"NormalTextRun SCXW36028293 BCX0\"> aux <\/span><span class=\"NormalTextRun SpellingErrorV2Themed SCXW36028293 BCX0\">mouvements<\/span><span class=\"NormalTextRun SCXW36028293 BCX0\">, <\/span><span class=\"NormalTextRun SpellingErrorV2Themed SCXW36028293 BCX0\">ces<\/span><span class=\"NormalTextRun SCXW36028293 BCX0\"> protections <\/span><span class=\"NormalTextRun SpellingErrorV2Themed SCXW36028293 BCX0\">garantissent<\/span> <span class=\"NormalTextRun SpellingErrorV2Themed SCXW36028293 BCX0\">s\u00e9curit\u00e9<\/span><span class=\"NormalTextRun SCXW36028293 BCX0\"> et <\/span><span class=\"NormalTextRun SpellingErrorV2Themed SCXW36028293 BCX0\">confort<\/span><span class=\"NormalTextRun SCXW36028293 BCX0\"> tout au long de la <\/span><span class=\"NormalTextRun SpellingErrorV2Themed SCXW36028293 BCX0\">th\u00e9rapie<\/span><span class=\"NormalTextRun SCXW36028293 BCX0\">.<\/span><\/span><span class=\"EOP SCXW36028293 BCX0\" data-ccp-props=\"{&quot;335551550&quot;:2,&quot;335551620&quot;:2}\">\u00a0<\/span><\/span><\/p>\n"}},{"acf_fc_layout":"related_products","_acfe_flexible_toggle":"","tiles_3_columns_landing":{"module_options":{"":null,"module_id":"n682c87cfb8053","module_class":"","module_background_type":"color","module_background_color":"","module_background_image":false,"module_background_video":"","activate_custom_padding":false,"padding_top_desktop":0,"padding_top_tablet":"","padding_top_mobile":"","padding_bottom_desktop":"","padding_bottom_tablet":"","padding_bottom_mobile":"","activate_custom_margin":false,"margin_top_desktop":"","margin_top_tablet":"","margin_top_mobile":"","margin_bottom_desktop":"","margin_bottom_tablet":"","margin_bottom_mobile":"","disable_on":[],"content_alignment_desktop":"left","content_alignment_tablet":"left","content_alignment_mobile":"left"},"intro_text":" Produits","intro_text_color":"","intro_link":{"type":"post","value":"1518","url":"https:\/\/natussensory.com\/products\/","name":"Products","title":"Voir tous les produits ","target":""},"tiles":[{"label":"","label_background_color":"#d4e9f9","image":{"ID":6976,"id":6976,"title":"Biliband_linkspot","filename":"Biliband_linkspot.jpg","filesize":109199,"url":"https:\/\/natussensory.com\/wp-content\/uploads\/Biliband_linkspot.jpg","link":"https:\/\/natussensory.com\/fr\/produits\/neoblue-radiometer\/biliband_linkspot-2\/","alt":"Biliband","author":"4","description":"","caption":"","name":"biliband_linkspot-2","status":"inherit","uploaded_to":10209,"date":"2023-09-25 14:50:56","modified":"2025-08-06 14:33:38","menu_order":0,"mime_type":"image\/jpeg","type":"image","subtype":"jpeg","icon":"https:\/\/natussensory.com\/wp-includes\/images\/media\/default.png","width":600,"height":300,"sizes":{"thumbnail":"https:\/\/natussensory.com\/wp-content\/uploads\/Biliband_linkspot.jpg","thumbnail-width":128,"thumbnail-height":64,"medium":"https:\/\/natussensory.com\/wp-content\/uploads\/Biliband_linkspot.jpg","medium-width":600,"medium-height":300,"medium_large":"https:\/\/natussensory.com\/wp-content\/uploads\/Biliband_linkspot.jpg","medium_large-width":600,"medium_large-height":300,"large":"https:\/\/natussensory.com\/wp-content\/uploads\/Biliband_linkspot.jpg","large-width":600,"large-height":300,"1536x1536":"https:\/\/natussensory.com\/wp-content\/uploads\/Biliband_linkspot.jpg","1536x1536-width":600,"1536x1536-height":300,"2048x2048":"https:\/\/natussensory.com\/wp-content\/uploads\/Biliband_linkspot.jpg","2048x2048-width":600,"2048x2048-height":300}},"title":"Protection oculaire flexible qui bloque en toute s\u00e9curit\u00e9 la lumi\u00e8re de phototh\u00e9rapie tout en assurant une exposition compl\u00e8te de la t\u00eate du nouveau-n\u00e9 pendant le traitement. ","link":{"type":"post","value":"6915","url":"https:\/\/natussensory.com\/products\/biliband-eye-protector\/","name":"Biliband\u00ae Eye Protector for Newborn Phototherapy","title":"Biliband<sup>\u00ae<\/sup>","target":""}}]}},{"acf_fc_layout":"left_image_right_content_single_cta","_acfe_flexible_layout_title":"Contacts us","_acfe_flexible_toggle":"","left_image_right_content_single_cta_landing":{"module_options":{"":null,"module_id":"n685a5d301dba3","module_class":"","module_background_type":"color","module_background_color":"","module_background_image":false,"module_background_video":"","activate_custom_padding":false,"padding_top_desktop":0,"padding_top_tablet":"","padding_top_mobile":"","padding_bottom_desktop":"","padding_bottom_tablet":"","padding_bottom_mobile":"","activate_custom_margin":false,"margin_top_desktop":"","margin_top_tablet":"","margin_top_mobile":"","margin_bottom_desktop":"","margin_bottom_tablet":"","margin_bottom_mobile":"","disable_on":[],"content_alignment_desktop":"left","content_alignment_tablet":"left","content_alignment_mobile":"left"},"image":{"ID":4238,"id":4238,"title":"Contact Us 800x450","filename":"Contact-Us-800x450-1.png","filesize":437541,"url":"https:\/\/natussensory.com\/wp-content\/uploads\/Contact-Us-800x450-1.png","link":"https:\/\/natussensory.com\/fr\/produits\/contact-us-800x450-2\/","alt":"Shaking Hands - Contact Us","author":"4","description":"","caption":"","name":"contact-us-800x450-2","status":"inherit","uploaded_to":10961,"date":"2023-09-14 17:35:31","modified":"2025-06-12 09:10:08","menu_order":0,"mime_type":"image\/png","type":"image","subtype":"png","icon":"https:\/\/natussensory.com\/wp-includes\/images\/media\/default.png","width":800,"height":450,"sizes":{"thumbnail":"https:\/\/natussensory.com\/wp-content\/uploads\/Contact-Us-800x450-1.png","thumbnail-width":128,"thumbnail-height":72,"medium":"https:\/\/natussensory.com\/wp-content\/uploads\/Contact-Us-800x450-1.png","medium-width":800,"medium-height":450,"medium_large":"https:\/\/natussensory.com\/wp-content\/uploads\/Contact-Us-800x450-1-768x432.png","medium_large-width":768,"medium_large-height":432,"large":"https:\/\/natussensory.com\/wp-content\/uploads\/Contact-Us-800x450-1.png","large-width":800,"large-height":450,"1536x1536":"https:\/\/natussensory.com\/wp-content\/uploads\/Contact-Us-800x450-1.png","1536x1536-width":800,"1536x1536-height":450,"2048x2048":"https:\/\/natussensory.com\/wp-content\/uploads\/Contact-Us-800x450-1.png","2048x2048-width":800,"2048x2048-height":450}},"label":"Demander un devis ","title":"Pr\u00eat \u00e0 faire la diff\u00e9rence dans les soins aux patients ? ","description":"<p><span class=\"TextRun SCXW2395037 BCX8\" data-contrast=\"auto\"><span class=\"NormalTextRun SCXW2395037 BCX8\">D\u00e9couvrez nos solutions leaders sur le march\u00e9 et comment nous pouvons vous aider \u00e0 renforcer vos capacit\u00e9s de soins.<\/span><\/span><span class=\"EOP SCXW2395037 BCX8\" data-ccp-props=\"{}\">\u00a0<\/span><\/p>\n","link":{"type":"post","value":"892","url":"https:\/\/natussensory.com\/contact-us\/","name":"Contact us","title":"Contactez-nous","target":""}}}]},"_links":{"self":[{"href":"https:\/\/natussensory.com\/fr\/wp-json\/wp\/v2\/pages\/24745","targetHints":{"allow":["GET"]}}],"collection":[{"href":"https:\/\/natussensory.com\/fr\/wp-json\/wp\/v2\/pages"}],"about":[{"href":"https:\/\/natussensory.com\/fr\/wp-json\/wp\/v2\/types\/page"}],"author":[{"embeddable":true,"href":"https:\/\/natussensory.com\/fr\/wp-json\/wp\/v2\/users\/4"}],"replies":[{"embeddable":true,"href":"https:\/\/natussensory.com\/fr\/wp-json\/wp\/v2\/comments?post=24745"}],"version-history":[{"count":5,"href":"https:\/\/natussensory.com\/fr\/wp-json\/wp\/v2\/pages\/24745\/revisions"}],"predecessor-version":[{"id":25809,"href":"https:\/\/natussensory.com\/fr\/wp-json\/wp\/v2\/pages\/24745\/revisions\/25809"}],"up":[{"embeddable":true,"href":"https:\/\/natussensory.com\/fr\/wp-json\/wp\/v2\/pages\/10961"}],"wp:attachment":[{"href":"https:\/\/natussensory.com\/fr\/wp-json\/wp\/v2\/media?parent=24745"}],"wp:term":[{"taxonomy":"category","embeddable":true,"href":"https:\/\/natussensory.com\/fr\/wp-json\/wp\/v2\/categories?post=24745"},{"taxonomy":"post_tag","embeddable":true,"href":"https:\/\/natussensory.com\/fr\/wp-json\/wp\/v2\/tags?post=24745"}],"curies":[{"name":"wp","href":"https:\/\/api.w.org\/{rel}","templated":true}]}}