{"id":24722,"date":"2025-06-25T19:03:56","date_gmt":"2025-06-25T19:03:56","guid":{"rendered":"https:\/\/natussensory.com\/produits\/radiometer\/"},"modified":"2025-10-23T11:58:12","modified_gmt":"2025-10-23T11:58:12","slug":"radiometre","status":"publish","type":"page","link":"https:\/\/natussensory.com\/fr\/produits\/radiometre\/","title":{"rendered":"Radiom\u00e8tre"},"content":{"rendered":"","protected":false},"excerpt":{"rendered":"","protected":false},"author":4,"featured_media":0,"parent":10961,"menu_order":0,"comment_status":"closed","ping_status":"closed","template":"","meta":{"_acf_changed":false,"inline_featured_image":false,"footnotes":""},"categories":[290,299],"tags":[],"class_list":["post-24722","page","type-page","status-publish","hentry","category-gestion-de-lictere","category-jaundice-management-fr"],"acf":{"content_blocks":[{"acf_fc_layout":"spacer","_acfe_flexible_toggle":"","spacer":{"module_options":{"":null,"module_id":"n682c85f324428","module_class":"","module_background_type":"color","module_background_color":"#473089","module_background_image":false,"module_background_video":"","activate_custom_padding":false,"padding_top_desktop":0,"padding_top_tablet":"","padding_top_mobile":"","padding_bottom_desktop":"","padding_bottom_tablet":"","padding_bottom_mobile":"","activate_custom_margin":false,"margin_top_desktop":"","margin_top_tablet":"","margin_top_mobile":"","margin_bottom_desktop":"","margin_bottom_tablet":"","margin_bottom_mobile":"","disable_on":[],"content_alignment_desktop":"left","content_alignment_tablet":"left","content_alignment_mobile":"left"},"height":"160"}},{"acf_fc_layout":"simple_content","_acfe_flexible_toggle":"","content_full_width_landing":{"module_options":{"":null,"module_id":"n68481ff96f7b3","module_class":"","module_background_type":"color","module_background_color":"#d4e9f9","module_background_image":false,"module_background_video":"","activate_custom_padding":false,"padding_top_desktop":0,"padding_top_tablet":"","padding_top_mobile":"","padding_bottom_desktop":"","padding_bottom_tablet":"","padding_bottom_mobile":"","activate_custom_margin":false,"margin_top_desktop":"","margin_top_tablet":"","margin_top_mobile":"","margin_bottom_desktop":"","margin_bottom_tablet":"","margin_bottom_mobile":"","disable_on":[],"content_alignment_desktop":"left","content_alignment_tablet":"left","content_alignment_mobile":"left"},"activate_custom_container_width":false,"container_width":"","content":"<h1 style=\"text-align: center;\"><span class=\"TextRun SCXW12045195 BCX0\" lang=\"EN-US\" xml:lang=\"EN-US\" data-contrast=\"auto\"><span class=\"NormalTextRun SpellingErrorV2Themed SCXW12045195 BCX0\">Radiom\u00e8tre<\/span><\/span><span class=\"EOP SCXW12045195 BCX0\" data-ccp-props=\"{&quot;335551550&quot;:2,&quot;335551620&quot;:2}\">\u00a0<\/span><\/h1>\n<p style=\"text-align: center;\"><span style=\"font-size: 18px;\"><span class=\"TextRun SCXW123043825 BCX0\" lang=\"EN-US\" xml:lang=\"EN-US\" data-contrast=\"auto\"><span class=\"NormalTextRun SpellingErrorV2Themed SCXW123043825 BCX0\">Mesurez<\/span><span class=\"NormalTextRun SCXW123043825 BCX0\"> avec <\/span><span class=\"NormalTextRun SpellingErrorV2Themed SCXW123043825 BCX0\">pr\u00e9cision<\/span> <span class=\"NormalTextRun SpellingErrorV2Themed SCXW123043825 BCX0\">l\u2019intensit\u00e9<\/span> <span class=\"NormalTextRun SpellingErrorV2Themed SCXW123043825 BCX0\">lumineuse<\/span><span class=\"NormalTextRun SCXW123043825 BCX0\"> pendant la <\/span><span class=\"NormalTextRun SpellingErrorV2Themed SCXW123043825 BCX0\">phototh\u00e9rapie<\/span> <span class=\"NormalTextRun SpellingErrorV2Themed SCXW123043825 BCX0\">n\u00e9onatale<\/span><span class=\"NormalTextRun SCXW123043825 BCX0\"> gr\u00e2ce \u00e0 des <\/span><span class=\"NormalTextRun SpellingErrorV2Themed SCXW123043825 BCX0\">radiom\u00e8tres<\/span> <span class=\"NormalTextRun SpellingErrorV2Themed SCXW123043825 BCX0\">con\u00e7us<\/span><span class=\"NormalTextRun SCXW123043825 BCX0\"> pour la <\/span><span class=\"NormalTextRun SpellingErrorV2Themed SCXW123043825 BCX0\">simplicit\u00e9<\/span> <span class=\"NormalTextRun SpellingErrorV2Themed SCXW123043825 BCX0\">d\u2019utilisation<\/span><span class=\"NormalTextRun SCXW123043825 BCX0\"> et la <\/span><span class=\"NormalTextRun SpellingErrorV2Themed SCXW123043825 BCX0\">pr\u00e9cision<\/span><span class=\"NormalTextRun SCXW123043825 BCX0\">. Nos <\/span><span class=\"NormalTextRun SpellingErrorV2Themed SCXW123043825 BCX0\">appareils<\/span> <span class=\"NormalTextRun SpellingErrorV2Themed SCXW123043825 BCX0\">sont<\/span> <span class=\"NormalTextRun SpellingErrorV2Themed SCXW123043825 BCX0\">dot\u00e9s<\/span><span class=\"NormalTextRun SCXW123043825 BCX0\"> de <\/span><span class=\"NormalTextRun SpellingErrorV2Themed SCXW123043825 BCX0\">capteurs<\/span><span class=\"NormalTextRun SCXW123043825 BCX0\"> sans <\/span><span class=\"NormalTextRun SpellingErrorV2Themed SCXW123043825 BCX0\">c\u00e2ble<\/span><span class=\"NormalTextRun SCXW123043825 BCX0\">, <\/span><span class=\"NormalTextRun SpellingErrorV2Themed SCXW123043825 BCX0\">d\u2019\u00e9crans<\/span> <span class=\"NormalTextRun SpellingErrorV2Themed SCXW123043825 BCX0\">lisibles<\/span><span class=\"NormalTextRun SCXW123043825 BCX0\"> et de lectures <\/span><span class=\"NormalTextRun SpellingErrorV2Themed SCXW123043825 BCX0\">calibr\u00e9es<\/span><span class=\"NormalTextRun SCXW123043825 BCX0\"> sur le <\/span><span class=\"NormalTextRun SpellingErrorV2Themed SCXW123043825 BCX0\">spectre<\/span> <span class=\"NormalTextRun SpellingErrorV2Themed SCXW123043825 BCX0\">d\u2019absorption<\/span><span class=\"NormalTextRun SCXW123043825 BCX0\"> de la <\/span><span class=\"NormalTextRun SpellingErrorV2Themed SCXW123043825 BCX0\">bilirubine<\/span><span class=\"NormalTextRun SCXW123043825 BCX0\">. <\/span><span class=\"NormalTextRun SpellingErrorV2Themed SCXW123043825 BCX0\">Con\u00e7us<\/span><span class=\"NormalTextRun SCXW123043825 BCX0\"> pour <\/span><span class=\"NormalTextRun SpellingErrorV2Themed SCXW123043825 BCX0\">s\u2019int\u00e9grer<\/span> <span class=\"NormalTextRun SpellingErrorV2Themed SCXW123043825 BCX0\">parfaitement<\/span><span class=\"NormalTextRun SCXW123043825 BCX0\"> aux <\/span><span class=\"NormalTextRun SpellingErrorV2Themed SCXW123043825 BCX0\">syst\u00e8mes<\/span><span class=\"NormalTextRun SCXW123043825 BCX0\"> de <\/span><span class=\"NormalTextRun SpellingErrorV2Themed SCXW123043825 BCX0\">phototh\u00e9rapie<\/span><span class=\"NormalTextRun SCXW123043825 BCX0\">, <\/span><span class=\"NormalTextRun SpellingErrorV2Themed SCXW123043825 BCX0\">ils<\/span> <span class=\"NormalTextRun SpellingErrorV2Themed SCXW123043825 BCX0\">garantissent<\/span><span class=\"NormalTextRun SCXW123043825 BCX0\"> un <\/span><span class=\"NormalTextRun SpellingErrorV2Themed SCXW123043825 BCX0\">traitement<\/span><span class=\"NormalTextRun SCXW123043825 BCX0\"> constant et <\/span><span class=\"NormalTextRun SpellingErrorV2Themed SCXW123043825 BCX0\">conforme<\/span><span class=\"NormalTextRun SCXW123043825 BCX0\"> aux <\/span><span class=\"NormalTextRun SpellingErrorV2Themed SCXW123043825 BCX0\">recommandations<\/span> <span class=\"NormalTextRun SpellingErrorV2Themed SCXW123043825 BCX0\">cliniques<\/span><span class=\"NormalTextRun SCXW123043825 BCX0\">.<\/span><\/span><span class=\"EOP SCXW123043825 BCX0\" data-ccp-props=\"{&quot;335551550&quot;:2,&quot;335551620&quot;:2}\">\u00a0<\/span><\/span><\/p>\n"}},{"acf_fc_layout":"related_products","_acfe_flexible_toggle":"","tiles_3_columns_landing":{"module_options":{"":null,"module_id":"n682c87cfb8053","module_class":"","module_background_type":"color","module_background_color":"","module_background_image":false,"module_background_video":"","activate_custom_padding":false,"padding_top_desktop":0,"padding_top_tablet":"","padding_top_mobile":"","padding_bottom_desktop":"","padding_bottom_tablet":"","padding_bottom_mobile":"","activate_custom_margin":false,"margin_top_desktop":"","margin_top_tablet":"","margin_top_mobile":"","margin_bottom_desktop":"","margin_bottom_tablet":"","margin_bottom_mobile":"","disable_on":[],"content_alignment_desktop":"left","content_alignment_tablet":"left","content_alignment_mobile":"left"},"intro_text":" Produits","intro_text_color":"","intro_link":{"type":"post","value":"1518","url":"https:\/\/natussensory.com\/products\/","name":"Products","title":"Voir tous les produits ","target":""},"tiles":[{"label":"","label_background_color":"#d4e9f9","image":{"ID":7321,"id":7321,"title":"neoBLUE-Radiometer_all-products-link","filename":"neoBLUE-Radiometer_all-products-link.jpg","filesize":44524,"url":"https:\/\/natussensory.com\/wp-content\/uploads\/neoBLUE-Radiometer_all-products-link.jpg","link":"https:\/\/natussensory.com\/fr\/produits\/neoblue-radiometer_all-products-link-2\/","alt":"Radiometer for Newborn Jaundice Treatment","author":"4","description":"","caption":"","name":"neoblue-radiometer_all-products-link-2","status":"inherit","uploaded_to":10961,"date":"2023-09-26 09:10:00","modified":"2024-11-07 10:58:02","menu_order":0,"mime_type":"image\/jpeg","type":"image","subtype":"jpeg","icon":"https:\/\/natussensory.com\/wp-includes\/images\/media\/default.png","width":500,"height":400,"sizes":{"thumbnail":"https:\/\/natussensory.com\/wp-content\/uploads\/neoBLUE-Radiometer_all-products-link.jpg","thumbnail-width":120,"thumbnail-height":96,"medium":"https:\/\/natussensory.com\/wp-content\/uploads\/neoBLUE-Radiometer_all-products-link.jpg","medium-width":500,"medium-height":400,"medium_large":"https:\/\/natussensory.com\/wp-content\/uploads\/neoBLUE-Radiometer_all-products-link.jpg","medium_large-width":500,"medium_large-height":400,"large":"https:\/\/natussensory.com\/wp-content\/uploads\/neoBLUE-Radiometer_all-products-link.jpg","large-width":500,"large-height":400,"1536x1536":"https:\/\/natussensory.com\/wp-content\/uploads\/neoBLUE-Radiometer_all-products-link.jpg","1536x1536-width":500,"1536x1536-height":400,"2048x2048":"https:\/\/natussensory.com\/wp-content\/uploads\/neoBLUE-Radiometer_all-products-link.jpg","2048x2048-width":500,"2048x2048-height":400}},"title":"Le radiom\u00e8tre neoBLUE<sup>\u00ae<\/sup> fournit des mesures d\u2019irradiance calibr\u00e9es et sans c\u00e2ble sur le spectre d\u2019absorption de la bilirubine, optimisant ainsi la phototh\u00e9rapie n\u00e9onatale. ","link":{"type":"post","value":"6953","url":"https:\/\/natussensory.com\/products\/neoblue-radiometer-newborn-jaundice-treatment\/","name":"neoBLUE\u00ae &#8211; Radiometer &#8211; Jaundice Treatment","title":"neoBLUE<sup>\u00ae<\/sup> Radiometer","target":""}}]}},{"acf_fc_layout":"left_image_right_content_single_cta","_acfe_flexible_layout_title":"Contacts us","_acfe_flexible_toggle":"","left_image_right_content_single_cta_landing":{"module_options":{"":null,"module_id":"n685a5d301dba3","module_class":"","module_background_type":"color","module_background_color":"","module_background_image":false,"module_background_video":"","activate_custom_padding":false,"padding_top_desktop":0,"padding_top_tablet":"","padding_top_mobile":"","padding_bottom_desktop":"","padding_bottom_tablet":"","padding_bottom_mobile":"","activate_custom_margin":false,"margin_top_desktop":"","margin_top_tablet":"","margin_top_mobile":"","margin_bottom_desktop":"","margin_bottom_tablet":"","margin_bottom_mobile":"","disable_on":[],"content_alignment_desktop":"left","content_alignment_tablet":"left","content_alignment_mobile":"left"},"image":{"ID":4238,"id":4238,"title":"Contact Us 800x450","filename":"Contact-Us-800x450-1.png","filesize":437541,"url":"https:\/\/natussensory.com\/wp-content\/uploads\/Contact-Us-800x450-1.png","link":"https:\/\/natussensory.com\/fr\/produits\/contact-us-800x450-2\/","alt":"Shaking Hands - Contact Us","author":"4","description":"","caption":"","name":"contact-us-800x450-2","status":"inherit","uploaded_to":10961,"date":"2023-09-14 17:35:31","modified":"2025-06-12 09:10:08","menu_order":0,"mime_type":"image\/png","type":"image","subtype":"png","icon":"https:\/\/natussensory.com\/wp-includes\/images\/media\/default.png","width":800,"height":450,"sizes":{"thumbnail":"https:\/\/natussensory.com\/wp-content\/uploads\/Contact-Us-800x450-1.png","thumbnail-width":128,"thumbnail-height":72,"medium":"https:\/\/natussensory.com\/wp-content\/uploads\/Contact-Us-800x450-1.png","medium-width":800,"medium-height":450,"medium_large":"https:\/\/natussensory.com\/wp-content\/uploads\/Contact-Us-800x450-1-768x432.png","medium_large-width":768,"medium_large-height":432,"large":"https:\/\/natussensory.com\/wp-content\/uploads\/Contact-Us-800x450-1.png","large-width":800,"large-height":450,"1536x1536":"https:\/\/natussensory.com\/wp-content\/uploads\/Contact-Us-800x450-1.png","1536x1536-width":800,"1536x1536-height":450,"2048x2048":"https:\/\/natussensory.com\/wp-content\/uploads\/Contact-Us-800x450-1.png","2048x2048-width":800,"2048x2048-height":450}},"label":"Demander un devis ","title":"Pr\u00eat \u00e0 faire la diff\u00e9rence dans les soins aux patients ? ","description":"<p><span class=\"TextRun SCXW84996894 BCX8\" data-contrast=\"auto\"><span class=\"NormalTextRun SCXW84996894 BCX8\"> D\u00e9couvrez nos solutions leaders sur le march\u00e9 et comment nous pouvons vous aider \u00e0 renforcer vos capacit\u00e9s de soins.<\/span><\/span><span class=\"EOP SCXW84996894 BCX8\" data-ccp-props=\"{}\">\u00a0<\/span><\/p>\n","link":{"type":"post","value":"892","url":"https:\/\/natussensory.com\/contact-us\/","name":"Contact us","title":"Contactez-nous ","target":""}}}]},"_links":{"self":[{"href":"https:\/\/natussensory.com\/fr\/wp-json\/wp\/v2\/pages\/24722","targetHints":{"allow":["GET"]}}],"collection":[{"href":"https:\/\/natussensory.com\/fr\/wp-json\/wp\/v2\/pages"}],"about":[{"href":"https:\/\/natussensory.com\/fr\/wp-json\/wp\/v2\/types\/page"}],"author":[{"embeddable":true,"href":"https:\/\/natussensory.com\/fr\/wp-json\/wp\/v2\/users\/4"}],"replies":[{"embeddable":true,"href":"https:\/\/natussensory.com\/fr\/wp-json\/wp\/v2\/comments?post=24722"}],"version-history":[{"count":6,"href":"https:\/\/natussensory.com\/fr\/wp-json\/wp\/v2\/pages\/24722\/revisions"}],"predecessor-version":[{"id":25798,"href":"https:\/\/natussensory.com\/fr\/wp-json\/wp\/v2\/pages\/24722\/revisions\/25798"}],"up":[{"embeddable":true,"href":"https:\/\/natussensory.com\/fr\/wp-json\/wp\/v2\/pages\/10961"}],"wp:attachment":[{"href":"https:\/\/natussensory.com\/fr\/wp-json\/wp\/v2\/media?parent=24722"}],"wp:term":[{"taxonomy":"category","embeddable":true,"href":"https:\/\/natussensory.com\/fr\/wp-json\/wp\/v2\/categories?post=24722"},{"taxonomy":"post_tag","embeddable":true,"href":"https:\/\/natussensory.com\/fr\/wp-json\/wp\/v2\/tags?post=24722"}],"curies":[{"name":"wp","href":"https:\/\/api.w.org\/{rel}","templated":true}]}}