{"id":24663,"date":"2025-06-25T18:49:59","date_gmt":"2025-06-25T18:49:59","guid":{"rendered":"https:\/\/natussensory.com\/produits\/jaundice-led-phototherapy\/"},"modified":"2025-10-23T11:46:20","modified_gmt":"2025-10-23T11:46:20","slug":"gestion-de-lictere","status":"publish","type":"page","link":"https:\/\/natussensory.com\/fr\/produits\/gestion-de-lictere\/","title":{"rendered":"Gestion de l&rsquo;ict\u00e8re"},"content":{"rendered":"","protected":false},"excerpt":{"rendered":"","protected":false},"author":4,"featured_media":0,"parent":10961,"menu_order":0,"comment_status":"closed","ping_status":"closed","template":"","meta":{"_acf_changed":false,"inline_featured_image":false,"footnotes":""},"categories":[290,299],"tags":[],"class_list":["post-24663","page","type-page","status-publish","hentry","category-gestion-de-lictere","category-jaundice-management-fr"],"acf":{"content_blocks":[{"acf_fc_layout":"spacer","_acfe_flexible_toggle":"","spacer":{"module_options":{"":null,"module_id":"n682c85f324428","module_class":"","module_background_type":"color","module_background_color":"#473089","module_background_image":false,"module_background_video":"","activate_custom_padding":false,"padding_top_desktop":0,"padding_top_tablet":"","padding_top_mobile":"","padding_bottom_desktop":"","padding_bottom_tablet":"","padding_bottom_mobile":"","activate_custom_margin":false,"margin_top_desktop":"","margin_top_tablet":"","margin_top_mobile":"","margin_bottom_desktop":"","margin_bottom_tablet":"","margin_bottom_mobile":"","disable_on":[],"content_alignment_desktop":"left","content_alignment_tablet":"left","content_alignment_mobile":"left"},"height":"160"}},{"acf_fc_layout":"simple_content","_acfe_flexible_toggle":"","content_full_width_landing":{"module_options":{"":null,"module_id":"n68481ff96f7b3","module_class":"","module_background_type":"color","module_background_color":"#d4e9f9","module_background_image":false,"module_background_video":"","activate_custom_padding":false,"padding_top_desktop":0,"padding_top_tablet":"","padding_top_mobile":"","padding_bottom_desktop":"","padding_bottom_tablet":"","padding_bottom_mobile":"","activate_custom_margin":false,"margin_top_desktop":"","margin_top_tablet":"","margin_top_mobile":"","margin_bottom_desktop":"","margin_bottom_tablet":"","margin_bottom_mobile":"","disable_on":[],"content_alignment_desktop":"left","content_alignment_tablet":"left","content_alignment_mobile":"left"},"activate_custom_container_width":false,"container_width":"","content":"<h1 style=\"text-align: center;\">Gestion de l&rsquo;ict\u00e8re<\/h1>\n<p style=\"text-align: center;\"><span style=\"font-size: 18px;\"><span class=\"TextRun SCXW156147358 BCX0\" lang=\"EN-US\" xml:lang=\"EN-US\" data-contrast=\"auto\"><span class=\"NormalTextRun SpellingErrorV2Themed SCXW156147358 BCX0\">Syst\u00e8mes<\/span><span class=\"NormalTextRun SCXW156147358 BCX0\"> de <\/span><span class=\"NormalTextRun SpellingErrorV2Themed SCXW156147358 BCX0\">phototh\u00e9rapie<\/span><span class=\"NormalTextRun SCXW156147358 BCX0\"> par LED <\/span><span class=\"NormalTextRun SpellingErrorV2Themed SCXW156147358 BCX0\">con\u00e7us<\/span><span class=\"NormalTextRun SCXW156147358 BCX0\"> pour un <\/span><span class=\"NormalTextRun SpellingErrorV2Themed SCXW156147358 BCX0\">traitement<\/span> <span class=\"NormalTextRun SpellingErrorV2Themed SCXW156147358 BCX0\">s\u00fbr<\/span><span class=\"NormalTextRun SCXW156147358 BCX0\"> et <\/span><span class=\"NormalTextRun SpellingErrorV2Themed SCXW156147358 BCX0\">efficace<\/span><span class=\"NormalTextRun SCXW156147358 BCX0\"> de <\/span><span class=\"NormalTextRun SpellingErrorV2Themed SCXW156147358 BCX0\">l\u2019ict\u00e8re<\/span> <span class=\"NormalTextRun SpellingErrorV2Themed SCXW156147358 BCX0\">n\u00e9onatal<\/span><span class=\"NormalTextRun SCXW156147358 BCX0\">. La <\/span><span class=\"NormalTextRun SpellingErrorV2Themed SCXW156147358 BCX0\">gamme<\/span> <span class=\"NormalTextRun SpellingErrorV2Themed SCXW156147358 BCX0\">comprend<\/span><span class=\"NormalTextRun SCXW156147358 BCX0\"> des <\/span><span class=\"NormalTextRun SpellingErrorV2Themed SCXW156147358 BCX0\">unit\u00e9s<\/span> <span class=\"NormalTextRun SpellingErrorV2Themed SCXW156147358 BCX0\">suspendues<\/span><span class=\"NormalTextRun SCXW156147358 BCX0\">, des couvertures et des configurations <\/span><span class=\"NormalTextRun SpellingErrorV2Themed SCXW156147358 BCX0\">compactes<\/span><span class=\"NormalTextRun SCXW156147358 BCX0\">, <\/span><span class=\"NormalTextRun SpellingErrorV2Themed SCXW156147358 BCX0\">offrant<\/span> <span class=\"NormalTextRun SpellingErrorV2Themed SCXW156147358 BCX0\">une<\/span><span class=\"NormalTextRun SCXW156147358 BCX0\"> lumi\u00e8re <\/span><span class=\"NormalTextRun SpellingErrorV2Themed SCXW156147358 BCX0\">bleue<\/span><span class=\"NormalTextRun SCXW156147358 BCX0\"> \u00e0 longueur <\/span><span class=\"NormalTextRun SpellingErrorV2Themed SCXW156147358 BCX0\">d\u2019onde<\/span> <span class=\"NormalTextRun SpellingErrorV2Themed SCXW156147358 BCX0\">sp\u00e9cifique<\/span><span class=\"NormalTextRun SCXW156147358 BCX0\">, des <\/span><span class=\"NormalTextRun SpellingErrorV2Themed SCXW156147358 BCX0\">niveaux<\/span> <span class=\"NormalTextRun SpellingErrorV2Themed SCXW156147358 BCX0\">d\u2019intensit\u00e9<\/span> <span class=\"NormalTextRun SpellingErrorV2Themed SCXW156147358 BCX0\">r\u00e9glables<\/span><span class=\"NormalTextRun SCXW156147358 BCX0\"> et <\/span><span class=\"NormalTextRun SpellingErrorV2Themed SCXW156147358 BCX0\">une<\/span> <span class=\"NormalTextRun SpellingErrorV2Themed SCXW156147358 BCX0\">utilisation<\/span><span class=\"NormalTextRun SCXW156147358 BCX0\"> flexible <\/span><span class=\"NormalTextRun SpellingErrorV2Themed SCXW156147358 BCX0\">en<\/span><span class=\"NormalTextRun SCXW156147358 BCX0\"> milieu <\/span><span class=\"NormalTextRun SpellingErrorV2Themed SCXW156147358 BCX0\">clinique<\/span> <span class=\"NormalTextRun SpellingErrorV2Themed SCXW156147358 BCX0\">ou<\/span><span class=\"NormalTextRun SCXW156147358 BCX0\"> \u00e0 domicile. Tous les <\/span><span class=\"NormalTextRun SpellingErrorV2Themed SCXW156147358 BCX0\">syst\u00e8mes<\/span> <span class=\"NormalTextRun SpellingErrorV2Themed SCXW156147358 BCX0\">sont<\/span> <span class=\"NormalTextRun SpellingErrorV2Themed SCXW156147358 BCX0\">con\u00e7us<\/span><span class=\"NormalTextRun SCXW156147358 BCX0\"> pour <\/span><span class=\"NormalTextRun SpellingErrorV2Themed SCXW156147358 BCX0\">r\u00e9pondre<\/span><span class=\"NormalTextRun SCXW156147358 BCX0\"> aux <\/span><span class=\"NormalTextRun SpellingErrorV2Themed SCXW156147358 BCX0\">recommandations<\/span><span class=\"NormalTextRun SCXW156147358 BCX0\"> de <\/span><span class=\"NormalTextRun SpellingErrorV2Themed SCXW156147358 BCX0\">l\u2019AAP<\/span><span class=\"NormalTextRun SCXW156147358 BCX0\"> et <\/span><span class=\"NormalTextRun SpellingErrorV2Themed SCXW156147358 BCX0\">favoriser<\/span> <span class=\"NormalTextRun SpellingErrorV2Themed SCXW156147358 BCX0\">une<\/span> <span class=\"NormalTextRun SpellingErrorV2Themed SCXW156147358 BCX0\">prise<\/span> <span class=\"NormalTextRun SpellingErrorV2Themed SCXW156147358 BCX0\">en<\/span><span class=\"NormalTextRun SCXW156147358 BCX0\"> charge continue <\/span><span class=\"NormalTextRun SpellingErrorV2Themed SCXW156147358 BCX0\">centr\u00e9e<\/span><span class=\"NormalTextRun SCXW156147358 BCX0\"> sur la <\/span><span class=\"NormalTextRun SpellingErrorV2Themed SCXW156147358 BCX0\">famille<\/span><span class=\"NormalTextRun SCXW156147358 BCX0\">.<\/span><\/span><span class=\"EOP SCXW156147358 BCX0\" data-ccp-props=\"{&quot;134233117&quot;:false,&quot;134233118&quot;:false,&quot;335551550&quot;:2,&quot;335551620&quot;:2,&quot;335559738&quot;:240,&quot;335559739&quot;:240}\">\u00a0<\/span><\/span><\/p>\n"}},{"acf_fc_layout":"related_products","_acfe_flexible_toggle":"","tiles_3_columns_landing":{"module_options":{"":null,"module_id":"n682c87cfb8053","module_class":"","module_background_type":"color","module_background_color":"","module_background_image":false,"module_background_video":"","activate_custom_padding":false,"padding_top_desktop":0,"padding_top_tablet":"","padding_top_mobile":"","padding_bottom_desktop":"","padding_bottom_tablet":"","padding_bottom_mobile":"","activate_custom_margin":false,"margin_top_desktop":"","margin_top_tablet":"","margin_top_mobile":"","margin_bottom_desktop":"","margin_bottom_tablet":"","margin_bottom_mobile":"","disable_on":[],"content_alignment_desktop":"left","content_alignment_tablet":"left","content_alignment_mobile":"left"},"intro_text":"Produits ","intro_text_color":"","intro_link":{"type":"post","value":"1518","url":"https:\/\/natussensory.com\/products\/","name":"Products","title":"Voir tous les produits ","target":""},"tiles":[{"label":"","label_background_color":"#d4e9f9","image":{"ID":25247,"id":25247,"title":"neoBLUE-nova_linkspot","filename":"neoBLUE-nova_linkspot.jpg","filesize":67173,"url":"https:\/\/natussensory.com\/wp-content\/uploads\/neoBLUE-nova_linkspot.jpg","link":"https:\/\/natussensory.com\/fr\/produits\/gestion-de-lictere\/neoblue-nova_linkspot-2\/","alt":"neoBLUE\u00ae nova LED phototherapy system","author":"4","description":"","caption":"","name":"neoblue-nova_linkspot-2","status":"inherit","uploaded_to":24663,"date":"2025-08-04 10:31:41","modified":"2025-08-06 14:47:58","menu_order":0,"mime_type":"image\/jpeg","type":"image","subtype":"jpeg","icon":"https:\/\/natussensory.com\/wp-includes\/images\/media\/default.png","width":600,"height":300,"sizes":{"thumbnail":"https:\/\/natussensory.com\/wp-content\/uploads\/neoBLUE-nova_linkspot.jpg","thumbnail-width":128,"thumbnail-height":64,"medium":"https:\/\/natussensory.com\/wp-content\/uploads\/neoBLUE-nova_linkspot.jpg","medium-width":600,"medium-height":300,"medium_large":"https:\/\/natussensory.com\/wp-content\/uploads\/neoBLUE-nova_linkspot.jpg","medium_large-width":600,"medium_large-height":300,"large":"https:\/\/natussensory.com\/wp-content\/uploads\/neoBLUE-nova_linkspot.jpg","large-width":600,"large-height":300,"1536x1536":"https:\/\/natussensory.com\/wp-content\/uploads\/neoBLUE-nova_linkspot.jpg","1536x1536-width":600,"1536x1536-height":300,"2048x2048":"https:\/\/natussensory.com\/wp-content\/uploads\/neoBLUE-nova_linkspot.jpg","2048x2048-width":600,"2048x2048-height":300}},"title":"Un syst\u00e8me polyvalent 3-en-1. Notre dernier \u2013 et meilleur \u00e0 ce jour \u2013 syst\u00e8me de phototh\u00e9rapie \u00e0 LED.","link":{"type":"post","value":"26944","url":"https:\/\/natussensory.com\/fr\/produits\/neoblue-nova\/","name":"neoBLUE\u00ae nova &#8211; Syst\u00e8me de phototh\u00e9rapie par LED","title":"neoBLUE<sup>\u00ae<\/sup> nova","target":""}},{"label":"","label_background_color":"#d4e9f9","image":{"ID":6971,"id":6971,"title":"neoBLUE-LED_linkspot","filename":"neoBLUE-LED_linkspot.jpg","filesize":133488,"url":"https:\/\/natussensory.com\/wp-content\/uploads\/neoBLUE-LED_linkspot.jpg","link":"https:\/\/natussensory.com\/fr\/produits\/neoblue-radiometer\/neoblue-led_linkspot-2\/","alt":"neoBLUE-LED","author":"4","description":"","caption":"","name":"neoblue-led_linkspot-2","status":"inherit","uploaded_to":10209,"date":"2023-09-25 14:50:54","modified":"2025-08-06 14:46:06","menu_order":0,"mime_type":"image\/png","type":"image","subtype":"png","icon":"https:\/\/natussensory.com\/wp-includes\/images\/media\/default.png","width":600,"height":300,"sizes":{"thumbnail":"https:\/\/natussensory.com\/wp-content\/uploads\/neoBLUE-LED_linkspot.jpg","thumbnail-width":128,"thumbnail-height":64,"medium":"https:\/\/natussensory.com\/wp-content\/uploads\/neoBLUE-LED_linkspot.jpg","medium-width":600,"medium-height":300,"medium_large":"https:\/\/natussensory.com\/wp-content\/uploads\/neoBLUE-LED_linkspot.jpg","medium_large-width":600,"medium_large-height":300,"large":"https:\/\/natussensory.com\/wp-content\/uploads\/neoBLUE-LED_linkspot.jpg","large-width":600,"large-height":300,"1536x1536":"https:\/\/natussensory.com\/wp-content\/uploads\/neoBLUE-LED_linkspot.jpg","1536x1536-width":600,"1536x1536-height":300,"2048x2048":"https:\/\/natussensory.com\/wp-content\/uploads\/neoBLUE-LED_linkspot.jpg","2048x2048-width":600,"2048x2048-height":300}},"title":"Syst\u00e8me de phototh\u00e9rapie LED avec intensit\u00e9 lumineuse r\u00e9glable, couverture corporelle compl\u00e8te et longueur d\u2019onde optimis\u00e9e pour un traitement efficace de la jaunisse n\u00e9onatale. ","link":{"type":"post","value":"6889","url":"https:\/\/natussensory.com\/products\/neoblue-led-phototherapy-system\/","name":"neoBLUE\u00ae LED Phototherapy System","title":"neoBLUE<sup>\u00ae<\/sup> LED","target":""}},{"label":"","label_background_color":"#d4e9f9","image":{"ID":6986,"id":6986,"title":"neoBLUE-compact_linkspot","filename":"neoBLUE-compact_linkspot.jpg","filesize":138856,"url":"https:\/\/natussensory.com\/wp-content\/uploads\/neoBLUE-compact_linkspot.jpg","link":"https:\/\/natussensory.com\/fr\/produits\/neoblue-radiometer\/neoblue-compact_linkspot-2\/","alt":"neoBLUE-compact","author":"4","description":"","caption":"","name":"neoblue-compact_linkspot-2","status":"inherit","uploaded_to":10209,"date":"2023-09-25 14:51:00","modified":"2025-08-06 14:42:57","menu_order":0,"mime_type":"image\/png","type":"image","subtype":"png","icon":"https:\/\/natussensory.com\/wp-includes\/images\/media\/default.png","width":600,"height":300,"sizes":{"thumbnail":"https:\/\/natussensory.com\/wp-content\/uploads\/neoBLUE-compact_linkspot.jpg","thumbnail-width":128,"thumbnail-height":64,"medium":"https:\/\/natussensory.com\/wp-content\/uploads\/neoBLUE-compact_linkspot.jpg","medium-width":600,"medium-height":300,"medium_large":"https:\/\/natussensory.com\/wp-content\/uploads\/neoBLUE-compact_linkspot.jpg","medium_large-width":600,"medium_large-height":300,"large":"https:\/\/natussensory.com\/wp-content\/uploads\/neoBLUE-compact_linkspot.jpg","large-width":600,"large-height":300,"1536x1536":"https:\/\/natussensory.com\/wp-content\/uploads\/neoBLUE-compact_linkspot.jpg","1536x1536-width":600,"1536x1536-height":300,"2048x2048":"https:\/\/natussensory.com\/wp-content\/uploads\/neoBLUE-compact_linkspot.jpg","2048x2048-width":600,"2048x2048-height":300}},"title":"Syst\u00e8me de phototh\u00e9rapie LED compact avec double intensit\u00e9, lumi\u00e8re d\u2019examen et bras ajustable pour un traitement cibl\u00e9 de la jaunisse n\u00e9onatale. ","link":{"type":"post","value":"6903","url":"https:\/\/natussensory.com\/products\/neoblue-compact\/","name":"neoBLUE\u00ae Compact LED Phototherapy for Jaundice","title":"neoBLUE<sup>\u00ae<\/sup> compact","target":""}},{"label":"","label_background_color":"#d4e9f9","image":{"ID":6981,"id":6981,"title":"neoBLUE-blanket_linkspot","filename":"neoblue-blanket_linkspot.jpg","filesize":125125,"url":"https:\/\/natussensory.com\/wp-content\/uploads\/neoblue-blanket_linkspot.jpg","link":"https:\/\/natussensory.com\/fr\/produits\/neoblue-radiometer\/neoblue-blanket_linkspot-2\/","alt":"neoblue-blanket","author":"4","description":"","caption":"","name":"neoblue-blanket_linkspot-2","status":"inherit","uploaded_to":10209,"date":"2023-09-25 14:50:58","modified":"2025-08-06 14:40:12","menu_order":0,"mime_type":"image\/png","type":"image","subtype":"png","icon":"https:\/\/natussensory.com\/wp-includes\/images\/media\/default.png","width":600,"height":300,"sizes":{"thumbnail":"https:\/\/natussensory.com\/wp-content\/uploads\/neoblue-blanket_linkspot.jpg","thumbnail-width":128,"thumbnail-height":64,"medium":"https:\/\/natussensory.com\/wp-content\/uploads\/neoblue-blanket_linkspot.jpg","medium-width":600,"medium-height":300,"medium_large":"https:\/\/natussensory.com\/wp-content\/uploads\/neoblue-blanket_linkspot.jpg","medium_large-width":600,"medium_large-height":300,"large":"https:\/\/natussensory.com\/wp-content\/uploads\/neoblue-blanket_linkspot.jpg","large-width":600,"large-height":300,"1536x1536":"https:\/\/natussensory.com\/wp-content\/uploads\/neoblue-blanket_linkspot.jpg","1536x1536-width":600,"1536x1536-height":300,"2048x2048":"https:\/\/natussensory.com\/wp-content\/uploads\/neoblue-blanket_linkspot.jpg","2048x2048-width":600,"2048x2048-height":300}},"title":"Couverture de phototh\u00e9rapie LED portable offrant un traitement continu et efficace de la jaunisse pendant le portage, l\u2019allaitement ou les soins \u00e0 domicile. ","link":{"type":"post","value":"6928","url":"https:\/\/natussensory.com\/products\/neoblue-blanket\/","name":"neoBLUE\u00ae blanket &#8211; LED Phototherapy System","title":"neoBLUE<sup>\u00ae<\/sup> blanket","target":""}}]}},{"acf_fc_layout":"left_image_right_content_single_cta","_acfe_flexible_layout_title":"Contacts us","_acfe_flexible_toggle":"","left_image_right_content_single_cta_landing":{"module_options":{"":null,"module_id":"n685a5d301dba3","module_class":"","module_background_type":"color","module_background_color":"","module_background_image":false,"module_background_video":"","activate_custom_padding":false,"padding_top_desktop":0,"padding_top_tablet":"","padding_top_mobile":"","padding_bottom_desktop":"","padding_bottom_tablet":"","padding_bottom_mobile":"","activate_custom_margin":false,"margin_top_desktop":"","margin_top_tablet":"","margin_top_mobile":"","margin_bottom_desktop":"","margin_bottom_tablet":"","margin_bottom_mobile":"","disable_on":[],"content_alignment_desktop":"left","content_alignment_tablet":"left","content_alignment_mobile":"left"},"image":{"ID":4238,"id":4238,"title":"Contact Us 800x450","filename":"Contact-Us-800x450-1.png","filesize":437541,"url":"https:\/\/natussensory.com\/wp-content\/uploads\/Contact-Us-800x450-1.png","link":"https:\/\/natussensory.com\/fr\/produits\/contact-us-800x450-2\/","alt":"Shaking Hands - Contact Us","author":"4","description":"","caption":"","name":"contact-us-800x450-2","status":"inherit","uploaded_to":10961,"date":"2023-09-14 17:35:31","modified":"2025-06-12 09:10:08","menu_order":0,"mime_type":"image\/png","type":"image","subtype":"png","icon":"https:\/\/natussensory.com\/wp-includes\/images\/media\/default.png","width":800,"height":450,"sizes":{"thumbnail":"https:\/\/natussensory.com\/wp-content\/uploads\/Contact-Us-800x450-1.png","thumbnail-width":128,"thumbnail-height":72,"medium":"https:\/\/natussensory.com\/wp-content\/uploads\/Contact-Us-800x450-1.png","medium-width":800,"medium-height":450,"medium_large":"https:\/\/natussensory.com\/wp-content\/uploads\/Contact-Us-800x450-1-768x432.png","medium_large-width":768,"medium_large-height":432,"large":"https:\/\/natussensory.com\/wp-content\/uploads\/Contact-Us-800x450-1.png","large-width":800,"large-height":450,"1536x1536":"https:\/\/natussensory.com\/wp-content\/uploads\/Contact-Us-800x450-1.png","1536x1536-width":800,"1536x1536-height":450,"2048x2048":"https:\/\/natussensory.com\/wp-content\/uploads\/Contact-Us-800x450-1.png","2048x2048-width":800,"2048x2048-height":450}},"label":"Demander un devis ","title":"Pr\u00eat \u00e0 faire la diff\u00e9rence dans les soins aux patients ? ","description":"<p><span class=\"TextRun SCXW50939068 BCX8\" data-contrast=\"auto\"><span class=\"NormalTextRun SCXW50939068 BCX8\"> D\u00e9couvrez nos solutions leaders sur le march\u00e9 et comment nous pouvons vous aider \u00e0 renforcer vos capacit\u00e9s de soins.<\/span><\/span><span class=\"EOP SCXW50939068 BCX8\" data-ccp-props=\"{}\">\u00a0<\/span><\/p>\n","link":{"type":"post","value":"892","url":"https:\/\/natussensory.com\/contact-us\/","name":"Contact us","title":"Contactez-nous","target":""}}}]},"_links":{"self":[{"href":"https:\/\/natussensory.com\/fr\/wp-json\/wp\/v2\/pages\/24663","targetHints":{"allow":["GET"]}}],"collection":[{"href":"https:\/\/natussensory.com\/fr\/wp-json\/wp\/v2\/pages"}],"about":[{"href":"https:\/\/natussensory.com\/fr\/wp-json\/wp\/v2\/types\/page"}],"author":[{"embeddable":true,"href":"https:\/\/natussensory.com\/fr\/wp-json\/wp\/v2\/users\/4"}],"replies":[{"embeddable":true,"href":"https:\/\/natussensory.com\/fr\/wp-json\/wp\/v2\/comments?post=24663"}],"version-history":[{"count":7,"href":"https:\/\/natussensory.com\/fr\/wp-json\/wp\/v2\/pages\/24663\/revisions"}],"predecessor-version":[{"id":26979,"href":"https:\/\/natussensory.com\/fr\/wp-json\/wp\/v2\/pages\/24663\/revisions\/26979"}],"up":[{"embeddable":true,"href":"https:\/\/natussensory.com\/fr\/wp-json\/wp\/v2\/pages\/10961"}],"wp:attachment":[{"href":"https:\/\/natussensory.com\/fr\/wp-json\/wp\/v2\/media?parent=24663"}],"wp:term":[{"taxonomy":"category","embeddable":true,"href":"https:\/\/natussensory.com\/fr\/wp-json\/wp\/v2\/categories?post=24663"},{"taxonomy":"post_tag","embeddable":true,"href":"https:\/\/natussensory.com\/fr\/wp-json\/wp\/v2\/tags?post=24663"}],"curies":[{"name":"wp","href":"https:\/\/api.w.org\/{rel}","templated":true}]}}