{"id":24637,"date":"2025-06-25T14:27:22","date_gmt":"2025-06-25T14:27:22","guid":{"rendered":"https:\/\/natussensory.com\/produits\/ophthalmic-imaging\/"},"modified":"2026-03-09T08:53:38","modified_gmt":"2026-03-09T08:53:38","slug":"imagerie-ophtalmique","status":"publish","type":"page","link":"https:\/\/natussensory.com\/fr\/produits\/imagerie-ophtalmique\/","title":{"rendered":"Imagerie Ophtalmique"},"content":{"rendered":"","protected":false},"excerpt":{"rendered":"","protected":false},"author":4,"featured_media":0,"parent":10961,"menu_order":0,"comment_status":"closed","ping_status":"closed","template":"","meta":{"_acf_changed":false,"inline_featured_image":false,"footnotes":""},"categories":[298,288],"tags":[],"class_list":["post-24637","page","type-page","status-publish","hentry","category-eye-imaging-fr","category-imagerie-oculaire"],"acf":{"content_blocks":[{"acf_fc_layout":"spacer","_acfe_flexible_toggle":null,"spacer":{"module_options":{"":null,"module_id":"n682c85f324428","module_class":"","module_background_type":"color","module_background_color":"#473089","module_background_image":false,"module_background_video":"","activate_custom_padding":false,"padding_top_desktop":0,"padding_top_tablet":"","padding_top_mobile":"","padding_bottom_desktop":"","padding_bottom_tablet":"","padding_bottom_mobile":"","activate_custom_margin":false,"margin_top_desktop":"","margin_top_tablet":"","margin_top_mobile":"","margin_bottom_desktop":"","margin_bottom_tablet":"","margin_bottom_mobile":"","disable_on":[],"content_alignment_desktop":"left","content_alignment_tablet":"left","content_alignment_mobile":"left"},"height":"160"}},{"acf_fc_layout":"simple_content","_acfe_flexible_toggle":"","content_full_width_landing":{"module_options":{"":null,"module_id":"n68481ff96f7b3","module_class":"","module_background_type":"color","module_background_color":"#d4e9f9","module_background_image":false,"module_background_video":"","activate_custom_padding":false,"padding_top_desktop":0,"padding_top_tablet":"","padding_top_mobile":"","padding_bottom_desktop":"","padding_bottom_tablet":"","padding_bottom_mobile":"","activate_custom_margin":false,"margin_top_desktop":"","margin_top_tablet":"","margin_top_mobile":"","margin_bottom_desktop":"","margin_bottom_tablet":"","margin_bottom_mobile":"","disable_on":[],"content_alignment_desktop":"left","content_alignment_tablet":"left","content_alignment_mobile":"left"},"activate_custom_container_width":false,"container_width":"","content":"<h1 style=\"text-align: center;\"><span class=\"NormalTextRun SpellingErrorV2Themed SCXW110034444 BCX0\">Imagerie<\/span><span class=\"NormalTextRun SCXW110034444 BCX0\"> Ophtalmique<\/span><\/h1>\n<p style=\"text-align: center;\"><span style=\"font-size: 18px;\"><span class=\"TextRun SCXW219037089 BCX0\" lang=\"EN-US\" xml:lang=\"EN-US\" data-contrast=\"auto\"><span class=\"NormalTextRun SCXW219037089 BCX0\">Technologie <\/span><span class=\"NormalTextRun SpellingErrorV2Themed SCXW219037089 BCX0\">d\u2019imagerie<\/span> <span class=\"NormalTextRun SpellingErrorV2Themed SCXW219037089 BCX0\">ophtalmique<\/span> <span class=\"NormalTextRun SpellingErrorV2Themed SCXW219037089 BCX0\">con\u00e7ue<\/span><span class=\"NormalTextRun SCXW219037089 BCX0\"> pour <\/span><span class=\"NormalTextRun SpellingErrorV2Themed SCXW219037089 BCX0\">une<\/span> <span class=\"NormalTextRun SpellingErrorV2Themed SCXW219037089 BCX0\">pr\u00e9cision<\/span> <span class=\"NormalTextRun SpellingErrorV2Themed SCXW219037089 BCX0\">optimale<\/span><span class=\"NormalTextRun SCXW219037089 BCX0\"> dans les <\/span><span class=\"NormalTextRun SpellingErrorV2Themed SCXW219037089 BCX0\">soins<\/span> <span class=\"NormalTextRun SpellingErrorV2Themed SCXW219037089 BCX0\">p\u00e9diatriques<\/span><span class=\"NormalTextRun SCXW219037089 BCX0\">. Nos <\/span><span class=\"NormalTextRun SpellingErrorV2Themed SCXW219037089 BCX0\">syst\u00e8mes<\/span> <span class=\"NormalTextRun SpellingErrorV2Themed SCXW219037089 BCX0\">offrent<\/span><span class=\"NormalTextRun SCXW219037089 BCX0\"> des images <\/span><span class=\"NormalTextRun SpellingErrorV2Themed SCXW219037089 BCX0\">r\u00e9tiniennes<\/span><span class=\"NormalTextRun SCXW219037089 BCX0\"> grand <\/span><span class=\"NormalTextRun SCXW219037089 BCX0\">champ<\/span> <span class=\"NormalTextRun SpellingErrorV2Themed SCXW219037089 BCX0\">en<\/span><span class=\"NormalTextRun SCXW219037089 BCX0\"> haute <\/span><span class=\"NormalTextRun SpellingErrorV2Themed SCXW219037089 BCX0\">d\u00e9finition<\/span><span class=\"NormalTextRun SCXW219037089 BCX0\">, <\/span><span class=\"NormalTextRun SpellingErrorV2Themed SCXW219037089 BCX0\">favorisant<\/span> <span class=\"NormalTextRun ContextualSpellingAndGrammarErrorV2Themed SCXW219037089 BCX0\">un diagnostic<\/span> <span class=\"NormalTextRun SpellingErrorV2Themed SCXW219037089 BCX0\">rapide<\/span><span class=\"NormalTextRun SCXW219037089 BCX0\"> et des flux de travail <\/span><span class=\"NormalTextRun SpellingErrorV2Themed SCXW219037089 BCX0\">cliniques<\/span> <span class=\"NormalTextRun SpellingErrorV2Themed SCXW219037089 BCX0\">fluides<\/span><span class=\"NormalTextRun SCXW219037089 BCX0\">. <\/span><span class=\"NormalTextRun SpellingErrorV2Themed SCXW219037089 BCX0\">Con\u00e7us<\/span><span class=\"NormalTextRun SCXW219037089 BCX0\"> pour la <\/span><span class=\"NormalTextRun SpellingErrorV2Themed SCXW219037089 BCX0\">d\u00e9tection<\/span> <span class=\"NormalTextRun SpellingErrorV2Themed SCXW219037089 BCX0\">pr\u00e9coce<\/span><span class=\"NormalTextRun SCXW219037089 BCX0\"> et le <\/span><span class=\"NormalTextRun SpellingErrorV2Themed SCXW219037089 BCX0\">suivi<\/span><span class=\"NormalTextRun SCXW219037089 BCX0\"> des affections <\/span><span class=\"NormalTextRun SpellingErrorV2Themed SCXW219037089 BCX0\">oculaires<\/span> <span class=\"NormalTextRun SpellingErrorV2Themed SCXW219037089 BCX0\">p\u00e9diatriques<\/span><span class=\"NormalTextRun SCXW219037089 BCX0\">.<\/span><\/span><span class=\"EOP SCXW219037089 BCX0\" data-ccp-props=\"{&quot;335551550&quot;:2,&quot;335551620&quot;:2}\">\u00a0<\/span><\/span><\/p>\n"}},{"acf_fc_layout":"related_products","_acfe_flexible_toggle":"","tiles_3_columns_landing":{"module_options":{"":null,"module_id":"n682c87cfb8053","module_class":"","module_background_type":"color","module_background_color":"","module_background_image":false,"module_background_video":"","activate_custom_padding":false,"padding_top_desktop":0,"padding_top_tablet":"","padding_top_mobile":"","padding_bottom_desktop":"","padding_bottom_tablet":"","padding_bottom_mobile":"","activate_custom_margin":false,"margin_top_desktop":"","margin_top_tablet":"","margin_top_mobile":"","margin_bottom_desktop":"","margin_bottom_tablet":"","margin_bottom_mobile":"","disable_on":[],"content_alignment_desktop":"left","content_alignment_tablet":"left","content_alignment_mobile":"left"},"intro_text":"Produits ","intro_text_color":"","intro_link":{"type":"post","value":"1518","url":"https:\/\/natussensory.com\/products\/","name":"Products","title":"Voir tous les produits ","target":""},"tiles":[{"label":"","label_background_color":"#d4e9f9","image":{"ID":7296,"id":7296,"title":"Retcam-Envision_all-products-link","filename":"Retcam-Envision_all-products-link.jpg","filesize":49217,"url":"https:\/\/natussensory.com\/wp-content\/uploads\/Retcam-Envision_all-products-link.jpg","link":"https:\/\/natussensory.com\/fr\/produits\/retcam-envision_all-products-link-2\/","alt":"Retcam-Envision","author":"4","description":"","caption":"","name":"retcam-envision_all-products-link-2","status":"inherit","uploaded_to":10961,"date":"2023-09-26 09:06:41","modified":"2025-08-06 12:53:49","menu_order":0,"mime_type":"image\/jpeg","type":"image","subtype":"jpeg","icon":"https:\/\/natussensory.com\/wp-includes\/images\/media\/default.png","width":500,"height":400,"sizes":{"thumbnail":"https:\/\/natussensory.com\/wp-content\/uploads\/Retcam-Envision_all-products-link.jpg","thumbnail-width":120,"thumbnail-height":96,"medium":"https:\/\/natussensory.com\/wp-content\/uploads\/Retcam-Envision_all-products-link.jpg","medium-width":500,"medium-height":400,"medium_large":"https:\/\/natussensory.com\/wp-content\/uploads\/Retcam-Envision_all-products-link.jpg","medium_large-width":500,"medium_large-height":400,"large":"https:\/\/natussensory.com\/wp-content\/uploads\/Retcam-Envision_all-products-link.jpg","large-width":500,"large-height":400,"1536x1536":"https:\/\/natussensory.com\/wp-content\/uploads\/Retcam-Envision_all-products-link.jpg","1536x1536-width":500,"1536x1536-height":400,"2048x2048":"https:\/\/natussensory.com\/wp-content\/uploads\/Retcam-Envision_all-products-link.jpg","2048x2048-width":500,"2048x2048-height":400}},"title":"Syst\u00e8me d\u2019imagerie r\u00e9tinienne p\u00e9diatrique avec capture ultra-grand champ, angiographie fluoresc\u00e9inique en temps r\u00e9el et gestion centralis\u00e9e des donn\u00e9es sur plateforme portable. ","link":{"type":"post","value":"6257","url":"https:\/\/natussensory.com\/products\/retcam-envision\/","name":"RetCam\u00ae &#8211; Envision ophthalmic imaging system","title":"RetCam<sup>\u00ae<\/sup> Envision","target":""}}]}},{"acf_fc_layout":"related_products","_acfe_flexible_toggle":"","tiles_3_columns_landing":{"module_options":{"":null,"module_id":"n68496d44383e3","module_class":"","module_background_type":"color","module_background_color":"","module_background_image":false,"module_background_video":"","activate_custom_padding":false,"padding_top_desktop":0,"padding_top_tablet":"","padding_top_mobile":"","padding_bottom_desktop":"","padding_bottom_tablet":"","padding_bottom_mobile":"","activate_custom_margin":false,"margin_top_desktop":"","margin_top_tablet":"","margin_top_mobile":"","margin_bottom_desktop":"","margin_bottom_tablet":"","margin_bottom_mobile":"","disable_on":[],"content_alignment_desktop":"left","content_alignment_tablet":"left","content_alignment_mobile":"left"},"intro_text":"Aper\u00e7us connexes \u2013 Plus de 50 ans d'expertise et d'exp\u00e9rience ","intro_text_color":"","intro_link":{"type":"post","value":"1527","url":"https:\/\/natussensory.com\/insights\/","name":"Insights","title":"Voir tous les articles de fond ","target":""},"tiles":[{"label":"","label_background_color":"","image":{"ID":15144,"id":15144,"title":"Optimizing-ROP_insights-category","filename":"Optimizing-ROP_insights-category.png","filesize":168576,"url":"https:\/\/natussensory.com\/wp-content\/uploads\/Optimizing-ROP_insights-category.png","link":"https:\/\/natussensory.com\/fr\/insights\/optimiser-le-processus-de-depistage-de-la-rdp-du-nouveau-ne\/optimizing-rop_insights-category-2\/","alt":" Clinician reviewing digital retinal imaging results for ROP diagnosis, supporting early detection and telemedicine-based screening in neonates.","author":"4","description":"","caption":"","name":"optimizing-rop_insights-category-2","status":"inherit","uploaded_to":16673,"date":"2023-10-13 08:54:57","modified":"2025-05-22 11:34:05","menu_order":0,"mime_type":"image\/png","type":"image","subtype":"png","icon":"https:\/\/natussensory.com\/wp-includes\/images\/media\/default.png","width":500,"height":400,"sizes":{"thumbnail":"https:\/\/natussensory.com\/wp-content\/uploads\/Optimizing-ROP_insights-category.png","thumbnail-width":120,"thumbnail-height":96,"medium":"https:\/\/natussensory.com\/wp-content\/uploads\/Optimizing-ROP_insights-category.png","medium-width":500,"medium-height":400,"medium_large":"https:\/\/natussensory.com\/wp-content\/uploads\/Optimizing-ROP_insights-category.png","medium_large-width":500,"medium_large-height":400,"large":"https:\/\/natussensory.com\/wp-content\/uploads\/Optimizing-ROP_insights-category.png","large-width":500,"large-height":400,"1536x1536":"https:\/\/natussensory.com\/wp-content\/uploads\/Optimizing-ROP_insights-category.png","1536x1536-width":500,"1536x1536-height":400,"2048x2048":"https:\/\/natussensory.com\/wp-content\/uploads\/Optimizing-ROP_insights-category.png","2048x2048-width":500,"2048x2048-height":400}},"title":"Optimiser le processus de d\u00e9pistage de la RDP du nouveau-n\u00e9","link":{"type":"post","value":"13965","url":"https:\/\/natussensory.com\/insights\/optimizing-the-rop-screening-process\/","name":"Optimizing the ROP screening process for neonates","title":"En savoir plus","target":""}},{"label":"","label_background_color":"","image":{"ID":15185,"id":15185,"title":"Pediatric-retinal-diseases_insights-category","filename":"Pediatric-retinal-diseases_insights-category.jpg","filesize":113372,"url":"https:\/\/natussensory.com\/wp-content\/uploads\/Pediatric-retinal-diseases_insights-category.jpg","link":"https:\/\/natussensory.com\/fr\/insights\/detecter-les-maladies-retiniennes-pediatriques-du-nouveau-ne\/pediatric-retinal-diseases_insights-category-2\/","alt":"Close-up of a newborn\u2019s eye, illustrating the importance of early detection of pediatric retinal diseases such as retinoblastoma and congenital conditions.","author":"4","description":"","caption":"","name":"pediatric-retinal-diseases_insights-category-2","status":"inherit","uploaded_to":16697,"date":"2023-10-13 09:27:47","modified":"2025-05-22 11:09:25","menu_order":0,"mime_type":"image\/jpeg","type":"image","subtype":"jpeg","icon":"https:\/\/natussensory.com\/wp-includes\/images\/media\/default.png","width":500,"height":400,"sizes":{"thumbnail":"https:\/\/natussensory.com\/wp-content\/uploads\/Pediatric-retinal-diseases_insights-category.jpg","thumbnail-width":120,"thumbnail-height":96,"medium":"https:\/\/natussensory.com\/wp-content\/uploads\/Pediatric-retinal-diseases_insights-category.jpg","medium-width":500,"medium-height":400,"medium_large":"https:\/\/natussensory.com\/wp-content\/uploads\/Pediatric-retinal-diseases_insights-category.jpg","medium_large-width":500,"medium_large-height":400,"large":"https:\/\/natussensory.com\/wp-content\/uploads\/Pediatric-retinal-diseases_insights-category.jpg","large-width":500,"large-height":400,"1536x1536":"https:\/\/natussensory.com\/wp-content\/uploads\/Pediatric-retinal-diseases_insights-category.jpg","1536x1536-width":500,"1536x1536-height":400,"2048x2048":"https:\/\/natussensory.com\/wp-content\/uploads\/Pediatric-retinal-diseases_insights-category.jpg","2048x2048-width":500,"2048x2048-height":400}},"title":"D\u00e9tecter les maladies r\u00e9tiniennes p\u00e9diatriques du nouveau-n\u00e9","link":{"type":"post","value":"15183","url":"https:\/\/natussensory.com\/insights\/how-to-detect-pediatric-retinal-diseases-in-newborns\/","name":"Detect Pediatric Retinal Diseases in Newborns","title":"En savoir plus","target":""}}]}},{"acf_fc_layout":"left_image_right_content_single_cta","_acfe_flexible_layout_title":"Contacts us","_acfe_flexible_toggle":"","left_image_right_content_single_cta_landing":{"module_options":{"":null,"module_id":"n685a5d301dba3","module_class":"","module_background_type":"color","module_background_color":"","module_background_image":false,"module_background_video":"","activate_custom_padding":false,"padding_top_desktop":0,"padding_top_tablet":"","padding_top_mobile":"","padding_bottom_desktop":"","padding_bottom_tablet":"","padding_bottom_mobile":"","activate_custom_margin":false,"margin_top_desktop":"","margin_top_tablet":"","margin_top_mobile":"","margin_bottom_desktop":"","margin_bottom_tablet":"","margin_bottom_mobile":"","disable_on":[],"content_alignment_desktop":"left","content_alignment_tablet":"left","content_alignment_mobile":"left"},"image":{"ID":4238,"id":4238,"title":"Contact Us 800x450","filename":"Contact-Us-800x450-1.png","filesize":437541,"url":"https:\/\/natussensory.com\/wp-content\/uploads\/Contact-Us-800x450-1.png","link":"https:\/\/natussensory.com\/fr\/produits\/contact-us-800x450-2\/","alt":"Shaking Hands - Contact Us","author":"4","description":"","caption":"","name":"contact-us-800x450-2","status":"inherit","uploaded_to":10961,"date":"2023-09-14 17:35:31","modified":"2025-06-12 09:10:08","menu_order":0,"mime_type":"image\/png","type":"image","subtype":"png","icon":"https:\/\/natussensory.com\/wp-includes\/images\/media\/default.png","width":800,"height":450,"sizes":{"thumbnail":"https:\/\/natussensory.com\/wp-content\/uploads\/Contact-Us-800x450-1.png","thumbnail-width":128,"thumbnail-height":72,"medium":"https:\/\/natussensory.com\/wp-content\/uploads\/Contact-Us-800x450-1.png","medium-width":800,"medium-height":450,"medium_large":"https:\/\/natussensory.com\/wp-content\/uploads\/Contact-Us-800x450-1-768x432.png","medium_large-width":768,"medium_large-height":432,"large":"https:\/\/natussensory.com\/wp-content\/uploads\/Contact-Us-800x450-1.png","large-width":800,"large-height":450,"1536x1536":"https:\/\/natussensory.com\/wp-content\/uploads\/Contact-Us-800x450-1.png","1536x1536-width":800,"1536x1536-height":450,"2048x2048":"https:\/\/natussensory.com\/wp-content\/uploads\/Contact-Us-800x450-1.png","2048x2048-width":800,"2048x2048-height":450}},"label":"Demander un devis ","title":" Pr\u00eat \u00e0 faire la diff\u00e9rence dans les soins aux patients ? ","description":"<p><span class=\"TextRun SCXW64333371 BCX8\" data-contrast=\"auto\"><span class=\"NormalTextRun SCXW64333371 BCX8\">D\u00e9couvrez nos solutions leaders sur le march\u00e9 et comment nous pouvons vous aider \u00e0 renforcer vos capacit\u00e9s de soins.<\/span><\/span><span class=\"EOP SCXW64333371 BCX8\" data-ccp-props=\"{}\">\u00a0<\/span><\/p>\n","link":{"type":"post","value":"892","url":"https:\/\/natussensory.com\/contact-us\/","name":"Contact us","title":"Contactez-nous","target":""}}}]},"_links":{"self":[{"href":"https:\/\/natussensory.com\/fr\/wp-json\/wp\/v2\/pages\/24637","targetHints":{"allow":["GET"]}}],"collection":[{"href":"https:\/\/natussensory.com\/fr\/wp-json\/wp\/v2\/pages"}],"about":[{"href":"https:\/\/natussensory.com\/fr\/wp-json\/wp\/v2\/types\/page"}],"author":[{"embeddable":true,"href":"https:\/\/natussensory.com\/fr\/wp-json\/wp\/v2\/users\/4"}],"replies":[{"embeddable":true,"href":"https:\/\/natussensory.com\/fr\/wp-json\/wp\/v2\/comments?post=24637"}],"version-history":[{"count":5,"href":"https:\/\/natussensory.com\/fr\/wp-json\/wp\/v2\/pages\/24637\/revisions"}],"predecessor-version":[{"id":25707,"href":"https:\/\/natussensory.com\/fr\/wp-json\/wp\/v2\/pages\/24637\/revisions\/25707"}],"up":[{"embeddable":true,"href":"https:\/\/natussensory.com\/fr\/wp-json\/wp\/v2\/pages\/10961"}],"wp:attachment":[{"href":"https:\/\/natussensory.com\/fr\/wp-json\/wp\/v2\/media?parent=24637"}],"wp:term":[{"taxonomy":"category","embeddable":true,"href":"https:\/\/natussensory.com\/fr\/wp-json\/wp\/v2\/categories?post=24637"},{"taxonomy":"post_tag","embeddable":true,"href":"https:\/\/natussensory.com\/fr\/wp-json\/wp\/v2\/tags?post=24637"}],"curies":[{"name":"wp","href":"https:\/\/api.w.org\/{rel}","templated":true}]}}