{"id":24565,"date":"2025-06-24T14:23:12","date_gmt":"2025-06-24T14:23:12","guid":{"rendered":"https:\/\/natussensory.com\/produits\/fitting-systems\/"},"modified":"2025-12-19T11:16:43","modified_gmt":"2025-12-19T11:16:43","slug":"systeme-dadaptation-auditive","status":"publish","type":"page","link":"https:\/\/natussensory.com\/fr\/produits\/systeme-dadaptation-auditive\/","title":{"rendered":"Syst\u00e8me d\u2019Adaptation Auditive"},"content":{"rendered":"","protected":false},"excerpt":{"rendered":"","protected":false},"author":4,"featured_media":0,"parent":10961,"menu_order":0,"comment_status":"closed","ping_status":"closed","template":"","meta":{"_acf_changed":false,"inline_featured_image":false,"footnotes":""},"categories":[283,292],"tags":[],"class_list":["post-24565","page","type-page","status-publish","hentry","category-audioprothese","category-hearing-aid-fitting-fr"],"acf":{"content_blocks":[{"acf_fc_layout":"spacer","_acfe_flexible_toggle":null,"spacer":{"module_options":{"":null,"module_id":"n682c85f324428","module_class":"","module_background_type":"color","module_background_color":"#473089","module_background_image":false,"module_background_video":"","activate_custom_padding":false,"padding_top_desktop":0,"padding_top_tablet":"","padding_top_mobile":"","padding_bottom_desktop":"","padding_bottom_tablet":"","padding_bottom_mobile":"","activate_custom_margin":false,"margin_top_desktop":"","margin_top_tablet":"","margin_top_mobile":"","margin_bottom_desktop":"","margin_bottom_tablet":"","margin_bottom_mobile":"","disable_on":[],"content_alignment_desktop":"left","content_alignment_tablet":"left","content_alignment_mobile":"left"},"height":"160"}},{"acf_fc_layout":"simple_content","_acfe_flexible_toggle":"","content_full_width_landing":{"module_options":{"":null,"module_id":"n68481ff96f7b3","module_class":"","module_background_type":"color","module_background_color":"#d4e9f9","module_background_image":false,"module_background_video":"","activate_custom_padding":false,"padding_top_desktop":0,"padding_top_tablet":"","padding_top_mobile":"","padding_bottom_desktop":"","padding_bottom_tablet":"","padding_bottom_mobile":"","activate_custom_margin":false,"margin_top_desktop":"","margin_top_tablet":"","margin_top_mobile":"","margin_bottom_desktop":"","margin_bottom_tablet":"","margin_bottom_mobile":"","disable_on":[],"content_alignment_desktop":"left","content_alignment_tablet":"left","content_alignment_mobile":"left"},"activate_custom_container_width":false,"container_width":"","content":"<h1 style=\"text-align: center;\">Syst\u00e8me d\u2019Adaptation Auditive<\/h1>\n<p style=\"text-align: center;\"><span style=\"font-size: 18px;\"><span class=\"TextRun SCXW165710261 BCX0\" lang=\"FR-FR\" xml:lang=\"FR-FR\" data-contrast=\"auto\"><span class=\"NormalTextRun SCXW165710261 BCX0\">Offrez une confiance totale \u00e0 chaque adaptation gr\u00e2ce \u00e0 des solutions con\u00e7ues pour la pr\u00e9cision, la rapidit\u00e9 et une int\u00e9gration fluide. De la mesure in-vivo sans fil avec <\/span><span class=\"NormalTextRun SpellingErrorV2Themed SCXW165710261 BCX0\">Aurical<span class=\"TextRun SCXW99697929 BCX0\" lang=\"EN-US\" xml:lang=\"EN-US\" data-contrast=\"auto\"><span class=\"NormalTextRun SCXW99697929 BCX0\"><sup>\u00ae<\/sup><\/span><\/span><\/span><span class=\"NormalTextRun SCXW165710261 BCX0\">\u00a0<\/span><span class=\"NormalTextRun SpellingErrorV2Themed SCXW165710261 BCX0\">Freefit<\/span><span class=\"NormalTextRun SCXW165710261 BCX0\"> \u00e0 la programmation fiable avec Hi-Pro<span class=\"NormalTextRun SpellingErrorV2Themed SCXW165710261 BCX0\"><span class=\"TextRun SCXW99697929 BCX0\" lang=\"EN-US\" xml:lang=\"EN-US\" data-contrast=\"auto\"><span class=\"NormalTextRun SCXW99697929 BCX0\"><sup>\u00ae<\/sup><\/span><\/span><\/span>2, nos solutions soutiennent des soins pr\u00e9cis et centr\u00e9s sur le patient.<\/span><\/span><span class=\"EOP SCXW165710261 BCX0\" data-ccp-props=\"{&quot;335551550&quot;:2,&quot;335551620&quot;:2}\">\u00a0<\/span><\/span><\/p>\n"}},{"acf_fc_layout":"related_products","_acfe_flexible_toggle":"","tiles_3_columns_landing":{"module_options":{"":null,"module_id":"n6859578b6a037","module_class":"","module_background_type":"color","module_background_color":"","module_background_image":false,"module_background_video":"","activate_custom_padding":false,"padding_top_desktop":0,"padding_top_tablet":"","padding_top_mobile":"","padding_bottom_desktop":"","padding_bottom_tablet":"","padding_bottom_mobile":"","activate_custom_margin":false,"margin_top_desktop":"","margin_top_tablet":"","margin_top_mobile":"","margin_bottom_desktop":"","margin_bottom_tablet":"","margin_bottom_mobile":"","disable_on":[],"content_alignment_desktop":"left","content_alignment_tablet":"left","content_alignment_mobile":"left"},"intro_text":"Produits","intro_text_color":"","intro_link":{"type":"post","value":"10961","url":"https:\/\/natussensory.com\/fr\/produits\/","name":"Produits","title":"Voir tous les produits ","target":""},"tiles":[{"label":"","label_background_color":"","image":{"ID":7823,"id":7823,"title":"Aurical_linkspot","filename":"Aurical_linkspot.jpg","filesize":64048,"url":"https:\/\/natussensory.com\/wp-content\/uploads\/Aurical_linkspot.jpg","link":"https:\/\/natussensory.com\/fr\/produits\/aurical-freefit\/aurical_linkspot-2\/","alt":"","author":"4","description":"","caption":"","name":"aurical_linkspot-2","status":"inherit","uploaded_to":9577,"date":"2023-09-27 14:28:07","modified":"2023-10-02 19:15:14","menu_order":0,"mime_type":"image\/jpeg","type":"image","subtype":"jpeg","icon":"https:\/\/natussensory.com\/wp-includes\/images\/media\/default.png","width":600,"height":300,"sizes":{"thumbnail":"https:\/\/natussensory.com\/wp-content\/uploads\/Aurical_linkspot.jpg","thumbnail-width":128,"thumbnail-height":64,"medium":"https:\/\/natussensory.com\/wp-content\/uploads\/Aurical_linkspot.jpg","medium-width":600,"medium-height":300,"medium_large":"https:\/\/natussensory.com\/wp-content\/uploads\/Aurical_linkspot.jpg","medium_large-width":600,"medium_large-height":300,"large":"https:\/\/natussensory.com\/wp-content\/uploads\/Aurical_linkspot.jpg","large-width":600,"large-height":300,"1536x1536":"https:\/\/natussensory.com\/wp-content\/uploads\/Aurical_linkspot.jpg","1536x1536-width":600,"1536x1536-height":300,"2048x2048":"https:\/\/natussensory.com\/wp-content\/uploads\/Aurical_linkspot.jpg","2048x2048-width":600,"2048x2048-height":300}},"title":"Syst\u00e8me modulaire de r\u00e9glage d\u2019aides auditives avec PMM binaural sans fil, audiom\u00e8tre int\u00e9gr\u00e9, chambre HIT et Hi-Pro<sup>\u00ae<\/sup> 2 int\u00e9gr\u00e9. ","link":{"type":"post","value":"4734","url":"https:\/\/natussensory.com\/products\/aurical\/","name":"Aurical\u00ae &#8211; Hearing Aid Fitting System","title":"Aurical<sup>\u00ae<\/sup>","target":""}},{"label":"","label_background_color":"","image":{"ID":7711,"id":7711,"title":"Freefit_linkspot","filename":"Freefit_linkspot.jpg","filesize":97869,"url":"https:\/\/natussensory.com\/wp-content\/uploads\/Freefit_linkspot.jpg","link":"https:\/\/natussensory.com\/fr\/produits\/aurical\/freefit_linkspot-2\/","alt":"Aurical Freefit","author":"4","description":"","caption":"","name":"freefit_linkspot-2","status":"inherit","uploaded_to":9508,"date":"2023-09-27 12:41:41","modified":"2025-10-20 09:21:38","menu_order":0,"mime_type":"image\/jpeg","type":"image","subtype":"jpeg","icon":"https:\/\/natussensory.com\/wp-includes\/images\/media\/default.png","width":600,"height":300,"sizes":{"thumbnail":"https:\/\/natussensory.com\/wp-content\/uploads\/Freefit_linkspot.jpg","thumbnail-width":128,"thumbnail-height":64,"medium":"https:\/\/natussensory.com\/wp-content\/uploads\/Freefit_linkspot.jpg","medium-width":600,"medium-height":300,"medium_large":"https:\/\/natussensory.com\/wp-content\/uploads\/Freefit_linkspot.jpg","medium_large-width":600,"medium_large-height":300,"large":"https:\/\/natussensory.com\/wp-content\/uploads\/Freefit_linkspot.jpg","large-width":600,"large-height":300,"1536x1536":"https:\/\/natussensory.com\/wp-content\/uploads\/Freefit_linkspot.jpg","1536x1536-width":600,"1536x1536-height":300,"2048x2048":"https:\/\/natussensory.com\/wp-content\/uploads\/Freefit_linkspot.jpg","2048x2048-width":600,"2048x2048-height":300}},"title":"Syst\u00e8me REM sans fil avec PMM binaural, insertion guid\u00e9e du tube sonde et int\u00e9gration aux logiciels d\u2019ajustement automatis\u00e9. ","link":{"type":"post","value":"4904","url":"https:\/\/natussensory.com\/products\/aurical-freefit\/","name":"Aurical\u00ae Freefit &#8211; Real ear measurement","title":"Aurical<sup>\u00ae<\/sup> Freefit","target":""}},{"label":"","label_background_color":"","image":{"ID":7706,"id":7706,"title":"Aurical-HIT_linkspot","filename":"Aurical-HIT_linkspot.jpg","filesize":44971,"url":"https:\/\/natussensory.com\/wp-content\/uploads\/Aurical-HIT_linkspot.jpg","link":"https:\/\/natussensory.com\/fr\/produits\/aurical\/aurical-hit_linkspot-2\/","alt":"Aurical HIT","author":"4","description":"","caption":"","name":"aurical-hit_linkspot-2","status":"inherit","uploaded_to":9508,"date":"2023-09-27 12:41:39","modified":"2025-08-06 13:06:15","menu_order":0,"mime_type":"image\/jpeg","type":"image","subtype":"jpeg","icon":"https:\/\/natussensory.com\/wp-includes\/images\/media\/default.png","width":600,"height":300,"sizes":{"thumbnail":"https:\/\/natussensory.com\/wp-content\/uploads\/Aurical-HIT_linkspot.jpg","thumbnail-width":128,"thumbnail-height":64,"medium":"https:\/\/natussensory.com\/wp-content\/uploads\/Aurical-HIT_linkspot.jpg","medium-width":600,"medium-height":300,"medium_large":"https:\/\/natussensory.com\/wp-content\/uploads\/Aurical-HIT_linkspot.jpg","medium_large-width":600,"medium_large-height":300,"large":"https:\/\/natussensory.com\/wp-content\/uploads\/Aurical-HIT_linkspot.jpg","large-width":600,"large-height":300,"1536x1536":"https:\/\/natussensory.com\/wp-content\/uploads\/Aurical-HIT_linkspot.jpg","1536x1536-width":600,"1536x1536-height":300,"2048x2048":"https:\/\/natussensory.com\/wp-content\/uploads\/Aurical-HIT_linkspot.jpg","2048x2048-width":600,"2048x2048-height":300}},"title":"Chambre de test pour r\u00e9glage bas\u00e9 sur coupleur avec RECD, v\u00e9rification des fonctions sans fil et positionnement fixe OnePosition pour des mesures pr\u00e9cises des aides auditives. ","link":{"type":"post","value":"5285","url":"https:\/\/natussensory.com\/products\/aurical-hit\/","name":"Aurical\u00ae HIT \u2013 Coupler Based Fitting","title":"Aurical<sup>\u00ae<\/sup> HIT","target":""}},{"label":"","label_background_color":"","image":{"ID":27554,"id":27554,"title":"Measure_linkspot","filename":"Measure_linkspot.jpg","filesize":60226,"url":"https:\/\/natussensory.com\/wp-content\/uploads\/Measure_linkspot.jpg","link":"https:\/\/natussensory.com\/fr\/produits\/systeme-dadaptation-auditive\/measure_linkspot-2\/","alt":"Portable audiometer in one compact unit with optional hearing instrument test box.","author":"4","description":"","caption":"","name":"measure_linkspot-2","status":"inherit","uploaded_to":24565,"date":"2025-10-22 07:21:05","modified":"2025-10-22 07:21:52","menu_order":0,"mime_type":"image\/jpeg","type":"image","subtype":"jpeg","icon":"https:\/\/natussensory.com\/wp-includes\/images\/media\/default.png","width":600,"height":300,"sizes":{"thumbnail":"https:\/\/natussensory.com\/wp-content\/uploads\/Measure_linkspot.jpg","thumbnail-width":128,"thumbnail-height":64,"medium":"https:\/\/natussensory.com\/wp-content\/uploads\/Measure_linkspot.jpg","medium-width":600,"medium-height":300,"medium_large":"https:\/\/natussensory.com\/wp-content\/uploads\/Measure_linkspot.jpg","medium_large-width":600,"medium_large-height":300,"large":"https:\/\/natussensory.com\/wp-content\/uploads\/Measure_linkspot.jpg","large-width":600,"large-height":300,"1536x1536":"https:\/\/natussensory.com\/wp-content\/uploads\/Measure_linkspot.jpg","1536x1536-width":600,"1536x1536-height":300,"2048x2048":"https:\/\/natussensory.com\/wp-content\/uploads\/Measure_linkspot.jpg","2048x2048-width":600,"2048x2048-height":300}},"title":"Audiom\u00e8tre portable en une unit\u00e9 compacte avec bo\u00eetier de test d\u2019aides auditives en option.","link":{"type":"post","value":"28391","url":"https:\/\/natussensory.com\/fr\/produits\/otometrics-measure\/","name":"Otometrics Measure : syst\u00e8me portable d&rsquo;\u00e9valuation et d&rsquo;adaptation auditives","title":"Otometrics<sup>\u00ae<\/sup> Measure","target":""}},{"label":"","label_background_color":"","image":{"ID":8867,"id":8867,"title":"Hi-Pro2_linkspot","filename":"Hi-Pro2_linkspot.jpg","filesize":71206,"url":"https:\/\/natussensory.com\/wp-content\/uploads\/Hi-Pro2_linkspot.jpg","link":"https:\/\/natussensory.com\/fr\/produits\/otoscan\/hi-pro2_linkspot-2\/","alt":"Hi-Pro2","author":"4","description":"","caption":"","name":"hi-pro2_linkspot-2","status":"inherit","uploaded_to":9461,"date":"2023-09-30 19:09:25","modified":"2025-10-20 09:23:51","menu_order":0,"mime_type":"image\/jpeg","type":"image","subtype":"jpeg","icon":"https:\/\/natussensory.com\/wp-includes\/images\/media\/default.png","width":600,"height":300,"sizes":{"thumbnail":"https:\/\/natussensory.com\/wp-content\/uploads\/Hi-Pro2_linkspot.jpg","thumbnail-width":128,"thumbnail-height":64,"medium":"https:\/\/natussensory.com\/wp-content\/uploads\/Hi-Pro2_linkspot.jpg","medium-width":600,"medium-height":300,"medium_large":"https:\/\/natussensory.com\/wp-content\/uploads\/Hi-Pro2_linkspot.jpg","medium_large-width":600,"medium_large-height":300,"large":"https:\/\/natussensory.com\/wp-content\/uploads\/Hi-Pro2_linkspot.jpg","large-width":600,"large-height":300,"1536x1536":"https:\/\/natussensory.com\/wp-content\/uploads\/Hi-Pro2_linkspot.jpg","1536x1536-width":600,"1536x1536-height":300,"2048x2048":"https:\/\/natussensory.com\/wp-content\/uploads\/Hi-Pro2_linkspot.jpg","2048x2048-width":600,"2048x2048-height":300}},"title":"Interface de programmation universelle, rapide et compatible multi-marques \u2013 autonome ou int\u00e9gr\u00e9e \u00e0 un audiom\u00e8tre. ","link":{"type":"post","value":"5361","url":"https:\/\/natussensory.com\/products\/hi-pro-2\/","name":"Hi-Pro\u00ae 2 &#8211; Hearing Aid Programming","title":"Hi-Pro<sup>\u00ae<\/sup> 2","target":""}}]}},{"acf_fc_layout":"related_products","_acfe_flexible_toggle":"","tiles_3_columns_landing":{"module_options":{"":null,"module_id":"n68496d44383e3","module_class":"","module_background_type":"color","module_background_color":"","module_background_image":false,"module_background_video":"","activate_custom_padding":false,"padding_top_desktop":0,"padding_top_tablet":"","padding_top_mobile":"","padding_bottom_desktop":"","padding_bottom_tablet":"","padding_bottom_mobile":"","activate_custom_margin":false,"margin_top_desktop":"","margin_top_tablet":"","margin_top_mobile":"","margin_bottom_desktop":"","margin_bottom_tablet":"","margin_bottom_mobile":"","disable_on":[],"content_alignment_desktop":"left","content_alignment_tablet":"left","content_alignment_mobile":"left"},"intro_text":"Aper\u00e7us connexes \u2013 Plus de 50 ans d'expertise et d'exp\u00e9rience ","intro_text_color":"","intro_link":{"type":"post","value":"1527","url":"https:\/\/natussensory.com\/insights\/","name":"Insights","title":"Voir tous les articles de fond ","target":""},"tiles":[{"label":"","label_background_color":"","image":{"ID":15484,"id":15484,"title":"5-ways-to-streamline_insights-category","filename":"5-ways-to-streamline_insights-category.jpg","filesize":54105,"url":"https:\/\/natussensory.com\/wp-content\/uploads\/5-ways-to-streamline_insights-category.jpg","link":"https:\/\/natussensory.com\/fr\/insights\/cinq-facons-de-rationaliser-lajustement-des-audioprotheses\/5-ways-to-streamline_insights-category-2\/","alt":"Audiologist explaining hearing aid fitting best practices in a clinical setting.","author":"4","description":"","caption":"","name":"5-ways-to-streamline_insights-category-2","status":"inherit","uploaded_to":16924,"date":"2023-10-16 12:55:54","modified":"2025-05-22 09:10:06","menu_order":0,"mime_type":"image\/jpeg","type":"image","subtype":"jpeg","icon":"https:\/\/natussensory.com\/wp-includes\/images\/media\/default.png","width":500,"height":400,"sizes":{"thumbnail":"https:\/\/natussensory.com\/wp-content\/uploads\/5-ways-to-streamline_insights-category.jpg","thumbnail-width":120,"thumbnail-height":96,"medium":"https:\/\/natussensory.com\/wp-content\/uploads\/5-ways-to-streamline_insights-category.jpg","medium-width":500,"medium-height":400,"medium_large":"https:\/\/natussensory.com\/wp-content\/uploads\/5-ways-to-streamline_insights-category.jpg","medium_large-width":500,"medium_large-height":400,"large":"https:\/\/natussensory.com\/wp-content\/uploads\/5-ways-to-streamline_insights-category.jpg","large-width":500,"large-height":400,"1536x1536":"https:\/\/natussensory.com\/wp-content\/uploads\/5-ways-to-streamline_insights-category.jpg","1536x1536-width":500,"1536x1536-height":400,"2048x2048":"https:\/\/natussensory.com\/wp-content\/uploads\/5-ways-to-streamline_insights-category.jpg","2048x2048-width":500,"2048x2048-height":400}},"title":"Cinq fa\u00e7ons de rationaliser l'ajustement des audioproth\u00e8ses et d\u2019am\u00e9liorer le flux de patients","link":{"type":"post","value":"15482","url":"https:\/\/natussensory.com\/insights\/5-ways-to-streamline-hearing-aid-fitting-and-improve-patient-flow\/","name":"5 Ways to Streamline Hearing Aid Fitting","title":"En savoir plus ","target":""}},{"label":"","label_background_color":"","image":{"ID":14998,"id":14998,"title":"Integrated-verification_insights-category","filename":"Integrated-verification_insights-category.jpg","filesize":89030,"url":"https:\/\/natussensory.com\/wp-content\/uploads\/Integrated-verification_insights-category.jpg","link":"https:\/\/natussensory.com\/fr\/insights\/la-verification-integree\/integrated-verification_insights-category-2\/","alt":" Hearing care professional explains hearing aid fitting to older adults, highlighting the value of a streamlined and verified fitting process.","author":"4","description":"","caption":"","name":"integrated-verification_insights-category-2","status":"inherit","uploaded_to":16160,"date":"2023-10-13 07:34:12","modified":"2025-05-22 13:05:35","menu_order":0,"mime_type":"image\/jpeg","type":"image","subtype":"jpeg","icon":"https:\/\/natussensory.com\/wp-includes\/images\/media\/default.png","width":500,"height":400,"sizes":{"thumbnail":"https:\/\/natussensory.com\/wp-content\/uploads\/Integrated-verification_insights-category.jpg","thumbnail-width":120,"thumbnail-height":96,"medium":"https:\/\/natussensory.com\/wp-content\/uploads\/Integrated-verification_insights-category.jpg","medium-width":500,"medium-height":400,"medium_large":"https:\/\/natussensory.com\/wp-content\/uploads\/Integrated-verification_insights-category.jpg","medium_large-width":500,"medium_large-height":400,"large":"https:\/\/natussensory.com\/wp-content\/uploads\/Integrated-verification_insights-category.jpg","large-width":500,"large-height":400,"1536x1536":"https:\/\/natussensory.com\/wp-content\/uploads\/Integrated-verification_insights-category.jpg","1536x1536-width":500,"1536x1536-height":400,"2048x2048":"https:\/\/natussensory.com\/wp-content\/uploads\/Integrated-verification_insights-category.jpg","2048x2048-width":500,"2048x2048-height":400}},"title":"La v\u00e9rification int\u00e9gr\u00e9e","link":{"type":"post","value":"13492","url":"https:\/\/natussensory.com\/insights\/integrated-verification\/","name":"Integrated Verification","title":"En savoir plus ","target":""}}]}},{"acf_fc_layout":"left_image_right_content_single_cta","_acfe_flexible_layout_title":"Contacts us","_acfe_flexible_toggle":"","left_image_right_content_single_cta_landing":{"module_options":{"":null,"module_id":"n685a5d301dba3","module_class":"","module_background_type":"color","module_background_color":"","module_background_image":false,"module_background_video":"","activate_custom_padding":false,"padding_top_desktop":0,"padding_top_tablet":"","padding_top_mobile":"","padding_bottom_desktop":"","padding_bottom_tablet":"","padding_bottom_mobile":"","activate_custom_margin":false,"margin_top_desktop":"","margin_top_tablet":"","margin_top_mobile":"","margin_bottom_desktop":"","margin_bottom_tablet":"","margin_bottom_mobile":"","disable_on":[],"content_alignment_desktop":"left","content_alignment_tablet":"left","content_alignment_mobile":"left"},"image":{"ID":4238,"id":4238,"title":"Contact Us 800x450","filename":"Contact-Us-800x450-1.png","filesize":437541,"url":"https:\/\/natussensory.com\/wp-content\/uploads\/Contact-Us-800x450-1.png","link":"https:\/\/natussensory.com\/fr\/produits\/contact-us-800x450-2\/","alt":"Shaking Hands - Contact Us","author":"4","description":"","caption":"","name":"contact-us-800x450-2","status":"inherit","uploaded_to":10961,"date":"2023-09-14 17:35:31","modified":"2025-06-12 09:10:08","menu_order":0,"mime_type":"image\/png","type":"image","subtype":"png","icon":"https:\/\/natussensory.com\/wp-includes\/images\/media\/default.png","width":800,"height":450,"sizes":{"thumbnail":"https:\/\/natussensory.com\/wp-content\/uploads\/Contact-Us-800x450-1.png","thumbnail-width":128,"thumbnail-height":72,"medium":"https:\/\/natussensory.com\/wp-content\/uploads\/Contact-Us-800x450-1.png","medium-width":800,"medium-height":450,"medium_large":"https:\/\/natussensory.com\/wp-content\/uploads\/Contact-Us-800x450-1-768x432.png","medium_large-width":768,"medium_large-height":432,"large":"https:\/\/natussensory.com\/wp-content\/uploads\/Contact-Us-800x450-1.png","large-width":800,"large-height":450,"1536x1536":"https:\/\/natussensory.com\/wp-content\/uploads\/Contact-Us-800x450-1.png","1536x1536-width":800,"1536x1536-height":450,"2048x2048":"https:\/\/natussensory.com\/wp-content\/uploads\/Contact-Us-800x450-1.png","2048x2048-width":800,"2048x2048-height":450}},"label":"Demander un devis","title":"Pr\u00eat \u00e0 faire la diff\u00e9rence dans les soins aux patients ? ","description":"<p><span class=\"TextRun SCXW121271561 BCX8\" data-contrast=\"auto\"><span class=\"NormalTextRun SCXW121271561 BCX8\">D\u00e9couvrez nos solutions leaders sur le march\u00e9 et comment nous pouvons vous aider \u00e0 renforcer vos capacit\u00e9s de soins.<\/span><\/span><span class=\"EOP SCXW121271561 BCX8\" data-ccp-props=\"{}\">\u00a0<\/span><\/p>\n","link":{"type":"post","value":"892","url":"https:\/\/natussensory.com\/contact-us\/","name":"Contact us","title":"Contactez-nous ","target":""}}}]},"_links":{"self":[{"href":"https:\/\/natussensory.com\/fr\/wp-json\/wp\/v2\/pages\/24565","targetHints":{"allow":["GET"]}}],"collection":[{"href":"https:\/\/natussensory.com\/fr\/wp-json\/wp\/v2\/pages"}],"about":[{"href":"https:\/\/natussensory.com\/fr\/wp-json\/wp\/v2\/types\/page"}],"author":[{"embeddable":true,"href":"https:\/\/natussensory.com\/fr\/wp-json\/wp\/v2\/users\/4"}],"replies":[{"embeddable":true,"href":"https:\/\/natussensory.com\/fr\/wp-json\/wp\/v2\/comments?post=24565"}],"version-history":[{"count":8,"href":"https:\/\/natussensory.com\/fr\/wp-json\/wp\/v2\/pages\/24565\/revisions"}],"predecessor-version":[{"id":28421,"href":"https:\/\/natussensory.com\/fr\/wp-json\/wp\/v2\/pages\/24565\/revisions\/28421"}],"up":[{"embeddable":true,"href":"https:\/\/natussensory.com\/fr\/wp-json\/wp\/v2\/pages\/10961"}],"wp:attachment":[{"href":"https:\/\/natussensory.com\/fr\/wp-json\/wp\/v2\/media?parent=24565"}],"wp:term":[{"taxonomy":"category","embeddable":true,"href":"https:\/\/natussensory.com\/fr\/wp-json\/wp\/v2\/categories?post=24565"},{"taxonomy":"post_tag","embeddable":true,"href":"https:\/\/natussensory.com\/fr\/wp-json\/wp\/v2\/tags?post=24565"}],"curies":[{"name":"wp","href":"https:\/\/api.w.org\/{rel}","templated":true}]}}