{"id":24500,"date":"2025-06-24T13:19:42","date_gmt":"2025-06-24T13:19:42","guid":{"rendered":"https:\/\/natussensory.com\/produits\/digital-ear-scanning\/"},"modified":"2025-10-23T11:32:56","modified_gmt":"2025-10-23T11:32:56","slug":"scan-numerique-de-loreille","status":"publish","type":"page","link":"https:\/\/natussensory.com\/fr\/produits\/scan-numerique-de-loreille\/","title":{"rendered":"Scan Num\u00e9rique de l\u2019oreille"},"content":{"rendered":"","protected":false},"excerpt":{"rendered":"","protected":false},"author":4,"featured_media":0,"parent":10961,"menu_order":0,"comment_status":"closed","ping_status":"closed","template":"","meta":{"_acf_changed":false,"inline_featured_image":false,"footnotes":""},"categories":[283,292],"tags":[],"class_list":["post-24500","page","type-page","status-publish","hentry","category-audioprothese","category-hearing-aid-fitting-fr"],"acf":{"content_blocks":[{"acf_fc_layout":"spacer","_acfe_flexible_toggle":"","spacer":{"module_options":{"":null,"module_id":"n682c85f324428","module_class":"","module_background_type":"color","module_background_color":"#473089","module_background_image":false,"module_background_video":"","activate_custom_padding":false,"padding_top_desktop":0,"padding_top_tablet":"","padding_top_mobile":"","padding_bottom_desktop":"","padding_bottom_tablet":"","padding_bottom_mobile":"","activate_custom_margin":false,"margin_top_desktop":"","margin_top_tablet":"","margin_top_mobile":"","margin_bottom_desktop":"","margin_bottom_tablet":"","margin_bottom_mobile":"","disable_on":[],"content_alignment_desktop":"left","content_alignment_tablet":"left","content_alignment_mobile":"left"},"height":"160"}},{"acf_fc_layout":"simple_content","_acfe_flexible_toggle":"","content_full_width_landing":{"module_options":{"":null,"module_id":"n68481ff96f7b3","module_class":"","module_background_type":"color","module_background_color":"#d4e9f9","module_background_image":false,"module_background_video":"","activate_custom_padding":false,"padding_top_desktop":0,"padding_top_tablet":"","padding_top_mobile":"","padding_bottom_desktop":"","padding_bottom_tablet":"","padding_bottom_mobile":"","activate_custom_margin":false,"margin_top_desktop":"","margin_top_tablet":"","margin_top_mobile":"","margin_bottom_desktop":"","margin_bottom_tablet":"","margin_bottom_mobile":"","disable_on":[],"content_alignment_desktop":"left","content_alignment_tablet":"left","content_alignment_mobile":"left"},"activate_custom_container_width":false,"container_width":"","content":"<h1 style=\"text-align: center;\"><span class=\"TextRun SCXW214540541 BCX0\" lang=\"EN-US\" xml:lang=\"EN-US\" data-contrast=\"auto\"><span class=\"NormalTextRun SCXW214540541 BCX0\">Scan Num\u00e9rique de <\/span><span class=\"NormalTextRun SpellingErrorV2Themed SCXW214540541 BCX0\">l\u2019oreille<\/span><\/span><span class=\"EOP SCXW214540541 BCX0\" data-ccp-props=\"{&quot;335551550&quot;:2,&quot;335551620&quot;:2}\">\u00a0<\/span><\/h1>\n<p style=\"text-align: center;\"><span style=\"font-size: 18px;\"><span class=\"TextRun SCXW204004250 BCX0\" lang=\"EN-US\" xml:lang=\"EN-US\" data-contrast=\"auto\"><span class=\"NormalTextRun SCXW204004250 BCX0\">La <\/span><span class=\"NormalTextRun SpellingErrorV2Themed SCXW204004250 BCX0\">num\u00e9risation<\/span> <span class=\"NormalTextRun SpellingErrorV2Themed SCXW204004250 BCX0\">auriculaire<\/span><span class=\"NormalTextRun SCXW204004250 BCX0\"> num\u00e9rique avec <\/span><span class=\"NormalTextRun SpellingErrorV2Themed SCXW204004250 BCX0\">technologie<\/span><span class=\"NormalTextRun SCXW204004250 BCX0\"> laser 3D <\/span><span class=\"NormalTextRun SpellingErrorV2Themed SCXW204004250 BCX0\">transforme<\/span><span class=\"NormalTextRun SCXW204004250 BCX0\"> la <\/span><span class=\"NormalTextRun SpellingErrorV2Themed SCXW204004250 BCX0\">prise<\/span> <span class=\"NormalTextRun SpellingErrorV2Themed SCXW204004250 BCX0\">d\u2019empreintes<\/span><span class=\"NormalTextRun SCXW204004250 BCX0\">. Elle <\/span><span class=\"NormalTextRun SpellingErrorV2Themed SCXW204004250 BCX0\">permet<\/span><span class=\"NormalTextRun SCXW204004250 BCX0\"> des <\/span><span class=\"NormalTextRun SpellingErrorV2Themed SCXW204004250 BCX0\">empreintes<\/span><span class=\"NormalTextRun SCXW204004250 BCX0\"> pr\u00e9cises et sans contact pour les <\/span><span class=\"NormalTextRun SpellingErrorV2Themed SCXW204004250 BCX0\">dispositifs<\/span><span class=\"NormalTextRun SCXW204004250 BCX0\"> intra-<\/span><span class=\"NormalTextRun SpellingErrorV2Themed SpellingErrorHighlight SCXW204004250 BCX0\">auriculaires<\/span><span class=\"NormalTextRun SCXW204004250 BCX0\"> sur <\/span><span class=\"NormalTextRun SpellingErrorV2Themed SCXW204004250 BCX0\">mesure<\/span><span class=\"NormalTextRun SCXW204004250 BCX0\"> \u2013 <\/span><span class=\"NormalTextRun SpellingErrorV2Themed SCXW204004250 BCX0\">am\u00e9liorant<\/span><span class=\"NormalTextRun SCXW204004250 BCX0\"> la <\/span><span class=\"NormalTextRun SpellingErrorV2Themed SCXW204004250 BCX0\">pr\u00e9cision<\/span><span class=\"NormalTextRun SCXW204004250 BCX0\"> de <\/span><span class=\"NormalTextRun SpellingErrorV2Themed SCXW204004250 BCX0\">l\u2019ajustement<\/span><span class=\"NormalTextRun SCXW204004250 BCX0\">, <\/span><span class=\"NormalTextRun SpellingErrorV2Themed SCXW204004250 BCX0\">rationalisant<\/span><span class=\"NormalTextRun SCXW204004250 BCX0\"> la production et <\/span><span class=\"NormalTextRun SpellingErrorV2Themed SCXW204004250 BCX0\">r\u00e9duisant<\/span><span class=\"NormalTextRun SCXW204004250 BCX0\"> les <\/span><span class=\"NormalTextRun SpellingErrorV2Themed SCXW204004250 BCX0\">taux<\/span><span class=\"NormalTextRun SCXW204004250 BCX0\"> de reprise. <\/span><span class=\"NormalTextRun SpellingErrorV2Themed SCXW204004250 BCX0\">Optimisez<\/span><span class=\"NormalTextRun SCXW204004250 BCX0\"> les flux de travail <\/span><span class=\"NormalTextRun SpellingErrorV2Themed SCXW204004250 BCX0\">cliniques<\/span><span class=\"NormalTextRun SCXW204004250 BCX0\"> et <\/span><span class=\"NormalTextRun SpellingErrorV2Themed SCXW204004250 BCX0\">\u00e9tablissez<\/span><span class=\"NormalTextRun SCXW204004250 BCX0\"> un nouveau standard <\/span><span class=\"NormalTextRun SpellingErrorV2Themed SCXW204004250 BCX0\">en<\/span><span class=\"NormalTextRun SCXW204004250 BCX0\"> mati\u00e8re de <\/span><span class=\"NormalTextRun SpellingErrorV2Themed SCXW204004250 BCX0\">soins<\/span> <span class=\"NormalTextRun SpellingErrorV2Themed SCXW204004250 BCX0\">auditifs<\/span> <span class=\"NormalTextRun SpellingErrorV2Themed SCXW204004250 BCX0\">personnalis\u00e9s<\/span><span class=\"NormalTextRun SCXW204004250 BCX0\">.<\/span><\/span><span class=\"EOP SCXW204004250 BCX0\" data-ccp-props=\"{&quot;335551550&quot;:2,&quot;335551620&quot;:2}\">\u00a0<\/span><\/span><\/p>\n"}},{"acf_fc_layout":"related_products","_acfe_flexible_toggle":"","tiles_3_columns_landing":{"module_options":{"":null,"module_id":"n6859578b6a037","module_class":"","module_background_type":"color","module_background_color":"","module_background_image":false,"module_background_video":"","activate_custom_padding":false,"padding_top_desktop":0,"padding_top_tablet":"","padding_top_mobile":"","padding_bottom_desktop":"","padding_bottom_tablet":"","padding_bottom_mobile":"","activate_custom_margin":false,"margin_top_desktop":"","margin_top_tablet":"","margin_top_mobile":"","margin_bottom_desktop":"","margin_bottom_tablet":"","margin_bottom_mobile":"","disable_on":[],"content_alignment_desktop":"left","content_alignment_tablet":"left","content_alignment_mobile":"left"},"intro_text":"Produits","intro_text_color":"","intro_link":{"type":"post","value":"10961","url":"https:\/\/natussensory.com\/fr\/produits\/","name":"Produits","title":"Voir tous les produits","target":""},"tiles":[{"label":"","label_background_color":"","image":{"ID":8878,"id":8878,"title":"Otoscan_linkspot","filename":"Otoscan_linkspot.jpg","filesize":69925,"url":"https:\/\/natussensory.com\/wp-content\/uploads\/Otoscan_linkspot.jpg","link":"https:\/\/natussensory.com\/fr\/produits\/aurical-otocam-300\/otoscan_linkspot-2\/","alt":"Otoscan","author":"4","description":"","caption":"","name":"otoscan_linkspot-2","status":"inherit","uploaded_to":9803,"date":"2023-09-30 20:35:50","modified":"2025-08-06 13:17:26","menu_order":0,"mime_type":"image\/jpeg","type":"image","subtype":"jpeg","icon":"https:\/\/natussensory.com\/wp-includes\/images\/media\/default.png","width":600,"height":300,"sizes":{"thumbnail":"https:\/\/natussensory.com\/wp-content\/uploads\/Otoscan_linkspot.jpg","thumbnail-width":128,"thumbnail-height":64,"medium":"https:\/\/natussensory.com\/wp-content\/uploads\/Otoscan_linkspot.jpg","medium-width":600,"medium-height":300,"medium_large":"https:\/\/natussensory.com\/wp-content\/uploads\/Otoscan_linkspot.jpg","medium_large-width":600,"medium_large-height":300,"large":"https:\/\/natussensory.com\/wp-content\/uploads\/Otoscan_linkspot.jpg","large-width":600,"large-height":300,"1536x1536":"https:\/\/natussensory.com\/wp-content\/uploads\/Otoscan_linkspot.jpg","1536x1536-width":600,"1536x1536-height":300,"2048x2048":"https:\/\/natussensory.com\/wp-content\/uploads\/Otoscan_linkspot.jpg","2048x2048-width":600,"2048x2048-height":300}},"title":"Solution de num\u00e9risation 3D de l'oreille pour des empreintes pr\u00e9cises, une r\u00e9duction des reprises et des flux de travail optimis\u00e9s dans les soins auditifs personnalis\u00e9s.  ","link":{"type":"post","value":"4942","url":"https:\/\/natussensory.com\/products\/otoscan\/","name":"Otoscan\u00ae \u2013 3D Ear Scanning Solution","title":"Otoscan<sup>\u00ae<\/sup>","target":""}}]}},{"acf_fc_layout":"left_image_right_content_single_cta","_acfe_flexible_layout_title":"Contacts us","_acfe_flexible_toggle":"","left_image_right_content_single_cta_landing":{"module_options":{"":null,"module_id":"n685a5d301dba3","module_class":"","module_background_type":"color","module_background_color":"","module_background_image":false,"module_background_video":"","activate_custom_padding":false,"padding_top_desktop":0,"padding_top_tablet":"","padding_top_mobile":"","padding_bottom_desktop":"","padding_bottom_tablet":"","padding_bottom_mobile":"","activate_custom_margin":false,"margin_top_desktop":"","margin_top_tablet":"","margin_top_mobile":"","margin_bottom_desktop":"","margin_bottom_tablet":"","margin_bottom_mobile":"","disable_on":[],"content_alignment_desktop":"left","content_alignment_tablet":"left","content_alignment_mobile":"left"},"image":{"ID":4238,"id":4238,"title":"Contact Us 800x450","filename":"Contact-Us-800x450-1.png","filesize":437541,"url":"https:\/\/natussensory.com\/wp-content\/uploads\/Contact-Us-800x450-1.png","link":"https:\/\/natussensory.com\/fr\/produits\/contact-us-800x450-2\/","alt":"Shaking Hands - Contact Us","author":"4","description":"","caption":"","name":"contact-us-800x450-2","status":"inherit","uploaded_to":10961,"date":"2023-09-14 17:35:31","modified":"2025-06-12 09:10:08","menu_order":0,"mime_type":"image\/png","type":"image","subtype":"png","icon":"https:\/\/natussensory.com\/wp-includes\/images\/media\/default.png","width":800,"height":450,"sizes":{"thumbnail":"https:\/\/natussensory.com\/wp-content\/uploads\/Contact-Us-800x450-1.png","thumbnail-width":128,"thumbnail-height":72,"medium":"https:\/\/natussensory.com\/wp-content\/uploads\/Contact-Us-800x450-1.png","medium-width":800,"medium-height":450,"medium_large":"https:\/\/natussensory.com\/wp-content\/uploads\/Contact-Us-800x450-1-768x432.png","medium_large-width":768,"medium_large-height":432,"large":"https:\/\/natussensory.com\/wp-content\/uploads\/Contact-Us-800x450-1.png","large-width":800,"large-height":450,"1536x1536":"https:\/\/natussensory.com\/wp-content\/uploads\/Contact-Us-800x450-1.png","1536x1536-width":800,"1536x1536-height":450,"2048x2048":"https:\/\/natussensory.com\/wp-content\/uploads\/Contact-Us-800x450-1.png","2048x2048-width":800,"2048x2048-height":450}},"label":"Demander un devis ","title":"Pr\u00eat \u00e0 faire la diff\u00e9rence dans les soins aux patients ? ","description":"<p><span class=\"TextRun SCXW228746516 BCX8\" data-contrast=\"auto\"><span class=\"NormalTextRun SCXW228746516 BCX8\">D\u00e9couvrez nos solutions leaders sur le march\u00e9 et comment nous pouvons vous aider \u00e0 renforcer vos capacit\u00e9s de soins.<\/span><\/span><span class=\"EOP SCXW228746516 BCX8\" data-ccp-props=\"{}\">\u00a0<\/span><\/p>\n","link":{"type":"post","value":"892","url":"https:\/\/natussensory.com\/contact-us\/","name":"Contact us","title":"Contactez-nous ","target":""}}}]},"_links":{"self":[{"href":"https:\/\/natussensory.com\/fr\/wp-json\/wp\/v2\/pages\/24500","targetHints":{"allow":["GET"]}}],"collection":[{"href":"https:\/\/natussensory.com\/fr\/wp-json\/wp\/v2\/pages"}],"about":[{"href":"https:\/\/natussensory.com\/fr\/wp-json\/wp\/v2\/types\/page"}],"author":[{"embeddable":true,"href":"https:\/\/natussensory.com\/fr\/wp-json\/wp\/v2\/users\/4"}],"replies":[{"embeddable":true,"href":"https:\/\/natussensory.com\/fr\/wp-json\/wp\/v2\/comments?post=24500"}],"version-history":[{"count":6,"href":"https:\/\/natussensory.com\/fr\/wp-json\/wp\/v2\/pages\/24500\/revisions"}],"predecessor-version":[{"id":25723,"href":"https:\/\/natussensory.com\/fr\/wp-json\/wp\/v2\/pages\/24500\/revisions\/25723"}],"up":[{"embeddable":true,"href":"https:\/\/natussensory.com\/fr\/wp-json\/wp\/v2\/pages\/10961"}],"wp:attachment":[{"href":"https:\/\/natussensory.com\/fr\/wp-json\/wp\/v2\/media?parent=24500"}],"wp:term":[{"taxonomy":"category","embeddable":true,"href":"https:\/\/natussensory.com\/fr\/wp-json\/wp\/v2\/categories?post=24500"},{"taxonomy":"post_tag","embeddable":true,"href":"https:\/\/natussensory.com\/fr\/wp-json\/wp\/v2\/tags?post=24500"}],"curies":[{"name":"wp","href":"https:\/\/api.w.org\/{rel}","templated":true}]}}