{"id":24428,"date":"2025-06-24T08:25:17","date_gmt":"2025-06-24T08:25:17","guid":{"rendered":"https:\/\/natussensory.com\/produits\/auditory-evoked-potentials\/"},"modified":"2025-10-31T13:39:33","modified_gmt":"2025-10-31T13:39:33","slug":"potentiels-evoques-auditifs","status":"publish","type":"page","link":"https:\/\/natussensory.com\/fr\/produits\/potentiels-evoques-auditifs\/","title":{"rendered":"Potentiels \u00c9voqu\u00e9s Auditifs"},"content":{"rendered":"","protected":false},"excerpt":{"rendered":"","protected":false},"author":4,"featured_media":0,"parent":10961,"menu_order":0,"comment_status":"closed","ping_status":"closed","template":"","meta":{"_acf_changed":false,"inline_featured_image":false,"footnotes":""},"categories":[282,291],"tags":[],"class_list":["post-24428","page","type-page","status-publish","hentry","category-evaluation-auditive","category-hearing-assessment-fr"],"acf":{"content_blocks":[{"acf_fc_layout":"spacer","_acfe_flexible_toggle":"","spacer":{"module_options":{"":null,"module_id":"n682c85f324428","module_class":"","module_background_type":"color","module_background_color":"#473089","module_background_image":false,"module_background_video":"","activate_custom_padding":false,"padding_top_desktop":0,"padding_top_tablet":"","padding_top_mobile":"","padding_bottom_desktop":"","padding_bottom_tablet":"","padding_bottom_mobile":"","activate_custom_margin":false,"margin_top_desktop":"","margin_top_tablet":"","margin_top_mobile":"","margin_bottom_desktop":"","margin_bottom_tablet":"","margin_bottom_mobile":"","disable_on":[],"content_alignment_desktop":"left","content_alignment_tablet":"left","content_alignment_mobile":"left"},"height":"160"}},{"acf_fc_layout":"simple_content","_acfe_flexible_toggle":"","content_full_width_landing":{"module_options":{"":null,"module_id":"n68481ff96f7b3","module_class":"","module_background_type":"color","module_background_color":"#d4e9f9","module_background_image":false,"module_background_video":"","activate_custom_padding":false,"padding_top_desktop":0,"padding_top_tablet":"","padding_top_mobile":"","padding_bottom_desktop":"","padding_bottom_tablet":"","padding_bottom_mobile":"","activate_custom_margin":false,"margin_top_desktop":"","margin_top_tablet":"","margin_top_mobile":"","margin_bottom_desktop":"","margin_bottom_tablet":"","margin_bottom_mobile":"","disable_on":[],"content_alignment_desktop":"left","content_alignment_tablet":"left","content_alignment_mobile":"left"},"activate_custom_container_width":false,"container_width":"","content":"<h1 style=\"text-align: center;\"><span class=\"TextRun SCXW158086197 BCX0\" lang=\"EN-US\" xml:lang=\"EN-US\" data-contrast=\"auto\"><span class=\"NormalTextRun SpellingErrorV2Themed SCXW158086197 BCX0\">Potentiels<\/span> <span class=\"NormalTextRun SpellingErrorV2Themed SCXW158086197 BCX0\">\u00c9voqu\u00e9s<\/span> <span class=\"NormalTextRun SpellingErrorV2Themed SCXW158086197 BCX0\">Auditifs<\/span><\/span><span class=\"EOP SCXW158086197 BCX0\" data-ccp-props=\"{&quot;335551550&quot;:2,&quot;335551620&quot;:2}\">\u00a0<\/span><\/h1>\n<p style=\"text-align: center;\"><span style=\"font-size: 18px;\"><span class=\"TextRun SCXW100630195 BCX0\" lang=\"EN-US\" xml:lang=\"EN-US\" data-contrast=\"auto\"><span class=\"NormalTextRun SpellingErrorV2Themed SCXW100630195 BCX0\">Syst\u00e8mes<\/span><span class=\"NormalTextRun SCXW100630195 BCX0\"> de <\/span><span class=\"NormalTextRun SpellingErrorV2Themed SCXW100630195 BCX0\">Potentiels<\/span> <span class=\"NormalTextRun SpellingErrorV2Themed SCXW100630195 BCX0\">\u00c9voqu\u00e9s<\/span> <span class=\"NormalTextRun SpellingErrorV2Themed SCXW100630195 BCX0\">Auditifs<\/span><span class=\"NormalTextRun SCXW100630195 BCX0\"> (PEA) <\/span><span class=\"NormalTextRun SpellingErrorV2Themed SCXW100630195 BCX0\">fiables<\/span><span class=\"NormalTextRun SCXW100630195 BCX0\"> et <\/span><span class=\"NormalTextRun SpellingErrorV2Themed SCXW100630195 BCX0\">efficaces<\/span><span class=\"NormalTextRun SCXW100630195 BCX0\"> pour <\/span><span class=\"NormalTextRun SpellingErrorV2Themed SCXW100630195 BCX0\">une<\/span> <span class=\"NormalTextRun SpellingErrorV2Themed SCXW100630195 BCX0\">\u00e9valuation<\/span><span class=\"NormalTextRun SCXW100630195 BCX0\"> objective de <\/span><span class=\"NormalTextRun SpellingErrorV2Themed SCXW100630195 BCX0\">l\u2019audition<\/span><span class=\"NormalTextRun SCXW100630195 BCX0\"> chez <\/span><span class=\"NormalTextRun SpellingErrorV2Themed SCXW100630195 BCX0\">tous<\/span> <span class=\"NormalTextRun ContextualSpellingAndGrammarErrorV2Themed SCXW100630195 BCX0\">les<\/span> <span class=\"NormalTextRun ContextualSpellingAndGrammarErrorV2Themed SCXW100630195 BCX0\">types<\/span><span class=\"NormalTextRun SCXW100630195 BCX0\"> de patients. <\/span><span class=\"NormalTextRun SpellingErrorV2Themed SCXW100630195 BCX0\">Con\u00e7us<\/span><span class=\"NormalTextRun SCXW100630195 BCX0\"> pour aider les <\/span><span class=\"NormalTextRun SpellingErrorV2Themed SCXW100630195 BCX0\">cliniciens<\/span><span class=\"NormalTextRun SCXW100630195 BCX0\"> \u00e0 poser des diagnostics pr\u00e9cis <\/span><span class=\"NormalTextRun SpellingErrorV2Themed SCXW100630195 BCX0\">en<\/span><span class=\"NormalTextRun SCXW100630195 BCX0\"> toute <\/span><span class=\"NormalTextRun SpellingErrorV2Themed SCXW100630195 BCX0\">confiance<\/span><span class=\"NormalTextRun SCXW100630195 BCX0\"> et \u00e0 <\/span><span class=\"NormalTextRun SpellingErrorV2Themed SCXW100630195 BCX0\">optimiser<\/span><span class=\"NormalTextRun SCXW100630195 BCX0\"> les flux de travail <\/span><span class=\"NormalTextRun SpellingErrorV2Themed SCXW100630195 BCX0\">cliniques<\/span> <span class=\"NormalTextRun SpellingErrorV2Themed SCXW100630195 BCX0\">en<\/span> <span class=\"NormalTextRun SpellingErrorV2Themed SCXW100630195 BCX0\">audiologie<\/span><span class=\"NormalTextRun SCXW100630195 BCX0\"> et <\/span><span class=\"NormalTextRun SpellingErrorV2Themed SCXW100630195 BCX0\">en<\/span><span class=\"NormalTextRun SCXW100630195 BCX0\"> ORL.<\/span><\/span><span class=\"EOP SCXW100630195 BCX0\" data-ccp-props=\"{&quot;134233117&quot;:false,&quot;134233118&quot;:false,&quot;335551550&quot;:2,&quot;335551620&quot;:2,&quot;335559738&quot;:240,&quot;335559739&quot;:240}\">\u00a0<\/span><\/span><\/p>\n"}},{"acf_fc_layout":"related_products","_acfe_flexible_toggle":"","tiles_3_columns_landing":{"module_options":{"":null,"module_id":"n685a60eeb2eba","module_class":"","module_background_type":"color","module_background_color":"","module_background_image":false,"module_background_video":"","activate_custom_padding":false,"padding_top_desktop":0,"padding_top_tablet":"","padding_top_mobile":"","padding_bottom_desktop":"","padding_bottom_tablet":"","padding_bottom_mobile":"","activate_custom_margin":false,"margin_top_desktop":"","margin_top_tablet":"","margin_top_mobile":"","margin_bottom_desktop":"","margin_bottom_tablet":"","margin_bottom_mobile":"","disable_on":[],"content_alignment_desktop":"left","content_alignment_tablet":"left","content_alignment_mobile":"left"},"intro_text":"Produits","intro_text_color":"","intro_link":{"type":"post","value":"1518","url":"https:\/\/natussensory.com\/products\/","name":"Products","title":" Voir tous les produits","target":""},"tiles":[{"label":"","label_background_color":"","image":{"ID":7991,"id":7991,"title":"NavPro-One_linkspot","filename":"NavPro-One_linkspot.jpg","filesize":35805,"url":"https:\/\/natussensory.com\/wp-content\/uploads\/NavPro-One_linkspot.jpg","link":"https:\/\/natussensory.com\/fr\/produits\/navpro-one\/navpro-one_linkspot-2\/","alt":"NavPro-One","author":"4","description":"","caption":"","name":"navpro-one_linkspot-2","status":"inherit","uploaded_to":9401,"date":"2023-09-27 21:33:57","modified":"2025-08-06 13:43:31","menu_order":0,"mime_type":"image\/jpeg","type":"image","subtype":"jpeg","icon":"https:\/\/natussensory.com\/wp-includes\/images\/media\/default.png","width":600,"height":300,"sizes":{"thumbnail":"https:\/\/natussensory.com\/wp-content\/uploads\/NavPro-One_linkspot.jpg","thumbnail-width":128,"thumbnail-height":64,"medium":"https:\/\/natussensory.com\/wp-content\/uploads\/NavPro-One_linkspot.jpg","medium-width":600,"medium-height":300,"medium_large":"https:\/\/natussensory.com\/wp-content\/uploads\/NavPro-One_linkspot.jpg","medium_large-width":600,"medium_large-height":300,"large":"https:\/\/natussensory.com\/wp-content\/uploads\/NavPro-One_linkspot.jpg","large-width":600,"large-height":300,"1536x1536":"https:\/\/natussensory.com\/wp-content\/uploads\/NavPro-One_linkspot.jpg","1536x1536-width":600,"1536x1536-height":300,"2048x2048":"https:\/\/natussensory.com\/wp-content\/uploads\/NavPro-One_linkspot.jpg","2048x2048-width":600,"2048x2048-height":300}},"title":"Syst\u00e8me PEA portable offrant des tests PEA, ASSR et EcochG fiables, avec un fonctionnement simplifi\u00e9, sans PC. ","link":{"type":"post","value":"2949","url":"https:\/\/natussensory.com\/products\/navpro-one\/","name":"Bio-logic\u00ae NavPRO ONE\u00ae &#8211; Auditory Potential Device","title":"Bio-logic<sup>\u00ae<\/sup> NavPRO ONE<sup>\u00ae<\/sup>","target":""}}]}},{"acf_fc_layout":"left_image_right_content_single_cta","_acfe_flexible_layout_title":"Contacts us","_acfe_flexible_toggle":"","left_image_right_content_single_cta_landing":{"module_options":{"":null,"module_id":"n685a5d301dba3","module_class":"","module_background_type":"color","module_background_color":"","module_background_image":false,"module_background_video":"","activate_custom_padding":false,"padding_top_desktop":0,"padding_top_tablet":"","padding_top_mobile":"","padding_bottom_desktop":"","padding_bottom_tablet":"","padding_bottom_mobile":"","activate_custom_margin":false,"margin_top_desktop":"","margin_top_tablet":"","margin_top_mobile":"","margin_bottom_desktop":"","margin_bottom_tablet":"","margin_bottom_mobile":"","disable_on":[],"content_alignment_desktop":"left","content_alignment_tablet":"left","content_alignment_mobile":"left"},"image":{"ID":4238,"id":4238,"title":"Contact Us 800x450","filename":"Contact-Us-800x450-1.png","filesize":437541,"url":"https:\/\/natussensory.com\/wp-content\/uploads\/Contact-Us-800x450-1.png","link":"https:\/\/natussensory.com\/fr\/produits\/contact-us-800x450-2\/","alt":"Shaking Hands - Contact Us","author":"4","description":"","caption":"","name":"contact-us-800x450-2","status":"inherit","uploaded_to":10961,"date":"2023-09-14 17:35:31","modified":"2025-06-12 09:10:08","menu_order":0,"mime_type":"image\/png","type":"image","subtype":"png","icon":"https:\/\/natussensory.com\/wp-includes\/images\/media\/default.png","width":800,"height":450,"sizes":{"thumbnail":"https:\/\/natussensory.com\/wp-content\/uploads\/Contact-Us-800x450-1.png","thumbnail-width":128,"thumbnail-height":72,"medium":"https:\/\/natussensory.com\/wp-content\/uploads\/Contact-Us-800x450-1.png","medium-width":800,"medium-height":450,"medium_large":"https:\/\/natussensory.com\/wp-content\/uploads\/Contact-Us-800x450-1-768x432.png","medium_large-width":768,"medium_large-height":432,"large":"https:\/\/natussensory.com\/wp-content\/uploads\/Contact-Us-800x450-1.png","large-width":800,"large-height":450,"1536x1536":"https:\/\/natussensory.com\/wp-content\/uploads\/Contact-Us-800x450-1.png","1536x1536-width":800,"1536x1536-height":450,"2048x2048":"https:\/\/natussensory.com\/wp-content\/uploads\/Contact-Us-800x450-1.png","2048x2048-width":800,"2048x2048-height":450}},"label":"Demander un devis","title":"Pr\u00eat \u00e0 faire la diff\u00e9rence dans les soins aux patients ? ","description":"<p><span class=\"TextRun SCXW250535836 BCX8\" data-contrast=\"auto\"><span class=\"NormalTextRun SCXW250535836 BCX8\">D\u00e9couvrez nos solutions leaders sur le march\u00e9 et comment nous pouvons vous aider \u00e0 renforcer vos capacit\u00e9s de soins.<\/span><\/span><\/p>\n","link":{"type":"post","value":"892","url":"https:\/\/natussensory.com\/contact-us\/","name":"Contact us","title":"Contactez-nous","target":""}}}]},"_links":{"self":[{"href":"https:\/\/natussensory.com\/fr\/wp-json\/wp\/v2\/pages\/24428","targetHints":{"allow":["GET"]}}],"collection":[{"href":"https:\/\/natussensory.com\/fr\/wp-json\/wp\/v2\/pages"}],"about":[{"href":"https:\/\/natussensory.com\/fr\/wp-json\/wp\/v2\/types\/page"}],"author":[{"embeddable":true,"href":"https:\/\/natussensory.com\/fr\/wp-json\/wp\/v2\/users\/4"}],"replies":[{"embeddable":true,"href":"https:\/\/natussensory.com\/fr\/wp-json\/wp\/v2\/comments?post=24428"}],"version-history":[{"count":7,"href":"https:\/\/natussensory.com\/fr\/wp-json\/wp\/v2\/pages\/24428\/revisions"}],"predecessor-version":[{"id":25680,"href":"https:\/\/natussensory.com\/fr\/wp-json\/wp\/v2\/pages\/24428\/revisions\/25680"}],"up":[{"embeddable":true,"href":"https:\/\/natussensory.com\/fr\/wp-json\/wp\/v2\/pages\/10961"}],"wp:attachment":[{"href":"https:\/\/natussensory.com\/fr\/wp-json\/wp\/v2\/media?parent=24428"}],"wp:term":[{"taxonomy":"category","embeddable":true,"href":"https:\/\/natussensory.com\/fr\/wp-json\/wp\/v2\/categories?post=24428"},{"taxonomy":"post_tag","embeddable":true,"href":"https:\/\/natussensory.com\/fr\/wp-json\/wp\/v2\/tags?post=24428"}],"curies":[{"name":"wp","href":"https:\/\/api.w.org\/{rel}","templated":true}]}}