{"id":24326,"date":"2025-05-20T13:37:36","date_gmt":"2025-05-20T13:37:36","guid":{"rendered":"https:\/\/natussensory.com\/produits\/audiometers\/"},"modified":"2025-10-23T11:15:04","modified_gmt":"2025-10-23T11:15:04","slug":"audiometre","status":"publish","type":"page","link":"https:\/\/natussensory.com\/fr\/produits\/audiometre\/","title":{"rendered":"Audiom\u00e8tre"},"content":{"rendered":"","protected":false},"excerpt":{"rendered":"","protected":false},"author":4,"featured_media":0,"parent":10961,"menu_order":0,"comment_status":"closed","ping_status":"closed","template":"","meta":{"_acf_changed":false,"inline_featured_image":false,"footnotes":""},"categories":[282,291],"tags":[],"class_list":["post-24326","page","type-page","status-publish","hentry","category-evaluation-auditive","category-hearing-assessment-fr"],"acf":{"content_blocks":[{"acf_fc_layout":"spacer","_acfe_flexible_toggle":"","spacer":{"module_options":{"":null,"module_id":"n682c85f324428","module_class":"","module_background_type":"color","module_background_color":"#473089","module_background_image":false,"module_background_video":"","activate_custom_padding":false,"padding_top_desktop":0,"padding_top_tablet":"","padding_top_mobile":"","padding_bottom_desktop":"","padding_bottom_tablet":"","padding_bottom_mobile":"","activate_custom_margin":false,"margin_top_desktop":"","margin_top_tablet":"","margin_top_mobile":"","margin_bottom_desktop":"","margin_bottom_tablet":"","margin_bottom_mobile":"","disable_on":[],"content_alignment_desktop":"left","content_alignment_tablet":"left","content_alignment_mobile":"left"},"height":"160"}},{"acf_fc_layout":"simple_content","_acfe_flexible_toggle":"","content_full_width_landing":{"module_options":{"":null,"module_id":"n68481ff96f7b3","module_class":"","module_background_type":"color","module_background_color":"#d4e9f9","module_background_image":"https:\/\/natussensory.com\/wp-content\/uploads\/Homepage-banner.jpg","module_background_video":"","activate_custom_padding":false,"padding_top_desktop":0,"padding_top_tablet":"","padding_top_mobile":"","padding_bottom_desktop":"","padding_bottom_tablet":"","padding_bottom_mobile":"","activate_custom_margin":false,"margin_top_desktop":"","margin_top_tablet":"","margin_top_mobile":"","margin_bottom_desktop":"","margin_bottom_tablet":"","margin_bottom_mobile":"","disable_on":[],"content_alignment_desktop":"left","content_alignment_tablet":"left","content_alignment_mobile":"left"},"activate_custom_container_width":false,"container_width":"","content":"<h1 style=\"text-align: center;\"><span class=\"TextRun SCXW65339893 BCX0\" lang=\"EN-US\" xml:lang=\"EN-US\" data-contrast=\"auto\"><span class=\"NormalTextRun SpellingErrorV2Themed SCXW65339893 BCX0\" data-ccp-parastyle=\"No Spacing\">Audiom\u00e8tre<\/span><\/span><span class=\"EOP SCXW65339893 BCX0\" data-ccp-props=\"{&quot;335551550&quot;:2,&quot;335551620&quot;:2,&quot;335559739&quot;:0}\">\u00a0<\/span><\/h1>\n<p style=\"text-align: center;\"><span class=\"TextRun SCXW129034134 BCX0\" lang=\"FR-FR\" xml:lang=\"FR-FR\" data-contrast=\"auto\"><span class=\"NormalTextRun SCXW129034134 BCX0\">D\u00e9couvrez<\/span> <span class=\"NormalTextRun SCXW129034134 BCX0\">notre<\/span> <span class=\"NormalTextRun SCXW129034134 BCX0\">gamme<\/span> <span class=\"NormalTextRun SCXW129034134 BCX0\">d\u2019audiom\u00e8tres<\/span><span class=\"NormalTextRun SCXW129034134 BCX0\"> pour <\/span><span class=\"NormalTextRun SCXW129034134 BCX0\">chaque<\/span><span class=\"NormalTextRun SCXW129034134 BCX0\"> \u00e9tape du <\/span><span class=\"NormalTextRun SCXW129034134 BCX0\">parcours<\/span> <span class=\"NormalTextRun SCXW129034134 BCX0\">auditif<\/span><span class=\"NormalTextRun SCXW129034134 BCX0\"> \u2013 <\/span><span class=\"NormalTextRun SCXW129034134 BCX0\">d\u00e9pistage<\/span><span class=\"NormalTextRun SCXW129034134 BCX0\">, diagnostic et <\/span><span class=\"NormalTextRun SCXW129034134 BCX0\">r\u00e9glage<\/span><span class=\"NormalTextRun SCXW129034134 BCX0\"> des aides <\/span><span class=\"NormalTextRun SCXW129034134 BCX0\">auditives<\/span><span class=\"NormalTextRun SCXW129034134 BCX0\">. Notre <\/span><span class=\"NormalTextRun SCXW129034134 BCX0\">portefeuille<\/span> <span class=\"NormalTextRun SCXW129034134 BCX0\">comprend<\/span><span class=\"NormalTextRun SCXW129034134 BCX0\"> des <\/span><span class=\"NormalTextRun SCXW129034134 BCX0\">mod\u00e8les<\/span><span class=\"NormalTextRun SCXW129034134 BCX0\"> portables et <\/span><span class=\"NormalTextRun SCXW129034134 BCX0\">assist\u00e9s<\/span><span class=\"NormalTextRun SCXW129034134 BCX0\"> par <\/span><span class=\"NormalTextRun SCXW129034134 BCX0\">ordinateur<\/span><span class=\"NormalTextRun SCXW129034134 BCX0\">, avec des <\/span><span class=\"NormalTextRun SCXW129034134 BCX0\">fonctionnalit\u00e9s<\/span> <span class=\"NormalTextRun SCXW129034134 BCX0\">telles<\/span><span class=\"NormalTextRun SCXW129034134 BCX0\"> que <\/span><span class=\"NormalTextRun SCXW129034134 BCX0\">l\u2019audiom\u00e9trie<\/span> <span class=\"NormalTextRun SCXW129034134 BCX0\">vocale<\/span><span class=\"NormalTextRun SCXW129034134 BCX0\">, la conduction <\/span><span class=\"NormalTextRun SCXW129034134 BCX0\">osseuse<\/span><span class=\"NormalTextRun SCXW129034134 BCX0\"> et les tests des <\/span><span class=\"NormalTextRun SCXW129034134 BCX0\">acouph\u00e8nes<\/span><span class=\"NormalTextRun SCXW129034134 BCX0\">. <\/span><span class=\"NormalTextRun SCXW129034134 BCX0\">Con\u00e7us<\/span><span class=\"NormalTextRun SCXW129034134 BCX0\"> pour <\/span><span class=\"NormalTextRun SCXW129034134 BCX0\">une<\/span> <span class=\"NormalTextRun SCXW129034134 BCX0\">efficacit\u00e9<\/span> <span class=\"NormalTextRun SCXW129034134 BCX0\">clinique<\/span> <span class=\"NormalTextRun SCXW129034134 BCX0\">optimale<\/span><span class=\"NormalTextRun SCXW129034134 BCX0\">, <\/span><span class=\"NormalTextRun SCXW129034134 BCX0\">tous<\/span><span class=\"NormalTextRun SCXW129034134 BCX0\"> les <\/span><span class=\"NormalTextRun SCXW129034134 BCX0\">syst\u00e8mes<\/span> <span class=\"NormalTextRun SCXW129034134 BCX0\">s\u2019int\u00e8grent<\/span><span class=\"NormalTextRun SCXW129034134 BCX0\"> \u00e0 <\/span><span class=\"NormalTextRun SpellingErrorV2Themed SCXW129034134 BCX0\">Otosuite<\/span><span class=\"NormalTextRun SCXW129034134 BCX0\">, Noah et aux DME (EMR) pour <\/span><span class=\"NormalTextRun SCXW129034134 BCX0\">une<\/span><span class=\"NormalTextRun SCXW129034134 BCX0\"> gestion <\/span><span class=\"NormalTextRun SCXW129034134 BCX0\">simplifi\u00e9e<\/span><span class=\"NormalTextRun SCXW129034134 BCX0\"> des donn\u00e9es.<\/span><\/span><span class=\"EOP SCXW129034134 BCX0\" data-ccp-props=\"{&quot;134233117&quot;:false,&quot;134233118&quot;:false,&quot;335551550&quot;:2,&quot;335551620&quot;:2,&quot;335559738&quot;:240,&quot;335559739&quot;:240}\">\u00a0<\/span><\/p>\n"}},{"acf_fc_layout":"related_products","_acfe_flexible_toggle":"","tiles_3_columns_landing":{"module_options":{"":null,"module_id":"n682c87cfb8053","module_class":"","module_background_type":"color","module_background_color":"","module_background_image":false,"module_background_video":"","activate_custom_padding":false,"padding_top_desktop":0,"padding_top_tablet":"","padding_top_mobile":"","padding_bottom_desktop":"","padding_bottom_tablet":"","padding_bottom_mobile":"","activate_custom_margin":false,"margin_top_desktop":"","margin_top_tablet":"","margin_top_mobile":"","margin_bottom_desktop":"","margin_bottom_tablet":"","margin_bottom_mobile":"","disable_on":[],"content_alignment_desktop":"left","content_alignment_tablet":"left","content_alignment_mobile":"left"},"intro_text":"Produits ","intro_text_color":"","intro_link":{"type":"post","value":"10961","url":"https:\/\/natussensory.com\/fr\/produits\/","name":"Produits","title":"Voir tous les produits ","target":""},"tiles":[{"label":"","label_background_color":"#d4e9f9","image":{"ID":7757,"id":7757,"title":"Astera2_linkspot","filename":"Astera2_linkspot.jpg","filesize":101402,"url":"https:\/\/natussensory.com\/wp-content\/uploads\/Astera2_linkspot.jpg","link":"https:\/\/natussensory.com\/fr\/produits\/aurical-aud\/astera2_linkspot-2\/","alt":"Astera2","author":"4","description":"","caption":"","name":"astera2_linkspot-2","status":"inherit","uploaded_to":9219,"date":"2023-09-27 13:42:29","modified":"2025-08-06 13:49:40","menu_order":0,"mime_type":"image\/jpeg","type":"image","subtype":"jpeg","icon":"https:\/\/natussensory.com\/wp-includes\/images\/media\/default.png","width":600,"height":300,"sizes":{"thumbnail":"https:\/\/natussensory.com\/wp-content\/uploads\/Astera2_linkspot.jpg","thumbnail-width":128,"thumbnail-height":64,"medium":"https:\/\/natussensory.com\/wp-content\/uploads\/Astera2_linkspot.jpg","medium-width":600,"medium-height":300,"medium_large":"https:\/\/natussensory.com\/wp-content\/uploads\/Astera2_linkspot.jpg","medium_large-width":600,"medium_large-height":300,"large":"https:\/\/natussensory.com\/wp-content\/uploads\/Astera2_linkspot.jpg","large-width":600,"large-height":300,"1536x1536":"https:\/\/natussensory.com\/wp-content\/uploads\/Astera2_linkspot.jpg","1536x1536-width":600,"1536x1536-height":300,"2048x2048":"https:\/\/natussensory.com\/wp-content\/uploads\/Astera2_linkspot.jpg","2048x2048-width":600,"2048x2048-height":300}},"title":"Audiom\u00e8tre clinique 2 canaux avec tests psychoacoustiques avanc\u00e9s, modules p\u00e9diatriques\/acouph\u00e8nes et int\u00e9gration compl\u00e8te aux DME\/Otosuite<sup>\u00ae<\/sup>.","link":{"type":"post","value":"2258","url":"https:\/\/natussensory.com\/products\/madsen-astera2\/","name":"Madsen\u00aeAstera<sup>2<\/sup> &#8211; Clinical Audiometer","title":"Madsen<sup>\u00ae<\/sup> Astera\u00b2","target":""}},{"label":"","label_background_color":"#d4e9f9","image":{"ID":7668,"id":7668,"title":"Aurical-Aud_linkspot","filename":"Aurical-Aud_linkspot.jpg","filesize":60761,"url":"https:\/\/natussensory.com\/wp-content\/uploads\/Aurical-Aud_linkspot.jpg","link":"https:\/\/natussensory.com\/fr\/produits\/madsen-astera2\/aurical-aud_linkspot-2\/","alt":"Aurical-Aud","author":"4","description":"","caption":"","name":"aurical-aud_linkspot-2","status":"inherit","uploaded_to":9206,"date":"2023-09-27 12:14:30","modified":"2025-08-06 13:31:20","menu_order":0,"mime_type":"image\/jpeg","type":"image","subtype":"jpeg","icon":"https:\/\/natussensory.com\/wp-includes\/images\/media\/default.png","width":600,"height":300,"sizes":{"thumbnail":"https:\/\/natussensory.com\/wp-content\/uploads\/Aurical-Aud_linkspot.jpg","thumbnail-width":128,"thumbnail-height":64,"medium":"https:\/\/natussensory.com\/wp-content\/uploads\/Aurical-Aud_linkspot.jpg","medium-width":600,"medium-height":300,"medium_large":"https:\/\/natussensory.com\/wp-content\/uploads\/Aurical-Aud_linkspot.jpg","medium_large-width":600,"medium_large-height":300,"large":"https:\/\/natussensory.com\/wp-content\/uploads\/Aurical-Aud_linkspot.jpg","large-width":600,"large-height":300,"1536x1536":"https:\/\/natussensory.com\/wp-content\/uploads\/Aurical-Aud_linkspot.jpg","1536x1536-width":600,"1536x1536-height":300,"2048x2048":"https:\/\/natussensory.com\/wp-content\/uploads\/Aurical-Aud_linkspot.jpg","2048x2048-width":600,"2048x2048-height":300}},"title":"Audiom\u00e8tre de r\u00e9glage compact avec outils de conseil int\u00e9gr\u00e9s, calibration RoomTune et compatibilit\u00e9 fluide avec Noah, Otosuite<sup>\u00ae<\/sup> et les DME. ","link":{"type":"post","value":"2872","url":"https:\/\/natussensory.com\/products\/aurical-aud\/","name":"Aurical\u00ae Aud &#8211; Hearing Aid Fitting Audiometer","title":"Aurical<sup>\u00ae<\/sup> Aud","target":""}},{"label":"","label_background_color":"#d4e9f9","image":{"ID":7762,"id":7762,"title":"Madsen-A450_linkspot","filename":"Madsen-A450_linkspot.jpg","filesize":25381,"url":"https:\/\/natussensory.com\/wp-content\/uploads\/Madsen-A450_linkspot.jpg","link":"https:\/\/natussensory.com\/fr\/produits\/aurical-aud\/madsen-a450_linkspot-2\/","alt":"Madsen-A450","author":"4","description":"","caption":"","name":"madsen-a450_linkspot-2","status":"inherit","uploaded_to":9219,"date":"2023-09-27 13:43:28","modified":"2025-08-06 13:47:30","menu_order":0,"mime_type":"image\/jpeg","type":"image","subtype":"jpeg","icon":"https:\/\/natussensory.com\/wp-includes\/images\/media\/default.png","width":600,"height":300,"sizes":{"thumbnail":"https:\/\/natussensory.com\/wp-content\/uploads\/Madsen-A450_linkspot.jpg","thumbnail-width":128,"thumbnail-height":64,"medium":"https:\/\/natussensory.com\/wp-content\/uploads\/Madsen-A450_linkspot.jpg","medium-width":600,"medium-height":300,"medium_large":"https:\/\/natussensory.com\/wp-content\/uploads\/Madsen-A450_linkspot.jpg","medium_large-width":600,"medium_large-height":300,"large":"https:\/\/natussensory.com\/wp-content\/uploads\/Madsen-A450_linkspot.jpg","large-width":600,"large-height":300,"1536x1536":"https:\/\/natussensory.com\/wp-content\/uploads\/Madsen-A450_linkspot.jpg","1536x1536-width":600,"1536x1536-height":300,"2048x2048":"https:\/\/natussensory.com\/wp-content\/uploads\/Madsen-A450_linkspot.jpg","2048x2048-width":600,"2048x2048-height":300}},"title":"Audiom\u00e8tre informatis\u00e9 polyvalent avec outils de conseil, Masking Assistant\u2122 et rapports personnalis\u00e9s via Otosuite<sup>\u00ae<\/sup> pour une efficacit\u00e9 clinique optimis\u00e9e. ","link":{"type":"post","value":"2290","url":"https:\/\/natussensory.com\/products\/madsen-a450\/","name":"Madsen\u00ae A450 PC-based Audiometer","title":"Madsen<sup>\u00ae<\/sup> A450","target":""}},{"label":"","label_background_color":"#d4e9f9","image":{"ID":7948,"id":7948,"title":"Oscilla_linkspot","filename":"Oscilla_linkspot.jpg","filesize":50521,"url":"https:\/\/natussensory.com\/wp-content\/uploads\/Oscilla_linkspot.jpg","link":"https:\/\/natussensory.com\/fr\/produits\/madsen-capella2\/oscilla_linkspot-2\/","alt":"Oscilla","author":"4","description":"","caption":"","name":"oscilla_linkspot-2","status":"inherit","uploaded_to":9274,"date":"2023-09-27 20:46:14","modified":"2025-08-06 14:00:38","menu_order":0,"mime_type":"image\/jpeg","type":"image","subtype":"jpeg","icon":"https:\/\/natussensory.com\/wp-includes\/images\/media\/default.png","width":600,"height":300,"sizes":{"thumbnail":"https:\/\/natussensory.com\/wp-content\/uploads\/Oscilla_linkspot.jpg","thumbnail-width":128,"thumbnail-height":64,"medium":"https:\/\/natussensory.com\/wp-content\/uploads\/Oscilla_linkspot.jpg","medium-width":600,"medium-height":300,"medium_large":"https:\/\/natussensory.com\/wp-content\/uploads\/Oscilla_linkspot.jpg","medium_large-width":600,"medium_large-height":300,"large":"https:\/\/natussensory.com\/wp-content\/uploads\/Oscilla_linkspot.jpg","large-width":600,"large-height":300,"1536x1536":"https:\/\/natussensory.com\/wp-content\/uploads\/Oscilla_linkspot.jpg","1536x1536-width":600,"1536x1536-height":300,"2048x2048":"https:\/\/natussensory.com\/wp-content\/uploads\/Oscilla_linkspot.jpg","2048x2048-width":600,"2048x2048-height":300}},"title":"Audiom\u00e8tre ultra-portable aliment\u00e9 par USB pour le d\u00e9pistage auditif mobile, les tests vocaux et la validation de la protection auditive en milieu professionnel. ","link":{"type":"post","value":"2891","url":"https:\/\/natussensory.com\/products\/oscilla\/","name":"Oscilla\u00ae &#8211; Mobile Hearing Screening","title":"Oscilla<sup>\u00ae<\/sup>","target":""}}]}},{"acf_fc_layout":"related_products","_acfe_flexible_toggle":"","tiles_3_columns_landing":{"module_options":{"":null,"module_id":"n68496d44383e3","module_class":"","module_background_type":"color","module_background_color":"","module_background_image":false,"module_background_video":"","activate_custom_padding":false,"padding_top_desktop":0,"padding_top_tablet":"","padding_top_mobile":"","padding_bottom_desktop":"","padding_bottom_tablet":"","padding_bottom_mobile":"","activate_custom_margin":false,"margin_top_desktop":"","margin_top_tablet":"","margin_top_mobile":"","margin_bottom_desktop":"","margin_bottom_tablet":"","margin_bottom_mobile":"","disable_on":[],"content_alignment_desktop":"left","content_alignment_tablet":"left","content_alignment_mobile":"left"},"intro_text":"Aper\u00e7us connexes \u2013 Plus de 50 ans d'expertise et d'exp\u00e9rience","intro_text_color":"","intro_link":{"type":"post","value":"1527","url":"https:\/\/natussensory.com\/insights\/","name":"Insights","title":"Voir tous les articles de fond","target":""},"tiles":[{"label":"","label_background_color":"","image":{"ID":15505,"id":15505,"title":"Tinnitus-toolbox_insights-category","filename":"Tinnitus-toolbox_insights-category.png","filesize":54104,"url":"https:\/\/natussensory.com\/wp-content\/uploads\/Tinnitus-toolbox_insights-category.png","link":"https:\/\/natussensory.com\/fr\/insights\/tinnitus\/tinnitus-toolbox_insights-category-2\/","alt":"Illustration of a clinical tinnitus toolbox with audiology instruments and patient care symbols.","author":"4","description":"","caption":"","name":"tinnitus-toolbox_insights-category-2","status":"inherit","uploaded_to":16759,"date":"2023-10-16 13:19:44","modified":"2025-05-22 08:50:49","menu_order":0,"mime_type":"image\/png","type":"image","subtype":"png","icon":"https:\/\/natussensory.com\/wp-includes\/images\/media\/default.png","width":500,"height":400,"sizes":{"thumbnail":"https:\/\/natussensory.com\/wp-content\/uploads\/Tinnitus-toolbox_insights-category.png","thumbnail-width":120,"thumbnail-height":96,"medium":"https:\/\/natussensory.com\/wp-content\/uploads\/Tinnitus-toolbox_insights-category.png","medium-width":500,"medium-height":400,"medium_large":"https:\/\/natussensory.com\/wp-content\/uploads\/Tinnitus-toolbox_insights-category.png","medium_large-width":500,"medium_large-height":400,"large":"https:\/\/natussensory.com\/wp-content\/uploads\/Tinnitus-toolbox_insights-category.png","large-width":500,"large-height":400,"1536x1536":"https:\/\/natussensory.com\/wp-content\/uploads\/Tinnitus-toolbox_insights-category.png","1536x1536-width":500,"1536x1536-height":400,"2048x2048":"https:\/\/natussensory.com\/wp-content\/uploads\/Tinnitus-toolbox_insights-category.png","2048x2048-width":500,"2048x2048-height":400}},"title":"La Bo\u00eete \u00e0 outil sp\u00e9cial Acouph\u00e8nes","link":{"type":"post","value":"15501","url":"https:\/\/natussensory.com\/insights\/the-tinnitus-toolbox\/","name":"The Tinnitus Toolbox","title":"En savoir plus","target":""}},{"label":"","label_background_color":"","image":{"ID":15331,"id":15331,"title":"10-ways_insights-category","filename":"10-ways_insights-category.jpg","filesize":134584,"url":"https:\/\/natussensory.com\/wp-content\/uploads\/10-ways_insights-category.jpg","link":"https:\/\/natussensory.com\/fr\/insights\/dix-idees-marketing-pour-attirer-et-fideliser-vos-patients-en-audiologie\/10-ways_insights-category-2\/","alt":"Smiling man in a professional setting, representing satisfied audiology patient after successful hearing care treatment.","author":"4","description":"","caption":"","name":"10-ways_insights-category-2","status":"inherit","uploaded_to":16709,"date":"2023-10-13 13:51:59","modified":"2025-05-22 10:19:35","menu_order":0,"mime_type":"image\/jpeg","type":"image","subtype":"jpeg","icon":"https:\/\/natussensory.com\/wp-includes\/images\/media\/default.png","width":500,"height":400,"sizes":{"thumbnail":"https:\/\/natussensory.com\/wp-content\/uploads\/10-ways_insights-category.jpg","thumbnail-width":120,"thumbnail-height":96,"medium":"https:\/\/natussensory.com\/wp-content\/uploads\/10-ways_insights-category.jpg","medium-width":500,"medium-height":400,"medium_large":"https:\/\/natussensory.com\/wp-content\/uploads\/10-ways_insights-category.jpg","medium_large-width":500,"medium_large-height":400,"large":"https:\/\/natussensory.com\/wp-content\/uploads\/10-ways_insights-category.jpg","large-width":500,"large-height":400,"1536x1536":"https:\/\/natussensory.com\/wp-content\/uploads\/10-ways_insights-category.jpg","1536x1536-width":500,"1536x1536-height":400,"2048x2048":"https:\/\/natussensory.com\/wp-content\/uploads\/10-ways_insights-category.jpg","2048x2048-width":500,"2048x2048-height":400}},"title":"Dix id\u00e9es marketing pour attirer et fid\u00e9liser vos patients en audiologie","link":{"type":"post","value":"15329","url":"https:\/\/natussensory.com\/insights\/10-audiology-marketing-ideas-to-attract-and-retain-patients\/","name":"10 Audiology Marketing Ideas to Attract Patients","title":"En savoir plus","target":""}}]}},{"acf_fc_layout":"left_image_right_content_single_cta","_acfe_flexible_layout_title":"Contacts us","_acfe_flexible_toggle":"","left_image_right_content_single_cta_landing":{"module_options":{"":null,"module_id":"n685a5d301dba3","module_class":"","module_background_type":"color","module_background_color":"","module_background_image":false,"module_background_video":"","activate_custom_padding":false,"padding_top_desktop":0,"padding_top_tablet":"","padding_top_mobile":"","padding_bottom_desktop":"","padding_bottom_tablet":"","padding_bottom_mobile":"","activate_custom_margin":false,"margin_top_desktop":"","margin_top_tablet":"","margin_top_mobile":"","margin_bottom_desktop":"","margin_bottom_tablet":"","margin_bottom_mobile":"","disable_on":[],"content_alignment_desktop":"left","content_alignment_tablet":"left","content_alignment_mobile":"left"},"image":{"ID":4238,"id":4238,"title":"Contact Us 800x450","filename":"Contact-Us-800x450-1.png","filesize":437541,"url":"https:\/\/natussensory.com\/wp-content\/uploads\/Contact-Us-800x450-1.png","link":"https:\/\/natussensory.com\/fr\/produits\/contact-us-800x450-2\/","alt":"Shaking Hands - Contact Us","author":"4","description":"","caption":"","name":"contact-us-800x450-2","status":"inherit","uploaded_to":10961,"date":"2023-09-14 17:35:31","modified":"2025-06-12 09:10:08","menu_order":0,"mime_type":"image\/png","type":"image","subtype":"png","icon":"https:\/\/natussensory.com\/wp-includes\/images\/media\/default.png","width":800,"height":450,"sizes":{"thumbnail":"https:\/\/natussensory.com\/wp-content\/uploads\/Contact-Us-800x450-1.png","thumbnail-width":128,"thumbnail-height":72,"medium":"https:\/\/natussensory.com\/wp-content\/uploads\/Contact-Us-800x450-1.png","medium-width":800,"medium-height":450,"medium_large":"https:\/\/natussensory.com\/wp-content\/uploads\/Contact-Us-800x450-1-768x432.png","medium_large-width":768,"medium_large-height":432,"large":"https:\/\/natussensory.com\/wp-content\/uploads\/Contact-Us-800x450-1.png","large-width":800,"large-height":450,"1536x1536":"https:\/\/natussensory.com\/wp-content\/uploads\/Contact-Us-800x450-1.png","1536x1536-width":800,"1536x1536-height":450,"2048x2048":"https:\/\/natussensory.com\/wp-content\/uploads\/Contact-Us-800x450-1.png","2048x2048-width":800,"2048x2048-height":450}},"label":"Demander un devis","title":"Pr\u00eat \u00e0 faire la diff\u00e9rence dans les soins aux patients?","description":"<p>D\u00e9couvrez nos solutions leaders sur le march\u00e9 et comment nous pouvons vous aider \u00e0 renforcer vos capacit\u00e9s de soins.<\/p>\n","link":{"type":"post","value":"892","url":"https:\/\/natussensory.com\/contact-us\/","name":"Contact us","title":"Contactez-nous","target":""}}}]},"_links":{"self":[{"href":"https:\/\/natussensory.com\/fr\/wp-json\/wp\/v2\/pages\/24326","targetHints":{"allow":["GET"]}}],"collection":[{"href":"https:\/\/natussensory.com\/fr\/wp-json\/wp\/v2\/pages"}],"about":[{"href":"https:\/\/natussensory.com\/fr\/wp-json\/wp\/v2\/types\/page"}],"author":[{"embeddable":true,"href":"https:\/\/natussensory.com\/fr\/wp-json\/wp\/v2\/users\/4"}],"replies":[{"embeddable":true,"href":"https:\/\/natussensory.com\/fr\/wp-json\/wp\/v2\/comments?post=24326"}],"version-history":[{"count":9,"href":"https:\/\/natussensory.com\/fr\/wp-json\/wp\/v2\/pages\/24326\/revisions"}],"predecessor-version":[{"id":25627,"href":"https:\/\/natussensory.com\/fr\/wp-json\/wp\/v2\/pages\/24326\/revisions\/25627"}],"up":[{"embeddable":true,"href":"https:\/\/natussensory.com\/fr\/wp-json\/wp\/v2\/pages\/10961"}],"wp:attachment":[{"href":"https:\/\/natussensory.com\/fr\/wp-json\/wp\/v2\/media?parent=24326"}],"wp:term":[{"taxonomy":"category","embeddable":true,"href":"https:\/\/natussensory.com\/fr\/wp-json\/wp\/v2\/categories?post=24326"},{"taxonomy":"post_tag","embeddable":true,"href":"https:\/\/natussensory.com\/fr\/wp-json\/wp\/v2\/tags?post=24326"}],"curies":[{"name":"wp","href":"https:\/\/api.w.org\/{rel}","templated":true}]}}