{"id":21930,"date":"2024-11-13T21:11:42","date_gmt":"2024-11-13T21:11:42","guid":{"rendered":"https:\/\/natussensory.com\/coordinated-vulnerability-disclosure-policy\/"},"modified":"2025-09-24T13:58:48","modified_gmt":"2025-09-24T13:58:48","slug":"politique-de-divulgation-coordonnee-des-vulnerabilites","status":"publish","type":"page","link":"https:\/\/natussensory.com\/fr\/politique-de-divulgation-coordonnee-des-vulnerabilites\/","title":{"rendered":"Politique de divulgation des vuln\u00e9rabilit\u00e9s"},"content":{"rendered":"","protected":false},"excerpt":{"rendered":"","protected":false},"author":4,"featured_media":0,"parent":0,"menu_order":0,"comment_status":"closed","ping_status":"closed","template":"","meta":{"_acf_changed":false,"inline_featured_image":false,"footnotes":""},"categories":[],"tags":[],"class_list":["post-21930","page","type-page","status-publish","hentry"],"acf":{"content_blocks":[{"acf_fc_layout":"spacer","_acfe_flexible_toggle":"","spacer":{"module_options":{"":null,"module_id":"n685ea253734bd","module_class":"","module_background_type":"color","module_background_color":"#473089","module_background_image":false,"module_background_video":"","activate_custom_padding":false,"padding_top_desktop":0,"padding_top_tablet":"","padding_top_mobile":"","padding_bottom_desktop":"","padding_bottom_tablet":"","padding_bottom_mobile":"","activate_custom_margin":false,"margin_top_desktop":"","margin_top_tablet":"","margin_top_mobile":"","margin_bottom_desktop":"","margin_bottom_tablet":"","margin_bottom_mobile":"","disable_on":[],"content_alignment_desktop":"left","content_alignment_tablet":"left","content_alignment_mobile":"left"},"height":"160"}},{"acf_fc_layout":"simple_content","_acfe_flexible_layout_title":"Banner","_acfe_flexible_toggle":"","content_full_width_landing":{"module_options":{"":null,"module_id":"n6514d1d1bceb1","module_class":"","module_background_type":"image","module_background_color":"","module_background_image":"https:\/\/natussensory.com\/wp-content\/uploads\/Homepage-banner.jpg","module_background_video":"","activate_custom_padding":true,"padding_top_desktop":"40","padding_top_tablet":"0","padding_top_mobile":"0","padding_bottom_desktop":"0","padding_bottom_tablet":"0","padding_bottom_mobile":"10","activate_custom_margin":false,"margin_top_desktop":"","margin_top_tablet":"","margin_top_mobile":"","margin_bottom_desktop":"","margin_bottom_tablet":"","margin_bottom_mobile":"","disable_on":[],"content_alignment_desktop":"left","content_alignment_tablet":"left","content_alignment_mobile":"left"},"activate_custom_container_width":false,"container_width":"","content":"<h1><\/h1>\n<h1 style=\"text-align: center;\">Politique de divulgation coordonn\u00e9e des vuln\u00e9rabilit\u00e9s<\/h1>\n<p>&nbsp;<\/p>\n"}},{"acf_fc_layout":"simple_content","_acfe_flexible_toggle":"","content_full_width_landing":{"module_options":{"":null,"module_id":"n6514c7b77fa50","module_class":"","module_background_type":"color","module_background_color":"","module_background_image":"https:\/\/natussensory.com\/wp-content\/uploads\/Homepage-banner.jpg","module_background_video":"","activate_custom_padding":false,"padding_top_desktop":"40","padding_top_tablet":"0","padding_top_mobile":"0","padding_bottom_desktop":"0","padding_bottom_tablet":"0","padding_bottom_mobile":"10","activate_custom_margin":false,"margin_top_desktop":"","margin_top_tablet":"","margin_top_mobile":"","margin_bottom_desktop":"","margin_bottom_tablet":"","margin_bottom_mobile":"","disable_on":[],"content_alignment_desktop":"left","content_alignment_tablet":"left","content_alignment_mobile":"left"},"activate_custom_container_width":false,"container_width":"","content":"<p><span style=\"font-size: 15px;\">La politique de divulgation coordonn\u00e9e des vuln\u00e9rabilit\u00e9s de Natus Sensory est con\u00e7ue pour assurer la transparence aupr\u00e8s de nos clients en leur fournissant des informations et des conseils afin de les aider \u00e0 g\u00e9rer les risques li\u00e9s \u00e0 la cybers\u00e9curit\u00e9. Nous invitons nos clients et les autres parties prenantes externes \u00e0 collaborer pour l\u2019\u00e9laboration de solutions aux vuln\u00e9rabilit\u00e9s d\u00e9couvertes dans les produits Natus Sensory. Le processus de divulgation coordonn\u00e9e des vuln\u00e9rabilit\u00e9s comprend les quatre phases suivantes :<\/span><\/p>\n<p>&nbsp;<\/p>\n<ul>\n<li><span style=\"font-size: 15px;\"><strong>La d\u00e9couverte<\/strong> : les clients de Natus Sensory, les chercheurs en s\u00e9curit\u00e9 et les autres parties prenantes externes sont incit\u00e9s \u00e0 signaler toute vuln\u00e9rabilit\u00e9 potentielle ou d\u00e9couverte, une faille ou d\u2019autres signaux et probl\u00e8mes de cybers\u00e9curit\u00e9 concernant un produit de Natus Sensory. Ces vuln\u00e9rabilit\u00e9s potentielles ou d\u00e9couvertes doivent \u00eatre signal\u00e9es \u00e0 Natus Sensory sous la forme d\u2019une r\u00e9clamation au service technique, conform\u00e9ment \u00e0 la proc\u00e9dure de traitement des r\u00e9clamations de Natus Sensory. Natus Sensory accusera r\u00e9ception du signalement dans les plus brefs d\u00e9lais une fois qu\u2019il aura \u00e9t\u00e9 re\u00e7u.<\/span><\/li>\n<li><span style=\"font-size: 15px;\"><strong>Le triage et l\u2019analyse<\/strong> : Natus Sensory collabore avec la source du signalement des probl\u00e8mes de s\u00e9curit\u00e9 potentiels afin d\u2019enqu\u00eater et de les v\u00e9rifier. Si la vuln\u00e9rabilit\u00e9 est v\u00e9rifi\u00e9e et qualifi\u00e9e pour une r\u00e9solution de probl\u00e8me, Natus Sensory suivra sa proc\u00e9dure de r\u00e9ponse aux incidents de s\u00e9curit\u00e9 des produits et de gestion des probl\u00e8mes afin d\u2019\u00e9tablir des r\u00e9solutions de probl\u00e8mes efficaces. Les d\u00e9lais de traitement et de divulgation doivent \u00eatre communiqu\u00e9s d\u00e8s que possible.<\/span><\/li>\n<li><span style=\"font-size: 15px;\"><strong>La rem\u00e9diation ou la limitation<\/strong> : la proc\u00e9dure de traitement du probl\u00e8me permettra d\u2019identifier les strat\u00e9gies de rem\u00e9diation et\/ou de limitation visant \u00e0 supprimer la vuln\u00e9rabilit\u00e9 ou \u00e0 limiter le risque \u00e0 un niveau acceptable. Le cas \u00e9ch\u00e9ant, la proc\u00e9dure de traitement du probl\u00e8me comprendra des communications d\u2019information avec les coordinateurs, les groupes d\u2019\u00e9change d\u2019informations et les organismes de r\u00e9glementation.<\/span><\/li>\n<li><span style=\"font-size: 15px;\"><strong>La divulgation de vuln\u00e9rabilit\u00e9<\/strong> : Natus Sensory publie les divulgations coordonn\u00e9es de vuln\u00e9rabilit\u00e9s sous la forme d\u2019un avis de s\u00e9curit\u00e9 de produit ou d\u2019un bulletin de s\u00e9curit\u00e9 de produit sur le site web de Natus Sensory. Les notes d\u2019informations et autres \u00e9tiquettes de produits peuvent \u00eatre utilis\u00e9es pour divulguer des vuln\u00e9rabilit\u00e9s. Au cours de cette phase, Natus Sensory partage les informations relatives aux vuln\u00e9rabilit\u00e9s avec les coordinateurs et\/ou d\u2019autres parties prenantes externes.<\/span><\/li>\n<\/ul>\n"}}]},"_links":{"self":[{"href":"https:\/\/natussensory.com\/fr\/wp-json\/wp\/v2\/pages\/21930","targetHints":{"allow":["GET"]}}],"collection":[{"href":"https:\/\/natussensory.com\/fr\/wp-json\/wp\/v2\/pages"}],"about":[{"href":"https:\/\/natussensory.com\/fr\/wp-json\/wp\/v2\/types\/page"}],"author":[{"embeddable":true,"href":"https:\/\/natussensory.com\/fr\/wp-json\/wp\/v2\/users\/4"}],"replies":[{"embeddable":true,"href":"https:\/\/natussensory.com\/fr\/wp-json\/wp\/v2\/comments?post=21930"}],"version-history":[{"count":8,"href":"https:\/\/natussensory.com\/fr\/wp-json\/wp\/v2\/pages\/21930\/revisions"}],"predecessor-version":[{"id":27284,"href":"https:\/\/natussensory.com\/fr\/wp-json\/wp\/v2\/pages\/21930\/revisions\/27284"}],"wp:attachment":[{"href":"https:\/\/natussensory.com\/fr\/wp-json\/wp\/v2\/media?parent=21930"}],"wp:term":[{"taxonomy":"category","embeddable":true,"href":"https:\/\/natussensory.com\/fr\/wp-json\/wp\/v2\/categories?post=21930"},{"taxonomy":"post_tag","embeddable":true,"href":"https:\/\/natussensory.com\/fr\/wp-json\/wp\/v2\/tags?post=21930"}],"curies":[{"name":"wp","href":"https:\/\/api.w.org\/{rel}","templated":true}]}}