{"id":15473,"date":"2023-10-16T09:11:50","date_gmt":"2023-10-16T09:11:50","guid":{"rendered":"https:\/\/natussensory.com\/sensory\/otoscan-toolkit\/"},"modified":"2025-09-24T12:57:38","modified_gmt":"2025-09-24T12:57:38","slug":"toolkit","status":"publish","type":"page","link":"https:\/\/natussensory.com\/fr\/produits\/otoscan\/toolkit\/","title":{"rendered":"Otoscan Marketing Toolkit"},"content":{"rendered":"","protected":false},"excerpt":{"rendered":"","protected":false},"author":4,"featured_media":0,"parent":9461,"menu_order":0,"comment_status":"closed","ping_status":"closed","template":"","meta":{"_acf_changed":false,"inline_featured_image":false,"footnotes":""},"categories":[],"tags":[],"class_list":["post-15473","page","type-page","status-publish","hentry"],"acf":{"content_blocks":[{"acf_fc_layout":"hero1","_acfe_flexible_toggle":"","hero_locations":{"unique_id":"n652cfe5691140","background":{"ID":15428,"id":15428,"title":"Otoscan-toolkit_banner","filename":"Otoscan-toolkit_banner.jpg","filesize":279068,"url":"https:\/\/natussensory.com\/wp-content\/uploads\/Otoscan-toolkit_banner.jpg","link":"https:\/\/natussensory.com\/fr\/produits\/otoscan\/toolkit\/otoscan-toolkit_banner-2\/","alt":"","author":"4","description":"","caption":"","name":"otoscan-toolkit_banner-2","status":"inherit","uploaded_to":15473,"date":"2023-10-16 09:30:28","modified":"2023-10-16 09:30:28","menu_order":0,"mime_type":"image\/jpeg","type":"image","subtype":"jpeg","icon":"https:\/\/natussensory.com\/wp-includes\/images\/media\/default.png","width":1920,"height":500,"sizes":{"thumbnail":"https:\/\/natussensory.com\/wp-content\/uploads\/Otoscan-toolkit_banner.jpg","thumbnail-width":128,"thumbnail-height":33,"medium":"https:\/\/natussensory.com\/wp-content\/uploads\/Otoscan-toolkit_banner.jpg","medium-width":1920,"medium-height":500,"medium_large":"https:\/\/natussensory.com\/wp-content\/uploads\/Otoscan-toolkit_banner-768x200.jpg","medium_large-width":768,"medium_large-height":200,"large":"https:\/\/natussensory.com\/wp-content\/uploads\/Otoscan-toolkit_banner.jpg","large-width":1920,"large-height":500,"1536x1536":"https:\/\/natussensory.com\/wp-content\/uploads\/Otoscan-toolkit_banner-1536x400.jpg","1536x1536-width":1536,"1536x1536-height":400,"2048x2048":"https:\/\/natussensory.com\/wp-content\/uploads\/Otoscan-toolkit_banner.jpg","2048x2048-width":1920,"2048x2048-height":500}},"h1":"La bo\u00eete \u00e0 outils marketing Otoscan","description":"Votre r\u00e9ussite nous tient \u00e0 c\u0153ur."}},{"acf_fc_layout":"simple_content","_acfe_flexible_toggle":"","content_full_width_landing":{"module_options":{"":null,"module_id":"n652d00dc2a5c6","module_class":"","module_background_type":"color","module_background_color":"","module_background_image":false,"module_background_video":"","activate_custom_padding":false,"padding_top_desktop":0,"padding_top_tablet":"","padding_top_mobile":"","padding_bottom_desktop":"","padding_bottom_tablet":"","padding_bottom_mobile":"","activate_custom_margin":false,"margin_top_desktop":"","margin_top_tablet":"","margin_top_mobile":"","margin_bottom_desktop":"","margin_bottom_tablet":"","margin_bottom_mobile":"","disable_on":[],"content_alignment_desktop":"left","content_alignment_tablet":"left","content_alignment_mobile":"left"},"activate_custom_container_width":false,"container_width":"","content":"<p>Votre r\u00e9ussite est importante pour nous et nous sommes heureux de pouvoir soutenir vos activit\u00e9s de publicit\u00e9 et de promotion afin de d\u00e9velopper votre marque au sein de votre communaut\u00e9.<\/p>\n<p>Les bo\u00eetes \u00e0 outils marketing de Natus fournissent une vari\u00e9t\u00e9 d&rsquo;outils marketing utiles pour vous aider \u00e0 sensibiliser vos clients et \u00e0 g\u00e9n\u00e9rer des affaires. Vous trouverez un large \u00e9ventail de mod\u00e8les et de supports marketing parmi lesquels choisir, tous dot\u00e9s de visuels attrayants et de messages clairs, faciles \u00e0 t\u00e9l\u00e9charger et \u00e0 adapter \u00e0 vos besoins.<\/p>\n"}},{"acf_fc_layout":"related_products","_acfe_flexible_layout_title":"Toolkit overview","_acfe_flexible_toggle":"","tiles_3_columns_landing":{"module_options":{"":null,"module_id":"n652d00dc2e904","module_class":"","module_background_type":"color","module_background_color":"","module_background_image":false,"module_background_video":"","activate_custom_padding":false,"padding_top_desktop":0,"padding_top_tablet":"","padding_top_mobile":"","padding_bottom_desktop":"","padding_bottom_tablet":"","padding_bottom_mobile":"","activate_custom_margin":false,"margin_top_desktop":"","margin_top_tablet":"","margin_top_mobile":"","margin_bottom_desktop":"","margin_bottom_tablet":"","margin_bottom_mobile":"","disable_on":[],"content_alignment_desktop":"left","content_alignment_tablet":"left","content_alignment_mobile":"left"},"intro_text":"","intro_text_color":"","intro_link":null,"tiles":[{"label":"","label_background_color":"","image":{"ID":15422,"id":15422,"title":"Otoscan-toolkit_images_linkspot","filename":"Otoscan-toolkit_images_linkspot.jpg","filesize":179525,"url":"https:\/\/natussensory.com\/wp-content\/uploads\/Otoscan-toolkit_images_linkspot.jpg","link":"https:\/\/natussensory.com\/fr\/produits\/otoscan\/toolkit\/otoscan-toolkit_images_linkspot-2\/","alt":"","author":"4","description":"","caption":"","name":"otoscan-toolkit_images_linkspot-2","status":"inherit","uploaded_to":15473,"date":"2023-10-16 09:22:14","modified":"2023-10-16 09:22:14","menu_order":0,"mime_type":"image\/jpeg","type":"image","subtype":"jpeg","icon":"https:\/\/natussensory.com\/wp-includes\/images\/media\/default.png","width":650,"height":450,"sizes":{"thumbnail":"https:\/\/natussensory.com\/wp-content\/uploads\/Otoscan-toolkit_images_linkspot.jpg","thumbnail-width":128,"thumbnail-height":89,"medium":"https:\/\/natussensory.com\/wp-content\/uploads\/Otoscan-toolkit_images_linkspot.jpg","medium-width":650,"medium-height":450,"medium_large":"https:\/\/natussensory.com\/wp-content\/uploads\/Otoscan-toolkit_images_linkspot.jpg","medium_large-width":650,"medium_large-height":450,"large":"https:\/\/natussensory.com\/wp-content\/uploads\/Otoscan-toolkit_images_linkspot.jpg","large-width":650,"large-height":450,"1536x1536":"https:\/\/natussensory.com\/wp-content\/uploads\/Otoscan-toolkit_images_linkspot.jpg","1536x1536-width":650,"1536x1536-height":450,"2048x2048":"https:\/\/natussensory.com\/wp-content\/uploads\/Otoscan-toolkit_images_linkspot.jpg","2048x2048-width":650,"2048x2048-height":450}},"title":"Images Haute \/ Basse r\u00e9solution","link":{"type":"url","value":"https:\/\/natus.bynder.com\/web\/5a6a5d7361e4f446\/otoscan-marketing-toolkit---images\/","url":"https:\/\/natus.bynder.com\/web\/5a6a5d7361e4f446\/otoscan-marketing-toolkit---images\/","name":"https:\/\/natus.bynder.com\/web\/5a6a5d7361e4f446\/otoscan-marketing-toolkit---images\/","title":"Parcourir les images","target":"_blank"}},{"label":"","label_background_color":"","image":{"ID":15433,"id":15433,"title":"Otoscan-toolkit_Flyers_linkspot","filename":"Otoscan-toolkit_Flyers_linkspot.jpg","filesize":219539,"url":"https:\/\/natussensory.com\/wp-content\/uploads\/Otoscan-toolkit_Flyers_linkspot.jpg","link":"https:\/\/natussensory.com\/fr\/produits\/otoscan\/toolkit\/otoscan-toolkit_flyers_linkspot-2\/","alt":"","author":"4","description":"","caption":"","name":"otoscan-toolkit_flyers_linkspot-2","status":"inherit","uploaded_to":15473,"date":"2023-10-16 09:31:01","modified":"2023-10-16 09:31:01","menu_order":0,"mime_type":"image\/jpeg","type":"image","subtype":"jpeg","icon":"https:\/\/natussensory.com\/wp-includes\/images\/media\/default.png","width":650,"height":450,"sizes":{"thumbnail":"https:\/\/natussensory.com\/wp-content\/uploads\/Otoscan-toolkit_Flyers_linkspot.jpg","thumbnail-width":128,"thumbnail-height":89,"medium":"https:\/\/natussensory.com\/wp-content\/uploads\/Otoscan-toolkit_Flyers_linkspot.jpg","medium-width":650,"medium-height":450,"medium_large":"https:\/\/natussensory.com\/wp-content\/uploads\/Otoscan-toolkit_Flyers_linkspot.jpg","medium_large-width":650,"medium_large-height":450,"large":"https:\/\/natussensory.com\/wp-content\/uploads\/Otoscan-toolkit_Flyers_linkspot.jpg","large-width":650,"large-height":450,"1536x1536":"https:\/\/natussensory.com\/wp-content\/uploads\/Otoscan-toolkit_Flyers_linkspot.jpg","1536x1536-width":650,"1536x1536-height":450,"2048x2048":"https:\/\/natussensory.com\/wp-content\/uploads\/Otoscan-toolkit_Flyers_linkspot.jpg","2048x2048-width":650,"2048x2048-height":450}},"title":"Mailing \/ D\u00e9pliant \/ Affiche","link":{"type":"url","value":"https:\/\/natus.bynder.com\/web\/23564935df7f3242\/otoscan-marketing-toolkit---mailings---flyer---poster---advertisements---\/","url":"https:\/\/natus.bynder.com\/web\/23564935df7f3242\/otoscan-marketing-toolkit---mailings---flyer---poster---advertisements---\/","name":"https:\/\/natus.bynder.com\/web\/23564935df7f3242\/otoscan-marketing-toolkit---mailings---flyer---poster---advertisements---\/","title":"Parcourir les mailings, flyers, affiches...","target":"_blank"}},{"label":"","label_background_color":"","image":{"ID":15453,"id":15453,"title":"Otoscan-toolkit_POS_linkspot","filename":"Otoscan-toolkit_POS_linkspot.jpg","filesize":161183,"url":"https:\/\/natussensory.com\/wp-content\/uploads\/Otoscan-toolkit_POS_linkspot.jpg","link":"https:\/\/natussensory.com\/fr\/produits\/otoscan\/toolkit\/otoscan-toolkit_pos_linkspot-2\/","alt":"","author":"4","description":"","caption":"","name":"otoscan-toolkit_pos_linkspot-2","status":"inherit","uploaded_to":15473,"date":"2023-10-16 09:31:10","modified":"2023-10-16 09:31:10","menu_order":0,"mime_type":"image\/jpeg","type":"image","subtype":"jpeg","icon":"https:\/\/natussensory.com\/wp-includes\/images\/media\/default.png","width":650,"height":450,"sizes":{"thumbnail":"https:\/\/natussensory.com\/wp-content\/uploads\/Otoscan-toolkit_POS_linkspot.jpg","thumbnail-width":128,"thumbnail-height":89,"medium":"https:\/\/natussensory.com\/wp-content\/uploads\/Otoscan-toolkit_POS_linkspot.jpg","medium-width":650,"medium-height":450,"medium_large":"https:\/\/natussensory.com\/wp-content\/uploads\/Otoscan-toolkit_POS_linkspot.jpg","medium_large-width":650,"medium_large-height":450,"large":"https:\/\/natussensory.com\/wp-content\/uploads\/Otoscan-toolkit_POS_linkspot.jpg","large-width":650,"large-height":450,"1536x1536":"https:\/\/natussensory.com\/wp-content\/uploads\/Otoscan-toolkit_POS_linkspot.jpg","1536x1536-width":650,"1536x1536-height":450,"2048x2048":"https:\/\/natussensory.com\/wp-content\/uploads\/Otoscan-toolkit_POS_linkspot.jpg","2048x2048-width":650,"2048x2048-height":450}},"title":"Mat\u00e9riel PLV","link":{"type":"url","value":"https:\/\/natus.bynder.com\/web\/7d6aca7846201a33\/otoscan-marketing-toolkit---point-of-sale-material\/","url":"https:\/\/natus.bynder.com\/web\/7d6aca7846201a33\/otoscan-marketing-toolkit---point-of-sale-material\/","name":"https:\/\/natus.bynder.com\/web\/7d6aca7846201a33\/otoscan-marketing-toolkit---point-of-sale-material\/","title":"Parcourir le mat\u00e9riel de PLV","target":"_blank"}},{"label":"","label_background_color":"","image":{"ID":15448,"id":15448,"title":"Otoscan-toolkit_SOME_linkspot","filename":"Otoscan-toolkit_SOME_linkspot.jpg","filesize":163098,"url":"https:\/\/natussensory.com\/wp-content\/uploads\/Otoscan-toolkit_SOME_linkspot.jpg","link":"https:\/\/natussensory.com\/fr\/produits\/otoscan\/toolkit\/otoscan-toolkit_some_linkspot-2\/","alt":"","author":"4","description":"","caption":"","name":"otoscan-toolkit_some_linkspot-2","status":"inherit","uploaded_to":15473,"date":"2023-10-16 09:31:07","modified":"2023-10-16 09:31:07","menu_order":0,"mime_type":"image\/jpeg","type":"image","subtype":"jpeg","icon":"https:\/\/natussensory.com\/wp-includes\/images\/media\/default.png","width":650,"height":450,"sizes":{"thumbnail":"https:\/\/natussensory.com\/wp-content\/uploads\/Otoscan-toolkit_SOME_linkspot.jpg","thumbnail-width":128,"thumbnail-height":89,"medium":"https:\/\/natussensory.com\/wp-content\/uploads\/Otoscan-toolkit_SOME_linkspot.jpg","medium-width":650,"medium-height":450,"medium_large":"https:\/\/natussensory.com\/wp-content\/uploads\/Otoscan-toolkit_SOME_linkspot.jpg","medium_large-width":650,"medium_large-height":450,"large":"https:\/\/natussensory.com\/wp-content\/uploads\/Otoscan-toolkit_SOME_linkspot.jpg","large-width":650,"large-height":450,"1536x1536":"https:\/\/natussensory.com\/wp-content\/uploads\/Otoscan-toolkit_SOME_linkspot.jpg","1536x1536-width":650,"1536x1536-height":450,"2048x2048":"https:\/\/natussensory.com\/wp-content\/uploads\/Otoscan-toolkit_SOME_linkspot.jpg","2048x2048-width":650,"2048x2048-height":450}},"title":"M\u00e9dias sociaux et Web","link":{"type":"url","value":"https:\/\/natus.bynder.com\/web\/778e7004dc8837ba\/otoscan-marketing-toolkit---social-media-posts-and-online-banners\/","url":"https:\/\/natus.bynder.com\/web\/778e7004dc8837ba\/otoscan-marketing-toolkit---social-media-posts-and-online-banners\/","name":"https:\/\/natus.bynder.com\/web\/778e7004dc8837ba\/otoscan-marketing-toolkit---social-media-posts-and-online-banners\/","title":"Parcourir les m\u00e9dias sociaux et le Web","target":"_blank"}},{"label":"","label_background_color":"","image":{"ID":15443,"id":15443,"title":"Otoscan-toolkit_videos_linkspot","filename":"Otoscan-toolkit_videos_linkspot.jpg","filesize":130404,"url":"https:\/\/natussensory.com\/wp-content\/uploads\/Otoscan-toolkit_videos_linkspot.jpg","link":"https:\/\/natussensory.com\/fr\/produits\/otoscan\/toolkit\/otoscan-toolkit_videos_linkspot-2\/","alt":"","author":"4","description":"","caption":"","name":"otoscan-toolkit_videos_linkspot-2","status":"inherit","uploaded_to":15473,"date":"2023-10-16 09:31:05","modified":"2023-10-16 09:31:05","menu_order":0,"mime_type":"image\/jpeg","type":"image","subtype":"jpeg","icon":"https:\/\/natussensory.com\/wp-includes\/images\/media\/default.png","width":650,"height":450,"sizes":{"thumbnail":"https:\/\/natussensory.com\/wp-content\/uploads\/Otoscan-toolkit_videos_linkspot.jpg","thumbnail-width":128,"thumbnail-height":89,"medium":"https:\/\/natussensory.com\/wp-content\/uploads\/Otoscan-toolkit_videos_linkspot.jpg","medium-width":650,"medium-height":450,"medium_large":"https:\/\/natussensory.com\/wp-content\/uploads\/Otoscan-toolkit_videos_linkspot.jpg","medium_large-width":650,"medium_large-height":450,"large":"https:\/\/natussensory.com\/wp-content\/uploads\/Otoscan-toolkit_videos_linkspot.jpg","large-width":650,"large-height":450,"1536x1536":"https:\/\/natussensory.com\/wp-content\/uploads\/Otoscan-toolkit_videos_linkspot.jpg","1536x1536-width":650,"1536x1536-height":450,"2048x2048":"https:\/\/natussensory.com\/wp-content\/uploads\/Otoscan-toolkit_videos_linkspot.jpg","2048x2048-width":650,"2048x2048-height":450}},"title":"Vid\u00e9os","link":{"type":"url","value":"https:\/\/natus.bynder.com\/web\/7fcec4c4a6942ec\/otoscan-marketing-toolkit---videos\/","url":"https:\/\/natus.bynder.com\/web\/7fcec4c4a6942ec\/otoscan-marketing-toolkit---videos\/","name":"https:\/\/natus.bynder.com\/web\/7fcec4c4a6942ec\/otoscan-marketing-toolkit---videos\/","title":"Parcourir les vid\u00e9os","target":"_blank"}},{"label":"","label_background_color":"","image":{"ID":15438,"id":15438,"title":"Otoscan-toolkit_seasonal_linkspot","filename":"Otoscan-toolkit_seasonal_linkspot.jpg","filesize":150599,"url":"https:\/\/natussensory.com\/wp-content\/uploads\/Otoscan-toolkit_seasonal_linkspot.jpg","link":"https:\/\/natussensory.com\/fr\/produits\/otoscan\/toolkit\/otoscan-toolkit_seasonal_linkspot-2\/","alt":"","author":"4","description":"","caption":"","name":"otoscan-toolkit_seasonal_linkspot-2","status":"inherit","uploaded_to":15473,"date":"2023-10-16 09:31:04","modified":"2023-10-16 09:31:04","menu_order":0,"mime_type":"image\/jpeg","type":"image","subtype":"jpeg","icon":"https:\/\/natussensory.com\/wp-includes\/images\/media\/default.png","width":650,"height":450,"sizes":{"thumbnail":"https:\/\/natussensory.com\/wp-content\/uploads\/Otoscan-toolkit_seasonal_linkspot.jpg","thumbnail-width":128,"thumbnail-height":89,"medium":"https:\/\/natussensory.com\/wp-content\/uploads\/Otoscan-toolkit_seasonal_linkspot.jpg","medium-width":650,"medium-height":450,"medium_large":"https:\/\/natussensory.com\/wp-content\/uploads\/Otoscan-toolkit_seasonal_linkspot.jpg","medium_large-width":650,"medium_large-height":450,"large":"https:\/\/natussensory.com\/wp-content\/uploads\/Otoscan-toolkit_seasonal_linkspot.jpg","large-width":650,"large-height":450,"1536x1536":"https:\/\/natussensory.com\/wp-content\/uploads\/Otoscan-toolkit_seasonal_linkspot.jpg","1536x1536-width":650,"1536x1536-height":450,"2048x2048":"https:\/\/natussensory.com\/wp-content\/uploads\/Otoscan-toolkit_seasonal_linkspot.jpg","2048x2048-width":650,"2048x2048-height":450}},"title":"Graphiques saisonniers","link":{"type":"url","value":"https:\/\/natus.bynder.com\/web\/7ce1c259cf2a208d\/otoscan-marketing-toolkit---seasonal-graphics\/","url":"https:\/\/natus.bynder.com\/web\/7ce1c259cf2a208d\/otoscan-marketing-toolkit---seasonal-graphics\/","name":"https:\/\/natus.bynder.com\/web\/7ce1c259cf2a208d\/otoscan-marketing-toolkit---seasonal-graphics\/","title":"Parcourir les graphiques saisonniers","target":"_blank"}}]}}]},"_links":{"self":[{"href":"https:\/\/natussensory.com\/fr\/wp-json\/wp\/v2\/pages\/15473","targetHints":{"allow":["GET"]}}],"collection":[{"href":"https:\/\/natussensory.com\/fr\/wp-json\/wp\/v2\/pages"}],"about":[{"href":"https:\/\/natussensory.com\/fr\/wp-json\/wp\/v2\/types\/page"}],"author":[{"embeddable":true,"href":"https:\/\/natussensory.com\/fr\/wp-json\/wp\/v2\/users\/4"}],"replies":[{"embeddable":true,"href":"https:\/\/natussensory.com\/fr\/wp-json\/wp\/v2\/comments?post=15473"}],"version-history":[{"count":2,"href":"https:\/\/natussensory.com\/fr\/wp-json\/wp\/v2\/pages\/15473\/revisions"}],"predecessor-version":[{"id":15475,"href":"https:\/\/natussensory.com\/fr\/wp-json\/wp\/v2\/pages\/15473\/revisions\/15475"}],"up":[{"embeddable":true,"href":"https:\/\/natussensory.com\/fr\/wp-json\/wp\/v2\/pages\/9461"}],"wp:attachment":[{"href":"https:\/\/natussensory.com\/fr\/wp-json\/wp\/v2\/media?parent=15473"}],"wp:term":[{"taxonomy":"category","embeddable":true,"href":"https:\/\/natussensory.com\/fr\/wp-json\/wp\/v2\/categories?post=15473"},{"taxonomy":"post_tag","embeddable":true,"href":"https:\/\/natussensory.com\/fr\/wp-json\/wp\/v2\/tags?post=15473"}],"curies":[{"name":"wp","href":"https:\/\/api.w.org\/{rel}","templated":true}]}}