{"id":11814,"date":"2023-09-20T17:12:29","date_gmt":"2023-09-20T17:12:29","guid":{"rendered":"https:\/\/natussensory.com\/service-et-assistance\/service-programs\/flexselect-subscription\/"},"modified":"2025-09-18T13:59:02","modified_gmt":"2025-09-18T13:59:02","slug":"programme-flexselect","status":"publish","type":"page","link":"https:\/\/natussensory.com\/fr\/programmes-services\/programme-flexselect\/","title":{"rendered":"Programme de location financi\u00e8re Natus FlexSelect"},"content":{"rendered":"","protected":false},"excerpt":{"rendered":"","protected":false},"author":4,"featured_media":0,"parent":11792,"menu_order":0,"comment_status":"closed","ping_status":"closed","template":"","meta":{"_acf_changed":false,"inline_featured_image":false,"footnotes":""},"categories":[],"tags":[],"class_list":["post-11814","page","type-page","status-publish","hentry"],"acf":{"content_blocks":[{"acf_fc_layout":"spacer","_acfe_flexible_toggle":"","spacer":{"module_options":{"":null,"module_id":"n685e5359a42ab","module_class":"","module_background_type":"color","module_background_color":"#473089","module_background_image":false,"module_background_video":"","activate_custom_padding":false,"padding_top_desktop":0,"padding_top_tablet":"","padding_top_mobile":"","padding_bottom_desktop":"","padding_bottom_tablet":"","padding_bottom_mobile":"","activate_custom_margin":false,"margin_top_desktop":"","margin_top_tablet":"","margin_top_mobile":"","margin_bottom_desktop":"","margin_bottom_tablet":"","margin_bottom_mobile":"","disable_on":[],"content_alignment_desktop":"left","content_alignment_tablet":"left","content_alignment_mobile":"left"},"height":"160"}},{"acf_fc_layout":"simple_content","_acfe_flexible_toggle":"","content_full_width_landing":{"module_options":{"":null,"module_id":"n68cc0fe459b28","module_class":"","module_background_type":"color","module_background_color":"#d4e9f9","module_background_image":false,"module_background_video":"","activate_custom_padding":false,"padding_top_desktop":"100","padding_top_tablet":"100","padding_top_mobile":"100","padding_bottom_desktop":"70","padding_bottom_tablet":"50","padding_bottom_mobile":"50","activate_custom_margin":false,"margin_top_desktop":"","margin_top_tablet":"","margin_top_mobile":"","margin_bottom_desktop":"","margin_bottom_tablet":"","margin_bottom_mobile":"","disable_on":[],"content_alignment_desktop":"left","content_alignment_tablet":"left","content_alignment_mobile":"left"},"activate_custom_container_width":false,"container_width":"","content":"<h1><\/h1>\n<h1 style=\"text-align: center;\">Programme de location financi\u00e8re Natus FlexSelect<\/h1>\n<p>&nbsp;<\/p>\n"}},{"acf_fc_layout":"simple_content","_acfe_flexible_toggle":"","content_full_width_landing":{"module_options":{"":null,"module_id":"n651f7fa965955","module_class":"","module_background_type":"color","module_background_color":"","module_background_image":false,"module_background_video":"","activate_custom_padding":true,"padding_top_desktop":"100","padding_top_tablet":"100","padding_top_mobile":"100","padding_bottom_desktop":"70","padding_bottom_tablet":"50","padding_bottom_mobile":"50","activate_custom_margin":false,"margin_top_desktop":"","margin_top_tablet":"","margin_top_mobile":"","margin_bottom_desktop":"","margin_bottom_tablet":"","margin_bottom_mobile":"","disable_on":[],"content_alignment_desktop":"left","content_alignment_tablet":"left","content_alignment_mobile":"left"},"activate_custom_container_width":false,"container_width":"","content":"<h2>Le partenariat avec Natus Sensory pour la prestation de soins prend une nouvelle dimension<span style=\"color: #008b96;\"><br \/>\n<\/span><\/h2>\n<p>Chaque service ou cabinet m\u00e9dical et centre devrait pouvoir \u00e9lever le niveau de ses soins sans pour autant avoir \u00e0 s\u2019inqui\u00e9ter de son budget. Avec la nouvelle programme de location financi\u00e8re Natus FlexSelect, quelle que soit la taille de votre cabinet, service ou centre m\u00e9dical, vous aurez entre les mains les \u00e9quipements Natus Sensory de derni\u00e8re g\u00e9n\u00e9ration, vous disposerez de nos suites logicielles d\u2019avant-garde, de services de support et de formation, le tout r\u00e9uni dans un seul contrat de location pratique avec un rapport qualit\u00e9-prix in\u00e9galable.<\/p>\n"}},{"acf_fc_layout":"video_modal","_acfe_flexible_toggle":"","video_modal":{"module_options":{"":null,"module_id":"n6514674bd6c05","module_class":"","module_background_type":"color","module_background_color":"","module_background_image":false,"module_background_video":"","activate_custom_padding":true,"padding_top_desktop":"50","padding_top_tablet":"0","padding_top_mobile":"0","padding_bottom_desktop":"90","padding_bottom_tablet":"0","padding_bottom_mobile":"0","activate_custom_margin":false,"margin_top_desktop":"","margin_top_tablet":"","margin_top_mobile":"","margin_bottom_desktop":"","margin_bottom_tablet":"","margin_bottom_mobile":"","disable_on":[],"content_alignment_desktop":"left","content_alignment_tablet":"left","content_alignment_mobile":"left"},"thumbnail":{"ID":6017,"id":6017,"title":"AFUQ7ejzaSo-HD","filename":"AFUQ7ejzaSo-HD.jpg","filesize":49115,"url":"https:\/\/natussensory.com\/wp-content\/uploads\/AFUQ7ejzaSo-HD.jpg","link":"https:\/\/natussensory.com\/fr\/programmes-services\/programme-flexselect\/afuq7ejzaso-hd-2\/","alt":"People holding a glove","author":"4","description":"","caption":"","name":"afuq7ejzaso-hd-2","status":"inherit","uploaded_to":11814,"date":"2023-09-21 00:44:43","modified":"2024-07-26 16:56:58","menu_order":0,"mime_type":"image\/jpeg","type":"image","subtype":"jpeg","icon":"https:\/\/natussensory.com\/wp-includes\/images\/media\/default.png","width":1280,"height":720,"sizes":{"thumbnail":"https:\/\/natussensory.com\/wp-content\/uploads\/AFUQ7ejzaSo-HD.jpg","thumbnail-width":128,"thumbnail-height":72,"medium":"https:\/\/natussensory.com\/wp-content\/uploads\/AFUQ7ejzaSo-HD.jpg","medium-width":1280,"medium-height":720,"medium_large":"https:\/\/natussensory.com\/wp-content\/uploads\/AFUQ7ejzaSo-HD-768x432.jpg","medium_large-width":768,"medium_large-height":432,"large":"https:\/\/natussensory.com\/wp-content\/uploads\/AFUQ7ejzaSo-HD.jpg","large-width":1280,"large-height":720,"1536x1536":"https:\/\/natussensory.com\/wp-content\/uploads\/AFUQ7ejzaSo-HD.jpg","1536x1536-width":1280,"1536x1536-height":720,"2048x2048":"https:\/\/natussensory.com\/wp-content\/uploads\/AFUQ7ejzaSo-HD.jpg","2048x2048-width":1280,"2048x2048-height":720}},"thumbnail_size":"auto","source":"youtube","youtube_video_id":"dv67CwQKeI-mRBg6","vimeo_video_id":""}},{"acf_fc_layout":"simple_content","_acfe_flexible_toggle":"","content_full_width_landing":{"module_options":{"":null,"module_id":"n6514674c2dd99","module_class":"","module_background_type":"color","module_background_color":"","module_background_image":false,"module_background_video":"","activate_custom_padding":true,"padding_top_desktop":"0","padding_top_tablet":"0","padding_top_mobile":"0","padding_bottom_desktop":"40","padding_bottom_tablet":"10","padding_bottom_mobile":"10","activate_custom_margin":false,"margin_top_desktop":"","margin_top_tablet":"","margin_top_mobile":"","margin_bottom_desktop":"","margin_bottom_tablet":"","margin_bottom_mobile":"","disable_on":[],"content_alignment_desktop":"left","content_alignment_tablet":"left","content_alignment_mobile":"left"},"activate_custom_container_width":false,"container_width":"","content":"<h4>Testez la vraie valeur des solutions Natus Sensory<span style=\"color: #008080;\"><br \/>\n<\/span><\/h4>\n<p>Nous offrons la formule FlexSelect pour l\u2019ensemble de son portefeuille de produits d\u2019avant-garde. Quels que soient les objectifs que vous vous \u00eates fix\u00e9s pour votre cabinet, service ou centre m\u00e9dical, Natus Sensory est \u00e0 vos c\u00f4t\u00e9s pour assurer une transition sans interruption et une performance optimale en continu sur toutes les solutions Natus Sensory. Vous pourrez ainsi fournir des soins de premi\u00e8re qualit\u00e9 sans p\u00e9naliser lourdement votre budget d\u2019investissement en capital.<\/p>\n<p style=\"text-align: left;\"><img loading=\"lazy\" decoding=\"async\" class=\"wp-image-9899 aligncenter\" src=\"https:\/\/natussensory.com\/wp-content\/uploads\/FlexSelect_Illustration_FR.png\" alt=\"\" width=\"550\" height=\"545\" \/><\/p>\n"}},{"acf_fc_layout":"content_multiple_columns","_acfe_flexible_toggle":"","content_multiple_columns":{"module_options":{"":null,"module_id":"n650b9abcbd55a","module_class":"","module_background_type":"color","module_background_color":"","module_background_image":false,"module_background_video":"","activate_custom_padding":true,"padding_top_desktop":"0","padding_top_tablet":"0","padding_top_mobile":"0","padding_bottom_desktop":"30","padding_bottom_tablet":"10","padding_bottom_mobile":"10","activate_custom_margin":false,"margin_top_desktop":"","margin_top_tablet":"","margin_top_mobile":"","margin_bottom_desktop":"","margin_bottom_tablet":"","margin_bottom_mobile":"","disable_on":[],"content_alignment_desktop":"left","content_alignment_tablet":"left","content_alignment_mobile":"left"},"columns_per_rows_desktop":"2","columns_per_rows_tablet":"1","columns_per_rows_mobile":"1","columns":[{"column_background":"#ffffff","column_size":"one-third","column_alignment":"align-left","activate_top_right_border_radius":true,"content_type":[{"acf_fc_layout":"simple_content","content":"<p><strong>Mat\u00e9riel<\/strong><br \/>\nProfitez de tous les avantages et des fonctionnalit\u00e9s des toutes derni\u00e8res technologies de Natus Sensory en renouvelant vos \u00e9quipements tous les cinq ans.<\/p>\n"}]},{"column_background":"#ffffff","column_size":"one-third","column_alignment":"align-left","activate_top_right_border_radius":true,"content_type":[{"acf_fc_layout":"simple_content","content":"<p><strong>Logiciels<\/strong><br \/>\nUtilisez les derni\u00e8res versions des logiciels Natus Sensory, con\u00e7us intelligemment pour assurer la s\u00e9curit\u00e9 et un rendement optimal de votre workflow.<\/p>\n"}]},{"column_background":"#ffffff","column_size":"one-third","column_alignment":"align-left","activate_top_right_border_radius":true,"content_type":[{"acf_fc_layout":"simple_content","content":"<p><strong>Service<\/strong><br \/>\nAcc\u00e9dez \u00e0 un support de premier niveau sur le mat\u00e9riel comme sur les logiciels, avec des techniciens Natus Sensory d\u00e9di\u00e9s, pour que vos solutions soient s\u00e9curis\u00e9es et \u00e0 jour afin d&rsquo;assurer la continuit\u00e9 de votre service.<\/p>\n"}]},{"column_background":"#ffffff","column_size":"one-third","column_alignment":"align-left","activate_top_right_border_radius":false,"content_type":[{"acf_fc_layout":"simple_content","content":"<p><strong>Formation<\/strong><br \/>\nRecevez une formation pratique clinique sur nos produits et des conseils pour en optimiser l\u2019utilisation. Acc\u00e9dez \u00e0 des s\u00e9minaires en ligne et profitez des opportunit\u00e9s de notre r\u00e9seau.<\/p>\n"}]}]}},{"acf_fc_layout":"content_multiple_columns","_acfe_flexible_toggle":"","content_multiple_columns":{"module_options":{"":null,"module_id":"n650b9abcc2b2a","module_class":"","module_background_type":"color","module_background_color":"","module_background_image":false,"module_background_video":"","activate_custom_padding":true,"padding_top_desktop":"40","padding_top_tablet":"0","padding_top_mobile":"0","padding_bottom_desktop":"40","padding_bottom_tablet":"0","padding_bottom_mobile":"0","activate_custom_margin":false,"margin_top_desktop":"","margin_top_tablet":"","margin_top_mobile":"","margin_bottom_desktop":"","margin_bottom_tablet":"","margin_bottom_mobile":"","disable_on":[],"content_alignment_desktop":"left","content_alignment_tablet":"left","content_alignment_mobile":"left"},"columns_per_rows_desktop":"2","columns_per_rows_tablet":"1","columns_per_rows_mobile":"1","columns":[{"column_background":"#f1f1f1","column_size":"one-third","column_alignment":"align-left","activate_top_right_border_radius":false,"content_type":[{"acf_fc_layout":"simple_content","content":"<h4 style=\"text-align: left;\">Programme de location financi\u00e8re Natus FlexSelect<span style=\"color: #008080;\"><br \/>\n<\/span><\/h4>\n<ul style=\"text-align: left;\">\n<li><strong>Offrez des soins de tout premier niveau<\/strong> et augmentez votre portefeuille de services avec les solutions m\u00e9dicales de pointe de Natus Sensory.<\/li>\n<\/ul>\n<p>&nbsp;<\/p>\n<ul style=\"text-align: left;\">\n<li><strong>Am\u00e9liorez sans cesse l\u2019efficacit\u00e9 de votre workflow<\/strong> et reposez-vous sur des connexions s\u00e9curis\u00e9es et sans interruption en ayant acc\u00e8s en permanence aux logiciels de confiance de Natus Sensory, y compris aux mises \u00e0 jour et mises \u00e0 niveau imm\u00e9diates d\u00e8s lors qu\u2019elles sont disponibles*.<\/li>\n<\/ul>\n<p>&nbsp;<\/p>\n<ul style=\"text-align: left;\">\n<li><strong>Minimisez les pannes d\u2019\u00e9quipements et \u00e9vitez les frais de r\u00e9paration impr\u00e9vus et co\u00fbteux<\/strong> gr\u00e2ce au support de haut niveau assur\u00e9 par des techniciens Natus Sensory d\u00e9di\u00e9s.<\/li>\n<\/ul>\n<p>&nbsp;<\/p>\n<ul style=\"text-align: left;\">\n<li><strong>D\u00e9veloppez vos comp\u00e9tences m\u00e9dicales et votre ma\u00eetrise du mat\u00e9riel<\/strong>\u00a0gr\u00e2ce \u00e0 la formation continue et aux formations produit compl\u00e8tes qui sont disponibles pour votre \u00e9quipe.<\/li>\n<\/ul>\n<p>&nbsp;<\/p>\n<ul style=\"text-align: left;\">\n<li><strong>Am\u00e9liorez votre gestion budg\u00e9taire<\/strong>\u00a0en payant un montant trimestriel pr\u00e9visible pour votre abonnement, autorisant une souplesse budg\u00e9taire tout en gagnant en simplicit\u00e9 et flexibilit\u00e9.<\/li>\n<\/ul>\n<p>&nbsp;<\/p>\n<h6 style=\"text-align: left;\">*Les mises \u00e0 jour logicielles peuvent rester disponibles au-del\u00e0 de la dur\u00e9e de l\u2019abonnement le cas \u00e9ch\u00e9ant.<\/h6>\n"}]},{"column_background":"#f1f1f1","column_size":"one-third","column_alignment":"align-left","activate_top_right_border_radius":false,"content_type":[{"acf_fc_layout":"simple_content","content":"<p><img loading=\"lazy\" decoding=\"async\" class=\"alignleft wp-image-11928 \" src=\"https:\/\/natussensory.com\/wp-content\/uploads\/Natus_FlexSelect-Beeakdown-FR.png\" alt=\"\" width=\"537\" height=\"769\" \/><\/p>\n"}]}]}},{"acf_fc_layout":"contact","_acfe_flexible_toggle":"","contact_form_landing":{"module_options":{"":null,"module_id":"n6514674f65d42","module_class":"","module_background_type":"color","module_background_color":"","module_background_image":false,"module_background_video":"","activate_custom_padding":false,"padding_top_desktop":0,"padding_top_tablet":"","padding_top_mobile":"","padding_bottom_desktop":"","padding_bottom_tablet":"","padding_bottom_mobile":"","activate_custom_margin":false,"margin_top_desktop":"","margin_top_tablet":"","margin_top_mobile":"","margin_bottom_desktop":"","margin_bottom_tablet":"","margin_bottom_mobile":"","disable_on":[],"content_alignment_desktop":"left","content_alignment_tablet":"left","content_alignment_mobile":"left"},"":null,"activate_intro":true,"intro_text":"En Savoir Plus","intro_text_color":"#005e63","intro_link":null,"activate_description":true,"description_title":"Nous contacter","description_copy":"Pour en savoir plus sur les produits Natus ou pour savoir comment la solution FlexSelect pourrait r\u00e9pondre \u00e0 vos besoins, prenez contact avec votre repr\u00e9sentant commercial Natus Sensory ou remplissez le formulaire ci-dessous et nous vous contacterons d\u00e8s que possible.<br \/>\r\n<br \/>\r\n","embed_code":"<script charset=\"utf-8\" type=\"text\/javascript\" src=\"\/\/js.hsforms.net\/forms\/embed\/v2.js\"><\/script>\r\n<script>\r\n  hbspt.forms.create({\r\n    region: \"na1\",\r\n    portalId: \"3002890\",\r\n    formId: \"6e408922-e980-429d-be78-a46de832a10a\"\r\n  });\r\n<\/script>"}},{"acf_fc_layout":"simple_content","_acfe_flexible_toggle":"","content_full_width_landing":{"module_options":{"":null,"module_id":"n651f834371ff5","module_class":"","module_background_type":"color","module_background_color":"","module_background_image":false,"module_background_video":"","activate_custom_padding":false,"padding_top_desktop":0,"padding_top_tablet":"","padding_top_mobile":"","padding_bottom_desktop":"","padding_bottom_tablet":"","padding_bottom_mobile":"","activate_custom_margin":false,"margin_top_desktop":"","margin_top_tablet":"","margin_top_mobile":"","margin_bottom_desktop":"","margin_bottom_tablet":"","margin_bottom_mobile":"","disable_on":[],"content_alignment_desktop":"left","content_alignment_tablet":"left","content_alignment_mobile":"left"},"activate_custom_container_width":false,"container_width":"","content":"<p><span style=\"font-size: 11px;\">035329 RevA1<\/span><\/p>\n"}}]},"_links":{"self":[{"href":"https:\/\/natussensory.com\/fr\/wp-json\/wp\/v2\/pages\/11814","targetHints":{"allow":["GET"]}}],"collection":[{"href":"https:\/\/natussensory.com\/fr\/wp-json\/wp\/v2\/pages"}],"about":[{"href":"https:\/\/natussensory.com\/fr\/wp-json\/wp\/v2\/types\/page"}],"author":[{"embeddable":true,"href":"https:\/\/natussensory.com\/fr\/wp-json\/wp\/v2\/users\/4"}],"replies":[{"embeddable":true,"href":"https:\/\/natussensory.com\/fr\/wp-json\/wp\/v2\/comments?post=11814"}],"version-history":[{"count":10,"href":"https:\/\/natussensory.com\/fr\/wp-json\/wp\/v2\/pages\/11814\/revisions"}],"predecessor-version":[{"id":27073,"href":"https:\/\/natussensory.com\/fr\/wp-json\/wp\/v2\/pages\/11814\/revisions\/27073"}],"up":[{"embeddable":true,"href":"https:\/\/natussensory.com\/fr\/wp-json\/wp\/v2\/pages\/11792"}],"wp:attachment":[{"href":"https:\/\/natussensory.com\/fr\/wp-json\/wp\/v2\/media?parent=11814"}],"wp:term":[{"taxonomy":"category","embeddable":true,"href":"https:\/\/natussensory.com\/fr\/wp-json\/wp\/v2\/categories?post=11814"},{"taxonomy":"post_tag","embeddable":true,"href":"https:\/\/natussensory.com\/fr\/wp-json\/wp\/v2\/tags?post=11814"}],"curies":[{"name":"wp","href":"https:\/\/api.w.org\/{rel}","templated":true}]}}