{"id":11796,"date":"2023-08-07T16:46:00","date_gmt":"2023-08-07T16:46:00","guid":{"rendered":"https:\/\/natussensory.com\/service-et-assistance\/natus-trust-center\/"},"modified":"2025-09-18T13:29:47","modified_gmt":"2025-09-18T13:29:47","slug":"centre-securite","status":"publish","type":"page","link":"https:\/\/natussensory.com\/fr\/assistance\/centre-securite\/","title":{"rendered":"Centre de s\u00e9curit\u00e9"},"content":{"rendered":"","protected":false},"excerpt":{"rendered":"","protected":false},"author":1,"featured_media":0,"parent":8358,"menu_order":0,"comment_status":"closed","ping_status":"closed","template":"","meta":{"_acf_changed":false,"inline_featured_image":false,"footnotes":""},"categories":[],"tags":[],"class_list":["post-11796","page","type-page","status-publish","hentry"],"acf":{"content_blocks":[{"acf_fc_layout":"spacer","_acfe_flexible_toggle":"","spacer":{"module_options":{"":null,"module_id":"n6514b0ebcb99d","module_class":"","module_background_type":"color","module_background_color":"#473089","module_background_image":false,"module_background_video":"","activate_custom_padding":false,"padding_top_desktop":0,"padding_top_tablet":"","padding_top_mobile":"","padding_bottom_desktop":"","padding_bottom_tablet":"","padding_bottom_mobile":"","activate_custom_margin":false,"margin_top_desktop":"","margin_top_tablet":"","margin_top_mobile":"","margin_bottom_desktop":"","margin_bottom_tablet":"","margin_bottom_mobile":"","disable_on":[],"content_alignment_desktop":"left","content_alignment_tablet":"left","content_alignment_mobile":"left"},"height":"160"}},{"acf_fc_layout":"simple_content","_acfe_flexible_toggle":"","content_full_width_landing":{"module_options":{"":null,"module_id":"n6514b0ebd5a4d","module_class":"","module_background_type":"color","module_background_color":"","module_background_image":false,"module_background_video":"","activate_custom_padding":true,"padding_top_desktop":"100","padding_top_tablet":"0","padding_top_mobile":"0","padding_bottom_desktop":"20","padding_bottom_tablet":"0","padding_bottom_mobile":"0","activate_custom_margin":false,"margin_top_desktop":"","margin_top_tablet":"","margin_top_mobile":"","margin_bottom_desktop":"","margin_bottom_tablet":"","margin_bottom_mobile":"","disable_on":[],"content_alignment_desktop":"left","content_alignment_tablet":"left","content_alignment_mobile":"left"},"activate_custom_container_width":false,"container_width":"","content":"<h1><img loading=\"lazy\" decoding=\"async\" class=\"alignleft wp-image-6248\" src=\"https:\/\/natussensory.com\/wp-content\/uploads\/Security-Icon.png\" alt=\"\" width=\"97\" height=\"135\" \/><\/h1>\n<h1><span style=\"font-size: 36px;\">Programme de s\u00e9curit\u00e9 des produits Natus Sensory<\/span><\/h1>\n<h5>Une s\u00e9curit\u00e9 des produits \u00e9volutive pour des menaces \u00e9volutives.<\/h5>\n"}},{"acf_fc_layout":"divider","_acfe_flexible_toggle":"","divider":{"module_options":{"":null,"module_id":"n6514b0ebd0694","module_class":"","module_background_type":"color","module_background_color":"","module_background_image":false,"module_background_video":"","activate_custom_padding":false,"padding_top_desktop":0,"padding_top_tablet":"","padding_top_mobile":"","padding_bottom_desktop":"","padding_bottom_tablet":"","padding_bottom_mobile":"","activate_custom_margin":false,"margin_top_desktop":"","margin_top_tablet":"","margin_top_mobile":"","margin_bottom_desktop":"","margin_bottom_tablet":"","margin_bottom_mobile":"","disable_on":[],"content_alignment_desktop":"left","content_alignment_tablet":"left","content_alignment_mobile":"left"},"color":"#d4e9f9","height":"12"}},{"acf_fc_layout":"simple_content","_acfe_flexible_toggle":"","content_full_width_landing":{"module_options":{"":null,"module_id":"n6520a3f6c29b1","module_class":"","module_background_type":"color","module_background_color":"","module_background_image":false,"module_background_video":"","activate_custom_padding":true,"padding_top_desktop":"60","padding_top_tablet":"0","padding_top_mobile":"0","padding_bottom_desktop":"60","padding_bottom_tablet":"0","padding_bottom_mobile":"0","activate_custom_margin":false,"margin_top_desktop":"","margin_top_tablet":"","margin_top_mobile":"","margin_bottom_desktop":"","margin_bottom_tablet":"","margin_bottom_mobile":"","disable_on":[],"content_alignment_desktop":"left","content_alignment_tablet":"left","content_alignment_mobile":"left"},"activate_custom_container_width":false,"container_width":"","content":"<h4>Chez Natus Sensory, nous sommes conscients de notre responsabilit\u00e9 en mati\u00e8re de protection des patients et de s\u00e9curit\u00e9 num\u00e9rique.<\/h4>\n<h5>Nous estimons qu\u2019un programme solide et robuste de protection des produits en mati\u00e8re de cybers\u00e9curit\u00e9 est essentiel afin de garantir la s\u00e9curit\u00e9 et l\u2019efficacit\u00e9 de nos dispositifs m\u00e9dicaux tout au long de leur cycle de vie.<\/h5>\n"}},{"acf_fc_layout":"content_multiple_columns","_acfe_flexible_toggle":"","content_multiple_columns":{"module_options":{"":null,"module_id":"n6520a3f6c8085","module_class":"","module_background_type":"color","module_background_color":"","module_background_image":false,"module_background_video":"","activate_custom_padding":false,"padding_top_desktop":0,"padding_top_tablet":"","padding_top_mobile":"","padding_bottom_desktop":"","padding_bottom_tablet":"","padding_bottom_mobile":"","activate_custom_margin":false,"margin_top_desktop":"","margin_top_tablet":"","margin_top_mobile":"","margin_bottom_desktop":"","margin_bottom_tablet":"","margin_bottom_mobile":"","disable_on":[],"content_alignment_desktop":"left","content_alignment_tablet":"left","content_alignment_mobile":"left"},"columns_per_rows_desktop":"3","columns_per_rows_tablet":"2","columns_per_rows_mobile":"2","columns":[{"column_background":"#ffffff","column_size":"one-third","column_alignment":"align-left","activate_top_right_border_radius":true,"content_type":[{"acf_fc_layout":"simple_content","content":"<p><img loading=\"lazy\" decoding=\"async\" class=\"alignleft wp-image-12241\" src=\"https:\/\/natussensory.com\/wp-content\/uploads\/Product-Security-Feature-Image_800x450.png\" alt=\"\" width=\"680\" height=\"383\" srcset=\"https:\/\/natussensory.com\/wp-content\/uploads\/Product-Security-Feature-Image_800x450.png 800w, https:\/\/natussensory.com\/wp-content\/uploads\/Product-Security-Feature-Image_800x450-768x432.png 768w\" sizes=\"auto, (max-width: 680px) 100vw, 680px\" \/><\/p>\n"}]},{"column_background":"","column_size":"two-thirds","column_alignment":"align-left","activate_top_right_border_radius":false,"content_type":[{"acf_fc_layout":"simple_content","content":"<h5><strong>Nous sommes conscients des risques potentiels que les menaces de cybers\u00e9curit\u00e9 peuvent faire peser sur nos dispositifs et savons que ces menaces sont en constante \u00e9volution.\u00a0<\/strong><\/h5>\n<p>Natus s\u2019engage dans une \u00e9volution permanente de son programme de s\u00e9curit\u00e9 des produits pour rester en phase avec l\u2019\u00e9volution constante du paysage des menaces.<\/p>\n"}]}]}},{"acf_fc_layout":"left_image_right_content_single_cta","_acfe_flexible_toggle":"","left_image_right_content_single_cta_landing":{"module_options":{"":null,"module_id":"n6520a3f6cfc63","module_class":"","module_background_type":"color","module_background_color":"","module_background_image":false,"module_background_video":"","activate_custom_padding":false,"padding_top_desktop":0,"padding_top_tablet":"","padding_top_mobile":"","padding_bottom_desktop":"","padding_bottom_tablet":"","padding_bottom_mobile":"","activate_custom_margin":false,"margin_top_desktop":"","margin_top_tablet":"","margin_top_mobile":"","margin_bottom_desktop":"","margin_bottom_tablet":"","margin_bottom_mobile":"","disable_on":[],"content_alignment_desktop":"left","content_alignment_tablet":"left","content_alignment_mobile":"left"},"image":{"ID":12247,"id":12247,"title":"IT Product Feature 2_800x450","filename":"IT-Product-Feature-2_800x450.png","filesize":501068,"url":"https:\/\/natussensory.com\/wp-content\/uploads\/IT-Product-Feature-2_800x450.png","link":"https:\/\/natussensory.com\/fr\/assistance\/centre-securite\/it-product-feature-2_800x450-2\/","alt":"IT Security","author":"4","description":"","caption":"","name":"it-product-feature-2_800x450-2","status":"inherit","uploaded_to":11796,"date":"2023-10-06 23:45:18","modified":"2024-07-30 16:35:57","menu_order":0,"mime_type":"image\/png","type":"image","subtype":"png","icon":"https:\/\/natussensory.com\/wp-includes\/images\/media\/default.png","width":800,"height":450,"sizes":{"thumbnail":"https:\/\/natussensory.com\/wp-content\/uploads\/IT-Product-Feature-2_800x450.png","thumbnail-width":128,"thumbnail-height":72,"medium":"https:\/\/natussensory.com\/wp-content\/uploads\/IT-Product-Feature-2_800x450.png","medium-width":800,"medium-height":450,"medium_large":"https:\/\/natussensory.com\/wp-content\/uploads\/IT-Product-Feature-2_800x450-768x432.png","medium_large-width":768,"medium_large-height":432,"large":"https:\/\/natussensory.com\/wp-content\/uploads\/IT-Product-Feature-2_800x450.png","large-width":800,"large-height":450,"1536x1536":"https:\/\/natussensory.com\/wp-content\/uploads\/IT-Product-Feature-2_800x450.png","1536x1536-width":800,"1536x1536-height":450,"2048x2048":"https:\/\/natussensory.com\/wp-content\/uploads\/IT-Product-Feature-2_800x450.png","2048x2048-width":800,"2048x2048-height":450}},"label":"","title":"","description":"<h5><strong>Notre strat\u00e9gie s\u2019appuie sur une approche ax\u00e9e sur les risques qui nous permet d\u2019identifier et de hi\u00e9rarchiser les risques potentiels en fonction des probabilit\u00e9s et de l\u2019impact qu\u2019ils pr\u00e9sentent.\u00a0<\/strong><\/h5>\n<p>Cette approche oriente nos processus de d\u00e9veloppement et de test, et nous assurons un suivi et une \u00e9valuation continus de nos dispositifs tout au long de leur cycle de vie afin de garantir leur s\u00e9curit\u00e9. Notre programme vise \u00e0 assurer la prise en compte de la s\u00e9curit\u00e9 d\u00e8s la phase de conception de nos dispositifs, et ce jusqu\u2019\u00e0 leur mise au rebut en fin de vie.<\/p>\n","link":null}},{"acf_fc_layout":"left_image_right_content_single_cta","_acfe_flexible_toggle":"","left_image_right_content_single_cta_landing":{"module_options":{"":null,"module_id":"n6520a3f6deedf","module_class":"","module_background_type":"color","module_background_color":"","module_background_image":false,"module_background_video":"","activate_custom_padding":false,"padding_top_desktop":0,"padding_top_tablet":"","padding_top_mobile":"","padding_bottom_desktop":"","padding_bottom_tablet":"","padding_bottom_mobile":"","activate_custom_margin":false,"margin_top_desktop":"","margin_top_tablet":"","margin_top_mobile":"","margin_bottom_desktop":"","margin_bottom_tablet":"","margin_bottom_mobile":"","disable_on":[],"content_alignment_desktop":"left","content_alignment_tablet":"left","content_alignment_mobile":"left"},"image":{"ID":12252,"id":12252,"title":"IT Professional_Product Feature 800x450","filename":"IT-Professional_Product-Feature-800x450-1.png","filesize":474440,"url":"https:\/\/natussensory.com\/wp-content\/uploads\/IT-Professional_Product-Feature-800x450-1.png","link":"https:\/\/natussensory.com\/fr\/assistance\/centre-securite\/it-professional_product-feature-800x450-2\/","alt":"IT Professional","author":"4","description":"","caption":"","name":"it-professional_product-feature-800x450-2","status":"inherit","uploaded_to":11796,"date":"2023-10-06 23:51:55","modified":"2024-07-30 16:34:35","menu_order":0,"mime_type":"image\/png","type":"image","subtype":"png","icon":"https:\/\/natussensory.com\/wp-includes\/images\/media\/default.png","width":800,"height":450,"sizes":{"thumbnail":"https:\/\/natussensory.com\/wp-content\/uploads\/IT-Professional_Product-Feature-800x450-1.png","thumbnail-width":128,"thumbnail-height":72,"medium":"https:\/\/natussensory.com\/wp-content\/uploads\/IT-Professional_Product-Feature-800x450-1.png","medium-width":800,"medium-height":450,"medium_large":"https:\/\/natussensory.com\/wp-content\/uploads\/IT-Professional_Product-Feature-800x450-1-768x432.png","medium_large-width":768,"medium_large-height":432,"large":"https:\/\/natussensory.com\/wp-content\/uploads\/IT-Professional_Product-Feature-800x450-1.png","large-width":800,"large-height":450,"1536x1536":"https:\/\/natussensory.com\/wp-content\/uploads\/IT-Professional_Product-Feature-800x450-1.png","1536x1536-width":800,"1536x1536-height":450,"2048x2048":"https:\/\/natussensory.com\/wp-content\/uploads\/IT-Professional_Product-Feature-800x450-1.png","2048x2048-width":800,"2048x2048-height":450}},"label":"","title":"","description":"<p><strong>Natus Sensory poursuit la mise en \u0153uvre de mesures de protection administratives, techniques et physiques appropri\u00e9es<\/strong> pour assurer la protection contre les incidents de s\u00e9curit\u00e9 et les violations de donn\u00e9es impliquant un produit Natus, sous r\u00e9serve que ces produits soient utilis\u00e9s conform\u00e9ment au mode d\u2019emploi du produit et aux livres blancs sur la s\u00e9curit\u00e9 des produits applicables \u00e0 l\u2019environnement d\u2019utilisation pr\u00e9vu. Toutefois, les syst\u00e8mes et les menaces \u00e9voluant, il est impossible de prot\u00e9ger un syst\u00e8me contre toutes les vuln\u00e9rabilit\u00e9s, et nous consid\u00e9rons nos clients comme nos partenaires les plus importants dans la mise en \u0153uvre des mesures de s\u00e9curit\u00e9 et de protection de la vie priv\u00e9e. Si vous avez des pr\u00e9occupations, nous vous invitons \u00e0 nous en faire part et nous examinerons la situation. Le cas \u00e9ch\u00e9ant, nous r\u00e9glerons le probl\u00e8me en apportant des modifications aux produits, en publiant des bulletins de s\u00e9curit\u00e9 sur les produits, des avis de s\u00e9curit\u00e9 des produits et\/ou en informant les clients et les autorit\u00e9s de r\u00e9glementation de mani\u00e8re responsable.<\/p>\n<p>&nbsp;<\/p>\n<p>Natus s\u2019efforce continuellement d\u2019am\u00e9liorer la s\u00e9curit\u00e9 tout au long du cycle de vie des produits en appliquant des pratiques telles que\u202f:<\/p>\n<ul>\n<li>La s\u00e9curit\u00e9 d\u00e8s la conception et mise \u00e0 niveau de s\u00e9curit\u00e9<\/li>\n<li>Une \u00e9valuation des risques li\u00e9s aux produits et aux fournisseurs<\/li>\n<li>La gestion des vuln\u00e9rabilit\u00e9s et des correctifs<\/li>\n<li>Normes industrielles de codage s\u00e9curis\u00e9 et de renforcement des syst\u00e8mes<\/li>\n<li>Tests de robustesse, analyse de vuln\u00e9rabilit\u00e9 et tests tiers<\/li>\n<li>Incident Response and Vulnerability Management<\/li>\n<li>R\u00e9ponse aux incidents et gestion des vuln\u00e9rabilit\u00e9s<\/li>\n<li>Communication client transparente<\/li>\n<\/ul>\n<p>&nbsp;<\/p>\n<p><strong>Notre entreprise s\u2019efforce continuellement d\u2019am\u00e9liorer la s\u00e9curit\u00e9 tout au long du cycle de vie des produits en appliquant des pratiques telles que\u202f:\u00a0<\/strong><\/p>\n","link":null}},{"acf_fc_layout":"tabs","_acfe_flexible_toggle":"","tabs_desktop_accordions_mobile":{"module_options":{"":null,"module_id":"n6514b0ebdaf8d","module_class":"","module_background_type":"color","module_background_color":"","module_background_image":false,"module_background_video":"","activate_custom_padding":false,"padding_top_desktop":0,"padding_top_tablet":"","padding_top_mobile":"","padding_bottom_desktop":"","padding_bottom_tablet":"","padding_bottom_mobile":"","activate_custom_margin":false,"margin_top_desktop":"","margin_top_tablet":"","margin_top_mobile":"","margin_bottom_desktop":"","margin_bottom_tablet":"","margin_bottom_mobile":"","disable_on":[],"content_alignment_desktop":"left","content_alignment_tablet":"left","content_alignment_mobile":"left"},"title":"Security Bulletins & Disclosures","tabs":[{"tab_title":"Politiques","tab_column":[{"column_title":"","links":[{"link":{"type":"post","value":"21930","url":"https:\/\/natussensory.com\/fr\/politique-de-divulgation-coordonnee-des-vulnerabilites\/","name":"Politique de divulgation des vuln\u00e9rabilit\u00e9s","title":"Politique de divulgation coordonn\u00e9e des vuln\u00e9rabilit\u00e9s","target":"_blank"}}]}]},{"tab_title":"BULLETINS DE S\u00c9CURIT\u00c9","tab_column":[{"column_title":"NeuroWorks \/ SleepWorks","links":[{"link":{"type":"url","value":"https:\/\/natus.bynder.com\/m\/7cd3bcca88e446d4\/original\/NeuroWorks-SleepWorks-Product-Security-Bulletin.pdf","url":"https:\/\/natus.bynder.com\/m\/7cd3bcca88e446d4\/original\/NeuroWorks-SleepWorks-Product-Security-Bulletin.pdf","name":"https:\/\/natus.bynder.com\/m\/7cd3bcca88e446d4\/original\/NeuroWorks-SleepWorks-Product-Security-Bulletin.pdf","title":"Default SQL Credentials Leading to Remote Code Execution","target":"_blank"}}]}]}]}}]},"_links":{"self":[{"href":"https:\/\/natussensory.com\/fr\/wp-json\/wp\/v2\/pages\/11796","targetHints":{"allow":["GET"]}}],"collection":[{"href":"https:\/\/natussensory.com\/fr\/wp-json\/wp\/v2\/pages"}],"about":[{"href":"https:\/\/natussensory.com\/fr\/wp-json\/wp\/v2\/types\/page"}],"author":[{"embeddable":true,"href":"https:\/\/natussensory.com\/fr\/wp-json\/wp\/v2\/users\/1"}],"replies":[{"embeddable":true,"href":"https:\/\/natussensory.com\/fr\/wp-json\/wp\/v2\/comments?post=11796"}],"version-history":[{"count":10,"href":"https:\/\/natussensory.com\/fr\/wp-json\/wp\/v2\/pages\/11796\/revisions"}],"predecessor-version":[{"id":27053,"href":"https:\/\/natussensory.com\/fr\/wp-json\/wp\/v2\/pages\/11796\/revisions\/27053"}],"up":[{"embeddable":true,"href":"https:\/\/natussensory.com\/fr\/wp-json\/wp\/v2\/pages\/8358"}],"wp:attachment":[{"href":"https:\/\/natussensory.com\/fr\/wp-json\/wp\/v2\/media?parent=11796"}],"wp:term":[{"taxonomy":"category","embeddable":true,"href":"https:\/\/natussensory.com\/fr\/wp-json\/wp\/v2\/categories?post=11796"},{"taxonomy":"post_tag","embeddable":true,"href":"https:\/\/natussensory.com\/fr\/wp-json\/wp\/v2\/tags?post=11796"}],"curies":[{"name":"wp","href":"https:\/\/api.w.org\/{rel}","templated":true}]}}