{"id":11778,"date":"2023-08-07T16:43:54","date_gmt":"2023-08-07T16:43:54","guid":{"rendered":"https:\/\/natussensory.com\/service-et-assistance\/customer-support\/"},"modified":"2025-09-24T08:10:14","modified_gmt":"2025-09-24T08:10:14","slug":"assistance-clientele","status":"publish","type":"page","link":"https:\/\/natussensory.com\/fr\/assistance\/assistance-clientele\/","title":{"rendered":"Assistance Client\u00e8le"},"content":{"rendered":"","protected":false},"excerpt":{"rendered":"","protected":false},"author":1,"featured_media":0,"parent":8358,"menu_order":0,"comment_status":"closed","ping_status":"closed","template":"templates\/page-customer-support.php","meta":{"_acf_changed":false,"inline_featured_image":false,"footnotes":""},"categories":[],"tags":[],"class_list":["post-11778","page","type-page","status-publish","hentry"],"acf":{"content_blocks":[{"acf_fc_layout":"spacer","_acfe_flexible_toggle":"","spacer":{"module_options":{"":null,"module_id":"n6514b734b603c","module_class":"","module_background_type":"color","module_background_color":"#473089","module_background_image":false,"module_background_video":"","activate_custom_padding":false,"padding_top_desktop":"0","padding_top_tablet":"0","padding_top_mobile":"0","padding_bottom_desktop":"0","padding_bottom_tablet":"0","padding_bottom_mobile":"0","activate_custom_margin":false,"margin_top_desktop":"0","margin_top_tablet":"0","margin_top_mobile":"0","margin_bottom_desktop":"0","margin_bottom_tablet":"0","margin_bottom_mobile":"0","disable_on":[],"content_alignment_desktop":"left","content_alignment_tablet":"left","content_alignment_mobile":"left"},"height":"160"}},{"acf_fc_layout":"simple_content","_acfe_flexible_toggle":"","content_full_width_landing":{"module_options":{"":null,"module_id":"n68ad7d1836288","module_class":"","module_background_type":"image","module_background_color":"","module_background_image":"https:\/\/natussensory.com\/wp-content\/uploads\/Homepage-banner.jpg","module_background_video":"","activate_custom_padding":true,"padding_top_desktop":"40","padding_top_tablet":"0","padding_top_mobile":"0","padding_bottom_desktop":"0","padding_bottom_tablet":"0","padding_bottom_mobile":"0","activate_custom_margin":false,"margin_top_desktop":"","margin_top_tablet":"","margin_top_mobile":"","margin_bottom_desktop":"","margin_bottom_tablet":"","margin_bottom_mobile":"","disable_on":[],"content_alignment_desktop":"left","content_alignment_tablet":"left","content_alignment_mobile":"left"},"activate_custom_container_width":false,"container_width":"","content":"<p>&nbsp;<\/p>\n<h2><\/h2>\n<h1 style=\"text-align: center;\">Assistance Client\u00e8le<\/h1>\n<p>&nbsp;<\/p>\n"}},{"acf_fc_layout":"hero","_acfe_flexible_toggle":"","text_block_with_quick_navs":{"module_options":{"":null,"module_id":"n6514b734bbd5d","module_class":"","module_background_type":"color","module_background_color":"","module_background_image":false,"module_background_video":"","activate_custom_padding":false,"padding_top_desktop":0,"padding_top_tablet":"","padding_top_mobile":"","padding_bottom_desktop":"","padding_bottom_tablet":"","padding_bottom_mobile":"","activate_custom_margin":false,"margin_top_desktop":"","margin_top_tablet":"","margin_top_mobile":"","margin_bottom_desktop":"","margin_bottom_tablet":"","margin_bottom_mobile":"","disable_on":[],"content_alignment_desktop":"left","content_alignment_tablet":"left","content_alignment_mobile":"left"},"text_block":"<p>Chez Natus Sensory nous savons que l\u2019excellence de notre service client\u00e8le est aussi importante pour nos clients que la qualit\u00e9 de nos produits. Nous restons donc constamment \u00e0 la dispositions de nos clients. Si vous souhaitez obtenir un devis ou des renseignements suppl\u00e9mentaires sur nos produits, nous serons ravis de vous les envoyer. Vous pouvez nous contacter par t\u00e9l\u00e9phone, e-mail ou fax, ou encore en utilisant ce formulaire \u00e9lectronique. Nos coordonn\u00e9es sont indiqu\u00e9es ci-dessous. Nous sommes \u00e0 votre service!<\/p>\n","quick_nav_links":[{"link":null},{"link":null}]}},{"acf_fc_layout":"accordions","_acfe_flexible_layout_title":"Contact Numbers","_acfe_flexible_toggle":"","accordions_2_columns":{"module_options":{"":null,"module_id":"n6514b734c7822","module_class":"","module_background_type":"color","module_background_color":"","module_background_image":false,"module_background_video":"","activate_custom_padding":false,"padding_top_desktop":0,"padding_top_tablet":"","padding_top_mobile":"","padding_bottom_desktop":"","padding_bottom_tablet":"","padding_bottom_mobile":"","activate_custom_margin":false,"margin_top_desktop":"","margin_top_tablet":"","margin_top_mobile":"","margin_bottom_desktop":"","margin_bottom_tablet":"","margin_bottom_mobile":"","disable_on":[],"content_alignment_desktop":"left","content_alignment_tablet":"left","content_alignment_mobile":"left"},"title":"Coordonn\u00e9es du Service Client\u00e8le","accordions":[{"accordion_title":"","accordion_rows":[{"accordion_row_title":"Coordonn\u00e9es","accordion_row":[{"title":"","description":"<p>Pour obtenir un devis, des renseignements sur votre compte ou des renseignements compl\u00e9mentaires sur nos produits.<\/p>\n<p>Tel.: +(33) 01 60 13 76 66<br \/>\nEmail:\u00a0<a class=\"mailto\" href=\"mailto:hbinfo.fr@natus.com\" data-extlink=\"\">hbinfo.fr@natus.com<\/a><\/p>\n"}]}]}]}},{"acf_fc_layout":"product_manuals_eifus","_acfe_flexible_layout_title":"Technical Service","_acfe_flexible_toggle":"","left_image_right_content_single_cta_landing":{"module_options":{"":null,"module_id":"n6514b734cfb2f","module_class":"","module_background_type":"color","module_background_color":"","module_background_image":false,"module_background_video":"","activate_custom_padding":false,"padding_top_desktop":"0","padding_top_tablet":"0","padding_top_mobile":"0","padding_bottom_desktop":"0","padding_bottom_tablet":"0","padding_bottom_mobile":"0","activate_custom_margin":false,"margin_top_desktop":"0","margin_top_tablet":"0","margin_top_mobile":"0","margin_bottom_desktop":"0","margin_bottom_tablet":"0","margin_bottom_mobile":"0","disable_on":[],"content_alignment_desktop":"left","content_alignment_tablet":"left","content_alignment_mobile":"left"},"image":{"ID":5441,"id":5441,"title":"Technical Service-800x450","filename":"Technical-Service-800x450-1.jpg","filesize":265319,"url":"https:\/\/natussensory.com\/wp-content\/uploads\/Technical-Service-800x450-1.jpg","link":"https:\/\/natussensory.com\/fr\/assistance\/assistance-clientele\/technical-service-800x450-2\/","alt":"Customer service representative","author":"4","description":"","caption":"","name":"technical-service-800x450-2","status":"inherit","uploaded_to":11778,"date":"2023-09-19 20:55:53","modified":"2024-07-26 17:06:35","menu_order":0,"mime_type":"image\/jpeg","type":"image","subtype":"jpeg","icon":"https:\/\/natussensory.com\/wp-includes\/images\/media\/default.png","width":800,"height":450,"sizes":{"thumbnail":"https:\/\/natussensory.com\/wp-content\/uploads\/Technical-Service-800x450-1.jpg","thumbnail-width":128,"thumbnail-height":72,"medium":"https:\/\/natussensory.com\/wp-content\/uploads\/Technical-Service-800x450-1.jpg","medium-width":800,"medium-height":450,"medium_large":"https:\/\/natussensory.com\/wp-content\/uploads\/Technical-Service-800x450-1-768x432.jpg","medium_large-width":768,"medium_large-height":432,"large":"https:\/\/natussensory.com\/wp-content\/uploads\/Technical-Service-800x450-1.jpg","large-width":800,"large-height":450,"1536x1536":"https:\/\/natussensory.com\/wp-content\/uploads\/Technical-Service-800x450-1.jpg","1536x1536-width":800,"1536x1536-height":450,"2048x2048":"https:\/\/natussensory.com\/wp-content\/uploads\/Technical-Service-800x450-1.jpg","2048x2048-width":800,"2048x2048-height":450}},"label":"Service Technique","title":"Avez-Vous Besoin de l\u2019aide du Service Technique?","description":"<p>Pour toute assistance concernant la r\u00e9paration d\u2019\u00e9quipements, la maintenance, les \u00e9talonnages et l\u2019assistance technique de votre produit Natus, contactez notre \u00e9quipe de service technique.<\/p>\n","link":{"type":"post","value":"11788","url":"https:\/\/natussensory.com\/fr\/assistance\/service-technique\/","name":"Service Technique","title":"Contacter Le Service Technique ","target":""}}},{"acf_fc_layout":"product_manuals_eifus","_acfe_flexible_toggle":"","left_image_right_content_single_cta_landing":{"module_options":{"":null,"module_id":"n6514b734d708e","module_class":"","module_background_type":"color","module_background_color":"","module_background_image":false,"module_background_video":"","activate_custom_padding":false,"padding_top_desktop":0,"padding_top_tablet":"","padding_top_mobile":"","padding_bottom_desktop":"","padding_bottom_tablet":"","padding_bottom_mobile":"","activate_custom_margin":false,"margin_top_desktop":"","margin_top_tablet":"","margin_top_mobile":"","margin_bottom_desktop":"","margin_bottom_tablet":"","margin_bottom_mobile":"","disable_on":[],"content_alignment_desktop":"left","content_alignment_tablet":"left","content_alignment_mobile":"left"},"image":{"ID":4336,"id":4336,"title":"Doctor on a tablet 800x450","filename":"Doctor-on-a-tablet-800x450-1.png","filesize":433489,"url":"https:\/\/natussensory.com\/wp-content\/uploads\/Doctor-on-a-tablet-800x450-1.png","link":"https:\/\/natussensory.com\/fr\/assistance\/doctor-on-a-tablet-800x450-2\/","alt":"Doctor on a tablet","author":"4","description":"","caption":"","name":"doctor-on-a-tablet-800x450-2","status":"inherit","uploaded_to":8358,"date":"2023-09-14 19:11:09","modified":"2024-07-29 20:27:08","menu_order":0,"mime_type":"image\/png","type":"image","subtype":"png","icon":"https:\/\/natussensory.com\/wp-includes\/images\/media\/default.png","width":800,"height":450,"sizes":{"thumbnail":"https:\/\/natussensory.com\/wp-content\/uploads\/Doctor-on-a-tablet-800x450-1.png","thumbnail-width":128,"thumbnail-height":72,"medium":"https:\/\/natussensory.com\/wp-content\/uploads\/Doctor-on-a-tablet-800x450-1.png","medium-width":800,"medium-height":450,"medium_large":"https:\/\/natussensory.com\/wp-content\/uploads\/Doctor-on-a-tablet-800x450-1-768x432.png","medium_large-width":768,"medium_large-height":432,"large":"https:\/\/natussensory.com\/wp-content\/uploads\/Doctor-on-a-tablet-800x450-1.png","large-width":800,"large-height":450,"1536x1536":"https:\/\/natussensory.com\/wp-content\/uploads\/Doctor-on-a-tablet-800x450-1.png","1536x1536-width":800,"1536x1536-height":450,"2048x2048":"https:\/\/natussensory.com\/wp-content\/uploads\/Doctor-on-a-tablet-800x450-1.png","2048x2048-width":800,"2048x2048-height":450}},"label":"T\u00e9l\u00e9chargements","title":"Centre de Connaissances sur les Produits ","description":"<p>Besoin d\u2019un manuel ou d\u2019un mode d\u2019emploi \u00e9lectronique pour votre produit Natus\u202f? Acc\u00e9dez \u00e0 notre centre de connaissances sur les produits.<\/p>\n<p>&nbsp;<\/p>\n<p><a href=\"https:\/\/natus.bynder.com\/web\/6b2b59adbe92f133\/archived-product-manuals-\/\">Pour consulter les r\u00e9visions pr\u00e9c\u00e9dentes des instructions d\u2019utilisation \u00e9lectroniques des produits, cliquez ici. <\/a><\/p>\n","link":{"type":"url","value":"https:\/\/natus.bynder.com\/web\/3109238f80bad185\/product-knowledge-center\/","url":"https:\/\/natus.bynder.com\/web\/3109238f80bad185\/product-knowledge-center\/","name":"https:\/\/natus.bynder.com\/web\/3109238f80bad185\/product-knowledge-center\/","title":"Acc\u00e9der","target":"_blank"}}},{"acf_fc_layout":"contact_form","_acfe_flexible_toggle":"","contact_form_landing":{"module_options":{"":null,"module_id":"n6514b734e78d5","module_class":"","module_background_type":"color","module_background_color":"","module_background_image":false,"module_background_video":"","activate_custom_padding":false,"padding_top_desktop":0,"padding_top_tablet":"","padding_top_mobile":"","padding_bottom_desktop":"","padding_bottom_tablet":"","padding_bottom_mobile":"","activate_custom_margin":false,"margin_top_desktop":"","margin_top_tablet":"","margin_top_mobile":"","margin_bottom_desktop":"","margin_bottom_tablet":"","margin_bottom_mobile":"","disable_on":[],"content_alignment_desktop":"left","content_alignment_tablet":"left","content_alignment_mobile":"left"},"":null,"activate_intro":true,"intro_text":"Contacter le Service Client\u00e8le","intro_text_color":"#005e63","intro_link":null,"activate_description":true,"description_title":"Contactez Nous","description_copy":"Comment pouvons-nous vous aider? Envoyez-nous une demande via notre formulaire de contact\u202f; un repr\u00e9sentant de Natus prendra contact avec vous. ","embed_code":"<script charset=\"utf-8\" type=\"text\/javascript\" src=\"\/\/js.hsforms.net\/forms\/embed\/v2.js\"><\/script>\r\n<script>\r\n  hbspt.forms.create({\r\n    region: \"na1\",\r\n    portalId: \"3002890\",\r\n    formId: \"ebb06604-8402-46bc-9362-3b5b0e976e1e\"\r\n  });\r\n<\/script>"}}],"activate_custom_page_js":false},"_links":{"self":[{"href":"https:\/\/natussensory.com\/fr\/wp-json\/wp\/v2\/pages\/11778","targetHints":{"allow":["GET"]}}],"collection":[{"href":"https:\/\/natussensory.com\/fr\/wp-json\/wp\/v2\/pages"}],"about":[{"href":"https:\/\/natussensory.com\/fr\/wp-json\/wp\/v2\/types\/page"}],"author":[{"embeddable":true,"href":"https:\/\/natussensory.com\/fr\/wp-json\/wp\/v2\/users\/1"}],"replies":[{"embeddable":true,"href":"https:\/\/natussensory.com\/fr\/wp-json\/wp\/v2\/comments?post=11778"}],"version-history":[{"count":10,"href":"https:\/\/natussensory.com\/fr\/wp-json\/wp\/v2\/pages\/11778\/revisions"}],"predecessor-version":[{"id":27113,"href":"https:\/\/natussensory.com\/fr\/wp-json\/wp\/v2\/pages\/11778\/revisions\/27113"}],"up":[{"embeddable":true,"href":"https:\/\/natussensory.com\/fr\/wp-json\/wp\/v2\/pages\/8358"}],"wp:attachment":[{"href":"https:\/\/natussensory.com\/fr\/wp-json\/wp\/v2\/media?parent=11778"}],"wp:term":[{"taxonomy":"category","embeddable":true,"href":"https:\/\/natussensory.com\/fr\/wp-json\/wp\/v2\/categories?post=11778"},{"taxonomy":"post_tag","embeddable":true,"href":"https:\/\/natussensory.com\/fr\/wp-json\/wp\/v2\/tags?post=11778"}],"curies":[{"name":"wp","href":"https:\/\/api.w.org\/{rel}","templated":true}]}}