{"id":11516,"date":"2023-10-05T08:33:30","date_gmt":"2023-10-05T08:33:30","guid":{"rendered":"https:\/\/natussensory.com\/sensory\/algo-supplies\/"},"modified":"2025-10-22T11:04:05","modified_gmt":"2025-10-22T11:04:05","slug":"algo-supplies","status":"publish","type":"page","link":"https:\/\/natussensory.com\/fr\/produits\/algo-supplies\/","title":{"rendered":"Consommables ALGO\u00ae d\u00e9pistage auditif"},"content":{"rendered":"","protected":false},"excerpt":{"rendered":"","protected":false},"author":4,"featured_media":0,"parent":10961,"menu_order":0,"comment_status":"closed","ping_status":"closed","template":"templates\/page-sensory-solutions-product-landing.php","meta":{"_acf_changed":false,"inline_featured_image":false,"footnotes":""},"categories":[284,294],"tags":[],"class_list":["post-11516","page","type-page","status-publish","hentry","category-depistage-auditif","category-hearing-screening-fr"],"acf":{"content_blocks":[{"acf_fc_layout":"spacer","_acfe_flexible_toggle":"","spacer":{"module_options":{"":null,"module_id":"n6514b32fd84ee","module_class":"","module_background_type":"color","module_background_color":"#473089","module_background_image":false,"module_background_video":"","activate_custom_padding":false,"padding_top_desktop":"0","padding_top_tablet":"0","padding_top_mobile":"0","padding_bottom_desktop":"0","padding_bottom_tablet":"0","padding_bottom_mobile":"0","activate_custom_margin":false,"margin_top_desktop":"0","margin_top_tablet":"0","margin_top_mobile":"0","margin_bottom_desktop":"0","margin_bottom_tablet":"0","margin_bottom_mobile":"0","disable_on":[],"content_alignment_desktop":"left","content_alignment_tablet":"left","content_alignment_mobile":"left"},"height":"160"}},{"acf_fc_layout":"intro_with_sticky_image","_acfe_flexible_toggle":"","left_content_right_image_sticky":{"module_options":{"":null,"module_id":"n6514b32fe2df8","module_class":"","module_background_type":"color","module_background_color":"","module_background_image":false,"module_background_video":"","activate_custom_padding":false,"padding_top_desktop":"0","padding_top_tablet":"0","padding_top_mobile":"0","padding_bottom_desktop":"0","padding_bottom_tablet":"0","padding_bottom_mobile":"0","activate_custom_margin":false,"margin_top_desktop":"0","margin_top_tablet":"0","margin_top_mobile":"0","margin_bottom_desktop":"0","margin_bottom_tablet":"0","margin_bottom_mobile":"0","disable_on":[],"content_alignment_desktop":"left","content_alignment_tablet":"left","content_alignment_mobile":"left"},"":null,"title":"Consommables pour l\u2019appareil de d\u00e9pistage des troubles auditifs ALGO\u00ae","subheader":"<p>Les oreillettes ALGO Flexicoupler<sup>\u00ae<\/sup>\u00a0et les capteurs Jelly Tab<sup>\u00ae<\/sup>\u00a0\u00a0permettent d\u2019obtenir des r\u00e9sultats rapides et fiables \u00e0 l\u2019issue du test de d\u00e9pistage.<\/p>\n<p>&nbsp;<\/p>\n<p><span style=\"font-size: 11px;\">Les produits peuvent ne pas \u00eatre disponibles dans tous les pays. Contactez Natus pour obtenir des informations sp\u00e9cifiques \u00e0 votre pays.<\/span><\/p>\n","icons":false,"quick_navigation":[{"quick_link":{"type":"url","value":"#contact","url":"#contact","name":"#contact","title":"Contactez votre repr\u00e9sentant Natus","target":""}},{"quick_link":{"type":"url","value":"#info","url":"#info","name":"#info","title":"Explorer plus de d\u00e9tails","target":""}}],"description":"","message_label":"Service et Assistance Natus","message_title":"Vous recherchez un service de produit ou une assistance technique ?","message_link":{"type":"post","value":"883","url":"https:\/\/natussensory.com\/support\/","name":"Service &#038; Support","title":"Natus Service et Assistance","target":""},"right_sticky_image":{"ID":11498,"id":11498,"title":"Algo-Supplies_product thumbnail","filename":"Algo-Supplies_product-thumbnail.png","filesize":191814,"url":"https:\/\/natussensory.com\/wp-content\/uploads\/Algo-Supplies_product-thumbnail.png","link":"https:\/\/natussensory.com\/fr\/produits\/algo-supplies\/algo-supplies_product-thumbnail-2\/","alt":"Hydrogel Adhesive Sensors and accessories from ALGO supplies for newborn hearing screeners.","author":"4","description":"","caption":"","name":"algo-supplies_product-thumbnail-2","status":"inherit","uploaded_to":11516,"date":"2023-10-05 08:38:46","modified":"2025-05-20 12:29:31","menu_order":0,"mime_type":"image\/png","type":"image","subtype":"png","icon":"https:\/\/natussensory.com\/wp-includes\/images\/media\/default.png","width":500,"height":448,"sizes":{"thumbnail":"https:\/\/natussensory.com\/wp-content\/uploads\/Algo-Supplies_product-thumbnail.png","thumbnail-width":107,"thumbnail-height":96,"medium":"https:\/\/natussensory.com\/wp-content\/uploads\/Algo-Supplies_product-thumbnail.png","medium-width":500,"medium-height":448,"medium_large":"https:\/\/natussensory.com\/wp-content\/uploads\/Algo-Supplies_product-thumbnail.png","medium_large-width":500,"medium_large-height":448,"large":"https:\/\/natussensory.com\/wp-content\/uploads\/Algo-Supplies_product-thumbnail.png","large-width":500,"large-height":448,"1536x1536":"https:\/\/natussensory.com\/wp-content\/uploads\/Algo-Supplies_product-thumbnail.png","1536x1536-width":500,"1536x1536-height":448,"2048x2048":"https:\/\/natussensory.com\/wp-content\/uploads\/Algo-Supplies_product-thumbnail.png","2048x2048-width":500,"2048x2048-height":448}}}},{"acf_fc_layout":"simple_content","_acfe_flexible_toggle":"","content_full_width_landing":{"module_options":{"":null,"module_id":"n6514b32fef0ef","module_class":"","module_background_type":"color","module_background_color":"","module_background_image":false,"module_background_video":"","activate_custom_padding":false,"padding_top_desktop":"0","padding_top_tablet":"0","padding_top_mobile":"0","padding_bottom_desktop":"0","padding_bottom_tablet":"0","padding_bottom_mobile":"0","activate_custom_margin":false,"margin_top_desktop":"0","margin_top_tablet":"0","margin_top_mobile":"0","margin_bottom_desktop":"0","margin_bottom_tablet":"0","margin_bottom_mobile":"0","disable_on":[],"content_alignment_desktop":"left","content_alignment_tablet":"left","content_alignment_mobile":"left"},"activate_custom_container_width":false,"container_width":"","content":"<h4>La garantie de fiabilit\u00e9 du d\u00e9pistage ALGO<\/h4>\n<p>Les propri\u00e9t\u00e9s acoustiques exclusives des oreillettes Flexicoupler : la cl\u00e9 pour la pr\u00e9cision du d\u00e9pistage des troubles auditifs<sup>1<\/sup>. \u00a0Ces oreillettes sont fabriqu\u00e9es avec des normes techniques et de qualit\u00e9 extr\u00eamement strictes. La connexion brevet\u00e9e assur\u00e9e par le c\u00e2ble reli\u00e9 \u00e0 l\u2019oreillette ALGO produit un son uniforme dans les oreilles du b\u00e9b\u00e9.<\/p>\n<p>&nbsp;<\/p>\n<p>Les oreillettes Flexicoupler et les capteurs Jelly Tab sont con\u00e7us pour produire un d\u00e9pistage des troubles auditifs extr\u00eamement pr\u00e9cis. Leur performance est optimale lorsqu\u2019on les utilise avec les appareils <a href=\"https:\/\/natussensory.com\/sensory\/algo-7i\/\">ALGO 7i<\/a> et <a href=\"https:\/\/natussensory.com\/sensory\/algo-5\/\">ALGO 5<\/a>.<\/p>\n"}},{"acf_fc_layout":"product_details_right_image_and_left_content","_acfe_flexible_toggle":"","right_image_left_content_single_cta_landing":{"module_options":{"":null,"module_id":"n651e77921c0db","module_class":"","module_background_type":"color","module_background_color":"","module_background_image":false,"module_background_video":"","activate_custom_padding":false,"padding_top_desktop":"0","padding_top_tablet":"0","padding_top_mobile":"0","padding_bottom_desktop":"0","padding_bottom_tablet":"0","padding_bottom_mobile":"0","activate_custom_margin":false,"margin_top_desktop":"0","margin_top_tablet":"0","margin_top_mobile":"0","margin_bottom_desktop":"0","margin_bottom_tablet":"0","margin_bottom_mobile":"0","disable_on":[],"content_alignment_desktop":"left","content_alignment_tablet":"left","content_alignment_mobile":"left"},"":null,"label":"","title":"Un nouveau standard industriel est n\u00e9 ","description":"<p><strong>Oreillettes Flexicoupler ALGO\u00a0<\/strong><\/p>\n<ul>\n<li>Des propri\u00e9t\u00e9s acoustiques cl\u00e9s pour assurer un d\u00e9pistage de pr\u00e9cision sup\u00e9rieure et de performance optimale<\/li>\n<li>Les adh\u00e9sifs l\u00e9gers permettent une bonne fixation et un ajustement confortable<\/li>\n<li>Fabriqu\u00e9es avec des normes techniques et de qualit\u00e9 extr\u00eamement strictes<\/li>\n<li>La connexion brevet\u00e9e assur\u00e9e par le c\u00e2ble reli\u00e9 \u00e0 l\u2019oreillette ALGO produit un son uniforme dans les oreilles du nouveau-n\u00e9<\/li>\n<\/ul>\n<p>&nbsp;<\/p>\n<p><strong>Capteurs ALGO Jelly Tab\u00a0<\/strong><\/p>\n<ul>\n<li>Adh\u00e9sif l\u00e9ger \u00e0 l\u2019hydrogel pour s\u00e9curiser le placement s\u00fbr et faciliter l\u2019enl\u00e8vement<\/li>\n<li>Onglets violets pour assurer une connexion pr\u00e9cise du c\u00e2ble sur le capteur<\/li>\n<\/ul>\n<p>&nbsp;<\/p>\n<p><span style=\"font-size: 11px;\">1. Donn\u00e9es cliniques \u00e0 disposition chez Natus<\/span><\/p>\n","link":null,"image":{"ID":8924,"id":8924,"title":"Algo5-supplies_baby_spot","filename":"Algo5-supplies_baby_spot.jpg","filesize":213459,"url":"https:\/\/natussensory.com\/wp-content\/uploads\/Algo5-supplies_baby_spot.jpg","link":"https:\/\/natussensory.com\/fr\/produits\/algo-5\/algo5-supplies_baby_spot-2\/","alt":"Newborn with ALGO supplies including Hydrogel Adhesive Sensors and Proprietary Acoustic Earphones during hearing screening.","author":"4","description":"","caption":"","name":"algo5-supplies_baby_spot-2","status":"inherit","uploaded_to":9822,"date":"2023-10-01 15:02:40","modified":"2025-05-22 08:07:49","menu_order":0,"mime_type":"image\/jpeg","type":"image","subtype":"jpeg","icon":"https:\/\/natussensory.com\/wp-includes\/images\/media\/default.png","width":800,"height":450,"sizes":{"thumbnail":"https:\/\/natussensory.com\/wp-content\/uploads\/Algo5-supplies_baby_spot.jpg","thumbnail-width":128,"thumbnail-height":72,"medium":"https:\/\/natussensory.com\/wp-content\/uploads\/Algo5-supplies_baby_spot.jpg","medium-width":800,"medium-height":450,"medium_large":"https:\/\/natussensory.com\/wp-content\/uploads\/Algo5-supplies_baby_spot-768x432.jpg","medium_large-width":768,"medium_large-height":432,"large":"https:\/\/natussensory.com\/wp-content\/uploads\/Algo5-supplies_baby_spot.jpg","large-width":800,"large-height":450,"1536x1536":"https:\/\/natussensory.com\/wp-content\/uploads\/Algo5-supplies_baby_spot.jpg","1536x1536-width":800,"1536x1536-height":450,"2048x2048":"https:\/\/natussensory.com\/wp-content\/uploads\/Algo5-supplies_baby_spot.jpg","2048x2048-width":800,"2048x2048-height":450}}}},{"acf_fc_layout":"related_products","_acfe_flexible_layout_title":"Resources and Support","_acfe_flexible_toggle":"","tiles_3_columns_landing":{"module_options":{"":null,"module_id":"n6514389e9cd0e","module_class":"","module_background_type":"color","module_background_color":"","module_background_image":false,"module_background_video":"","activate_custom_padding":false,"padding_top_desktop":0,"padding_top_tablet":"","padding_top_mobile":"","padding_bottom_desktop":"","padding_bottom_tablet":"","padding_bottom_mobile":"","activate_custom_margin":false,"margin_top_desktop":"","margin_top_tablet":"","margin_top_mobile":"","margin_bottom_desktop":"","margin_bottom_tablet":"","margin_bottom_mobile":"","disable_on":[],"content_alignment_desktop":"left","content_alignment_tablet":"left","content_alignment_mobile":"left"},"intro_text":"Ressources et Assistance","intro_text_color":"","intro_link":null,"tiles":[{"label":"Ressources","label_background_color":"#154284","image":false,"title":"Brochure, fiche technique et plus","link":{"type":"url","value":"https:\/\/natus.bynder.com\/web\/16cd99a187b74cdd\/resource-library-algo-7i\/","url":"https:\/\/natus.bynder.com\/web\/16cd99a187b74cdd\/resource-library-algo-7i\/","name":"https:\/\/natus.bynder.com\/web\/16cd99a187b74cdd\/resource-library-algo-7i\/","title":"ALGO Ressources","target":"_blank"}},{"label":"Assistance","label_background_color":"#154284","image":false,"title":"Manuals and guides (eIFUs)","link":{"type":"post","value":"8358","url":"https:\/\/natussensory.com\/fr\/assistance\/","name":"Service et Assistance","title":"Service et Assistance","target":""}}]}},{"acf_fc_layout":"related_products","_acfe_flexible_toggle":"","tiles_3_columns_landing":{"module_options":{"":null,"module_id":"n6514af3363d37","module_class":"","module_background_type":"color","module_background_color":"","module_background_image":false,"module_background_video":"","activate_custom_padding":false,"padding_top_desktop":0,"padding_top_tablet":"","padding_top_mobile":"","padding_bottom_desktop":"","padding_bottom_tablet":"","padding_bottom_mobile":"","activate_custom_margin":false,"margin_top_desktop":"","margin_top_tablet":"","margin_top_mobile":"","margin_bottom_desktop":"","margin_bottom_tablet":"","margin_bottom_mobile":"","disable_on":[],"content_alignment_desktop":"left","content_alignment_tablet":"left","content_alignment_mobile":"left"},"intro_text":"Produits Connexes","intro_text_color":"#005e63","intro_link":{"type":"post","value":"1518","url":"https:\/\/natussensory.com\/products\/","name":"Products","title":"Voir tous les produits","target":""},"tiles":[{"label":"ALGO 7i","label_background_color":"#154284","image":{"ID":8897,"id":8897,"title":"ALGO-7i_linkspot","filename":"ALGO-7i_linkspot.jpg","filesize":30220,"url":"https:\/\/natussensory.com\/wp-content\/uploads\/ALGO-7i_linkspot.jpg","link":"https:\/\/natussensory.com\/fr\/produits\/algo-7i\/algo-7i_linkspot-2\/","alt":"Algo7i","author":"4","description":"","caption":"","name":"algo-7i_linkspot-2","status":"inherit","uploaded_to":9815,"date":"2023-10-01 14:24:18","modified":"2025-08-06 14:10:09","menu_order":0,"mime_type":"image\/jpeg","type":"image","subtype":"jpeg","icon":"https:\/\/natussensory.com\/wp-includes\/images\/media\/default.png","width":600,"height":300,"sizes":{"thumbnail":"https:\/\/natussensory.com\/wp-content\/uploads\/ALGO-7i_linkspot.jpg","thumbnail-width":128,"thumbnail-height":64,"medium":"https:\/\/natussensory.com\/wp-content\/uploads\/ALGO-7i_linkspot.jpg","medium-width":600,"medium-height":300,"medium_large":"https:\/\/natussensory.com\/wp-content\/uploads\/ALGO-7i_linkspot.jpg","medium_large-width":600,"medium_large-height":300,"large":"https:\/\/natussensory.com\/wp-content\/uploads\/ALGO-7i_linkspot.jpg","large-width":600,"large-height":300,"1536x1536":"https:\/\/natussensory.com\/wp-content\/uploads\/ALGO-7i_linkspot.jpg","1536x1536-width":600,"1536x1536-height":300,"2048x2048":"https:\/\/natussensory.com\/wp-content\/uploads\/ALGO-7i_linkspot.jpg","2048x2048-width":600,"2048x2048-height":300}},"title":"Syst\u00e8me de d\u00e9pistage des troubles auditifs du nouveau-n\u00e9","link":{"type":"post","value":"4205","url":"https:\/\/natussensory.com\/products\/algo-7i\/","name":"ALGO\u00ae 7i Newborn Hearing Screener","title":"En Savoir Plus","target":""}},{"label":"ALGO 5","label_background_color":"#154284","image":{"ID":8892,"id":8892,"title":"ALGO-5_linkspot","filename":"ALGO-5_linkspot.jpg","filesize":28050,"url":"https:\/\/natussensory.com\/wp-content\/uploads\/ALGO-5_linkspot.jpg","link":"https:\/\/natussensory.com\/fr\/produits\/algo-7i\/algo-5_linkspot-2\/","alt":"ALGO-5","author":"4","description":"","caption":"","name":"algo-5_linkspot-2","status":"inherit","uploaded_to":9815,"date":"2023-10-01 14:24:16","modified":"2025-08-06 14:08:11","menu_order":0,"mime_type":"image\/jpeg","type":"image","subtype":"jpeg","icon":"https:\/\/natussensory.com\/wp-includes\/images\/media\/default.png","width":600,"height":300,"sizes":{"thumbnail":"https:\/\/natussensory.com\/wp-content\/uploads\/ALGO-5_linkspot.jpg","thumbnail-width":128,"thumbnail-height":64,"medium":"https:\/\/natussensory.com\/wp-content\/uploads\/ALGO-5_linkspot.jpg","medium-width":600,"medium-height":300,"medium_large":"https:\/\/natussensory.com\/wp-content\/uploads\/ALGO-5_linkspot.jpg","medium_large-width":600,"medium_large-height":300,"large":"https:\/\/natussensory.com\/wp-content\/uploads\/ALGO-5_linkspot.jpg","large-width":600,"large-height":300,"1536x1536":"https:\/\/natussensory.com\/wp-content\/uploads\/ALGO-5_linkspot.jpg","1536x1536-width":600,"1536x1536-height":300,"2048x2048":"https:\/\/natussensory.com\/wp-content\/uploads\/ALGO-5_linkspot.jpg","2048x2048-width":600,"2048x2048-height":300}},"title":"D\u00e9pistage des auditifs du nouveau-n\u00e9","link":{"type":"post","value":"4204","url":"https:\/\/natussensory.com\/products\/algo-5\/","name":"ALGO\u00ae 5 &#8211; Newborn Hearing Screening Equipment","title":"En Savoir Plus","target":""}},{"label":"Accuscreen","label_background_color":"#154284","image":{"ID":8887,"id":8887,"title":"Accuscreen_linkspot","filename":"Accuscreen_linkspot.jpg","filesize":34234,"url":"https:\/\/natussensory.com\/wp-content\/uploads\/Accuscreen_linkspot.jpg","link":"https:\/\/natussensory.com\/fr\/produits\/algo-7i\/accuscreen_linkspot-2\/","alt":"Accuscreen","author":"4","description":"","caption":"","name":"accuscreen_linkspot-2","status":"inherit","uploaded_to":9815,"date":"2023-10-01 14:24:14","modified":"2025-08-06 14:23:23","menu_order":0,"mime_type":"image\/jpeg","type":"image","subtype":"jpeg","icon":"https:\/\/natussensory.com\/wp-includes\/images\/media\/default.png","width":600,"height":300,"sizes":{"thumbnail":"https:\/\/natussensory.com\/wp-content\/uploads\/Accuscreen_linkspot.jpg","thumbnail-width":128,"thumbnail-height":64,"medium":"https:\/\/natussensory.com\/wp-content\/uploads\/Accuscreen_linkspot.jpg","medium-width":600,"medium-height":300,"medium_large":"https:\/\/natussensory.com\/wp-content\/uploads\/Accuscreen_linkspot.jpg","medium_large-width":600,"medium_large-height":300,"large":"https:\/\/natussensory.com\/wp-content\/uploads\/Accuscreen_linkspot.jpg","large-width":600,"large-height":300,"1536x1536":"https:\/\/natussensory.com\/wp-content\/uploads\/Accuscreen_linkspot.jpg","1536x1536-width":600,"1536x1536-height":300,"2048x2048":"https:\/\/natussensory.com\/wp-content\/uploads\/Accuscreen_linkspot.jpg","2048x2048-width":600,"2048x2048-height":300}},"title":"D\u00e9pistage OEA et PEAA combin\u00e9, l\u00e9ger et portable","link":{"type":"post","value":"4633","url":"https:\/\/natussensory.com\/products\/madsen-accuscreen\/","name":"Madsen\u00ae Accuscreen\u00ae &#8211; Newborn Hearing Screener","title":"En Savoir Plus","target":""}}]}},{"acf_fc_layout":"contact_form","_acfe_flexible_toggle":"","contact_form_landing":{"module_options":{"":null,"module_id":"contact","module_class":"","module_background_type":"color","module_background_color":"","module_background_image":false,"module_background_video":"","activate_custom_padding":false,"padding_top_desktop":0,"padding_top_tablet":"","padding_top_mobile":"","padding_bottom_desktop":"","padding_bottom_tablet":"","padding_bottom_mobile":"","activate_custom_margin":false,"margin_top_desktop":"","margin_top_tablet":"","margin_top_mobile":"","margin_bottom_desktop":"","margin_bottom_tablet":"","margin_bottom_mobile":"","disable_on":[],"content_alignment_desktop":"left","content_alignment_tablet":"left","content_alignment_mobile":"left"},"":null,"activate_intro":false,"intro_text":"","intro_text_color":"","intro_link":null,"activate_description":true,"description_title":"Contactez-nous","description_copy":"","embed_code":"<script charset=\"utf-8\" type=\"text\/javascript\" src=\"\/\/js.hsforms.net\/forms\/embed\/v2.js\"><\/script>\r\n<script>\r\n  hbspt.forms.create({\r\n    region: \"na1\",\r\n    portalId: \"3002890\",\r\n    formId: \"4c6b2014-b13d-41cb-8898-fd5fceb32032\"\r\n  });\r\n<\/script>"}},{"acf_fc_layout":"simple_content","_acfe_flexible_layout_title":"Part number","_acfe_flexible_toggle":"","content_full_width_landing":{"module_options":{"":null,"module_id":"n6514b3303f2fe","module_class":"","module_background_type":"color","module_background_color":"","module_background_image":false,"module_background_video":"","activate_custom_padding":false,"padding_top_desktop":0,"padding_top_tablet":"","padding_top_mobile":"","padding_bottom_desktop":"","padding_bottom_tablet":"","padding_bottom_mobile":"","activate_custom_margin":false,"margin_top_desktop":"","margin_top_tablet":"","margin_top_mobile":"","margin_bottom_desktop":"","margin_bottom_tablet":"","margin_bottom_mobile":"","disable_on":[],"content_alignment_desktop":"left","content_alignment_tablet":"left","content_alignment_mobile":"left"},"activate_custom_container_width":false,"container_width":"","content":"<p><span style=\"font-size: 11px;\">003948 RevF<\/span><\/p>\n"}}]},"_links":{"self":[{"href":"https:\/\/natussensory.com\/fr\/wp-json\/wp\/v2\/pages\/11516","targetHints":{"allow":["GET"]}}],"collection":[{"href":"https:\/\/natussensory.com\/fr\/wp-json\/wp\/v2\/pages"}],"about":[{"href":"https:\/\/natussensory.com\/fr\/wp-json\/wp\/v2\/types\/page"}],"author":[{"embeddable":true,"href":"https:\/\/natussensory.com\/fr\/wp-json\/wp\/v2\/users\/4"}],"replies":[{"embeddable":true,"href":"https:\/\/natussensory.com\/fr\/wp-json\/wp\/v2\/comments?post=11516"}],"version-history":[{"count":8,"href":"https:\/\/natussensory.com\/fr\/wp-json\/wp\/v2\/pages\/11516\/revisions"}],"predecessor-version":[{"id":27572,"href":"https:\/\/natussensory.com\/fr\/wp-json\/wp\/v2\/pages\/11516\/revisions\/27572"}],"up":[{"embeddable":true,"href":"https:\/\/natussensory.com\/fr\/wp-json\/wp\/v2\/pages\/10961"}],"wp:attachment":[{"href":"https:\/\/natussensory.com\/fr\/wp-json\/wp\/v2\/media?parent=11516"}],"wp:term":[{"taxonomy":"category","embeddable":true,"href":"https:\/\/natussensory.com\/fr\/wp-json\/wp\/v2\/categories?post=11516"},{"taxonomy":"post_tag","embeddable":true,"href":"https:\/\/natussensory.com\/fr\/wp-json\/wp\/v2\/tags?post=11516"}],"curies":[{"name":"wp","href":"https:\/\/api.w.org\/{rel}","templated":true}]}}