{"id":11301,"date":"2023-08-17T19:14:13","date_gmt":"2023-08-17T19:14:13","guid":{"rendered":"https:\/\/natussensory.com\/education\/"},"modified":"2025-09-24T09:37:54","modified_gmt":"2025-09-24T09:37:54","slug":"connaissances","status":"publish","type":"page","link":"https:\/\/natussensory.com\/fr\/connaissances\/","title":{"rendered":"Connaissances"},"content":{"rendered":"","protected":false},"excerpt":{"rendered":"","protected":false},"author":1,"featured_media":0,"parent":0,"menu_order":0,"comment_status":"closed","ping_status":"closed","template":"","meta":{"_acf_changed":false,"inline_featured_image":false,"footnotes":""},"categories":[],"tags":[],"class_list":["post-11301","page","type-page","status-publish","hentry"],"acf":{"content_blocks":[{"acf_fc_layout":"spacer","_acfe_flexible_toggle":"","spacer":{"module_options":{"":null,"module_id":"n6514d1d199838","module_class":"","module_background_type":"color","module_background_color":"#473089","module_background_image":false,"module_background_video":"","activate_custom_padding":false,"padding_top_desktop":0,"padding_top_tablet":"","padding_top_mobile":"","padding_bottom_desktop":"","padding_bottom_tablet":"","padding_bottom_mobile":"","activate_custom_margin":false,"margin_top_desktop":"","margin_top_tablet":"","margin_top_mobile":"","margin_bottom_desktop":"","margin_bottom_tablet":"","margin_bottom_mobile":"","disable_on":[],"content_alignment_desktop":"left","content_alignment_tablet":"left","content_alignment_mobile":"left"},"height":"160"}},{"acf_fc_layout":"simple_content","_acfe_flexible_toggle":"","content_full_width_landing":{"module_options":{"":null,"module_id":"n6514d1d1bceb1","module_class":"","module_background_type":"image","module_background_color":"","module_background_image":"https:\/\/natussensory.com\/wp-content\/uploads\/Homepage-banner.jpg","module_background_video":"","activate_custom_padding":true,"padding_top_desktop":"40","padding_top_tablet":"0","padding_top_mobile":"0","padding_bottom_desktop":"0","padding_bottom_tablet":"0","padding_bottom_mobile":"10","activate_custom_margin":false,"margin_top_desktop":"","margin_top_tablet":"","margin_top_mobile":"","margin_bottom_desktop":"","margin_bottom_tablet":"","margin_bottom_mobile":"","disable_on":[],"content_alignment_desktop":"left","content_alignment_tablet":"left","content_alignment_mobile":"left"},"activate_custom_container_width":false,"container_width":"","content":"<p>&nbsp;<\/p>\n<h2><\/h2>\n<h1 style=\"text-align: center;\">Connaissances<\/h1>\n<p>&nbsp;<\/p>\n<p>&nbsp;<\/p>\n<p>&nbsp;<\/p>\n"}},{"acf_fc_layout":"content_multiple_columns","_acfe_flexible_toggle":"","content_multiple_columns":{"module_options":{"":null,"module_id":"n6511b0fddb3e1","module_class":"","module_background_type":"color","module_background_color":"","module_background_image":false,"module_background_video":"","activate_custom_padding":true,"padding_top_desktop":"0","padding_top_tablet":"0","padding_top_mobile":"0","padding_bottom_desktop":"0","padding_bottom_tablet":"0","padding_bottom_mobile":"0","activate_custom_margin":false,"margin_top_desktop":"","margin_top_tablet":"","margin_top_mobile":"","margin_bottom_desktop":"","margin_bottom_tablet":"","margin_bottom_mobile":"","disable_on":[],"content_alignment_desktop":"left","content_alignment_tablet":"left","content_alignment_mobile":"left"},"columns_per_rows_desktop":"3","columns_per_rows_tablet":"3","columns_per_rows_mobile":"1","columns":[{"column_background":"","column_size":"one-third","column_alignment":"align-left","activate_top_right_border_radius":false,"content_type":[{"acf_fc_layout":"simple_content","content":"<p><img loading=\"lazy\" decoding=\"async\" class=\"size-full wp-image-7038 alignleft\" src=\"\/wp-content\/uploads\/registered_members_icon_teal.png\" alt=\"\" width=\"100\" height=\"100\" \/><\/p>\n<p>&nbsp;<\/p>\n<p><span style=\"font-size: 22px;\"><strong>Plus de 18 000 membres inscrits<\/strong><\/span><\/p>\n"}]},{"column_background":"","column_size":"one-third","column_alignment":"align-left","activate_top_right_border_radius":false,"content_type":[{"acf_fc_layout":"simple_content","content":"<p><img loading=\"lazy\" decoding=\"async\" class=\"size-full wp-image-7033 alignleft\" src=\"\/wp-content\/uploads\/500_courses_icon_teal.png\" alt=\"\" width=\"100\" height=\"100\" \/><\/p>\n<p>&nbsp;<\/p>\n<p><span style=\"font-size: 22px;\"><strong>Accr\u00e9dit\u00e9 possibilit\u00e9s\u00a0<\/strong><strong>de formation<\/strong><\/span><\/p>\n"}]},{"column_background":"","column_size":"one-third","column_alignment":"align-left","activate_top_right_border_radius":false,"content_type":[{"acf_fc_layout":"simple_content","content":"<p><img loading=\"lazy\" decoding=\"async\" class=\"size-full wp-image-7043 alignleft\" src=\"\/wp-content\/uploads\/product_training_icon_teal.png\" alt=\"\" width=\"100\" height=\"100\" \/><\/p>\n<p>&nbsp;<\/p>\n<p><span style=\"font-size: 22px;\"><strong>500+ produits et cours cliniques<\/strong><\/span><\/p>\n"}]}]}},{"acf_fc_layout":"content_multiple_columns","_acfe_flexible_toggle":"","content_multiple_columns":{"module_options":{"":null,"module_id":"n6511b0fdddaa0","module_class":"","module_background_type":"color","module_background_color":"","module_background_image":false,"module_background_video":"","activate_custom_padding":true,"padding_top_desktop":"40","padding_top_tablet":"0","padding_top_mobile":"0","padding_bottom_desktop":"0","padding_bottom_tablet":"0","padding_bottom_mobile":"0","activate_custom_margin":false,"margin_top_desktop":"","margin_top_tablet":"","margin_top_mobile":"","margin_bottom_desktop":"","margin_bottom_tablet":"","margin_bottom_mobile":"","disable_on":[],"content_alignment_desktop":"left","content_alignment_tablet":"left","content_alignment_mobile":"left"},"columns_per_rows_desktop":"2","columns_per_rows_tablet":"2","columns_per_rows_mobile":"1","columns":[{"column_background":"#f1f1f1","column_size":"one-third","column_alignment":"align-left","activate_top_right_border_radius":false,"content_type":[{"acf_fc_layout":"simple_content","content":"<h4>Fournir des connaissances sp\u00e9cialis\u00e9es, une expertise clinique et une formation avanc\u00e9e \u2013 quel que soit votre r\u00f4le, o\u00f9 que vous travailliez.<\/h4>\n<p>Bas\u00e9e sur notre engagement ferme envers la formation continue, l\u2019offre Natus Sensory Academy est sp\u00e9cifiquement con\u00e7ue pour fournir aux membres un acc\u00e8s exclusif aux derni\u00e8res avanc\u00e9es scientifiques dans le domaine. Cette communaut\u00e9 interactive exclusive aide les membres \u00e0 explorer les derni\u00e8res tendances, offre des ressources \u00e9ducatives en ligne et une formation approfondie sur les produits.<\/p>\n<p>Nous offrons des cours de formation pratique dirig\u00e9s par des experts de l\u2019industrie. D\u00e9couvrez le plein potentiel de chaque produit a \u00e0 offrir.<\/p>\n"}]},{"column_background":"#d4e9f9","column_size":"one-third","column_alignment":"align-left","activate_top_right_border_radius":true,"content_type":[{"acf_fc_layout":"simple_content","content":"<p>&nbsp;<\/p>\n<h5><strong>Notre mission : <\/strong>Cr\u00e9er, pr\u00e9senter et diffuser les connaissances cliniques et l\u2019expertise produit pour former nos clients afin de leur permettre d\u2019am\u00e9liorer et de faire progresser les soins aux patients et le flux de travail des cliniciens.<\/h5>\n"}]}]}},{"acf_fc_layout":"simple_content","_acfe_flexible_toggle":"","content_full_width_landing":{"module_options":{"":null,"module_id":"n651464d5779e5","module_class":"","module_background_type":"color","module_background_color":"","module_background_image":false,"module_background_video":"","activate_custom_padding":false,"padding_top_desktop":0,"padding_top_tablet":"","padding_top_mobile":"","padding_bottom_desktop":"","padding_bottom_tablet":"","padding_bottom_mobile":"","activate_custom_margin":false,"margin_top_desktop":"","margin_top_tablet":"","margin_top_mobile":"","margin_bottom_desktop":"","margin_bottom_tablet":"","margin_bottom_mobile":"","disable_on":[],"content_alignment_desktop":"left","content_alignment_tablet":"left","content_alignment_mobile":"left"},"activate_custom_container_width":false,"container_width":"","content":"<p><img loading=\"lazy\" decoding=\"async\" class=\" wp-image-7141 alignleft\" src=\"https:\/\/natussensory.com\/wp-content\/uploads\/hba-logo.png\" alt=\"\" width=\"456\" height=\"228\" \/>La Hearing &amp; Balance Academy explore les derniers d\u00e9veloppements technologiques et scientifiques en mati\u00e8re d\u2019\u00e9valuation auditive et de d\u00e9pistage, d\u2019ajustement des appareils auditifs et d\u2019\u00e9valuation de l\u2019\u00e9quilibre.<\/p>\n<p>&nbsp;<\/p>\n<p>L\u2019adh\u00e9sion est GRATUITE et comprend l\u2019acc\u00e8s \u00e0 des cyber-s\u00e9minaires en direct, \u00e0 des possibilit\u00e9s d\u2019apprentissage sur demande et \u00e0 des ressources sp\u00e9cialis\u00e9es de leaders d\u2019opinion cl\u00e9s.<\/p>\n<p><span style=\"font-size: 18px;\"><a href=\"https:\/\/hearing-balance.academy\/\" target=\"_blank\" rel=\"noopener\"><strong>Visitez la Hearing &amp; Balance Academy<\/strong><\/a><\/span><\/p>\n<p>&nbsp;<\/p>\n<p>&nbsp;<\/p>\n<p>&nbsp;<\/p>\n<p>&nbsp;<\/p>\n<p><img loading=\"lazy\" decoding=\"async\" class=\"size-full wp-image-7136 alignleft\" src=\"https:\/\/natussensory.com\/wp-content\/uploads\/nca-logo.png\" alt=\"\" width=\"456\" height=\"228\" \/>La Neonatal Care Academie est notre plateforme d\u2019\u00e9ducation pour la n\u00e9onatologie et les soins n\u00e9onataux &#8211; con\u00e7u pour aider les professionnels de sant\u00e9 et les carri\u00e8res \u00e0 rester \u00e0 l\u2019avant-garde de leur profession.<\/p>\n<p>&nbsp;<\/p>\n<p>L\u2019adh\u00e9sion est GRATUITE pour tous et comprend des programmes de formation en ligne accr\u00e9dit\u00e9s dirig\u00e9s par la Facult\u00e9 des leaders d\u2019opinion cl\u00e9s, des \u00e9v\u00e9nements r\u00e9guliers eSeminar et des programmes de formation sur demande.<\/p>\n<p><span style=\"font-size: 18px;\"><strong><a href=\"https:\/\/neonatalcareacademy.com\/\">Visitez la Neonatal Care Academy<\/a> \u00a0<\/strong><\/span><\/p>\n<p>&nbsp;<\/p>\n<p>&nbsp;<\/p>\n<p>&nbsp;<\/p>\n<p><img loading=\"lazy\" decoding=\"async\" class=\"size-full wp-image-7151 alignleft\" src=\"https:\/\/natussensory.com\/wp-content\/uploads\/vca-logo.png\" alt=\"\" width=\"456\" height=\"228\" \/><\/p>\n<p>Le VCA est notre plateforme d\u2019\u00e9ducation pour les professionnels de l\u2019imagerie n\u00e9onatale et p\u00e9diatrique du monde entier, afin de les aider \u00e0 rester \u00e0 l\u2019avant-garde dans ce domaine. L\u2019adh\u00e9sion est GRATUITE et donne acc\u00e8s \u00e0 des cours certifi\u00e9s de style modulaire, \u00e0 des t\u00e9l\u00e9chargements cliniques et \u00e0 des programmes \u00e9lectroniques.<\/p>\n<p>&nbsp;<\/p>\n<p>En outre, elle comprend un espace exclusif d\u00e9di\u00e9 aux utilisateurs de RetCam pour acc\u00e9der \u00e0 des programmes de formation en profondeur dirig\u00e9s par des KOL\u2019s et des programmes de formation sur demande.<\/p>\n<p><span style=\"font-size: 18px;\"><strong><a href=\"https:\/\/vision-care.academy\/\" target=\"_blank\" rel=\"noopener\">Visitez la Vision Care Academy <\/a><\/strong><\/span><\/p>\n<p>&nbsp;<\/p>\n<p>&nbsp;<\/p>\n<p>&nbsp;<\/p>\n"}}]},"_links":{"self":[{"href":"https:\/\/natussensory.com\/fr\/wp-json\/wp\/v2\/pages\/11301","targetHints":{"allow":["GET"]}}],"collection":[{"href":"https:\/\/natussensory.com\/fr\/wp-json\/wp\/v2\/pages"}],"about":[{"href":"https:\/\/natussensory.com\/fr\/wp-json\/wp\/v2\/types\/page"}],"author":[{"embeddable":true,"href":"https:\/\/natussensory.com\/fr\/wp-json\/wp\/v2\/users\/1"}],"replies":[{"embeddable":true,"href":"https:\/\/natussensory.com\/fr\/wp-json\/wp\/v2\/comments?post=11301"}],"version-history":[{"count":11,"href":"https:\/\/natussensory.com\/fr\/wp-json\/wp\/v2\/pages\/11301\/revisions"}],"predecessor-version":[{"id":27195,"href":"https:\/\/natussensory.com\/fr\/wp-json\/wp\/v2\/pages\/11301\/revisions\/27195"}],"wp:attachment":[{"href":"https:\/\/natussensory.com\/fr\/wp-json\/wp\/v2\/media?parent=11301"}],"wp:term":[{"taxonomy":"category","embeddable":true,"href":"https:\/\/natussensory.com\/fr\/wp-json\/wp\/v2\/categories?post=11301"},{"taxonomy":"post_tag","embeddable":true,"href":"https:\/\/natussensory.com\/fr\/wp-json\/wp\/v2\/tags?post=11301"}],"curies":[{"name":"wp","href":"https:\/\/api.w.org\/{rel}","templated":true}]}}