{"id":11267,"date":"2023-05-22T10:39:02","date_gmt":"2023-05-22T10:39:02","guid":{"rendered":"https:\/\/natussensory.com\/careers\/"},"modified":"2025-09-18T12:49:20","modified_gmt":"2025-09-18T12:49:20","slug":"opportunites-demploi","status":"publish","type":"page","link":"https:\/\/natussensory.com\/fr\/opportunites-demploi\/","title":{"rendered":"Opportunit\u00e9s d&#8217;emploi"},"content":{"rendered":"","protected":false},"excerpt":{"rendered":"","protected":false},"author":1,"featured_media":0,"parent":0,"menu_order":0,"comment_status":"closed","ping_status":"closed","template":"","meta":{"_acf_changed":false,"inline_featured_image":false,"footnotes":""},"categories":[],"tags":[],"class_list":["post-11267","page","type-page","status-publish","hentry"],"acf":{"content_blocks":[{"acf_fc_layout":"spacer","_acfe_flexible_toggle":"","spacer":{"module_options":{"":null,"module_id":"n6514d1d199838","module_class":"","module_background_type":"color","module_background_color":"#473089","module_background_image":false,"module_background_video":"","activate_custom_padding":false,"padding_top_desktop":0,"padding_top_tablet":"","padding_top_mobile":"","padding_bottom_desktop":"","padding_bottom_tablet":"","padding_bottom_mobile":"","activate_custom_margin":false,"margin_top_desktop":"","margin_top_tablet":"","margin_top_mobile":"","margin_bottom_desktop":"","margin_bottom_tablet":"","margin_bottom_mobile":"","disable_on":[],"content_alignment_desktop":"left","content_alignment_tablet":"left","content_alignment_mobile":"left"},"height":"160"}},{"acf_fc_layout":"simple_content","_acfe_flexible_toggle":"","content_full_width_landing":{"module_options":{"":null,"module_id":"n6514d1d1bceb1","module_class":"","module_background_type":"image","module_background_color":"","module_background_image":"https:\/\/natussensory.com\/wp-content\/uploads\/Homepage-banner.jpg","module_background_video":"","activate_custom_padding":true,"padding_top_desktop":"40","padding_top_tablet":"0","padding_top_mobile":"0","padding_bottom_desktop":"0","padding_bottom_tablet":"0","padding_bottom_mobile":"10","activate_custom_margin":false,"margin_top_desktop":"","margin_top_tablet":"","margin_top_mobile":"","margin_bottom_desktop":"","margin_bottom_tablet":"","margin_bottom_mobile":"","disable_on":[],"content_alignment_desktop":"left","content_alignment_tablet":"left","content_alignment_mobile":"left"},"activate_custom_container_width":false,"container_width":"","content":"<p>&nbsp;<\/p>\n<p>&nbsp;<\/p>\n<h1 style=\"text-align: center;\">Opportunit\u00e9s d&#8217;emploi<\/h1>\n<p>&nbsp;<\/p>\n<p>&nbsp;<\/p>\n"}},{"acf_fc_layout":"simple_content","_acfe_flexible_toggle":"","content_full_width_landing":{"module_options":{"":null,"module_id":"n651464117b026","module_class":"","module_background_type":"color","module_background_color":"","module_background_image":false,"module_background_video":"","activate_custom_padding":true,"padding_top_desktop":"5","padding_top_tablet":"5","padding_top_mobile":"5","padding_bottom_desktop":"0","padding_bottom_tablet":"0","padding_bottom_mobile":"0","activate_custom_margin":false,"margin_top_desktop":"","margin_top_tablet":"","margin_top_mobile":"","margin_bottom_desktop":"","margin_bottom_tablet":"","margin_bottom_mobile":"","disable_on":[],"content_alignment_desktop":"left","content_alignment_tablet":"left","content_alignment_mobile":"left"},"activate_custom_container_width":false,"container_width":"","content":"<p>&nbsp;<\/p>\n<p class=\"text-align-center\" style=\"text-align: center;\"><span style=\"font-size: 36px;\">Vous voulez travailler avec nous ?<\/span><\/p>\n<h5><\/h5>\n<h5 style=\"text-align: center;\">Nous offrons des salaires comp\u00e9titifs, des coll\u00e8gues chaleureux et la possibilit\u00e9 de progresser en interne.<\/h5>\n"}},{"acf_fc_layout":"left_image_right_content_single_cta","_acfe_flexible_toggle":"","left_image_right_content_single_cta_landing":{"module_options":{"":null,"module_id":"n68a4581684a77","module_class":"","module_background_type":"color","module_background_color":"","module_background_image":false,"module_background_video":"","activate_custom_padding":false,"padding_top_desktop":0,"padding_top_tablet":"","padding_top_mobile":"","padding_bottom_desktop":"","padding_bottom_tablet":"","padding_bottom_mobile":"","activate_custom_margin":false,"margin_top_desktop":"","margin_top_tablet":"","margin_top_mobile":"","margin_bottom_desktop":"","margin_bottom_tablet":"","margin_bottom_mobile":"","disable_on":[],"content_alignment_desktop":"left","content_alignment_tablet":"left","content_alignment_mobile":"left"},"image":{"ID":24953,"id":24953,"title":"About-us_spot","filename":"About-us_spot.jpg","filesize":194870,"url":"https:\/\/natussensory.com\/wp-content\/uploads\/About-us_spot.jpg","link":"https:\/\/natussensory.com\/fr\/a-propos-de-nous\/about-us_spot-2\/","alt":"","author":"4","description":"","caption":"","name":"about-us_spot-2","status":"inherit","uploaded_to":11288,"date":"2025-06-27 14:16:12","modified":"2025-06-27 14:16:12","menu_order":0,"mime_type":"image\/jpeg","type":"image","subtype":"jpeg","icon":"https:\/\/natussensory.com\/wp-includes\/images\/media\/default.png","width":800,"height":450,"sizes":{"thumbnail":"https:\/\/natussensory.com\/wp-content\/uploads\/About-us_spot.jpg","thumbnail-width":128,"thumbnail-height":72,"medium":"https:\/\/natussensory.com\/wp-content\/uploads\/About-us_spot.jpg","medium-width":800,"medium-height":450,"medium_large":"https:\/\/natussensory.com\/wp-content\/uploads\/About-us_spot-768x432.jpg","medium_large-width":768,"medium_large-height":432,"large":"https:\/\/natussensory.com\/wp-content\/uploads\/About-us_spot.jpg","large-width":800,"large-height":450,"1536x1536":"https:\/\/natussensory.com\/wp-content\/uploads\/About-us_spot.jpg","1536x1536-width":800,"1536x1536-height":450,"2048x2048":"https:\/\/natussensory.com\/wp-content\/uploads\/About-us_spot.jpg","2048x2048-width":800,"2048x2048-height":450}},"label":"","title":"Des carri\u00e8res qui changent la vie, fond\u00e9es sur la passion et l'innovation.","description":"<p>Les employ\u00e9s de Natus Sensory partagent une m\u00eame mission : faire progresser les niveaux de soins aux patients. Natus Sensory est un lieu o\u00f9 des personnes de tous horizons combinent leurs comp\u00e9tences pour contribuer \u00e0 am\u00e9liorer la qualit\u00e9 de vie des patients du monde entier. Nous sommes une organisation qui adopte une approche globale : \u00e9quipement, soutien et \u00e9ducation. Nous sommes attach\u00e9s \u00e0 la qualit\u00e9, tant de nos produits que de notre personnel. C&rsquo;est pourquoi nous sommes toujours \u00e0 la recherche de nouveaux talents pour rejoindre notre \u00e9quipe. Si vous avez la passion d&rsquo;aider les gens, vous pourriez \u00eatre notre tout nouveau co\u00e9quipier !<\/p>\n","link":{"type":"url","value":"https:\/\/jobs.dayforcehcm.com\/fr-FR\/natus\/CANDIDATEPORTALSENSORY","url":"https:\/\/jobs.dayforcehcm.com\/fr-FR\/natus\/CANDIDATEPORTALSENSORY","name":"https:\/\/jobs.dayforcehcm.com\/fr-FR\/natus\/CANDIDATEPORTALSENSORY","title":"JE SUIS INT\u00c9RESS\u00c9","target":"_blank"}}},{"acf_fc_layout":"content_multiple_columns","_acfe_flexible_toggle":"","content_multiple_columns":{"module_options":{"":null,"module_id":"n6511b6c112eda","module_class":"","module_background_type":"color","module_background_color":"","module_background_image":false,"module_background_video":"","activate_custom_padding":true,"padding_top_desktop":"0","padding_top_tablet":"0","padding_top_mobile":"0","padding_bottom_desktop":"0","padding_bottom_tablet":"0","padding_bottom_mobile":"0","activate_custom_margin":false,"margin_top_desktop":"","margin_top_tablet":"","margin_top_mobile":"","margin_bottom_desktop":"","margin_bottom_tablet":"","margin_bottom_mobile":"","disable_on":[],"content_alignment_desktop":"left","content_alignment_tablet":"left","content_alignment_mobile":"left"},"columns_per_rows_desktop":"3","columns_per_rows_tablet":"1","columns_per_rows_mobile":"1","columns":[{"column_background":"#f1f1f1","column_size":"one-third","column_alignment":"align-left","activate_top_right_border_radius":false,"content_type":[{"acf_fc_layout":"simple_content","content":"<p><img loading=\"lazy\" decoding=\"async\" class=\"size-full wp-image-6599 alignleft\" src=\"\/wp-content\/uploads\/Global.png\" alt=\"\" width=\"150\" height=\"150\" \/><\/p>\n<p class=\"text-align-center\" style=\"text-align: left;\"><span style=\"font-size: 24px;\">Pensez mondialement<\/span><\/p>\n<p class=\"text-align-center\" style=\"text-align: left;\">Nous servons des patients dans le monde entier avec des collaborateurs situ\u00e9s sur tous les continents, sauf l&rsquo;Antarctique<\/p>\n"}]},{"column_background":"#f1f1f1","column_size":"one-third","column_alignment":"align-left","activate_top_right_border_radius":false,"content_type":[{"acf_fc_layout":"simple_content","content":"<p>&nbsp;<\/p>\n<p><img loading=\"lazy\" decoding=\"async\" class=\"size-full wp-image-6594 alignleft\" src=\"\/wp-content\/uploads\/Competitive.png\" alt=\"\" width=\"150\" height=\"150\" \/><\/p>\n<p class=\"text-align-center\" style=\"text-align: left;\"><span style=\"font-size: 24px;\"> Nous sommes comp\u00e9titifs<\/span><\/p>\n<p class=\"text-align-center\" style=\"text-align: left;\">Nous offrons des salaires \u00e9gaux ou sup\u00e9rieurs aux normes de l&rsquo;industrie<\/p>\n"}]},{"column_background":"#f1f1f1","column_size":"one-third","column_alignment":"align-left","activate_top_right_border_radius":false,"content_type":[{"acf_fc_layout":"simple_content","content":"<p>&nbsp;<\/p>\n<p><img loading=\"lazy\" decoding=\"async\" class=\"size-full wp-image-6589 alignleft\" src=\"\/wp-content\/uploads\/Supporting-hands.png\" alt=\"\" width=\"150\" height=\"150\" \/><\/p>\n<p class=\"text-align-center\" style=\"text-align: left;\"><span style=\"font-size: 24px;\"> Nous faisons la diff\u00e9rence<\/span><\/p>\n<p class=\"text-align-center\" style=\"text-align: left;\">Dans la vie des patients, chaque jour<\/p>\n"}]},{"column_background":"#f1f1f1","column_size":"one-third","column_alignment":"align-left","activate_top_right_border_radius":false,"content_type":[{"acf_fc_layout":"simple_content","content":"<p style=\"text-align: left;\"><img loading=\"lazy\" decoding=\"async\" class=\"size-full wp-image-6619 alignleft\" src=\"\/wp-content\/uploads\/Flexible-work-environment.png\" alt=\"\" width=\"150\" height=\"150\" \/><\/p>\n<p class=\"text-align-center\" style=\"text-align: left;\"><span style=\"font-size: 24px;\">Environnement de travail flexible<\/span><\/p>\n<p>Options de travail \u00e0 distance, hybride et sur site<\/p>\n"}]},{"column_background":"#f1f1f1","column_size":"one-third","column_alignment":"align-left","activate_top_right_border_radius":false,"content_type":[{"acf_fc_layout":"simple_content","content":"<p style=\"text-align: left;\"><img loading=\"lazy\" decoding=\"async\" class=\"size-full wp-image-6614 alignleft\" src=\"\/wp-content\/uploads\/Merit.png\" alt=\"\" width=\"150\" height=\"150\" \/><\/p>\n<p class=\"text-align-center\" style=\"text-align: left;\"><span style=\"font-size: 24px;\">Versement de primes au m\u00e9rite<\/span><\/p>\n<p class=\"text-align-center\" style=\"text-align: left;\">C\u2019est une solution gagnant-gagnant pour nous tous, bas\u00e9e sur les objectifs et les performances<\/p>\n"}]},{"column_background":"#f1f1f1","column_size":"one-third","column_alignment":"align-left","activate_top_right_border_radius":false,"content_type":[{"acf_fc_layout":"simple_content","content":"<p style=\"text-align: left;\"><img loading=\"lazy\" decoding=\"async\" class=\"size-full wp-image-6609 alignleft\" src=\"\/wp-content\/uploads\/Chance-to-grow.png\" alt=\"\" width=\"150\" height=\"150\" \/><\/p>\n<p class=\"text-align-center\" style=\"text-align: left;\"><span style=\"font-size: 24px;\">Possibilit\u00e9 d&rsquo;\u00e9voluer<\/span><\/p>\n<p style=\"text-align: left;\">Possibilit\u00e9s d&rsquo;avancement au sein de l&rsquo;entreprise<\/p>\n"}]}]}},{"acf_fc_layout":"left_image_right_content_single_cta","_acfe_flexible_toggle":"","left_image_right_content_single_cta_landing":{"module_options":{"":null,"module_id":"n651464161fb49","module_class":"","module_background_type":"color","module_background_color":"","module_background_image":false,"module_background_video":"","activate_custom_padding":false,"padding_top_desktop":0,"padding_top_tablet":"","padding_top_mobile":"","padding_bottom_desktop":"","padding_bottom_tablet":"","padding_bottom_mobile":"","activate_custom_margin":false,"margin_top_desktop":"","margin_top_tablet":"","margin_top_mobile":"","margin_bottom_desktop":"","margin_bottom_tablet":"","margin_bottom_mobile":"","disable_on":[],"content_alignment_desktop":"left","content_alignment_tablet":"left","content_alignment_mobile":"left"},"image":{"ID":6631,"id":6631,"title":"We are Innovators","filename":"We-are-Innovators.png","filesize":598273,"url":"https:\/\/natussensory.com\/wp-content\/uploads\/We-are-Innovators.png","link":"https:\/\/natussensory.com\/fr\/opportunites-demploi\/we-are-innovators-2\/","alt":"Natus R&D team member hard at work","author":"4","description":"","caption":"","name":"we-are-innovators-2","status":"inherit","uploaded_to":11267,"date":"2023-09-22 19:15:43","modified":"2024-07-26 15:46:51","menu_order":0,"mime_type":"image\/png","type":"image","subtype":"png","icon":"https:\/\/natussensory.com\/wp-includes\/images\/media\/default.png","width":800,"height":450,"sizes":{"thumbnail":"https:\/\/natussensory.com\/wp-content\/uploads\/We-are-Innovators.png","thumbnail-width":128,"thumbnail-height":72,"medium":"https:\/\/natussensory.com\/wp-content\/uploads\/We-are-Innovators.png","medium-width":800,"medium-height":450,"medium_large":"https:\/\/natussensory.com\/wp-content\/uploads\/We-are-Innovators-768x432.png","medium_large-width":768,"medium_large-height":432,"large":"https:\/\/natussensory.com\/wp-content\/uploads\/We-are-Innovators.png","large-width":800,"large-height":450,"1536x1536":"https:\/\/natussensory.com\/wp-content\/uploads\/We-are-Innovators.png","1536x1536-width":800,"1536x1536-height":450,"2048x2048":"https:\/\/natussensory.com\/wp-content\/uploads\/We-are-Innovators.png","2048x2048-width":800,"2048x2048-height":450}},"label":"","title":"Nous sommes des innovateurs","description":"<p>En tant que sp\u00e9cialistes dans nos domaines, nous recherchons des personnes hautement qualifi\u00e9es qui aiment d\u00e9fier la norme et explorer de nouvelles fa\u00e7ons de penser (nous avons plus de 150 brevets dans le monde !). Gr\u00e2ce \u00e0 notre programme de r\u00e9compense et \u00e0 nos objectifs et initiatives annuels en mati\u00e8re d&rsquo;innovation, nous encourageons notre \u00e9quipe \u00e0 repousser les limites de la technologie et \u00e0 continuer \u00e0 fournir des solutions innovantes \u00e0 nos clients, du concept \u00e0 la production.<\/p>\n","link":null}},{"acf_fc_layout":"right_image_left_content_single_cta","_acfe_flexible_toggle":"","right_image_left_content_single_cta_landing":{"module_options":{"":null,"module_id":"n651464167fdd6","module_class":"","module_background_type":"color","module_background_color":"","module_background_image":false,"module_background_video":"","activate_custom_padding":false,"padding_top_desktop":0,"padding_top_tablet":"","padding_top_mobile":"","padding_bottom_desktop":"","padding_bottom_tablet":"","padding_bottom_mobile":"","activate_custom_margin":false,"margin_top_desktop":"","margin_top_tablet":"","margin_top_mobile":"","margin_bottom_desktop":"","margin_bottom_tablet":"","margin_bottom_mobile":"","disable_on":[],"content_alignment_desktop":"left","content_alignment_tablet":"left","content_alignment_mobile":"left"},"":null,"label":"","title":"Nous sommes flexibles","description":"<p>Nous travaillons plus intelligemment, pas plus durement. En offrant les bonnes conditions de travail, nos employ\u00e9s peuvent s&rsquo;\u00e9panouir. Nombre de nos postes sont \u00e0 distance ou hybrides, ce qui vous donne la libert\u00e9 dont vous avez besoin tout en vous permettant de rester en contact avec vos coll\u00e8gues dans le monde entier.<\/p>\n","link":null,"image":{"ID":6636,"id":6636,"title":"We are Flexible","filename":"We-are-Flexible.png","filesize":502632,"url":"https:\/\/natussensory.com\/wp-content\/uploads\/We-are-Flexible.png","link":"https:\/\/natussensory.com\/fr\/opportunites-demploi\/we-are-flexible-2\/","alt":"Working from home is a benefit with many Natus careers","author":"4","description":"","caption":"","name":"we-are-flexible-2","status":"inherit","uploaded_to":11267,"date":"2023-09-22 19:19:15","modified":"2024-07-26 15:46:30","menu_order":0,"mime_type":"image\/png","type":"image","subtype":"png","icon":"https:\/\/natussensory.com\/wp-includes\/images\/media\/default.png","width":800,"height":450,"sizes":{"thumbnail":"https:\/\/natussensory.com\/wp-content\/uploads\/We-are-Flexible.png","thumbnail-width":128,"thumbnail-height":72,"medium":"https:\/\/natussensory.com\/wp-content\/uploads\/We-are-Flexible.png","medium-width":800,"medium-height":450,"medium_large":"https:\/\/natussensory.com\/wp-content\/uploads\/We-are-Flexible-768x432.png","medium_large-width":768,"medium_large-height":432,"large":"https:\/\/natussensory.com\/wp-content\/uploads\/We-are-Flexible.png","large-width":800,"large-height":450,"1536x1536":"https:\/\/natussensory.com\/wp-content\/uploads\/We-are-Flexible.png","1536x1536-width":800,"1536x1536-height":450,"2048x2048":"https:\/\/natussensory.com\/wp-content\/uploads\/We-are-Flexible.png","2048x2048-width":800,"2048x2048-height":450}}}},{"acf_fc_layout":"left_image_right_content_single_cta","_acfe_flexible_toggle":"","left_image_right_content_single_cta_landing":{"module_options":{"":null,"module_id":"n65146416de270","module_class":"","module_background_type":"color","module_background_color":"","module_background_image":false,"module_background_video":"","activate_custom_padding":true,"padding_top_desktop":"50","padding_top_tablet":"0","padding_top_mobile":"0","padding_bottom_desktop":"50","padding_bottom_tablet":"0","padding_bottom_mobile":"0","activate_custom_margin":false,"margin_top_desktop":"","margin_top_tablet":"","margin_top_mobile":"","margin_bottom_desktop":"","margin_bottom_tablet":"","margin_bottom_mobile":"","disable_on":[],"content_alignment_desktop":"left","content_alignment_tablet":"left","content_alignment_mobile":"left"},"image":{"ID":6641,"id":6641,"title":"We are Supportive","filename":"We-are-Supportive.png","filesize":638968,"url":"https:\/\/natussensory.com\/wp-content\/uploads\/We-are-Supportive.png","link":"https:\/\/natussensory.com\/fr\/opportunites-demploi\/we-are-supportive-2\/","alt":"Natus employees running in a race","author":"4","description":"","caption":"","name":"we-are-supportive-2","status":"inherit","uploaded_to":11267,"date":"2023-09-22 19:20:49","modified":"2024-07-26 15:46:12","menu_order":0,"mime_type":"image\/png","type":"image","subtype":"png","icon":"https:\/\/natussensory.com\/wp-includes\/images\/media\/default.png","width":800,"height":450,"sizes":{"thumbnail":"https:\/\/natussensory.com\/wp-content\/uploads\/We-are-Supportive.png","thumbnail-width":128,"thumbnail-height":72,"medium":"https:\/\/natussensory.com\/wp-content\/uploads\/We-are-Supportive.png","medium-width":800,"medium-height":450,"medium_large":"https:\/\/natussensory.com\/wp-content\/uploads\/We-are-Supportive-768x432.png","medium_large-width":768,"medium_large-height":432,"large":"https:\/\/natussensory.com\/wp-content\/uploads\/We-are-Supportive.png","large-width":800,"large-height":450,"1536x1536":"https:\/\/natussensory.com\/wp-content\/uploads\/We-are-Supportive.png","1536x1536-width":800,"1536x1536-height":450,"2048x2048":"https:\/\/natussensory.com\/wp-content\/uploads\/We-are-Supportive.png","2048x2048-width":800,"2048x2048-height":450}},"label":"","title":"Nous sommes solidaires","description":"<p>Le sens de la communaut\u00e9 est important pour nous, tant au bureau que dans notre environnement local. Nos \u00e9quipes aiment participer \u00e0 des activit\u00e9s qui stimulent notre capacit\u00e9 cardiaque et nous font chaud au c\u0153ur. Il peut s&rsquo;agir de marches, de courses ou d&rsquo;\u00e9v\u00e9nements caritatifs.<\/p>\n","link":null}},{"acf_fc_layout":"right_image_left_content_single_cta","_acfe_flexible_toggle":"","right_image_left_content_single_cta_landing":{"module_options":{"":null,"module_id":"n6514641737d8a","module_class":"","module_background_type":"color","module_background_color":"","module_background_image":false,"module_background_video":"","activate_custom_padding":false,"padding_top_desktop":0,"padding_top_tablet":"","padding_top_mobile":"","padding_bottom_desktop":"","padding_bottom_tablet":"","padding_bottom_mobile":"","activate_custom_margin":false,"margin_top_desktop":"","margin_top_tablet":"","margin_top_mobile":"","margin_bottom_desktop":"","margin_bottom_tablet":"","margin_bottom_mobile":"","disable_on":[],"content_alignment_desktop":"left","content_alignment_tablet":"left","content_alignment_mobile":"left"},"":null,"label":"","title":"Nous sommes soucieux de l'environnement","description":"<p>&nbsp;<\/p>\n<p>Nous avons de grands projets pour notre avenir en tant qu&rsquo;entreprise, et la durabilit\u00e9 en est un \u00e9l\u00e9ment important. La mani\u00e8re dont nous menons nos activit\u00e9s est fa\u00e7onn\u00e9e par notre engagement \u00e0 maintenir des normes d&rsquo;exploitation \u00e9lev\u00e9es, y compris notre impact sur notre communaut\u00e9 et l&rsquo;environnement.<\/p>\n","link":null,"image":{"ID":6677,"id":6677,"title":"ESG Graphic new","filename":"ESG-Graphic-new-scaled.png","filesize":49406,"url":"https:\/\/natussensory.com\/wp-content\/uploads\/ESG-Graphic-new-scaled.png","link":"https:\/\/natussensory.com\/fr\/opportunites-demploi\/esg-graphic-new-2\/","alt":"ESG - Environmental Social Governance Icon","author":"4","description":"","caption":"","name":"esg-graphic-new-2","status":"inherit","uploaded_to":11267,"date":"2023-09-22 19:53:02","modified":"2024-07-26 15:44:32","menu_order":0,"mime_type":"image\/png","type":"image","subtype":"png","icon":"https:\/\/natussensory.com\/wp-includes\/images\/media\/default.png","width":800,"height":450,"sizes":{"thumbnail":"https:\/\/natussensory.com\/wp-content\/uploads\/ESG-Graphic-new-scaled.png","thumbnail-width":128,"thumbnail-height":72,"medium":"https:\/\/natussensory.com\/wp-content\/uploads\/ESG-Graphic-new-scaled.png","medium-width":800,"medium-height":450,"medium_large":"https:\/\/natussensory.com\/wp-content\/uploads\/ESG-Graphic-new-768x432.png","medium_large-width":768,"medium_large-height":432,"large":"https:\/\/natussensory.com\/wp-content\/uploads\/ESG-Graphic-new-scaled.png","large-width":800,"large-height":450,"1536x1536":"https:\/\/natussensory.com\/wp-content\/uploads\/ESG-Graphic-new-scaled.png","1536x1536-width":800,"1536x1536-height":450,"2048x2048":"https:\/\/natussensory.com\/wp-content\/uploads\/ESG-Graphic-new-scaled.png","2048x2048-width":800,"2048x2048-height":450}}}},{"acf_fc_layout":"simple_content","_acfe_flexible_toggle":"","content_full_width_landing":{"module_options":{"":null,"module_id":"n6514641ba1d9a","module_class":"","module_background_type":"color","module_background_color":"","module_background_image":false,"module_background_video":"","activate_custom_padding":false,"padding_top_desktop":0,"padding_top_tablet":"","padding_top_mobile":"","padding_bottom_desktop":"","padding_bottom_tablet":"","padding_bottom_mobile":"","activate_custom_margin":false,"margin_top_desktop":"","margin_top_tablet":"","margin_top_mobile":"","margin_bottom_desktop":"","margin_bottom_tablet":"","margin_bottom_mobile":"","disable_on":[],"content_alignment_desktop":"left","content_alignment_tablet":"left","content_alignment_mobile":"left"},"activate_custom_container_width":false,"container_width":"","content":"<p style=\"text-align: center;\"><span style=\"font-size: 36px;\">Pr\u00eat \u00e0 faire partie de notre \u00e9quipe ? <\/span><\/p>\n<p>&nbsp;<\/p>\n<p style=\"text-align: center;\"><span style=\"font-size: 24px;\">Trouvez le poste qui vous convient. <\/span><\/p>\n<p style=\"text-align: center;\"><a class=\"btn-v1\" href=\"https:\/\/jobs.dayforcehcm.com\/fr-FR\/natus\/CANDIDATEPORTALSENSORY\" target=\"_blank\" rel=\"noopener\">EXPLORER LES POSTES OUVERTS<\/a><\/p>\n<p>&nbsp;<\/p>\n<p>&nbsp;<\/p>\n<p><a title=\"Avis de confidentialit\u00e9 pour les candidats \" href=\"https:\/\/natussensory.com\/fr\/avis-confidentialite-lattention-postulants\/\" target=\"_blank\" rel=\"noopener\" data-entity-substitution=\"canonical\" data-entity-type=\"node\" data-entity-uuid=\"ceff93f1-3e2a-4d5f-8715-e6e4d62d8fe9\"><br \/>\nAvis de confidentialit\u00e9 pour les candidats<\/a><\/p>\n<p><strong>Natus Medical est un employeur qui respecte l&rsquo;\u00e9galit\u00e9 des chances.\u00a0<\/strong>Tous les candidats qualifi\u00e9s seront consid\u00e9r\u00e9s pour un emploi sans tenir compte de la race, de la couleur, de la religion, du sexe, de l&rsquo;origine nationale, du statut d&rsquo;ancien combattant, du handicap, de l&rsquo;orientation sexuelle, de l&rsquo;identit\u00e9 sexuelle ou de tout autre statut prot\u00e9g\u00e9.<\/p>\n<p><strong>Recruteurs et agences de recrutement :<\/strong> Natus Sensory n&rsquo;accepte pas les CV ou les candidatures non sollicit\u00e9s provenant d&rsquo;agences de recrutement ou de placement de personnel autres que les fournisseurs privil\u00e9gi\u00e9s de Natus Sensory. Natus Sensory n&rsquo;est pas responsable et ne paiera pas les frais li\u00e9s aux CV ou aux candidatures non sollicit\u00e9s, que Natus Sensory poursuive ou non ces candidats non sollicit\u00e9s. Si vous n&rsquo;avez pas de contrat sign\u00e9 avec notre d\u00e9partement des ressources humaines, vous ne serez pas pay\u00e9.<\/p>\n<p><strong>Avis d&rsquo;immigration :\u00a0<\/strong>Pour\u00a0<a href=\"https:\/\/www.laborless.io\/public\/petitioner\/EWy2Qvg8\/\" target=\"_blank\" rel=\"noopener nofollow\">les Labor Condition Applications (LCA)<\/a>\u00a0de Natus Medical Incorporated.<\/p>\n"}}]},"_links":{"self":[{"href":"https:\/\/natussensory.com\/fr\/wp-json\/wp\/v2\/pages\/11267","targetHints":{"allow":["GET"]}}],"collection":[{"href":"https:\/\/natussensory.com\/fr\/wp-json\/wp\/v2\/pages"}],"about":[{"href":"https:\/\/natussensory.com\/fr\/wp-json\/wp\/v2\/types\/page"}],"author":[{"embeddable":true,"href":"https:\/\/natussensory.com\/fr\/wp-json\/wp\/v2\/users\/1"}],"replies":[{"embeddable":true,"href":"https:\/\/natussensory.com\/fr\/wp-json\/wp\/v2\/comments?post=11267"}],"version-history":[{"count":10,"href":"https:\/\/natussensory.com\/fr\/wp-json\/wp\/v2\/pages\/11267\/revisions"}],"predecessor-version":[{"id":27024,"href":"https:\/\/natussensory.com\/fr\/wp-json\/wp\/v2\/pages\/11267\/revisions\/27024"}],"wp:attachment":[{"href":"https:\/\/natussensory.com\/fr\/wp-json\/wp\/v2\/media?parent=11267"}],"wp:term":[{"taxonomy":"category","embeddable":true,"href":"https:\/\/natussensory.com\/fr\/wp-json\/wp\/v2\/categories?post=11267"},{"taxonomy":"post_tag","embeddable":true,"href":"https:\/\/natussensory.com\/fr\/wp-json\/wp\/v2\/tags?post=11267"}],"curies":[{"name":"wp","href":"https:\/\/api.w.org\/{rel}","templated":true}]}}