{"id":10990,"date":"2023-08-22T00:14:46","date_gmt":"2023-08-22T00:14:46","guid":{"rendered":"https:\/\/natussensory.com\/sensory\/software\/"},"modified":"2025-09-24T08:18:21","modified_gmt":"2025-09-24T08:18:21","slug":"logiciel","status":"publish","type":"page","link":"https:\/\/natussensory.com\/fr\/produits\/logiciel\/","title":{"rendered":"Logiciel"},"content":{"rendered":"","protected":false},"excerpt":{"rendered":"","protected":false},"author":1,"featured_media":0,"parent":10961,"menu_order":0,"comment_status":"closed","ping_status":"closed","template":"templates\/page-sensory-solutions-category-landing.php","meta":{"_acf_changed":false,"inline_featured_image":false,"footnotes":""},"categories":[],"tags":[],"class_list":["post-10990","page","type-page","status-publish","hentry"],"acf":{"content_blocks":[{"acf_fc_layout":"spacer","_acfe_flexible_toggle":"","spacer":{"module_options":{"":null,"module_id":"n68592ab6c65d3","module_class":"","module_background_type":"color","module_background_color":"#473089","module_background_image":false,"module_background_video":"","activate_custom_padding":false,"padding_top_desktop":0,"padding_top_tablet":"","padding_top_mobile":"","padding_bottom_desktop":"","padding_bottom_tablet":"","padding_bottom_mobile":"","activate_custom_margin":false,"margin_top_desktop":"","margin_top_tablet":"","margin_top_mobile":"","margin_bottom_desktop":"","margin_bottom_tablet":"","margin_bottom_mobile":"","disable_on":[],"content_alignment_desktop":"left","content_alignment_tablet":"left","content_alignment_mobile":"left"},"height":"160"}},{"acf_fc_layout":"full_width_content","_acfe_flexible_layout_title":"Banner","_acfe_flexible_toggle":"","content_full_width_landing":{"module_options":{"":null,"module_id":"n68a8343260ca1","module_class":"","module_background_type":"image","module_background_color":"","module_background_image":"https:\/\/natussensory.com\/wp-content\/uploads\/Software_Category_banner.jpg","module_background_video":"","activate_custom_padding":false,"padding_top_desktop":0,"padding_top_tablet":"","padding_top_mobile":"","padding_bottom_desktop":"","padding_bottom_tablet":"","padding_bottom_mobile":"","activate_custom_margin":false,"margin_top_desktop":"","margin_top_tablet":"","margin_top_mobile":"","margin_bottom_desktop":"","margin_bottom_tablet":"","margin_bottom_mobile":"","disable_on":[],"content_alignment_desktop":"left","content_alignment_tablet":"left","content_alignment_mobile":"left"},"activate_custom_container_width":false,"container_width":"","content":"<p>\u00a0<\/p>\n<p>\u00a0<\/p>\n<p>\u00a0<\/p>\n<p>\u00a0<\/p>\n<p>\u00a0<\/p>\n<p>\u00a0<\/p>\n<p>\u00a0<\/p>\n<p>\u00a0<\/p>\n"}},{"acf_fc_layout":"full_width_content","_acfe_flexible_toggle":"","content_full_width_landing":{"module_options":{"":null,"module_id":"n68a834327c0e9","module_class":"","module_background_type":"color","module_background_color":"","module_background_image":false,"module_background_video":"","activate_custom_padding":true,"padding_top_desktop":"30","padding_top_tablet":"20","padding_top_mobile":"20","padding_bottom_desktop":"0","padding_bottom_tablet":"0","padding_bottom_mobile":"0","activate_custom_margin":false,"margin_top_desktop":"","margin_top_tablet":"","margin_top_mobile":"","margin_bottom_desktop":"","margin_bottom_tablet":"","margin_bottom_mobile":"","disable_on":[],"content_alignment_desktop":"left","content_alignment_tablet":"left","content_alignment_mobile":"left"},"activate_custom_container_width":false,"container_width":"","content":"<h1>Logiciel<\/h1>\n<p>&nbsp;<\/p>\n"}},{"acf_fc_layout":"products_filter","_acfe_flexible_toggle":"","neuro_products_filter":{"module_options":{"":null,"module_id":"n65155a294e067","module_class":"","module_background_type":"color","module_background_color":"","module_background_image":false,"module_background_video":"","activate_custom_padding":false,"padding_top_desktop":0,"padding_top_tablet":"","padding_top_mobile":"","padding_bottom_desktop":"","padding_bottom_tablet":"","padding_bottom_mobile":"","activate_custom_margin":false,"margin_top_desktop":"","margin_top_tablet":"","margin_top_mobile":"","margin_bottom_desktop":"","margin_bottom_tablet":"","margin_bottom_mobile":"","disable_on":[],"content_alignment_desktop":"left","content_alignment_tablet":"left","content_alignment_mobile":"left"},"products":[{"category_title":"","subcategories":[{"subcategory_title":"Logiciel","subcategory_products":[{"label":"","image":{"ID":7279,"id":7279,"title":"Otosuite_all-products-link","filename":"Otosuite_all-products-link.jpg","filesize":108795,"url":"https:\/\/natussensory.com\/wp-content\/uploads\/Otosuite_all-products-link.jpg","link":"https:\/\/natussensory.com\/fr\/produits\/otosuite_all-products-link-2\/","alt":"","author":"4","description":"","caption":"","name":"otosuite_all-products-link-2","status":"inherit","uploaded_to":10961,"date":"2023-09-26 08:46:00","modified":"2023-09-26 08:46:00","menu_order":0,"mime_type":"image\/jpeg","type":"image","subtype":"jpeg","icon":"https:\/\/natussensory.com\/wp-includes\/images\/media\/default.png","width":500,"height":400,"sizes":{"thumbnail":"https:\/\/natussensory.com\/wp-content\/uploads\/Otosuite_all-products-link.jpg","thumbnail-width":120,"thumbnail-height":96,"medium":"https:\/\/natussensory.com\/wp-content\/uploads\/Otosuite_all-products-link.jpg","medium-width":500,"medium-height":400,"medium_large":"https:\/\/natussensory.com\/wp-content\/uploads\/Otosuite_all-products-link.jpg","medium_large-width":500,"medium_large-height":400,"large":"https:\/\/natussensory.com\/wp-content\/uploads\/Otosuite_all-products-link.jpg","large-width":500,"large-height":400,"1536x1536":"https:\/\/natussensory.com\/wp-content\/uploads\/Otosuite_all-products-link.jpg","1536x1536-width":500,"1536x1536-height":400,"2048x2048":"https:\/\/natussensory.com\/wp-content\/uploads\/Otosuite_all-products-link.jpg","2048x2048-width":500,"2048x2048-height":400}},"title":"Otosuite<sup>\u00ae<\/sup>","link":{"type":"post","value":"4085","url":"https:\/\/natussensory.com\/products\/otosuite\/","name":"Otosuite\u00ae &#8211; Audiometry Software","title":"En Savoir Plus","target":""}},{"label":"","image":{"ID":7274,"id":7274,"title":"Otobase_all-products-link","filename":"Otobase_all-products-link.jpg","filesize":48847,"url":"https:\/\/natussensory.com\/wp-content\/uploads\/Otobase_all-products-link.jpg","link":"https:\/\/natussensory.com\/fr\/produits\/otobase_all-products-link-2\/","alt":"","author":"4","description":"","caption":"","name":"otobase_all-products-link-2","status":"inherit","uploaded_to":10961,"date":"2023-09-26 08:45:58","modified":"2023-09-26 08:45:58","menu_order":0,"mime_type":"image\/jpeg","type":"image","subtype":"jpeg","icon":"https:\/\/natussensory.com\/wp-includes\/images\/media\/default.png","width":500,"height":400,"sizes":{"thumbnail":"https:\/\/natussensory.com\/wp-content\/uploads\/Otobase_all-products-link.jpg","thumbnail-width":120,"thumbnail-height":96,"medium":"https:\/\/natussensory.com\/wp-content\/uploads\/Otobase_all-products-link.jpg","medium-width":500,"medium-height":400,"medium_large":"https:\/\/natussensory.com\/wp-content\/uploads\/Otobase_all-products-link.jpg","medium_large-width":500,"medium_large-height":400,"large":"https:\/\/natussensory.com\/wp-content\/uploads\/Otobase_all-products-link.jpg","large-width":500,"large-height":400,"1536x1536":"https:\/\/natussensory.com\/wp-content\/uploads\/Otobase_all-products-link.jpg","1536x1536-width":500,"1536x1536-height":400,"2048x2048":"https:\/\/natussensory.com\/wp-content\/uploads\/Otobase_all-products-link.jpg","2048x2048-width":500,"2048x2048-height":400}},"title":"Otobase<sup>\u00ae<\/sup>","link":{"type":"post","value":"4119","url":"https:\/\/natussensory.com\/products\/otobase\/","name":"Otobase\u00ae &#8211; EMR Integration","title":"En Savoir Plus","target":""}},{"label":"","image":{"ID":7269,"id":7269,"title":"Neometrics_all-products-link","filename":"Neometrics_all-products-link.jpg","filesize":107044,"url":"https:\/\/natussensory.com\/wp-content\/uploads\/Neometrics_all-products-link.jpg","link":"https:\/\/natussensory.com\/fr\/produits\/neometrics_all-products-link-2\/","alt":"","author":"4","description":"","caption":"","name":"neometrics_all-products-link-2","status":"inherit","uploaded_to":10961,"date":"2023-09-26 08:45:56","modified":"2023-09-26 08:45:56","menu_order":0,"mime_type":"image\/jpeg","type":"image","subtype":"jpeg","icon":"https:\/\/natussensory.com\/wp-includes\/images\/media\/default.png","width":500,"height":400,"sizes":{"thumbnail":"https:\/\/natussensory.com\/wp-content\/uploads\/Neometrics_all-products-link.jpg","thumbnail-width":120,"thumbnail-height":96,"medium":"https:\/\/natussensory.com\/wp-content\/uploads\/Neometrics_all-products-link.jpg","medium-width":500,"medium-height":400,"medium_large":"https:\/\/natussensory.com\/wp-content\/uploads\/Neometrics_all-products-link.jpg","medium_large-width":500,"medium_large-height":400,"large":"https:\/\/natussensory.com\/wp-content\/uploads\/Neometrics_all-products-link.jpg","large-width":500,"large-height":400,"1536x1536":"https:\/\/natussensory.com\/wp-content\/uploads\/Neometrics_all-products-link.jpg","1536x1536-width":500,"1536x1536-height":400,"2048x2048":"https:\/\/natussensory.com\/wp-content\/uploads\/Neometrics_all-products-link.jpg","2048x2048-width":500,"2048x2048-height":400}},"title":"NEOMETRICS<sup>\u00ae<\/sup>","link":{"type":"post","value":"4147","url":"https:\/\/natussensory.com\/products\/neometrics-data-management\/","name":"NEOMETRICS\u00ae &#8211; Data Management for Newborn Care","title":"En Savoir Plus","target":""}},{"label":"","image":{"ID":7291,"id":7291,"title":"Retcam-Datalink_all-products-link","filename":"Retcam-Datalink_all-products-link.jpg","filesize":101420,"url":"https:\/\/natussensory.com\/wp-content\/uploads\/Retcam-Datalink_all-products-link.jpg","link":"https:\/\/natussensory.com\/fr\/produits\/retcam-datalink_all-products-link-2\/","alt":"DataLink for RetCam","author":"4","description":"","caption":"","name":"retcam-datalink_all-products-link-2","status":"inherit","uploaded_to":10961,"date":"2023-09-26 09:06:40","modified":"2025-08-06 12:48:50","menu_order":0,"mime_type":"image\/jpeg","type":"image","subtype":"jpeg","icon":"https:\/\/natussensory.com\/wp-includes\/images\/media\/default.png","width":500,"height":400,"sizes":{"thumbnail":"https:\/\/natussensory.com\/wp-content\/uploads\/Retcam-Datalink_all-products-link.jpg","thumbnail-width":120,"thumbnail-height":96,"medium":"https:\/\/natussensory.com\/wp-content\/uploads\/Retcam-Datalink_all-products-link.jpg","medium-width":500,"medium-height":400,"medium_large":"https:\/\/natussensory.com\/wp-content\/uploads\/Retcam-Datalink_all-products-link.jpg","medium_large-width":500,"medium_large-height":400,"large":"https:\/\/natussensory.com\/wp-content\/uploads\/Retcam-Datalink_all-products-link.jpg","large-width":500,"large-height":400,"1536x1536":"https:\/\/natussensory.com\/wp-content\/uploads\/Retcam-Datalink_all-products-link.jpg","1536x1536-width":500,"1536x1536-height":400,"2048x2048":"https:\/\/natussensory.com\/wp-content\/uploads\/Retcam-Datalink_all-products-link.jpg","2048x2048-width":500,"2048x2048-height":400}},"title":"DataLink pour RetCam<sup>\u00ae<\/sup> Envision","link":{"type":"post","value":"10159","url":"https:\/\/natussensory.com\/fr\/produits\/datalink-pour-retcam-envision\/","name":"DataLink pour RetCam\u00ae Envision &#8211; R\u00e9tinographie \u00e0 distance","title":"En Savoir Plus","target":""}},{"label":"","image":{"ID":7253,"id":7253,"title":"audble_all-products-link","filename":"audble_all-products-link.jpg","filesize":86916,"url":"https:\/\/natussensory.com\/wp-content\/uploads\/audble_all-products-link.jpg","link":"https:\/\/natussensory.com\/fr\/produits\/audble_all-products-link-2\/","alt":"","author":"4","description":"","caption":"","name":"audble_all-products-link-2","status":"inherit","uploaded_to":10961,"date":"2023-09-26 08:35:42","modified":"2023-09-26 08:35:42","menu_order":0,"mime_type":"image\/jpeg","type":"image","subtype":"jpeg","icon":"https:\/\/natussensory.com\/wp-includes\/images\/media\/default.png","width":500,"height":400,"sizes":{"thumbnail":"https:\/\/natussensory.com\/wp-content\/uploads\/audble_all-products-link.jpg","thumbnail-width":120,"thumbnail-height":96,"medium":"https:\/\/natussensory.com\/wp-content\/uploads\/audble_all-products-link.jpg","medium-width":500,"medium-height":400,"medium_large":"https:\/\/natussensory.com\/wp-content\/uploads\/audble_all-products-link.jpg","medium_large-width":500,"medium_large-height":400,"large":"https:\/\/natussensory.com\/wp-content\/uploads\/audble_all-products-link.jpg","large-width":500,"large-height":400,"1536x1536":"https:\/\/natussensory.com\/wp-content\/uploads\/audble_all-products-link.jpg","1536x1536-width":500,"1536x1536-height":400,"2048x2048":"https:\/\/natussensory.com\/wp-content\/uploads\/audble_all-products-link.jpg","2048x2048-width":500,"2048x2048-height":400}},"title":"audble<sup>\u00ae<\/sup> Desktop","link":{"type":"post","value":"4717","url":"https:\/\/natussensory.com\/products\/audble-litedesktop\/","name":"audble\u00ae Desktop &#8211; Hearing Screening Data Management","title":"En Savoir Plus","target":""}}]}]}]}},{"acf_fc_layout":"education","_acfe_flexible_toggle":"","left_image_right_content_multi_ctas_landing":{"module_options":{"":null,"module_id":"n65155bcc5fa4d","module_class":"","module_background_type":"color","module_background_color":"rgba(255,0,0,0)","module_background_image":false,"module_background_video":"","activate_custom_padding":false,"padding_top_desktop":0,"padding_top_tablet":"","padding_top_mobile":"","padding_bottom_desktop":"","padding_bottom_tablet":"","padding_bottom_mobile":"","activate_custom_margin":false,"margin_top_desktop":"","margin_top_tablet":"","margin_top_mobile":"","margin_bottom_desktop":"","margin_bottom_tablet":"","margin_bottom_mobile":"","disable_on":[],"content_alignment_desktop":"left","content_alignment_tablet":"left","content_alignment_mobile":"left"},"image":{"ID":7333,"id":7333,"title":"Education_spot","filename":"Education_spot.jpg","filesize":250797,"url":"https:\/\/natussensory.com\/wp-content\/uploads\/Education_spot.jpg","link":"https:\/\/natussensory.com\/fr\/produits\/education_spot-2\/","alt":"","author":"4","description":"","caption":"","name":"education_spot-2","status":"inherit","uploaded_to":10961,"date":"2023-09-26 10:17:46","modified":"2023-09-26 10:17:46","menu_order":0,"mime_type":"image\/jpeg","type":"image","subtype":"jpeg","icon":"https:\/\/natussensory.com\/wp-includes\/images\/media\/default.png","width":800,"height":450,"sizes":{"thumbnail":"https:\/\/natussensory.com\/wp-content\/uploads\/Education_spot.jpg","thumbnail-width":128,"thumbnail-height":72,"medium":"https:\/\/natussensory.com\/wp-content\/uploads\/Education_spot.jpg","medium-width":800,"medium-height":450,"medium_large":"https:\/\/natussensory.com\/wp-content\/uploads\/Education_spot-768x432.jpg","medium_large-width":768,"medium_large-height":432,"large":"https:\/\/natussensory.com\/wp-content\/uploads\/Education_spot.jpg","large-width":800,"large-height":450,"1536x1536":"https:\/\/natussensory.com\/wp-content\/uploads\/Education_spot.jpg","1536x1536-width":800,"1536x1536-height":450,"2048x2048":"https:\/\/natussensory.com\/wp-content\/uploads\/Education_spot.jpg","2048x2048-width":800,"2048x2048-height":450}},"label":"Connaissances","title":"Natus Sensory Acad\u00e9mies","description":"Fournir des connaissances sp\u00e9cialis\u00e9es, une expertise clinique et une formation avanc\u00e9e \u2013 quel que soit votre r\u00f4le, o\u00f9 que vous travailliez.","links":[{"link":{"type":"url","value":"https:\/\/hearing-balance.academy\/","url":"https:\/\/hearing-balance.academy\/","name":"https:\/\/hearing-balance.academy\/","title":"Hearing & Balance Academy","target":"_blank"}},{"link":{"type":"url","value":"https:\/\/neonatalcareacademy.com\/","url":"https:\/\/neonatalcareacademy.com\/","name":"https:\/\/neonatalcareacademy.com\/","title":"Neonatal Care Academy","target":"_blank"}},{"link":{"type":"url","value":"https:\/\/vision-care.academy\/","url":"https:\/\/vision-care.academy\/","name":"https:\/\/vision-care.academy\/","title":"Vision Care Academy","target":"_blank"}}]}}]},"_links":{"self":[{"href":"https:\/\/natussensory.com\/fr\/wp-json\/wp\/v2\/pages\/10990","targetHints":{"allow":["GET"]}}],"collection":[{"href":"https:\/\/natussensory.com\/fr\/wp-json\/wp\/v2\/pages"}],"about":[{"href":"https:\/\/natussensory.com\/fr\/wp-json\/wp\/v2\/types\/page"}],"author":[{"embeddable":true,"href":"https:\/\/natussensory.com\/fr\/wp-json\/wp\/v2\/users\/1"}],"replies":[{"embeddable":true,"href":"https:\/\/natussensory.com\/fr\/wp-json\/wp\/v2\/comments?post=10990"}],"version-history":[{"count":10,"href":"https:\/\/natussensory.com\/fr\/wp-json\/wp\/v2\/pages\/10990\/revisions"}],"predecessor-version":[{"id":27119,"href":"https:\/\/natussensory.com\/fr\/wp-json\/wp\/v2\/pages\/10990\/revisions\/27119"}],"up":[{"embeddable":true,"href":"https:\/\/natussensory.com\/fr\/wp-json\/wp\/v2\/pages\/10961"}],"wp:attachment":[{"href":"https:\/\/natussensory.com\/fr\/wp-json\/wp\/v2\/media?parent=10990"}],"wp:term":[{"taxonomy":"category","embeddable":true,"href":"https:\/\/natussensory.com\/fr\/wp-json\/wp\/v2\/categories?post=10990"},{"taxonomy":"post_tag","embeddable":true,"href":"https:\/\/natussensory.com\/fr\/wp-json\/wp\/v2\/tags?post=10990"}],"curies":[{"name":"wp","href":"https:\/\/api.w.org\/{rel}","templated":true}]}}