{"id":10985,"date":"2023-08-22T00:13:50","date_gmt":"2023-08-22T00:13:50","guid":{"rendered":"https:\/\/natussensory.com\/sensory\/balance-assessment\/"},"modified":"2026-04-13T12:37:54","modified_gmt":"2026-04-13T12:37:54","slug":"explorations-fonctionnelles","status":"publish","type":"page","link":"https:\/\/natussensory.com\/fr\/produits\/explorations-fonctionnelles\/","title":{"rendered":"Explorations Fonctionnelles"},"content":{"rendered":"","protected":false},"excerpt":{"rendered":"","protected":false},"author":4,"featured_media":0,"parent":10961,"menu_order":0,"comment_status":"closed","ping_status":"closed","template":"templates\/page-sensory-solutions-category-landing.php","meta":{"_acf_changed":false,"inline_featured_image":false,"footnotes":""},"categories":[],"tags":[],"class_list":["post-10985","page","type-page","status-publish","hentry"],"acf":{"content_blocks":[{"acf_fc_layout":"spacer","_acfe_flexible_layout_title":null,"_acfe_flexible_toggle":null,"spacer":{"module_options":{"":null,"module_id":"n68592ab6c65d3","module_class":"","module_background_type":"color","module_background_color":"#473089","module_background_image":false,"module_background_video":"","activate_custom_padding":false,"padding_top_desktop":0,"padding_top_tablet":"","padding_top_mobile":"","padding_bottom_desktop":"","padding_bottom_tablet":"","padding_bottom_mobile":"","activate_custom_margin":false,"margin_top_desktop":"","margin_top_tablet":"","margin_top_mobile":"","margin_bottom_desktop":"","margin_bottom_tablet":"","margin_bottom_mobile":"","disable_on":[],"content_alignment_desktop":"left","content_alignment_tablet":"left","content_alignment_mobile":"left"},"height":"160"}},{"acf_fc_layout":"full_width_content","_acfe_flexible_layout_title":null,"_acfe_flexible_toggle":null,"content_full_width_landing":{"module_options":{"":null,"module_id":"n68a820c66a724","module_class":"","module_background_type":"image","module_background_color":"","module_background_image":"https:\/\/natussensory.com\/wp-content\/uploads\/Balance_Assessment_Category_banner.jpg","module_background_video":"","activate_custom_padding":false,"padding_top_desktop":0,"padding_top_tablet":"","padding_top_mobile":"","padding_bottom_desktop":"","padding_bottom_tablet":"","padding_bottom_mobile":"","activate_custom_margin":false,"margin_top_desktop":"","margin_top_tablet":"","margin_top_mobile":"","margin_bottom_desktop":"","margin_bottom_tablet":"","margin_bottom_mobile":"","disable_on":[],"content_alignment_desktop":"left","content_alignment_tablet":"left","content_alignment_mobile":"left"},"activate_custom_container_width":true,"container_width":"1920","content":"<p>&nbsp;<\/p>\n<h1 style=\"padding-left: 80px;\"><span style=\"color: #ffffff;\">Explorations Fonctionnelles<\/span><\/h1>\n"}},{"acf_fc_layout":"products_filter","_acfe_flexible_layout_title":null,"_acfe_flexible_toggle":null,"neuro_products_filter":{"module_options":{"":null,"module_id":"n65154750a5d8a","module_class":"","module_background_type":"color","module_background_color":"","module_background_image":false,"module_background_video":"","activate_custom_padding":false,"padding_top_desktop":0,"padding_top_tablet":"","padding_top_mobile":"","padding_bottom_desktop":"","padding_bottom_tablet":"","padding_bottom_mobile":"","activate_custom_margin":false,"margin_top_desktop":"","margin_top_tablet":"","margin_top_mobile":"","margin_bottom_desktop":"","margin_bottom_tablet":"","margin_bottom_mobile":"","disable_on":[],"content_alignment_desktop":"left","content_alignment_tablet":"left","content_alignment_mobile":"left"},"products":[{"category_title":"Explorations Fonctionnelles","subcategories":[{"subcategory_title":"Videonystagmographie (VNG)","subcategory_products":[{"label":"Videonystagmographie (VNG)","image":{"ID":21299,"id":21299,"title":"ICS-Dizcovery_all-products-link","filename":"ICS-Dizcovery_all-products-link.jpg","filesize":99108,"url":"https:\/\/natussensory.com\/wp-content\/uploads\/ICS-Dizcovery_all-products-link.jpg","link":"https:\/\/natussensory.com\/fr\/produits\/explorations-fonctionnelles\/ics-dizcovery_all-products-link-2\/","alt":"ICS\u00ae Dizcovery: VNG solution with plug & play goggles and unified diagnostic software for VNG, vHIT, & caloric testing.","author":"4","description":"","caption":"","name":"ics-dizcovery_all-products-link-2","status":"inherit","uploaded_to":10985,"date":"2024-08-26 11:15:10","modified":"2025-08-06 13:23:07","menu_order":0,"mime_type":"image\/jpeg","type":"image","subtype":"jpeg","icon":"https:\/\/natussensory.com\/wp-includes\/images\/media\/default.png","width":500,"height":400,"sizes":{"thumbnail":"https:\/\/natussensory.com\/wp-content\/uploads\/ICS-Dizcovery_all-products-link.jpg","thumbnail-width":120,"thumbnail-height":96,"medium":"https:\/\/natussensory.com\/wp-content\/uploads\/ICS-Dizcovery_all-products-link.jpg","medium-width":500,"medium-height":400,"medium_large":"https:\/\/natussensory.com\/wp-content\/uploads\/ICS-Dizcovery_all-products-link.jpg","medium_large-width":500,"medium_large-height":400,"large":"https:\/\/natussensory.com\/wp-content\/uploads\/ICS-Dizcovery_all-products-link.jpg","large-width":500,"large-height":400,"1536x1536":"https:\/\/natussensory.com\/wp-content\/uploads\/ICS-Dizcovery_all-products-link.jpg","1536x1536-width":500,"1536x1536-height":400,"2048x2048":"https:\/\/natussensory.com\/wp-content\/uploads\/ICS-Dizcovery_all-products-link.jpg","2048x2048-width":500,"2048x2048-height":400}},"title":"Syst\u00e8me VNG avec lunettes tout-en-un, pr\u00eates \u00e0 l\u2019emploi, ciblage laser, suivi oculaire \u00e0 haute fr\u00e9quence et logiciel modulaire pour une \u00e9valuation vestibulaire compl\u00e8te.","link":{"type":"post","value":"21706","url":"https:\/\/natussensory.com\/fr\/produits\/dizcovery\/","name":"ICS\u00ae Dizcovery &#8211; Videonystagmographie","title":"ICS<sup>\u00ae<\/sup> Dizcovery","target":""}}]},{"subcategory_title":"Test Vid\u00e9o de l\u2019Impulsion de la T\u00eate (vHIT)","subcategory_products":[{"label":"Test Vid\u00e9o de l\u2019Impulsion de la T\u00eate (vHIT)","image":{"ID":7263,"id":7263,"title":"ICS-Impulse_all-products-link","filename":"ICS-Impulse_all-products-link.jpg","filesize":82066,"url":"https:\/\/natussensory.com\/wp-content\/uploads\/ICS-Impulse_all-products-link.jpg","link":"https:\/\/natussensory.com\/fr\/produits\/ics-impulse_all-products-link-2\/","alt":"ICS Impulse Video head impulse test (vHIT)","author":"4","description":"","caption":"","name":"ics-impulse_all-products-link-2","status":"inherit","uploaded_to":10961,"date":"2023-09-26 08:42:53","modified":"2026-04-09 08:27:46","menu_order":0,"mime_type":"image\/jpeg","type":"image","subtype":"jpeg","icon":"https:\/\/natussensory.com\/wp-includes\/images\/media\/default.png","width":500,"height":400,"sizes":{"thumbnail":"https:\/\/natussensory.com\/wp-content\/uploads\/ICS-Impulse_all-products-link.jpg","thumbnail-width":120,"thumbnail-height":96,"medium":"https:\/\/natussensory.com\/wp-content\/uploads\/ICS-Impulse_all-products-link.jpg","medium-width":500,"medium-height":400,"medium_large":"https:\/\/natussensory.com\/wp-content\/uploads\/ICS-Impulse_all-products-link.jpg","medium_large-width":500,"medium_large-height":400,"large":"https:\/\/natussensory.com\/wp-content\/uploads\/ICS-Impulse_all-products-link.jpg","large-width":500,"large-height":400,"1536x1536":"https:\/\/natussensory.com\/wp-content\/uploads\/ICS-Impulse_all-products-link.jpg","1536x1536-width":500,"1536x1536-height":400,"2048x2048":"https:\/\/natussensory.com\/wp-content\/uploads\/ICS-Impulse_all-products-link.jpg","2048x2048-width":500,"2048x2048-height":400}},"title":"Solution modulaire pour tester VNG, vHIT et calorique avec suivi de la t\u00eate et analyse du nystagmus.","link":{"type":"post","value":"1918","url":"https:\/\/natussensory.com\/products\/ics-impulse\/","name":"ICS\u00ae Impulse &#8211; Vestibular Testing","title":"ICS<sup>\u00ae<\/sup> Impulse","target":""}}]},{"subcategory_title":"Irrigateurs Caloriques","subcategory_products":[{"label":"Irrigateurs Caloriques","image":{"ID":7258,"id":7258,"title":"ICS-Aircal_all-products-link","filename":"ICS-Aircal_all-products-link.jpg","filesize":60736,"url":"https:\/\/natussensory.com\/wp-content\/uploads\/ICS-Aircal_all-products-link.jpg","link":"https:\/\/natussensory.com\/fr\/produits\/ics-aircal_all-products-link-2\/","alt":"ICS Aircal","author":"4","description":"","caption":"","name":"ics-aircal_all-products-link-2","status":"inherit","uploaded_to":10961,"date":"2023-09-26 08:42:51","modified":"2026-04-09 08:29:40","menu_order":0,"mime_type":"image\/jpeg","type":"image","subtype":"jpeg","icon":"https:\/\/natussensory.com\/wp-includes\/images\/media\/default.png","width":500,"height":400,"sizes":{"thumbnail":"https:\/\/natussensory.com\/wp-content\/uploads\/ICS-Aircal_all-products-link.jpg","thumbnail-width":120,"thumbnail-height":96,"medium":"https:\/\/natussensory.com\/wp-content\/uploads\/ICS-Aircal_all-products-link.jpg","medium-width":500,"medium-height":400,"medium_large":"https:\/\/natussensory.com\/wp-content\/uploads\/ICS-Aircal_all-products-link.jpg","medium_large-width":500,"medium_large-height":400,"large":"https:\/\/natussensory.com\/wp-content\/uploads\/ICS-Aircal_all-products-link.jpg","large-width":500,"large-height":400,"1536x1536":"https:\/\/natussensory.com\/wp-content\/uploads\/ICS-Aircal_all-products-link.jpg","1536x1536-width":500,"1536x1536-height":400,"2048x2048":"https:\/\/natussensory.com\/wp-content\/uploads\/ICS-Aircal_all-products-link.jpg","2048x2048-width":500,"2048x2048-height":400}},"title":"Irrigateur calorique \u00e0 air portable avec stimuli thermiques contr\u00f4l\u00e9s et temp\u00e9rature pr\u00e9cise pour tester la fonction vestibulaire.","link":{"type":"post","value":"5658","url":"https:\/\/natussensory.com\/products\/ics-aircal\/","name":"ICS\u00ae Aircal &#8211; Caloric Irrigator","title":"ICS<sup>\u00ae<\/sup> Aircal","target":""}}]}]}]}},{"acf_fc_layout":"contact","_acfe_flexible_layout_title":null,"_acfe_flexible_toggle":null,"contact_form_landing":{"module_options":{"":null,"module_id":null,"module_class":"","module_background_type":"","module_background_color":"","module_background_image":false,"module_background_video":"","activate_custom_padding":false,"padding_top_desktop":0,"padding_top_tablet":"","padding_top_mobile":"","padding_bottom_desktop":"","padding_bottom_tablet":"","padding_bottom_mobile":"","activate_custom_margin":false,"margin_top_desktop":"","margin_top_tablet":"","margin_top_mobile":"","margin_bottom_desktop":"","margin_bottom_tablet":"","margin_bottom_mobile":"","disable_on":[],"content_alignment_desktop":false,"content_alignment_tablet":false,"content_alignment_mobile":false},"":null,"activate_intro":false,"intro_text":"","intro_text_color":"","intro_link":null,"activate_description":false,"description_title":"","description_copy":"","embed_code":""}},{"acf_fc_layout":"education","_acfe_flexible_layout_title":null,"_acfe_flexible_toggle":null,"left_image_right_content_multi_ctas_landing":{"module_options":{"":null,"module_id":"n6514ac9bc497a","module_class":"","module_background_type":"color","module_background_color":"","module_background_image":false,"module_background_video":"","activate_custom_padding":false,"padding_top_desktop":0,"padding_top_tablet":"","padding_top_mobile":"","padding_bottom_desktop":"","padding_bottom_tablet":"","padding_bottom_mobile":"","activate_custom_margin":false,"margin_top_desktop":"","margin_top_tablet":"","margin_top_mobile":"","margin_bottom_desktop":"","margin_bottom_tablet":"","margin_bottom_mobile":"","disable_on":[],"content_alignment_desktop":"left","content_alignment_tablet":"left","content_alignment_mobile":"left"},"image":{"ID":7365,"id":7365,"title":"HBA_spot","filename":"HBA_spot-e1710924648547.jpg","filesize":216983,"url":"https:\/\/natussensory.com\/wp-content\/uploads\/HBA_spot-e1710924648547.jpg","link":"https:\/\/natussensory.com\/fr\/produits\/evaluation-auditive\/hba_spot-2\/","alt":"","author":"4","description":"","caption":"","name":"hba_spot-2","status":"inherit","uploaded_to":10969,"date":"2023-09-26 12:33:06","modified":"2023-09-26 12:33:06","menu_order":0,"mime_type":"image\/jpeg","type":"image","subtype":"jpeg","icon":"https:\/\/natussensory.com\/wp-includes\/images\/media\/default.png","width":800,"height":450,"sizes":{"thumbnail":"https:\/\/natussensory.com\/wp-content\/uploads\/HBA_spot-e1710924648547.jpg","thumbnail-width":128,"thumbnail-height":72,"medium":"https:\/\/natussensory.com\/wp-content\/uploads\/HBA_spot-e1710924648547.jpg","medium-width":800,"medium-height":450,"medium_large":"https:\/\/natussensory.com\/wp-content\/uploads\/HBA_spot-768x432.jpg","medium_large-width":768,"medium_large-height":432,"large":"https:\/\/natussensory.com\/wp-content\/uploads\/HBA_spot-e1710924648547.jpg","large-width":800,"large-height":450,"1536x1536":"https:\/\/natussensory.com\/wp-content\/uploads\/HBA_spot-e1710924648547.jpg","1536x1536-width":800,"1536x1536-height":450,"2048x2048":"https:\/\/natussensory.com\/wp-content\/uploads\/HBA_spot-e1710924648547.jpg","2048x2048-width":800,"2048x2048-height":450}},"label":"Connaissances","title":"Hearing & Balance Academy","description":"La Natus Hearing & Balance Academy explore les derniers d\u00e9veloppements technologiques et scientifiques en mati\u00e8re d\u2019\u00e9valuation auditive et de d\u00e9pistage, d\u2019ajustement des appareils auditifs et d\u2019\u00e9valuation de l\u2019\u00e9quilibre.<br \/>\r\n<br \/>\r\nL\u2019adh\u00e9sion est GRATUITE et comprend l\u2019acc\u00e8s \u00e0 des cyber-s\u00e9minaires en direct, \u00e0 des possibilit\u00e9s d\u2019apprentissage sur demande et \u00e0 des ressources sp\u00e9cialis\u00e9es de leaders d\u2019opinion cl\u00e9s.","links":[{"link":{"type":"url","value":"https:\/\/hearing-balance.academy\/","url":"https:\/\/hearing-balance.academy\/","name":"https:\/\/hearing-balance.academy\/","title":"En Savoir Plus","target":"_blank"}}]}}]},"_links":{"self":[{"href":"https:\/\/natussensory.com\/fr\/wp-json\/wp\/v2\/pages\/10985","targetHints":{"allow":["GET"]}}],"collection":[{"href":"https:\/\/natussensory.com\/fr\/wp-json\/wp\/v2\/pages"}],"about":[{"href":"https:\/\/natussensory.com\/fr\/wp-json\/wp\/v2\/types\/page"}],"author":[{"embeddable":true,"href":"https:\/\/natussensory.com\/fr\/wp-json\/wp\/v2\/users\/4"}],"replies":[{"embeddable":true,"href":"https:\/\/natussensory.com\/fr\/wp-json\/wp\/v2\/comments?post=10985"}],"version-history":[{"count":11,"href":"https:\/\/natussensory.com\/fr\/wp-json\/wp\/v2\/pages\/10985\/revisions"}],"predecessor-version":[{"id":28872,"href":"https:\/\/natussensory.com\/fr\/wp-json\/wp\/v2\/pages\/10985\/revisions\/28872"}],"up":[{"embeddable":true,"href":"https:\/\/natussensory.com\/fr\/wp-json\/wp\/v2\/pages\/10961"}],"wp:attachment":[{"href":"https:\/\/natussensory.com\/fr\/wp-json\/wp\/v2\/media?parent=10985"}],"wp:term":[{"taxonomy":"category","embeddable":true,"href":"https:\/\/natussensory.com\/fr\/wp-json\/wp\/v2\/categories?post=10985"},{"taxonomy":"post_tag","embeddable":true,"href":"https:\/\/natussensory.com\/fr\/wp-json\/wp\/v2\/tags?post=10985"}],"curies":[{"name":"wp","href":"https:\/\/api.w.org\/{rel}","templated":true}]}}