{"id":10978,"date":"2023-08-22T00:13:15","date_gmt":"2023-08-22T00:13:15","guid":{"rendered":"https:\/\/natussensory.com\/sensory\/hearing-screening\/"},"modified":"2026-04-13T12:40:44","modified_gmt":"2026-04-13T12:40:44","slug":"depistage-auditif","status":"publish","type":"page","link":"https:\/\/natussensory.com\/fr\/produits\/depistage-auditif\/","title":{"rendered":"D\u00e9pistage Auditif"},"content":{"rendered":"","protected":false},"excerpt":{"rendered":"","protected":false},"author":1,"featured_media":0,"parent":10961,"menu_order":0,"comment_status":"closed","ping_status":"closed","template":"templates\/page-sensory-solutions-category-landing.php","meta":{"_acf_changed":false,"inline_featured_image":false,"footnotes":""},"categories":[],"tags":[],"class_list":["post-10978","page","type-page","status-publish","hentry"],"acf":{"content_blocks":[{"acf_fc_layout":"spacer","_acfe_flexible_layout_title":null,"_acfe_flexible_toggle":null,"spacer":{"module_options":{"":null,"module_id":"n68592ab6c65d3","module_class":"","module_background_type":"color","module_background_color":"#473089","module_background_image":false,"module_background_video":"","activate_custom_padding":false,"padding_top_desktop":0,"padding_top_tablet":"","padding_top_mobile":"","padding_bottom_desktop":"","padding_bottom_tablet":"","padding_bottom_mobile":"","activate_custom_margin":false,"margin_top_desktop":"","margin_top_tablet":"","margin_top_mobile":"","margin_bottom_desktop":"","margin_bottom_tablet":"","margin_bottom_mobile":"","disable_on":[],"content_alignment_desktop":"left","content_alignment_tablet":"left","content_alignment_mobile":"left"},"height":"160"}},{"acf_fc_layout":"full_width_content","_acfe_flexible_layout_title":null,"_acfe_flexible_toggle":null,"content_full_width_landing":{"module_options":{"":null,"module_id":"n68a820c66a724","module_class":"","module_background_type":"image","module_background_color":"","module_background_image":"https:\/\/natussensory.com\/wp-content\/uploads\/Infant_Hearing-Screening_Category_banner.jpg","module_background_video":"","activate_custom_padding":false,"padding_top_desktop":0,"padding_top_tablet":"","padding_top_mobile":"","padding_bottom_desktop":"","padding_bottom_tablet":"","padding_bottom_mobile":"","activate_custom_margin":false,"margin_top_desktop":"","margin_top_tablet":"","margin_top_mobile":"","margin_bottom_desktop":"","margin_bottom_tablet":"","margin_bottom_mobile":"","disable_on":[],"content_alignment_desktop":"left","content_alignment_tablet":"left","content_alignment_mobile":"left"},"activate_custom_container_width":true,"container_width":"1920","content":"<p>&nbsp;<\/p>\n<h1 style=\"padding-left: 80px;\"><span style=\"color: #ffffff;\">D\u00e9pistage Auditif<\/span><\/h1>\n<p style=\"padding-left: 80px;\">\n"}},{"acf_fc_layout":"products_filter","_acfe_flexible_layout_title":null,"_acfe_flexible_toggle":null,"neuro_products_filter":{"module_options":{"":null,"module_id":"n65154750a5d8a","module_class":"","module_background_type":"color","module_background_color":"","module_background_image":false,"module_background_video":"","activate_custom_padding":false,"padding_top_desktop":0,"padding_top_tablet":"","padding_top_mobile":"","padding_bottom_desktop":"","padding_bottom_tablet":"","padding_bottom_mobile":"","activate_custom_margin":false,"margin_top_desktop":"","margin_top_tablet":"","margin_top_mobile":"","margin_bottom_desktop":"","margin_bottom_tablet":"","margin_bottom_mobile":"","disable_on":[],"content_alignment_desktop":"left","content_alignment_tablet":"left","content_alignment_mobile":"left"},"products":[{"category_title":"D\u00e9pistage Auditif","subcategories":[{"subcategory_title":"Appareil de D\u00e9pistage Auditif N\u00e9onatal AABR","subcategory_products":[{"label":"Appareil de D\u00e9pistage Auditif N\u00e9onatal AABR","image":{"ID":7248,"id":7248,"title":"Algo7i_all-products-link","filename":"Algo7i_all-products-link.jpg","filesize":42658,"url":"https:\/\/natussensory.com\/wp-content\/uploads\/Algo7i_all-products-link.jpg","link":"https:\/\/natussensory.com\/fr\/produits\/algo7i_all-products-link-2\/","alt":"Algo7i","author":"4","description":"","caption":"","name":"algo7i_all-products-link-2","status":"inherit","uploaded_to":10961,"date":"2023-09-26 08:35:40","modified":"2025-08-06 14:10:05","menu_order":0,"mime_type":"image\/jpeg","type":"image","subtype":"jpeg","icon":"https:\/\/natussensory.com\/wp-includes\/images\/media\/default.png","width":500,"height":400,"sizes":{"thumbnail":"https:\/\/natussensory.com\/wp-content\/uploads\/Algo7i_all-products-link.jpg","thumbnail-width":120,"thumbnail-height":96,"medium":"https:\/\/natussensory.com\/wp-content\/uploads\/Algo7i_all-products-link.jpg","medium-width":500,"medium-height":400,"medium_large":"https:\/\/natussensory.com\/wp-content\/uploads\/Algo7i_all-products-link.jpg","medium_large-width":500,"medium_large-height":400,"large":"https:\/\/natussensory.com\/wp-content\/uploads\/Algo7i_all-products-link.jpg","large-width":500,"large-height":400,"1536x1536":"https:\/\/natussensory.com\/wp-content\/uploads\/Algo7i_all-products-link.jpg","1536x1536-width":500,"1536x1536-height":400,"2048x2048":"https:\/\/natussensory.com\/wp-content\/uploads\/Algo7i_all-products-link.jpg","2048x2048-width":500,"2048x2048-height":400}},"title":"Syst\u00e8me AABR compact et automatis\u00e9 avec d\u00e9tection binomiale, utilisation sans fil, \u00e9cran tactile et modes de d\u00e9pistage flexibles.","link":{"type":"post","value":"4205","url":"https:\/\/natussensory.com\/products\/algo-7i\/","name":"ALGO\u00ae 7i Newborn Hearing Screener","title":"ALGO<sup>\u00ae<\/sup> 7i","target":""}},{"label":"Appareil de D\u00e9pistage Auditif N\u00e9onatal AABR","image":{"ID":7243,"id":7243,"title":"Algo5_all-products-link","filename":"Algo5_all-products-link.jpg","filesize":40466,"url":"https:\/\/natussensory.com\/wp-content\/uploads\/Algo5_all-products-link.jpg","link":"https:\/\/natussensory.com\/fr\/produits\/algo5_all-products-link-2\/","alt":"","author":"4","description":"","caption":"","name":"algo5_all-products-link-2","status":"inherit","uploaded_to":10961,"date":"2023-09-26 08:35:38","modified":"2023-09-26 08:35:38","menu_order":0,"mime_type":"image\/jpeg","type":"image","subtype":"jpeg","icon":"https:\/\/natussensory.com\/wp-includes\/images\/media\/default.png","width":500,"height":400,"sizes":{"thumbnail":"https:\/\/natussensory.com\/wp-content\/uploads\/Algo5_all-products-link.jpg","thumbnail-width":120,"thumbnail-height":96,"medium":"https:\/\/natussensory.com\/wp-content\/uploads\/Algo5_all-products-link.jpg","medium-width":500,"medium-height":400,"medium_large":"https:\/\/natussensory.com\/wp-content\/uploads\/Algo5_all-products-link.jpg","medium_large-width":500,"medium_large-height":400,"large":"https:\/\/natussensory.com\/wp-content\/uploads\/Algo5_all-products-link.jpg","large-width":500,"large-height":400,"1536x1536":"https:\/\/natussensory.com\/wp-content\/uploads\/Algo5_all-products-link.jpg","1536x1536-width":500,"1536x1536-height":400,"2048x2048":"https:\/\/natussensory.com\/wp-content\/uploads\/Algo5_all-products-link.jpg","2048x2048-width":500,"2048x2048-height":400}},"title":"Appareil PEAA automatis\u00e9 avec \u00e9cran tactile et gestion de donn\u00e9es, id\u00e9al pour le d\u00e9pistage n\u00e9onatal en \u00e9tablissement \u00e0 haut volume.","link":{"type":"post","value":"4204","url":"https:\/\/natussensory.com\/products\/algo-5\/","name":"ALGO\u00ae 5 &#8211; Newborn Hearing Screening Equipment","title":"ALGO<sup>\u00ae<\/sup> 5","target":""}}]},{"subcategory_title":"Appareils de D\u00e9pistage OEA\/PEAA (OAE\/ABR)","subcategory_products":[{"label":"Appareils de D\u00e9pistage OEA\/PEAA (OAE\/ABR)","image":{"ID":7238,"id":7238,"title":"Madsen-Alpha_all-products-link","filename":"Madsen-Alpha_all-products-link.jpg","filesize":57270,"url":"https:\/\/natussensory.com\/wp-content\/uploads\/Madsen-Alpha_all-products-link.jpg","link":"https:\/\/natussensory.com\/fr\/produits\/madsen-alpha_all-products-link-2\/","alt":"Madsen Alpha ","author":"4","description":"","caption":"","name":"madsen-alpha_all-products-link-2","status":"inherit","uploaded_to":10961,"date":"2023-09-26 08:35:37","modified":"2026-04-09 08:36:01","menu_order":0,"mime_type":"image\/jpeg","type":"image","subtype":"jpeg","icon":"https:\/\/natussensory.com\/wp-includes\/images\/media\/default.png","width":500,"height":400,"sizes":{"thumbnail":"https:\/\/natussensory.com\/wp-content\/uploads\/Madsen-Alpha_all-products-link.jpg","thumbnail-width":120,"thumbnail-height":96,"medium":"https:\/\/natussensory.com\/wp-content\/uploads\/Madsen-Alpha_all-products-link.jpg","medium-width":500,"medium-height":400,"medium_large":"https:\/\/natussensory.com\/wp-content\/uploads\/Madsen-Alpha_all-products-link.jpg","medium_large-width":500,"medium_large-height":400,"large":"https:\/\/natussensory.com\/wp-content\/uploads\/Madsen-Alpha_all-products-link.jpg","large-width":500,"large-height":400,"1536x1536":"https:\/\/natussensory.com\/wp-content\/uploads\/Madsen-Alpha_all-products-link.jpg","1536x1536-width":500,"1536x1536-height":400,"2048x2048":"https:\/\/natussensory.com\/wp-content\/uploads\/Madsen-Alpha_all-products-link.jpg","2048x2048-width":500,"2048x2048-height":400}},"title":"Appareil portatif de d\u00e9pistage OEA avec \u00e9cran tactile, v\u00e9rification de sonde, mode enfant et protocoles polyvalents.","link":{"type":"post","value":"4653","url":"https:\/\/natussensory.com\/products\/madsen-alpha\/","name":"Madsen Alpha &#8211; OAE Hearing Screener","title":"Madsen<sup>\u00ae<\/sup> Alpha","target":""}},{"label":"Appareils de D\u00e9pistage OEA\/PEAA (OAE\/ABR)","image":{"ID":7228,"id":7228,"title":"AuDX_all-products-link","filename":"AuDX_all-products-link.jpg","filesize":49231,"url":"https:\/\/natussensory.com\/wp-content\/uploads\/AuDX_all-products-link.jpg","link":"https:\/\/natussensory.com\/fr\/produits\/audx_all-products-link-2\/","alt":" OAE \/ ABR Screener","author":"4","description":"","caption":"","name":"audx_all-products-link-2","status":"inherit","uploaded_to":10961,"date":"2023-09-26 08:35:33","modified":"2026-04-09 08:37:21","menu_order":0,"mime_type":"image\/jpeg","type":"image","subtype":"jpeg","icon":"https:\/\/natussensory.com\/wp-includes\/images\/media\/default.png","width":500,"height":400,"sizes":{"thumbnail":"https:\/\/natussensory.com\/wp-content\/uploads\/AuDX_all-products-link.jpg","thumbnail-width":120,"thumbnail-height":96,"medium":"https:\/\/natussensory.com\/wp-content\/uploads\/AuDX_all-products-link.jpg","medium-width":500,"medium-height":400,"medium_large":"https:\/\/natussensory.com\/wp-content\/uploads\/AuDX_all-products-link.jpg","medium_large-width":500,"medium_large-height":400,"large":"https:\/\/natussensory.com\/wp-content\/uploads\/AuDX_all-products-link.jpg","large-width":500,"large-height":400,"1536x1536":"https:\/\/natussensory.com\/wp-content\/uploads\/AuDX_all-products-link.jpg","1536x1536-width":500,"1536x1536-height":400,"2048x2048":"https:\/\/natussensory.com\/wp-content\/uploads\/AuDX_all-products-link.jpg","2048x2048-width":500,"2048x2048-height":400}},"title":"Appareil de d\u00e9pistage OEA \u00e0 double fr\u00e9quence avec test binaural simultan\u00e9, mode enfant et configurable pour le d\u00e9pistage OEA et l\u2019audiom\u00e9trie tonale.","link":{"type":"post","value":"4616","url":"https:\/\/natussensory.com\/products\/audx\/","name":"Bio-logic AuDX &#8211; OAE Hearing Screener","title":"Bio-logic<sup>\u00ae<\/sup> AuDX<sup>\u00ae<\/sup>","target":""}}]}]}]}},{"acf_fc_layout":"contact","_acfe_flexible_layout_title":null,"_acfe_flexible_toggle":null,"contact_form_landing":{"module_options":{"":null,"module_id":null,"module_class":"","module_background_type":"","module_background_color":"","module_background_image":false,"module_background_video":"","activate_custom_padding":false,"padding_top_desktop":0,"padding_top_tablet":"","padding_top_mobile":"","padding_bottom_desktop":"","padding_bottom_tablet":"","padding_bottom_mobile":"","activate_custom_margin":false,"margin_top_desktop":"","margin_top_tablet":"","margin_top_mobile":"","margin_bottom_desktop":"","margin_bottom_tablet":"","margin_bottom_mobile":"","disable_on":[],"content_alignment_desktop":false,"content_alignment_tablet":false,"content_alignment_mobile":false},"":null,"activate_intro":false,"intro_text":"","intro_text_color":"","intro_link":null,"activate_description":false,"description_title":"","description_copy":"","embed_code":""}},{"acf_fc_layout":"education","_acfe_flexible_layout_title":null,"_acfe_flexible_toggle":null,"left_image_right_content_multi_ctas_landing":{"module_options":{"":null,"module_id":"n65155bcc5fa4d","module_class":"","module_background_type":"color","module_background_color":"rgba(255,0,0,0)","module_background_image":false,"module_background_video":"","activate_custom_padding":false,"padding_top_desktop":0,"padding_top_tablet":"","padding_top_mobile":"","padding_bottom_desktop":"","padding_bottom_tablet":"","padding_bottom_mobile":"","activate_custom_margin":false,"margin_top_desktop":"","margin_top_tablet":"","margin_top_mobile":"","margin_bottom_desktop":"","margin_bottom_tablet":"","margin_bottom_mobile":"","disable_on":[],"content_alignment_desktop":"left","content_alignment_tablet":"left","content_alignment_mobile":"left"},"image":{"ID":7333,"id":7333,"title":"Education_spot","filename":"Education_spot.jpg","filesize":250797,"url":"https:\/\/natussensory.com\/wp-content\/uploads\/Education_spot.jpg","link":"https:\/\/natussensory.com\/fr\/produits\/education_spot-2\/","alt":"","author":"4","description":"","caption":"","name":"education_spot-2","status":"inherit","uploaded_to":10961,"date":"2023-09-26 10:17:46","modified":"2023-09-26 10:17:46","menu_order":0,"mime_type":"image\/jpeg","type":"image","subtype":"jpeg","icon":"https:\/\/natussensory.com\/wp-includes\/images\/media\/default.png","width":800,"height":450,"sizes":{"thumbnail":"https:\/\/natussensory.com\/wp-content\/uploads\/Education_spot.jpg","thumbnail-width":128,"thumbnail-height":72,"medium":"https:\/\/natussensory.com\/wp-content\/uploads\/Education_spot.jpg","medium-width":800,"medium-height":450,"medium_large":"https:\/\/natussensory.com\/wp-content\/uploads\/Education_spot-768x432.jpg","medium_large-width":768,"medium_large-height":432,"large":"https:\/\/natussensory.com\/wp-content\/uploads\/Education_spot.jpg","large-width":800,"large-height":450,"1536x1536":"https:\/\/natussensory.com\/wp-content\/uploads\/Education_spot.jpg","1536x1536-width":800,"1536x1536-height":450,"2048x2048":"https:\/\/natussensory.com\/wp-content\/uploads\/Education_spot.jpg","2048x2048-width":800,"2048x2048-height":450}},"label":"Connaissances","title":"Natus Sensory Acad\u00e9mies","description":"Fournir des connaissances sp\u00e9cialis\u00e9es, une expertise clinique et une formation avanc\u00e9e \u2013 quel que soit votre r\u00f4le, o\u00f9 que vous travailliez.","links":[{"link":{"type":"url","value":"https:\/\/hearing-balance.academy\/","url":"https:\/\/hearing-balance.academy\/","name":"https:\/\/hearing-balance.academy\/","title":"Hearing & Balance Academy","target":"_blank"}},{"link":{"type":"url","value":"https:\/\/neonatalcareacademy.com\/","url":"https:\/\/neonatalcareacademy.com\/","name":"https:\/\/neonatalcareacademy.com\/","title":"Neonatal Care Academy","target":"_blank"}},{"link":{"type":"url","value":"https:\/\/vision-care.academy\/","url":"https:\/\/vision-care.academy\/","name":"https:\/\/vision-care.academy\/","title":"Vision Care Academy","target":"_blank"}}]}}]},"_links":{"self":[{"href":"https:\/\/natussensory.com\/fr\/wp-json\/wp\/v2\/pages\/10978","targetHints":{"allow":["GET"]}}],"collection":[{"href":"https:\/\/natussensory.com\/fr\/wp-json\/wp\/v2\/pages"}],"about":[{"href":"https:\/\/natussensory.com\/fr\/wp-json\/wp\/v2\/types\/page"}],"author":[{"embeddable":true,"href":"https:\/\/natussensory.com\/fr\/wp-json\/wp\/v2\/users\/1"}],"replies":[{"embeddable":true,"href":"https:\/\/natussensory.com\/fr\/wp-json\/wp\/v2\/comments?post=10978"}],"version-history":[{"count":11,"href":"https:\/\/natussensory.com\/fr\/wp-json\/wp\/v2\/pages\/10978\/revisions"}],"predecessor-version":[{"id":28880,"href":"https:\/\/natussensory.com\/fr\/wp-json\/wp\/v2\/pages\/10978\/revisions\/28880"}],"up":[{"embeddable":true,"href":"https:\/\/natussensory.com\/fr\/wp-json\/wp\/v2\/pages\/10961"}],"wp:attachment":[{"href":"https:\/\/natussensory.com\/fr\/wp-json\/wp\/v2\/media?parent=10978"}],"wp:term":[{"taxonomy":"category","embeddable":true,"href":"https:\/\/natussensory.com\/fr\/wp-json\/wp\/v2\/categories?post=10978"},{"taxonomy":"post_tag","embeddable":true,"href":"https:\/\/natussensory.com\/fr\/wp-json\/wp\/v2\/tags?post=10978"}],"curies":[{"name":"wp","href":"https:\/\/api.w.org\/{rel}","templated":true}]}}