{"id":10974,"date":"2023-08-22T00:12:35","date_gmt":"2023-08-22T00:12:35","guid":{"rendered":"https:\/\/natussensory.com\/sensory\/hearing-aid-fitting\/"},"modified":"2026-04-13T12:36:14","modified_gmt":"2026-04-13T12:36:14","slug":"audioprothese","status":"publish","type":"page","link":"https:\/\/natussensory.com\/fr\/produits\/audioprothese\/","title":{"rendered":"Audioproth\u00e8se"},"content":{"rendered":"","protected":false},"excerpt":{"rendered":"","protected":false},"author":1,"featured_media":0,"parent":10961,"menu_order":0,"comment_status":"closed","ping_status":"closed","template":"templates\/page-sensory-solutions-category-landing.php","meta":{"_acf_changed":false,"inline_featured_image":false,"footnotes":""},"categories":[292],"tags":[],"class_list":["post-10974","page","type-page","status-publish","hentry","category-hearing-aid-fitting-fr"],"acf":{"content_blocks":[{"acf_fc_layout":"spacer","_acfe_flexible_layout_title":null,"_acfe_flexible_toggle":null,"spacer":{"module_options":{"":null,"module_id":"n68592ab6c65d3","module_class":"","module_background_type":"color","module_background_color":"#473089","module_background_image":false,"module_background_video":"","activate_custom_padding":false,"padding_top_desktop":0,"padding_top_tablet":"","padding_top_mobile":"","padding_bottom_desktop":"","padding_bottom_tablet":"","padding_bottom_mobile":"","activate_custom_margin":false,"margin_top_desktop":"","margin_top_tablet":"","margin_top_mobile":"","margin_bottom_desktop":"","margin_bottom_tablet":"","margin_bottom_mobile":"","disable_on":[],"content_alignment_desktop":"left","content_alignment_tablet":"left","content_alignment_mobile":"left"},"height":"160"}},{"acf_fc_layout":"full_width_content","_acfe_flexible_layout_title":null,"_acfe_flexible_toggle":null,"content_full_width_landing":{"module_options":{"":null,"module_id":"n68a820c66a724","module_class":"","module_background_type":"image","module_background_color":"","module_background_image":"https:\/\/natussensory.com\/wp-content\/uploads\/Category_Fitting.jpg","module_background_video":"","activate_custom_padding":false,"padding_top_desktop":"30","padding_top_tablet":"20","padding_top_mobile":"20","padding_bottom_desktop":"0","padding_bottom_tablet":"0","padding_bottom_mobile":"0","activate_custom_margin":false,"margin_top_desktop":"","margin_top_tablet":"","margin_top_mobile":"","margin_bottom_desktop":"","margin_bottom_tablet":"","margin_bottom_mobile":"","disable_on":[],"content_alignment_desktop":"left","content_alignment_tablet":"left","content_alignment_mobile":"left"},"activate_custom_container_width":false,"container_width":"","content":"<p>&nbsp;<\/p>\n<p>&nbsp;<\/p>\n<p>&nbsp;<\/p>\n<p>&nbsp;<\/p>\n<p>&nbsp;<\/p>\n<p>&nbsp;<\/p>\n<p>&nbsp;<\/p>\n<p>&nbsp;<\/p>\n<p>&nbsp;<\/p>\n<p>&nbsp;<\/p>\n"}},{"acf_fc_layout":"full_width_content","_acfe_flexible_layout_title":null,"_acfe_flexible_toggle":null,"content_full_width_landing":{"module_options":{"":null,"module_id":"n689dc1510fd9c","module_class":"","module_background_type":"color","module_background_color":"","module_background_image":false,"module_background_video":"","activate_custom_padding":true,"padding_top_desktop":"30","padding_top_tablet":"20","padding_top_mobile":"20","padding_bottom_desktop":"0","padding_bottom_tablet":"0","padding_bottom_mobile":"0","activate_custom_margin":false,"margin_top_desktop":"","margin_top_tablet":"","margin_top_mobile":"","margin_bottom_desktop":"","margin_bottom_tablet":"","margin_bottom_mobile":"","disable_on":[],"content_alignment_desktop":"left","content_alignment_tablet":"left","content_alignment_mobile":"left"},"activate_custom_container_width":false,"container_width":"","content":"<h1>Audioproth\u00e8se<\/h1>\n<p>&nbsp;<\/p>\n"}},{"acf_fc_layout":"products_filter","_acfe_flexible_layout_title":null,"_acfe_flexible_toggle":null,"neuro_products_filter":{"module_options":{"":null,"module_id":"n65154750a5d8a","module_class":"","module_background_type":"color","module_background_color":"","module_background_image":false,"module_background_video":"","activate_custom_padding":false,"padding_top_desktop":0,"padding_top_tablet":"","padding_top_mobile":"","padding_bottom_desktop":"","padding_bottom_tablet":"","padding_bottom_mobile":"","activate_custom_margin":false,"margin_top_desktop":"","margin_top_tablet":"","margin_top_mobile":"","margin_bottom_desktop":"","margin_bottom_tablet":"","margin_bottom_mobile":"","disable_on":[],"content_alignment_desktop":"left","content_alignment_tablet":"left","content_alignment_mobile":"left"},"products":[{"category_title":"Audioproth\u00e8se","subcategories":[{"subcategory_title":"Scan Num\u00e9rique de l\u2019oreille","subcategory_products":[{"label":"Scan Num\u00e9rique de l\u2019oreille","image":{"ID":7217,"id":7217,"title":"Otoscan_all-products-link","filename":"Otoscan_all-products-link.jpg","filesize":72101,"url":"https:\/\/natussensory.com\/wp-content\/uploads\/Otoscan_all-products-link.jpg","link":"https:\/\/natussensory.com\/fr\/produits\/otoscan_all-products-link-2\/","alt":"Otoscan digital ear scanning","author":"4","description":"","caption":"","name":"otoscan_all-products-link-2","status":"inherit","uploaded_to":10961,"date":"2023-09-26 07:35:51","modified":"2026-04-09 08:22:50","menu_order":0,"mime_type":"image\/jpeg","type":"image","subtype":"jpeg","icon":"https:\/\/natussensory.com\/wp-includes\/images\/media\/default.png","width":500,"height":400,"sizes":{"thumbnail":"https:\/\/natussensory.com\/wp-content\/uploads\/Otoscan_all-products-link.jpg","thumbnail-width":120,"thumbnail-height":96,"medium":"https:\/\/natussensory.com\/wp-content\/uploads\/Otoscan_all-products-link.jpg","medium-width":500,"medium-height":400,"medium_large":"https:\/\/natussensory.com\/wp-content\/uploads\/Otoscan_all-products-link.jpg","medium_large-width":500,"medium_large-height":400,"large":"https:\/\/natussensory.com\/wp-content\/uploads\/Otoscan_all-products-link.jpg","large-width":500,"large-height":400,"1536x1536":"https:\/\/natussensory.com\/wp-content\/uploads\/Otoscan_all-products-link.jpg","1536x1536-width":500,"1536x1536-height":400,"2048x2048":"https:\/\/natussensory.com\/wp-content\/uploads\/Otoscan_all-products-link.jpg","2048x2048-width":500,"2048x2048-height":400}},"title":"Solution de num\u00e9risation 3D de l'oreille pour des empreintes pr\u00e9cises, une r\u00e9duction des reprises et des flux de travail optimis\u00e9s dans les soins auditifs personnalis\u00e9s.","link":{"type":"post","value":"4942","url":"https:\/\/natussensory.com\/products\/otoscan\/","name":"Otoscan\u00ae \u2013 3D Ear Scanning Solution","title":"Otoscan<sup>\u00ae<\/sup>","target":""}}]},{"subcategory_title":"Syst\u00e8me d\u2019Adaptation Auditive","subcategory_products":[{"label":"Syst\u00e8me d\u2019Adaptation Auditive","image":{"ID":7222,"id":7222,"title":"Aurical_all-products-link","filename":"Aurical_all-products-link.jpg","filesize":93953,"url":"https:\/\/natussensory.com\/wp-content\/uploads\/Aurical_all-products-link.jpg","link":"https:\/\/natussensory.com\/fr\/produits\/aurical_all-products-link-2\/","alt":"","author":"4","description":"","caption":"","name":"aurical_all-products-link-2","status":"inherit","uploaded_to":10961,"date":"2023-09-26 07:35:53","modified":"2023-09-26 07:35:53","menu_order":0,"mime_type":"image\/jpeg","type":"image","subtype":"jpeg","icon":"https:\/\/natussensory.com\/wp-includes\/images\/media\/default.png","width":500,"height":400,"sizes":{"thumbnail":"https:\/\/natussensory.com\/wp-content\/uploads\/Aurical_all-products-link.jpg","thumbnail-width":120,"thumbnail-height":96,"medium":"https:\/\/natussensory.com\/wp-content\/uploads\/Aurical_all-products-link.jpg","medium-width":500,"medium-height":400,"medium_large":"https:\/\/natussensory.com\/wp-content\/uploads\/Aurical_all-products-link.jpg","medium_large-width":500,"medium_large-height":400,"large":"https:\/\/natussensory.com\/wp-content\/uploads\/Aurical_all-products-link.jpg","large-width":500,"large-height":400,"1536x1536":"https:\/\/natussensory.com\/wp-content\/uploads\/Aurical_all-products-link.jpg","1536x1536-width":500,"1536x1536-height":400,"2048x2048":"https:\/\/natussensory.com\/wp-content\/uploads\/Aurical_all-products-link.jpg","2048x2048-width":500,"2048x2048-height":400}},"title":"Syst\u00e8me modulaire de r\u00e9glage d\u2019aides auditives avec PMM binaural sans fil, audiom\u00e8tre int\u00e9gr\u00e9, chambre HIT et Hi-Pro\u00ae 2 int\u00e9gr\u00e9.","link":{"type":"post","value":"9508","url":"https:\/\/natussensory.com\/fr\/produits\/aurical\/","name":"Aurical &#8211; Syst\u00e8me d\u2019adaptation auditive","title":"Aurical<sup>\u00ae<\/sup>","target":""}},{"label":"Syst\u00e8me d\u2019Adaptation Auditive","image":{"ID":7197,"id":7197,"title":"Aurical-freefit_all-products-link","filename":"Aurical-freefit_all-products-link.jpg","filesize":160752,"url":"https:\/\/natussensory.com\/wp-content\/uploads\/Aurical-freefit_all-products-link.jpg","link":"https:\/\/natussensory.com\/fr\/produits\/aurical-freefit_all-products-link-2\/","alt":"","author":"4","description":"","caption":"","name":"aurical-freefit_all-products-link-2","status":"inherit","uploaded_to":10961,"date":"2023-09-26 07:35:42","modified":"2023-09-26 07:35:42","menu_order":0,"mime_type":"image\/jpeg","type":"image","subtype":"jpeg","icon":"https:\/\/natussensory.com\/wp-includes\/images\/media\/default.png","width":500,"height":400,"sizes":{"thumbnail":"https:\/\/natussensory.com\/wp-content\/uploads\/Aurical-freefit_all-products-link.jpg","thumbnail-width":120,"thumbnail-height":96,"medium":"https:\/\/natussensory.com\/wp-content\/uploads\/Aurical-freefit_all-products-link.jpg","medium-width":500,"medium-height":400,"medium_large":"https:\/\/natussensory.com\/wp-content\/uploads\/Aurical-freefit_all-products-link.jpg","medium_large-width":500,"medium_large-height":400,"large":"https:\/\/natussensory.com\/wp-content\/uploads\/Aurical-freefit_all-products-link.jpg","large-width":500,"large-height":400,"1536x1536":"https:\/\/natussensory.com\/wp-content\/uploads\/Aurical-freefit_all-products-link.jpg","1536x1536-width":500,"1536x1536-height":400,"2048x2048":"https:\/\/natussensory.com\/wp-content\/uploads\/Aurical-freefit_all-products-link.jpg","2048x2048-width":500,"2048x2048-height":400}},"title":"Syst\u00e8me REM sans fil avec PMM binaural, insertion guid\u00e9e du tube sonde et int\u00e9gration aux logiciels d\u2019ajustement automatis\u00e9.","link":{"type":"post","value":"4904","url":"https:\/\/natussensory.com\/products\/aurical-freefit\/","name":"Aurical\u00ae Freefit &#8211; Real ear measurement","title":"Aurical<sup>\u00ae<\/sup> Freefit","target":""}},{"label":"Syst\u00e8me d\u2019Adaptation Auditive","image":{"ID":27545,"id":27545,"title":"Measure_all-products-link","filename":"Measure_all-products-link.jpg","filesize":57405,"url":"https:\/\/natussensory.com\/wp-content\/uploads\/Measure_all-products-link.jpg","link":"https:\/\/natussensory.com\/fr\/produits\/audioprothese\/measure_all-products-link-2\/","alt":"Otometrics Measure REM module with binaural fitting headset and free-field speaker, designed for accurate hearing aid verification and fitting.","author":"4","description":"","caption":"","name":"measure_all-products-link-2","status":"inherit","uploaded_to":10974,"date":"2025-10-20 13:47:32","modified":"2025-11-19 11:56:28","menu_order":0,"mime_type":"image\/jpeg","type":"image","subtype":"jpeg","icon":"https:\/\/natussensory.com\/wp-includes\/images\/media\/default.png","width":500,"height":400,"sizes":{"thumbnail":"https:\/\/natussensory.com\/wp-content\/uploads\/Measure_all-products-link.jpg","thumbnail-width":120,"thumbnail-height":96,"medium":"https:\/\/natussensory.com\/wp-content\/uploads\/Measure_all-products-link.jpg","medium-width":500,"medium-height":400,"medium_large":"https:\/\/natussensory.com\/wp-content\/uploads\/Measure_all-products-link.jpg","medium_large-width":500,"medium_large-height":400,"large":"https:\/\/natussensory.com\/wp-content\/uploads\/Measure_all-products-link.jpg","large-width":500,"large-height":400,"1536x1536":"https:\/\/natussensory.com\/wp-content\/uploads\/Measure_all-products-link.jpg","1536x1536-width":500,"1536x1536-height":400,"2048x2048":"https:\/\/natussensory.com\/wp-content\/uploads\/Measure_all-products-link.jpg","2048x2048-width":500,"2048x2048-height":400}},"title":"Audiom\u00e8tre portable en une unit\u00e9 compacte avec bo\u00eetier de test d\u2019aides auditives en option.","link":{"type":"post","value":"28391","url":"https:\/\/natussensory.com\/fr\/produits\/otometrics-measure\/","name":"Otometrics Measure : syst\u00e8me portable d&rsquo;\u00e9valuation et d&rsquo;adaptation auditives","title":"Otometrics<sup>\u00ae<\/sup> Measure","target":""}},{"label":"Syst\u00e8me d\u2019Adaptation Auditive","image":{"ID":7202,"id":7202,"title":"Aurical-HIT_all-products-link","filename":"Aurical-HIT_all-products-link.jpg","filesize":62839,"url":"https:\/\/natussensory.com\/wp-content\/uploads\/Aurical-HIT_all-products-link.jpg","link":"https:\/\/natussensory.com\/fr\/produits\/aurical-hit_all-products-link-2\/","alt":"","author":"4","description":"","caption":"","name":"aurical-hit_all-products-link-2","status":"inherit","uploaded_to":10961,"date":"2023-09-26 07:35:45","modified":"2023-09-26 07:35:45","menu_order":0,"mime_type":"image\/jpeg","type":"image","subtype":"jpeg","icon":"https:\/\/natussensory.com\/wp-includes\/images\/media\/default.png","width":500,"height":400,"sizes":{"thumbnail":"https:\/\/natussensory.com\/wp-content\/uploads\/Aurical-HIT_all-products-link.jpg","thumbnail-width":120,"thumbnail-height":96,"medium":"https:\/\/natussensory.com\/wp-content\/uploads\/Aurical-HIT_all-products-link.jpg","medium-width":500,"medium-height":400,"medium_large":"https:\/\/natussensory.com\/wp-content\/uploads\/Aurical-HIT_all-products-link.jpg","medium_large-width":500,"medium_large-height":400,"large":"https:\/\/natussensory.com\/wp-content\/uploads\/Aurical-HIT_all-products-link.jpg","large-width":500,"large-height":400,"1536x1536":"https:\/\/natussensory.com\/wp-content\/uploads\/Aurical-HIT_all-products-link.jpg","1536x1536-width":500,"1536x1536-height":400,"2048x2048":"https:\/\/natussensory.com\/wp-content\/uploads\/Aurical-HIT_all-products-link.jpg","2048x2048-width":500,"2048x2048-height":400}},"title":"Chambre de test pour r\u00e9glage bas\u00e9 sur coupleur avec RECD, v\u00e9rification des fonctions sans fil et positionnement fixe OnePosition pour des mesures pr\u00e9cises des aides auditives.","link":{"type":"post","value":"5285","url":"https:\/\/natussensory.com\/products\/aurical-hit\/","name":"Aurical\u00ae HIT \u2013 Coupler Based Fitting","title":"Aurical<sup>\u00ae<\/sup> HIT","target":""}},{"label":"Syst\u00e8me d\u2019Adaptation Auditive","image":{"ID":7207,"id":7207,"title":"Hi-pro2_all-products-link","filename":"Hi-pro2_all-products-link.jpg","filesize":70818,"url":"https:\/\/natussensory.com\/wp-content\/uploads\/Hi-pro2_all-products-link.jpg","link":"https:\/\/natussensory.com\/fr\/produits\/hi-pro2_all-products-link-2\/","alt":"","author":"4","description":"","caption":"","name":"hi-pro2_all-products-link-2","status":"inherit","uploaded_to":10961,"date":"2023-09-26 07:35:47","modified":"2023-09-26 07:35:47","menu_order":0,"mime_type":"image\/jpeg","type":"image","subtype":"jpeg","icon":"https:\/\/natussensory.com\/wp-includes\/images\/media\/default.png","width":500,"height":400,"sizes":{"thumbnail":"https:\/\/natussensory.com\/wp-content\/uploads\/Hi-pro2_all-products-link.jpg","thumbnail-width":120,"thumbnail-height":96,"medium":"https:\/\/natussensory.com\/wp-content\/uploads\/Hi-pro2_all-products-link.jpg","medium-width":500,"medium-height":400,"medium_large":"https:\/\/natussensory.com\/wp-content\/uploads\/Hi-pro2_all-products-link.jpg","medium_large-width":500,"medium_large-height":400,"large":"https:\/\/natussensory.com\/wp-content\/uploads\/Hi-pro2_all-products-link.jpg","large-width":500,"large-height":400,"1536x1536":"https:\/\/natussensory.com\/wp-content\/uploads\/Hi-pro2_all-products-link.jpg","1536x1536-width":500,"1536x1536-height":400,"2048x2048":"https:\/\/natussensory.com\/wp-content\/uploads\/Hi-pro2_all-products-link.jpg","2048x2048-width":500,"2048x2048-height":400}},"title":"Interface de programmation universelle, rapide et compatible multi-marques \u2013 autonome ou int\u00e9gr\u00e9e \u00e0 un audiom\u00e8tre.","link":{"type":"post","value":"5361","url":"https:\/\/natussensory.com\/products\/hi-pro-2\/","name":"Hi-Pro\u00ae 2 &#8211; Hearing Aid Programming","title":"Hi-Pro<sup>\u00ae<\/sup> 2","target":""}}]},{"subcategory_title":"Vid\u00e9o-Otoscope","subcategory_products":[{"label":"Vid\u00e9o-Otoscope","image":{"ID":7212,"id":7212,"title":"Otocam300_all-products-link","filename":"Otocam300_all-products-link.jpg","filesize":55822,"url":"https:\/\/natussensory.com\/wp-content\/uploads\/Otocam300_all-products-link.jpg","link":"https:\/\/natussensory.com\/fr\/produits\/otocam300_all-products-link-2\/","alt":"Aurical Otocam 300 video otoscope","author":"4","description":"","caption":"","name":"otocam300_all-products-link-2","status":"inherit","uploaded_to":10961,"date":"2023-09-26 07:35:49","modified":"2026-04-09 08:25:27","menu_order":0,"mime_type":"image\/jpeg","type":"image","subtype":"jpeg","icon":"https:\/\/natussensory.com\/wp-includes\/images\/media\/default.png","width":500,"height":400,"sizes":{"thumbnail":"https:\/\/natussensory.com\/wp-content\/uploads\/Otocam300_all-products-link.jpg","thumbnail-width":120,"thumbnail-height":96,"medium":"https:\/\/natussensory.com\/wp-content\/uploads\/Otocam300_all-products-link.jpg","medium-width":500,"medium-height":400,"medium_large":"https:\/\/natussensory.com\/wp-content\/uploads\/Otocam300_all-products-link.jpg","medium_large-width":500,"medium_large-height":400,"large":"https:\/\/natussensory.com\/wp-content\/uploads\/Otocam300_all-products-link.jpg","large-width":500,"large-height":400,"1536x1536":"https:\/\/natussensory.com\/wp-content\/uploads\/Otocam300_all-products-link.jpg","1536x1536-width":500,"1536x1536-height":400,"2048x2048":"https:\/\/natussensory.com\/wp-content\/uploads\/Otocam300_all-products-link.jpg","2048x2048-width":500,"2048x2048-height":400}},"title":"Vid\u00e9o-otoscope compact et l\u00e9ger avec capture d\u2019image en temps r\u00e9el, int\u00e9gration logicielle directe et haute r\u00e9solution avec contr\u00f4le de la condensation.","link":{"type":"post","value":"5313","url":"https:\/\/natussensory.com\/products\/aurical-otocam-300\/","name":"Aurical\u00ae Otocam 300 &#8211; Video Otoscope","title":"Aurical<sup>\u00ae<\/sup>  Otocam 300","target":""}}]}]}]}},{"acf_fc_layout":"contact","_acfe_flexible_layout_title":null,"_acfe_flexible_toggle":null,"contact_form_landing":{"module_options":{"":null,"module_id":null,"module_class":"","module_background_type":"","module_background_color":"","module_background_image":false,"module_background_video":"","activate_custom_padding":false,"padding_top_desktop":0,"padding_top_tablet":"","padding_top_mobile":"","padding_bottom_desktop":"","padding_bottom_tablet":"","padding_bottom_mobile":"","activate_custom_margin":false,"margin_top_desktop":"","margin_top_tablet":"","margin_top_mobile":"","margin_bottom_desktop":"","margin_bottom_tablet":"","margin_bottom_mobile":"","disable_on":[],"content_alignment_desktop":false,"content_alignment_tablet":false,"content_alignment_mobile":false},"":null,"activate_intro":false,"intro_text":"","intro_text_color":"","intro_link":null,"activate_description":false,"description_title":"","description_copy":"","embed_code":""}},{"acf_fc_layout":"education","_acfe_flexible_layout_title":null,"_acfe_flexible_toggle":null,"left_image_right_content_multi_ctas_landing":{"module_options":{"":null,"module_id":"n6514ac9bc497a","module_class":"","module_background_type":"color","module_background_color":"","module_background_image":false,"module_background_video":"","activate_custom_padding":false,"padding_top_desktop":0,"padding_top_tablet":"","padding_top_mobile":"","padding_bottom_desktop":"","padding_bottom_tablet":"","padding_bottom_mobile":"","activate_custom_margin":false,"margin_top_desktop":"","margin_top_tablet":"","margin_top_mobile":"","margin_bottom_desktop":"","margin_bottom_tablet":"","margin_bottom_mobile":"","disable_on":[],"content_alignment_desktop":"left","content_alignment_tablet":"left","content_alignment_mobile":"left"},"image":{"ID":7365,"id":7365,"title":"HBA_spot","filename":"HBA_spot-e1710924648547.jpg","filesize":216983,"url":"https:\/\/natussensory.com\/wp-content\/uploads\/HBA_spot-e1710924648547.jpg","link":"https:\/\/natussensory.com\/fr\/produits\/evaluation-auditive\/hba_spot-2\/","alt":"","author":"4","description":"","caption":"","name":"hba_spot-2","status":"inherit","uploaded_to":10969,"date":"2023-09-26 12:33:06","modified":"2023-09-26 12:33:06","menu_order":0,"mime_type":"image\/jpeg","type":"image","subtype":"jpeg","icon":"https:\/\/natussensory.com\/wp-includes\/images\/media\/default.png","width":800,"height":450,"sizes":{"thumbnail":"https:\/\/natussensory.com\/wp-content\/uploads\/HBA_spot-e1710924648547.jpg","thumbnail-width":128,"thumbnail-height":72,"medium":"https:\/\/natussensory.com\/wp-content\/uploads\/HBA_spot-e1710924648547.jpg","medium-width":800,"medium-height":450,"medium_large":"https:\/\/natussensory.com\/wp-content\/uploads\/HBA_spot-768x432.jpg","medium_large-width":768,"medium_large-height":432,"large":"https:\/\/natussensory.com\/wp-content\/uploads\/HBA_spot-e1710924648547.jpg","large-width":800,"large-height":450,"1536x1536":"https:\/\/natussensory.com\/wp-content\/uploads\/HBA_spot-e1710924648547.jpg","1536x1536-width":800,"1536x1536-height":450,"2048x2048":"https:\/\/natussensory.com\/wp-content\/uploads\/HBA_spot-e1710924648547.jpg","2048x2048-width":800,"2048x2048-height":450}},"label":"Connaissances","title":"Hearing & Balance Academy","description":"La Natus Hearing & Balance Academy explore les derniers d\u00e9veloppements technologiques et scientifiques en mati\u00e8re d\u2019\u00e9valuation auditive et de d\u00e9pistage, d\u2019ajustement des appareils auditifs et d\u2019\u00e9valuation de l\u2019\u00e9quilibre.<br \/>\r\n<br \/>\r\nL\u2019adh\u00e9sion est GRATUITE et comprend l\u2019acc\u00e8s \u00e0 des cyber-s\u00e9minaires en direct, \u00e0 des possibilit\u00e9s d\u2019apprentissage sur demande et \u00e0 des ressources sp\u00e9cialis\u00e9es de leaders d\u2019opinion cl\u00e9s.","links":[{"link":{"type":"url","value":"https:\/\/hearing-balance.academy\/","url":"https:\/\/hearing-balance.academy\/","name":"https:\/\/hearing-balance.academy\/","title":"En Savoir Plus","target":"_blank"}}]}}]},"_links":{"self":[{"href":"https:\/\/natussensory.com\/fr\/wp-json\/wp\/v2\/pages\/10974","targetHints":{"allow":["GET"]}}],"collection":[{"href":"https:\/\/natussensory.com\/fr\/wp-json\/wp\/v2\/pages"}],"about":[{"href":"https:\/\/natussensory.com\/fr\/wp-json\/wp\/v2\/types\/page"}],"author":[{"embeddable":true,"href":"https:\/\/natussensory.com\/fr\/wp-json\/wp\/v2\/users\/1"}],"replies":[{"embeddable":true,"href":"https:\/\/natussensory.com\/fr\/wp-json\/wp\/v2\/comments?post=10974"}],"version-history":[{"count":11,"href":"https:\/\/natussensory.com\/fr\/wp-json\/wp\/v2\/pages\/10974\/revisions"}],"predecessor-version":[{"id":28868,"href":"https:\/\/natussensory.com\/fr\/wp-json\/wp\/v2\/pages\/10974\/revisions\/28868"}],"up":[{"embeddable":true,"href":"https:\/\/natussensory.com\/fr\/wp-json\/wp\/v2\/pages\/10961"}],"wp:attachment":[{"href":"https:\/\/natussensory.com\/fr\/wp-json\/wp\/v2\/media?parent=10974"}],"wp:term":[{"taxonomy":"category","embeddable":true,"href":"https:\/\/natussensory.com\/fr\/wp-json\/wp\/v2\/categories?post=10974"},{"taxonomy":"post_tag","embeddable":true,"href":"https:\/\/natussensory.com\/fr\/wp-json\/wp\/v2\/tags?post=10974"}],"curies":[{"name":"wp","href":"https:\/\/api.w.org\/{rel}","templated":true}]}}