{"id":10969,"date":"2023-08-22T00:11:55","date_gmt":"2023-08-22T00:11:55","guid":{"rendered":"https:\/\/natussensory.com\/sensory\/hearing-assessment\/"},"modified":"2026-04-13T12:34:23","modified_gmt":"2026-04-13T12:34:23","slug":"evaluation-auditive","status":"publish","type":"page","link":"https:\/\/natussensory.com\/fr\/produits\/evaluation-auditive\/","title":{"rendered":"Evaluation auditive"},"content":{"rendered":"","protected":false},"excerpt":{"rendered":"","protected":false},"author":1,"featured_media":0,"parent":10961,"menu_order":0,"comment_status":"closed","ping_status":"closed","template":"templates\/page-sensory-solutions-category-landing.php","meta":{"_acf_changed":false,"inline_featured_image":false,"footnotes":""},"categories":[],"tags":[],"class_list":["post-10969","page","type-page","status-publish","hentry"],"acf":{"content_blocks":[{"acf_fc_layout":"spacer","_acfe_flexible_layout_title":null,"_acfe_flexible_toggle":null,"spacer":{"module_options":{"":null,"module_id":"n68592ab6c65d3","module_class":"","module_background_type":"color","module_background_color":"#473089","module_background_image":false,"module_background_video":"","activate_custom_padding":false,"padding_top_desktop":0,"padding_top_tablet":"","padding_top_mobile":"","padding_bottom_desktop":"","padding_bottom_tablet":"","padding_bottom_mobile":"","activate_custom_margin":false,"margin_top_desktop":"","margin_top_tablet":"","margin_top_mobile":"","margin_bottom_desktop":"","margin_bottom_tablet":"","margin_bottom_mobile":"","disable_on":[],"content_alignment_desktop":"left","content_alignment_tablet":"left","content_alignment_mobile":"left"},"height":"160"}},{"acf_fc_layout":"full_width_content","_acfe_flexible_layout_title":null,"_acfe_flexible_toggle":null,"content_full_width_landing":{"module_options":{"":null,"module_id":"n68a820c66a724","module_class":"","module_background_type":"image","module_background_color":"","module_background_image":"https:\/\/natussensory.com\/wp-content\/uploads\/Hearing_Assessment_Category_banner.jpg","module_background_video":"","activate_custom_padding":false,"padding_top_desktop":"0","padding_top_tablet":"0","padding_top_mobile":"0","padding_bottom_desktop":"0","padding_bottom_tablet":"0","padding_bottom_mobile":"0","activate_custom_margin":false,"margin_top_desktop":"0","margin_top_tablet":"0","margin_top_mobile":"0","margin_bottom_desktop":"0","margin_bottom_tablet":"0","margin_bottom_mobile":"0","disable_on":[],"content_alignment_desktop":"left","content_alignment_tablet":"left","content_alignment_mobile":"left"},"activate_custom_container_width":true,"container_width":"1920","content":"<p>&nbsp;<\/p>\n<h1 style=\"padding-left: 80px;\"><span style=\"color: #ffffff;\">Evaluation auditive<\/span><\/h1>\n<p>&nbsp;<\/p>\n<p>&nbsp;<\/p>\n<p>&nbsp;<\/p>\n"}},{"acf_fc_layout":"products_filter","_acfe_flexible_layout_title":null,"_acfe_flexible_toggle":null,"neuro_products_filter":{"module_options":{"":null,"module_id":"n6514ac9bb201f","module_class":"","module_background_type":"color","module_background_color":"","module_background_image":false,"module_background_video":"","activate_custom_padding":false,"padding_top_desktop":0,"padding_top_tablet":"","padding_top_mobile":"","padding_bottom_desktop":"","padding_bottom_tablet":"","padding_bottom_mobile":"","activate_custom_margin":false,"margin_top_desktop":"","margin_top_tablet":"","margin_top_mobile":"","margin_bottom_desktop":"","margin_bottom_tablet":"","margin_bottom_mobile":"","disable_on":[],"content_alignment_desktop":"left","content_alignment_tablet":"left","content_alignment_mobile":"left"},"products":[{"category_title":"Evaluation auditive","subcategories":[{"subcategory_title":"Audiom\u00e8tres","subcategory_products":[{"label":"Audiom\u00e8tre","image":{"ID":7069,"id":7069,"title":"Madsen-Astera2_all-products-link","filename":"Madsen-Astera2_all-products-link.jpg","filesize":88013,"url":"https:\/\/natussensory.com\/wp-content\/uploads\/Madsen-Astera2_all-products-link.jpg","link":"https:\/\/natussensory.com\/fr\/produits\/madsen-astera2_all-products-link-2\/","alt":"","author":"4","description":"","caption":"","name":"madsen-astera2_all-products-link-2","status":"inherit","uploaded_to":10961,"date":"2023-09-25 16:15:15","modified":"2023-09-25 16:15:15","menu_order":0,"mime_type":"image\/jpeg","type":"image","subtype":"jpeg","icon":"https:\/\/natussensory.com\/wp-includes\/images\/media\/default.png","width":500,"height":400,"sizes":{"thumbnail":"https:\/\/natussensory.com\/wp-content\/uploads\/Madsen-Astera2_all-products-link.jpg","thumbnail-width":120,"thumbnail-height":96,"medium":"https:\/\/natussensory.com\/wp-content\/uploads\/Madsen-Astera2_all-products-link.jpg","medium-width":500,"medium-height":400,"medium_large":"https:\/\/natussensory.com\/wp-content\/uploads\/Madsen-Astera2_all-products-link.jpg","medium_large-width":500,"medium_large-height":400,"large":"https:\/\/natussensory.com\/wp-content\/uploads\/Madsen-Astera2_all-products-link.jpg","large-width":500,"large-height":400,"1536x1536":"https:\/\/natussensory.com\/wp-content\/uploads\/Madsen-Astera2_all-products-link.jpg","1536x1536-width":500,"1536x1536-height":400,"2048x2048":"https:\/\/natussensory.com\/wp-content\/uploads\/Madsen-Astera2_all-products-link.jpg","2048x2048-width":500,"2048x2048-height":400}},"title":"Audiom\u00e8tre clinique 2 canaux avec tests psychoacoustiques avanc\u00e9s, modules p\u00e9diatriques\/acouph\u00e8nes et int\u00e9gration compl\u00e8te aux DME\/Otosuite\u00ae.","link":{"type":"post","value":"2258","url":"https:\/\/natussensory.com\/products\/madsen-astera2\/","name":"Madsen\u00aeAstera<sup>2<\/sup> &#8211; Clinical Audiometer","title":"Madsen<sup>\u00ae <\/sup> Astera<sup>2<\/sup>","target":""}},{"label":"Audiom\u00e8tre","image":{"ID":7084,"id":7084,"title":"Aurical-Aud_all-products-link","filename":"Aurical-Aud_all-products-link.jpg","filesize":58454,"url":"https:\/\/natussensory.com\/wp-content\/uploads\/Aurical-Aud_all-products-link.jpg","link":"https:\/\/natussensory.com\/fr\/produits\/aurical-aud_all-products-link-2\/","alt":"","author":"4","description":"","caption":"","name":"aurical-aud_all-products-link-2","status":"inherit","uploaded_to":10961,"date":"2023-09-25 16:27:34","modified":"2023-09-25 16:27:34","menu_order":0,"mime_type":"image\/jpeg","type":"image","subtype":"jpeg","icon":"https:\/\/natussensory.com\/wp-includes\/images\/media\/default.png","width":500,"height":400,"sizes":{"thumbnail":"https:\/\/natussensory.com\/wp-content\/uploads\/Aurical-Aud_all-products-link.jpg","thumbnail-width":120,"thumbnail-height":96,"medium":"https:\/\/natussensory.com\/wp-content\/uploads\/Aurical-Aud_all-products-link.jpg","medium-width":500,"medium-height":400,"medium_large":"https:\/\/natussensory.com\/wp-content\/uploads\/Aurical-Aud_all-products-link.jpg","medium_large-width":500,"medium_large-height":400,"large":"https:\/\/natussensory.com\/wp-content\/uploads\/Aurical-Aud_all-products-link.jpg","large-width":500,"large-height":400,"1536x1536":"https:\/\/natussensory.com\/wp-content\/uploads\/Aurical-Aud_all-products-link.jpg","1536x1536-width":500,"1536x1536-height":400,"2048x2048":"https:\/\/natussensory.com\/wp-content\/uploads\/Aurical-Aud_all-products-link.jpg","2048x2048-width":500,"2048x2048-height":400}},"title":"Audiom\u00e8tre de r\u00e9glage compact avec outils de conseil int\u00e9gr\u00e9s, calibration RoomTune et compatibilit\u00e9 fluide avec Noah, Otosuite\u00ae et les DME.","link":{"type":"post","value":"2872","url":"https:\/\/natussensory.com\/products\/aurical-aud\/","name":"Aurical\u00ae Aud &#8211; Hearing Aid Fitting Audiometer","title":"Aurical<sup>\u00ae<\/sup> Aud","target":""}},{"label":"Audiom\u00e8tre","image":{"ID":7090,"id":7090,"title":"Madsen-A450_all-products-link","filename":"Madsen-A450_all-products-link.jpg","filesize":35981,"url":"https:\/\/natussensory.com\/wp-content\/uploads\/Madsen-A450_all-products-link.jpg","link":"https:\/\/natussensory.com\/fr\/produits\/madsen-a450_all-products-link-2\/","alt":"","author":"4","description":"","caption":"","name":"madsen-a450_all-products-link-2","status":"inherit","uploaded_to":10961,"date":"2023-09-25 16:28:16","modified":"2023-09-25 16:28:16","menu_order":0,"mime_type":"image\/jpeg","type":"image","subtype":"jpeg","icon":"https:\/\/natussensory.com\/wp-includes\/images\/media\/default.png","width":500,"height":400,"sizes":{"thumbnail":"https:\/\/natussensory.com\/wp-content\/uploads\/Madsen-A450_all-products-link.jpg","thumbnail-width":120,"thumbnail-height":96,"medium":"https:\/\/natussensory.com\/wp-content\/uploads\/Madsen-A450_all-products-link.jpg","medium-width":500,"medium-height":400,"medium_large":"https:\/\/natussensory.com\/wp-content\/uploads\/Madsen-A450_all-products-link.jpg","medium_large-width":500,"medium_large-height":400,"large":"https:\/\/natussensory.com\/wp-content\/uploads\/Madsen-A450_all-products-link.jpg","large-width":500,"large-height":400,"1536x1536":"https:\/\/natussensory.com\/wp-content\/uploads\/Madsen-A450_all-products-link.jpg","1536x1536-width":500,"1536x1536-height":400,"2048x2048":"https:\/\/natussensory.com\/wp-content\/uploads\/Madsen-A450_all-products-link.jpg","2048x2048-width":500,"2048x2048-height":400}},"title":"Audiom\u00e8tre informatis\u00e9 polyvalent avec outils de conseil, Masking Assistant\u2122 et rapports personnalis\u00e9s via Otosuite\u00ae pour une efficacit\u00e9 clinique optimis\u00e9e.","link":{"type":"post","value":"2290","url":"https:\/\/natussensory.com\/products\/madsen-a450\/","name":"Madsen\u00ae A450 PC-based Audiometer","title":"Madsen<sup>\u00ae<\/sup> A450","target":""}},{"label":"Audiom\u00e8tre","image":{"ID":7100,"id":7100,"title":"Oscilla_all-products-link","filename":"Oscilla_all-products-link.jpg","filesize":69511,"url":"https:\/\/natussensory.com\/wp-content\/uploads\/Oscilla_all-products-link.jpg","link":"https:\/\/natussensory.com\/fr\/produits\/oscilla_all-products-link-2\/","alt":"","author":"4","description":"","caption":"","name":"oscilla_all-products-link-2","status":"inherit","uploaded_to":10961,"date":"2023-09-25 16:30:39","modified":"2023-09-25 16:30:39","menu_order":0,"mime_type":"image\/jpeg","type":"image","subtype":"jpeg","icon":"https:\/\/natussensory.com\/wp-includes\/images\/media\/default.png","width":500,"height":400,"sizes":{"thumbnail":"https:\/\/natussensory.com\/wp-content\/uploads\/Oscilla_all-products-link.jpg","thumbnail-width":120,"thumbnail-height":96,"medium":"https:\/\/natussensory.com\/wp-content\/uploads\/Oscilla_all-products-link.jpg","medium-width":500,"medium-height":400,"medium_large":"https:\/\/natussensory.com\/wp-content\/uploads\/Oscilla_all-products-link.jpg","medium_large-width":500,"medium_large-height":400,"large":"https:\/\/natussensory.com\/wp-content\/uploads\/Oscilla_all-products-link.jpg","large-width":500,"large-height":400,"1536x1536":"https:\/\/natussensory.com\/wp-content\/uploads\/Oscilla_all-products-link.jpg","1536x1536-width":500,"1536x1536-height":400,"2048x2048":"https:\/\/natussensory.com\/wp-content\/uploads\/Oscilla_all-products-link.jpg","2048x2048-width":500,"2048x2048-height":400}},"title":"Audiom\u00e8tre ultra-portable aliment\u00e9 par USB pour le d\u00e9pistage auditif mobile, les tests vocaux et la validation de la protection auditive en milieu professionnel.","link":{"type":"post","value":"2891","url":"https:\/\/natussensory.com\/products\/oscilla\/","name":"Oscilla\u00ae &#8211; Mobile Hearing Screening","title":"Oscilla<sup>\u00ae<\/sup>","target":""}}]},{"subcategory_title":"Tympanom\u00e8tres","subcategory_products":[{"label":"Tympanom\u00e8tre","image":{"ID":7074,"id":7074,"title":"Madsen-Zodiac_all-products-link","filename":"Madsen-Zodiac_all-products-link.jpg","filesize":69807,"url":"https:\/\/natussensory.com\/wp-content\/uploads\/Madsen-Zodiac_all-products-link.jpg","link":"https:\/\/natussensory.com\/fr\/produits\/madsen-zodiac_all-products-link-2\/","alt":"Madsen","author":"4","description":"","caption":"","name":"madsen-zodiac_all-products-link-2","status":"inherit","uploaded_to":10961,"date":"2023-09-25 16:17:59","modified":"2026-04-09 08:08:08","menu_order":0,"mime_type":"image\/jpeg","type":"image","subtype":"jpeg","icon":"https:\/\/natussensory.com\/wp-includes\/images\/media\/default.png","width":500,"height":400,"sizes":{"thumbnail":"https:\/\/natussensory.com\/wp-content\/uploads\/Madsen-Zodiac_all-products-link.jpg","thumbnail-width":120,"thumbnail-height":96,"medium":"https:\/\/natussensory.com\/wp-content\/uploads\/Madsen-Zodiac_all-products-link.jpg","medium-width":500,"medium-height":400,"medium_large":"https:\/\/natussensory.com\/wp-content\/uploads\/Madsen-Zodiac_all-products-link.jpg","medium_large-width":500,"medium_large-height":400,"large":"https:\/\/natussensory.com\/wp-content\/uploads\/Madsen-Zodiac_all-products-link.jpg","large-width":500,"large-height":400,"1536x1536":"https:\/\/natussensory.com\/wp-content\/uploads\/Madsen-Zodiac_all-products-link.jpg","1536x1536-width":500,"1536x1536-height":400,"2048x2048":"https:\/\/natussensory.com\/wp-content\/uploads\/Madsen-Zodiac_all-products-link.jpg","2048x2048-width":500,"2048x2048-height":400}},"title":"Syst\u00e8me de mesure de l'imp\u00e9dance avec technologie de sonde Gen 2, flexibilit\u00e9 Dual Probe\u00ae et int\u00e9gration fluide \u00e0 Otosuite\u00ae pour une tympanom\u00e9trie et une \u00e9valuation des r\u00e9flexes fiables.","link":{"type":"post","value":"1992","url":"https:\/\/natussensory.com\/products\/madsen-zodiac\/","name":"Madsen\u00ae Zodiac &#8211; Tympanometer","title":"Madsen<sup>\u00ae<\/sup> Zodiac","target":""}},{"label":"Tympanom\u00e8tre","image":{"ID":7110,"id":7110,"title":"AuDX PRO FLEX_all-products-link","filename":"AuDX-PRO-FLEX_all-products-link.jpg","filesize":74309,"url":"https:\/\/natussensory.com\/wp-content\/uploads\/AuDX-PRO-FLEX_all-products-link.jpg","link":"https:\/\/natussensory.com\/fr\/produits\/audx-pro-flex_all-products-link-2\/","alt":"Bio-logic AuDX PRO FLEX tympanometer","author":"4","description":"","caption":"","name":"audx-pro-flex_all-products-link-2","status":"inherit","uploaded_to":10961,"date":"2023-09-25 16:31:41","modified":"2026-04-09 08:12:36","menu_order":0,"mime_type":"image\/jpeg","type":"image","subtype":"jpeg","icon":"https:\/\/natussensory.com\/wp-includes\/images\/media\/default.png","width":500,"height":400,"sizes":{"thumbnail":"https:\/\/natussensory.com\/wp-content\/uploads\/AuDX-PRO-FLEX_all-products-link.jpg","thumbnail-width":120,"thumbnail-height":96,"medium":"https:\/\/natussensory.com\/wp-content\/uploads\/AuDX-PRO-FLEX_all-products-link.jpg","medium-width":500,"medium-height":400,"medium_large":"https:\/\/natussensory.com\/wp-content\/uploads\/AuDX-PRO-FLEX_all-products-link.jpg","medium_large-width":500,"medium_large-height":400,"large":"https:\/\/natussensory.com\/wp-content\/uploads\/AuDX-PRO-FLEX_all-products-link.jpg","large-width":500,"large-height":400,"1536x1536":"https:\/\/natussensory.com\/wp-content\/uploads\/AuDX-PRO-FLEX_all-products-link.jpg","1536x1536-width":500,"1536x1536-height":400,"2048x2048":"https:\/\/natussensory.com\/wp-content\/uploads\/AuDX-PRO-FLEX_all-products-link.jpg","2048x2048-width":500,"2048x2048-height":400}},"title":"Syst\u00e8me portatif multifonction combinant OEA, tympanom\u00e9trie et audiom\u00e9trie \u2014 personnalisable pour le d\u00e9pistage comme pour le diagnostic.","link":{"type":"post","value":"4049","url":"https:\/\/natussensory.com\/products\/audx-pro-flex\/","name":"Bio-logic\u00ae AuDX PRO FLEX\u00ae &#8211; Diagnostic OAE","title":"Bio-logic<sup>\u00ae<\/sup> AuDX PRO FLEX<sup>\u00ae<\/sup>","target":""}}]},{"subcategory_title":"Potentiels \u00c9voqu\u00e9s Auditifs","subcategory_products":[{"label":"Potentiels \u00c9voqu\u00e9s Auditifs","image":{"ID":7105,"id":7105,"title":"NavPro One_all-products-link","filename":"NavPro-One_all-products-link.jpg","filesize":54220,"url":"https:\/\/natussensory.com\/wp-content\/uploads\/NavPro-One_all-products-link.jpg","link":"https:\/\/natussensory.com\/fr\/produits\/navpro-one_all-products-link-2\/","alt":"Bio-logic NavPRO ONE ","author":"4","description":"","caption":"","name":"navpro-one_all-products-link-2","status":"inherit","uploaded_to":10961,"date":"2023-09-25 16:31:39","modified":"2026-04-09 08:15:39","menu_order":0,"mime_type":"image\/jpeg","type":"image","subtype":"jpeg","icon":"https:\/\/natussensory.com\/wp-includes\/images\/media\/default.png","width":500,"height":400,"sizes":{"thumbnail":"https:\/\/natussensory.com\/wp-content\/uploads\/NavPro-One_all-products-link.jpg","thumbnail-width":120,"thumbnail-height":96,"medium":"https:\/\/natussensory.com\/wp-content\/uploads\/NavPro-One_all-products-link.jpg","medium-width":500,"medium-height":400,"medium_large":"https:\/\/natussensory.com\/wp-content\/uploads\/NavPro-One_all-products-link.jpg","medium_large-width":500,"medium_large-height":400,"large":"https:\/\/natussensory.com\/wp-content\/uploads\/NavPro-One_all-products-link.jpg","large-width":500,"large-height":400,"1536x1536":"https:\/\/natussensory.com\/wp-content\/uploads\/NavPro-One_all-products-link.jpg","1536x1536-width":500,"1536x1536-height":400,"2048x2048":"https:\/\/natussensory.com\/wp-content\/uploads\/NavPro-One_all-products-link.jpg","2048x2048-width":500,"2048x2048-height":400}},"title":"Syst\u00e8me PEA portable offrant des tests PEA, ASSR et EcochG fiables, avec un fonctionnement simplifi\u00e9, sans PC.","link":{"type":"post","value":"2949","url":"https:\/\/natussensory.com\/products\/navpro-one\/","name":"Bio-logic\u00ae NavPRO ONE\u00ae &#8211; Auditory Potential Device","title":"Bio-logic<sup>\u00ae<\/sup> NavPRO ONE<sup>\u00ae<\/sup>","target":""}}]},{"subcategory_title":"\u00c9missions Otoacoustiques de Diagnostic","subcategory_products":[{"label":"\u00c9missions Otoacoustiques de Diagnostic","image":{"ID":7095,"id":7095,"title":"Madsen Capella2_all-products-link","filename":"Madsen-Capella2_all-products-link.jpg","filesize":47913,"url":"https:\/\/natussensory.com\/wp-content\/uploads\/Madsen-Capella2_all-products-link.jpg","link":"https:\/\/natussensory.com\/fr\/produits\/madsen-capella2_all-products-link-2\/","alt":"Madsen Capella 2","author":"4","description":"","caption":"","name":"madsen-capella2_all-products-link-2","status":"inherit","uploaded_to":10961,"date":"2023-09-25 16:29:54","modified":"2026-04-09 08:17:44","menu_order":0,"mime_type":"image\/jpeg","type":"image","subtype":"jpeg","icon":"https:\/\/natussensory.com\/wp-includes\/images\/media\/default.png","width":500,"height":400,"sizes":{"thumbnail":"https:\/\/natussensory.com\/wp-content\/uploads\/Madsen-Capella2_all-products-link.jpg","thumbnail-width":120,"thumbnail-height":96,"medium":"https:\/\/natussensory.com\/wp-content\/uploads\/Madsen-Capella2_all-products-link.jpg","medium-width":500,"medium-height":400,"medium_large":"https:\/\/natussensory.com\/wp-content\/uploads\/Madsen-Capella2_all-products-link.jpg","medium_large-width":500,"medium_large-height":400,"large":"https:\/\/natussensory.com\/wp-content\/uploads\/Madsen-Capella2_all-products-link.jpg","large-width":500,"large-height":400,"1536x1536":"https:\/\/natussensory.com\/wp-content\/uploads\/Madsen-Capella2_all-products-link.jpg","1536x1536-width":500,"1536x1536-height":400,"2048x2048":"https:\/\/natussensory.com\/wp-content\/uploads\/Madsen-Capella2_all-products-link.jpg","2048x2048-width":500,"2048x2048-height":400}},"title":"Syst\u00e8me OEA avanc\u00e9 avec tests DP, TE et SO personnalisables, calibrage pr\u00e9cis des stimuli et contr\u00f4le flexible des fr\u00e9quences pour une \u00e9valuation cochl\u00e9aire fiable.","link":{"type":"post","value":"2824","url":"https:\/\/natussensory.com\/products\/madsen-capella2\/","name":"Madsen\u00ae Capella\u00b2 &#8211; Otoacoustic Emissions testing","title":"Madsen<sup>\u00ae<\/sup> Capella<sup>2<\/sup>","target":""}},{"label":"\u00c9missions Otoacoustiques de Diagnostic","image":{"ID":7115,"id":7115,"title":"AuDX PRO_all-products-link","filename":"AuDX-PRO_all-products-link.jpg","filesize":54383,"url":"https:\/\/natussensory.com\/wp-content\/uploads\/AuDX-PRO_all-products-link.jpg","link":"https:\/\/natussensory.com\/fr\/produits\/audx-pro_all-products-link-2\/","alt":"Bio-logic AuDX PRO","author":"4","description":"","caption":"","name":"audx-pro_all-products-link-2","status":"inherit","uploaded_to":10961,"date":"2023-09-25 16:31:44","modified":"2026-04-09 08:19:26","menu_order":0,"mime_type":"image\/jpeg","type":"image","subtype":"jpeg","icon":"https:\/\/natussensory.com\/wp-includes\/images\/media\/default.png","width":500,"height":400,"sizes":{"thumbnail":"https:\/\/natussensory.com\/wp-content\/uploads\/AuDX-PRO_all-products-link.jpg","thumbnail-width":120,"thumbnail-height":96,"medium":"https:\/\/natussensory.com\/wp-content\/uploads\/AuDX-PRO_all-products-link.jpg","medium-width":500,"medium-height":400,"medium_large":"https:\/\/natussensory.com\/wp-content\/uploads\/AuDX-PRO_all-products-link.jpg","medium_large-width":500,"medium_large-height":400,"large":"https:\/\/natussensory.com\/wp-content\/uploads\/AuDX-PRO_all-products-link.jpg","large-width":500,"large-height":400,"1536x1536":"https:\/\/natussensory.com\/wp-content\/uploads\/AuDX-PRO_all-products-link.jpg","1536x1536-width":500,"1536x1536-height":400,"2048x2048":"https:\/\/natussensory.com\/wp-content\/uploads\/AuDX-PRO_all-products-link.jpg","2048x2048-width":500,"2048x2048-height":400}},"title":"Appareil OEA modulaire portable avec options diagnostiques avanc\u00e9es et audiom\u00e9trie int\u00e9gr\u00e9e pour des tests polyvalents et efficaces.","link":{"type":"post","value":"4068","url":"https:\/\/natussensory.com\/products\/audx-pro\/","name":"Bio-logic\u00ae AuDX\u00ae PRO &#8211; Diagnostic OAE","title":"Bio-logic<sup>\u00ae<\/sup> AuDX<sup>\u00ae<\/sup> PRO","target":""}}]}]}]}},{"acf_fc_layout":"contact","_acfe_flexible_layout_title":null,"_acfe_flexible_toggle":null,"contact_form_landing":{"module_options":{"":null,"module_id":null,"module_class":"","module_background_type":"","module_background_color":"","module_background_image":false,"module_background_video":"","activate_custom_padding":false,"padding_top_desktop":0,"padding_top_tablet":"","padding_top_mobile":"","padding_bottom_desktop":"","padding_bottom_tablet":"","padding_bottom_mobile":"","activate_custom_margin":false,"margin_top_desktop":"","margin_top_tablet":"","margin_top_mobile":"","margin_bottom_desktop":"","margin_bottom_tablet":"","margin_bottom_mobile":"","disable_on":[],"content_alignment_desktop":false,"content_alignment_tablet":false,"content_alignment_mobile":false},"":null,"activate_intro":false,"intro_text":"","intro_text_color":"","intro_link":null,"activate_description":false,"description_title":"","description_copy":"","embed_code":""}},{"acf_fc_layout":"education","_acfe_flexible_layout_title":null,"_acfe_flexible_toggle":null,"left_image_right_content_multi_ctas_landing":{"module_options":{"":null,"module_id":"n6514ac9bc497a","module_class":"","module_background_type":"color","module_background_color":"","module_background_image":false,"module_background_video":"","activate_custom_padding":false,"padding_top_desktop":0,"padding_top_tablet":"","padding_top_mobile":"","padding_bottom_desktop":"","padding_bottom_tablet":"","padding_bottom_mobile":"","activate_custom_margin":false,"margin_top_desktop":"","margin_top_tablet":"","margin_top_mobile":"","margin_bottom_desktop":"","margin_bottom_tablet":"","margin_bottom_mobile":"","disable_on":[],"content_alignment_desktop":"left","content_alignment_tablet":"left","content_alignment_mobile":"left"},"image":{"ID":7365,"id":7365,"title":"HBA_spot","filename":"HBA_spot-e1710924648547.jpg","filesize":216983,"url":"https:\/\/natussensory.com\/wp-content\/uploads\/HBA_spot-e1710924648547.jpg","link":"https:\/\/natussensory.com\/fr\/produits\/evaluation-auditive\/hba_spot-2\/","alt":"","author":"4","description":"","caption":"","name":"hba_spot-2","status":"inherit","uploaded_to":10969,"date":"2023-09-26 12:33:06","modified":"2023-09-26 12:33:06","menu_order":0,"mime_type":"image\/jpeg","type":"image","subtype":"jpeg","icon":"https:\/\/natussensory.com\/wp-includes\/images\/media\/default.png","width":800,"height":450,"sizes":{"thumbnail":"https:\/\/natussensory.com\/wp-content\/uploads\/HBA_spot-e1710924648547.jpg","thumbnail-width":128,"thumbnail-height":72,"medium":"https:\/\/natussensory.com\/wp-content\/uploads\/HBA_spot-e1710924648547.jpg","medium-width":800,"medium-height":450,"medium_large":"https:\/\/natussensory.com\/wp-content\/uploads\/HBA_spot-768x432.jpg","medium_large-width":768,"medium_large-height":432,"large":"https:\/\/natussensory.com\/wp-content\/uploads\/HBA_spot-e1710924648547.jpg","large-width":800,"large-height":450,"1536x1536":"https:\/\/natussensory.com\/wp-content\/uploads\/HBA_spot-e1710924648547.jpg","1536x1536-width":800,"1536x1536-height":450,"2048x2048":"https:\/\/natussensory.com\/wp-content\/uploads\/HBA_spot-e1710924648547.jpg","2048x2048-width":800,"2048x2048-height":450}},"label":"Connaissances","title":"Hearing & Balance Academy","description":"La Natus Hearing & Balance Academy explore les derniers d\u00e9veloppements technologiques et scientifiques en mati\u00e8re d\u2019\u00e9valuation auditive et de d\u00e9pistage, d\u2019ajustement des appareils auditifs et d\u2019\u00e9valuation de l\u2019\u00e9quilibre.<br \/>\r\n<br \/>\r\nL\u2019adh\u00e9sion est GRATUITE et comprend l\u2019acc\u00e8s \u00e0 des cyber-s\u00e9minaires en direct, \u00e0 des possibilit\u00e9s d\u2019apprentissage sur demande et \u00e0 des ressources sp\u00e9cialis\u00e9es de leaders d\u2019opinion cl\u00e9s.","links":[{"link":{"type":"url","value":"https:\/\/hearing-balance.academy\/","url":"https:\/\/hearing-balance.academy\/","name":"https:\/\/hearing-balance.academy\/","title":"En Savoir Plus","target":"_blank"}}]}}]},"_links":{"self":[{"href":"https:\/\/natussensory.com\/fr\/wp-json\/wp\/v2\/pages\/10969","targetHints":{"allow":["GET"]}}],"collection":[{"href":"https:\/\/natussensory.com\/fr\/wp-json\/wp\/v2\/pages"}],"about":[{"href":"https:\/\/natussensory.com\/fr\/wp-json\/wp\/v2\/types\/page"}],"author":[{"embeddable":true,"href":"https:\/\/natussensory.com\/fr\/wp-json\/wp\/v2\/users\/1"}],"replies":[{"embeddable":true,"href":"https:\/\/natussensory.com\/fr\/wp-json\/wp\/v2\/comments?post=10969"}],"version-history":[{"count":11,"href":"https:\/\/natussensory.com\/fr\/wp-json\/wp\/v2\/pages\/10969\/revisions"}],"predecessor-version":[{"id":28863,"href":"https:\/\/natussensory.com\/fr\/wp-json\/wp\/v2\/pages\/10969\/revisions\/28863"}],"up":[{"embeddable":true,"href":"https:\/\/natussensory.com\/fr\/wp-json\/wp\/v2\/pages\/10961"}],"wp:attachment":[{"href":"https:\/\/natussensory.com\/fr\/wp-json\/wp\/v2\/media?parent=10969"}],"wp:term":[{"taxonomy":"category","embeddable":true,"href":"https:\/\/natussensory.com\/fr\/wp-json\/wp\/v2\/categories?post=10969"},{"taxonomy":"post_tag","embeddable":true,"href":"https:\/\/natussensory.com\/fr\/wp-json\/wp\/v2\/tags?post=10969"}],"curies":[{"name":"wp","href":"https:\/\/api.w.org\/{rel}","templated":true}]}}