{"id":10209,"date":"2023-09-25T14:06:11","date_gmt":"2023-09-25T14:06:11","guid":{"rendered":"https:\/\/natussensory.com\/sensory\/neoblue-radiometer-newborn-jaundice-treatment\/"},"modified":"2025-10-23T11:54:11","modified_gmt":"2025-10-23T11:54:11","slug":"neoblue-radiometer","status":"publish","type":"page","link":"https:\/\/natussensory.com\/fr\/produits\/neoblue-radiometer\/","title":{"rendered":"neoBLUE\u00ae &#8211; Radiom\u00e8tre"},"content":{"rendered":"","protected":false},"excerpt":{"rendered":"","protected":false},"author":4,"featured_media":0,"parent":10961,"menu_order":0,"comment_status":"closed","ping_status":"closed","template":"templates\/page-sensory-solutions-product-landing.php","meta":{"_acf_changed":false,"inline_featured_image":false,"footnotes":""},"categories":[290,299],"tags":[],"class_list":["post-10209","page","type-page","status-publish","hentry","category-gestion-de-lictere","category-jaundice-management-fr"],"acf":{"content_blocks":[{"acf_fc_layout":"spacer","_acfe_flexible_toggle":"","spacer":{"module_options":{"":null,"module_id":"n65153d9a9e03d","module_class":"","module_background_type":"color","module_background_color":"#473089","module_background_image":false,"module_background_video":"","activate_custom_padding":false,"padding_top_desktop":"0","padding_top_tablet":"0","padding_top_mobile":"0","padding_bottom_desktop":"0","padding_bottom_tablet":"0","padding_bottom_mobile":"0","activate_custom_margin":false,"margin_top_desktop":"0","margin_top_tablet":"0","margin_top_mobile":"0","margin_bottom_desktop":"0","margin_bottom_tablet":"0","margin_bottom_mobile":"0","disable_on":[],"content_alignment_desktop":"left","content_alignment_tablet":"left","content_alignment_mobile":"left"},"height":"160"}},{"acf_fc_layout":"intro_with_sticky_image","_acfe_flexible_toggle":"","left_content_right_image_sticky":{"module_options":{"":null,"module_id":"n65153d9aa6062","module_class":"","module_background_type":"color","module_background_color":"","module_background_image":false,"module_background_video":"","activate_custom_padding":false,"padding_top_desktop":"0","padding_top_tablet":"0","padding_top_mobile":"0","padding_bottom_desktop":"0","padding_bottom_tablet":"0","padding_bottom_mobile":"0","activate_custom_margin":false,"margin_top_desktop":"0","margin_top_tablet":"0","margin_top_mobile":"0","margin_bottom_desktop":"0","margin_bottom_tablet":"0","margin_bottom_mobile":"0","disable_on":[],"content_alignment_desktop":"left","content_alignment_tablet":"left","content_alignment_mobile":"left"},"":null,"title":"Radiom\u00e8tre neoBLUE<sup>\u00ae<\/sup> pour le traitement de la jaunisse du nouveau-n\u00e9","subheader":"<h4>Soyez s\u00fbr que vos patients nouveau-n\u00e9s recevront la bonne quantit\u00e9 de phototh\u00e9rapie.<\/h4>\n<p>Le radiom\u00e8tre neoBLUE mesure l\u2019intensit\u00e9 des syst\u00e8mes de phototh\u00e9rapie par LED neoBLUE en recevant des mesures pr\u00e9cises de l\u2019intensit\u00e9 lumineuse\u00a0 dans le spectre des bleus. R\u00e9glez facilement l\u2019intensit\u00e9 lumineuse pour optimiser les r\u00e9sultats de la phototh\u00e9rapie.<\/p>\n<p>&nbsp;<\/p>\n<p><span style=\"font-size: 11px;\">Les produits peuvent ne pas \u00eatre disponibles dans tous les pays. Contactez Natus pour obtenir des informations sp\u00e9cifiques \u00e0 votre pays.<\/span><\/p>\n","icons":false,"quick_navigation":[{"quick_link":{"type":"url","value":"#contact","url":"#contact","name":"#contact","title":"Demander un devis","target":""}},{"quick_link":{"type":"url","value":"#info","url":"#info","name":"#info","title":"Explorer plus de d\u00e9tails","target":""}}],"description":"","message_label":" ","message_title":"Vous recherchez un service de produit ou une assistance technique ?","message_link":{"type":"post","value":"883","url":"https:\/\/natussensory.com\/support\/","name":"Service &#038; Support","title":" Service et Assistance","target":""},"right_sticky_image":{"ID":6956,"id":6956,"title":"neoBLUE-Radiometer_product thumbnail","filename":"neoBLUE-Radiometer_product-thumbnail.png","filesize":196253,"url":"https:\/\/natussensory.com\/wp-content\/uploads\/neoBLUE-Radiometer_product-thumbnail.png","link":"https:\/\/natussensory.com\/fr\/produits\/neoblue-radiometer\/neoblue-radiometer_product-thumbnail-2\/","alt":"neoBLUE Radiometer handheld device showing 035.0 reading for bilirubin phototherapy and irradiance monitoring.","author":"4","description":"","caption":"","name":"neoblue-radiometer_product-thumbnail-2","status":"inherit","uploaded_to":10209,"date":"2023-09-25 14:43:16","modified":"2025-05-21 09:49:19","menu_order":0,"mime_type":"image\/png","type":"image","subtype":"png","icon":"https:\/\/natussensory.com\/wp-includes\/images\/media\/default.png","width":500,"height":547,"sizes":{"thumbnail":"https:\/\/natussensory.com\/wp-content\/uploads\/neoBLUE-Radiometer_product-thumbnail.png","thumbnail-width":88,"thumbnail-height":96,"medium":"https:\/\/natussensory.com\/wp-content\/uploads\/neoBLUE-Radiometer_product-thumbnail.png","medium-width":500,"medium-height":547,"medium_large":"https:\/\/natussensory.com\/wp-content\/uploads\/neoBLUE-Radiometer_product-thumbnail.png","medium_large-width":500,"medium_large-height":547,"large":"https:\/\/natussensory.com\/wp-content\/uploads\/neoBLUE-Radiometer_product-thumbnail.png","large-width":500,"large-height":547,"1536x1536":"https:\/\/natussensory.com\/wp-content\/uploads\/neoBLUE-Radiometer_product-thumbnail.png","1536x1536-width":500,"1536x1536-height":547,"2048x2048":"https:\/\/natussensory.com\/wp-content\/uploads\/neoBLUE-Radiometer_product-thumbnail.png","2048x2048-width":500,"2048x2048-height":547}}}},{"acf_fc_layout":"simple_content","_acfe_flexible_toggle":"","content_full_width_landing":{"module_options":{"":null,"module_id":"n65153d9ab20d9","module_class":"","module_background_type":"color","module_background_color":"","module_background_image":false,"module_background_video":"","activate_custom_padding":false,"padding_top_desktop":"0","padding_top_tablet":"0","padding_top_mobile":"0","padding_bottom_desktop":"0","padding_bottom_tablet":"0","padding_bottom_mobile":"0","activate_custom_margin":false,"margin_top_desktop":"0","margin_top_tablet":"0","margin_top_mobile":"0","margin_bottom_desktop":"0","margin_bottom_tablet":"0","margin_bottom_mobile":"0","disable_on":[],"content_alignment_desktop":"left","content_alignment_tablet":"left","content_alignment_mobile":"left"},"activate_custom_container_width":false,"container_width":"","content":"<h2>Con\u00e7u pour le patient en priorit\u00e9<\/h2>\n<p><img loading=\"lazy\" decoding=\"async\" class=\"aligncenter size-full wp-image-6960\" src=\"https:\/\/natussensory.com\/wp-content\/uploads\/neoBLUE-Radiometer_banner.jpg\" alt=\"\" width=\"1733\" height=\"800\" srcset=\"https:\/\/natussensory.com\/wp-content\/uploads\/neoBLUE-Radiometer_banner.jpg 1733w, https:\/\/natussensory.com\/wp-content\/uploads\/neoBLUE-Radiometer_banner-768x355.jpg 768w, https:\/\/natussensory.com\/wp-content\/uploads\/neoBLUE-Radiometer_banner-1536x709.jpg 1536w\" sizes=\"auto, (max-width: 1733px) 100vw, 1733px\" \/><\/p>\n"}},{"acf_fc_layout":"product_details_right_image_and_left_content","_acfe_flexible_toggle":"","right_image_left_content_single_cta_landing":{"module_options":{"":null,"module_id":"n65153d9aba313","module_class":"","module_background_type":"color","module_background_color":"","module_background_image":false,"module_background_video":"","activate_custom_padding":false,"padding_top_desktop":"0","padding_top_tablet":"0","padding_top_mobile":"0","padding_bottom_desktop":"0","padding_bottom_tablet":"0","padding_bottom_mobile":"0","activate_custom_margin":false,"margin_top_desktop":"0","margin_top_tablet":"0","margin_top_mobile":"0","margin_bottom_desktop":"0","margin_bottom_tablet":"0","margin_bottom_mobile":"0","disable_on":[],"content_alignment_desktop":"left","content_alignment_tablet":"left","content_alignment_mobile":"left"},"":null,"label":"","title":"Pr\u00e9cise par d\u00e9finition","description":"<p>Le syst\u00e8me optique de pr\u00e9cision fournit des mesures fiables et reproductibles. Affiche l\u2019unit\u00e9 de mesure standard\u00a0: microwatts par centim\u00e8tre carr\u00e9 par nanom\u00e8tre (\u03bcW\/cm<sup>2<\/sup>\/nm).<\/p>\n<p>&nbsp;<\/p>\n<h4>Intelligent par d\u00e9finition<\/h4>\n<p>Un bouton-poussoir unique permet \u00e0 la fois de prendre la mesure et de r\u00e9gler l\u2019intensit\u00e9 lumineuse. Utilisez le radiom\u00e8tre neoBLUE pour d\u00e9terminer les param\u00e8tres lumineux des lampes de phototh\u00e9rapie. V\u00e9rifiez ensuite que l\u2019irradiation est appropri\u00e9e.<\/p>\n<p>&nbsp;<\/p>\n<h4>Flexible par d\u00e9finition<\/h4>\n<p>On utilise le radiom\u00e8tre neoBLUE pour obtenir des valeurs pr\u00e9cises dans le spectre des bleus. Con\u00e7u pour fonctionner en association avec la gamme de produits de phototh\u00e9rapie par LED neoBLUE, notamment avec le syst\u00e8me de phototh\u00e9rapie LED neoBLUE, le syst\u00e8me neoBLUE compact et le syst\u00e8me de couverture neoBLUE.<\/p>\n","link":null,"image":{"ID":6966,"id":6966,"title":"neoBLUE-Radiometer_phototherapy-product-line_spot","filename":"neoBLUE-Radiometer_phototherapy-product-line_spot.jpg","filesize":89155,"url":"https:\/\/natussensory.com\/wp-content\/uploads\/neoBLUE-Radiometer_phototherapy-product-line_spot.jpg","link":"https:\/\/natussensory.com\/fr\/produits\/neoblue-radiometer\/neoblue-radiometer_phototherapy-product-line_spot-2\/","alt":"neoBLUE Radiometer with overhead and blanket phototherapy systems for neonatal bilirubin treatment and irradiance monitoring.","author":"4","description":"","caption":"","name":"neoblue-radiometer_phototherapy-product-line_spot-2","status":"inherit","uploaded_to":10209,"date":"2023-09-25 14:46:04","modified":"2025-05-21 09:48:52","menu_order":0,"mime_type":"image\/jpeg","type":"image","subtype":"jpeg","icon":"https:\/\/natussensory.com\/wp-includes\/images\/media\/default.png","width":800,"height":450,"sizes":{"thumbnail":"https:\/\/natussensory.com\/wp-content\/uploads\/neoBLUE-Radiometer_phototherapy-product-line_spot.jpg","thumbnail-width":128,"thumbnail-height":72,"medium":"https:\/\/natussensory.com\/wp-content\/uploads\/neoBLUE-Radiometer_phototherapy-product-line_spot.jpg","medium-width":800,"medium-height":450,"medium_large":"https:\/\/natussensory.com\/wp-content\/uploads\/neoBLUE-Radiometer_phototherapy-product-line_spot-768x432.jpg","medium_large-width":768,"medium_large-height":432,"large":"https:\/\/natussensory.com\/wp-content\/uploads\/neoBLUE-Radiometer_phototherapy-product-line_spot.jpg","large-width":800,"large-height":450,"1536x1536":"https:\/\/natussensory.com\/wp-content\/uploads\/neoBLUE-Radiometer_phototherapy-product-line_spot.jpg","1536x1536-width":800,"1536x1536-height":450,"2048x2048":"https:\/\/natussensory.com\/wp-content\/uploads\/neoBLUE-Radiometer_phototherapy-product-line_spot.jpg","2048x2048-width":800,"2048x2048-height":450}}}},{"acf_fc_layout":"simple_content","_acfe_flexible_toggle":"","content_full_width_landing":{"module_options":{"":null,"module_id":"n65153d9ac3af4","module_class":"","module_background_type":"color","module_background_color":"","module_background_image":false,"module_background_video":"","activate_custom_padding":false,"padding_top_desktop":"0","padding_top_tablet":"0","padding_top_mobile":"0","padding_bottom_desktop":"0","padding_bottom_tablet":"0","padding_bottom_mobile":"0","activate_custom_margin":false,"margin_top_desktop":"0","margin_top_tablet":"0","margin_top_mobile":"0","margin_bottom_desktop":"0","margin_bottom_tablet":"0","margin_bottom_mobile":"0","disable_on":[],"content_alignment_desktop":"left","content_alignment_tablet":"left","content_alignment_mobile":"left"},"activate_custom_container_width":false,"container_width":"","content":"<h4>Caract\u00e9ristiques principales<\/h4>\n<ul>\n<li>Les mesures sont faciles \u00e0 lire dans la grande fen\u00eatre d\u2019affichage<\/li>\n<li>Capteur int\u00e9gr\u00e9, pas de c\u00e2bles \u00e0 g\u00e9rer<\/li>\n<li>Un design compact et simple qui facilite la prise en main<\/li>\n<\/ul>\n<p>&nbsp;<\/p>\n<h4>Le radiom\u00e8tre vous aide \u00e0 suivre les directives de l\u2019AAP en mati\u00e8re de phototh\u00e9rapie intensive<\/h4>\n<ul>\n<li>Mesure automatiquement l\u2019irradiance sur le spectre 0,1\u2013299 \u00b5W\/cm\u00b2\/nm<\/li>\n<li>Mesure le spectre d\u2019action sur la bilirubine : 420\u2013500 nm<\/li>\n<li>Chaque appareil est \u00e9talonn\u00e9 individuellement selon la norme de mesure nationale conform\u00e9ment \u00e0 la norme ISO 9001, et est accompagn\u00e9 d\u2019un certificat d\u2019\u00e9talonnage fourni \u00e0 l\u2019h\u00f4pital pour r\u00e9f\u00e9rence.<\/li>\n<\/ul>\n"}},{"acf_fc_layout":"related_products","_acfe_flexible_layout_title":"Resources and Support","_acfe_flexible_toggle":"","tiles_3_columns_landing":{"module_options":{"":null,"module_id":"info","module_class":"","module_background_type":"color","module_background_color":"","module_background_image":false,"module_background_video":"","activate_custom_padding":false,"padding_top_desktop":"0","padding_top_tablet":"0","padding_top_mobile":"0","padding_bottom_desktop":"0","padding_bottom_tablet":"0","padding_bottom_mobile":"0","activate_custom_margin":false,"margin_top_desktop":"0","margin_top_tablet":"0","margin_top_mobile":"0","margin_bottom_desktop":"0","margin_bottom_tablet":"0","margin_bottom_mobile":"0","disable_on":[],"content_alignment_desktop":"left","content_alignment_tablet":"left","content_alignment_mobile":"left"},"intro_text":"Ressources et Assistance","intro_text_color":"","intro_link":null,"tiles":[{"label":"Ressources","label_background_color":"#154284","image":false,"title":"Brochure, fiche technique et plus","link":{"type":"url","value":"https:\/\/natus.bynder.com\/web\/ede1bb815c0b339\/resource-library-neoblue-radiometer\/","url":"https:\/\/natus.bynder.com\/web\/ede1bb815c0b339\/resource-library-neoblue-radiometer\/","name":"https:\/\/natus.bynder.com\/web\/ede1bb815c0b339\/resource-library-neoblue-radiometer\/","title":"neoBLUE Radiometer Ressources","target":"_blank"}},{"label":"Assistance","label_background_color":"#154284","image":false,"title":"Guide d'utilisation (eIFUs)","link":{"type":"post","value":"883","url":"https:\/\/natussensory.com\/support\/","name":"Service &#038; Support","title":"Service et Assistance","target":""}}]}},{"acf_fc_layout":"related_products","_acfe_flexible_toggle":"","tiles_3_columns_landing":{"module_options":{"":null,"module_id":"n65153d9b2324e","module_class":"","module_background_type":"color","module_background_color":"","module_background_image":false,"module_background_video":"","activate_custom_padding":false,"padding_top_desktop":"0","padding_top_tablet":"0","padding_top_mobile":"0","padding_bottom_desktop":"0","padding_bottom_tablet":"0","padding_bottom_mobile":"0","activate_custom_margin":false,"margin_top_desktop":"0","margin_top_tablet":"0","margin_top_mobile":"0","margin_bottom_desktop":"0","margin_bottom_tablet":"0","margin_bottom_mobile":"0","disable_on":[],"content_alignment_desktop":"left","content_alignment_tablet":"left","content_alignment_mobile":"left"},"intro_text":"Produits Connexes","intro_text_color":"#005e63","intro_link":{"type":"post","value":"1518","url":"https:\/\/natussensory.com\/products\/","name":"Products","title":"Voir tous les produits","target":""},"tiles":[{"label":"neoBLUE LED","label_background_color":"#154284","image":{"ID":6971,"id":6971,"title":"neoBLUE-LED_linkspot","filename":"neoBLUE-LED_linkspot.jpg","filesize":133488,"url":"https:\/\/natussensory.com\/wp-content\/uploads\/neoBLUE-LED_linkspot.jpg","link":"https:\/\/natussensory.com\/fr\/produits\/neoblue-radiometer\/neoblue-led_linkspot-2\/","alt":"neoBLUE-LED","author":"4","description":"","caption":"","name":"neoblue-led_linkspot-2","status":"inherit","uploaded_to":10209,"date":"2023-09-25 14:50:54","modified":"2025-08-06 14:46:06","menu_order":0,"mime_type":"image\/png","type":"image","subtype":"png","icon":"https:\/\/natussensory.com\/wp-includes\/images\/media\/default.png","width":600,"height":300,"sizes":{"thumbnail":"https:\/\/natussensory.com\/wp-content\/uploads\/neoBLUE-LED_linkspot.jpg","thumbnail-width":128,"thumbnail-height":64,"medium":"https:\/\/natussensory.com\/wp-content\/uploads\/neoBLUE-LED_linkspot.jpg","medium-width":600,"medium-height":300,"medium_large":"https:\/\/natussensory.com\/wp-content\/uploads\/neoBLUE-LED_linkspot.jpg","medium_large-width":600,"medium_large-height":300,"large":"https:\/\/natussensory.com\/wp-content\/uploads\/neoBLUE-LED_linkspot.jpg","large-width":600,"large-height":300,"1536x1536":"https:\/\/natussensory.com\/wp-content\/uploads\/neoBLUE-LED_linkspot.jpg","1536x1536-width":600,"1536x1536-height":300,"2048x2048":"https:\/\/natussensory.com\/wp-content\/uploads\/neoBLUE-LED_linkspot.jpg","2048x2048-width":600,"2048x2048-height":300}},"title":"Syst\u00e8me de phototh\u00e9rapie par LED","link":{"type":"post","value":"6889","url":"https:\/\/natussensory.com\/products\/neoblue-led-phototherapy-system\/","name":"neoBLUE\u00ae LED Phototherapy System","title":"En Savoir Plus","target":""}},{"label":"neoBLUE Compact","label_background_color":"#154284","image":{"ID":6986,"id":6986,"title":"neoBLUE-compact_linkspot","filename":"neoBLUE-compact_linkspot.jpg","filesize":138856,"url":"https:\/\/natussensory.com\/wp-content\/uploads\/neoBLUE-compact_linkspot.jpg","link":"https:\/\/natussensory.com\/fr\/produits\/neoblue-radiometer\/neoblue-compact_linkspot-2\/","alt":"neoBLUE-compact","author":"4","description":"","caption":"","name":"neoblue-compact_linkspot-2","status":"inherit","uploaded_to":10209,"date":"2023-09-25 14:51:00","modified":"2025-08-06 14:42:57","menu_order":0,"mime_type":"image\/png","type":"image","subtype":"png","icon":"https:\/\/natussensory.com\/wp-includes\/images\/media\/default.png","width":600,"height":300,"sizes":{"thumbnail":"https:\/\/natussensory.com\/wp-content\/uploads\/neoBLUE-compact_linkspot.jpg","thumbnail-width":128,"thumbnail-height":64,"medium":"https:\/\/natussensory.com\/wp-content\/uploads\/neoBLUE-compact_linkspot.jpg","medium-width":600,"medium-height":300,"medium_large":"https:\/\/natussensory.com\/wp-content\/uploads\/neoBLUE-compact_linkspot.jpg","medium_large-width":600,"medium_large-height":300,"large":"https:\/\/natussensory.com\/wp-content\/uploads\/neoBLUE-compact_linkspot.jpg","large-width":600,"large-height":300,"1536x1536":"https:\/\/natussensory.com\/wp-content\/uploads\/neoBLUE-compact_linkspot.jpg","1536x1536-width":600,"1536x1536-height":300,"2048x2048":"https:\/\/natussensory.com\/wp-content\/uploads\/neoBLUE-compact_linkspot.jpg","2048x2048-width":600,"2048x2048-height":300}},"title":"Syst\u00e8me de phototh\u00e9rapie pour le traitement de la jaunisse du nouveau-n\u00e9","link":{"type":"post","value":"6903","url":"https:\/\/natussensory.com\/products\/neoblue-compact\/","name":"neoBLUE\u00ae Compact LED Phototherapy for Jaundice","title":"En Savoir Plus","target":""}},{"label":"neoBLUE Blanket","label_background_color":"#154284","image":{"ID":6981,"id":6981,"title":"neoBLUE-blanket_linkspot","filename":"neoblue-blanket_linkspot.jpg","filesize":125125,"url":"https:\/\/natussensory.com\/wp-content\/uploads\/neoblue-blanket_linkspot.jpg","link":"https:\/\/natussensory.com\/fr\/produits\/neoblue-radiometer\/neoblue-blanket_linkspot-2\/","alt":"neoblue-blanket","author":"4","description":"","caption":"","name":"neoblue-blanket_linkspot-2","status":"inherit","uploaded_to":10209,"date":"2023-09-25 14:50:58","modified":"2025-08-06 14:40:12","menu_order":0,"mime_type":"image\/png","type":"image","subtype":"png","icon":"https:\/\/natussensory.com\/wp-includes\/images\/media\/default.png","width":600,"height":300,"sizes":{"thumbnail":"https:\/\/natussensory.com\/wp-content\/uploads\/neoblue-blanket_linkspot.jpg","thumbnail-width":128,"thumbnail-height":64,"medium":"https:\/\/natussensory.com\/wp-content\/uploads\/neoblue-blanket_linkspot.jpg","medium-width":600,"medium-height":300,"medium_large":"https:\/\/natussensory.com\/wp-content\/uploads\/neoblue-blanket_linkspot.jpg","medium_large-width":600,"medium_large-height":300,"large":"https:\/\/natussensory.com\/wp-content\/uploads\/neoblue-blanket_linkspot.jpg","large-width":600,"large-height":300,"1536x1536":"https:\/\/natussensory.com\/wp-content\/uploads\/neoblue-blanket_linkspot.jpg","1536x1536-width":600,"1536x1536-height":300,"2048x2048":"https:\/\/natussensory.com\/wp-content\/uploads\/neoblue-blanket_linkspot.jpg","2048x2048-width":600,"2048x2048-height":300}},"title":"Con\u00e7ue pour permettre une collaboration \u00e9troite entre le personnel m\u00e9dical, les aidants et les parents.","link":{"type":"post","value":"6928","url":"https:\/\/natussensory.com\/products\/neoblue-blanket\/","name":"neoBLUE\u00ae blanket &#8211; LED Phototherapy System","title":"En Savoir Plus","target":""}}]}},{"acf_fc_layout":"contact_form","_acfe_flexible_toggle":"","contact_form_landing":{"module_options":{"":null,"module_id":"contact","module_class":"","module_background_type":"color","module_background_color":"","module_background_image":false,"module_background_video":"","activate_custom_padding":false,"padding_top_desktop":0,"padding_top_tablet":"","padding_top_mobile":"","padding_bottom_desktop":"","padding_bottom_tablet":"","padding_bottom_mobile":"","activate_custom_margin":false,"margin_top_desktop":"","margin_top_tablet":"","margin_top_mobile":"","margin_bottom_desktop":"","margin_bottom_tablet":"","margin_bottom_mobile":"","disable_on":[],"content_alignment_desktop":"left","content_alignment_tablet":"left","content_alignment_mobile":"left"},"":null,"activate_intro":false,"intro_text":"","intro_text_color":"","intro_link":null,"activate_description":true,"description_title":"Contactez-nous","description_copy":"","embed_code":"<script charset=\"utf-8\" type=\"text\/javascript\" src=\"\/\/js.hsforms.net\/forms\/embed\/v2.js\"><\/script>\r\n<script>\r\n  hbspt.forms.create({\r\n    region: \"na1\",\r\n    portalId: \"3002890\",\r\n    formId: \"ff154af9-a296-42ec-a3cb-3b9158278b44\"\r\n  });\r\n<\/script>"}},{"acf_fc_layout":"simple_content","_acfe_flexible_layout_title":"Part number","_acfe_flexible_toggle":"","content_full_width_landing":{"module_options":{"":null,"module_id":"n65153d9c09a19","module_class":"","module_background_type":"color","module_background_color":"","module_background_image":false,"module_background_video":"","activate_custom_padding":false,"padding_top_desktop":0,"padding_top_tablet":"","padding_top_mobile":"","padding_bottom_desktop":"","padding_bottom_tablet":"","padding_bottom_mobile":"","activate_custom_margin":false,"margin_top_desktop":"","margin_top_tablet":"","margin_top_mobile":"","margin_bottom_desktop":"","margin_bottom_tablet":"","margin_bottom_mobile":"","disable_on":[],"content_alignment_desktop":"left","content_alignment_tablet":"left","content_alignment_mobile":"left"},"activate_custom_container_width":false,"container_width":"","content":"<p><span style=\"font-size: 11px;\">044830-FR RevA<\/span><\/p>\n"}}]},"_links":{"self":[{"href":"https:\/\/natussensory.com\/fr\/wp-json\/wp\/v2\/pages\/10209","targetHints":{"allow":["GET"]}}],"collection":[{"href":"https:\/\/natussensory.com\/fr\/wp-json\/wp\/v2\/pages"}],"about":[{"href":"https:\/\/natussensory.com\/fr\/wp-json\/wp\/v2\/types\/page"}],"author":[{"embeddable":true,"href":"https:\/\/natussensory.com\/fr\/wp-json\/wp\/v2\/users\/4"}],"replies":[{"embeddable":true,"href":"https:\/\/natussensory.com\/fr\/wp-json\/wp\/v2\/comments?post=10209"}],"version-history":[{"count":8,"href":"https:\/\/natussensory.com\/fr\/wp-json\/wp\/v2\/pages\/10209\/revisions"}],"predecessor-version":[{"id":27719,"href":"https:\/\/natussensory.com\/fr\/wp-json\/wp\/v2\/pages\/10209\/revisions\/27719"}],"up":[{"embeddable":true,"href":"https:\/\/natussensory.com\/fr\/wp-json\/wp\/v2\/pages\/10961"}],"wp:attachment":[{"href":"https:\/\/natussensory.com\/fr\/wp-json\/wp\/v2\/media?parent=10209"}],"wp:term":[{"taxonomy":"category","embeddable":true,"href":"https:\/\/natussensory.com\/fr\/wp-json\/wp\/v2\/categories?post=10209"},{"taxonomy":"post_tag","embeddable":true,"href":"https:\/\/natussensory.com\/fr\/wp-json\/wp\/v2\/tags?post=10209"}],"curies":[{"name":"wp","href":"https:\/\/api.w.org\/{rel}","templated":true}]}}