{"id":10195,"date":"2023-09-25T13:24:40","date_gmt":"2023-09-25T13:24:40","guid":{"rendered":"https:\/\/natussensory.com\/sensory\/neoblue-blanket\/"},"modified":"2025-10-22T13:53:20","modified_gmt":"2025-10-22T13:53:20","slug":"neoblue-blanket","status":"publish","type":"page","link":"https:\/\/natussensory.com\/fr\/produits\/neoblue-blanket\/","title":{"rendered":"LED neoBLUE\u00ae blanket &#8211; Syst\u00e8me de phototh\u00e9rapie"},"content":{"rendered":"","protected":false},"excerpt":{"rendered":"","protected":false},"author":4,"featured_media":0,"parent":10961,"menu_order":0,"comment_status":"closed","ping_status":"closed","template":"templates\/page-sensory-solutions-product-landing.php","meta":{"_acf_changed":false,"inline_featured_image":false,"footnotes":""},"categories":[290,299],"tags":[],"class_list":["post-10195","page","type-page","status-publish","hentry","category-gestion-de-lictere","category-jaundice-management-fr"],"acf":{"content_blocks":[{"acf_fc_layout":"spacer","_acfe_flexible_toggle":"","spacer":{"module_options":{"":null,"module_id":"n65153c0f70e78","module_class":"","module_background_type":"color","module_background_color":"#473089","module_background_image":false,"module_background_video":"","activate_custom_padding":false,"padding_top_desktop":"0","padding_top_tablet":"0","padding_top_mobile":"0","padding_bottom_desktop":"0","padding_bottom_tablet":"0","padding_bottom_mobile":"0","activate_custom_margin":false,"margin_top_desktop":"0","margin_top_tablet":"0","margin_top_mobile":"0","margin_bottom_desktop":"0","margin_bottom_tablet":"0","margin_bottom_mobile":"0","disable_on":[],"content_alignment_desktop":"left","content_alignment_tablet":"left","content_alignment_mobile":"left"},"height":"160"}},{"acf_fc_layout":"intro_with_sticky_image","_acfe_flexible_toggle":"","left_content_right_image_sticky":{"module_options":{"":null,"module_id":"n65153c0f78eea","module_class":"","module_background_type":"color","module_background_color":"","module_background_image":false,"module_background_video":"","activate_custom_padding":false,"padding_top_desktop":"0","padding_top_tablet":"0","padding_top_mobile":"0","padding_bottom_desktop":"0","padding_bottom_tablet":"0","padding_bottom_mobile":"0","activate_custom_margin":false,"margin_top_desktop":"0","margin_top_tablet":"0","margin_top_mobile":"0","margin_bottom_desktop":"0","margin_bottom_tablet":"0","margin_bottom_mobile":"0","disable_on":[],"content_alignment_desktop":"left","content_alignment_tablet":"left","content_alignment_mobile":"left"},"":null,"title":"Couverture de phototh\u00e9rapie par LED neoBLUE<sup>\u00ae<\/sup>","subheader":"<p>La couverture de phototh\u00e9rapie par LED neoBLUE\u00ae est con\u00e7ue pour permettre une collaboration \u00e9troite entre le personnel m\u00e9dical, les aidants et les parents. Pour donner aux nouveau-n\u00e9s le meilleur d\u00e9part dans la vie.<\/p>\n<p>&nbsp;<\/p>\n<h4>Phototh\u00e9rapie intensive pour offrir une prise en charge principalement par la famille et soutenir la croissance du nouveau-n\u00e9.<\/h4>\n<p>La couverture neoBLUE de derni\u00e8re g\u00e9n\u00e9ration transforme la prise en charge de la jaunisse en un soin de routine. Gr\u00e2ce \u00e0 elle, il est possible de faire de la phototh\u00e9rapie par LED bleues dans de nombreux environnements. Le traitement peut se poursuivre pendant l\u2019allaitement, pour assurer un contact corps-\u00e0-corps entre la m\u00e8re et le b\u00e9b\u00e9 sans devoir interrompre les soins. La couverture neoBLUE donne \u00e0 la famille un r\u00f4le central dans les soins du b\u00e9b\u00e9.<\/p>\n","icons":false,"quick_navigation":[{"quick_link":{"type":"url","value":"#contact","url":"#contact","name":"#contact","title":"Demander un devis","target":""}},{"quick_link":{"type":"url","value":"#info","url":"#info","name":"#info","title":"Explorer plus de d\u00e9tails","target":""}}],"description":"","message_label":" ","message_title":"Vous recherchez un service de produit ou une assistance technique ?","message_link":{"type":"post","value":"883","url":"https:\/\/natussensory.com\/support\/","name":"Service &#038; Support","title":" Service et Assistance","target":""},"right_sticky_image":{"ID":6947,"id":6947,"title":"neoBLUE-compact_product thumbnail","filename":"neoBLUE-compact_product-thumbnail-1.png","filesize":120862,"url":"https:\/\/natussensory.com\/wp-content\/uploads\/neoBLUE-compact_product-thumbnail-1.png","link":"https:\/\/natussensory.com\/fr\/produits\/neoblue-blanket\/neoblue-compact_product-thumbnail-2-2\/","alt":"Intensive blue LED phototherapy with neoBLUE blanket for neonatal jaundice treatment.","author":"4","description":"","caption":"","name":"neoblue-compact_product-thumbnail-2-2","status":"inherit","uploaded_to":10195,"date":"2023-09-25 13:59:43","modified":"2025-05-20 14:30:03","menu_order":0,"mime_type":"image\/png","type":"image","subtype":"png","icon":"https:\/\/natussensory.com\/wp-includes\/images\/media\/default.png","width":500,"height":388,"sizes":{"thumbnail":"https:\/\/natussensory.com\/wp-content\/uploads\/neoBLUE-compact_product-thumbnail-1.png","thumbnail-width":124,"thumbnail-height":96,"medium":"https:\/\/natussensory.com\/wp-content\/uploads\/neoBLUE-compact_product-thumbnail-1.png","medium-width":500,"medium-height":388,"medium_large":"https:\/\/natussensory.com\/wp-content\/uploads\/neoBLUE-compact_product-thumbnail-1.png","medium_large-width":500,"medium_large-height":388,"large":"https:\/\/natussensory.com\/wp-content\/uploads\/neoBLUE-compact_product-thumbnail-1.png","large-width":500,"large-height":388,"1536x1536":"https:\/\/natussensory.com\/wp-content\/uploads\/neoBLUE-compact_product-thumbnail-1.png","1536x1536-width":500,"1536x1536-height":388,"2048x2048":"https:\/\/natussensory.com\/wp-content\/uploads\/neoBLUE-compact_product-thumbnail-1.png","2048x2048-width":500,"2048x2048-height":388}}}},{"acf_fc_layout":"product_details_right_image_and_left_content","_acfe_flexible_toggle":"","right_image_left_content_single_cta_landing":{"module_options":{"":null,"module_id":"n65153c0f84a70","module_class":"","module_background_type":"color","module_background_color":"","module_background_image":false,"module_background_video":"","activate_custom_padding":false,"padding_top_desktop":"0","padding_top_tablet":"0","padding_top_mobile":"0","padding_bottom_desktop":"0","padding_bottom_tablet":"0","padding_bottom_mobile":"0","activate_custom_margin":false,"margin_top_desktop":"0","margin_top_tablet":"0","margin_top_mobile":"0","margin_bottom_desktop":"0","margin_bottom_tablet":"0","margin_bottom_mobile":"0","disable_on":[],"content_alignment_desktop":"left","content_alignment_tablet":"left","content_alignment_mobile":"left"},"":null,"label":"","title":"S\u00fbr par d\u00e9finition","description":"<p>La s\u00e9curit\u00e9 est toujours la priorit\u00e9 absolue dans les soins du nouveau-n\u00e9. La couverture de phototh\u00e9rapie par LED neoBLUE permet de faire une phototh\u00e9rapie intensive en toute s\u00e9curit\u00e9, en r\u00e9duisant au maximum le risque de l\u00e9sions cutan\u00e9es et les pertes hydriques.<\/p>\n<p>&nbsp;<\/p>\n<h4>Flexible par d\u00e9finition<\/h4>\n<p>Portable et l\u00e9g\u00e8re, la couverture neoBLUE est id\u00e9ale dans l\u2019ISIN, dans les pouponni\u00e8res pour nourrissons en bonne sant\u00e9 ou \u00e0 domicile. Elle se met dans le berceau, le parc, le couffin, sous les lampes chauffantes infra-rouges ou dans une couveuse. Utilis\u00e9e seule ou avec des syst\u00e8mes de phototh\u00e9rapie neoBLUE par radiation, elle permet plus de flexibilit\u00e9 pour les th\u00e9rapies de forte intensit\u00e9 partout o\u00f9 l\u2019on en a besoin.<sup>1<\/sup><\/p>\n","link":null,"image":{"ID":6935,"id":6935,"title":"neoBLUE-blanket_mother-and-baby_spot","filename":"neoBLUE-blanket_mother-and-baby_spot.jpg","filesize":290338,"url":"https:\/\/natussensory.com\/wp-content\/uploads\/neoBLUE-blanket_mother-and-baby_spot.jpg","link":"https:\/\/natussensory.com\/fr\/produits\/neoblue-blanket\/neoblue-blanket_mother-and-baby_spot-2\/","alt":"Mother using neoBLUE blanket LED Phototherapy System for neonatal jaundice treatment.","author":"4","description":"","caption":"","name":"neoblue-blanket_mother-and-baby_spot-2","status":"inherit","uploaded_to":10195,"date":"2023-09-25 13:21:09","modified":"2025-05-20 14:31:21","menu_order":0,"mime_type":"image\/jpeg","type":"image","subtype":"jpeg","icon":"https:\/\/natussensory.com\/wp-includes\/images\/media\/default.png","width":800,"height":450,"sizes":{"thumbnail":"https:\/\/natussensory.com\/wp-content\/uploads\/neoBLUE-blanket_mother-and-baby_spot.jpg","thumbnail-width":128,"thumbnail-height":72,"medium":"https:\/\/natussensory.com\/wp-content\/uploads\/neoBLUE-blanket_mother-and-baby_spot.jpg","medium-width":800,"medium-height":450,"medium_large":"https:\/\/natussensory.com\/wp-content\/uploads\/neoBLUE-blanket_mother-and-baby_spot-768x432.jpg","medium_large-width":768,"medium_large-height":432,"large":"https:\/\/natussensory.com\/wp-content\/uploads\/neoBLUE-blanket_mother-and-baby_spot.jpg","large-width":800,"large-height":450,"1536x1536":"https:\/\/natussensory.com\/wp-content\/uploads\/neoBLUE-blanket_mother-and-baby_spot.jpg","1536x1536-width":800,"1536x1536-height":450,"2048x2048":"https:\/\/natussensory.com\/wp-content\/uploads\/neoBLUE-blanket_mother-and-baby_spot.jpg","2048x2048-width":800,"2048x2048-height":450}}}},{"acf_fc_layout":"product_details_left_image_and_right_content","_acfe_flexible_toggle":"","left_image_right_content_single_cta_landing":{"module_options":{"":null,"module_id":"n65153c0f8c49d","module_class":"","module_background_type":"color","module_background_color":"","module_background_image":false,"module_background_video":"","activate_custom_padding":false,"padding_top_desktop":"0","padding_top_tablet":"0","padding_top_mobile":"0","padding_bottom_desktop":"0","padding_bottom_tablet":"0","padding_bottom_mobile":"0","activate_custom_margin":false,"margin_top_desktop":"0","margin_top_tablet":"0","margin_top_mobile":"0","margin_bottom_desktop":"0","margin_bottom_tablet":"0","margin_bottom_mobile":"0","disable_on":[],"content_alignment_desktop":"left","content_alignment_tablet":"left","content_alignment_mobile":"left"},"image":{"ID":6940,"id":6940,"title":"neoBLUE-blanket_baby_spot","filename":"neoBLUE-blanket_baby_spot.jpg","filesize":278518,"url":"https:\/\/natussensory.com\/wp-content\/uploads\/neoBLUE-blanket_baby_spot.jpg","link":"https:\/\/natussensory.com\/fr\/produits\/neoblue-blanket\/neoblue-blanket_baby_spot-2\/","alt":"Infant receiving neonatal jaundice treatment with neoBLUE blanket Intensive LED Phototherapy System.","author":"4","description":"","caption":"","name":"neoblue-blanket_baby_spot-2","status":"inherit","uploaded_to":10195,"date":"2023-09-25 13:21:12","modified":"2025-05-20 14:32:38","menu_order":0,"mime_type":"image\/jpeg","type":"image","subtype":"jpeg","icon":"https:\/\/natussensory.com\/wp-includes\/images\/media\/default.png","width":800,"height":450,"sizes":{"thumbnail":"https:\/\/natussensory.com\/wp-content\/uploads\/neoBLUE-blanket_baby_spot.jpg","thumbnail-width":128,"thumbnail-height":72,"medium":"https:\/\/natussensory.com\/wp-content\/uploads\/neoBLUE-blanket_baby_spot.jpg","medium-width":800,"medium-height":450,"medium_large":"https:\/\/natussensory.com\/wp-content\/uploads\/neoBLUE-blanket_baby_spot-768x432.jpg","medium_large-width":768,"medium_large-height":432,"large":"https:\/\/natussensory.com\/wp-content\/uploads\/neoBLUE-blanket_baby_spot.jpg","large-width":800,"large-height":450,"1536x1536":"https:\/\/natussensory.com\/wp-content\/uploads\/neoBLUE-blanket_baby_spot.jpg","1536x1536-width":800,"1536x1536-height":450,"2048x2048":"https:\/\/natussensory.com\/wp-content\/uploads\/neoBLUE-blanket_baby_spot.jpg","2048x2048-width":800,"2048x2048-height":450}},"label":"","title":"Confortable par d\u00e9finition","description":"<p>La couverture douce neoBLUE a une forme anatomique et se d\u00e9cline en plusieurs tailles. Avec son matelas confortable et son long c\u00e2ble \u00e9lectrique, elle est con\u00e7ue pour pouvoir garder le nouveau-n\u00e9 dans les bras pendant la th\u00e9rapie, de mani\u00e8re \u00e0 renforcer le lien m\u00e8re-nouveau-n\u00e9 et \u00e0 promouvoir le bien-\u00eatre du b\u00e9b\u00e9.<\/p>\n<ul>\n<li>Mod\u00e8le ovale et simplifi\u00e9 qui \u00e9pouse les formes du corps du nouveau-n\u00e9.<\/li>\n<li>Couverture disponible en grande et petite taille.<\/li>\n<li>Matelas moelleux pour le confort du nouveau-n\u00e9.<\/li>\n<li>Housses de matelas jetables pour une surface toujours propre et douce.<\/li>\n<li>Le nouveau-n\u00e9 peut \u00eatre envelopp\u00e9 ou emmaillot\u00e9 dans la couverture neoBLUE.<\/li>\n<li>On peut tenir le b\u00e9b\u00e9 dans ses bras ou l\u2019allaiter sans interrompre la phototh\u00e9rapie afin d\u2019encourager les liens d&rsquo;attachement entre le b\u00e9b\u00e9 et ses parents.<\/li>\n<\/ul>\n","link":null}},{"acf_fc_layout":"simple_content","_acfe_flexible_toggle":"","content_full_width_landing":{"module_options":{"":null,"module_id":"n65153c0f965c2","module_class":"","module_background_type":"color","module_background_color":"","module_background_image":false,"module_background_video":"","activate_custom_padding":false,"padding_top_desktop":"0","padding_top_tablet":"0","padding_top_mobile":"0","padding_bottom_desktop":"0","padding_bottom_tablet":"0","padding_bottom_mobile":"0","activate_custom_margin":false,"margin_top_desktop":"0","margin_top_tablet":"0","margin_top_mobile":"0","margin_bottom_desktop":"0","margin_bottom_tablet":"0","margin_bottom_mobile":"0","disable_on":[],"content_alignment_desktop":"left","content_alignment_tablet":"left","content_alignment_mobile":"left"},"activate_custom_container_width":false,"container_width":"","content":"<h4>Soins \u00e0 domicile de la jaunisse du nouveau-n\u00e9<\/h4>\n<p>La couverture neoBLUE s\u2019utilise facilement et en toute s\u00e9curit\u00e9, m\u00eame en dehors de l\u2019h\u00f4pital. Elle permet d\u2019administrer une phototh\u00e9rapie intensive et efficace dans le cadre de programmes de phototh\u00e9rapie \u00e0 domicile de mani\u00e8re \u00e0 \u00e9viter de perturber la routine de la vie familiale.<\/p>\n<p>&nbsp;<\/p>\n<h4>Conforme aux directives de l\u2019AAP en mati\u00e8re de phototh\u00e9rapie intensive<sup>1\u00a0<\/sup><\/h4>\n<p><strong>Intensit\u00e9 :\u00a0<\/strong>Fournit une phototh\u00e9rapie intensive : &gt; 30 \u03bcW\/cm<sup>2<\/sup>\u00a0\/nm<\/p>\n<p><strong>Spectre :<\/strong>\u00a0Le syst\u00e8me de phototh\u00e9rapie par LED compact neoBLUE \u00e9met une lumi\u00e8re bleue qui se trouve sur le spectre 450 nm &#8211; 475 nm, lequel correspond \u00e0 la longueur d\u2019onde d\u2019absorption maximale (458 nm) \u00e0 laquelle la bilirubine se d\u00e9compose.<sup>2\u00a0<\/sup><\/p>\n<p><strong>Surface trait\u00e9e :<\/strong>\u00a0Le couverture permet une phototh\u00e9rapie sur une surface de grande taille.<\/p>\n"}},{"acf_fc_layout":"related_products","_acfe_flexible_layout_title":"Resources and Support","_acfe_flexible_toggle":"","tiles_3_columns_landing":{"module_options":{"":null,"module_id":"info","module_class":"","module_background_type":"color","module_background_color":"","module_background_image":false,"module_background_video":"","activate_custom_padding":false,"padding_top_desktop":"0","padding_top_tablet":"0","padding_top_mobile":"0","padding_bottom_desktop":"0","padding_bottom_tablet":"0","padding_bottom_mobile":"0","activate_custom_margin":false,"margin_top_desktop":"0","margin_top_tablet":"0","margin_top_mobile":"0","margin_bottom_desktop":"0","margin_bottom_tablet":"0","margin_bottom_mobile":"0","disable_on":[],"content_alignment_desktop":"left","content_alignment_tablet":"left","content_alignment_mobile":"left"},"intro_text":"Ressources et Assistance","intro_text_color":"","intro_link":null,"tiles":[{"label":"Ressources","label_background_color":"#154284","image":false,"title":"Brochure, fiche technique et plus","link":{"type":"url","value":"https:\/\/natus.bynder.com\/web\/3b67b53bb5bc70de\/resource-library-neoblue-blanket\/","url":"https:\/\/natus.bynder.com\/web\/3b67b53bb5bc70de\/resource-library-neoblue-blanket\/","name":"https:\/\/natus.bynder.com\/web\/3b67b53bb5bc70de\/resource-library-neoblue-blanket\/","title":"neoBLUE Blanket Ressources","target":"_blank"}},{"label":"Assistance","label_background_color":"#154284","image":false,"title":"Guide d'utilisation (eIFUs)","link":{"type":"post","value":"883","url":"https:\/\/natussensory.com\/support\/","name":"Service &#038; Support","title":"Service et Assistance","target":""}}]}},{"acf_fc_layout":"related_products","_acfe_flexible_toggle":"","tiles_3_columns_landing":{"module_options":{"":null,"module_id":"n6514140274759","module_class":"","module_background_type":"color","module_background_color":"","module_background_image":false,"module_background_video":"","activate_custom_padding":false,"padding_top_desktop":"0","padding_top_tablet":"0","padding_top_mobile":"0","padding_bottom_desktop":"0","padding_bottom_tablet":"0","padding_bottom_mobile":"0","activate_custom_margin":false,"margin_top_desktop":"0","margin_top_tablet":"0","margin_top_mobile":"0","margin_bottom_desktop":"0","margin_bottom_tablet":"0","margin_bottom_mobile":"0","disable_on":[],"content_alignment_desktop":"left","content_alignment_tablet":"left","content_alignment_mobile":"left"},"intro_text":"Produits Connexes","intro_text_color":"#005e63","intro_link":{"type":"post","value":"1518","url":"https:\/\/natussensory.com\/products\/","name":"Products","title":"Voir tous les produits","target":""},"tiles":[{"label":"neoBLUE Compact","label_background_color":"#154284","image":{"ID":6986,"id":6986,"title":"neoBLUE-compact_linkspot","filename":"neoBLUE-compact_linkspot.jpg","filesize":138856,"url":"https:\/\/natussensory.com\/wp-content\/uploads\/neoBLUE-compact_linkspot.jpg","link":"https:\/\/natussensory.com\/fr\/produits\/neoblue-radiometer\/neoblue-compact_linkspot-2\/","alt":"neoBLUE-compact","author":"4","description":"","caption":"","name":"neoblue-compact_linkspot-2","status":"inherit","uploaded_to":10209,"date":"2023-09-25 14:51:00","modified":"2025-08-06 14:42:57","menu_order":0,"mime_type":"image\/png","type":"image","subtype":"png","icon":"https:\/\/natussensory.com\/wp-includes\/images\/media\/default.png","width":600,"height":300,"sizes":{"thumbnail":"https:\/\/natussensory.com\/wp-content\/uploads\/neoBLUE-compact_linkspot.jpg","thumbnail-width":128,"thumbnail-height":64,"medium":"https:\/\/natussensory.com\/wp-content\/uploads\/neoBLUE-compact_linkspot.jpg","medium-width":600,"medium-height":300,"medium_large":"https:\/\/natussensory.com\/wp-content\/uploads\/neoBLUE-compact_linkspot.jpg","medium_large-width":600,"medium_large-height":300,"large":"https:\/\/natussensory.com\/wp-content\/uploads\/neoBLUE-compact_linkspot.jpg","large-width":600,"large-height":300,"1536x1536":"https:\/\/natussensory.com\/wp-content\/uploads\/neoBLUE-compact_linkspot.jpg","1536x1536-width":600,"1536x1536-height":300,"2048x2048":"https:\/\/natussensory.com\/wp-content\/uploads\/neoBLUE-compact_linkspot.jpg","2048x2048-width":600,"2048x2048-height":300}},"title":"Syst\u00e8me de phototh\u00e9rapie pour le traitement de la jaunisse du nouveau-n\u00e9","link":{"type":"post","value":"6903","url":"https:\/\/natussensory.com\/products\/neoblue-compact\/","name":"neoBLUE\u00ae Compact LED Phototherapy for Jaundice","title":"En Savoir Plus","target":""}},{"label":"Biliband","label_background_color":"#154284","image":{"ID":6976,"id":6976,"title":"Biliband_linkspot","filename":"Biliband_linkspot.jpg","filesize":109199,"url":"https:\/\/natussensory.com\/wp-content\/uploads\/Biliband_linkspot.jpg","link":"https:\/\/natussensory.com\/fr\/produits\/neoblue-radiometer\/biliband_linkspot-2\/","alt":"Biliband","author":"4","description":"","caption":"","name":"biliband_linkspot-2","status":"inherit","uploaded_to":10209,"date":"2023-09-25 14:50:56","modified":"2025-08-06 14:33:38","menu_order":0,"mime_type":"image\/jpeg","type":"image","subtype":"jpeg","icon":"https:\/\/natussensory.com\/wp-includes\/images\/media\/default.png","width":600,"height":300,"sizes":{"thumbnail":"https:\/\/natussensory.com\/wp-content\/uploads\/Biliband_linkspot.jpg","thumbnail-width":128,"thumbnail-height":64,"medium":"https:\/\/natussensory.com\/wp-content\/uploads\/Biliband_linkspot.jpg","medium-width":600,"medium-height":300,"medium_large":"https:\/\/natussensory.com\/wp-content\/uploads\/Biliband_linkspot.jpg","medium_large-width":600,"medium_large-height":300,"large":"https:\/\/natussensory.com\/wp-content\/uploads\/Biliband_linkspot.jpg","large-width":600,"large-height":300,"1536x1536":"https:\/\/natussensory.com\/wp-content\/uploads\/Biliband_linkspot.jpg","1536x1536-width":600,"1536x1536-height":300,"2048x2048":"https:\/\/natussensory.com\/wp-content\/uploads\/Biliband_linkspot.jpg","2048x2048-width":600,"2048x2048-height":300}},"title":"Protections oculaires pour la phototh\u00e9rapie du nouveau-n\u00e9","link":{"type":"post","value":"6915","url":"https:\/\/natussensory.com\/products\/biliband-eye-protector\/","name":"Biliband\u00ae Eye Protector for Newborn Phototherapy","title":"En Savoir Plus","target":""}},{"label":"neoBLUE Radiometer","label_background_color":"#154284","image":{"ID":9185,"id":9185,"title":"Radiometer_linkspot","filename":"Radiometer_linkspot.jpg","filesize":33230,"url":"https:\/\/natussensory.com\/wp-content\/uploads\/Radiometer_linkspot.jpg","link":"https:\/\/natussensory.com\/fr\/produits\/neoblue-systeme-de-phototherapie-par-led\/radiometer_linkspot-2\/","alt":"Radiometer","author":"4","description":"","caption":"","name":"radiometer_linkspot-2","status":"inherit","uploaded_to":10177,"date":"2023-10-02 09:37:05","modified":"2025-08-06 14:49:45","menu_order":0,"mime_type":"image\/jpeg","type":"image","subtype":"jpeg","icon":"https:\/\/natussensory.com\/wp-includes\/images\/media\/default.png","width":600,"height":300,"sizes":{"thumbnail":"https:\/\/natussensory.com\/wp-content\/uploads\/Radiometer_linkspot.jpg","thumbnail-width":128,"thumbnail-height":64,"medium":"https:\/\/natussensory.com\/wp-content\/uploads\/Radiometer_linkspot.jpg","medium-width":600,"medium-height":300,"medium_large":"https:\/\/natussensory.com\/wp-content\/uploads\/Radiometer_linkspot.jpg","medium_large-width":600,"medium_large-height":300,"large":"https:\/\/natussensory.com\/wp-content\/uploads\/Radiometer_linkspot.jpg","large-width":600,"large-height":300,"1536x1536":"https:\/\/natussensory.com\/wp-content\/uploads\/Radiometer_linkspot.jpg","1536x1536-width":600,"1536x1536-height":300,"2048x2048":"https:\/\/natussensory.com\/wp-content\/uploads\/Radiometer_linkspot.jpg","2048x2048-width":600,"2048x2048-height":300}},"title":"Radiometer pour le traitement de la jaunisse du nouveau-n\u00e9","link":{"type":"post","value":"6953","url":"https:\/\/natussensory.com\/products\/neoblue-radiometer-newborn-jaundice-treatment\/","name":"neoBLUE\u00ae &#8211; Radiometer &#8211; Jaundice Treatment","title":"En Savoir Plus","target":""}}]}},{"acf_fc_layout":"contact_form","_acfe_flexible_toggle":"","contact_form_landing":{"module_options":{"":null,"module_id":"contact","module_class":"","module_background_type":"color","module_background_color":"","module_background_image":false,"module_background_video":"","activate_custom_padding":false,"padding_top_desktop":0,"padding_top_tablet":"","padding_top_mobile":"","padding_bottom_desktop":"","padding_bottom_tablet":"","padding_bottom_mobile":"","activate_custom_margin":false,"margin_top_desktop":"","margin_top_tablet":"","margin_top_mobile":"","margin_bottom_desktop":"","margin_bottom_tablet":"","margin_bottom_mobile":"","disable_on":[],"content_alignment_desktop":"left","content_alignment_tablet":"left","content_alignment_mobile":"left"},"":null,"activate_intro":false,"intro_text":"","intro_text_color":"","intro_link":null,"activate_description":true,"description_title":"Contactez-nous","description_copy":"","embed_code":"<script charset=\"utf-8\" type=\"text\/javascript\" src=\"\/\/js.hsforms.net\/forms\/embed\/v2.js\"><\/script>\r\n<script>\r\n  hbspt.forms.create({\r\n    region: \"na1\",\r\n    portalId: \"3002890\",\r\n    formId: \"ff154af9-a296-42ec-a3cb-3b9158278b44\"\r\n  });\r\n<\/script>"}},{"acf_fc_layout":"simple_content","_acfe_flexible_layout_title":"Part number","_acfe_flexible_toggle":"","content_full_width_landing":{"module_options":{"":null,"module_id":"n65153c1012cfb","module_class":"","module_background_type":"color","module_background_color":"","module_background_image":false,"module_background_video":"","activate_custom_padding":false,"padding_top_desktop":0,"padding_top_tablet":"","padding_top_mobile":"","padding_bottom_desktop":"","padding_bottom_tablet":"","padding_bottom_mobile":"","activate_custom_margin":false,"margin_top_desktop":"","margin_top_tablet":"","margin_top_mobile":"","margin_bottom_desktop":"","margin_bottom_tablet":"","margin_bottom_mobile":"","disable_on":[],"content_alignment_desktop":"left","content_alignment_tablet":"left","content_alignment_mobile":"left"},"activate_custom_container_width":false,"container_width":"","content":"<p><span style=\"font-size: 11px;\">1. Subcommittee on Hyperbilirubinemia. American Academy of Pediatrics clinical practice guideline: Management of hyperbilirubinemia in the newborn infant 35 or more weeks of gestation. Pediatrics. 2004; 114(1):297-316.<br \/>\n2. Vreman HJ, et al. Light-emitting diodes: a novel light source for phototherapy. Pediatric Research. 1998; 44(5):804-809.<\/span><\/p>\n<p><span style=\"font-size: 11px;\">007837 RevG<\/span><\/p>\n"}}]},"_links":{"self":[{"href":"https:\/\/natussensory.com\/fr\/wp-json\/wp\/v2\/pages\/10195","targetHints":{"allow":["GET"]}}],"collection":[{"href":"https:\/\/natussensory.com\/fr\/wp-json\/wp\/v2\/pages"}],"about":[{"href":"https:\/\/natussensory.com\/fr\/wp-json\/wp\/v2\/types\/page"}],"author":[{"embeddable":true,"href":"https:\/\/natussensory.com\/fr\/wp-json\/wp\/v2\/users\/4"}],"replies":[{"embeddable":true,"href":"https:\/\/natussensory.com\/fr\/wp-json\/wp\/v2\/comments?post=10195"}],"version-history":[{"count":9,"href":"https:\/\/natussensory.com\/fr\/wp-json\/wp\/v2\/pages\/10195\/revisions"}],"predecessor-version":[{"id":27707,"href":"https:\/\/natussensory.com\/fr\/wp-json\/wp\/v2\/pages\/10195\/revisions\/27707"}],"up":[{"embeddable":true,"href":"https:\/\/natussensory.com\/fr\/wp-json\/wp\/v2\/pages\/10961"}],"wp:attachment":[{"href":"https:\/\/natussensory.com\/fr\/wp-json\/wp\/v2\/media?parent=10195"}],"wp:term":[{"taxonomy":"category","embeddable":true,"href":"https:\/\/natussensory.com\/fr\/wp-json\/wp\/v2\/categories?post=10195"},{"taxonomy":"post_tag","embeddable":true,"href":"https:\/\/natussensory.com\/fr\/wp-json\/wp\/v2\/tags?post=10195"}],"curies":[{"name":"wp","href":"https:\/\/api.w.org\/{rel}","templated":true}]}}