{"id":10177,"date":"2023-09-25T09:25:28","date_gmt":"2023-09-25T09:25:28","guid":{"rendered":"https:\/\/natussensory.com\/sensory\/neoblue-led-phototherapy-system\/"},"modified":"2025-09-03T12:42:31","modified_gmt":"2025-09-03T12:42:31","slug":"neoblue-systeme-de-phototherapie-par-led","status":"publish","type":"page","link":"https:\/\/natussensory.com\/fr\/produits\/neoblue-systeme-de-phototherapie-par-led\/","title":{"rendered":"Syst\u00e8me de phototh\u00e9rapie par LED neoBLUE\u00ae"},"content":{"rendered":"","protected":false},"excerpt":{"rendered":"","protected":false},"author":4,"featured_media":0,"parent":10961,"menu_order":0,"comment_status":"closed","ping_status":"closed","template":"templates\/page-sensory-solutions-product-landing.php","meta":{"_acf_changed":false,"inline_featured_image":false,"footnotes":""},"categories":[290,299],"tags":[],"class_list":["post-10177","page","type-page","status-publish","hentry","category-gestion-de-lictere","category-jaundice-management-fr"],"acf":{"content_blocks":[{"acf_fc_layout":"spacer","_acfe_flexible_toggle":"","spacer":{"module_options":{"":null,"module_id":"n65153a12a2f27","module_class":"","module_background_type":"color","module_background_color":"#473089","module_background_image":false,"module_background_video":"","activate_custom_padding":false,"padding_top_desktop":"0","padding_top_tablet":"0","padding_top_mobile":"0","padding_bottom_desktop":"0","padding_bottom_tablet":"0","padding_bottom_mobile":"0","activate_custom_margin":false,"margin_top_desktop":"0","margin_top_tablet":"0","margin_top_mobile":"0","margin_bottom_desktop":"0","margin_bottom_tablet":"0","margin_bottom_mobile":"0","disable_on":[],"content_alignment_desktop":"left","content_alignment_tablet":"left","content_alignment_mobile":"left"},"height":"160"}},{"acf_fc_layout":"intro_with_sticky_image","_acfe_flexible_toggle":"","left_content_right_image_sticky":{"module_options":{"":null,"module_id":"n65153a12aae55","module_class":"","module_background_type":"color","module_background_color":"","module_background_image":false,"module_background_video":"","activate_custom_padding":false,"padding_top_desktop":"0","padding_top_tablet":"0","padding_top_mobile":"0","padding_bottom_desktop":"0","padding_bottom_tablet":"0","padding_bottom_mobile":"0","activate_custom_margin":false,"margin_top_desktop":"0","margin_top_tablet":"0","margin_top_mobile":"0","margin_bottom_desktop":"0","margin_bottom_tablet":"0","margin_bottom_mobile":"0","disable_on":[],"content_alignment_desktop":"left","content_alignment_tablet":"left","content_alignment_mobile":"left"},"":null,"title":"Syst\u00e8me de phototh\u00e9rapie par LED neoBLUE<sup>\u00ae<\/sup>","subheader":"<h4>Gu\u00e9rir efficacement par la lumi\u00e8re &#8211; voici le traitement dont les nouveau-n\u00e9s ont besoin pour pouvoir rentrer \u00e0 la maison<\/h4>\n<p>Le syst\u00e8me de phototh\u00e9rapie neoBLUE par LED \u00e9met une lumi\u00e8re bleue intense pour permettre de traiter efficacement la jaunisse du nouveau-n\u00e9 en abaissant les taux de bilirubine dans leur sang en toute s\u00e9curit\u00e9. Con\u00e7u pour l\u2019efficacit\u00e9 et la pr\u00e9cision, finis les t\u00e2tonnements pour positionner les lampes gr\u00e2ce \u00e0 notre pointeur rouge. La bonne quantit\u00e9 de lumi\u00e8re est focalis\u00e9e directement au-dessus du nouveau-n\u00e9.<\/p>\n<p>&nbsp;<\/p>\n<p>R\u00e9duit le remplacement des ampoules co\u00fbteux et chronophage lorsque le syst\u00e8me est en marche pendant des milliers d\u2019heures. Des tests en grandeur nature ont montr\u00e9 que les LED du neoBLUE pouvaient \u00e9mettre une lumi\u00e8re de phototh\u00e9rapie haute intensit\u00e9 pendant plus de 50 000 heures.<\/p>\n","icons":false,"quick_navigation":[{"quick_link":{"type":"url","value":"#contact","url":"#contact","name":"#contact","title":"Demander un devis","target":""}},{"quick_link":{"type":"url","value":"#info","url":"#info","name":"#info","title":"Explorer plus de d\u00e9tails","target":""}}],"description":"","message_label":" ","message_title":"Vous recherchez un service de produit ou une assistance technique ?","message_link":{"type":"post","value":"883","url":"https:\/\/natussensory.com\/support\/","name":"Service &#038; Support","title":" Service et Assistance","target":""},"right_sticky_image":{"ID":6892,"id":6892,"title":"neoBLUE-LED_product thumbnail","filename":"neoBLUE-LED_product-thumbnail.png","filesize":96706,"url":"https:\/\/natussensory.com\/wp-content\/uploads\/neoBLUE-LED_product-thumbnail.png","link":"https:\/\/natussensory.com\/fr\/produits\/neoblue-systeme-de-phototherapie-par-led\/neoblue-led_product-thumbnail-2\/","alt":"neoBLUE System overhead phototherapy unit for neonatal jaundice treatment using intensive blue LED phototherapy.","author":"4","description":"","caption":"","name":"neoblue-led_product-thumbnail-2","status":"inherit","uploaded_to":10177,"date":"2023-09-25 10:23:19","modified":"2025-05-21 09:14:56","menu_order":0,"mime_type":"image\/png","type":"image","subtype":"png","icon":"https:\/\/natussensory.com\/wp-includes\/images\/media\/default.png","width":500,"height":850,"sizes":{"thumbnail":"https:\/\/natussensory.com\/wp-content\/uploads\/neoBLUE-LED_product-thumbnail.png","thumbnail-width":56,"thumbnail-height":96,"medium":"https:\/\/natussensory.com\/wp-content\/uploads\/neoBLUE-LED_product-thumbnail.png","medium-width":500,"medium-height":850,"medium_large":"https:\/\/natussensory.com\/wp-content\/uploads\/neoBLUE-LED_product-thumbnail.png","medium_large-width":500,"medium_large-height":850,"large":"https:\/\/natussensory.com\/wp-content\/uploads\/neoBLUE-LED_product-thumbnail.png","large-width":500,"large-height":850,"1536x1536":"https:\/\/natussensory.com\/wp-content\/uploads\/neoBLUE-LED_product-thumbnail.png","1536x1536-width":500,"1536x1536-height":850,"2048x2048":"https:\/\/natussensory.com\/wp-content\/uploads\/neoBLUE-LED_product-thumbnail.png","2048x2048-width":500,"2048x2048-height":850}}}},{"acf_fc_layout":"product_details_right_image_and_left_content","_acfe_flexible_toggle":"","right_image_left_content_single_cta_landing":{"module_options":{"":null,"module_id":"n65153a12b7425","module_class":"","module_background_type":"color","module_background_color":"","module_background_image":false,"module_background_video":"","activate_custom_padding":false,"padding_top_desktop":"0","padding_top_tablet":"0","padding_top_mobile":"0","padding_bottom_desktop":"0","padding_bottom_tablet":"0","padding_bottom_mobile":"0","activate_custom_margin":false,"margin_top_desktop":"0","margin_top_tablet":"0","margin_top_mobile":"0","margin_bottom_desktop":"0","margin_bottom_tablet":"0","margin_bottom_mobile":"0","disable_on":[],"content_alignment_desktop":"left","content_alignment_tablet":"left","content_alignment_mobile":"left"},"":null,"label":"","title":"S\u00fbr par d\u00e9finition","description":"<p>La s\u00e9curit\u00e9 est toujours la priorit\u00e9 absolue dans les soins du nouveau-n\u00e9. Le syst\u00e8me de phototh\u00e9rapie par LED neoBLUE est un syst\u00e8me s\u00fbr qui limite les atteintes cutan\u00e9es et les pertes hydriques durant la phototh\u00e9rapie. Les \u00e9missions d\u2019ultraviolets (UV) et d\u2019infra-rouges (IR) du syst\u00e8me de phototh\u00e9rapie par LED neoBLUE ne sont pas significatives.<\/p>\n<p>&nbsp;<\/p>\n<p>En basculant un commutateur unique, il est possible de passer d\u2019une phototh\u00e9rapie standard de 15 \u03bcW\/cm<sup>2<\/sup>\u00a0\/nm \u00e0 une phototh\u00e9rapie intensive de 35 \u03bcW\/cm<sup>2<\/sup>\u00a0\/nm.<\/p>\n","link":null,"image":{"ID":6897,"id":6897,"title":"neoBLUE-LED_product_spot","filename":"neoBLUE-LED_product_spot.png","filesize":153376,"url":"https:\/\/natussensory.com\/wp-content\/uploads\/neoBLUE-LED_product_spot.png","link":"https:\/\/natussensory.com\/fr\/produits\/neoblue-systeme-de-phototherapie-par-led\/neoblue-led_product_spot-2\/","alt":"neoBLUE System LED panel showing overhead phototherapy design for intensive neonatal jaundice treatment.","author":"4","description":"","caption":"","name":"neoblue-led_product_spot-2","status":"inherit","uploaded_to":10177,"date":"2023-09-25 10:23:42","modified":"2025-05-21 09:15:31","menu_order":0,"mime_type":"image\/png","type":"image","subtype":"png","icon":"https:\/\/natussensory.com\/wp-includes\/images\/media\/default.png","width":800,"height":450,"sizes":{"thumbnail":"https:\/\/natussensory.com\/wp-content\/uploads\/neoBLUE-LED_product_spot.png","thumbnail-width":128,"thumbnail-height":72,"medium":"https:\/\/natussensory.com\/wp-content\/uploads\/neoBLUE-LED_product_spot.png","medium-width":800,"medium-height":450,"medium_large":"https:\/\/natussensory.com\/wp-content\/uploads\/neoBLUE-LED_product_spot-768x432.png","medium_large-width":768,"medium_large-height":432,"large":"https:\/\/natussensory.com\/wp-content\/uploads\/neoBLUE-LED_product_spot.png","large-width":800,"large-height":450,"1536x1536":"https:\/\/natussensory.com\/wp-content\/uploads\/neoBLUE-LED_product_spot.png","1536x1536-width":800,"1536x1536-height":450,"2048x2048":"https:\/\/natussensory.com\/wp-content\/uploads\/neoBLUE-LED_product_spot.png","2048x2048-width":800,"2048x2048-height":450}}}},{"acf_fc_layout":"simple_content","_acfe_flexible_toggle":"","content_full_width_landing":{"module_options":{"":null,"module_id":"n65153a12be9e2","module_class":"","module_background_type":"color","module_background_color":"","module_background_image":false,"module_background_video":"","activate_custom_padding":false,"padding_top_desktop":"0","padding_top_tablet":"0","padding_top_mobile":"0","padding_bottom_desktop":"0","padding_bottom_tablet":"0","padding_bottom_mobile":"0","activate_custom_margin":false,"margin_top_desktop":"0","margin_top_tablet":"0","margin_top_mobile":"0","margin_bottom_desktop":"0","margin_bottom_tablet":"0","margin_bottom_mobile":"0","disable_on":[],"content_alignment_desktop":"left","content_alignment_tablet":"left","content_alignment_mobile":"left"},"activate_custom_container_width":false,"container_width":"","content":"<h4>Conforme aux directives de l\u2019AAP en mati\u00e8re de phototh\u00e9rapie intensive<sup>1<\/sup><\/h4>\n<p><strong>Intensit\u00e9 :<\/strong>\u00a0Comporte deux r\u00e9glages de l\u2019intensit\u00e9 possibles pour la phototh\u00e9rapie : standard \u00e0 15 \u00b5W\/cm\u00b2\/nm ou intensif \u00e0 35 \u00b5W\/cm\u00b2\/nm<\/p>\n<p><strong>Spectre :<\/strong>\u00a0Utilise des diodes \u00e9lectroluminescentes (LED)\u00a0 pour \u00e9mettre une lumi\u00e8re bleue qui se trouve sur le spectre 450 nm &#8211; 475 nm, lequel correspond \u00e0 la longueur d\u2019onde d\u2019absorption maximale (458 nm) \u00e0 laquelle la bilirubine se d\u00e9compose.<sup>2<\/sup><\/p>\n<p><strong>Surface atteinte :\u00a0<\/strong>Permet d\u2019exposer le nouveau-n\u00e9 des pieds \u00e0 la t\u00eate<\/p>\n"}},{"acf_fc_layout":"related_products","_acfe_flexible_layout_title":"Resources and Support","_acfe_flexible_toggle":"","tiles_3_columns_landing":{"module_options":{"":null,"module_id":"info","module_class":"","module_background_type":"color","module_background_color":"","module_background_image":false,"module_background_video":"","activate_custom_padding":false,"padding_top_desktop":"0","padding_top_tablet":"0","padding_top_mobile":"0","padding_bottom_desktop":"0","padding_bottom_tablet":"0","padding_bottom_mobile":"0","activate_custom_margin":false,"margin_top_desktop":"0","margin_top_tablet":"0","margin_top_mobile":"0","margin_bottom_desktop":"0","margin_bottom_tablet":"0","margin_bottom_mobile":"0","disable_on":[],"content_alignment_desktop":"left","content_alignment_tablet":"left","content_alignment_mobile":"left"},"intro_text":"Ressources et Assistance","intro_text_color":"","intro_link":null,"tiles":[{"label":"Ressources","label_background_color":"#154284","image":false,"title":"Brochure, fiche technique et plus","link":{"type":"url","value":"https:\/\/natus.bynder.com\/web\/5bb265f7f6b0a631\/resource-library-neoblue-led-phototherapy-system\/","url":"https:\/\/natus.bynder.com\/web\/5bb265f7f6b0a631\/resource-library-neoblue-led-phototherapy-system\/","name":"https:\/\/natus.bynder.com\/web\/5bb265f7f6b0a631\/resource-library-neoblue-led-phototherapy-system\/","title":"neoBLUE LED Ressources","target":"_blank"}},{"label":"Assistance","label_background_color":"#154284","image":false,"title":"Guide d'utilisation (eIFUs)","link":{"type":"post","value":"883","url":"https:\/\/natussensory.com\/support\/","name":"Service &#038; Support","title":"Service et Assistance","target":""}}]}},{"acf_fc_layout":"related_products","_acfe_flexible_toggle":"","tiles_3_columns_landing":{"module_options":{"":null,"module_id":"n6514140274759","module_class":"","module_background_type":"color","module_background_color":"","module_background_image":false,"module_background_video":"","activate_custom_padding":false,"padding_top_desktop":"0","padding_top_tablet":"0","padding_top_mobile":"0","padding_bottom_desktop":"0","padding_bottom_tablet":"0","padding_bottom_mobile":"0","activate_custom_margin":false,"margin_top_desktop":"0","margin_top_tablet":"0","margin_top_mobile":"0","margin_bottom_desktop":"0","margin_bottom_tablet":"0","margin_bottom_mobile":"0","disable_on":[],"content_alignment_desktop":"left","content_alignment_tablet":"left","content_alignment_mobile":"left"},"intro_text":"Produits Connexes","intro_text_color":"#005e63","intro_link":{"type":"post","value":"1518","url":"https:\/\/natussensory.com\/products\/","name":"Products","title":"Voir tous les produits","target":""},"tiles":[{"label":"neoBLUE Compact","label_background_color":"#154284","image":{"ID":6986,"id":6986,"title":"neoBLUE-compact_linkspot","filename":"neoBLUE-compact_linkspot.jpg","filesize":138856,"url":"https:\/\/natussensory.com\/wp-content\/uploads\/neoBLUE-compact_linkspot.jpg","link":"https:\/\/natussensory.com\/fr\/produits\/neoblue-radiometer\/neoblue-compact_linkspot-2\/","alt":"neoBLUE-compact","author":"4","description":"","caption":"","name":"neoblue-compact_linkspot-2","status":"inherit","uploaded_to":10209,"date":"2023-09-25 14:51:00","modified":"2025-08-06 14:42:57","menu_order":0,"mime_type":"image\/png","type":"image","subtype":"png","icon":"https:\/\/natussensory.com\/wp-includes\/images\/media\/default.png","width":600,"height":300,"sizes":{"thumbnail":"https:\/\/natussensory.com\/wp-content\/uploads\/neoBLUE-compact_linkspot.jpg","thumbnail-width":128,"thumbnail-height":64,"medium":"https:\/\/natussensory.com\/wp-content\/uploads\/neoBLUE-compact_linkspot.jpg","medium-width":600,"medium-height":300,"medium_large":"https:\/\/natussensory.com\/wp-content\/uploads\/neoBLUE-compact_linkspot.jpg","medium_large-width":600,"medium_large-height":300,"large":"https:\/\/natussensory.com\/wp-content\/uploads\/neoBLUE-compact_linkspot.jpg","large-width":600,"large-height":300,"1536x1536":"https:\/\/natussensory.com\/wp-content\/uploads\/neoBLUE-compact_linkspot.jpg","1536x1536-width":600,"1536x1536-height":300,"2048x2048":"https:\/\/natussensory.com\/wp-content\/uploads\/neoBLUE-compact_linkspot.jpg","2048x2048-width":600,"2048x2048-height":300}},"title":"Syst\u00e8me de phototh\u00e9rapie pour le traitement de la jaunisse du nouveau-n\u00e9","link":{"type":"post","value":"6903","url":"https:\/\/natussensory.com\/products\/neoblue-compact\/","name":"neoBLUE\u00ae Compact LED Phototherapy for Jaundice","title":"En Savoir Plus","target":""}},{"label":"neoBLUE Blanket","label_background_color":"#154284","image":{"ID":6981,"id":6981,"title":"neoBLUE-blanket_linkspot","filename":"neoblue-blanket_linkspot.jpg","filesize":125125,"url":"https:\/\/natussensory.com\/wp-content\/uploads\/neoblue-blanket_linkspot.jpg","link":"https:\/\/natussensory.com\/fr\/produits\/neoblue-radiometer\/neoblue-blanket_linkspot-2\/","alt":"neoblue-blanket","author":"4","description":"","caption":"","name":"neoblue-blanket_linkspot-2","status":"inherit","uploaded_to":10209,"date":"2023-09-25 14:50:58","modified":"2025-08-06 14:40:12","menu_order":0,"mime_type":"image\/png","type":"image","subtype":"png","icon":"https:\/\/natussensory.com\/wp-includes\/images\/media\/default.png","width":600,"height":300,"sizes":{"thumbnail":"https:\/\/natussensory.com\/wp-content\/uploads\/neoblue-blanket_linkspot.jpg","thumbnail-width":128,"thumbnail-height":64,"medium":"https:\/\/natussensory.com\/wp-content\/uploads\/neoblue-blanket_linkspot.jpg","medium-width":600,"medium-height":300,"medium_large":"https:\/\/natussensory.com\/wp-content\/uploads\/neoblue-blanket_linkspot.jpg","medium_large-width":600,"medium_large-height":300,"large":"https:\/\/natussensory.com\/wp-content\/uploads\/neoblue-blanket_linkspot.jpg","large-width":600,"large-height":300,"1536x1536":"https:\/\/natussensory.com\/wp-content\/uploads\/neoblue-blanket_linkspot.jpg","1536x1536-width":600,"1536x1536-height":300,"2048x2048":"https:\/\/natussensory.com\/wp-content\/uploads\/neoblue-blanket_linkspot.jpg","2048x2048-width":600,"2048x2048-height":300}},"title":"Con\u00e7ue pour permettre une collaboration \u00e9troite entre le personnel m\u00e9dical, les aidants et les parents.","link":{"type":"post","value":"6928","url":"https:\/\/natussensory.com\/products\/neoblue-blanket\/","name":"neoBLUE\u00ae blanket &#8211; LED Phototherapy System","title":"En Savoir Plus","target":""}},{"label":"neoBLUE Radiometer","label_background_color":"#154284","image":{"ID":9185,"id":9185,"title":"Radiometer_linkspot","filename":"Radiometer_linkspot.jpg","filesize":33230,"url":"https:\/\/natussensory.com\/wp-content\/uploads\/Radiometer_linkspot.jpg","link":"https:\/\/natussensory.com\/fr\/produits\/neoblue-systeme-de-phototherapie-par-led\/radiometer_linkspot-2\/","alt":"Radiometer","author":"4","description":"","caption":"","name":"radiometer_linkspot-2","status":"inherit","uploaded_to":10177,"date":"2023-10-02 09:37:05","modified":"2025-08-06 14:49:45","menu_order":0,"mime_type":"image\/jpeg","type":"image","subtype":"jpeg","icon":"https:\/\/natussensory.com\/wp-includes\/images\/media\/default.png","width":600,"height":300,"sizes":{"thumbnail":"https:\/\/natussensory.com\/wp-content\/uploads\/Radiometer_linkspot.jpg","thumbnail-width":128,"thumbnail-height":64,"medium":"https:\/\/natussensory.com\/wp-content\/uploads\/Radiometer_linkspot.jpg","medium-width":600,"medium-height":300,"medium_large":"https:\/\/natussensory.com\/wp-content\/uploads\/Radiometer_linkspot.jpg","medium_large-width":600,"medium_large-height":300,"large":"https:\/\/natussensory.com\/wp-content\/uploads\/Radiometer_linkspot.jpg","large-width":600,"large-height":300,"1536x1536":"https:\/\/natussensory.com\/wp-content\/uploads\/Radiometer_linkspot.jpg","1536x1536-width":600,"1536x1536-height":300,"2048x2048":"https:\/\/natussensory.com\/wp-content\/uploads\/Radiometer_linkspot.jpg","2048x2048-width":600,"2048x2048-height":300}},"title":"Radiometer pour le traitement de la jaunisse du nouveau-n\u00e9","link":{"type":"post","value":"6953","url":"https:\/\/natussensory.com\/products\/neoblue-radiometer-newborn-jaundice-treatment\/","name":"neoBLUE\u00ae &#8211; Radiometer &#8211; Jaundice Treatment","title":"En Savoir Plus","target":""}}]}},{"acf_fc_layout":"contact_form","_acfe_flexible_toggle":"","contact_form_landing":{"module_options":{"":null,"module_id":"contact","module_class":"","module_background_type":"color","module_background_color":"","module_background_image":false,"module_background_video":"","activate_custom_padding":false,"padding_top_desktop":0,"padding_top_tablet":"","padding_top_mobile":"","padding_bottom_desktop":"","padding_bottom_tablet":"","padding_bottom_mobile":"","activate_custom_margin":false,"margin_top_desktop":"","margin_top_tablet":"","margin_top_mobile":"","margin_bottom_desktop":"","margin_bottom_tablet":"","margin_bottom_mobile":"","disable_on":[],"content_alignment_desktop":"left","content_alignment_tablet":"left","content_alignment_mobile":"left"},"":null,"activate_intro":false,"intro_text":"","intro_text_color":"","intro_link":null,"activate_description":true,"description_title":"Contactez-nous","description_copy":"","embed_code":"<script charset=\"utf-8\" type=\"text\/javascript\" src=\"\/\/js.hsforms.net\/forms\/embed\/v2.js\"><\/script>\r\n<script>\r\n  hbspt.forms.create({\r\n    region: \"na1\",\r\n    portalId: \"3002890\",\r\n    formId: \"ff154af9-a296-42ec-a3cb-3b9158278b44\"\r\n  });\r\n<\/script>"}},{"acf_fc_layout":"simple_content","_acfe_flexible_layout_title":"Part number","_acfe_flexible_toggle":"","content_full_width_landing":{"module_options":{"":null,"module_id":"n65153a1330623","module_class":"","module_background_type":"color","module_background_color":"","module_background_image":false,"module_background_video":"","activate_custom_padding":false,"padding_top_desktop":0,"padding_top_tablet":"","padding_top_mobile":"","padding_bottom_desktop":"","padding_bottom_tablet":"","padding_bottom_mobile":"","activate_custom_margin":false,"margin_top_desktop":"","margin_top_tablet":"","margin_top_mobile":"","margin_bottom_desktop":"","margin_bottom_tablet":"","margin_bottom_mobile":"","disable_on":[],"content_alignment_desktop":"left","content_alignment_tablet":"left","content_alignment_mobile":"left"},"activate_custom_container_width":false,"container_width":"","content":"<p><span style=\"font-size: 11px;\">1 Subcommittee on Hyperbilirubinemia. American Academy of Pediatrics clinical practice guideline: Management of hyperbilirubinemia in the newborn infant 35 or more weeks of gestation. Pediatrics. 2004; 114(1):297-316.<br \/>\n2 Vreman HJ, et al. Light-emitting diodes: a novel light source for phototherapy. Pediatric Research. 1998; 44(5):804-809.<\/span><\/p>\n<p>&nbsp;<\/p>\n<p><span style=\"font-size: 11px;\">003966 RevH<\/span><\/p>\n"}}]},"_links":{"self":[{"href":"https:\/\/natussensory.com\/fr\/wp-json\/wp\/v2\/pages\/10177","targetHints":{"allow":["GET"]}}],"collection":[{"href":"https:\/\/natussensory.com\/fr\/wp-json\/wp\/v2\/pages"}],"about":[{"href":"https:\/\/natussensory.com\/fr\/wp-json\/wp\/v2\/types\/page"}],"author":[{"embeddable":true,"href":"https:\/\/natussensory.com\/fr\/wp-json\/wp\/v2\/users\/4"}],"replies":[{"embeddable":true,"href":"https:\/\/natussensory.com\/fr\/wp-json\/wp\/v2\/comments?post=10177"}],"version-history":[{"count":7,"href":"https:\/\/natussensory.com\/fr\/wp-json\/wp\/v2\/pages\/10177\/revisions"}],"predecessor-version":[{"id":26744,"href":"https:\/\/natussensory.com\/fr\/wp-json\/wp\/v2\/pages\/10177\/revisions\/26744"}],"up":[{"embeddable":true,"href":"https:\/\/natussensory.com\/fr\/wp-json\/wp\/v2\/pages\/10961"}],"wp:attachment":[{"href":"https:\/\/natussensory.com\/fr\/wp-json\/wp\/v2\/media?parent=10177"}],"wp:term":[{"taxonomy":"category","embeddable":true,"href":"https:\/\/natussensory.com\/fr\/wp-json\/wp\/v2\/categories?post=10177"},{"taxonomy":"post_tag","embeddable":true,"href":"https:\/\/natussensory.com\/fr\/wp-json\/wp\/v2\/tags?post=10177"}],"curies":[{"name":"wp","href":"https:\/\/api.w.org\/{rel}","templated":true}]}}